{"id":243829,"date":"2020-08-04T17:34:30","date_gmt":"2020-08-04T15:34:30","guid":{"rendered":"https:\/\/nueva.ledsolintel.com\/product\/campana-industrial-led-astro-x2-200w-de-roblan\/"},"modified":"2020-08-04T17:34:30","modified_gmt":"2020-08-04T15:34:30","slug":"campana-industrial-led-astro-x2-200w-de-roblan","status":"publish","type":"product","link":"https:\/\/ledsolintel.com\/fr\/produit-2\/campana-industrial-led-astro-x2-200w-de-roblan\/","title":{"rendered":"Roblan ASTRO X2 200W LED hotte industrielle ASTRO X2 200W LED hotte industrielle"},"content":{"rendered":"<h3>Roblan ASTRO X2 200W LED hotte industrielle ASTRO X2 200W LED hotte industrielle<\/h3>\n<ul>\n<li>Puissance : 200 W<\/li>\n<li>Tension : 100 - 277 V AC<\/li>\n<li>Luminosidad:\u00a038 000\u00a0l\u00famenes<\/li>\n<li>Equivalencia: 500W vapor de sodio o halogenuro<\/li>\n<li>Optique : 120\u00ba.<\/li>\n<li>Temp\u00e9rature de couleur :\n<ul>\n<li>Blanc naturel 4000 K<\/li>\n<li>Blanc froid 6000 K<\/li>\n<\/ul>\n<\/li>\n<li>Protection IP65<\/li>\n<li>Protection IK10<\/li>\n<li>IRC &gt; 80<\/li>\n<li>Facteur de puissance &gt; 0,95<\/li>\n<li>Dimensiones:\u00a0200&#215;380 mm<\/li>\n<li>Dur\u00e9e de vie : 70 000 h<\/li>\n<\/ul>\n<\/p>\n<h3>Opciones de driver<\/h3>\n<ul>\n<li>Driver est\u00e1ndar 100-277 V de Meanwell<\/li>\n<li>Driver regulable 1-10v de Meanwell<\/li>\n<li>Driver regulable Dali de Meanwell<\/li>\n<\/ul>\n<p>\u00a0<\/p>\n<p><span style=\"background-color: #f5a623;\">Si desea personalizar su\u00a0campana\u00a0industrial LED ASTRO X con un driver concreto,\u00a0o si desea m\u00e1s informaci\u00f3n sobre el producto, por favor p\u00f3ngase en contacto con nosotros en el correo electr\u00f3nico\u00a0<strong>info@ledsolintel.com<\/strong>\u00a0ou par t\u00e9l\u00e9phone\u00a0<strong>698 15 55 66<\/strong><\/span><\/p><\/p>","protected":false},"excerpt":{"rendered":"<p>Hotte industrielle Roblan ASTRO X2. Efficacit\u00e9 \u00e9norme pour les endroits o\u00f9 les besoins en lumi\u00e8re sont \u00e9lev\u00e9s. Grande durabilit\u00e9 gr\u00e2ce \u00e0 sa r\u00e9sistance aux chocs, \u00e0 l'eau et \u00e0 la poussi\u00e8re, et \u00e0 sa dur\u00e9e de vie de 70 000 heures.\u00a0<\/p>\n<p>Dimmable en fonction du ballast.<\/p>\n<p>Haut de gamme ASTRO.<\/p>","protected":false},"featured_media":243828,"template":"","meta":[],"product_brand":[99355],"product_cat":[99611,99577],"product_tag":[],"class_list":{"0":"post-243829","1":"product","2":"type-product","3":"status-publish","4":"has-post-thumbnail","6":"product_brand-roblan","7":"product_cat-campanas-industriales-led","8":"product_cat-iluminacion-industrial-y-comercial","9":"pa_cct-4000k","10":"pa_cct-6000k","13":"instock","14":"taxable","15":"shipping-taxable","16":"purchasable","17":"product-type-variable","18":"has-default-attributes"},"yoast_head":"<!-- This site is optimized with the Yoast SEO plugin v26.6 - https:\/\/yoast.com\/wordpress\/plugins\/seo\/ -->\n<title>Campana industrial LED ASTRO X2 200W de Roblan<\/title>\n<meta name=\"description\" content=\"Campana industrial LED ASTRO X2 de Roblan. Enorme eficiencia para lugares con altas exigencias de luz. Gran durabilidad y vida \u00fatil. Iluminaci\u00f3n profesional\" \/>\n<meta name=\"robots\" content=\"index, follow, max-snippet:-1, max-image-preview:large, max-video-preview:-1\" \/>\n<link rel=\"canonical\" href=\"https:\/\/ledsolintel.com\/fr\/produit-2\/campana-industrial-led-astro-x2-200w-de-roblan\/\" \/>\n<meta property=\"og:locale\" content=\"fr_FR\" \/>\n<meta property=\"og:type\" content=\"article\" \/>\n<meta property=\"og:title\" content=\"Campana industrial LED ASTRO X2 200W de Roblan\" \/>\n<meta property=\"og:description\" content=\"Campana industrial LED ASTRO X2 de Roblan. Enorme eficiencia para lugares con altas exigencias de luz. Gran durabilidad y vida \u00fatil. Iluminaci\u00f3n profesional\" \/>\n<meta property=\"og:url\" content=\"https:\/\/ledsolintel.com\/fr\/produit-2\/campana-industrial-led-astro-x2-200w-de-roblan\/\" \/>\n<meta property=\"og:site_name\" content=\"Ledsolintel\" \/>\n<meta property=\"article:publisher\" content=\"http:\/\/www.facebook.com\/webmenaje\" \/>\n<meta property=\"og:image\" content=\"https:\/\/ledsolintel.com\/wp-content\/uploads\/2020\/08\/20403-Campana-industrial-LED-ASTRO-X2-200W-de-Roblan.jpg\" \/>\n\t<meta property=\"og:image:width\" content=\"1\" \/>\n\t<meta property=\"og:image:height\" content=\"1\" \/>\n\t<meta property=\"og:image:type\" content=\"image\/jpeg\" \/>\n<meta name=\"twitter:card\" content=\"summary_large_image\" \/>\n<meta name=\"twitter:site\" content=\"@webmenaje\" \/>\n<meta name=\"twitter:label1\" content=\"Dur\u00e9e de lecture estim\u00e9e\" \/>\n\t<meta name=\"twitter:data1\" content=\"1 minute\" \/>\n<script type=\"application\/ld+json\" class=\"yoast-schema-graph\">{\"@context\":\"https:\/\/schema.org\",\"@graph\":[{\"@type\":\"WebPage\",\"@id\":\"https:\/\/ledsolintel.com\/product\/campana-industrial-led-astro-x2-200w-de-roblan\/\",\"url\":\"https:\/\/ledsolintel.com\/product\/campana-industrial-led-astro-x2-200w-de-roblan\/\",\"name\":\"Campana industrial LED ASTRO X2 200W de Roblan\",\"isPartOf\":{\"@id\":\"https:\/\/ledsolintel.com\/#website\"},\"primaryImageOfPage\":{\"@id\":\"https:\/\/ledsolintel.com\/product\/campana-industrial-led-astro-x2-200w-de-roblan\/#primaryimage\"},\"image\":{\"@id\":\"https:\/\/ledsolintel.com\/product\/campana-industrial-led-astro-x2-200w-de-roblan\/#primaryimage\"},\"thumbnailUrl\":\"https:\/\/ledsolintel.com\/wp-content\/uploads\/2020\/08\/20403-Campana-industrial-LED-ASTRO-X2-200W-de-Roblan.jpg\",\"datePublished\":\"2020-08-04T15:34:30+00:00\",\"description\":\"Campana industrial LED ASTRO X2 de Roblan. Enorme eficiencia para lugares con altas exigencias de luz. Gran durabilidad y vida \u00fatil. Iluminaci\u00f3n profesional\",\"breadcrumb\":{\"@id\":\"https:\/\/ledsolintel.com\/product\/campana-industrial-led-astro-x2-200w-de-roblan\/#breadcrumb\"},\"inLanguage\":\"fr-FR\",\"potentialAction\":[{\"@type\":\"ReadAction\",\"target\":[\"https:\/\/ledsolintel.com\/product\/campana-industrial-led-astro-x2-200w-de-roblan\/\"]}]},{\"@type\":\"ImageObject\",\"inLanguage\":\"fr-FR\",\"@id\":\"https:\/\/ledsolintel.com\/product\/campana-industrial-led-astro-x2-200w-de-roblan\/#primaryimage\",\"url\":\"https:\/\/ledsolintel.com\/wp-content\/uploads\/2020\/08\/20403-Campana-industrial-LED-ASTRO-X2-200W-de-Roblan.jpg\",\"contentUrl\":\"https:\/\/ledsolintel.com\/wp-content\/uploads\/2020\/08\/20403-Campana-industrial-LED-ASTRO-X2-200W-de-Roblan.jpg\",\"caption\":\"Campana industrial LED ASTRO X2 200W de Roblan\"},{\"@type\":\"BreadcrumbList\",\"@id\":\"https:\/\/ledsolintel.com\/product\/campana-industrial-led-astro-x2-200w-de-roblan\/#breadcrumb\",\"itemListElement\":[{\"@type\":\"ListItem\",\"position\":1,\"name\":\"Portada\",\"item\":\"https:\/\/ledsolintel.com\/fr\/\"},{\"@type\":\"ListItem\",\"position\":2,\"name\":\"Tienda\",\"item\":\"https:\/\/ledsolintel.com\/tienda\/\"},{\"@type\":\"ListItem\",\"position\":3,\"name\":\"Campana industrial LED ASTRO X2 200W de Roblan\"}]},{\"@type\":\"WebSite\",\"@id\":\"https:\/\/ledsolintel.com\/#website\",\"url\":\"https:\/\/ledsolintel.com\/\",\"name\":\"Webmenaje\",\"description\":\"Tienda de bombillas y l\u00e1mparas LED para profesionales\",\"publisher\":{\"@id\":\"https:\/\/ledsolintel.com\/#organization\"},\"potentialAction\":[{\"@type\":\"SearchAction\",\"target\":{\"@type\":\"EntryPoint\",\"urlTemplate\":\"https:\/\/ledsolintel.com\/?s={search_term_string}\"},\"query-input\":{\"@type\":\"PropertyValueSpecification\",\"valueRequired\":true,\"valueName\":\"search_term_string\"}}],\"inLanguage\":\"fr-FR\"},{\"@type\":\"Organization\",\"@id\":\"https:\/\/ledsolintel.com\/#organization\",\"name\":\"Solintel Noroeste, S.L.\",\"url\":\"https:\/\/ledsolintel.com\/\",\"logo\":{\"@type\":\"ImageObject\",\"inLanguage\":\"fr-FR\",\"@id\":\"https:\/\/ledsolintel.com\/#\/schema\/logo\/image\/\",\"url\":\"https:\/\/ledsolintel.com\/wp-content\/uploads\/2024\/11\/webmenaje-logo-1508269066.jpg\",\"contentUrl\":\"https:\/\/ledsolintel.com\/wp-content\/uploads\/2024\/11\/webmenaje-logo-1508269066.jpg\",\"width\":370,\"height\":90,\"caption\":\"Solintel Noroeste, S.L.\"},\"image\":{\"@id\":\"https:\/\/ledsolintel.com\/#\/schema\/logo\/image\/\"},\"sameAs\":[\"http:\/\/www.facebook.com\/webmenaje\",\"https:\/\/x.com\/webmenaje\",\"https:\/\/www.youtube.com\/channel\/UCX2KoVoeCG4LocZjUc6LmSQ\",\"http:\/\/www.pinterest.com\/webmenaje\"]}]}<\/script>\n<!-- \/ Yoast SEO plugin. -->","yoast_head_json":{"title":"Roblan ASTRO X2 200W LED hotte industrielle ASTRO X2 200W LED hotte industrielle","description":"Campana industrial LED ASTRO X2 de Roblan. Enorme eficiencia para lugares con altas exigencias de luz. Gran durabilidad y vida \u00fatil. Iluminaci\u00f3n profesional","robots":{"index":"index","follow":"follow","max-snippet":"max-snippet:-1","max-image-preview":"max-image-preview:large","max-video-preview":"max-video-preview:-1"},"canonical":"https:\/\/ledsolintel.com\/fr\/produit-2\/campana-industrial-led-astro-x2-200w-de-roblan\/","og_locale":"fr_FR","og_type":"article","og_title":"Campana industrial LED ASTRO X2 200W de Roblan","og_description":"Campana industrial LED ASTRO X2 de Roblan. Enorme eficiencia para lugares con altas exigencias de luz. Gran durabilidad y vida \u00fatil. Iluminaci\u00f3n profesional","og_url":"https:\/\/ledsolintel.com\/fr\/produit-2\/campana-industrial-led-astro-x2-200w-de-roblan\/","og_site_name":"Ledsolintel","article_publisher":"http:\/\/www.facebook.com\/webmenaje","og_image":[{"url":"https:\/\/ledsolintel.com\/wp-content\/uploads\/2020\/08\/20403-Campana-industrial-LED-ASTRO-X2-200W-de-Roblan.jpg","width":1,"height":1,"type":"image\/jpeg"}],"twitter_card":"summary_large_image","twitter_site":"@webmenaje","twitter_misc":{"Dur\u00e9e de lecture estim\u00e9e":"1 minute"},"schema":{"@context":"https:\/\/schema.org","@graph":[{"@type":"WebPage","@id":"https:\/\/ledsolintel.com\/product\/campana-industrial-led-astro-x2-200w-de-roblan\/","url":"https:\/\/ledsolintel.com\/product\/campana-industrial-led-astro-x2-200w-de-roblan\/","name":"Roblan ASTRO X2 200W LED hotte industrielle ASTRO X2 200W LED hotte industrielle","isPartOf":{"@id":"https:\/\/ledsolintel.com\/#website"},"primaryImageOfPage":{"@id":"https:\/\/ledsolintel.com\/product\/campana-industrial-led-astro-x2-200w-de-roblan\/#primaryimage"},"image":{"@id":"https:\/\/ledsolintel.com\/product\/campana-industrial-led-astro-x2-200w-de-roblan\/#primaryimage"},"thumbnailUrl":"https:\/\/ledsolintel.com\/wp-content\/uploads\/2020\/08\/20403-Campana-industrial-LED-ASTRO-X2-200W-de-Roblan.jpg","datePublished":"2020-08-04T15:34:30+00:00","description":"Campana industrial LED ASTRO X2 de Roblan. Enorme eficiencia para lugares con altas exigencias de luz. Gran durabilidad y vida \u00fatil. Iluminaci\u00f3n profesional","breadcrumb":{"@id":"https:\/\/ledsolintel.com\/product\/campana-industrial-led-astro-x2-200w-de-roblan\/#breadcrumb"},"inLanguage":"fr-FR","potentialAction":[{"@type":"ReadAction","target":["https:\/\/ledsolintel.com\/product\/campana-industrial-led-astro-x2-200w-de-roblan\/"]}]},{"@type":"ImageObject","inLanguage":"fr-FR","@id":"https:\/\/ledsolintel.com\/product\/campana-industrial-led-astro-x2-200w-de-roblan\/#primaryimage","url":"https:\/\/ledsolintel.com\/wp-content\/uploads\/2020\/08\/20403-Campana-industrial-LED-ASTRO-X2-200W-de-Roblan.jpg","contentUrl":"https:\/\/ledsolintel.com\/wp-content\/uploads\/2020\/08\/20403-Campana-industrial-LED-ASTRO-X2-200W-de-Roblan.jpg","caption":"Campana industrial LED ASTRO X2 200W de Roblan"},{"@type":"BreadcrumbList","@id":"https:\/\/ledsolintel.com\/product\/campana-industrial-led-astro-x2-200w-de-roblan\/#breadcrumb","itemListElement":[{"@type":"ListItem","position":1,"name":"Portada","item":"https:\/\/ledsolintel.com\/fr\/"},{"@type":"ListItem","position":2,"name":"Tienda","item":"https:\/\/ledsolintel.com\/tienda\/"},{"@type":"ListItem","position":3,"name":"Campana industrial LED ASTRO X2 200W de Roblan"}]},{"@type":"WebSite","@id":"https:\/\/ledsolintel.com\/#website","url":"https:\/\/ledsolintel.com\/","name":"Webmenaje","description":"Magasin d'ampoules et de lampes LED pour les professionnels","publisher":{"@id":"https:\/\/ledsolintel.com\/#organization"},"potentialAction":[{"@type":"SearchAction","target":{"@type":"EntryPoint","urlTemplate":"https:\/\/ledsolintel.com\/?s={search_term_string}"},"query-input":{"@type":"PropertyValueSpecification","valueRequired":true,"valueName":"search_term_string"}}],"inLanguage":"fr-FR"},{"@type":"Organization","@id":"https:\/\/ledsolintel.com\/#organization","name":"Solintel Noroeste, S.L.","url":"https:\/\/ledsolintel.com\/","logo":{"@type":"ImageObject","inLanguage":"fr-FR","@id":"https:\/\/ledsolintel.com\/#\/schema\/logo\/image\/","url":"https:\/\/ledsolintel.com\/wp-content\/uploads\/2024\/11\/webmenaje-logo-1508269066.jpg","contentUrl":"https:\/\/ledsolintel.com\/wp-content\/uploads\/2024\/11\/webmenaje-logo-1508269066.jpg","width":370,"height":90,"caption":"Solintel Noroeste, S.L."},"image":{"@id":"https:\/\/ledsolintel.com\/#\/schema\/logo\/image\/"},"sameAs":["http:\/\/www.facebook.com\/webmenaje","https:\/\/x.com\/webmenaje","https:\/\/www.youtube.com\/channel\/UCX2KoVoeCG4LocZjUc6LmSQ","http:\/\/www.pinterest.com\/webmenaje"]}]}},"_links":{"self":[{"href":"https:\/\/ledsolintel.com\/fr\/wp-json\/wp\/v2\/product\/243829","targetHints":{"allow":["GET"]}}],"collection":[{"href":"https:\/\/ledsolintel.com\/fr\/wp-json\/wp\/v2\/product"}],"about":[{"href":"https:\/\/ledsolintel.com\/fr\/wp-json\/wp\/v2\/types\/product"}],"version-history":[{"count":0,"href":"https:\/\/ledsolintel.com\/fr\/wp-json\/wp\/v2\/product\/243829\/revisions"}],"wp:featuredmedia":[{"embeddable":true,"href":"https:\/\/ledsolintel.com\/fr\/wp-json\/wp\/v2\/media\/243828"}],"wp:attachment":[{"href":"https:\/\/ledsolintel.com\/fr\/wp-json\/wp\/v2\/media?parent=243829"}],"wp:term":[{"taxonomy":"product_brand","embeddable":true,"href":"https:\/\/ledsolintel.com\/fr\/wp-json\/wp\/v2\/product_brand?post=243829"},{"taxonomy":"product_cat","embeddable":true,"href":"https:\/\/ledsolintel.com\/fr\/wp-json\/wp\/v2\/product_cat?post=243829"},{"taxonomy":"product_tag","embeddable":true,"href":"https:\/\/ledsolintel.com\/fr\/wp-json\/wp\/v2\/product_tag?post=243829"}],"curies":[{"name":"wp","href":"https:\/\/api.w.org\/{rel}","templated":true}]}}