{"id":243754,"date":"2020-07-27T13:33:39","date_gmt":"2020-07-27T11:33:39","guid":{"rendered":"https:\/\/nueva.ledsolintel.com\/product\/campana-industrial-led-astro-v4-de-roblan\/"},"modified":"2020-07-27T13:33:39","modified_gmt":"2020-07-27T11:33:39","slug":"campana-industrial-led-astro-v4-de-roblan","status":"publish","type":"product","link":"https:\/\/ledsolintel.com\/fr\/produit-2\/campana-industrial-led-astro-v4-de-roblan\/","title":{"rendered":"Roblan ASTRO V4 200W LED hotte industrielle"},"content":{"rendered":"<h1>Roblan ASTRO V4 200W LED hotte industrielle<\/h1>\n<h1><\/h1>\n<ul>\n<li>Puissance : 200 W<\/li>\n<li>Tension : 100 - 277 V<\/li>\n<li>Fr\u00e9quence : 50-60 Hz<\/li>\n<li>Courant : 3-3,8 A<\/li>\n<li>Luminance : 27 000 lm<\/li>\n<li>Optique : 120\u00ba.<\/li>\n<li>CCT :<\/li>\n<ul>\n<li>4000 K<\/li>\n<li>6000 K<\/li>\n<\/ul>\n<li>Protection IP65<\/li>\n<li>Protection IK10<\/li>\n<li>IRC &gt; 80<\/li>\n<li>Facteur de puissance &gt; 0,95<\/li>\n<li>Dimensions : 191,3\u00d7340 mm<\/li>\n<li>UGR &lt; 20<\/li>\n<\/ul>","protected":false},"excerpt":{"rendered":"<p>Hotte industrielle Roblan ASTRO V4. Efficacit\u00e9 \u00e9norme pour les endroits o\u00f9 les besoins en lumi\u00e8re sont \u00e9lev\u00e9s. Grande durabilit\u00e9 gr\u00e2ce \u00e0 sa r\u00e9sistance aux chocs, \u00e0 l'eau et \u00e0 la poussi\u00e8re, et \u00e0 sa dur\u00e9e de vie de 50 000 heures.\u00a0<\/p>\n<p>Il peut \u00eatre suspendu ou mont\u00e9 en surface.<\/p>\n<p>La ligne la plus \u00e9conomique de la gamme ASTRO.<\/p>","protected":false},"featured_media":243753,"template":"","meta":[],"product_brand":[99355],"product_cat":[99611,99577],"product_tag":[],"class_list":{"0":"post-243754","1":"product","2":"type-product","3":"status-publish","4":"has-post-thumbnail","6":"product_brand-roblan","7":"product_cat-campanas-industriales-led","8":"product_cat-iluminacion-industrial-y-comercial","9":"pa_cct-4000k","10":"pa_cct-6000k","13":"instock","14":"taxable","15":"shipping-taxable","16":"purchasable","17":"product-type-variable","18":"has-default-attributes"},"yoast_head":"<!-- This site is optimized with the Yoast SEO plugin v26.6 - https:\/\/yoast.com\/wordpress\/plugins\/seo\/ -->\n<title>Campana industrial LED ASTRO V4 de Roblan<\/title>\n<meta name=\"description\" content=\"Campana industrial ASTRO V3 de Roblan. 100W-200W, hasta 27 000 l\u00famenes y gran eficiencia para lugares con altas exigencias de luz. Larga vida \u00fatil.\" \/>\n<meta name=\"robots\" content=\"index, follow, max-snippet:-1, max-image-preview:large, max-video-preview:-1\" \/>\n<link rel=\"canonical\" href=\"https:\/\/ledsolintel.com\/fr\/produit\/campana-industrial-led-astro-v4-de-roblan\/\" \/>\n<meta property=\"og:locale\" content=\"fr_FR\" \/>\n<meta property=\"og:type\" content=\"article\" \/>\n<meta property=\"og:title\" content=\"Campana industrial LED ASTRO V4 de Roblan\" \/>\n<meta property=\"og:description\" content=\"Campana industrial ASTRO V3 de Roblan. 100W-200W, hasta 27 000 l\u00famenes y gran eficiencia para lugares con altas exigencias de luz. Larga vida \u00fatil.\" \/>\n<meta property=\"og:url\" content=\"https:\/\/ledsolintel.com\/fr\/produit\/campana-industrial-led-astro-v4-de-roblan\/\" \/>\n<meta property=\"og:site_name\" content=\"Ledsolintel\" \/>\n<meta property=\"article:publisher\" content=\"http:\/\/www.facebook.com\/webmenaje\" \/>\n<meta property=\"og:image\" content=\"https:\/\/ledsolintel.com\/wp-content\/uploads\/2020\/07\/11626-Campana-industrial-LED-ASTRO-V4-de-Roblan.jpg\" \/>\n\t<meta property=\"og:image:width\" content=\"1\" \/>\n\t<meta property=\"og:image:height\" content=\"1\" \/>\n\t<meta property=\"og:image:type\" content=\"image\/jpeg\" \/>\n<meta name=\"twitter:card\" content=\"summary_large_image\" \/>\n<meta name=\"twitter:site\" content=\"@webmenaje\" \/>\n<script type=\"application\/ld+json\" class=\"yoast-schema-graph\">{\"@context\":\"https:\/\/schema.org\",\"@graph\":[{\"@type\":\"WebPage\",\"@id\":\"https:\/\/ledsolintel.com\/en\/product\/campana-industrial-led-astro-v4-de-roblan\/\",\"url\":\"https:\/\/ledsolintel.com\/en\/product\/campana-industrial-led-astro-v4-de-roblan\/\",\"name\":\"Campana industrial LED ASTRO V4 de Roblan\",\"isPartOf\":{\"@id\":\"https:\/\/ledsolintel.com\/#website\"},\"primaryImageOfPage\":{\"@id\":\"https:\/\/ledsolintel.com\/en\/product\/campana-industrial-led-astro-v4-de-roblan\/#primaryimage\"},\"image\":{\"@id\":\"https:\/\/ledsolintel.com\/en\/product\/campana-industrial-led-astro-v4-de-roblan\/#primaryimage\"},\"thumbnailUrl\":\"https:\/\/ledsolintel.com\/wp-content\/uploads\/2020\/07\/11626-Campana-industrial-LED-ASTRO-V4-de-Roblan.jpg\",\"datePublished\":\"2020-07-27T11:33:39+00:00\",\"description\":\"Campana industrial ASTRO V3 de Roblan. 100W-200W, hasta 27 000 l\u00famenes y gran eficiencia para lugares con altas exigencias de luz. Larga vida \u00fatil.\",\"breadcrumb\":{\"@id\":\"https:\/\/ledsolintel.com\/en\/product\/campana-industrial-led-astro-v4-de-roblan\/#breadcrumb\"},\"inLanguage\":\"fr-FR\",\"potentialAction\":[{\"@type\":\"ReadAction\",\"target\":[\"https:\/\/ledsolintel.com\/en\/product\/campana-industrial-led-astro-v4-de-roblan\/\"]}]},{\"@type\":\"ImageObject\",\"inLanguage\":\"fr-FR\",\"@id\":\"https:\/\/ledsolintel.com\/en\/product\/campana-industrial-led-astro-v4-de-roblan\/#primaryimage\",\"url\":\"https:\/\/ledsolintel.com\/wp-content\/uploads\/2020\/07\/11626-Campana-industrial-LED-ASTRO-V4-de-Roblan.jpg\",\"contentUrl\":\"https:\/\/ledsolintel.com\/wp-content\/uploads\/2020\/07\/11626-Campana-industrial-LED-ASTRO-V4-de-Roblan.jpg\",\"caption\":\"Campana industrial LED ASTRO V4 de Roblan\"},{\"@type\":\"BreadcrumbList\",\"@id\":\"https:\/\/ledsolintel.com\/en\/product\/campana-industrial-led-astro-v4-de-roblan\/#breadcrumb\",\"itemListElement\":[{\"@type\":\"ListItem\",\"position\":1,\"name\":\"Portada\",\"item\":\"https:\/\/ledsolintel.com\/fr\/\"},{\"@type\":\"ListItem\",\"position\":2,\"name\":\"Tienda\",\"item\":\"https:\/\/ledsolintel.com\/tienda\/\"},{\"@type\":\"ListItem\",\"position\":3,\"name\":\"Campana industrial LED ASTRO V4 200W de Roblan\"}]},{\"@type\":\"WebSite\",\"@id\":\"https:\/\/ledsolintel.com\/#website\",\"url\":\"https:\/\/ledsolintel.com\/\",\"name\":\"Webmenaje\",\"description\":\"Tienda de bombillas y l\u00e1mparas LED para profesionales\",\"publisher\":{\"@id\":\"https:\/\/ledsolintel.com\/#organization\"},\"potentialAction\":[{\"@type\":\"SearchAction\",\"target\":{\"@type\":\"EntryPoint\",\"urlTemplate\":\"https:\/\/ledsolintel.com\/?s={search_term_string}\"},\"query-input\":{\"@type\":\"PropertyValueSpecification\",\"valueRequired\":true,\"valueName\":\"search_term_string\"}}],\"inLanguage\":\"fr-FR\"},{\"@type\":\"Organization\",\"@id\":\"https:\/\/ledsolintel.com\/#organization\",\"name\":\"Solintel Noroeste, S.L.\",\"url\":\"https:\/\/ledsolintel.com\/\",\"logo\":{\"@type\":\"ImageObject\",\"inLanguage\":\"fr-FR\",\"@id\":\"https:\/\/ledsolintel.com\/#\/schema\/logo\/image\/\",\"url\":\"https:\/\/ledsolintel.com\/wp-content\/uploads\/2024\/11\/webmenaje-logo-1508269066.jpg\",\"contentUrl\":\"https:\/\/ledsolintel.com\/wp-content\/uploads\/2024\/11\/webmenaje-logo-1508269066.jpg\",\"width\":370,\"height\":90,\"caption\":\"Solintel Noroeste, S.L.\"},\"image\":{\"@id\":\"https:\/\/ledsolintel.com\/#\/schema\/logo\/image\/\"},\"sameAs\":[\"http:\/\/www.facebook.com\/webmenaje\",\"https:\/\/x.com\/webmenaje\",\"https:\/\/www.youtube.com\/channel\/UCX2KoVoeCG4LocZjUc6LmSQ\",\"http:\/\/www.pinterest.com\/webmenaje\"]}]}<\/script>\n<!-- \/ Yoast SEO plugin. -->","yoast_head_json":{"title":"Roblan ASTRO V4 LED hotte industrielle ASTRO V4","description":"Hotte industrielle Roblan ASTRO V3. 100W-200W, jusqu'\u00e0 27 000 lumens et haute efficacit\u00e9 pour les lieux o\u00f9 les besoins en lumi\u00e8re sont \u00e9lev\u00e9s. Longue dur\u00e9e de vie.","robots":{"index":"index","follow":"follow","max-snippet":"max-snippet:-1","max-image-preview":"max-image-preview:large","max-video-preview":"max-video-preview:-1"},"canonical":"https:\/\/ledsolintel.com\/fr\/produit\/campana-industrial-led-astro-v4-de-roblan\/","og_locale":"fr_FR","og_type":"article","og_title":"Campana industrial LED ASTRO V4 de Roblan","og_description":"Campana industrial ASTRO V3 de Roblan. 100W-200W, hasta 27 000 l\u00famenes y gran eficiencia para lugares con altas exigencias de luz. Larga vida \u00fatil.","og_url":"https:\/\/ledsolintel.com\/fr\/produit\/campana-industrial-led-astro-v4-de-roblan\/","og_site_name":"Ledsolintel","article_publisher":"http:\/\/www.facebook.com\/webmenaje","og_image":[{"url":"https:\/\/ledsolintel.com\/wp-content\/uploads\/2020\/07\/11626-Campana-industrial-LED-ASTRO-V4-de-Roblan.jpg","width":1,"height":1,"type":"image\/jpeg"}],"twitter_card":"summary_large_image","twitter_site":"@webmenaje","schema":{"@context":"https:\/\/schema.org","@graph":[{"@type":"WebPage","@id":"https:\/\/ledsolintel.com\/en\/product\/campana-industrial-led-astro-v4-de-roblan\/","url":"https:\/\/ledsolintel.com\/en\/product\/campana-industrial-led-astro-v4-de-roblan\/","name":"Roblan ASTRO V4 LED hotte industrielle ASTRO V4","isPartOf":{"@id":"https:\/\/ledsolintel.com\/#website"},"primaryImageOfPage":{"@id":"https:\/\/ledsolintel.com\/en\/product\/campana-industrial-led-astro-v4-de-roblan\/#primaryimage"},"image":{"@id":"https:\/\/ledsolintel.com\/en\/product\/campana-industrial-led-astro-v4-de-roblan\/#primaryimage"},"thumbnailUrl":"https:\/\/ledsolintel.com\/wp-content\/uploads\/2020\/07\/11626-Campana-industrial-LED-ASTRO-V4-de-Roblan.jpg","datePublished":"2020-07-27T11:33:39+00:00","description":"Hotte industrielle Roblan ASTRO V3. 100W-200W, jusqu'\u00e0 27 000 lumens et haute efficacit\u00e9 pour les lieux o\u00f9 les besoins en lumi\u00e8re sont \u00e9lev\u00e9s. Longue dur\u00e9e de vie.","breadcrumb":{"@id":"https:\/\/ledsolintel.com\/en\/product\/campana-industrial-led-astro-v4-de-roblan\/#breadcrumb"},"inLanguage":"fr-FR","potentialAction":[{"@type":"ReadAction","target":["https:\/\/ledsolintel.com\/en\/product\/campana-industrial-led-astro-v4-de-roblan\/"]}]},{"@type":"ImageObject","inLanguage":"fr-FR","@id":"https:\/\/ledsolintel.com\/en\/product\/campana-industrial-led-astro-v4-de-roblan\/#primaryimage","url":"https:\/\/ledsolintel.com\/wp-content\/uploads\/2020\/07\/11626-Campana-industrial-LED-ASTRO-V4-de-Roblan.jpg","contentUrl":"https:\/\/ledsolintel.com\/wp-content\/uploads\/2020\/07\/11626-Campana-industrial-LED-ASTRO-V4-de-Roblan.jpg","caption":"Campana industrial LED ASTRO V4 de Roblan"},{"@type":"BreadcrumbList","@id":"https:\/\/ledsolintel.com\/en\/product\/campana-industrial-led-astro-v4-de-roblan\/#breadcrumb","itemListElement":[{"@type":"ListItem","position":1,"name":"Portada","item":"https:\/\/ledsolintel.com\/fr\/"},{"@type":"ListItem","position":2,"name":"Tienda","item":"https:\/\/ledsolintel.com\/tienda\/"},{"@type":"ListItem","position":3,"name":"Campana industrial LED ASTRO V4 200W de Roblan"}]},{"@type":"WebSite","@id":"https:\/\/ledsolintel.com\/#website","url":"https:\/\/ledsolintel.com\/","name":"Webmenaje","description":"Magasin d'ampoules et de lampes LED pour les professionnels","publisher":{"@id":"https:\/\/ledsolintel.com\/#organization"},"potentialAction":[{"@type":"SearchAction","target":{"@type":"EntryPoint","urlTemplate":"https:\/\/ledsolintel.com\/?s={search_term_string}"},"query-input":{"@type":"PropertyValueSpecification","valueRequired":true,"valueName":"search_term_string"}}],"inLanguage":"fr-FR"},{"@type":"Organization","@id":"https:\/\/ledsolintel.com\/#organization","name":"Solintel Noroeste, S.L.","url":"https:\/\/ledsolintel.com\/","logo":{"@type":"ImageObject","inLanguage":"fr-FR","@id":"https:\/\/ledsolintel.com\/#\/schema\/logo\/image\/","url":"https:\/\/ledsolintel.com\/wp-content\/uploads\/2024\/11\/webmenaje-logo-1508269066.jpg","contentUrl":"https:\/\/ledsolintel.com\/wp-content\/uploads\/2024\/11\/webmenaje-logo-1508269066.jpg","width":370,"height":90,"caption":"Solintel Noroeste, S.L."},"image":{"@id":"https:\/\/ledsolintel.com\/#\/schema\/logo\/image\/"},"sameAs":["http:\/\/www.facebook.com\/webmenaje","https:\/\/x.com\/webmenaje","https:\/\/www.youtube.com\/channel\/UCX2KoVoeCG4LocZjUc6LmSQ","http:\/\/www.pinterest.com\/webmenaje"]}]}},"_links":{"self":[{"href":"https:\/\/ledsolintel.com\/fr\/wp-json\/wp\/v2\/product\/243754","targetHints":{"allow":["GET"]}}],"collection":[{"href":"https:\/\/ledsolintel.com\/fr\/wp-json\/wp\/v2\/product"}],"about":[{"href":"https:\/\/ledsolintel.com\/fr\/wp-json\/wp\/v2\/types\/product"}],"version-history":[{"count":0,"href":"https:\/\/ledsolintel.com\/fr\/wp-json\/wp\/v2\/product\/243754\/revisions"}],"wp:featuredmedia":[{"embeddable":true,"href":"https:\/\/ledsolintel.com\/fr\/wp-json\/wp\/v2\/media\/243753"}],"wp:attachment":[{"href":"https:\/\/ledsolintel.com\/fr\/wp-json\/wp\/v2\/media?parent=243754"}],"wp:term":[{"taxonomy":"product_brand","embeddable":true,"href":"https:\/\/ledsolintel.com\/fr\/wp-json\/wp\/v2\/product_brand?post=243754"},{"taxonomy":"product_cat","embeddable":true,"href":"https:\/\/ledsolintel.com\/fr\/wp-json\/wp\/v2\/product_cat?post=243754"},{"taxonomy":"product_tag","embeddable":true,"href":"https:\/\/ledsolintel.com\/fr\/wp-json\/wp\/v2\/product_tag?post=243754"}],"curies":[{"name":"wp","href":"https:\/\/api.w.org\/{rel}","templated":true}]}}