{"id":243720,"date":"2020-07-07T16:55:20","date_gmt":"2020-07-07T14:55:20","guid":{"rendered":"https:\/\/nueva.ledsolintel.com\/product\/downlight-redondo-orientable-lc1481-18w-de-yld-2\/"},"modified":"2020-07-07T16:55:20","modified_gmt":"2020-07-07T14:55:20","slug":"downlight-redondo-orientable-lc1481-18w-de-yld-2","status":"publish","type":"product","link":"https:\/\/ledsolintel.com\/fr\/produit-2\/downlight-redondo-orientable-lc1481-18w-de-yld-2\/","title":{"rendered":"YLD LC1482R downlight rond chrom\u00e9 LC1482R"},"content":{"rendered":"<h1>Downlight redondo LED LC1482R de YLD<\/h1>\n<p>\u00a0<\/p>\n<h2>Downlight LED LC1482R 11W de YLD\u00a0\u00a0<\/h2>\n<ul>\n<li>Puissance : 11 W<\/li>\n<li>Tension : 180-240 AC \/ 50-60 Hz<\/li>\n<li>Luminosidad:\u00a0880 lm<\/li>\n<li>CCT :<\/li>\n<ul>\n<li>3000 K<\/li>\n<li>4000 K<\/li>\n<\/ul>\n<li>Optique : 120\u00ba.<\/li>\n<li>IRC &gt; 80<\/li>\n<li>PF &gt; 0,95<\/li>\n<li>Protection : IP20<\/li>\n<li>Dur\u00e9e de vie : 35 000 heures<\/li>\n<li>Cycles marche\/arr\u00eat : 15 000<\/li>\n<li>Di\u00e1metro interior: 115 mm<\/li>\n<li>Di\u00e1metro exterior: 129 mm<\/li>\n<li>Pas de scintillement<\/li>\n<\/ul>\n<p>\u00a0<\/p>\n<h2>Downlight LED LC1482R 15W de YLD\u00a0\u00a0<\/h2>\n<ul>\n<li>Puissance : 15 W<\/li>\n<li>Tension : 180-240 AC \/ 50-60 Hz<\/li>\n<li>Luminosit\u00e9 : 1200 lm<\/li>\n<li>CCT :<\/li>\n<ul>\n<li>3000 K<\/li>\n<li>4000 K<\/li>\n<\/ul>\n<li>Optique : 120\u00ba.<\/li>\n<li>IRC &gt; 80<\/li>\n<li>PF &gt; 0,95<\/li>\n<li>Protection : IP20<\/li>\n<li>Dur\u00e9e de vie : 35 000 heures<\/li>\n<li>Cycles marche\/arr\u00eat : 15 000<\/li>\n<li>Di\u00e1metro interior:\u00a0130 mm<\/li>\n<li>Di\u00e1metro exterior: 144 mm<\/li>\n<li>Pas de scintillement<\/li>\n<\/ul>\n<p>\u00a0<\/p>\n<h2>Downlight LED LC1482R 18W de YLD\u00a0\u00a0<\/h2>\n<ul>\n<li>Puissance : 18 W<\/li>\n<li>Tension : 180-240 AC \/ 50-60 Hz<\/li>\n<li>Luminance : 1440 lm<\/li>\n<li>CCT :<\/li>\n<ul>\n<li>3000 K<\/li>\n<li>4000 K<\/li>\n<\/ul>\n<li>Optique : 120\u00ba.<\/li>\n<li>IRC &gt; 80<\/li>\n<li>PF &gt; 0,95<\/li>\n<li>Protection : IP20<\/li>\n<li>Dur\u00e9e de vie : 35 000 heures<\/li>\n<li>Cycles marche\/arr\u00eat : 15 000<\/li>\n<li>Di\u00e1metro interior:\u00a0150\u00a0mm<\/li>\n<li>Di\u00e1metro exterior: 164 mm<\/li>\n<li>Pas de scintillement<\/li>\n<\/ul>\n<p>\u00a0<\/p>\n<h2>Downlight LED LC1482R 23W de YLD\u00a0\u00a0<\/h2>\n<ul>\n<li>Potencia:\u00a023 W<\/li>\n<li>Tension : 180-240 AC \/ 50-60 Hz<\/li>\n<li>Luminosidad: 1840 lm<\/li>\n<li>CCT :<\/li>\n<ul>\n<li>3000 K<\/li>\n<li>4000 K<\/li>\n<\/ul>\n<li>Optique : 120\u00ba.<\/li>\n<li>IRC &gt; 80<\/li>\n<li>PF &gt; 0,95<\/li>\n<li>Protection : IP20<\/li>\n<li>Dur\u00e9e de vie : 35 000 heures<\/li>\n<li>Cycles marche\/arr\u00eat : 15 000<\/li>\n<li>Di\u00e1metro interior: 200\u00a0mm<\/li>\n<li>Di\u00e1metro exterior:\u00a0209 mm<\/li>\n<li>Pas de scintillement<\/li>\n<\/ul>","protected":false},"excerpt":{"rendered":"<p>Downlight redondo LED LC1482R de YLD. Dise\u00f1o sencillo y elegante, para iluminaci\u00f3n de salones y otros interiores.<\/p>","protected":false},"featured_media":243719,"template":"","meta":[],"product_brand":[99375],"product_cat":[99697,99573],"product_tag":[],"class_list":{"0":"post-243720","1":"product","2":"type-product","3":"status-publish","4":"has-post-thumbnail","6":"product_brand-yld","7":"product_cat-downlights-de-empotrar","8":"product_cat-iluminacion-interior","9":"pa_cct-natural4000k","10":"pa_cct-calido3000k","11":"pa_potencia-11w","12":"pa_potencia-15w","13":"pa_potencia-18w","14":"pa_potencia-23w","17":"instock","18":"taxable","19":"shipping-taxable","20":"purchasable","21":"product-type-variable","22":"has-default-attributes"},"yoast_head":"<!-- This site is optimized with the Yoast SEO plugin v26.6 - https:\/\/yoast.com\/wordpress\/plugins\/seo\/ -->\n<title>Downlight redondo orientable LC1481 18W de YLD<\/title>\n<meta name=\"description\" content=\"Downlight redondo orientable LED LC1481 18W de YLD. Dise\u00f1o sencillo y elegante, para iluminaci\u00f3n de salones y otros interiores.\" \/>\n<meta name=\"robots\" content=\"index, follow, max-snippet:-1, max-image-preview:large, max-video-preview:-1\" \/>\n<link rel=\"canonical\" href=\"https:\/\/ledsolintel.com\/fr\/produit-2\/downlight-redondo-orientable-lc1481-18w-de-yld-2\/\" \/>\n<meta property=\"og:locale\" content=\"fr_FR\" \/>\n<meta property=\"og:type\" content=\"article\" \/>\n<meta property=\"og:title\" content=\"Downlight redondo orientable LC1481 18W de YLD\" \/>\n<meta property=\"og:description\" content=\"Downlight redondo orientable LED LC1481 18W de YLD. Dise\u00f1o sencillo y elegante, para iluminaci\u00f3n de salones y otros interiores.\" \/>\n<meta property=\"og:url\" content=\"https:\/\/ledsolintel.com\/fr\/produit-2\/downlight-redondo-orientable-lc1481-18w-de-yld-2\/\" \/>\n<meta property=\"og:site_name\" content=\"Ledsolintel\" \/>\n<meta property=\"article:publisher\" content=\"http:\/\/www.facebook.com\/webmenaje\" \/>\n<meta property=\"og:image\" content=\"https:\/\/ledsolintel.com\/wp-content\/uploads\/2020\/07\/11594-Downlight-redondo-cromo-LC1482R-de-YLD.jpg\" \/>\n\t<meta property=\"og:image:width\" content=\"1\" \/>\n\t<meta property=\"og:image:height\" content=\"1\" \/>\n\t<meta property=\"og:image:type\" content=\"image\/jpeg\" \/>\n<meta name=\"twitter:card\" content=\"summary_large_image\" \/>\n<meta name=\"twitter:site\" content=\"@webmenaje\" \/>\n<meta name=\"twitter:label1\" content=\"Dur\u00e9e de lecture estim\u00e9e\" \/>\n\t<meta name=\"twitter:data1\" content=\"1 minute\" \/>\n<script type=\"application\/ld+json\" class=\"yoast-schema-graph\">{\"@context\":\"https:\/\/schema.org\",\"@graph\":[{\"@type\":\"WebPage\",\"@id\":\"https:\/\/ledsolintel.com\/product\/downlight-redondo-orientable-lc1481-18w-de-yld-2\/\",\"url\":\"https:\/\/ledsolintel.com\/product\/downlight-redondo-orientable-lc1481-18w-de-yld-2\/\",\"name\":\"Downlight redondo orientable LC1481 18W de YLD\",\"isPartOf\":{\"@id\":\"https:\/\/ledsolintel.com\/#website\"},\"primaryImageOfPage\":{\"@id\":\"https:\/\/ledsolintel.com\/product\/downlight-redondo-orientable-lc1481-18w-de-yld-2\/#primaryimage\"},\"image\":{\"@id\":\"https:\/\/ledsolintel.com\/product\/downlight-redondo-orientable-lc1481-18w-de-yld-2\/#primaryimage\"},\"thumbnailUrl\":\"https:\/\/ledsolintel.com\/wp-content\/uploads\/2020\/07\/11594-Downlight-redondo-cromo-LC1482R-de-YLD.jpg\",\"datePublished\":\"2020-07-07T14:55:20+00:00\",\"description\":\"Downlight redondo orientable LED LC1481 18W de YLD. Dise\u00f1o sencillo y elegante, para iluminaci\u00f3n de salones y otros interiores.\",\"breadcrumb\":{\"@id\":\"https:\/\/ledsolintel.com\/product\/downlight-redondo-orientable-lc1481-18w-de-yld-2\/#breadcrumb\"},\"inLanguage\":\"fr-FR\",\"potentialAction\":[{\"@type\":\"ReadAction\",\"target\":[\"https:\/\/ledsolintel.com\/product\/downlight-redondo-orientable-lc1481-18w-de-yld-2\/\"]}]},{\"@type\":\"ImageObject\",\"inLanguage\":\"fr-FR\",\"@id\":\"https:\/\/ledsolintel.com\/product\/downlight-redondo-orientable-lc1481-18w-de-yld-2\/#primaryimage\",\"url\":\"https:\/\/ledsolintel.com\/wp-content\/uploads\/2020\/07\/11594-Downlight-redondo-cromo-LC1482R-de-YLD.jpg\",\"contentUrl\":\"https:\/\/ledsolintel.com\/wp-content\/uploads\/2020\/07\/11594-Downlight-redondo-cromo-LC1482R-de-YLD.jpg\",\"caption\":\"Downlight redondo cromo LC1482R de YLD\"},{\"@type\":\"BreadcrumbList\",\"@id\":\"https:\/\/ledsolintel.com\/product\/downlight-redondo-orientable-lc1481-18w-de-yld-2\/#breadcrumb\",\"itemListElement\":[{\"@type\":\"ListItem\",\"position\":1,\"name\":\"Portada\",\"item\":\"https:\/\/ledsolintel.com\/fr\/\"},{\"@type\":\"ListItem\",\"position\":2,\"name\":\"Tienda\",\"item\":\"https:\/\/ledsolintel.com\/tienda\/\"},{\"@type\":\"ListItem\",\"position\":3,\"name\":\"Downlight redondo cromo LC1482R de YLD\"}]},{\"@type\":\"WebSite\",\"@id\":\"https:\/\/ledsolintel.com\/#website\",\"url\":\"https:\/\/ledsolintel.com\/\",\"name\":\"Webmenaje\",\"description\":\"Tienda de bombillas y l\u00e1mparas LED para profesionales\",\"publisher\":{\"@id\":\"https:\/\/ledsolintel.com\/#organization\"},\"potentialAction\":[{\"@type\":\"SearchAction\",\"target\":{\"@type\":\"EntryPoint\",\"urlTemplate\":\"https:\/\/ledsolintel.com\/?s={search_term_string}\"},\"query-input\":{\"@type\":\"PropertyValueSpecification\",\"valueRequired\":true,\"valueName\":\"search_term_string\"}}],\"inLanguage\":\"fr-FR\"},{\"@type\":\"Organization\",\"@id\":\"https:\/\/ledsolintel.com\/#organization\",\"name\":\"Solintel Noroeste, S.L.\",\"url\":\"https:\/\/ledsolintel.com\/\",\"logo\":{\"@type\":\"ImageObject\",\"inLanguage\":\"fr-FR\",\"@id\":\"https:\/\/ledsolintel.com\/#\/schema\/logo\/image\/\",\"url\":\"https:\/\/ledsolintel.com\/wp-content\/uploads\/2024\/11\/webmenaje-logo-1508269066.jpg\",\"contentUrl\":\"https:\/\/ledsolintel.com\/wp-content\/uploads\/2024\/11\/webmenaje-logo-1508269066.jpg\",\"width\":370,\"height\":90,\"caption\":\"Solintel Noroeste, S.L.\"},\"image\":{\"@id\":\"https:\/\/ledsolintel.com\/#\/schema\/logo\/image\/\"},\"sameAs\":[\"http:\/\/www.facebook.com\/webmenaje\",\"https:\/\/x.com\/webmenaje\",\"https:\/\/www.youtube.com\/channel\/UCX2KoVoeCG4LocZjUc6LmSQ\",\"http:\/\/www.pinterest.com\/webmenaje\"]}]}<\/script>\n<!-- \/ Yoast SEO plugin. -->","yoast_head_json":{"title":"Plafonnier orientable rond YLD LC1481 18W","description":"YLD LC1481 18W LED downlight directionnel rond. Design simple et \u00e9l\u00e9gant, pour l'\u00e9clairage des salons et autres int\u00e9rieurs.","robots":{"index":"index","follow":"follow","max-snippet":"max-snippet:-1","max-image-preview":"max-image-preview:large","max-video-preview":"max-video-preview:-1"},"canonical":"https:\/\/ledsolintel.com\/fr\/produit-2\/downlight-redondo-orientable-lc1481-18w-de-yld-2\/","og_locale":"fr_FR","og_type":"article","og_title":"Downlight redondo orientable LC1481 18W de YLD","og_description":"Downlight redondo orientable LED LC1481 18W de YLD. Dise\u00f1o sencillo y elegante, para iluminaci\u00f3n de salones y otros interiores.","og_url":"https:\/\/ledsolintel.com\/fr\/produit-2\/downlight-redondo-orientable-lc1481-18w-de-yld-2\/","og_site_name":"Ledsolintel","article_publisher":"http:\/\/www.facebook.com\/webmenaje","og_image":[{"url":"https:\/\/ledsolintel.com\/wp-content\/uploads\/2020\/07\/11594-Downlight-redondo-cromo-LC1482R-de-YLD.jpg","width":1,"height":1,"type":"image\/jpeg"}],"twitter_card":"summary_large_image","twitter_site":"@webmenaje","twitter_misc":{"Dur\u00e9e de lecture estim\u00e9e":"1 minute"},"schema":{"@context":"https:\/\/schema.org","@graph":[{"@type":"WebPage","@id":"https:\/\/ledsolintel.com\/product\/downlight-redondo-orientable-lc1481-18w-de-yld-2\/","url":"https:\/\/ledsolintel.com\/product\/downlight-redondo-orientable-lc1481-18w-de-yld-2\/","name":"Plafonnier orientable rond YLD LC1481 18W","isPartOf":{"@id":"https:\/\/ledsolintel.com\/#website"},"primaryImageOfPage":{"@id":"https:\/\/ledsolintel.com\/product\/downlight-redondo-orientable-lc1481-18w-de-yld-2\/#primaryimage"},"image":{"@id":"https:\/\/ledsolintel.com\/product\/downlight-redondo-orientable-lc1481-18w-de-yld-2\/#primaryimage"},"thumbnailUrl":"https:\/\/ledsolintel.com\/wp-content\/uploads\/2020\/07\/11594-Downlight-redondo-cromo-LC1482R-de-YLD.jpg","datePublished":"2020-07-07T14:55:20+00:00","description":"YLD LC1481 18W LED downlight directionnel rond. Design simple et \u00e9l\u00e9gant, pour l'\u00e9clairage des salons et autres int\u00e9rieurs.","breadcrumb":{"@id":"https:\/\/ledsolintel.com\/product\/downlight-redondo-orientable-lc1481-18w-de-yld-2\/#breadcrumb"},"inLanguage":"fr-FR","potentialAction":[{"@type":"ReadAction","target":["https:\/\/ledsolintel.com\/product\/downlight-redondo-orientable-lc1481-18w-de-yld-2\/"]}]},{"@type":"ImageObject","inLanguage":"fr-FR","@id":"https:\/\/ledsolintel.com\/product\/downlight-redondo-orientable-lc1481-18w-de-yld-2\/#primaryimage","url":"https:\/\/ledsolintel.com\/wp-content\/uploads\/2020\/07\/11594-Downlight-redondo-cromo-LC1482R-de-YLD.jpg","contentUrl":"https:\/\/ledsolintel.com\/wp-content\/uploads\/2020\/07\/11594-Downlight-redondo-cromo-LC1482R-de-YLD.jpg","caption":"Downlight redondo cromo LC1482R de YLD"},{"@type":"BreadcrumbList","@id":"https:\/\/ledsolintel.com\/product\/downlight-redondo-orientable-lc1481-18w-de-yld-2\/#breadcrumb","itemListElement":[{"@type":"ListItem","position":1,"name":"Portada","item":"https:\/\/ledsolintel.com\/fr\/"},{"@type":"ListItem","position":2,"name":"Tienda","item":"https:\/\/ledsolintel.com\/tienda\/"},{"@type":"ListItem","position":3,"name":"Downlight redondo cromo LC1482R de YLD"}]},{"@type":"WebSite","@id":"https:\/\/ledsolintel.com\/#website","url":"https:\/\/ledsolintel.com\/","name":"Webmenaje","description":"Magasin d'ampoules et de lampes LED pour les professionnels","publisher":{"@id":"https:\/\/ledsolintel.com\/#organization"},"potentialAction":[{"@type":"SearchAction","target":{"@type":"EntryPoint","urlTemplate":"https:\/\/ledsolintel.com\/?s={search_term_string}"},"query-input":{"@type":"PropertyValueSpecification","valueRequired":true,"valueName":"search_term_string"}}],"inLanguage":"fr-FR"},{"@type":"Organization","@id":"https:\/\/ledsolintel.com\/#organization","name":"Solintel Noroeste, S.L.","url":"https:\/\/ledsolintel.com\/","logo":{"@type":"ImageObject","inLanguage":"fr-FR","@id":"https:\/\/ledsolintel.com\/#\/schema\/logo\/image\/","url":"https:\/\/ledsolintel.com\/wp-content\/uploads\/2024\/11\/webmenaje-logo-1508269066.jpg","contentUrl":"https:\/\/ledsolintel.com\/wp-content\/uploads\/2024\/11\/webmenaje-logo-1508269066.jpg","width":370,"height":90,"caption":"Solintel Noroeste, S.L."},"image":{"@id":"https:\/\/ledsolintel.com\/#\/schema\/logo\/image\/"},"sameAs":["http:\/\/www.facebook.com\/webmenaje","https:\/\/x.com\/webmenaje","https:\/\/www.youtube.com\/channel\/UCX2KoVoeCG4LocZjUc6LmSQ","http:\/\/www.pinterest.com\/webmenaje"]}]}},"_links":{"self":[{"href":"https:\/\/ledsolintel.com\/fr\/wp-json\/wp\/v2\/product\/243720","targetHints":{"allow":["GET"]}}],"collection":[{"href":"https:\/\/ledsolintel.com\/fr\/wp-json\/wp\/v2\/product"}],"about":[{"href":"https:\/\/ledsolintel.com\/fr\/wp-json\/wp\/v2\/types\/product"}],"version-history":[{"count":0,"href":"https:\/\/ledsolintel.com\/fr\/wp-json\/wp\/v2\/product\/243720\/revisions"}],"wp:featuredmedia":[{"embeddable":true,"href":"https:\/\/ledsolintel.com\/fr\/wp-json\/wp\/v2\/media\/243719"}],"wp:attachment":[{"href":"https:\/\/ledsolintel.com\/fr\/wp-json\/wp\/v2\/media?parent=243720"}],"wp:term":[{"taxonomy":"product_brand","embeddable":true,"href":"https:\/\/ledsolintel.com\/fr\/wp-json\/wp\/v2\/product_brand?post=243720"},{"taxonomy":"product_cat","embeddable":true,"href":"https:\/\/ledsolintel.com\/fr\/wp-json\/wp\/v2\/product_cat?post=243720"},{"taxonomy":"product_tag","embeddable":true,"href":"https:\/\/ledsolintel.com\/fr\/wp-json\/wp\/v2\/product_tag?post=243720"}],"curies":[{"name":"wp","href":"https:\/\/api.w.org\/{rel}","templated":true}]}}