{"id":243642,"date":"2020-07-03T17:42:54","date_gmt":"2020-07-03T15:42:54","guid":{"rendered":"https:\/\/nueva.ledsolintel.com\/product\/foco-de-carril-lc1562-35w-cri97-de-yld\/"},"modified":"2020-07-03T17:42:54","modified_gmt":"2020-07-03T15:42:54","slug":"foco-de-carril-lc1562-35w-cri97-de-yld","status":"publish","type":"product","link":"https:\/\/ledsolintel.com\/fr\/produit-2\/foco-de-carril-lc1562-35w-cri97-de-yld\/","title":{"rendered":"Spot de piste YLD LC1562 35W CRI97"},"content":{"rendered":"<h1>Spot de piste YLD LC1562 20W CRI97<\/h1>\n<p>\u00a0<\/p>\n<ul>\n<li>Puissance : 35 W<\/li>\n<li>Tensi\u00f3n: 200-240 AC \/ 50-60 Hz<\/li>\n<li>Luminosidad: 2465 lm<\/li>\n<li>CCT :<\/li>\n<ul>\n<li>3000 K<\/li>\n<li>4000 K<\/li>\n<\/ul>\n<li>Optique :<\/li>\n<ul>\n<li>15\u00ba<\/li>\n<li>38\u00ba<\/li>\n<\/ul>\n<li>CRI &gt;\u00a098<\/li>\n<li>PF &gt; 0,95<\/li>\n<li>Protection : IP20<\/li>\n<li>Dur\u00e9e de vie : 35 000 heures<\/li>\n<li>Cycles marche\/arr\u00eat : 15 000<\/li>\n<li>Dimensiones:\u00a0250x180x100\u00a0mm<\/li>\n<li>UGR &lt; 21<\/li>\n<li>Pas de scintillement<\/li>\n<\/ul>","protected":false},"excerpt":{"rendered":"<p>Foco de carril LC1562 35W CRI97 de YLD. Para iluminaci\u00f3n\u00a0zonal en lugares donde es necesaria una\u00a0perfecta reproducci\u00f3n del color: galer\u00edas, tiendas de moda, concesionarios, joyer\u00edas, etc.\u00a0<\/p>","protected":false},"featured_media":243637,"template":"","meta":[],"product_brand":[99375],"product_cat":[99929,99573,99891],"product_tag":[],"class_list":{"0":"post-243642","1":"product","2":"type-product","3":"status-publish","4":"has-post-thumbnail","6":"product_brand-yld","7":"product_cat-focos-de-carril-de-superficie-y-empotrables-focos-de-carril","8":"product_cat-iluminacion-interior","9":"product_cat-focos-de-carril","10":"pa_acabado-cobre","11":"pa_acabado-cromo","12":"pa_acabado-negrotexturizado","13":"pa_acabado-blancotexturizado","14":"pa_acabado-negrografito","15":"pa_cct-natural4000k","16":"pa_cct-calido3000k","17":"pa_optica-100948","18":"pa_optica-100969","21":"instock","22":"taxable","23":"shipping-taxable","24":"purchasable","25":"product-type-variable","26":"has-default-attributes"},"yoast_head":"<!-- This site is optimized with the Yoast SEO plugin v26.6 - https:\/\/yoast.com\/wordpress\/plugins\/seo\/ -->\n<title>Foco de carril LC1562 35W CRI97 de YLD<\/title>\n<meta name=\"description\" content=\"Foco de carril LC1562 35W CRI97 de YLD\" \/>\n<meta name=\"robots\" content=\"index, follow, max-snippet:-1, max-image-preview:large, max-video-preview:-1\" \/>\n<link rel=\"canonical\" href=\"https:\/\/ledsolintel.com\/fr\/produit-2\/foco-de-carril-lc1562-35w-cri97-de-yld\/\" \/>\n<meta property=\"og:locale\" content=\"fr_FR\" \/>\n<meta property=\"og:type\" content=\"article\" \/>\n<meta property=\"og:title\" content=\"Foco de carril LC1562 35W CRI97 de YLD\" \/>\n<meta property=\"og:description\" content=\"Foco de carril LC1562 35W CRI97 de YLD\" \/>\n<meta property=\"og:url\" content=\"https:\/\/ledsolintel.com\/fr\/produit-2\/foco-de-carril-lc1562-35w-cri97-de-yld\/\" \/>\n<meta property=\"og:site_name\" content=\"Ledsolintel\" \/>\n<meta property=\"article:publisher\" content=\"http:\/\/www.facebook.com\/webmenaje\" \/>\n<meta property=\"og:image\" content=\"https:\/\/ledsolintel.com\/wp-content\/uploads\/2020\/07\/13098-Foco-de-carril-LC1562-35W-CRI97-de-YLD.jpg\" \/>\n\t<meta property=\"og:image:width\" content=\"1\" \/>\n\t<meta property=\"og:image:height\" content=\"1\" \/>\n\t<meta property=\"og:image:type\" content=\"image\/jpeg\" \/>\n<meta name=\"twitter:card\" content=\"summary_large_image\" \/>\n<meta name=\"twitter:site\" content=\"@webmenaje\" \/>\n<script type=\"application\/ld+json\" class=\"yoast-schema-graph\">{\"@context\":\"https:\/\/schema.org\",\"@graph\":[{\"@type\":\"WebPage\",\"@id\":\"https:\/\/ledsolintel.com\/product\/foco-de-carril-lc1562-35w-cri97-de-yld\/\",\"url\":\"https:\/\/ledsolintel.com\/product\/foco-de-carril-lc1562-35w-cri97-de-yld\/\",\"name\":\"Foco de carril LC1562 35W CRI97 de YLD\",\"isPartOf\":{\"@id\":\"https:\/\/ledsolintel.com\/#website\"},\"primaryImageOfPage\":{\"@id\":\"https:\/\/ledsolintel.com\/product\/foco-de-carril-lc1562-35w-cri97-de-yld\/#primaryimage\"},\"image\":{\"@id\":\"https:\/\/ledsolintel.com\/product\/foco-de-carril-lc1562-35w-cri97-de-yld\/#primaryimage\"},\"thumbnailUrl\":\"https:\/\/ledsolintel.com\/wp-content\/uploads\/2020\/07\/13098-Foco-de-carril-LC1562-35W-CRI97-de-YLD.jpg\",\"datePublished\":\"2020-07-03T15:42:54+00:00\",\"description\":\"Foco de carril LC1562 35W CRI97 de YLD\",\"breadcrumb\":{\"@id\":\"https:\/\/ledsolintel.com\/product\/foco-de-carril-lc1562-35w-cri97-de-yld\/#breadcrumb\"},\"inLanguage\":\"fr-FR\",\"potentialAction\":[{\"@type\":\"ReadAction\",\"target\":[\"https:\/\/ledsolintel.com\/product\/foco-de-carril-lc1562-35w-cri97-de-yld\/\"]}]},{\"@type\":\"ImageObject\",\"inLanguage\":\"fr-FR\",\"@id\":\"https:\/\/ledsolintel.com\/product\/foco-de-carril-lc1562-35w-cri97-de-yld\/#primaryimage\",\"url\":\"https:\/\/ledsolintel.com\/wp-content\/uploads\/2020\/07\/13098-Foco-de-carril-LC1562-35W-CRI97-de-YLD.jpg\",\"contentUrl\":\"https:\/\/ledsolintel.com\/wp-content\/uploads\/2020\/07\/13098-Foco-de-carril-LC1562-35W-CRI97-de-YLD.jpg\",\"caption\":\"Foco de carril LC1562 35W CRI97 de YLD\"},{\"@type\":\"BreadcrumbList\",\"@id\":\"https:\/\/ledsolintel.com\/product\/foco-de-carril-lc1562-35w-cri97-de-yld\/#breadcrumb\",\"itemListElement\":[{\"@type\":\"ListItem\",\"position\":1,\"name\":\"Portada\",\"item\":\"https:\/\/ledsolintel.com\/fr\/\"},{\"@type\":\"ListItem\",\"position\":2,\"name\":\"Tienda\",\"item\":\"https:\/\/ledsolintel.com\/tienda\/\"},{\"@type\":\"ListItem\",\"position\":3,\"name\":\"Foco de carril LC1562 35W CRI97 de YLD\"}]},{\"@type\":\"WebSite\",\"@id\":\"https:\/\/ledsolintel.com\/#website\",\"url\":\"https:\/\/ledsolintel.com\/\",\"name\":\"Webmenaje\",\"description\":\"Tienda de bombillas y l\u00e1mparas LED para profesionales\",\"publisher\":{\"@id\":\"https:\/\/ledsolintel.com\/#organization\"},\"potentialAction\":[{\"@type\":\"SearchAction\",\"target\":{\"@type\":\"EntryPoint\",\"urlTemplate\":\"https:\/\/ledsolintel.com\/?s={search_term_string}\"},\"query-input\":{\"@type\":\"PropertyValueSpecification\",\"valueRequired\":true,\"valueName\":\"search_term_string\"}}],\"inLanguage\":\"fr-FR\"},{\"@type\":\"Organization\",\"@id\":\"https:\/\/ledsolintel.com\/#organization\",\"name\":\"Solintel Noroeste, S.L.\",\"url\":\"https:\/\/ledsolintel.com\/\",\"logo\":{\"@type\":\"ImageObject\",\"inLanguage\":\"fr-FR\",\"@id\":\"https:\/\/ledsolintel.com\/#\/schema\/logo\/image\/\",\"url\":\"https:\/\/ledsolintel.com\/wp-content\/uploads\/2024\/11\/webmenaje-logo-1508269066.jpg\",\"contentUrl\":\"https:\/\/ledsolintel.com\/wp-content\/uploads\/2024\/11\/webmenaje-logo-1508269066.jpg\",\"width\":370,\"height\":90,\"caption\":\"Solintel Noroeste, S.L.\"},\"image\":{\"@id\":\"https:\/\/ledsolintel.com\/#\/schema\/logo\/image\/\"},\"sameAs\":[\"http:\/\/www.facebook.com\/webmenaje\",\"https:\/\/x.com\/webmenaje\",\"https:\/\/www.youtube.com\/channel\/UCX2KoVoeCG4LocZjUc6LmSQ\",\"http:\/\/www.pinterest.com\/webmenaje\"]}]}<\/script>\n<!-- \/ Yoast SEO plugin. -->","yoast_head_json":{"title":"Spot de piste YLD LC1562 35W CRI97","description":"Spot de piste YLD LC1562 35W CRI97","robots":{"index":"index","follow":"follow","max-snippet":"max-snippet:-1","max-image-preview":"max-image-preview:large","max-video-preview":"max-video-preview:-1"},"canonical":"https:\/\/ledsolintel.com\/fr\/produit-2\/foco-de-carril-lc1562-35w-cri97-de-yld\/","og_locale":"fr_FR","og_type":"article","og_title":"Foco de carril LC1562 35W CRI97 de YLD","og_description":"Foco de carril LC1562 35W CRI97 de YLD","og_url":"https:\/\/ledsolintel.com\/fr\/produit-2\/foco-de-carril-lc1562-35w-cri97-de-yld\/","og_site_name":"Ledsolintel","article_publisher":"http:\/\/www.facebook.com\/webmenaje","og_image":[{"url":"https:\/\/ledsolintel.com\/wp-content\/uploads\/2020\/07\/13098-Foco-de-carril-LC1562-35W-CRI97-de-YLD.jpg","width":1,"height":1,"type":"image\/jpeg"}],"twitter_card":"summary_large_image","twitter_site":"@webmenaje","schema":{"@context":"https:\/\/schema.org","@graph":[{"@type":"WebPage","@id":"https:\/\/ledsolintel.com\/product\/foco-de-carril-lc1562-35w-cri97-de-yld\/","url":"https:\/\/ledsolintel.com\/product\/foco-de-carril-lc1562-35w-cri97-de-yld\/","name":"Spot de piste YLD LC1562 35W CRI97","isPartOf":{"@id":"https:\/\/ledsolintel.com\/#website"},"primaryImageOfPage":{"@id":"https:\/\/ledsolintel.com\/product\/foco-de-carril-lc1562-35w-cri97-de-yld\/#primaryimage"},"image":{"@id":"https:\/\/ledsolintel.com\/product\/foco-de-carril-lc1562-35w-cri97-de-yld\/#primaryimage"},"thumbnailUrl":"https:\/\/ledsolintel.com\/wp-content\/uploads\/2020\/07\/13098-Foco-de-carril-LC1562-35W-CRI97-de-YLD.jpg","datePublished":"2020-07-03T15:42:54+00:00","description":"Spot de piste YLD LC1562 35W CRI97","breadcrumb":{"@id":"https:\/\/ledsolintel.com\/product\/foco-de-carril-lc1562-35w-cri97-de-yld\/#breadcrumb"},"inLanguage":"fr-FR","potentialAction":[{"@type":"ReadAction","target":["https:\/\/ledsolintel.com\/product\/foco-de-carril-lc1562-35w-cri97-de-yld\/"]}]},{"@type":"ImageObject","inLanguage":"fr-FR","@id":"https:\/\/ledsolintel.com\/product\/foco-de-carril-lc1562-35w-cri97-de-yld\/#primaryimage","url":"https:\/\/ledsolintel.com\/wp-content\/uploads\/2020\/07\/13098-Foco-de-carril-LC1562-35W-CRI97-de-YLD.jpg","contentUrl":"https:\/\/ledsolintel.com\/wp-content\/uploads\/2020\/07\/13098-Foco-de-carril-LC1562-35W-CRI97-de-YLD.jpg","caption":"Foco de carril LC1562 35W CRI97 de YLD"},{"@type":"BreadcrumbList","@id":"https:\/\/ledsolintel.com\/product\/foco-de-carril-lc1562-35w-cri97-de-yld\/#breadcrumb","itemListElement":[{"@type":"ListItem","position":1,"name":"Portada","item":"https:\/\/ledsolintel.com\/fr\/"},{"@type":"ListItem","position":2,"name":"Tienda","item":"https:\/\/ledsolintel.com\/tienda\/"},{"@type":"ListItem","position":3,"name":"Foco de carril LC1562 35W CRI97 de YLD"}]},{"@type":"WebSite","@id":"https:\/\/ledsolintel.com\/#website","url":"https:\/\/ledsolintel.com\/","name":"Webmenaje","description":"Magasin d'ampoules et de lampes LED pour les professionnels","publisher":{"@id":"https:\/\/ledsolintel.com\/#organization"},"potentialAction":[{"@type":"SearchAction","target":{"@type":"EntryPoint","urlTemplate":"https:\/\/ledsolintel.com\/?s={search_term_string}"},"query-input":{"@type":"PropertyValueSpecification","valueRequired":true,"valueName":"search_term_string"}}],"inLanguage":"fr-FR"},{"@type":"Organization","@id":"https:\/\/ledsolintel.com\/#organization","name":"Solintel Noroeste, S.L.","url":"https:\/\/ledsolintel.com\/","logo":{"@type":"ImageObject","inLanguage":"fr-FR","@id":"https:\/\/ledsolintel.com\/#\/schema\/logo\/image\/","url":"https:\/\/ledsolintel.com\/wp-content\/uploads\/2024\/11\/webmenaje-logo-1508269066.jpg","contentUrl":"https:\/\/ledsolintel.com\/wp-content\/uploads\/2024\/11\/webmenaje-logo-1508269066.jpg","width":370,"height":90,"caption":"Solintel Noroeste, S.L."},"image":{"@id":"https:\/\/ledsolintel.com\/#\/schema\/logo\/image\/"},"sameAs":["http:\/\/www.facebook.com\/webmenaje","https:\/\/x.com\/webmenaje","https:\/\/www.youtube.com\/channel\/UCX2KoVoeCG4LocZjUc6LmSQ","http:\/\/www.pinterest.com\/webmenaje"]}]}},"_links":{"self":[{"href":"https:\/\/ledsolintel.com\/fr\/wp-json\/wp\/v2\/product\/243642","targetHints":{"allow":["GET"]}}],"collection":[{"href":"https:\/\/ledsolintel.com\/fr\/wp-json\/wp\/v2\/product"}],"about":[{"href":"https:\/\/ledsolintel.com\/fr\/wp-json\/wp\/v2\/types\/product"}],"version-history":[{"count":0,"href":"https:\/\/ledsolintel.com\/fr\/wp-json\/wp\/v2\/product\/243642\/revisions"}],"wp:featuredmedia":[{"embeddable":true,"href":"https:\/\/ledsolintel.com\/fr\/wp-json\/wp\/v2\/media\/243637"}],"wp:attachment":[{"href":"https:\/\/ledsolintel.com\/fr\/wp-json\/wp\/v2\/media?parent=243642"}],"wp:term":[{"taxonomy":"product_brand","embeddable":true,"href":"https:\/\/ledsolintel.com\/fr\/wp-json\/wp\/v2\/product_brand?post=243642"},{"taxonomy":"product_cat","embeddable":true,"href":"https:\/\/ledsolintel.com\/fr\/wp-json\/wp\/v2\/product_cat?post=243642"},{"taxonomy":"product_tag","embeddable":true,"href":"https:\/\/ledsolintel.com\/fr\/wp-json\/wp\/v2\/product_tag?post=243642"}],"curies":[{"name":"wp","href":"https:\/\/api.w.org\/{rel}","templated":true}]}}