{"id":243572,"date":"2020-07-02T18:12:11","date_gmt":"2020-07-02T16:12:11","guid":{"rendered":"https:\/\/nueva.ledsolintel.com\/product\/downlight-yld-220v-cri97-35w-111mm-de-yld\/"},"modified":"2020-07-02T18:12:11","modified_gmt":"2020-07-02T16:12:11","slug":"yld-downlight-220v-cri97-35w-111mm-by-yld","status":"publish","type":"product","link":"https:\/\/ledsolintel.com\/fr\/produit-2\/yld-downlight-220v-cri97-35w-111mm-by-yld\/","title":{"rendered":"YLD-220V CRI97 35W 111mm YLD downlight YLD-220V CRI97 35W 111mm"},"content":{"rendered":"<h1>YLD-220V CRI97 35W 111mm YLD downlight YLD-220V CRI97 35W 111mm<\/h1>\n<p>\u00a0<\/p>\n<ul>\n<li>Puissance : 35 W<\/li>\n<li>Tension : 220-240 AC \/ 50-60 Hz<\/li>\n<li>Luminance : 2465 lm<\/li>\n<li>CCT :<\/li>\n<ul>\n<li>3000 K<\/li>\n<li>4000 K<\/li>\n<li>6000 K<\/li>\n<\/ul>\n<li>Optique :<\/li>\n<ul>\n<li>15\u00ba<\/li>\n<li>24\u00ba<\/li>\n<li>38\u00ba<\/li>\n<\/ul>\n<li>IRC &gt; 97<\/li>\n<li>PF &gt; 0,95<\/li>\n<li>Protection : IP20<\/li>\n<li>Dur\u00e9e de vie : 35 000 heures<\/li>\n<li>Cycles marche\/arr\u00eat : 15 000<\/li>\n<li>Diam\u00e8tre : 111 mm<\/li>\n<li>UGR &lt; 21<\/li>\n<li>Compatible avec les structures AR111<\/li>\n<\/ul>","protected":false},"excerpt":{"rendered":"<p>YLD-220V CRI97 35W 111mm YLD downlight. Indice de rendu des couleurs \u00e9lev\u00e9, id\u00e9al pour les magasins de mode et de textile, les bijouteries, les galeries, les concessionnaires et autres lieux o\u00f9 il est essentiel d'afficher des couleurs vraies.<\/p>","protected":false},"featured_media":243571,"template":"","meta":[],"product_brand":[99375],"product_cat":[99697,99573],"product_tag":[],"class_list":{"0":"post-243572","1":"product","2":"type-product","3":"status-publish","4":"has-post-thumbnail","6":"product_brand-yld","7":"product_cat-downlights-de-empotrar","8":"product_cat-iluminacion-interior","9":"pa_cct-frio6000k","10":"pa_cct-natural4000k","11":"pa_cct-calido3000k","12":"pa_optica-100948","13":"pa_optica-100969","14":"pa_optica-100970","17":"instock","18":"taxable","19":"shipping-taxable","20":"purchasable","21":"product-type-variable","22":"has-default-attributes"},"yoast_head":"<!-- This site is optimized with the Yoast SEO plugin v26.6 - https:\/\/yoast.com\/wordpress\/plugins\/seo\/ -->\n<title>Downlight YLD-220V CRI97 35W 111mm de YLD<\/title>\n<meta name=\"description\" content=\"Downlight YLD-220V CRI97 35W 111mm de YLD. Alto \u00edndice de reproducci\u00f3n crom\u00e1tica, ideal para tiendas de moda y textiles, joyer\u00edas, galer\u00edas\" \/>\n<meta name=\"robots\" content=\"index, follow, max-snippet:-1, max-image-preview:large, max-video-preview:-1\" \/>\n<link rel=\"canonical\" href=\"https:\/\/ledsolintel.com\/fr\/produit\/yld-downlight-220v-cri97-35w-111mm-by-yld\/\" \/>\n<meta property=\"og:locale\" content=\"fr_FR\" \/>\n<meta property=\"og:type\" content=\"article\" \/>\n<meta property=\"og:title\" content=\"Downlight YLD-220V CRI97 35W 111mm de YLD\" \/>\n<meta property=\"og:description\" content=\"Downlight YLD-220V CRI97 35W 111mm de YLD. Alto \u00edndice de reproducci\u00f3n crom\u00e1tica, ideal para tiendas de moda y textiles, joyer\u00edas, galer\u00edas\" \/>\n<meta property=\"og:url\" content=\"https:\/\/ledsolintel.com\/fr\/produit\/yld-downlight-220v-cri97-35w-111mm-by-yld\/\" \/>\n<meta property=\"og:site_name\" content=\"Ledsolintel\" \/>\n<meta property=\"article:publisher\" content=\"http:\/\/www.facebook.com\/webmenaje\" \/>\n<meta property=\"og:image\" content=\"https:\/\/ledsolintel.com\/wp-content\/uploads\/2020\/07\/12277-Downlight-YLD-220V-CRI97-35W-111mm-de-YLD.jpg\" \/>\n\t<meta property=\"og:image:width\" content=\"1\" \/>\n\t<meta property=\"og:image:height\" content=\"1\" \/>\n\t<meta property=\"og:image:type\" content=\"image\/jpeg\" \/>\n<meta name=\"twitter:card\" content=\"summary_large_image\" \/>\n<meta name=\"twitter:site\" content=\"@webmenaje\" \/>\n<script type=\"application\/ld+json\" class=\"yoast-schema-graph\">{\"@context\":\"https:\/\/schema.org\",\"@graph\":[{\"@type\":\"WebPage\",\"@id\":\"https:\/\/ledsolintel.com\/en\/product\/downlight-yld-220v-cri97-35w-111mm-de-yld\/\",\"url\":\"https:\/\/ledsolintel.com\/en\/product\/downlight-yld-220v-cri97-35w-111mm-de-yld\/\",\"name\":\"Downlight YLD-220V CRI97 35W 111mm de YLD\",\"isPartOf\":{\"@id\":\"https:\/\/ledsolintel.com\/#website\"},\"primaryImageOfPage\":{\"@id\":\"https:\/\/ledsolintel.com\/en\/product\/downlight-yld-220v-cri97-35w-111mm-de-yld\/#primaryimage\"},\"image\":{\"@id\":\"https:\/\/ledsolintel.com\/en\/product\/downlight-yld-220v-cri97-35w-111mm-de-yld\/#primaryimage\"},\"thumbnailUrl\":\"https:\/\/ledsolintel.com\/wp-content\/uploads\/2020\/07\/12277-Downlight-YLD-220V-CRI97-35W-111mm-de-YLD.jpg\",\"datePublished\":\"2020-07-02T16:12:11+00:00\",\"description\":\"Downlight YLD-220V CRI97 35W 111mm de YLD. Alto \u00edndice de reproducci\u00f3n crom\u00e1tica, ideal para tiendas de moda y textiles, joyer\u00edas, galer\u00edas\",\"breadcrumb\":{\"@id\":\"https:\/\/ledsolintel.com\/en\/product\/downlight-yld-220v-cri97-35w-111mm-de-yld\/#breadcrumb\"},\"inLanguage\":\"fr-FR\",\"potentialAction\":[{\"@type\":\"ReadAction\",\"target\":[\"https:\/\/ledsolintel.com\/en\/product\/downlight-yld-220v-cri97-35w-111mm-de-yld\/\"]}]},{\"@type\":\"ImageObject\",\"inLanguage\":\"fr-FR\",\"@id\":\"https:\/\/ledsolintel.com\/en\/product\/downlight-yld-220v-cri97-35w-111mm-de-yld\/#primaryimage\",\"url\":\"https:\/\/ledsolintel.com\/wp-content\/uploads\/2020\/07\/12277-Downlight-YLD-220V-CRI97-35W-111mm-de-YLD.jpg\",\"contentUrl\":\"https:\/\/ledsolintel.com\/wp-content\/uploads\/2020\/07\/12277-Downlight-YLD-220V-CRI97-35W-111mm-de-YLD.jpg\",\"caption\":\"Downlight YLD-220V CRI97 35W 111mm de YLD\"},{\"@type\":\"BreadcrumbList\",\"@id\":\"https:\/\/ledsolintel.com\/en\/product\/downlight-yld-220v-cri97-35w-111mm-de-yld\/#breadcrumb\",\"itemListElement\":[{\"@type\":\"ListItem\",\"position\":1,\"name\":\"Portada\",\"item\":\"https:\/\/ledsolintel.com\/fr\/\"},{\"@type\":\"ListItem\",\"position\":2,\"name\":\"Tienda\",\"item\":\"https:\/\/ledsolintel.com\/tienda\/\"},{\"@type\":\"ListItem\",\"position\":3,\"name\":\"Downlight YLD-220V CRI97 35W 111mm de YLD\"}]},{\"@type\":\"WebSite\",\"@id\":\"https:\/\/ledsolintel.com\/#website\",\"url\":\"https:\/\/ledsolintel.com\/\",\"name\":\"Webmenaje\",\"description\":\"Tienda de bombillas y l\u00e1mparas LED para profesionales\",\"publisher\":{\"@id\":\"https:\/\/ledsolintel.com\/#organization\"},\"potentialAction\":[{\"@type\":\"SearchAction\",\"target\":{\"@type\":\"EntryPoint\",\"urlTemplate\":\"https:\/\/ledsolintel.com\/?s={search_term_string}\"},\"query-input\":{\"@type\":\"PropertyValueSpecification\",\"valueRequired\":true,\"valueName\":\"search_term_string\"}}],\"inLanguage\":\"fr-FR\"},{\"@type\":\"Organization\",\"@id\":\"https:\/\/ledsolintel.com\/#organization\",\"name\":\"Solintel Noroeste, S.L.\",\"url\":\"https:\/\/ledsolintel.com\/\",\"logo\":{\"@type\":\"ImageObject\",\"inLanguage\":\"fr-FR\",\"@id\":\"https:\/\/ledsolintel.com\/#\/schema\/logo\/image\/\",\"url\":\"https:\/\/ledsolintel.com\/wp-content\/uploads\/2024\/11\/webmenaje-logo-1508269066.jpg\",\"contentUrl\":\"https:\/\/ledsolintel.com\/wp-content\/uploads\/2024\/11\/webmenaje-logo-1508269066.jpg\",\"width\":370,\"height\":90,\"caption\":\"Solintel Noroeste, S.L.\"},\"image\":{\"@id\":\"https:\/\/ledsolintel.com\/#\/schema\/logo\/image\/\"},\"sameAs\":[\"http:\/\/www.facebook.com\/webmenaje\",\"https:\/\/x.com\/webmenaje\",\"https:\/\/www.youtube.com\/channel\/UCX2KoVoeCG4LocZjUc6LmSQ\",\"http:\/\/www.pinterest.com\/webmenaje\"]}]}<\/script>\n<!-- \/ Yoast SEO plugin. -->","yoast_head_json":{"title":"YLD-220V CRI97 35W 111mm YLD downlight YLD-220V CRI97 35W 111mm","description":"YLD-220V CRI97 35W 111mm YLD downlight. Indice de rendu des couleurs \u00e9lev\u00e9, id\u00e9al pour les magasins de mode et de textile, les bijouteries, les galeries, etc.","robots":{"index":"index","follow":"follow","max-snippet":"max-snippet:-1","max-image-preview":"max-image-preview:large","max-video-preview":"max-video-preview:-1"},"canonical":"https:\/\/ledsolintel.com\/fr\/produit\/yld-downlight-220v-cri97-35w-111mm-by-yld\/","og_locale":"fr_FR","og_type":"article","og_title":"Downlight YLD-220V CRI97 35W 111mm de YLD","og_description":"Downlight YLD-220V CRI97 35W 111mm de YLD. Alto \u00edndice de reproducci\u00f3n crom\u00e1tica, ideal para tiendas de moda y textiles, joyer\u00edas, galer\u00edas","og_url":"https:\/\/ledsolintel.com\/fr\/produit\/yld-downlight-220v-cri97-35w-111mm-by-yld\/","og_site_name":"Ledsolintel","article_publisher":"http:\/\/www.facebook.com\/webmenaje","og_image":[{"url":"https:\/\/ledsolintel.com\/wp-content\/uploads\/2020\/07\/12277-Downlight-YLD-220V-CRI97-35W-111mm-de-YLD.jpg","width":1,"height":1,"type":"image\/jpeg"}],"twitter_card":"summary_large_image","twitter_site":"@webmenaje","schema":{"@context":"https:\/\/schema.org","@graph":[{"@type":"WebPage","@id":"https:\/\/ledsolintel.com\/en\/product\/downlight-yld-220v-cri97-35w-111mm-de-yld\/","url":"https:\/\/ledsolintel.com\/en\/product\/downlight-yld-220v-cri97-35w-111mm-de-yld\/","name":"YLD-220V CRI97 35W 111mm YLD downlight YLD-220V CRI97 35W 111mm","isPartOf":{"@id":"https:\/\/ledsolintel.com\/#website"},"primaryImageOfPage":{"@id":"https:\/\/ledsolintel.com\/en\/product\/downlight-yld-220v-cri97-35w-111mm-de-yld\/#primaryimage"},"image":{"@id":"https:\/\/ledsolintel.com\/en\/product\/downlight-yld-220v-cri97-35w-111mm-de-yld\/#primaryimage"},"thumbnailUrl":"https:\/\/ledsolintel.com\/wp-content\/uploads\/2020\/07\/12277-Downlight-YLD-220V-CRI97-35W-111mm-de-YLD.jpg","datePublished":"2020-07-02T16:12:11+00:00","description":"YLD-220V CRI97 35W 111mm YLD downlight. Indice de rendu des couleurs \u00e9lev\u00e9, id\u00e9al pour les magasins de mode et de textile, les bijouteries, les galeries, etc.","breadcrumb":{"@id":"https:\/\/ledsolintel.com\/en\/product\/downlight-yld-220v-cri97-35w-111mm-de-yld\/#breadcrumb"},"inLanguage":"fr-FR","potentialAction":[{"@type":"ReadAction","target":["https:\/\/ledsolintel.com\/en\/product\/downlight-yld-220v-cri97-35w-111mm-de-yld\/"]}]},{"@type":"ImageObject","inLanguage":"fr-FR","@id":"https:\/\/ledsolintel.com\/en\/product\/downlight-yld-220v-cri97-35w-111mm-de-yld\/#primaryimage","url":"https:\/\/ledsolintel.com\/wp-content\/uploads\/2020\/07\/12277-Downlight-YLD-220V-CRI97-35W-111mm-de-YLD.jpg","contentUrl":"https:\/\/ledsolintel.com\/wp-content\/uploads\/2020\/07\/12277-Downlight-YLD-220V-CRI97-35W-111mm-de-YLD.jpg","caption":"Downlight YLD-220V CRI97 35W 111mm de YLD"},{"@type":"BreadcrumbList","@id":"https:\/\/ledsolintel.com\/en\/product\/downlight-yld-220v-cri97-35w-111mm-de-yld\/#breadcrumb","itemListElement":[{"@type":"ListItem","position":1,"name":"Portada","item":"https:\/\/ledsolintel.com\/fr\/"},{"@type":"ListItem","position":2,"name":"Tienda","item":"https:\/\/ledsolintel.com\/tienda\/"},{"@type":"ListItem","position":3,"name":"Downlight YLD-220V CRI97 35W 111mm de YLD"}]},{"@type":"WebSite","@id":"https:\/\/ledsolintel.com\/#website","url":"https:\/\/ledsolintel.com\/","name":"Webmenaje","description":"Magasin d'ampoules et de lampes LED pour les professionnels","publisher":{"@id":"https:\/\/ledsolintel.com\/#organization"},"potentialAction":[{"@type":"SearchAction","target":{"@type":"EntryPoint","urlTemplate":"https:\/\/ledsolintel.com\/?s={search_term_string}"},"query-input":{"@type":"PropertyValueSpecification","valueRequired":true,"valueName":"search_term_string"}}],"inLanguage":"fr-FR"},{"@type":"Organization","@id":"https:\/\/ledsolintel.com\/#organization","name":"Solintel Noroeste, S.L.","url":"https:\/\/ledsolintel.com\/","logo":{"@type":"ImageObject","inLanguage":"fr-FR","@id":"https:\/\/ledsolintel.com\/#\/schema\/logo\/image\/","url":"https:\/\/ledsolintel.com\/wp-content\/uploads\/2024\/11\/webmenaje-logo-1508269066.jpg","contentUrl":"https:\/\/ledsolintel.com\/wp-content\/uploads\/2024\/11\/webmenaje-logo-1508269066.jpg","width":370,"height":90,"caption":"Solintel Noroeste, S.L."},"image":{"@id":"https:\/\/ledsolintel.com\/#\/schema\/logo\/image\/"},"sameAs":["http:\/\/www.facebook.com\/webmenaje","https:\/\/x.com\/webmenaje","https:\/\/www.youtube.com\/channel\/UCX2KoVoeCG4LocZjUc6LmSQ","http:\/\/www.pinterest.com\/webmenaje"]}]}},"_links":{"self":[{"href":"https:\/\/ledsolintel.com\/fr\/wp-json\/wp\/v2\/product\/243572","targetHints":{"allow":["GET"]}}],"collection":[{"href":"https:\/\/ledsolintel.com\/fr\/wp-json\/wp\/v2\/product"}],"about":[{"href":"https:\/\/ledsolintel.com\/fr\/wp-json\/wp\/v2\/types\/product"}],"version-history":[{"count":0,"href":"https:\/\/ledsolintel.com\/fr\/wp-json\/wp\/v2\/product\/243572\/revisions"}],"wp:featuredmedia":[{"embeddable":true,"href":"https:\/\/ledsolintel.com\/fr\/wp-json\/wp\/v2\/media\/243571"}],"wp:attachment":[{"href":"https:\/\/ledsolintel.com\/fr\/wp-json\/wp\/v2\/media?parent=243572"}],"wp:term":[{"taxonomy":"product_brand","embeddable":true,"href":"https:\/\/ledsolintel.com\/fr\/wp-json\/wp\/v2\/product_brand?post=243572"},{"taxonomy":"product_cat","embeddable":true,"href":"https:\/\/ledsolintel.com\/fr\/wp-json\/wp\/v2\/product_cat?post=243572"},{"taxonomy":"product_tag","embeddable":true,"href":"https:\/\/ledsolintel.com\/fr\/wp-json\/wp\/v2\/product_tag?post=243572"}],"curies":[{"name":"wp","href":"https:\/\/api.w.org\/{rel}","templated":true}]}}