{"id":243467,"date":"2020-06-01T19:43:28","date_gmt":"2020-06-01T17:43:28","guid":{"rendered":"https:\/\/nueva.ledsolintel.com\/product\/lampara-germicida-uvctlamp-de-roblan\/"},"modified":"2020-06-01T19:43:28","modified_gmt":"2020-06-01T17:43:28","slug":"lampara-germicida-uvctlamp-de-roblan","status":"publish","type":"product","link":"https:\/\/ledsolintel.com\/fr\/produit-2\/lampara-germicida-uvctlamp-de-roblan\/","title":{"rendered":"Lampe germicide Roblan UVCTLAMP UVCTLAMP"},"content":{"rendered":"<h1>L\u00e1mpara germicida UVCTLAMP\u00a0de Roblan\u00a0de Roblan<\/h1>\n<p>\u00a0<\/p>\n<p>La l\u00e1mpara UCVTLAMP\u00a0desinfecta en profundidad superficies amplias, eliminando virus y microorganismos que pueden causar enfermedades. Se trata de un instrumento ideal para la limpieza de espacios de trabajo o abiertos al p\u00fablico (mesas, despachos, oficinas, aulas, tiendas, pasillos, restaurantes y bares, supermercados&#8230;).<\/p>\n<p><b>\u00a0\u00a0<\/b><\/p>\n<h2><strong>AVERTISSEMENT<\/strong><\/h2>\n<p>La l\u00e1mpara UCVTLAMP\u00a0es un instrumento potente que puede causar problemas de salud graves si no se utiliza con precauci\u00f3n. Es fundamental <strong>\u00e9vacuer les personnes et les animaux de la zone avant d'allumer le feu\u00a0<\/strong>et, le cas \u00e9ch\u00e9ant, avertir qu'il est utilis\u00e9 pour \u00e9viter que quelqu'un ne p\u00e9n\u00e8tre accidentellement dans la zone.<\/p>\n<p>Il int\u00e8gre trois syst\u00e8mes de s\u00e9curit\u00e9 compl\u00e9mentaires :<\/p>\n<ul>\n<li><strong>Mise sous tension avec un d\u00e9lai de 30 secondes<\/strong>\u00a0y alarma de seguridad.<\/li>\n<li><strong>Capteur de pr\u00e9sence<\/strong> hasta 5 metros, con apagado autom\u00e1tico y alarma.<\/li>\n<li><strong>Limitaci\u00f3n de tiempo de encendido<\/strong>, con un m\u00e1ximo de 70 minutos<\/li>\n<\/ul>\n<p>\u00a0<\/p>\n<h3>Recomendaciones de uso<\/h3>\n<p>El \u00e1rea de cobertura de la l\u00e1mpara\u00a0UCVTLAMP de Roblan es de 15-20 m<sup>2<\/sup>, y\u00a0el tiempo de\u00a0funcionamiento depende del tama\u00f1o de la zona a desinfectar:<\/p>\n<ul>\n<li>&lt;10\u00a0m<sup>2<\/sup>: 30 min<\/li>\n<li>10-15 m<sup>2<\/sup>: 45 min<\/li>\n<li>15-20 m<sup>2<\/sup>: 60 min<\/li>\n<li>&gt;20 m<sup>2<\/sup>: se recomienda usar m\u00faltiples l\u00e1mparas<\/li>\n<\/ul>\n<p>\u00a0<\/p>\n<\/p>\n<h3>Caract\u00e9ristiques techniques<\/h3>\n<ul>\n<li>UVC:\u00a028 mW<\/li>\n<li>Tension : 220 V<\/li>\n<li>Connexion : G13<\/li>\n<li>\u00c1ngulo: 360\u00ba<\/li>\n<li>Vida \u00fatil: 8000\u00a0horas<\/li>\n<li>PF: 0.95<\/li>\n<li>Dimensiones:\u00a0260x705x186\u00a0mm<\/li>\n<\/ul>","protected":false},"excerpt":{"rendered":"<p>L\u00e1mpara germicida UVCTLAMP\u00a0de Roblan. Desinfecta en profundidad espacios espec\u00edficos,\u00a0eliminando virus y microorganismos. Para uso en zonas de trabajo o abiertas al p\u00fablico, desde industrias y comercios hasta hospitales y escuelas.<\/p>","protected":false},"featured_media":243466,"template":"","meta":[],"product_brand":[99355],"product_cat":[15],"product_tag":[],"class_list":{"0":"post-243467","1":"product","2":"type-product","3":"status-publish","4":"has-post-thumbnail","6":"product_brand-roblan","7":"product_cat-uncategorized","10":"instock","11":"taxable","12":"shipping-taxable","13":"purchasable","14":"product-type-simple"},"yoast_head":"<!-- This site is optimized with the Yoast SEO plugin v26.6 - https:\/\/yoast.com\/wordpress\/plugins\/seo\/ -->\n<title>L\u00e1mpara germicida UVCTLAMP de Roblan<\/title>\n<meta name=\"description\" content=\"L\u00e1mpara germicida UVCTLAMP de Roblan. Desinfecta espacios espec\u00edficos, eliminando virus y microorganismos. Para zonas de trabajo o abiertas al p\u00fablico\" \/>\n<meta name=\"robots\" content=\"index, follow, max-snippet:-1, max-image-preview:large, max-video-preview:-1\" \/>\n<link rel=\"canonical\" href=\"https:\/\/ledsolintel.com\/fr\/produit-2\/lampara-germicida-uvctlamp-de-roblan\/\" \/>\n<meta property=\"og:locale\" content=\"fr_FR\" \/>\n<meta property=\"og:type\" content=\"article\" \/>\n<meta property=\"og:title\" content=\"L\u00e1mpara germicida UVCTLAMP de Roblan\" \/>\n<meta property=\"og:description\" content=\"L\u00e1mpara germicida UVCTLAMP de Roblan. Desinfecta espacios espec\u00edficos, eliminando virus y microorganismos. Para zonas de trabajo o abiertas al p\u00fablico\" \/>\n<meta property=\"og:url\" content=\"https:\/\/ledsolintel.com\/fr\/produit-2\/lampara-germicida-uvctlamp-de-roblan\/\" \/>\n<meta property=\"og:site_name\" content=\"Ledsolintel\" \/>\n<meta property=\"article:publisher\" content=\"http:\/\/www.facebook.com\/webmenaje\" \/>\n<meta property=\"og:image\" content=\"https:\/\/ledsolintel.com\/wp-content\/uploads\/2020\/06\/9505-Lampara-germicida-UVCTLAMP-de-Roblan.jpg\" \/>\n\t<meta property=\"og:image:width\" content=\"1\" \/>\n\t<meta property=\"og:image:height\" content=\"1\" \/>\n\t<meta property=\"og:image:type\" content=\"image\/jpeg\" \/>\n<meta name=\"twitter:card\" content=\"summary_large_image\" \/>\n<meta name=\"twitter:site\" content=\"@webmenaje\" \/>\n<meta name=\"twitter:label1\" content=\"Dur\u00e9e de lecture estim\u00e9e\" \/>\n\t<meta name=\"twitter:data1\" content=\"1 minute\" \/>\n<script type=\"application\/ld+json\" class=\"yoast-schema-graph\">{\"@context\":\"https:\/\/schema.org\",\"@graph\":[{\"@type\":\"WebPage\",\"@id\":\"https:\/\/ledsolintel.com\/product\/lampara-germicida-uvctlamp-de-roblan\/\",\"url\":\"https:\/\/ledsolintel.com\/product\/lampara-germicida-uvctlamp-de-roblan\/\",\"name\":\"L\u00e1mpara germicida UVCTLAMP de Roblan\",\"isPartOf\":{\"@id\":\"https:\/\/ledsolintel.com\/#website\"},\"primaryImageOfPage\":{\"@id\":\"https:\/\/ledsolintel.com\/product\/lampara-germicida-uvctlamp-de-roblan\/#primaryimage\"},\"image\":{\"@id\":\"https:\/\/ledsolintel.com\/product\/lampara-germicida-uvctlamp-de-roblan\/#primaryimage\"},\"thumbnailUrl\":\"https:\/\/ledsolintel.com\/wp-content\/uploads\/2020\/06\/9505-Lampara-germicida-UVCTLAMP-de-Roblan.jpg\",\"datePublished\":\"2020-06-01T17:43:28+00:00\",\"description\":\"L\u00e1mpara germicida UVCTLAMP de Roblan. Desinfecta espacios espec\u00edficos, eliminando virus y microorganismos. Para zonas de trabajo o abiertas al p\u00fablico\",\"breadcrumb\":{\"@id\":\"https:\/\/ledsolintel.com\/product\/lampara-germicida-uvctlamp-de-roblan\/#breadcrumb\"},\"inLanguage\":\"fr-FR\",\"potentialAction\":[{\"@type\":\"ReadAction\",\"target\":[\"https:\/\/ledsolintel.com\/product\/lampara-germicida-uvctlamp-de-roblan\/\"]}]},{\"@type\":\"ImageObject\",\"inLanguage\":\"fr-FR\",\"@id\":\"https:\/\/ledsolintel.com\/product\/lampara-germicida-uvctlamp-de-roblan\/#primaryimage\",\"url\":\"https:\/\/ledsolintel.com\/wp-content\/uploads\/2020\/06\/9505-Lampara-germicida-UVCTLAMP-de-Roblan.jpg\",\"contentUrl\":\"https:\/\/ledsolintel.com\/wp-content\/uploads\/2020\/06\/9505-Lampara-germicida-UVCTLAMP-de-Roblan.jpg\",\"caption\":\"L\u00e1mpara germicida UVCTLAMP de Roblan\"},{\"@type\":\"BreadcrumbList\",\"@id\":\"https:\/\/ledsolintel.com\/product\/lampara-germicida-uvctlamp-de-roblan\/#breadcrumb\",\"itemListElement\":[{\"@type\":\"ListItem\",\"position\":1,\"name\":\"Portada\",\"item\":\"https:\/\/ledsolintel.com\/fr\/\"},{\"@type\":\"ListItem\",\"position\":2,\"name\":\"Tienda\",\"item\":\"https:\/\/ledsolintel.com\/tienda\/\"},{\"@type\":\"ListItem\",\"position\":3,\"name\":\"L\u00e1mpara germicida UVCTLAMP de Roblan\"}]},{\"@type\":\"WebSite\",\"@id\":\"https:\/\/ledsolintel.com\/#website\",\"url\":\"https:\/\/ledsolintel.com\/\",\"name\":\"Webmenaje\",\"description\":\"Tienda de bombillas y l\u00e1mparas LED para profesionales\",\"publisher\":{\"@id\":\"https:\/\/ledsolintel.com\/#organization\"},\"potentialAction\":[{\"@type\":\"SearchAction\",\"target\":{\"@type\":\"EntryPoint\",\"urlTemplate\":\"https:\/\/ledsolintel.com\/?s={search_term_string}\"},\"query-input\":{\"@type\":\"PropertyValueSpecification\",\"valueRequired\":true,\"valueName\":\"search_term_string\"}}],\"inLanguage\":\"fr-FR\"},{\"@type\":\"Organization\",\"@id\":\"https:\/\/ledsolintel.com\/#organization\",\"name\":\"Solintel Noroeste, S.L.\",\"url\":\"https:\/\/ledsolintel.com\/\",\"logo\":{\"@type\":\"ImageObject\",\"inLanguage\":\"fr-FR\",\"@id\":\"https:\/\/ledsolintel.com\/#\/schema\/logo\/image\/\",\"url\":\"https:\/\/ledsolintel.com\/wp-content\/uploads\/2024\/11\/webmenaje-logo-1508269066.jpg\",\"contentUrl\":\"https:\/\/ledsolintel.com\/wp-content\/uploads\/2024\/11\/webmenaje-logo-1508269066.jpg\",\"width\":370,\"height\":90,\"caption\":\"Solintel Noroeste, S.L.\"},\"image\":{\"@id\":\"https:\/\/ledsolintel.com\/#\/schema\/logo\/image\/\"},\"sameAs\":[\"http:\/\/www.facebook.com\/webmenaje\",\"https:\/\/x.com\/webmenaje\",\"https:\/\/www.youtube.com\/channel\/UCX2KoVoeCG4LocZjUc6LmSQ\",\"http:\/\/www.pinterest.com\/webmenaje\"]}]}<\/script>\n<!-- \/ Yoast SEO plugin. -->","yoast_head_json":{"title":"Lampe germicide Roblan UVCTLAMP UVCTLAMP","description":"L\u00e1mpara germicida UVCTLAMP de Roblan. Desinfecta espacios espec\u00edficos, eliminando virus y microorganismos. Para zonas de trabajo o abiertas al p\u00fablico","robots":{"index":"index","follow":"follow","max-snippet":"max-snippet:-1","max-image-preview":"max-image-preview:large","max-video-preview":"max-video-preview:-1"},"canonical":"https:\/\/ledsolintel.com\/fr\/produit-2\/lampara-germicida-uvctlamp-de-roblan\/","og_locale":"fr_FR","og_type":"article","og_title":"L\u00e1mpara germicida UVCTLAMP de Roblan","og_description":"L\u00e1mpara germicida UVCTLAMP de Roblan. Desinfecta espacios espec\u00edficos, eliminando virus y microorganismos. Para zonas de trabajo o abiertas al p\u00fablico","og_url":"https:\/\/ledsolintel.com\/fr\/produit-2\/lampara-germicida-uvctlamp-de-roblan\/","og_site_name":"Ledsolintel","article_publisher":"http:\/\/www.facebook.com\/webmenaje","og_image":[{"url":"https:\/\/ledsolintel.com\/wp-content\/uploads\/2020\/06\/9505-Lampara-germicida-UVCTLAMP-de-Roblan.jpg","width":1,"height":1,"type":"image\/jpeg"}],"twitter_card":"summary_large_image","twitter_site":"@webmenaje","twitter_misc":{"Dur\u00e9e de lecture estim\u00e9e":"1 minute"},"schema":{"@context":"https:\/\/schema.org","@graph":[{"@type":"WebPage","@id":"https:\/\/ledsolintel.com\/product\/lampara-germicida-uvctlamp-de-roblan\/","url":"https:\/\/ledsolintel.com\/product\/lampara-germicida-uvctlamp-de-roblan\/","name":"Lampe germicide Roblan UVCTLAMP UVCTLAMP","isPartOf":{"@id":"https:\/\/ledsolintel.com\/#website"},"primaryImageOfPage":{"@id":"https:\/\/ledsolintel.com\/product\/lampara-germicida-uvctlamp-de-roblan\/#primaryimage"},"image":{"@id":"https:\/\/ledsolintel.com\/product\/lampara-germicida-uvctlamp-de-roblan\/#primaryimage"},"thumbnailUrl":"https:\/\/ledsolintel.com\/wp-content\/uploads\/2020\/06\/9505-Lampara-germicida-UVCTLAMP-de-Roblan.jpg","datePublished":"2020-06-01T17:43:28+00:00","description":"L\u00e1mpara germicida UVCTLAMP de Roblan. Desinfecta espacios espec\u00edficos, eliminando virus y microorganismos. Para zonas de trabajo o abiertas al p\u00fablico","breadcrumb":{"@id":"https:\/\/ledsolintel.com\/product\/lampara-germicida-uvctlamp-de-roblan\/#breadcrumb"},"inLanguage":"fr-FR","potentialAction":[{"@type":"ReadAction","target":["https:\/\/ledsolintel.com\/product\/lampara-germicida-uvctlamp-de-roblan\/"]}]},{"@type":"ImageObject","inLanguage":"fr-FR","@id":"https:\/\/ledsolintel.com\/product\/lampara-germicida-uvctlamp-de-roblan\/#primaryimage","url":"https:\/\/ledsolintel.com\/wp-content\/uploads\/2020\/06\/9505-Lampara-germicida-UVCTLAMP-de-Roblan.jpg","contentUrl":"https:\/\/ledsolintel.com\/wp-content\/uploads\/2020\/06\/9505-Lampara-germicida-UVCTLAMP-de-Roblan.jpg","caption":"L\u00e1mpara germicida UVCTLAMP de Roblan"},{"@type":"BreadcrumbList","@id":"https:\/\/ledsolintel.com\/product\/lampara-germicida-uvctlamp-de-roblan\/#breadcrumb","itemListElement":[{"@type":"ListItem","position":1,"name":"Portada","item":"https:\/\/ledsolintel.com\/fr\/"},{"@type":"ListItem","position":2,"name":"Tienda","item":"https:\/\/ledsolintel.com\/tienda\/"},{"@type":"ListItem","position":3,"name":"L\u00e1mpara germicida UVCTLAMP de Roblan"}]},{"@type":"WebSite","@id":"https:\/\/ledsolintel.com\/#website","url":"https:\/\/ledsolintel.com\/","name":"Webmenaje","description":"Magasin d'ampoules et de lampes LED pour les professionnels","publisher":{"@id":"https:\/\/ledsolintel.com\/#organization"},"potentialAction":[{"@type":"SearchAction","target":{"@type":"EntryPoint","urlTemplate":"https:\/\/ledsolintel.com\/?s={search_term_string}"},"query-input":{"@type":"PropertyValueSpecification","valueRequired":true,"valueName":"search_term_string"}}],"inLanguage":"fr-FR"},{"@type":"Organization","@id":"https:\/\/ledsolintel.com\/#organization","name":"Solintel Noroeste, S.L.","url":"https:\/\/ledsolintel.com\/","logo":{"@type":"ImageObject","inLanguage":"fr-FR","@id":"https:\/\/ledsolintel.com\/#\/schema\/logo\/image\/","url":"https:\/\/ledsolintel.com\/wp-content\/uploads\/2024\/11\/webmenaje-logo-1508269066.jpg","contentUrl":"https:\/\/ledsolintel.com\/wp-content\/uploads\/2024\/11\/webmenaje-logo-1508269066.jpg","width":370,"height":90,"caption":"Solintel Noroeste, S.L."},"image":{"@id":"https:\/\/ledsolintel.com\/#\/schema\/logo\/image\/"},"sameAs":["http:\/\/www.facebook.com\/webmenaje","https:\/\/x.com\/webmenaje","https:\/\/www.youtube.com\/channel\/UCX2KoVoeCG4LocZjUc6LmSQ","http:\/\/www.pinterest.com\/webmenaje"]}]}},"_links":{"self":[{"href":"https:\/\/ledsolintel.com\/fr\/wp-json\/wp\/v2\/product\/243467","targetHints":{"allow":["GET"]}}],"collection":[{"href":"https:\/\/ledsolintel.com\/fr\/wp-json\/wp\/v2\/product"}],"about":[{"href":"https:\/\/ledsolintel.com\/fr\/wp-json\/wp\/v2\/types\/product"}],"version-history":[{"count":0,"href":"https:\/\/ledsolintel.com\/fr\/wp-json\/wp\/v2\/product\/243467\/revisions"}],"wp:featuredmedia":[{"embeddable":true,"href":"https:\/\/ledsolintel.com\/fr\/wp-json\/wp\/v2\/media\/243466"}],"wp:attachment":[{"href":"https:\/\/ledsolintel.com\/fr\/wp-json\/wp\/v2\/media?parent=243467"}],"wp:term":[{"taxonomy":"product_brand","embeddable":true,"href":"https:\/\/ledsolintel.com\/fr\/wp-json\/wp\/v2\/product_brand?post=243467"},{"taxonomy":"product_cat","embeddable":true,"href":"https:\/\/ledsolintel.com\/fr\/wp-json\/wp\/v2\/product_cat?post=243467"},{"taxonomy":"product_tag","embeddable":true,"href":"https:\/\/ledsolintel.com\/fr\/wp-json\/wp\/v2\/product_tag?post=243467"}],"curies":[{"name":"wp","href":"https:\/\/api.w.org\/{rel}","templated":true}]}}