{"id":243462,"date":"2020-06-01T17:38:25","date_gmt":"2020-06-01T15:38:25","guid":{"rendered":"https:\/\/nueva.ledsolintel.com\/product\/tubo-led-germicida-uvct8-de-roblan\/"},"modified":"2020-06-01T17:38:25","modified_gmt":"2020-06-01T15:38:25","slug":"tubo-led-germicida-uvct8-de-roblan","status":"publish","type":"product","link":"https:\/\/ledsolintel.com\/fr\/produit-2\/tubo-led-germicida-uvct8-de-roblan\/","title":{"rendered":"Roblan UVCT8 LED tube germicide UVCT8"},"content":{"rendered":"<h1>Roblan UVCT8 LED tube germicide UVCT8<\/h1>\n<p>\u00a0<\/p>\n<p>Le tube UVCT8 d\u00e9sinfecte en profondeur les grandes surfaces, en \u00e9liminant les virus et les micro-organismes susceptibles de provoquer des maladies. Il est id\u00e9al pour le nettoyage des lieux de travail, des passages et des espaces publics (ascenseurs, h\u00f4pitaux, bureaux, salles de classe, magasins, couloirs, restaurants et bars, supermarch\u00e9s, etc.).<\/p>\n<p>Fabriqu\u00e9e en aluminium et PC avec un traitement sp\u00e9cial anti-UV pour une plus grande efficacit\u00e9, avec 3535 LED.<\/p>\n<p>Disponible en 3 tailles.<\/p>\n<p><b>\u00a0<\/b><\/p>\n<h2><strong>AVERTISSEMENT<\/strong><\/h2>\n<p>Le tube UVCT8 est un instrument puissant qui peut causer de graves probl\u00e8mes de sant\u00e9 s'il n'est pas utilis\u00e9 avec pr\u00e9caution. Il est essentiel de <strong>\u00e9vacuer les personnes et les animaux de la zone avant d'allumer le feu\u00a0<\/strong>et, le cas \u00e9ch\u00e9ant, avertir qu'il est utilis\u00e9 pour \u00e9viter que quelqu'un ne p\u00e9n\u00e8tre accidentellement dans la zone.<\/p>\n<p>Il int\u00e8gre trois syst\u00e8mes de s\u00e9curit\u00e9 compl\u00e9mentaires :<\/p>\n<ul>\n<li><strong>Mise sous tension avec un d\u00e9lai de 30 secondes<\/strong> pour avoir le temps de nettoyer la zone.<\/li>\n<li><strong>Capteur de pr\u00e9sence<\/strong> jusqu'\u00e0 5 m\u00e8tres, avec arr\u00eat automatique.<\/li>\n<li><strong>Red\u00e9marrage automatique<\/strong> <strong>avec retard<\/strong> lorsque la pr\u00e9sence n'est plus d\u00e9tect\u00e9e.<\/li>\n<\/ul>\n<p>\u00a0<\/p>\n<h3>Caract\u00e9ristiques techniques<\/h3>\n<p>\u00a0<\/p>\n<h4><strong>Tube LED germicide UVCT8 60 cm<\/strong><\/h4>\n<ul>\n<li>Puissance : 6 W<\/li>\n<li>UVC : 60 mW<\/li>\n<li>Tension : 180-265 V<\/li>\n<li>Connexion : G13<\/li>\n<li>Angle : 120\u00ba Angle : 120\u00ba Angle : 120\u00ba Angle : 120\u00ba Angle : 120\u00ba Angle : 120\u00ba Angle : 120<\/li>\n<li>Dur\u00e9e de vie : 20 000 heures<\/li>\n<li>PF : 0,5<\/li>\n<li>IP20<\/li>\n<li>Dimensions : 588 mm<\/li>\n<\/ul>\n<p>\u00a0<\/p>\n<h4>Tube LED germicide UVCT8 120 cm<\/h4>\n<ul>\n<li>Puissance : 12 W<\/li>\n<li>UVC : 120 mW<\/li>\n<li>Tension : 180-265 V<\/li>\n<li>Connexion : G13<\/li>\n<li>Angle : 120\u00ba Angle : 120\u00ba Angle : 120\u00ba Angle : 120\u00ba Angle : 120\u00ba Angle : 120\u00ba Angle : 120<\/li>\n<li>Dur\u00e9e de vie : 20 000 heures<\/li>\n<li>PF : 0,5<\/li>\n<li>IP20<\/li>\n<li>Dimensions : 1198 mm<\/li>\n<\/ul>\n<p>\u00a0<\/p>\n<h4>Tube LED germicide UVCT8 150 cm<\/h4>\n<ul>\n<li>Puissance : 15 W<\/li>\n<li>UVC : 120 mW<\/li>\n<li>Tension : 180-265 V<\/li>\n<li>Connexion : G13<\/li>\n<li>Angle : 120\u00ba Angle : 120\u00ba Angle : 120\u00ba Angle : 120\u00ba Angle : 120\u00ba Angle : 120\u00ba Angle : 120<\/li>\n<li>Dur\u00e9e de vie : 20 000 heures<\/li>\n<li>PF : 0,5<\/li>\n<li>IP20<\/li>\n<li>Dimensions : 1198 mm<\/li>\n<\/ul>\n<p>\u00a0<\/p>\n<p>Le tube de 150 cm n'est disponible que sur demande.<\/p>","protected":false},"excerpt":{"rendered":"<p>Tube LED germicide Roblan UVCT8. D\u00e9sinfecte en profondeur les grands espaces, en \u00e9liminant les virus et les micro-organismes. A utiliser dans les zones de travail ou les zones ouvertes au public, de l'industrie et du commerce aux h\u00f4pitaux et aux \u00e9coles.<\/p>","protected":false},"featured_media":243461,"template":"","meta":[],"product_brand":[99355],"product_cat":[15],"product_tag":[],"class_list":{"0":"post-243462","1":"product","2":"type-product","3":"status-publish","4":"has-post-thumbnail","6":"product_brand-roblan","7":"product_cat-uncategorized","8":"pa_tamano-60cm","9":"pa_tamano-120cm","10":"pa_tamano-150cm","13":"instock","14":"taxable","15":"shipping-taxable","16":"purchasable","17":"product-type-variable","18":"has-default-attributes"},"yoast_head":"<!-- This site is optimized with the Yoast SEO plugin v26.6 - https:\/\/yoast.com\/wordpress\/plugins\/seo\/ -->\n<title>Tubo LED germicida UVCT8 de Roblan<\/title>\n<meta name=\"description\" content=\"Tubo LED germicida UVCT8 de Roblan. Desinfecta en profundidad espacios amplios eliminando virus y microorganismos. Uso en zonas de trabajo o abiertas al p\u00fablico\" \/>\n<meta name=\"robots\" content=\"index, follow, max-snippet:-1, max-image-preview:large, max-video-preview:-1\" \/>\n<link rel=\"canonical\" href=\"https:\/\/ledsolintel.com\/fr\/produit-2\/tubo-led-germicida-uvct8-de-roblan\/\" \/>\n<meta property=\"og:locale\" content=\"fr_FR\" \/>\n<meta property=\"og:type\" content=\"article\" \/>\n<meta property=\"og:title\" content=\"Tubo LED germicida UVCT8 de Roblan\" \/>\n<meta property=\"og:description\" content=\"Tubo LED germicida UVCT8 de Roblan. Desinfecta en profundidad espacios amplios eliminando virus y microorganismos. Uso en zonas de trabajo o abiertas al p\u00fablico\" \/>\n<meta property=\"og:url\" content=\"https:\/\/ledsolintel.com\/fr\/produit-2\/tubo-led-germicida-uvct8-de-roblan\/\" \/>\n<meta property=\"og:site_name\" content=\"Ledsolintel\" \/>\n<meta property=\"article:publisher\" content=\"http:\/\/www.facebook.com\/webmenaje\" \/>\n<meta property=\"og:image\" content=\"https:\/\/ledsolintel.com\/wp-content\/uploads\/2020\/06\/9506-Tubo-LED-germicida-UVCT8-de-Roblan.jpg\" \/>\n\t<meta property=\"og:image:width\" content=\"1\" \/>\n\t<meta property=\"og:image:height\" content=\"1\" \/>\n\t<meta property=\"og:image:type\" content=\"image\/jpeg\" \/>\n<meta name=\"twitter:card\" content=\"summary_large_image\" \/>\n<meta name=\"twitter:site\" content=\"@webmenaje\" \/>\n<meta name=\"twitter:label1\" content=\"Dur\u00e9e de lecture estim\u00e9e\" \/>\n\t<meta name=\"twitter:data1\" content=\"1 minute\" \/>\n<script type=\"application\/ld+json\" class=\"yoast-schema-graph\">{\"@context\":\"https:\/\/schema.org\",\"@graph\":[{\"@type\":\"WebPage\",\"@id\":\"https:\/\/ledsolintel.com\/product\/tubo-led-germicida-uvct8-de-roblan\/\",\"url\":\"https:\/\/ledsolintel.com\/product\/tubo-led-germicida-uvct8-de-roblan\/\",\"name\":\"Tubo LED germicida UVCT8 de Roblan\",\"isPartOf\":{\"@id\":\"https:\/\/ledsolintel.com\/#website\"},\"primaryImageOfPage\":{\"@id\":\"https:\/\/ledsolintel.com\/product\/tubo-led-germicida-uvct8-de-roblan\/#primaryimage\"},\"image\":{\"@id\":\"https:\/\/ledsolintel.com\/product\/tubo-led-germicida-uvct8-de-roblan\/#primaryimage\"},\"thumbnailUrl\":\"https:\/\/ledsolintel.com\/wp-content\/uploads\/2020\/06\/9506-Tubo-LED-germicida-UVCT8-de-Roblan.jpg\",\"datePublished\":\"2020-06-01T15:38:25+00:00\",\"description\":\"Tubo LED germicida UVCT8 de Roblan. Desinfecta en profundidad espacios amplios eliminando virus y microorganismos. Uso en zonas de trabajo o abiertas al p\u00fablico\",\"breadcrumb\":{\"@id\":\"https:\/\/ledsolintel.com\/product\/tubo-led-germicida-uvct8-de-roblan\/#breadcrumb\"},\"inLanguage\":\"fr-FR\",\"potentialAction\":[{\"@type\":\"ReadAction\",\"target\":[\"https:\/\/ledsolintel.com\/product\/tubo-led-germicida-uvct8-de-roblan\/\"]}]},{\"@type\":\"ImageObject\",\"inLanguage\":\"fr-FR\",\"@id\":\"https:\/\/ledsolintel.com\/product\/tubo-led-germicida-uvct8-de-roblan\/#primaryimage\",\"url\":\"https:\/\/ledsolintel.com\/wp-content\/uploads\/2020\/06\/9506-Tubo-LED-germicida-UVCT8-de-Roblan.jpg\",\"contentUrl\":\"https:\/\/ledsolintel.com\/wp-content\/uploads\/2020\/06\/9506-Tubo-LED-germicida-UVCT8-de-Roblan.jpg\",\"caption\":\"Tubo LED germicida UVCT8 de Roblan\"},{\"@type\":\"BreadcrumbList\",\"@id\":\"https:\/\/ledsolintel.com\/product\/tubo-led-germicida-uvct8-de-roblan\/#breadcrumb\",\"itemListElement\":[{\"@type\":\"ListItem\",\"position\":1,\"name\":\"Portada\",\"item\":\"https:\/\/ledsolintel.com\/fr\/\"},{\"@type\":\"ListItem\",\"position\":2,\"name\":\"Tienda\",\"item\":\"https:\/\/ledsolintel.com\/tienda\/\"},{\"@type\":\"ListItem\",\"position\":3,\"name\":\"Tubo LED germicida UVCT8 de Roblan\"}]},{\"@type\":\"WebSite\",\"@id\":\"https:\/\/ledsolintel.com\/#website\",\"url\":\"https:\/\/ledsolintel.com\/\",\"name\":\"Webmenaje\",\"description\":\"Tienda de bombillas y l\u00e1mparas LED para profesionales\",\"publisher\":{\"@id\":\"https:\/\/ledsolintel.com\/#organization\"},\"potentialAction\":[{\"@type\":\"SearchAction\",\"target\":{\"@type\":\"EntryPoint\",\"urlTemplate\":\"https:\/\/ledsolintel.com\/?s={search_term_string}\"},\"query-input\":{\"@type\":\"PropertyValueSpecification\",\"valueRequired\":true,\"valueName\":\"search_term_string\"}}],\"inLanguage\":\"fr-FR\"},{\"@type\":\"Organization\",\"@id\":\"https:\/\/ledsolintel.com\/#organization\",\"name\":\"Solintel Noroeste, S.L.\",\"url\":\"https:\/\/ledsolintel.com\/\",\"logo\":{\"@type\":\"ImageObject\",\"inLanguage\":\"fr-FR\",\"@id\":\"https:\/\/ledsolintel.com\/#\/schema\/logo\/image\/\",\"url\":\"https:\/\/ledsolintel.com\/wp-content\/uploads\/2024\/11\/webmenaje-logo-1508269066.jpg\",\"contentUrl\":\"https:\/\/ledsolintel.com\/wp-content\/uploads\/2024\/11\/webmenaje-logo-1508269066.jpg\",\"width\":370,\"height\":90,\"caption\":\"Solintel Noroeste, S.L.\"},\"image\":{\"@id\":\"https:\/\/ledsolintel.com\/#\/schema\/logo\/image\/\"},\"sameAs\":[\"http:\/\/www.facebook.com\/webmenaje\",\"https:\/\/x.com\/webmenaje\",\"https:\/\/www.youtube.com\/channel\/UCX2KoVoeCG4LocZjUc6LmSQ\",\"http:\/\/www.pinterest.com\/webmenaje\"]}]}<\/script>\n<!-- \/ Yoast SEO plugin. -->","yoast_head_json":{"title":"Roblan UVCT8 LED tube germicide UVCT8","description":"Tubo LED germicida UVCT8 de Roblan. Desinfecta en profundidad espacios amplios eliminando virus y microorganismos. Uso en zonas de trabajo o abiertas al p\u00fablico","robots":{"index":"index","follow":"follow","max-snippet":"max-snippet:-1","max-image-preview":"max-image-preview:large","max-video-preview":"max-video-preview:-1"},"canonical":"https:\/\/ledsolintel.com\/fr\/produit-2\/tubo-led-germicida-uvct8-de-roblan\/","og_locale":"fr_FR","og_type":"article","og_title":"Tubo LED germicida UVCT8 de Roblan","og_description":"Tubo LED germicida UVCT8 de Roblan. Desinfecta en profundidad espacios amplios eliminando virus y microorganismos. Uso en zonas de trabajo o abiertas al p\u00fablico","og_url":"https:\/\/ledsolintel.com\/fr\/produit-2\/tubo-led-germicida-uvct8-de-roblan\/","og_site_name":"Ledsolintel","article_publisher":"http:\/\/www.facebook.com\/webmenaje","og_image":[{"url":"https:\/\/ledsolintel.com\/wp-content\/uploads\/2020\/06\/9506-Tubo-LED-germicida-UVCT8-de-Roblan.jpg","width":1,"height":1,"type":"image\/jpeg"}],"twitter_card":"summary_large_image","twitter_site":"@webmenaje","twitter_misc":{"Dur\u00e9e de lecture estim\u00e9e":"1 minute"},"schema":{"@context":"https:\/\/schema.org","@graph":[{"@type":"WebPage","@id":"https:\/\/ledsolintel.com\/product\/tubo-led-germicida-uvct8-de-roblan\/","url":"https:\/\/ledsolintel.com\/product\/tubo-led-germicida-uvct8-de-roblan\/","name":"Roblan UVCT8 LED tube germicide UVCT8","isPartOf":{"@id":"https:\/\/ledsolintel.com\/#website"},"primaryImageOfPage":{"@id":"https:\/\/ledsolintel.com\/product\/tubo-led-germicida-uvct8-de-roblan\/#primaryimage"},"image":{"@id":"https:\/\/ledsolintel.com\/product\/tubo-led-germicida-uvct8-de-roblan\/#primaryimage"},"thumbnailUrl":"https:\/\/ledsolintel.com\/wp-content\/uploads\/2020\/06\/9506-Tubo-LED-germicida-UVCT8-de-Roblan.jpg","datePublished":"2020-06-01T15:38:25+00:00","description":"Tubo LED germicida UVCT8 de Roblan. Desinfecta en profundidad espacios amplios eliminando virus y microorganismos. Uso en zonas de trabajo o abiertas al p\u00fablico","breadcrumb":{"@id":"https:\/\/ledsolintel.com\/product\/tubo-led-germicida-uvct8-de-roblan\/#breadcrumb"},"inLanguage":"fr-FR","potentialAction":[{"@type":"ReadAction","target":["https:\/\/ledsolintel.com\/product\/tubo-led-germicida-uvct8-de-roblan\/"]}]},{"@type":"ImageObject","inLanguage":"fr-FR","@id":"https:\/\/ledsolintel.com\/product\/tubo-led-germicida-uvct8-de-roblan\/#primaryimage","url":"https:\/\/ledsolintel.com\/wp-content\/uploads\/2020\/06\/9506-Tubo-LED-germicida-UVCT8-de-Roblan.jpg","contentUrl":"https:\/\/ledsolintel.com\/wp-content\/uploads\/2020\/06\/9506-Tubo-LED-germicida-UVCT8-de-Roblan.jpg","caption":"Tubo LED germicida UVCT8 de Roblan"},{"@type":"BreadcrumbList","@id":"https:\/\/ledsolintel.com\/product\/tubo-led-germicida-uvct8-de-roblan\/#breadcrumb","itemListElement":[{"@type":"ListItem","position":1,"name":"Portada","item":"https:\/\/ledsolintel.com\/fr\/"},{"@type":"ListItem","position":2,"name":"Tienda","item":"https:\/\/ledsolintel.com\/tienda\/"},{"@type":"ListItem","position":3,"name":"Tubo LED germicida UVCT8 de Roblan"}]},{"@type":"WebSite","@id":"https:\/\/ledsolintel.com\/#website","url":"https:\/\/ledsolintel.com\/","name":"Webmenaje","description":"Magasin d'ampoules et de lampes LED pour les professionnels","publisher":{"@id":"https:\/\/ledsolintel.com\/#organization"},"potentialAction":[{"@type":"SearchAction","target":{"@type":"EntryPoint","urlTemplate":"https:\/\/ledsolintel.com\/?s={search_term_string}"},"query-input":{"@type":"PropertyValueSpecification","valueRequired":true,"valueName":"search_term_string"}}],"inLanguage":"fr-FR"},{"@type":"Organization","@id":"https:\/\/ledsolintel.com\/#organization","name":"Solintel Noroeste, S.L.","url":"https:\/\/ledsolintel.com\/","logo":{"@type":"ImageObject","inLanguage":"fr-FR","@id":"https:\/\/ledsolintel.com\/#\/schema\/logo\/image\/","url":"https:\/\/ledsolintel.com\/wp-content\/uploads\/2024\/11\/webmenaje-logo-1508269066.jpg","contentUrl":"https:\/\/ledsolintel.com\/wp-content\/uploads\/2024\/11\/webmenaje-logo-1508269066.jpg","width":370,"height":90,"caption":"Solintel Noroeste, S.L."},"image":{"@id":"https:\/\/ledsolintel.com\/#\/schema\/logo\/image\/"},"sameAs":["http:\/\/www.facebook.com\/webmenaje","https:\/\/x.com\/webmenaje","https:\/\/www.youtube.com\/channel\/UCX2KoVoeCG4LocZjUc6LmSQ","http:\/\/www.pinterest.com\/webmenaje"]}]}},"_links":{"self":[{"href":"https:\/\/ledsolintel.com\/fr\/wp-json\/wp\/v2\/product\/243462","targetHints":{"allow":["GET"]}}],"collection":[{"href":"https:\/\/ledsolintel.com\/fr\/wp-json\/wp\/v2\/product"}],"about":[{"href":"https:\/\/ledsolintel.com\/fr\/wp-json\/wp\/v2\/types\/product"}],"version-history":[{"count":0,"href":"https:\/\/ledsolintel.com\/fr\/wp-json\/wp\/v2\/product\/243462\/revisions"}],"wp:featuredmedia":[{"embeddable":true,"href":"https:\/\/ledsolintel.com\/fr\/wp-json\/wp\/v2\/media\/243461"}],"wp:attachment":[{"href":"https:\/\/ledsolintel.com\/fr\/wp-json\/wp\/v2\/media?parent=243462"}],"wp:term":[{"taxonomy":"product_brand","embeddable":true,"href":"https:\/\/ledsolintel.com\/fr\/wp-json\/wp\/v2\/product_brand?post=243462"},{"taxonomy":"product_cat","embeddable":true,"href":"https:\/\/ledsolintel.com\/fr\/wp-json\/wp\/v2\/product_cat?post=243462"},{"taxonomy":"product_tag","embeddable":true,"href":"https:\/\/ledsolintel.com\/fr\/wp-json\/wp\/v2\/product_tag?post=243462"}],"curies":[{"name":"wp","href":"https:\/\/api.w.org\/{rel}","templated":true}]}}