{"id":243460,"date":"2020-06-01T17:09:20","date_gmt":"2020-06-01T15:09:20","guid":{"rendered":"https:\/\/nueva.ledsolintel.com\/product\/linterna-esterilizadora-uvctorch-de-roblan\/"},"modified":"2020-06-01T17:09:20","modified_gmt":"2020-06-01T15:09:20","slug":"torche-de-sterilisation-roblan-uvctorch","status":"publish","type":"product","link":"https:\/\/ledsolintel.com\/fr\/produit-2\/torche-de-sterilisation-roblan-uvctorch\/","title":{"rendered":"Lumi\u00e8re de st\u00e9rilisation Roblan UVCTORCH UVCTORCH"},"content":{"rendered":"<h1>Lumi\u00e8re de st\u00e9rilisation Roblan UVCTORCH UVCTORCH<\/h1>\n<p>\u00a0<\/p>\n<p>La torche UVCTORCH d\u00e9sinfecte en profondeur les petites surfaces, en \u00e9liminant les virus et les micro-organismes susceptibles de provoquer des maladies. C'est un outil id\u00e9al pour nettoyer toutes sortes d'objets de la vie quotidienne (t\u00e9l\u00e9phones, portefeuilles, claviers, chaussures, tables, poign\u00e9es de porte, argent, habitacles de voitures...).<\/p>\n<p>Pour une utilisation correcte, il ne doit pas se trouver \u00e0 plus de 5 cm de la surface. Une d\u00e9sinfection compl\u00e8te prend environ 30 \u00e0 50 secondes.\u00a0<\/p>\n<p>Elle int\u00e8gre une petite lampe LED \u00e0 l'avant pour l'\u00e9clairage, comme une torche traditionnelle.<\/p>\n<p><b>\u00a0<\/b><\/p>\n<p><strong>AVERTISSEMENT<\/strong><\/p>\n<p>La torche UVCTORCH est un instrument puissant qui peut causer des dommages \u00e0 l'homme et \u00e0 d'autres animaux s'il n'est pas utilis\u00e9 avec pr\u00e9caution. Il est important de <strong>\u00e9viter de se concentrer sur une partie du corps<\/strong>, Tenez-le hors de port\u00e9e des enfants. Pour une utilisation plus s\u00fbre <strong>int\u00e8gre un gyroscope qui \u00e9teint automatiquement la lampe<\/strong> lorsqu'il est retourn\u00e9.<\/p>\n<p>\u00a0<\/p>\n<h3>Caract\u00e9ristiques techniques<\/h3>\n<ul>\n<li>Puissance : 3 W<\/li>\n<li>UVC : 30-40 mW (\u00e0 une distance de 3-5 cm)<\/li>\n<li>Batterie : 3,7 V \/ 600 mA<\/li>\n<li>Angle : 120\u00ba Angle : 120\u00ba Angle : 120\u00ba Angle : 120\u00ba Angle : 120\u00ba Angle : 120\u00ba Angle : 120<\/li>\n<li>Dur\u00e9e de vie : 10 000 heures<\/li>\n<li>Dimensions : 248x34x13 mm<\/li>\n<\/ul>","protected":false},"excerpt":{"rendered":"<p>Roblan UVCTORCH Lampe de poche st\u00e9rilisante UVCTORCH. D\u00e9sinfecte en profondeur les petites surfaces, en \u00e9liminant les virus et les micro-organismes. Id\u00e9al pour les objets de la vie quotidienne.\u00a0<\/p>\n<p>Il comprend une lumi\u00e8re frontale.<\/p>","protected":false},"featured_media":243458,"template":"","meta":[],"product_brand":[99355],"product_cat":[15],"product_tag":[],"class_list":{"0":"post-243460","1":"product","2":"type-product","3":"status-publish","4":"has-post-thumbnail","6":"product_brand-roblan","7":"product_cat-uncategorized","10":"instock","11":"taxable","12":"shipping-taxable","13":"purchasable","14":"product-type-simple"},"yoast_head":"<!-- This site is optimized with the Yoast SEO plugin v27.4 - https:\/\/yoast.com\/product\/yoast-seo-wordpress\/ -->\n<title>Linterna Esterilizadora UVCTORCH de Roblan<\/title>\n<meta name=\"description\" content=\"Linterna Esterilizadora UVCTORCH de Roblan. Desinfecta en profundidad superficies peque\u00f1as, eliminando virus y microorganismos. Para objetos de uso cotidiano.\" \/>\n<meta name=\"robots\" content=\"index, follow, max-snippet:-1, max-image-preview:large, max-video-preview:-1\" \/>\n<link rel=\"canonical\" href=\"https:\/\/ledsolintel.com\/fr\/produit-2\/torche-de-sterilisation-roblan-uvctorch\/\" \/>\n<meta property=\"og:locale\" content=\"fr_FR\" \/>\n<meta property=\"og:type\" content=\"article\" \/>\n<meta property=\"og:title\" content=\"Linterna Esterilizadora UVCTORCH de Roblan\" \/>\n<meta property=\"og:description\" content=\"Linterna Esterilizadora UVCTORCH de Roblan. Desinfecta en profundidad superficies peque\u00f1as, eliminando virus y microorganismos. Para objetos de uso cotidiano.\" \/>\n<meta property=\"og:url\" content=\"https:\/\/ledsolintel.com\/fr\/produit-2\/torche-de-sterilisation-roblan-uvctorch\/\" \/>\n<meta property=\"og:site_name\" content=\"Ledsolintel\" \/>\n<meta property=\"article:publisher\" content=\"http:\/\/www.facebook.com\/webmenaje\" \/>\n<meta property=\"og:image\" content=\"https:\/\/ledsolintel.com\/wp-content\/uploads\/2020\/06\/9507-Linterna-Esterilizadora-UVCTORCH-de-Roblan.jpg\" \/>\n\t<meta property=\"og:image:width\" content=\"1\" \/>\n\t<meta property=\"og:image:height\" content=\"1\" \/>\n\t<meta property=\"og:image:type\" content=\"image\/jpeg\" \/>\n<meta name=\"twitter:card\" content=\"summary_large_image\" \/>\n<meta name=\"twitter:site\" content=\"@webmenaje\" \/>\n<meta name=\"twitter:label1\" content=\"Dur\u00e9e de lecture estim\u00e9e\" \/>\n\t<meta name=\"twitter:data1\" content=\"1 minute\" \/>\n<script type=\"application\/ld+json\" class=\"yoast-schema-graph\">{\"@context\":\"https:\\\/\\\/schema.org\",\"@graph\":[{\"@type\":\"WebPage\",\"@id\":\"https:\\\/\\\/ledsolintel.com\\\/product\\\/linterna-esterilizadora-uvctorch-de-roblan\\\/\",\"url\":\"https:\\\/\\\/ledsolintel.com\\\/product\\\/linterna-esterilizadora-uvctorch-de-roblan\\\/\",\"name\":\"Linterna Esterilizadora UVCTORCH de Roblan\",\"isPartOf\":{\"@id\":\"https:\\\/\\\/ledsolintel.com\\\/#website\"},\"primaryImageOfPage\":{\"@id\":\"https:\\\/\\\/ledsolintel.com\\\/product\\\/linterna-esterilizadora-uvctorch-de-roblan\\\/#primaryimage\"},\"image\":{\"@id\":\"https:\\\/\\\/ledsolintel.com\\\/product\\\/linterna-esterilizadora-uvctorch-de-roblan\\\/#primaryimage\"},\"thumbnailUrl\":\"https:\\\/\\\/ledsolintel.com\\\/wp-content\\\/uploads\\\/2020\\\/06\\\/9507-Linterna-Esterilizadora-UVCTORCH-de-Roblan.jpg\",\"datePublished\":\"2020-06-01T15:09:20+00:00\",\"description\":\"Linterna Esterilizadora UVCTORCH de Roblan. Desinfecta en profundidad superficies peque\u00f1as, eliminando virus y microorganismos. Para objetos de uso cotidiano.\",\"breadcrumb\":{\"@id\":\"https:\\\/\\\/ledsolintel.com\\\/product\\\/linterna-esterilizadora-uvctorch-de-roblan\\\/#breadcrumb\"},\"inLanguage\":\"fr-FR\",\"potentialAction\":[{\"@type\":\"ReadAction\",\"target\":[\"https:\\\/\\\/ledsolintel.com\\\/product\\\/linterna-esterilizadora-uvctorch-de-roblan\\\/\"]}]},{\"@type\":\"ImageObject\",\"inLanguage\":\"fr-FR\",\"@id\":\"https:\\\/\\\/ledsolintel.com\\\/product\\\/linterna-esterilizadora-uvctorch-de-roblan\\\/#primaryimage\",\"url\":\"https:\\\/\\\/ledsolintel.com\\\/wp-content\\\/uploads\\\/2020\\\/06\\\/9507-Linterna-Esterilizadora-UVCTORCH-de-Roblan.jpg\",\"contentUrl\":\"https:\\\/\\\/ledsolintel.com\\\/wp-content\\\/uploads\\\/2020\\\/06\\\/9507-Linterna-Esterilizadora-UVCTORCH-de-Roblan.jpg\",\"caption\":\"Linterna Esterilizadora UVCTORCH de Roblan\"},{\"@type\":\"BreadcrumbList\",\"@id\":\"https:\\\/\\\/ledsolintel.com\\\/product\\\/linterna-esterilizadora-uvctorch-de-roblan\\\/#breadcrumb\",\"itemListElement\":[{\"@type\":\"ListItem\",\"position\":1,\"name\":\"Portada\",\"item\":\"https:\\\/\\\/ledsolintel.com\\\/fr\\\/\"},{\"@type\":\"ListItem\",\"position\":2,\"name\":\"Tienda\",\"item\":\"https:\\\/\\\/ledsolintel.com\\\/tienda\\\/\"},{\"@type\":\"ListItem\",\"position\":3,\"name\":\"Linterna Esterilizadora UVCTORCH de Roblan\"}]},{\"@type\":\"WebSite\",\"@id\":\"https:\\\/\\\/ledsolintel.com\\\/#website\",\"url\":\"https:\\\/\\\/ledsolintel.com\\\/\",\"name\":\"Webmenaje\",\"description\":\"Tienda de bombillas y l\u00e1mparas LED para profesionales\",\"publisher\":{\"@id\":\"https:\\\/\\\/ledsolintel.com\\\/#organization\"},\"potentialAction\":[{\"@type\":\"SearchAction\",\"target\":{\"@type\":\"EntryPoint\",\"urlTemplate\":\"https:\\\/\\\/ledsolintel.com\\\/?s={search_term_string}\"},\"query-input\":{\"@type\":\"PropertyValueSpecification\",\"valueRequired\":true,\"valueName\":\"search_term_string\"}}],\"inLanguage\":\"fr-FR\"},{\"@type\":\"Organization\",\"@id\":\"https:\\\/\\\/ledsolintel.com\\\/#organization\",\"name\":\"Solintel Noroeste, S.L.\",\"url\":\"https:\\\/\\\/ledsolintel.com\\\/\",\"logo\":{\"@type\":\"ImageObject\",\"inLanguage\":\"fr-FR\",\"@id\":\"https:\\\/\\\/ledsolintel.com\\\/#\\\/schema\\\/logo\\\/image\\\/\",\"url\":\"https:\\\/\\\/ledsolintel.com\\\/wp-content\\\/uploads\\\/2024\\\/11\\\/webmenaje-logo-1508269066.jpg\",\"contentUrl\":\"https:\\\/\\\/ledsolintel.com\\\/wp-content\\\/uploads\\\/2024\\\/11\\\/webmenaje-logo-1508269066.jpg\",\"width\":370,\"height\":90,\"caption\":\"Solintel Noroeste, S.L.\"},\"image\":{\"@id\":\"https:\\\/\\\/ledsolintel.com\\\/#\\\/schema\\\/logo\\\/image\\\/\"},\"sameAs\":[\"http:\\\/\\\/www.facebook.com\\\/webmenaje\",\"https:\\\/\\\/x.com\\\/webmenaje\",\"https:\\\/\\\/www.youtube.com\\\/channel\\\/UCX2KoVoeCG4LocZjUc6LmSQ\",\"http:\\\/\\\/www.pinterest.com\\\/webmenaje\"]}]}<\/script>\n<!-- \/ Yoast SEO plugin. -->","yoast_head_json":{"title":"Lumi\u00e8re de st\u00e9rilisation Roblan UVCTORCH UVCTORCH","description":"Roblan UVCTORCH Lampe de poche st\u00e9rilisante UVCTORCH. D\u00e9sinfecte en profondeur les petites surfaces et \u00e9limine les virus et les micro-organismes. Pour les objets de tous les jours.","robots":{"index":"index","follow":"follow","max-snippet":"max-snippet:-1","max-image-preview":"max-image-preview:large","max-video-preview":"max-video-preview:-1"},"canonical":"https:\/\/ledsolintel.com\/fr\/produit-2\/torche-de-sterilisation-roblan-uvctorch\/","og_locale":"fr_FR","og_type":"article","og_title":"Linterna Esterilizadora UVCTORCH de Roblan","og_description":"Linterna Esterilizadora UVCTORCH de Roblan. Desinfecta en profundidad superficies peque\u00f1as, eliminando virus y microorganismos. Para objetos de uso cotidiano.","og_url":"https:\/\/ledsolintel.com\/fr\/produit-2\/torche-de-sterilisation-roblan-uvctorch\/","og_site_name":"Ledsolintel","article_publisher":"http:\/\/www.facebook.com\/webmenaje","og_image":[{"url":"https:\/\/ledsolintel.com\/wp-content\/uploads\/2020\/06\/9507-Linterna-Esterilizadora-UVCTORCH-de-Roblan.jpg","width":1,"height":1,"type":"image\/jpeg"}],"twitter_card":"summary_large_image","twitter_site":"@webmenaje","twitter_misc":{"Dur\u00e9e de lecture estim\u00e9e":"1 minute"},"schema":{"@context":"https:\/\/schema.org","@graph":[{"@type":"WebPage","@id":"https:\/\/ledsolintel.com\/product\/linterna-esterilizadora-uvctorch-de-roblan\/","url":"https:\/\/ledsolintel.com\/product\/linterna-esterilizadora-uvctorch-de-roblan\/","name":"Lumi\u00e8re de st\u00e9rilisation Roblan UVCTORCH UVCTORCH","isPartOf":{"@id":"https:\/\/ledsolintel.com\/#website"},"primaryImageOfPage":{"@id":"https:\/\/ledsolintel.com\/product\/linterna-esterilizadora-uvctorch-de-roblan\/#primaryimage"},"image":{"@id":"https:\/\/ledsolintel.com\/product\/linterna-esterilizadora-uvctorch-de-roblan\/#primaryimage"},"thumbnailUrl":"https:\/\/ledsolintel.com\/wp-content\/uploads\/2020\/06\/9507-Linterna-Esterilizadora-UVCTORCH-de-Roblan.jpg","datePublished":"2020-06-01T15:09:20+00:00","description":"Roblan UVCTORCH Lampe de poche st\u00e9rilisante UVCTORCH. D\u00e9sinfecte en profondeur les petites surfaces et \u00e9limine les virus et les micro-organismes. Pour les objets de tous les jours.","breadcrumb":{"@id":"https:\/\/ledsolintel.com\/product\/linterna-esterilizadora-uvctorch-de-roblan\/#breadcrumb"},"inLanguage":"fr-FR","potentialAction":[{"@type":"ReadAction","target":["https:\/\/ledsolintel.com\/product\/linterna-esterilizadora-uvctorch-de-roblan\/"]}]},{"@type":"ImageObject","inLanguage":"fr-FR","@id":"https:\/\/ledsolintel.com\/product\/linterna-esterilizadora-uvctorch-de-roblan\/#primaryimage","url":"https:\/\/ledsolintel.com\/wp-content\/uploads\/2020\/06\/9507-Linterna-Esterilizadora-UVCTORCH-de-Roblan.jpg","contentUrl":"https:\/\/ledsolintel.com\/wp-content\/uploads\/2020\/06\/9507-Linterna-Esterilizadora-UVCTORCH-de-Roblan.jpg","caption":"Linterna Esterilizadora UVCTORCH de Roblan"},{"@type":"BreadcrumbList","@id":"https:\/\/ledsolintel.com\/product\/linterna-esterilizadora-uvctorch-de-roblan\/#breadcrumb","itemListElement":[{"@type":"ListItem","position":1,"name":"Portada","item":"https:\/\/ledsolintel.com\/fr\/"},{"@type":"ListItem","position":2,"name":"Tienda","item":"https:\/\/ledsolintel.com\/tienda\/"},{"@type":"ListItem","position":3,"name":"Linterna Esterilizadora UVCTORCH de Roblan"}]},{"@type":"WebSite","@id":"https:\/\/ledsolintel.com\/#website","url":"https:\/\/ledsolintel.com\/","name":"Webmenaje","description":"Magasin d'ampoules et de lampes LED pour les professionnels","publisher":{"@id":"https:\/\/ledsolintel.com\/#organization"},"potentialAction":[{"@type":"SearchAction","target":{"@type":"EntryPoint","urlTemplate":"https:\/\/ledsolintel.com\/?s={search_term_string}"},"query-input":{"@type":"PropertyValueSpecification","valueRequired":true,"valueName":"search_term_string"}}],"inLanguage":"fr-FR"},{"@type":"Organization","@id":"https:\/\/ledsolintel.com\/#organization","name":"Solintel Noroeste, S.L.","url":"https:\/\/ledsolintel.com\/","logo":{"@type":"ImageObject","inLanguage":"fr-FR","@id":"https:\/\/ledsolintel.com\/#\/schema\/logo\/image\/","url":"https:\/\/ledsolintel.com\/wp-content\/uploads\/2024\/11\/webmenaje-logo-1508269066.jpg","contentUrl":"https:\/\/ledsolintel.com\/wp-content\/uploads\/2024\/11\/webmenaje-logo-1508269066.jpg","width":370,"height":90,"caption":"Solintel Noroeste, S.L."},"image":{"@id":"https:\/\/ledsolintel.com\/#\/schema\/logo\/image\/"},"sameAs":["http:\/\/www.facebook.com\/webmenaje","https:\/\/x.com\/webmenaje","https:\/\/www.youtube.com\/channel\/UCX2KoVoeCG4LocZjUc6LmSQ","http:\/\/www.pinterest.com\/webmenaje"]}]}},"_links":{"self":[{"href":"https:\/\/ledsolintel.com\/fr\/wp-json\/wp\/v2\/product\/243460","targetHints":{"allow":["GET"]}}],"collection":[{"href":"https:\/\/ledsolintel.com\/fr\/wp-json\/wp\/v2\/product"}],"about":[{"href":"https:\/\/ledsolintel.com\/fr\/wp-json\/wp\/v2\/types\/product"}],"version-history":[{"count":0,"href":"https:\/\/ledsolintel.com\/fr\/wp-json\/wp\/v2\/product\/243460\/revisions"}],"wp:featuredmedia":[{"embeddable":true,"href":"https:\/\/ledsolintel.com\/fr\/wp-json\/wp\/v2\/media\/243458"}],"wp:attachment":[{"href":"https:\/\/ledsolintel.com\/fr\/wp-json\/wp\/v2\/media?parent=243460"}],"wp:term":[{"taxonomy":"product_brand","embeddable":true,"href":"https:\/\/ledsolintel.com\/fr\/wp-json\/wp\/v2\/product_brand?post=243460"},{"taxonomy":"product_cat","embeddable":true,"href":"https:\/\/ledsolintel.com\/fr\/wp-json\/wp\/v2\/product_cat?post=243460"},{"taxonomy":"product_tag","embeddable":true,"href":"https:\/\/ledsolintel.com\/fr\/wp-json\/wp\/v2\/product_tag?post=243460"}],"curies":[{"name":"wp","href":"https:\/\/api.w.org\/{rel}","templated":true}]}}