{"id":243422,"date":"2020-05-11T18:10:56","date_gmt":"2020-05-11T16:10:56","guid":{"rendered":"https:\/\/nueva.ledsolintel.com\/product\/ventilador-con-luz-panay-de-faro-2\/"},"modified":"2020-05-11T18:10:56","modified_gmt":"2020-05-11T16:10:56","slug":"ventilador-con-luz-panay-de-faro-2","status":"publish","type":"product","link":"https:\/\/ledsolintel.com\/fr\/produit-2\/ventilador-con-luz-panay-de-faro-2\/","title":{"rendered":"Ventilateur PANAY avec lumi\u00e8re par Faro Barcelona"},"content":{"rendered":"<h3>Caract\u00e9ristiques :<\/h3>\n<p>Ventilateur :<\/p>\n<ul>\n<li>Fabriqu\u00e9 en acier, ABS et verre opale.<\/li>\n<li>3 lames<\/li>\n<li>Di\u00e1metro: 1,22m<\/li>\n<li>Finitions :<\/li>\n<ul>\n<li>Blanco, palas reversibles blanco y arce<\/li>\n<li>N\u00edquel, palas reversibles n\u00edquel mate y caoba\u00a0<\/li>\n<\/ul>\n<li>RPM: de 95 a 200 (3 velocidades)<\/li>\n<li>Potencia: de 14 a 58W<\/li>\n<li>Tension : 220-240V<\/li>\n<li>Peso: 4,96kg<\/li>\n<\/ul>\n<p>\u00a0<\/p>\n<p>Lampe :<\/p>\n<ul>\n<li>2 bombillas conexi\u00f3n E14 hasta 40W<\/li>\n<\/ul>\n<p>\u00a0<\/p>\n<h4>Atenci\u00f3n: las bombillas no est\u00e1n incluidas. Es v\u00e1lida cualquier bombilla LED con conexi\u00f3n E14 hasta un m\u00e1ximo de 40W. Nosotros le recomendamos que acuda a fabricantes como Roblan o Beneito Faure, cuyos productos puede encontrar en esta misma web.<\/h4>","protected":false},"excerpt":{"rendered":"<p>Con un dise\u00f1o peque\u00f1o, sencillo y limpio, el ventilador con luz PANAY de Faro resulta una opci\u00f3n econ\u00f3mica perfecta para peque\u00f1os espacios, donde adem\u00e1s puede funcionar como fuente de iluminaci\u00f3n gracias a la posibilidad de a\u00f1adirle bombillas LED. Est\u00e1 disponible en dos variedades, con cuerpo blanco o n\u00edquel mate, cada una de con\u00a0dos colores diferentes en las palas.<\/p>","protected":false},"featured_media":243417,"template":"","meta":[],"product_brand":[99359],"product_cat":[99881,99643],"product_tag":[],"class_list":{"0":"post-243422","1":"product","2":"type-product","3":"status-publish","4":"has-post-thumbnail","6":"product_brand-faro-barcelona","7":"product_cat-ventiladores-con-luz-medianos","8":"product_cat-ventiladores-medianos","9":"pa_acabado-blanco","10":"pa_acabado-niquelmate","13":"instock","14":"taxable","15":"shipping-taxable","16":"purchasable","17":"product-type-variable","18":"has-default-attributes"},"yoast_head":"<!-- This site is optimized with the Yoast SEO plugin v26.6 - https:\/\/yoast.com\/wordpress\/plugins\/seo\/ -->\n<title>Ventilador con luz PANAY de Faro Barcelona<\/title>\n<meta name=\"description\" content=\"Con un dise\u00f1o peque\u00f1o, sencillo y limpio, el ventilador con luz PANAY de Faro Barcelona resulta una opci\u00f3n econ\u00f3mica perfecta para pequ\u00f1os espacios\" \/>\n<meta name=\"robots\" content=\"index, follow, max-snippet:-1, max-image-preview:large, max-video-preview:-1\" \/>\n<link rel=\"canonical\" href=\"https:\/\/ledsolintel.com\/fr\/produit-2\/ventilador-con-luz-panay-de-faro-2\/\" \/>\n<meta property=\"og:locale\" content=\"fr_FR\" \/>\n<meta property=\"og:type\" content=\"article\" \/>\n<meta property=\"og:title\" content=\"Ventilador con luz PANAY de Faro Barcelona\" \/>\n<meta property=\"og:description\" content=\"Con un dise\u00f1o peque\u00f1o, sencillo y limpio, el ventilador con luz PANAY de Faro Barcelona resulta una opci\u00f3n econ\u00f3mica perfecta para pequ\u00f1os espacios\" \/>\n<meta property=\"og:url\" content=\"https:\/\/ledsolintel.com\/fr\/produit-2\/ventilador-con-luz-panay-de-faro-2\/\" \/>\n<meta property=\"og:site_name\" content=\"Ledsolintel\" \/>\n<meta property=\"article:publisher\" content=\"http:\/\/www.facebook.com\/webmenaje\" \/>\n<meta property=\"og:image\" content=\"https:\/\/ledsolintel.com\/wp-content\/uploads\/2020\/05\/9458-Ventilador-con-luz-PANAY-de-Faro-Barcelona.jpg\" \/>\n\t<meta property=\"og:image:width\" content=\"1\" \/>\n\t<meta property=\"og:image:height\" content=\"1\" \/>\n\t<meta property=\"og:image:type\" content=\"image\/jpeg\" \/>\n<meta name=\"twitter:card\" content=\"summary_large_image\" \/>\n<meta name=\"twitter:site\" content=\"@webmenaje\" \/>\n<script type=\"application\/ld+json\" class=\"yoast-schema-graph\">{\"@context\":\"https:\/\/schema.org\",\"@graph\":[{\"@type\":\"WebPage\",\"@id\":\"https:\/\/ledsolintel.com\/product\/ventilador-con-luz-panay-de-faro-2\/\",\"url\":\"https:\/\/ledsolintel.com\/product\/ventilador-con-luz-panay-de-faro-2\/\",\"name\":\"Ventilador con luz PANAY de Faro Barcelona\",\"isPartOf\":{\"@id\":\"https:\/\/ledsolintel.com\/#website\"},\"primaryImageOfPage\":{\"@id\":\"https:\/\/ledsolintel.com\/product\/ventilador-con-luz-panay-de-faro-2\/#primaryimage\"},\"image\":{\"@id\":\"https:\/\/ledsolintel.com\/product\/ventilador-con-luz-panay-de-faro-2\/#primaryimage\"},\"thumbnailUrl\":\"https:\/\/ledsolintel.com\/wp-content\/uploads\/2020\/05\/9458-Ventilador-con-luz-PANAY-de-Faro-Barcelona.jpg\",\"datePublished\":\"2020-05-11T16:10:56+00:00\",\"description\":\"Con un dise\u00f1o peque\u00f1o, sencillo y limpio, el ventilador con luz PANAY de Faro Barcelona resulta una opci\u00f3n econ\u00f3mica perfecta para pequ\u00f1os espacios\",\"breadcrumb\":{\"@id\":\"https:\/\/ledsolintel.com\/product\/ventilador-con-luz-panay-de-faro-2\/#breadcrumb\"},\"inLanguage\":\"fr-FR\",\"potentialAction\":[{\"@type\":\"ReadAction\",\"target\":[\"https:\/\/ledsolintel.com\/product\/ventilador-con-luz-panay-de-faro-2\/\"]}]},{\"@type\":\"ImageObject\",\"inLanguage\":\"fr-FR\",\"@id\":\"https:\/\/ledsolintel.com\/product\/ventilador-con-luz-panay-de-faro-2\/#primaryimage\",\"url\":\"https:\/\/ledsolintel.com\/wp-content\/uploads\/2020\/05\/9458-Ventilador-con-luz-PANAY-de-Faro-Barcelona.jpg\",\"contentUrl\":\"https:\/\/ledsolintel.com\/wp-content\/uploads\/2020\/05\/9458-Ventilador-con-luz-PANAY-de-Faro-Barcelona.jpg\",\"caption\":\"Ventilador con luz PANAY de Faro Barcelona\"},{\"@type\":\"BreadcrumbList\",\"@id\":\"https:\/\/ledsolintel.com\/product\/ventilador-con-luz-panay-de-faro-2\/#breadcrumb\",\"itemListElement\":[{\"@type\":\"ListItem\",\"position\":1,\"name\":\"Portada\",\"item\":\"https:\/\/ledsolintel.com\/fr\/\"},{\"@type\":\"ListItem\",\"position\":2,\"name\":\"Tienda\",\"item\":\"https:\/\/ledsolintel.com\/tienda\/\"},{\"@type\":\"ListItem\",\"position\":3,\"name\":\"Ventilador con luz PANAY de Faro Barcelona\"}]},{\"@type\":\"WebSite\",\"@id\":\"https:\/\/ledsolintel.com\/#website\",\"url\":\"https:\/\/ledsolintel.com\/\",\"name\":\"Webmenaje\",\"description\":\"Tienda de bombillas y l\u00e1mparas LED para profesionales\",\"publisher\":{\"@id\":\"https:\/\/ledsolintel.com\/#organization\"},\"potentialAction\":[{\"@type\":\"SearchAction\",\"target\":{\"@type\":\"EntryPoint\",\"urlTemplate\":\"https:\/\/ledsolintel.com\/?s={search_term_string}\"},\"query-input\":{\"@type\":\"PropertyValueSpecification\",\"valueRequired\":true,\"valueName\":\"search_term_string\"}}],\"inLanguage\":\"fr-FR\"},{\"@type\":\"Organization\",\"@id\":\"https:\/\/ledsolintel.com\/#organization\",\"name\":\"Solintel Noroeste, S.L.\",\"url\":\"https:\/\/ledsolintel.com\/\",\"logo\":{\"@type\":\"ImageObject\",\"inLanguage\":\"fr-FR\",\"@id\":\"https:\/\/ledsolintel.com\/#\/schema\/logo\/image\/\",\"url\":\"https:\/\/ledsolintel.com\/wp-content\/uploads\/2024\/11\/webmenaje-logo-1508269066.jpg\",\"contentUrl\":\"https:\/\/ledsolintel.com\/wp-content\/uploads\/2024\/11\/webmenaje-logo-1508269066.jpg\",\"width\":370,\"height\":90,\"caption\":\"Solintel Noroeste, S.L.\"},\"image\":{\"@id\":\"https:\/\/ledsolintel.com\/#\/schema\/logo\/image\/\"},\"sameAs\":[\"http:\/\/www.facebook.com\/webmenaje\",\"https:\/\/x.com\/webmenaje\",\"https:\/\/www.youtube.com\/channel\/UCX2KoVoeCG4LocZjUc6LmSQ\",\"http:\/\/www.pinterest.com\/webmenaje\"]}]}<\/script>\n<!-- \/ Yoast SEO plugin. -->","yoast_head_json":{"title":"Ventilateur PANAY avec lumi\u00e8re par Faro Barcelona","description":"Con un dise\u00f1o peque\u00f1o, sencillo y limpio, el ventilador con luz PANAY de Faro Barcelona resulta una opci\u00f3n econ\u00f3mica perfecta para pequ\u00f1os espacios","robots":{"index":"index","follow":"follow","max-snippet":"max-snippet:-1","max-image-preview":"max-image-preview:large","max-video-preview":"max-video-preview:-1"},"canonical":"https:\/\/ledsolintel.com\/fr\/produit-2\/ventilador-con-luz-panay-de-faro-2\/","og_locale":"fr_FR","og_type":"article","og_title":"Ventilador con luz PANAY de Faro Barcelona","og_description":"Con un dise\u00f1o peque\u00f1o, sencillo y limpio, el ventilador con luz PANAY de Faro Barcelona resulta una opci\u00f3n econ\u00f3mica perfecta para pequ\u00f1os espacios","og_url":"https:\/\/ledsolintel.com\/fr\/produit-2\/ventilador-con-luz-panay-de-faro-2\/","og_site_name":"Ledsolintel","article_publisher":"http:\/\/www.facebook.com\/webmenaje","og_image":[{"url":"https:\/\/ledsolintel.com\/wp-content\/uploads\/2020\/05\/9458-Ventilador-con-luz-PANAY-de-Faro-Barcelona.jpg","width":1,"height":1,"type":"image\/jpeg"}],"twitter_card":"summary_large_image","twitter_site":"@webmenaje","schema":{"@context":"https:\/\/schema.org","@graph":[{"@type":"WebPage","@id":"https:\/\/ledsolintel.com\/product\/ventilador-con-luz-panay-de-faro-2\/","url":"https:\/\/ledsolintel.com\/product\/ventilador-con-luz-panay-de-faro-2\/","name":"Ventilateur PANAY avec lumi\u00e8re par Faro Barcelona","isPartOf":{"@id":"https:\/\/ledsolintel.com\/#website"},"primaryImageOfPage":{"@id":"https:\/\/ledsolintel.com\/product\/ventilador-con-luz-panay-de-faro-2\/#primaryimage"},"image":{"@id":"https:\/\/ledsolintel.com\/product\/ventilador-con-luz-panay-de-faro-2\/#primaryimage"},"thumbnailUrl":"https:\/\/ledsolintel.com\/wp-content\/uploads\/2020\/05\/9458-Ventilador-con-luz-PANAY-de-Faro-Barcelona.jpg","datePublished":"2020-05-11T16:10:56+00:00","description":"Con un dise\u00f1o peque\u00f1o, sencillo y limpio, el ventilador con luz PANAY de Faro Barcelona resulta una opci\u00f3n econ\u00f3mica perfecta para pequ\u00f1os espacios","breadcrumb":{"@id":"https:\/\/ledsolintel.com\/product\/ventilador-con-luz-panay-de-faro-2\/#breadcrumb"},"inLanguage":"fr-FR","potentialAction":[{"@type":"ReadAction","target":["https:\/\/ledsolintel.com\/product\/ventilador-con-luz-panay-de-faro-2\/"]}]},{"@type":"ImageObject","inLanguage":"fr-FR","@id":"https:\/\/ledsolintel.com\/product\/ventilador-con-luz-panay-de-faro-2\/#primaryimage","url":"https:\/\/ledsolintel.com\/wp-content\/uploads\/2020\/05\/9458-Ventilador-con-luz-PANAY-de-Faro-Barcelona.jpg","contentUrl":"https:\/\/ledsolintel.com\/wp-content\/uploads\/2020\/05\/9458-Ventilador-con-luz-PANAY-de-Faro-Barcelona.jpg","caption":"Ventilador con luz PANAY de Faro Barcelona"},{"@type":"BreadcrumbList","@id":"https:\/\/ledsolintel.com\/product\/ventilador-con-luz-panay-de-faro-2\/#breadcrumb","itemListElement":[{"@type":"ListItem","position":1,"name":"Portada","item":"https:\/\/ledsolintel.com\/fr\/"},{"@type":"ListItem","position":2,"name":"Tienda","item":"https:\/\/ledsolintel.com\/tienda\/"},{"@type":"ListItem","position":3,"name":"Ventilador con luz PANAY de Faro Barcelona"}]},{"@type":"WebSite","@id":"https:\/\/ledsolintel.com\/#website","url":"https:\/\/ledsolintel.com\/","name":"Webmenaje","description":"Magasin d'ampoules et de lampes LED pour les professionnels","publisher":{"@id":"https:\/\/ledsolintel.com\/#organization"},"potentialAction":[{"@type":"SearchAction","target":{"@type":"EntryPoint","urlTemplate":"https:\/\/ledsolintel.com\/?s={search_term_string}"},"query-input":{"@type":"PropertyValueSpecification","valueRequired":true,"valueName":"search_term_string"}}],"inLanguage":"fr-FR"},{"@type":"Organization","@id":"https:\/\/ledsolintel.com\/#organization","name":"Solintel Noroeste, S.L.","url":"https:\/\/ledsolintel.com\/","logo":{"@type":"ImageObject","inLanguage":"fr-FR","@id":"https:\/\/ledsolintel.com\/#\/schema\/logo\/image\/","url":"https:\/\/ledsolintel.com\/wp-content\/uploads\/2024\/11\/webmenaje-logo-1508269066.jpg","contentUrl":"https:\/\/ledsolintel.com\/wp-content\/uploads\/2024\/11\/webmenaje-logo-1508269066.jpg","width":370,"height":90,"caption":"Solintel Noroeste, S.L."},"image":{"@id":"https:\/\/ledsolintel.com\/#\/schema\/logo\/image\/"},"sameAs":["http:\/\/www.facebook.com\/webmenaje","https:\/\/x.com\/webmenaje","https:\/\/www.youtube.com\/channel\/UCX2KoVoeCG4LocZjUc6LmSQ","http:\/\/www.pinterest.com\/webmenaje"]}]}},"_links":{"self":[{"href":"https:\/\/ledsolintel.com\/fr\/wp-json\/wp\/v2\/product\/243422","targetHints":{"allow":["GET"]}}],"collection":[{"href":"https:\/\/ledsolintel.com\/fr\/wp-json\/wp\/v2\/product"}],"about":[{"href":"https:\/\/ledsolintel.com\/fr\/wp-json\/wp\/v2\/types\/product"}],"version-history":[{"count":0,"href":"https:\/\/ledsolintel.com\/fr\/wp-json\/wp\/v2\/product\/243422\/revisions"}],"wp:featuredmedia":[{"embeddable":true,"href":"https:\/\/ledsolintel.com\/fr\/wp-json\/wp\/v2\/media\/243417"}],"wp:attachment":[{"href":"https:\/\/ledsolintel.com\/fr\/wp-json\/wp\/v2\/media?parent=243422"}],"wp:term":[{"taxonomy":"product_brand","embeddable":true,"href":"https:\/\/ledsolintel.com\/fr\/wp-json\/wp\/v2\/product_brand?post=243422"},{"taxonomy":"product_cat","embeddable":true,"href":"https:\/\/ledsolintel.com\/fr\/wp-json\/wp\/v2\/product_cat?post=243422"},{"taxonomy":"product_tag","embeddable":true,"href":"https:\/\/ledsolintel.com\/fr\/wp-json\/wp\/v2\/product_tag?post=243422"}],"curies":[{"name":"wp","href":"https:\/\/api.w.org\/{rel}","templated":true}]}}