{"id":243400,"date":"2020-02-05T13:23:16","date_gmt":"2020-02-05T12:23:16","guid":{"rendered":"https:\/\/nueva.ledsolintel.com\/product\/ventilador-saona-de-faro-barcelona\/"},"modified":"2020-02-05T13:23:16","modified_gmt":"2020-02-05T12:23:16","slug":"phare-saona-fan-barcelone","status":"publish","type":"product","link":"https:\/\/ledsolintel.com\/fr\/produit-2\/phare-saona-fan-barcelone\/","title":{"rendered":"Ventilateur SAONA par Faro Barcelona"},"content":{"rendered":"<h1>Ventilateur ISLOT avec lumi\u00e8re par Faro Barcelona<\/h1>\n<p>\u00a0<\/p>\n<h3>Ventilateur<\/h3>\n<ul>\n<li>Mat\u00e9riau : acier, lames en ABS<\/li>\n<li>3 lames<\/li>\n<li>Diam\u00e8tre : 1,32 m<\/li>\n<li>Couleur : blanc<\/li>\n<li>Vitesses : 5<\/li>\n<li>RPM : 85-180<\/li>\n<li>Puissance : 5-38 W<\/li>\n<li>Tension : 220-240 V \/ 50-60 Hz<\/li>\n<li><span>D\u00e9bit d'air : 188 m<sup>3<\/sup>\u00a0\/ 6643 CFM<\/span><\/li>\n<\/ul>\n<p><span>\u00a0<\/span><\/p>\n<h3><span>Lampe<\/span><\/h3>\n<ul>\n<li>Ampoule : LED SMD<\/li>\n<li>Puissance : 24 W<\/li>\n<li>CCT : 3000 K \/ 4000 K \/ 6000 K<\/li>\n<\/ul>","protected":false},"excerpt":{"rendered":"<p>Ventilateur SAONA de Faro Barcelona. Grande taille, pour les pi\u00e8ces &gt;17 m<sup>2<\/sup>. Cinq vitesses, t\u00e9l\u00e9commande et fonction d'inversion \u00e9t\u00e9-hiver.<\/p>","protected":false},"featured_media":243398,"template":"","meta":[],"product_brand":[99359],"product_cat":[99587,99899,99641],"product_tag":[],"class_list":{"0":"post-243400","1":"product","2":"type-product","3":"status-publish","4":"has-post-thumbnail","6":"product_brand-faro-barcelona","7":"product_cat-ventiladores","8":"product_cat-ventiladores-con-luz-grandes","9":"product_cat-ventiladores-grandes","12":"instock","13":"taxable","14":"shipping-taxable","15":"purchasable","16":"product-type-simple"},"yoast_head":"<!-- This site is optimized with the Yoast SEO plugin v27.4 - https:\/\/yoast.com\/product\/yoast-seo-wordpress\/ -->\n<title>Ventilador con luz SAONA de Faro Barcelona<\/title>\n<meta name=\"description\" content=\"Ventilador SAONA de Faro Barcelona. Gran tama\u00f1o, para habitaciones. Cinco velocidades, control por mando a distancia y funci\u00f3n reversa verano-invierno\" \/>\n<meta name=\"robots\" content=\"index, follow, max-snippet:-1, max-image-preview:large, max-video-preview:-1\" \/>\n<link rel=\"canonical\" href=\"https:\/\/ledsolintel.com\/fr\/produit-2\/phare-saona-fan-barcelone\/\" \/>\n<meta property=\"og:locale\" content=\"fr_FR\" \/>\n<meta property=\"og:type\" content=\"article\" \/>\n<meta property=\"og:title\" content=\"Ventilador con luz SAONA de Faro Barcelona\" \/>\n<meta property=\"og:description\" content=\"Ventilador SAONA de Faro Barcelona. Gran tama\u00f1o, para habitaciones. Cinco velocidades, control por mando a distancia y funci\u00f3n reversa verano-invierno\" \/>\n<meta property=\"og:url\" content=\"https:\/\/ledsolintel.com\/fr\/produit-2\/phare-saona-fan-barcelone\/\" \/>\n<meta property=\"og:site_name\" content=\"Ledsolintel\" \/>\n<meta property=\"article:publisher\" content=\"http:\/\/www.facebook.com\/webmenaje\" \/>\n<meta property=\"og:image\" content=\"https:\/\/ledsolintel.com\/wp-content\/uploads\/2020\/02\/9317-Ventilador-SAONA-de-Faro-Barcelona.jpg\" \/>\n\t<meta property=\"og:image:width\" content=\"1\" \/>\n\t<meta property=\"og:image:height\" content=\"1\" \/>\n\t<meta property=\"og:image:type\" content=\"image\/jpeg\" \/>\n<meta name=\"twitter:card\" content=\"summary_large_image\" \/>\n<meta name=\"twitter:site\" content=\"@webmenaje\" \/>\n<script type=\"application\/ld+json\" class=\"yoast-schema-graph\">{\"@context\":\"https:\\\/\\\/schema.org\",\"@graph\":[{\"@type\":\"WebPage\",\"@id\":\"https:\\\/\\\/ledsolintel.com\\\/product\\\/ventilador-saona-de-faro-barcelona\\\/\",\"url\":\"https:\\\/\\\/ledsolintel.com\\\/product\\\/ventilador-saona-de-faro-barcelona\\\/\",\"name\":\"Ventilador con luz SAONA de Faro Barcelona\",\"isPartOf\":{\"@id\":\"https:\\\/\\\/ledsolintel.com\\\/#website\"},\"primaryImageOfPage\":{\"@id\":\"https:\\\/\\\/ledsolintel.com\\\/product\\\/ventilador-saona-de-faro-barcelona\\\/#primaryimage\"},\"image\":{\"@id\":\"https:\\\/\\\/ledsolintel.com\\\/product\\\/ventilador-saona-de-faro-barcelona\\\/#primaryimage\"},\"thumbnailUrl\":\"https:\\\/\\\/ledsolintel.com\\\/wp-content\\\/uploads\\\/2020\\\/02\\\/9317-Ventilador-SAONA-de-Faro-Barcelona.jpg\",\"datePublished\":\"2020-02-05T12:23:16+00:00\",\"description\":\"Ventilador SAONA de Faro Barcelona. Gran tama\u00f1o, para habitaciones. Cinco velocidades, control por mando a distancia y funci\u00f3n reversa verano-invierno\",\"breadcrumb\":{\"@id\":\"https:\\\/\\\/ledsolintel.com\\\/product\\\/ventilador-saona-de-faro-barcelona\\\/#breadcrumb\"},\"inLanguage\":\"fr-FR\",\"potentialAction\":[{\"@type\":\"ReadAction\",\"target\":[\"https:\\\/\\\/ledsolintel.com\\\/product\\\/ventilador-saona-de-faro-barcelona\\\/\"]}]},{\"@type\":\"ImageObject\",\"inLanguage\":\"fr-FR\",\"@id\":\"https:\\\/\\\/ledsolintel.com\\\/product\\\/ventilador-saona-de-faro-barcelona\\\/#primaryimage\",\"url\":\"https:\\\/\\\/ledsolintel.com\\\/wp-content\\\/uploads\\\/2020\\\/02\\\/9317-Ventilador-SAONA-de-Faro-Barcelona.jpg\",\"contentUrl\":\"https:\\\/\\\/ledsolintel.com\\\/wp-content\\\/uploads\\\/2020\\\/02\\\/9317-Ventilador-SAONA-de-Faro-Barcelona.jpg\",\"caption\":\"Ventilador SAONA de Faro Barcelona\"},{\"@type\":\"BreadcrumbList\",\"@id\":\"https:\\\/\\\/ledsolintel.com\\\/product\\\/ventilador-saona-de-faro-barcelona\\\/#breadcrumb\",\"itemListElement\":[{\"@type\":\"ListItem\",\"position\":1,\"name\":\"Portada\",\"item\":\"https:\\\/\\\/ledsolintel.com\\\/fr\\\/\"},{\"@type\":\"ListItem\",\"position\":2,\"name\":\"Tienda\",\"item\":\"https:\\\/\\\/ledsolintel.com\\\/tienda\\\/\"},{\"@type\":\"ListItem\",\"position\":3,\"name\":\"Ventilador SAONA de Faro Barcelona\"}]},{\"@type\":\"WebSite\",\"@id\":\"https:\\\/\\\/ledsolintel.com\\\/#website\",\"url\":\"https:\\\/\\\/ledsolintel.com\\\/\",\"name\":\"Webmenaje\",\"description\":\"Tienda de bombillas y l\u00e1mparas LED para profesionales\",\"publisher\":{\"@id\":\"https:\\\/\\\/ledsolintel.com\\\/#organization\"},\"potentialAction\":[{\"@type\":\"SearchAction\",\"target\":{\"@type\":\"EntryPoint\",\"urlTemplate\":\"https:\\\/\\\/ledsolintel.com\\\/?s={search_term_string}\"},\"query-input\":{\"@type\":\"PropertyValueSpecification\",\"valueRequired\":true,\"valueName\":\"search_term_string\"}}],\"inLanguage\":\"fr-FR\"},{\"@type\":\"Organization\",\"@id\":\"https:\\\/\\\/ledsolintel.com\\\/#organization\",\"name\":\"Solintel Noroeste, S.L.\",\"url\":\"https:\\\/\\\/ledsolintel.com\\\/\",\"logo\":{\"@type\":\"ImageObject\",\"inLanguage\":\"fr-FR\",\"@id\":\"https:\\\/\\\/ledsolintel.com\\\/#\\\/schema\\\/logo\\\/image\\\/\",\"url\":\"https:\\\/\\\/ledsolintel.com\\\/wp-content\\\/uploads\\\/2024\\\/11\\\/webmenaje-logo-1508269066.jpg\",\"contentUrl\":\"https:\\\/\\\/ledsolintel.com\\\/wp-content\\\/uploads\\\/2024\\\/11\\\/webmenaje-logo-1508269066.jpg\",\"width\":370,\"height\":90,\"caption\":\"Solintel Noroeste, S.L.\"},\"image\":{\"@id\":\"https:\\\/\\\/ledsolintel.com\\\/#\\\/schema\\\/logo\\\/image\\\/\"},\"sameAs\":[\"http:\\\/\\\/www.facebook.com\\\/webmenaje\",\"https:\\\/\\\/x.com\\\/webmenaje\",\"https:\\\/\\\/www.youtube.com\\\/channel\\\/UCX2KoVoeCG4LocZjUc6LmSQ\",\"http:\\\/\\\/www.pinterest.com\\\/webmenaje\"]}]}<\/script>\n<!-- \/ Yoast SEO plugin. -->","yoast_head_json":{"title":"Ventilateur avec lumi\u00e8re SAONA de Faro Barcelona","description":"Ventilateur SAONA de Faro Barcelona. Grande taille, pour les chambres \u00e0 coucher. Cinq vitesses, t\u00e9l\u00e9commande et fonction d'inversion \u00e9t\u00e9-hiver.","robots":{"index":"index","follow":"follow","max-snippet":"max-snippet:-1","max-image-preview":"max-image-preview:large","max-video-preview":"max-video-preview:-1"},"canonical":"https:\/\/ledsolintel.com\/fr\/produit-2\/phare-saona-fan-barcelone\/","og_locale":"fr_FR","og_type":"article","og_title":"Ventilador con luz SAONA de Faro Barcelona","og_description":"Ventilador SAONA de Faro Barcelona. Gran tama\u00f1o, para habitaciones. Cinco velocidades, control por mando a distancia y funci\u00f3n reversa verano-invierno","og_url":"https:\/\/ledsolintel.com\/fr\/produit-2\/phare-saona-fan-barcelone\/","og_site_name":"Ledsolintel","article_publisher":"http:\/\/www.facebook.com\/webmenaje","og_image":[{"url":"https:\/\/ledsolintel.com\/wp-content\/uploads\/2020\/02\/9317-Ventilador-SAONA-de-Faro-Barcelona.jpg","width":1,"height":1,"type":"image\/jpeg"}],"twitter_card":"summary_large_image","twitter_site":"@webmenaje","schema":{"@context":"https:\/\/schema.org","@graph":[{"@type":"WebPage","@id":"https:\/\/ledsolintel.com\/product\/ventilador-saona-de-faro-barcelona\/","url":"https:\/\/ledsolintel.com\/product\/ventilador-saona-de-faro-barcelona\/","name":"Ventilateur avec lumi\u00e8re SAONA de Faro Barcelona","isPartOf":{"@id":"https:\/\/ledsolintel.com\/#website"},"primaryImageOfPage":{"@id":"https:\/\/ledsolintel.com\/product\/ventilador-saona-de-faro-barcelona\/#primaryimage"},"image":{"@id":"https:\/\/ledsolintel.com\/product\/ventilador-saona-de-faro-barcelona\/#primaryimage"},"thumbnailUrl":"https:\/\/ledsolintel.com\/wp-content\/uploads\/2020\/02\/9317-Ventilador-SAONA-de-Faro-Barcelona.jpg","datePublished":"2020-02-05T12:23:16+00:00","description":"Ventilateur SAONA de Faro Barcelona. Grande taille, pour les chambres \u00e0 coucher. Cinq vitesses, t\u00e9l\u00e9commande et fonction d'inversion \u00e9t\u00e9-hiver.","breadcrumb":{"@id":"https:\/\/ledsolintel.com\/product\/ventilador-saona-de-faro-barcelona\/#breadcrumb"},"inLanguage":"fr-FR","potentialAction":[{"@type":"ReadAction","target":["https:\/\/ledsolintel.com\/product\/ventilador-saona-de-faro-barcelona\/"]}]},{"@type":"ImageObject","inLanguage":"fr-FR","@id":"https:\/\/ledsolintel.com\/product\/ventilador-saona-de-faro-barcelona\/#primaryimage","url":"https:\/\/ledsolintel.com\/wp-content\/uploads\/2020\/02\/9317-Ventilador-SAONA-de-Faro-Barcelona.jpg","contentUrl":"https:\/\/ledsolintel.com\/wp-content\/uploads\/2020\/02\/9317-Ventilador-SAONA-de-Faro-Barcelona.jpg","caption":"Ventilador SAONA de Faro Barcelona"},{"@type":"BreadcrumbList","@id":"https:\/\/ledsolintel.com\/product\/ventilador-saona-de-faro-barcelona\/#breadcrumb","itemListElement":[{"@type":"ListItem","position":1,"name":"Portada","item":"https:\/\/ledsolintel.com\/fr\/"},{"@type":"ListItem","position":2,"name":"Tienda","item":"https:\/\/ledsolintel.com\/tienda\/"},{"@type":"ListItem","position":3,"name":"Ventilador SAONA de Faro Barcelona"}]},{"@type":"WebSite","@id":"https:\/\/ledsolintel.com\/#website","url":"https:\/\/ledsolintel.com\/","name":"Webmenaje","description":"Magasin d'ampoules et de lampes LED pour les professionnels","publisher":{"@id":"https:\/\/ledsolintel.com\/#organization"},"potentialAction":[{"@type":"SearchAction","target":{"@type":"EntryPoint","urlTemplate":"https:\/\/ledsolintel.com\/?s={search_term_string}"},"query-input":{"@type":"PropertyValueSpecification","valueRequired":true,"valueName":"search_term_string"}}],"inLanguage":"fr-FR"},{"@type":"Organization","@id":"https:\/\/ledsolintel.com\/#organization","name":"Solintel Noroeste, S.L.","url":"https:\/\/ledsolintel.com\/","logo":{"@type":"ImageObject","inLanguage":"fr-FR","@id":"https:\/\/ledsolintel.com\/#\/schema\/logo\/image\/","url":"https:\/\/ledsolintel.com\/wp-content\/uploads\/2024\/11\/webmenaje-logo-1508269066.jpg","contentUrl":"https:\/\/ledsolintel.com\/wp-content\/uploads\/2024\/11\/webmenaje-logo-1508269066.jpg","width":370,"height":90,"caption":"Solintel Noroeste, S.L."},"image":{"@id":"https:\/\/ledsolintel.com\/#\/schema\/logo\/image\/"},"sameAs":["http:\/\/www.facebook.com\/webmenaje","https:\/\/x.com\/webmenaje","https:\/\/www.youtube.com\/channel\/UCX2KoVoeCG4LocZjUc6LmSQ","http:\/\/www.pinterest.com\/webmenaje"]}]}},"_links":{"self":[{"href":"https:\/\/ledsolintel.com\/fr\/wp-json\/wp\/v2\/product\/243400","targetHints":{"allow":["GET"]}}],"collection":[{"href":"https:\/\/ledsolintel.com\/fr\/wp-json\/wp\/v2\/product"}],"about":[{"href":"https:\/\/ledsolintel.com\/fr\/wp-json\/wp\/v2\/types\/product"}],"version-history":[{"count":0,"href":"https:\/\/ledsolintel.com\/fr\/wp-json\/wp\/v2\/product\/243400\/revisions"}],"wp:featuredmedia":[{"embeddable":true,"href":"https:\/\/ledsolintel.com\/fr\/wp-json\/wp\/v2\/media\/243398"}],"wp:attachment":[{"href":"https:\/\/ledsolintel.com\/fr\/wp-json\/wp\/v2\/media?parent=243400"}],"wp:term":[{"taxonomy":"product_brand","embeddable":true,"href":"https:\/\/ledsolintel.com\/fr\/wp-json\/wp\/v2\/product_brand?post=243400"},{"taxonomy":"product_cat","embeddable":true,"href":"https:\/\/ledsolintel.com\/fr\/wp-json\/wp\/v2\/product_cat?post=243400"},{"taxonomy":"product_tag","embeddable":true,"href":"https:\/\/ledsolintel.com\/fr\/wp-json\/wp\/v2\/product_tag?post=243400"}],"curies":[{"name":"wp","href":"https:\/\/api.w.org\/{rel}","templated":true}]}}