{"id":243304,"date":"2020-01-21T17:52:18","date_gmt":"2020-01-21T16:52:18","guid":{"rendered":"https:\/\/nueva.ledsolintel.com\/product\/sky-microwave-sensor-30w-de-beneito-faure\/"},"modified":"2020-01-21T17:52:18","modified_gmt":"2020-01-21T16:52:18","slug":"sky-microwave-sensor-30w-de-beneito-faure","status":"publish","type":"product","link":"https:\/\/ledsolintel.com\/fr\/produit-2\/sky-microwave-sensor-30w-de-beneito-faure\/","title":{"rendered":"SKY MICROWAVE SENSOR 30W par Beneito Faure"},"content":{"rendered":"<h1>Beneito Faure LED SKY MICROWAVE SENSOR 30W spotlight<\/h1>\n<h3><\/h3>\n<ul>\n<li>En aluminium<\/li>\n<li>Puissance : 30 W<\/li>\n<li>Tension : 220 - 240V AC<\/li>\n<li>Raccordement \u00e9tanche<\/li>\n<li>CCT :<\/li>\n<li>\n<ul>\n<li>4000 K<\/li>\n<li>5000 K<\/li>\n<\/ul>\n<\/li>\n<li>Flux lumineux : 3550 - 3600 lm<\/li>\n<li>Optique : 120\u00ba.<\/li>\n<li>Protection IP65<\/li>\n<li>Protection IK08<\/li>\n<li>C.R.I. &gt;80<\/li>\n<li>Facteur de puissance &gt;0,9<\/li>\n<li>Capteur \u00e0 micro-ondes<\/li>\n<\/ul>","protected":false},"excerpt":{"rendered":"<p>La gamme Sky de Beneito Faure propose des projecteurs de la plus haute qualit\u00e9 et efficacit\u00e9. Gr\u00e2ce \u00e0 leur facteur de puissance optimis\u00e9, ils \u00e9mettent une lumi\u00e8re tr\u00e8s puissante avec une tr\u00e8s faible consommation et constituent l'une des meilleures options disponibles sur le march\u00e9 pour l'\u00e9clairage ext\u00e9rieur.<\/p>\n<p>Il int\u00e8gre un capteur de pr\u00e9sence et de lumi\u00e8re.<\/p>","protected":false},"featured_media":243301,"template":"","meta":[],"product_brand":[99357],"product_cat":[99691],"product_tag":[],"class_list":{"0":"post-243304","1":"product","2":"type-product","3":"status-publish","4":"has-post-thumbnail","6":"product_brand-beneito-faure","7":"product_cat-proyectores-para-exterior-y-transporte","8":"pa_acabado-blanco","9":"pa_acabado-negro","10":"pa_cct-frio6000k","11":"pa_cct-natural4000k","14":"instock","15":"taxable","16":"shipping-taxable","17":"purchasable","18":"product-type-variable","19":"has-default-attributes"},"yoast_head":"<!-- This site is optimized with the Yoast SEO plugin v26.6 - https:\/\/yoast.com\/wordpress\/plugins\/seo\/ -->\n<title>Proyector LED SKY MICROWAVE SENSOR 30W de Beneito Faure<\/title>\n<meta name=\"description\" content=\"Gama Sky de Beneito Faure. Proyectores de alt\u00edsima calidad y eficiencia. Factor de potencia optimizado, luz potente y bajo consumo. Sensor de presencia y luz.\" \/>\n<meta name=\"robots\" content=\"index, follow, max-snippet:-1, max-image-preview:large, max-video-preview:-1\" \/>\n<link rel=\"canonical\" href=\"https:\/\/ledsolintel.com\/fr\/produit-2\/sky-microwave-sensor-30w-de-beneito-faure\/\" \/>\n<meta property=\"og:locale\" content=\"fr_FR\" \/>\n<meta property=\"og:type\" content=\"article\" \/>\n<meta property=\"og:title\" content=\"Proyector LED SKY MICROWAVE SENSOR 30W de Beneito Faure\" \/>\n<meta property=\"og:description\" content=\"Gama Sky de Beneito Faure. Proyectores de alt\u00edsima calidad y eficiencia. Factor de potencia optimizado, luz potente y bajo consumo. Sensor de presencia y luz.\" \/>\n<meta property=\"og:url\" content=\"https:\/\/ledsolintel.com\/fr\/produit-2\/sky-microwave-sensor-30w-de-beneito-faure\/\" \/>\n<meta property=\"og:site_name\" content=\"Ledsolintel\" \/>\n<meta property=\"article:publisher\" content=\"http:\/\/www.facebook.com\/webmenaje\" \/>\n<meta property=\"og:image\" content=\"https:\/\/ledsolintel.com\/wp-content\/uploads\/2020\/01\/9234-SKY-MICROWAVE-SENSOR-30W-de-Beneito-Faure.jpg\" \/>\n\t<meta property=\"og:image:width\" content=\"1\" \/>\n\t<meta property=\"og:image:height\" content=\"1\" \/>\n\t<meta property=\"og:image:type\" content=\"image\/jpeg\" \/>\n<meta name=\"twitter:card\" content=\"summary_large_image\" \/>\n<meta name=\"twitter:site\" content=\"@webmenaje\" \/>\n<script type=\"application\/ld+json\" class=\"yoast-schema-graph\">{\"@context\":\"https:\/\/schema.org\",\"@graph\":[{\"@type\":\"WebPage\",\"@id\":\"https:\/\/ledsolintel.com\/product\/sky-microwave-sensor-30w-de-beneito-faure\/\",\"url\":\"https:\/\/ledsolintel.com\/product\/sky-microwave-sensor-30w-de-beneito-faure\/\",\"name\":\"Proyector LED SKY MICROWAVE SENSOR 30W de Beneito Faure\",\"isPartOf\":{\"@id\":\"https:\/\/ledsolintel.com\/#website\"},\"primaryImageOfPage\":{\"@id\":\"https:\/\/ledsolintel.com\/product\/sky-microwave-sensor-30w-de-beneito-faure\/#primaryimage\"},\"image\":{\"@id\":\"https:\/\/ledsolintel.com\/product\/sky-microwave-sensor-30w-de-beneito-faure\/#primaryimage\"},\"thumbnailUrl\":\"https:\/\/ledsolintel.com\/wp-content\/uploads\/2020\/01\/9234-SKY-MICROWAVE-SENSOR-30W-de-Beneito-Faure.jpg\",\"datePublished\":\"2020-01-21T16:52:18+00:00\",\"description\":\"Gama Sky de Beneito Faure. Proyectores de alt\u00edsima calidad y eficiencia. Factor de potencia optimizado, luz potente y bajo consumo. Sensor de presencia y luz.\",\"breadcrumb\":{\"@id\":\"https:\/\/ledsolintel.com\/product\/sky-microwave-sensor-30w-de-beneito-faure\/#breadcrumb\"},\"inLanguage\":\"fr-FR\",\"potentialAction\":[{\"@type\":\"ReadAction\",\"target\":[\"https:\/\/ledsolintel.com\/product\/sky-microwave-sensor-30w-de-beneito-faure\/\"]}]},{\"@type\":\"ImageObject\",\"inLanguage\":\"fr-FR\",\"@id\":\"https:\/\/ledsolintel.com\/product\/sky-microwave-sensor-30w-de-beneito-faure\/#primaryimage\",\"url\":\"https:\/\/ledsolintel.com\/wp-content\/uploads\/2020\/01\/9234-SKY-MICROWAVE-SENSOR-30W-de-Beneito-Faure.jpg\",\"contentUrl\":\"https:\/\/ledsolintel.com\/wp-content\/uploads\/2020\/01\/9234-SKY-MICROWAVE-SENSOR-30W-de-Beneito-Faure.jpg\",\"caption\":\"SKY MICROWAVE SENSOR 30W de Beneito Faure\"},{\"@type\":\"BreadcrumbList\",\"@id\":\"https:\/\/ledsolintel.com\/product\/sky-microwave-sensor-30w-de-beneito-faure\/#breadcrumb\",\"itemListElement\":[{\"@type\":\"ListItem\",\"position\":1,\"name\":\"Portada\",\"item\":\"https:\/\/ledsolintel.com\/fr\/\"},{\"@type\":\"ListItem\",\"position\":2,\"name\":\"Tienda\",\"item\":\"https:\/\/ledsolintel.com\/tienda\/\"},{\"@type\":\"ListItem\",\"position\":3,\"name\":\"SKY MICROWAVE SENSOR 30W de Beneito Faure\"}]},{\"@type\":\"WebSite\",\"@id\":\"https:\/\/ledsolintel.com\/#website\",\"url\":\"https:\/\/ledsolintel.com\/\",\"name\":\"Webmenaje\",\"description\":\"Tienda de bombillas y l\u00e1mparas LED para profesionales\",\"publisher\":{\"@id\":\"https:\/\/ledsolintel.com\/#organization\"},\"potentialAction\":[{\"@type\":\"SearchAction\",\"target\":{\"@type\":\"EntryPoint\",\"urlTemplate\":\"https:\/\/ledsolintel.com\/?s={search_term_string}\"},\"query-input\":{\"@type\":\"PropertyValueSpecification\",\"valueRequired\":true,\"valueName\":\"search_term_string\"}}],\"inLanguage\":\"fr-FR\"},{\"@type\":\"Organization\",\"@id\":\"https:\/\/ledsolintel.com\/#organization\",\"name\":\"Solintel Noroeste, S.L.\",\"url\":\"https:\/\/ledsolintel.com\/\",\"logo\":{\"@type\":\"ImageObject\",\"inLanguage\":\"fr-FR\",\"@id\":\"https:\/\/ledsolintel.com\/#\/schema\/logo\/image\/\",\"url\":\"https:\/\/ledsolintel.com\/wp-content\/uploads\/2024\/11\/webmenaje-logo-1508269066.jpg\",\"contentUrl\":\"https:\/\/ledsolintel.com\/wp-content\/uploads\/2024\/11\/webmenaje-logo-1508269066.jpg\",\"width\":370,\"height\":90,\"caption\":\"Solintel Noroeste, S.L.\"},\"image\":{\"@id\":\"https:\/\/ledsolintel.com\/#\/schema\/logo\/image\/\"},\"sameAs\":[\"http:\/\/www.facebook.com\/webmenaje\",\"https:\/\/x.com\/webmenaje\",\"https:\/\/www.youtube.com\/channel\/UCX2KoVoeCG4LocZjUc6LmSQ\",\"http:\/\/www.pinterest.com\/webmenaje\"]}]}<\/script>\n<!-- \/ Yoast SEO plugin. -->","yoast_head_json":{"title":"Beneito Faure LED SKY MICROWAVE SENSOR 30W spotlight","description":"Gama Sky de Beneito Faure. Proyectores de alt\u00edsima calidad y eficiencia. Factor de potencia optimizado, luz potente y bajo consumo. Sensor de presencia y luz.","robots":{"index":"index","follow":"follow","max-snippet":"max-snippet:-1","max-image-preview":"max-image-preview:large","max-video-preview":"max-video-preview:-1"},"canonical":"https:\/\/ledsolintel.com\/fr\/produit-2\/sky-microwave-sensor-30w-de-beneito-faure\/","og_locale":"fr_FR","og_type":"article","og_title":"Proyector LED SKY MICROWAVE SENSOR 30W de Beneito Faure","og_description":"Gama Sky de Beneito Faure. Proyectores de alt\u00edsima calidad y eficiencia. Factor de potencia optimizado, luz potente y bajo consumo. Sensor de presencia y luz.","og_url":"https:\/\/ledsolintel.com\/fr\/produit-2\/sky-microwave-sensor-30w-de-beneito-faure\/","og_site_name":"Ledsolintel","article_publisher":"http:\/\/www.facebook.com\/webmenaje","og_image":[{"url":"https:\/\/ledsolintel.com\/wp-content\/uploads\/2020\/01\/9234-SKY-MICROWAVE-SENSOR-30W-de-Beneito-Faure.jpg","width":1,"height":1,"type":"image\/jpeg"}],"twitter_card":"summary_large_image","twitter_site":"@webmenaje","schema":{"@context":"https:\/\/schema.org","@graph":[{"@type":"WebPage","@id":"https:\/\/ledsolintel.com\/product\/sky-microwave-sensor-30w-de-beneito-faure\/","url":"https:\/\/ledsolintel.com\/product\/sky-microwave-sensor-30w-de-beneito-faure\/","name":"Beneito Faure LED SKY MICROWAVE SENSOR 30W spotlight","isPartOf":{"@id":"https:\/\/ledsolintel.com\/#website"},"primaryImageOfPage":{"@id":"https:\/\/ledsolintel.com\/product\/sky-microwave-sensor-30w-de-beneito-faure\/#primaryimage"},"image":{"@id":"https:\/\/ledsolintel.com\/product\/sky-microwave-sensor-30w-de-beneito-faure\/#primaryimage"},"thumbnailUrl":"https:\/\/ledsolintel.com\/wp-content\/uploads\/2020\/01\/9234-SKY-MICROWAVE-SENSOR-30W-de-Beneito-Faure.jpg","datePublished":"2020-01-21T16:52:18+00:00","description":"Gama Sky de Beneito Faure. Proyectores de alt\u00edsima calidad y eficiencia. Factor de potencia optimizado, luz potente y bajo consumo. Sensor de presencia y luz.","breadcrumb":{"@id":"https:\/\/ledsolintel.com\/product\/sky-microwave-sensor-30w-de-beneito-faure\/#breadcrumb"},"inLanguage":"fr-FR","potentialAction":[{"@type":"ReadAction","target":["https:\/\/ledsolintel.com\/product\/sky-microwave-sensor-30w-de-beneito-faure\/"]}]},{"@type":"ImageObject","inLanguage":"fr-FR","@id":"https:\/\/ledsolintel.com\/product\/sky-microwave-sensor-30w-de-beneito-faure\/#primaryimage","url":"https:\/\/ledsolintel.com\/wp-content\/uploads\/2020\/01\/9234-SKY-MICROWAVE-SENSOR-30W-de-Beneito-Faure.jpg","contentUrl":"https:\/\/ledsolintel.com\/wp-content\/uploads\/2020\/01\/9234-SKY-MICROWAVE-SENSOR-30W-de-Beneito-Faure.jpg","caption":"SKY MICROWAVE SENSOR 30W de Beneito Faure"},{"@type":"BreadcrumbList","@id":"https:\/\/ledsolintel.com\/product\/sky-microwave-sensor-30w-de-beneito-faure\/#breadcrumb","itemListElement":[{"@type":"ListItem","position":1,"name":"Portada","item":"https:\/\/ledsolintel.com\/fr\/"},{"@type":"ListItem","position":2,"name":"Tienda","item":"https:\/\/ledsolintel.com\/tienda\/"},{"@type":"ListItem","position":3,"name":"SKY MICROWAVE SENSOR 30W de Beneito Faure"}]},{"@type":"WebSite","@id":"https:\/\/ledsolintel.com\/#website","url":"https:\/\/ledsolintel.com\/","name":"Webmenaje","description":"Magasin d'ampoules et de lampes LED pour les professionnels","publisher":{"@id":"https:\/\/ledsolintel.com\/#organization"},"potentialAction":[{"@type":"SearchAction","target":{"@type":"EntryPoint","urlTemplate":"https:\/\/ledsolintel.com\/?s={search_term_string}"},"query-input":{"@type":"PropertyValueSpecification","valueRequired":true,"valueName":"search_term_string"}}],"inLanguage":"fr-FR"},{"@type":"Organization","@id":"https:\/\/ledsolintel.com\/#organization","name":"Solintel Noroeste, S.L.","url":"https:\/\/ledsolintel.com\/","logo":{"@type":"ImageObject","inLanguage":"fr-FR","@id":"https:\/\/ledsolintel.com\/#\/schema\/logo\/image\/","url":"https:\/\/ledsolintel.com\/wp-content\/uploads\/2024\/11\/webmenaje-logo-1508269066.jpg","contentUrl":"https:\/\/ledsolintel.com\/wp-content\/uploads\/2024\/11\/webmenaje-logo-1508269066.jpg","width":370,"height":90,"caption":"Solintel Noroeste, S.L."},"image":{"@id":"https:\/\/ledsolintel.com\/#\/schema\/logo\/image\/"},"sameAs":["http:\/\/www.facebook.com\/webmenaje","https:\/\/x.com\/webmenaje","https:\/\/www.youtube.com\/channel\/UCX2KoVoeCG4LocZjUc6LmSQ","http:\/\/www.pinterest.com\/webmenaje"]}]}},"_links":{"self":[{"href":"https:\/\/ledsolintel.com\/fr\/wp-json\/wp\/v2\/product\/243304","targetHints":{"allow":["GET"]}}],"collection":[{"href":"https:\/\/ledsolintel.com\/fr\/wp-json\/wp\/v2\/product"}],"about":[{"href":"https:\/\/ledsolintel.com\/fr\/wp-json\/wp\/v2\/types\/product"}],"version-history":[{"count":0,"href":"https:\/\/ledsolintel.com\/fr\/wp-json\/wp\/v2\/product\/243304\/revisions"}],"wp:featuredmedia":[{"embeddable":true,"href":"https:\/\/ledsolintel.com\/fr\/wp-json\/wp\/v2\/media\/243301"}],"wp:attachment":[{"href":"https:\/\/ledsolintel.com\/fr\/wp-json\/wp\/v2\/media?parent=243304"}],"wp:term":[{"taxonomy":"product_brand","embeddable":true,"href":"https:\/\/ledsolintel.com\/fr\/wp-json\/wp\/v2\/product_brand?post=243304"},{"taxonomy":"product_cat","embeddable":true,"href":"https:\/\/ledsolintel.com\/fr\/wp-json\/wp\/v2\/product_cat?post=243304"},{"taxonomy":"product_tag","embeddable":true,"href":"https:\/\/ledsolintel.com\/fr\/wp-json\/wp\/v2\/product_tag?post=243304"}],"curies":[{"name":"wp","href":"https:\/\/api.w.org\/{rel}","templated":true}]}}