{"id":243253,"date":"2020-01-20T13:53:09","date_gmt":"2020-01-20T12:53:09","guid":{"rendered":"https:\/\/nueva.ledsolintel.com\/product\/aplique-exterior-led-mis-3w-redondo-de-beneito-faure\/"},"modified":"2020-01-20T13:53:09","modified_gmt":"2020-01-20T12:53:09","slug":"mis-3w-round-led-outdoor-wall-lamp-by-beneito-faure","status":"publish","type":"product","link":"https:\/\/ledsolintel.com\/fr\/produit-2\/mis-3w-round-led-outdoor-wall-lamp-by-beneito-faure\/","title":{"rendered":"Beneito Faure applique LED ronde MIS 3W ronde"},"content":{"rendered":"<h1>Beneito Faure applique LED ronde MIS 3W ronde<\/h1>\n<p>\u00a0<\/p>\n<ul>\n<li>Puissance : 3 W<\/li>\n<li>Tension : 220-240 V<\/li>\n<li>Luminance : 140 lm<\/li>\n<li>CCT : 3000 K<\/li>\n<li>Dur\u00e9e de vie : 25 000 heures<\/li>\n<li>Protection IP65<\/li>\n<li>Protection IK06<\/li>\n<li>C.R.I. &gt; 80<\/li>\n<li>Diam\u00e8tre : 103 mm<\/li>\n<li>Facteur de puissance &gt;0,9<\/li>\n<\/ul>\n<p>\u00a0<\/p><\/p>","protected":false},"excerpt":{"rendered":"<p>Beneito Faure applique ronde \u00e0 LED MIS 3W. Faible puissance et luminosit\u00e9, pour la signalisation des fa\u00e7ades et l'\u00e9clairage des zones de transit. Disponible en trois finitions.<\/p>","protected":false},"featured_media":243249,"template":"","meta":[],"product_brand":[99357],"product_cat":[99603,99575],"product_tag":[],"class_list":{"0":"post-243253","1":"product","2":"type-product","3":"status-publish","4":"has-post-thumbnail","6":"product_brand-beneito-faure","7":"product_cat-apliques-para-exterior","8":"product_cat-iluminacion-para-jardines-y-exteriores","9":"pa_acabado-blanco","10":"pa_acabado-negro","13":"instock","14":"taxable","15":"shipping-taxable","16":"purchasable","17":"product-type-variable","18":"has-default-attributes"},"yoast_head":"<!-- This site is optimized with the Yoast SEO plugin v27.4 - https:\/\/yoast.com\/product\/yoast-seo-wordpress\/ -->\n<title>Aplique exterior LED MIS 3W redondo de Beneito Faure<\/title>\n<meta name=\"description\" content=\"Aplique exterior LED MIS 3W redondo de Beneito Faure. Baja potencia y luminosidad, perfecto para se\u00f1alar fachadas y alumbrar zonas de paso.\" \/>\n<meta name=\"robots\" content=\"index, follow, max-snippet:-1, max-image-preview:large, max-video-preview:-1\" \/>\n<link rel=\"canonical\" href=\"https:\/\/ledsolintel.com\/fr\/produit-2\/mis-3w-round-led-outdoor-wall-lamp-by-beneito-faure\/\" \/>\n<meta property=\"og:locale\" content=\"fr_FR\" \/>\n<meta property=\"og:type\" content=\"article\" \/>\n<meta property=\"og:title\" content=\"Aplique exterior LED MIS 3W redondo de Beneito Faure\" \/>\n<meta property=\"og:description\" content=\"Aplique exterior LED MIS 3W redondo de Beneito Faure. Baja potencia y luminosidad, perfecto para se\u00f1alar fachadas y alumbrar zonas de paso.\" \/>\n<meta property=\"og:url\" content=\"https:\/\/ledsolintel.com\/fr\/produit-2\/mis-3w-round-led-outdoor-wall-lamp-by-beneito-faure\/\" \/>\n<meta property=\"og:site_name\" content=\"Ledsolintel\" \/>\n<meta property=\"article:publisher\" content=\"http:\/\/www.facebook.com\/webmenaje\" \/>\n<meta property=\"og:image\" content=\"https:\/\/ledsolintel.com\/wp-content\/uploads\/2020\/01\/9215-MIS-3W-de-Beneito-Faure.jpg\" \/>\n\t<meta property=\"og:image:width\" content=\"1\" \/>\n\t<meta property=\"og:image:height\" content=\"1\" \/>\n\t<meta property=\"og:image:type\" content=\"image\/jpeg\" \/>\n<meta name=\"twitter:card\" content=\"summary_large_image\" \/>\n<meta name=\"twitter:site\" content=\"@webmenaje\" \/>\n<script type=\"application\/ld+json\" class=\"yoast-schema-graph\">{\"@context\":\"https:\\\/\\\/schema.org\",\"@graph\":[{\"@type\":\"WebPage\",\"@id\":\"https:\\\/\\\/ledsolintel.com\\\/product\\\/aplique-exterior-led-mis-3w-redondo-de-beneito-faure\\\/\",\"url\":\"https:\\\/\\\/ledsolintel.com\\\/product\\\/aplique-exterior-led-mis-3w-redondo-de-beneito-faure\\\/\",\"name\":\"Aplique exterior LED MIS 3W redondo de Beneito Faure\",\"isPartOf\":{\"@id\":\"https:\\\/\\\/ledsolintel.com\\\/#website\"},\"primaryImageOfPage\":{\"@id\":\"https:\\\/\\\/ledsolintel.com\\\/product\\\/aplique-exterior-led-mis-3w-redondo-de-beneito-faure\\\/#primaryimage\"},\"image\":{\"@id\":\"https:\\\/\\\/ledsolintel.com\\\/product\\\/aplique-exterior-led-mis-3w-redondo-de-beneito-faure\\\/#primaryimage\"},\"thumbnailUrl\":\"https:\\\/\\\/ledsolintel.com\\\/wp-content\\\/uploads\\\/2020\\\/01\\\/9215-MIS-3W-de-Beneito-Faure.jpg\",\"datePublished\":\"2020-01-20T12:53:09+00:00\",\"description\":\"Aplique exterior LED MIS 3W redondo de Beneito Faure. Baja potencia y luminosidad, perfecto para se\u00f1alar fachadas y alumbrar zonas de paso.\",\"breadcrumb\":{\"@id\":\"https:\\\/\\\/ledsolintel.com\\\/product\\\/aplique-exterior-led-mis-3w-redondo-de-beneito-faure\\\/#breadcrumb\"},\"inLanguage\":\"fr-FR\",\"potentialAction\":[{\"@type\":\"ReadAction\",\"target\":[\"https:\\\/\\\/ledsolintel.com\\\/product\\\/aplique-exterior-led-mis-3w-redondo-de-beneito-faure\\\/\"]}]},{\"@type\":\"ImageObject\",\"inLanguage\":\"fr-FR\",\"@id\":\"https:\\\/\\\/ledsolintel.com\\\/product\\\/aplique-exterior-led-mis-3w-redondo-de-beneito-faure\\\/#primaryimage\",\"url\":\"https:\\\/\\\/ledsolintel.com\\\/wp-content\\\/uploads\\\/2020\\\/01\\\/9215-MIS-3W-de-Beneito-Faure.jpg\",\"contentUrl\":\"https:\\\/\\\/ledsolintel.com\\\/wp-content\\\/uploads\\\/2020\\\/01\\\/9215-MIS-3W-de-Beneito-Faure.jpg\",\"caption\":\"MIS 3W de Beneito Faure\"},{\"@type\":\"BreadcrumbList\",\"@id\":\"https:\\\/\\\/ledsolintel.com\\\/product\\\/aplique-exterior-led-mis-3w-redondo-de-beneito-faure\\\/#breadcrumb\",\"itemListElement\":[{\"@type\":\"ListItem\",\"position\":1,\"name\":\"Portada\",\"item\":\"https:\\\/\\\/ledsolintel.com\\\/fr\\\/\"},{\"@type\":\"ListItem\",\"position\":2,\"name\":\"Tienda\",\"item\":\"https:\\\/\\\/ledsolintel.com\\\/tienda\\\/\"},{\"@type\":\"ListItem\",\"position\":3,\"name\":\"Aplique exterior LED MIS 3W redondo de Beneito Faure\"}]},{\"@type\":\"WebSite\",\"@id\":\"https:\\\/\\\/ledsolintel.com\\\/#website\",\"url\":\"https:\\\/\\\/ledsolintel.com\\\/\",\"name\":\"Webmenaje\",\"description\":\"Tienda de bombillas y l\u00e1mparas LED para profesionales\",\"publisher\":{\"@id\":\"https:\\\/\\\/ledsolintel.com\\\/#organization\"},\"potentialAction\":[{\"@type\":\"SearchAction\",\"target\":{\"@type\":\"EntryPoint\",\"urlTemplate\":\"https:\\\/\\\/ledsolintel.com\\\/?s={search_term_string}\"},\"query-input\":{\"@type\":\"PropertyValueSpecification\",\"valueRequired\":true,\"valueName\":\"search_term_string\"}}],\"inLanguage\":\"fr-FR\"},{\"@type\":\"Organization\",\"@id\":\"https:\\\/\\\/ledsolintel.com\\\/#organization\",\"name\":\"Solintel Noroeste, S.L.\",\"url\":\"https:\\\/\\\/ledsolintel.com\\\/\",\"logo\":{\"@type\":\"ImageObject\",\"inLanguage\":\"fr-FR\",\"@id\":\"https:\\\/\\\/ledsolintel.com\\\/#\\\/schema\\\/logo\\\/image\\\/\",\"url\":\"https:\\\/\\\/ledsolintel.com\\\/wp-content\\\/uploads\\\/2024\\\/11\\\/webmenaje-logo-1508269066.jpg\",\"contentUrl\":\"https:\\\/\\\/ledsolintel.com\\\/wp-content\\\/uploads\\\/2024\\\/11\\\/webmenaje-logo-1508269066.jpg\",\"width\":370,\"height\":90,\"caption\":\"Solintel Noroeste, S.L.\"},\"image\":{\"@id\":\"https:\\\/\\\/ledsolintel.com\\\/#\\\/schema\\\/logo\\\/image\\\/\"},\"sameAs\":[\"http:\\\/\\\/www.facebook.com\\\/webmenaje\",\"https:\\\/\\\/x.com\\\/webmenaje\",\"https:\\\/\\\/www.youtube.com\\\/channel\\\/UCX2KoVoeCG4LocZjUc6LmSQ\",\"http:\\\/\\\/www.pinterest.com\\\/webmenaje\"]}]}<\/script>\n<!-- \/ Yoast SEO plugin. -->","yoast_head_json":{"title":"Beneito Faure applique LED ronde MIS 3W ronde","description":"Beneito Faure applique murale ronde \u00e0 LED MIS 3W. Faible puissance et luminosit\u00e9, parfaite pour le marquage des fa\u00e7ades et l'\u00e9clairage des lieux de passage.","robots":{"index":"index","follow":"follow","max-snippet":"max-snippet:-1","max-image-preview":"max-image-preview:large","max-video-preview":"max-video-preview:-1"},"canonical":"https:\/\/ledsolintel.com\/fr\/produit-2\/mis-3w-round-led-outdoor-wall-lamp-by-beneito-faure\/","og_locale":"fr_FR","og_type":"article","og_title":"Aplique exterior LED MIS 3W redondo de Beneito Faure","og_description":"Aplique exterior LED MIS 3W redondo de Beneito Faure. Baja potencia y luminosidad, perfecto para se\u00f1alar fachadas y alumbrar zonas de paso.","og_url":"https:\/\/ledsolintel.com\/fr\/produit-2\/mis-3w-round-led-outdoor-wall-lamp-by-beneito-faure\/","og_site_name":"Ledsolintel","article_publisher":"http:\/\/www.facebook.com\/webmenaje","og_image":[{"url":"https:\/\/ledsolintel.com\/wp-content\/uploads\/2020\/01\/9215-MIS-3W-de-Beneito-Faure.jpg","width":1,"height":1,"type":"image\/jpeg"}],"twitter_card":"summary_large_image","twitter_site":"@webmenaje","schema":{"@context":"https:\/\/schema.org","@graph":[{"@type":"WebPage","@id":"https:\/\/ledsolintel.com\/product\/aplique-exterior-led-mis-3w-redondo-de-beneito-faure\/","url":"https:\/\/ledsolintel.com\/product\/aplique-exterior-led-mis-3w-redondo-de-beneito-faure\/","name":"Beneito Faure applique LED ronde MIS 3W ronde","isPartOf":{"@id":"https:\/\/ledsolintel.com\/#website"},"primaryImageOfPage":{"@id":"https:\/\/ledsolintel.com\/product\/aplique-exterior-led-mis-3w-redondo-de-beneito-faure\/#primaryimage"},"image":{"@id":"https:\/\/ledsolintel.com\/product\/aplique-exterior-led-mis-3w-redondo-de-beneito-faure\/#primaryimage"},"thumbnailUrl":"https:\/\/ledsolintel.com\/wp-content\/uploads\/2020\/01\/9215-MIS-3W-de-Beneito-Faure.jpg","datePublished":"2020-01-20T12:53:09+00:00","description":"Beneito Faure applique murale ronde \u00e0 LED MIS 3W. Faible puissance et luminosit\u00e9, parfaite pour le marquage des fa\u00e7ades et l'\u00e9clairage des lieux de passage.","breadcrumb":{"@id":"https:\/\/ledsolintel.com\/product\/aplique-exterior-led-mis-3w-redondo-de-beneito-faure\/#breadcrumb"},"inLanguage":"fr-FR","potentialAction":[{"@type":"ReadAction","target":["https:\/\/ledsolintel.com\/product\/aplique-exterior-led-mis-3w-redondo-de-beneito-faure\/"]}]},{"@type":"ImageObject","inLanguage":"fr-FR","@id":"https:\/\/ledsolintel.com\/product\/aplique-exterior-led-mis-3w-redondo-de-beneito-faure\/#primaryimage","url":"https:\/\/ledsolintel.com\/wp-content\/uploads\/2020\/01\/9215-MIS-3W-de-Beneito-Faure.jpg","contentUrl":"https:\/\/ledsolintel.com\/wp-content\/uploads\/2020\/01\/9215-MIS-3W-de-Beneito-Faure.jpg","caption":"MIS 3W de Beneito Faure"},{"@type":"BreadcrumbList","@id":"https:\/\/ledsolintel.com\/product\/aplique-exterior-led-mis-3w-redondo-de-beneito-faure\/#breadcrumb","itemListElement":[{"@type":"ListItem","position":1,"name":"Portada","item":"https:\/\/ledsolintel.com\/fr\/"},{"@type":"ListItem","position":2,"name":"Tienda","item":"https:\/\/ledsolintel.com\/tienda\/"},{"@type":"ListItem","position":3,"name":"Aplique exterior LED MIS 3W redondo de Beneito Faure"}]},{"@type":"WebSite","@id":"https:\/\/ledsolintel.com\/#website","url":"https:\/\/ledsolintel.com\/","name":"Webmenaje","description":"Magasin d'ampoules et de lampes LED pour les professionnels","publisher":{"@id":"https:\/\/ledsolintel.com\/#organization"},"potentialAction":[{"@type":"SearchAction","target":{"@type":"EntryPoint","urlTemplate":"https:\/\/ledsolintel.com\/?s={search_term_string}"},"query-input":{"@type":"PropertyValueSpecification","valueRequired":true,"valueName":"search_term_string"}}],"inLanguage":"fr-FR"},{"@type":"Organization","@id":"https:\/\/ledsolintel.com\/#organization","name":"Solintel Noroeste, S.L.","url":"https:\/\/ledsolintel.com\/","logo":{"@type":"ImageObject","inLanguage":"fr-FR","@id":"https:\/\/ledsolintel.com\/#\/schema\/logo\/image\/","url":"https:\/\/ledsolintel.com\/wp-content\/uploads\/2024\/11\/webmenaje-logo-1508269066.jpg","contentUrl":"https:\/\/ledsolintel.com\/wp-content\/uploads\/2024\/11\/webmenaje-logo-1508269066.jpg","width":370,"height":90,"caption":"Solintel Noroeste, S.L."},"image":{"@id":"https:\/\/ledsolintel.com\/#\/schema\/logo\/image\/"},"sameAs":["http:\/\/www.facebook.com\/webmenaje","https:\/\/x.com\/webmenaje","https:\/\/www.youtube.com\/channel\/UCX2KoVoeCG4LocZjUc6LmSQ","http:\/\/www.pinterest.com\/webmenaje"]}]}},"_links":{"self":[{"href":"https:\/\/ledsolintel.com\/fr\/wp-json\/wp\/v2\/product\/243253","targetHints":{"allow":["GET"]}}],"collection":[{"href":"https:\/\/ledsolintel.com\/fr\/wp-json\/wp\/v2\/product"}],"about":[{"href":"https:\/\/ledsolintel.com\/fr\/wp-json\/wp\/v2\/types\/product"}],"version-history":[{"count":0,"href":"https:\/\/ledsolintel.com\/fr\/wp-json\/wp\/v2\/product\/243253\/revisions"}],"wp:featuredmedia":[{"embeddable":true,"href":"https:\/\/ledsolintel.com\/fr\/wp-json\/wp\/v2\/media\/243249"}],"wp:attachment":[{"href":"https:\/\/ledsolintel.com\/fr\/wp-json\/wp\/v2\/media?parent=243253"}],"wp:term":[{"taxonomy":"product_brand","embeddable":true,"href":"https:\/\/ledsolintel.com\/fr\/wp-json\/wp\/v2\/product_brand?post=243253"},{"taxonomy":"product_cat","embeddable":true,"href":"https:\/\/ledsolintel.com\/fr\/wp-json\/wp\/v2\/product_cat?post=243253"},{"taxonomy":"product_tag","embeddable":true,"href":"https:\/\/ledsolintel.com\/fr\/wp-json\/wp\/v2\/product_tag?post=243253"}],"curies":[{"name":"wp","href":"https:\/\/api.w.org\/{rel}","templated":true}]}}