{"id":243131,"date":"2020-01-15T11:56:27","date_gmt":"2020-01-15T10:56:27","guid":{"rendered":"https:\/\/nueva.ledsolintel.com\/product\/pulsar-35w-de-beneito-faure\/"},"modified":"2020-01-15T11:56:27","modified_gmt":"2020-01-15T10:56:27","slug":"pulsar-35w-de-beneito-faure","status":"publish","type":"product","link":"https:\/\/ledsolintel.com\/fr\/produit-2\/pulsar-35w-de-beneito-faure\/","title":{"rendered":"Downlight LED PULSAR 3.5W by Beneito Faure"},"content":{"rendered":"<h1>PULSAR LED 3,5W de Beneito Faure<\/h1>\n<p>\u00a0<\/p>\n<h3>Caract\u00e9ristiques<\/h3>\n<ul>\n<li>Puissance : 3,5 W<\/li>\n<li>Tension : 220-240 V<\/li>\n<li>Courant : 0,03 A<\/li>\n<li>Luminosit\u00e9 :<\/li>\n<ul>\n<li>170 - 200 lumens<\/li>\n<li>590 - 641 cd<\/li>\n<\/ul>\n<li>Temp\u00e9rature de couleur :<\/li>\n<ul>\n<li>Blanc tr\u00e8s chaud 2700 K<\/li>\n<li>Blanc chaud 3000 K<\/li>\n<li>Blanc naturel 4000 K<\/li>\n<\/ul>\n<li>Optique : 30<\/li>\n<li>IRC &gt; 80<\/li>\n<li>Protection IP65<\/li>\n<li>Facteur de puissance &gt; 0,5<\/li>\n<li>Dur\u00e9e de vie : 30 000 heures<\/li>\n<li>UGR &lt; 16<\/li>\n<\/ul>","protected":false},"excerpt":{"rendered":"<p>Beneito Faure PULSAR 3,5W encastr\u00e9. Mini format, pour les tr\u00e8s petits espaces ou pour les points lumineux. Disponible en forme ronde ou carr\u00e9e. Haute protection, convient pour l'ext\u00e9rieur.<\/p>\n<p>Peut \u00eatre transform\u00e9 en lampe suspendue \u00e0 l'aide d'un accessoire (achet\u00e9 s\u00e9par\u00e9ment)<\/p>","protected":false},"featured_media":243126,"template":"","meta":[],"product_brand":[99357],"product_cat":[99697,99573],"product_tag":[],"class_list":{"0":"post-243131","1":"product","2":"type-product","3":"status-publish","4":"has-post-thumbnail","6":"product_brand-beneito-faure","7":"product_cat-downlights-de-empotrar","8":"product_cat-iluminacion-interior","9":"pa_acabado-blanco","10":"pa_acabado-negro","11":"pa_cct-natural4000k","12":"pa_cct-calido3000k","13":"pa_cct-muycalido2700k","14":"pa_forma-cuadrado","15":"pa_forma-redondo","18":"instock","19":"taxable","20":"shipping-taxable","21":"purchasable","22":"product-type-variable","23":"has-default-attributes"},"yoast_head":"<!-- This site is optimized with the Yoast SEO plugin v26.6 - https:\/\/yoast.com\/wordpress\/plugins\/seo\/ -->\n<title>Downlight LED PULSAR 3.5W de Beneito Faure<\/title>\n<meta name=\"description\" content=\"Downlight empotrable PULSAR 3.5W de Beneito Faure. Tama\u00f1o mini, para espacios muy peque\u00f1os o para puntos de luz. Alta protecci\u00f3n, apto para exteriores.\" \/>\n<meta name=\"robots\" content=\"index, follow, max-snippet:-1, max-image-preview:large, max-video-preview:-1\" \/>\n<link rel=\"canonical\" href=\"https:\/\/ledsolintel.com\/fr\/produit-2\/pulsar-35w-de-beneito-faure\/\" \/>\n<meta property=\"og:locale\" content=\"fr_FR\" \/>\n<meta property=\"og:type\" content=\"article\" \/>\n<meta property=\"og:title\" content=\"Downlight LED PULSAR 3.5W de Beneito Faure\" \/>\n<meta property=\"og:description\" content=\"Downlight empotrable PULSAR 3.5W de Beneito Faure. Tama\u00f1o mini, para espacios muy peque\u00f1os o para puntos de luz. Alta protecci\u00f3n, apto para exteriores.\" \/>\n<meta property=\"og:url\" content=\"https:\/\/ledsolintel.com\/fr\/produit-2\/pulsar-35w-de-beneito-faure\/\" \/>\n<meta property=\"og:site_name\" content=\"Ledsolintel\" \/>\n<meta property=\"article:publisher\" content=\"http:\/\/www.facebook.com\/webmenaje\" \/>\n<meta property=\"og:image\" content=\"https:\/\/ledsolintel.com\/wp-content\/uploads\/2020\/01\/9143-PULSAR-3.5W-de-Beneito-Faure.jpg\" \/>\n\t<meta property=\"og:image:width\" content=\"1\" \/>\n\t<meta property=\"og:image:height\" content=\"1\" \/>\n\t<meta property=\"og:image:type\" content=\"image\/jpeg\" \/>\n<meta name=\"twitter:card\" content=\"summary_large_image\" \/>\n<meta name=\"twitter:site\" content=\"@webmenaje\" \/>\n<script type=\"application\/ld+json\" class=\"yoast-schema-graph\">{\"@context\":\"https:\/\/schema.org\",\"@graph\":[{\"@type\":\"WebPage\",\"@id\":\"https:\/\/ledsolintel.com\/product\/pulsar-35w-de-beneito-faure\/\",\"url\":\"https:\/\/ledsolintel.com\/product\/pulsar-35w-de-beneito-faure\/\",\"name\":\"Downlight LED PULSAR 3.5W de Beneito Faure\",\"isPartOf\":{\"@id\":\"https:\/\/ledsolintel.com\/#website\"},\"primaryImageOfPage\":{\"@id\":\"https:\/\/ledsolintel.com\/product\/pulsar-35w-de-beneito-faure\/#primaryimage\"},\"image\":{\"@id\":\"https:\/\/ledsolintel.com\/product\/pulsar-35w-de-beneito-faure\/#primaryimage\"},\"thumbnailUrl\":\"https:\/\/ledsolintel.com\/wp-content\/uploads\/2020\/01\/9143-PULSAR-3.5W-de-Beneito-Faure.jpg\",\"datePublished\":\"2020-01-15T10:56:27+00:00\",\"description\":\"Downlight empotrable PULSAR 3.5W de Beneito Faure. Tama\u00f1o mini, para espacios muy peque\u00f1os o para puntos de luz. Alta protecci\u00f3n, apto para exteriores.\",\"breadcrumb\":{\"@id\":\"https:\/\/ledsolintel.com\/product\/pulsar-35w-de-beneito-faure\/#breadcrumb\"},\"inLanguage\":\"fr-FR\",\"potentialAction\":[{\"@type\":\"ReadAction\",\"target\":[\"https:\/\/ledsolintel.com\/product\/pulsar-35w-de-beneito-faure\/\"]}]},{\"@type\":\"ImageObject\",\"inLanguage\":\"fr-FR\",\"@id\":\"https:\/\/ledsolintel.com\/product\/pulsar-35w-de-beneito-faure\/#primaryimage\",\"url\":\"https:\/\/ledsolintel.com\/wp-content\/uploads\/2020\/01\/9143-PULSAR-3.5W-de-Beneito-Faure.jpg\",\"contentUrl\":\"https:\/\/ledsolintel.com\/wp-content\/uploads\/2020\/01\/9143-PULSAR-3.5W-de-Beneito-Faure.jpg\",\"caption\":\"PULSAR 3.5W de Beneito Faure\"},{\"@type\":\"BreadcrumbList\",\"@id\":\"https:\/\/ledsolintel.com\/product\/pulsar-35w-de-beneito-faure\/#breadcrumb\",\"itemListElement\":[{\"@type\":\"ListItem\",\"position\":1,\"name\":\"Portada\",\"item\":\"https:\/\/ledsolintel.com\/fr\/\"},{\"@type\":\"ListItem\",\"position\":2,\"name\":\"Tienda\",\"item\":\"https:\/\/ledsolintel.com\/tienda\/\"},{\"@type\":\"ListItem\",\"position\":3,\"name\":\"Downlight LED PULSAR 3.5W de Beneito Faure\"}]},{\"@type\":\"WebSite\",\"@id\":\"https:\/\/ledsolintel.com\/#website\",\"url\":\"https:\/\/ledsolintel.com\/\",\"name\":\"Webmenaje\",\"description\":\"Tienda de bombillas y l\u00e1mparas LED para profesionales\",\"publisher\":{\"@id\":\"https:\/\/ledsolintel.com\/#organization\"},\"potentialAction\":[{\"@type\":\"SearchAction\",\"target\":{\"@type\":\"EntryPoint\",\"urlTemplate\":\"https:\/\/ledsolintel.com\/?s={search_term_string}\"},\"query-input\":{\"@type\":\"PropertyValueSpecification\",\"valueRequired\":true,\"valueName\":\"search_term_string\"}}],\"inLanguage\":\"fr-FR\"},{\"@type\":\"Organization\",\"@id\":\"https:\/\/ledsolintel.com\/#organization\",\"name\":\"Solintel Noroeste, S.L.\",\"url\":\"https:\/\/ledsolintel.com\/\",\"logo\":{\"@type\":\"ImageObject\",\"inLanguage\":\"fr-FR\",\"@id\":\"https:\/\/ledsolintel.com\/#\/schema\/logo\/image\/\",\"url\":\"https:\/\/ledsolintel.com\/wp-content\/uploads\/2024\/11\/webmenaje-logo-1508269066.jpg\",\"contentUrl\":\"https:\/\/ledsolintel.com\/wp-content\/uploads\/2024\/11\/webmenaje-logo-1508269066.jpg\",\"width\":370,\"height\":90,\"caption\":\"Solintel Noroeste, S.L.\"},\"image\":{\"@id\":\"https:\/\/ledsolintel.com\/#\/schema\/logo\/image\/\"},\"sameAs\":[\"http:\/\/www.facebook.com\/webmenaje\",\"https:\/\/x.com\/webmenaje\",\"https:\/\/www.youtube.com\/channel\/UCX2KoVoeCG4LocZjUc6LmSQ\",\"http:\/\/www.pinterest.com\/webmenaje\"]}]}<\/script>\n<!-- \/ Yoast SEO plugin. -->","yoast_head_json":{"title":"Downlight LED PULSAR 3.5W by Beneito Faure","description":"Beneito Faure PULSAR 3,5W encastr\u00e9. Taille mini, pour les tr\u00e8s petits espaces ou pour les points lumineux. Haute protection, convient pour l'ext\u00e9rieur.","robots":{"index":"index","follow":"follow","max-snippet":"max-snippet:-1","max-image-preview":"max-image-preview:large","max-video-preview":"max-video-preview:-1"},"canonical":"https:\/\/ledsolintel.com\/fr\/produit-2\/pulsar-35w-de-beneito-faure\/","og_locale":"fr_FR","og_type":"article","og_title":"Downlight LED PULSAR 3.5W de Beneito Faure","og_description":"Downlight empotrable PULSAR 3.5W de Beneito Faure. Tama\u00f1o mini, para espacios muy peque\u00f1os o para puntos de luz. Alta protecci\u00f3n, apto para exteriores.","og_url":"https:\/\/ledsolintel.com\/fr\/produit-2\/pulsar-35w-de-beneito-faure\/","og_site_name":"Ledsolintel","article_publisher":"http:\/\/www.facebook.com\/webmenaje","og_image":[{"url":"https:\/\/ledsolintel.com\/wp-content\/uploads\/2020\/01\/9143-PULSAR-3.5W-de-Beneito-Faure.jpg","width":1,"height":1,"type":"image\/jpeg"}],"twitter_card":"summary_large_image","twitter_site":"@webmenaje","schema":{"@context":"https:\/\/schema.org","@graph":[{"@type":"WebPage","@id":"https:\/\/ledsolintel.com\/product\/pulsar-35w-de-beneito-faure\/","url":"https:\/\/ledsolintel.com\/product\/pulsar-35w-de-beneito-faure\/","name":"Downlight LED PULSAR 3.5W by Beneito Faure","isPartOf":{"@id":"https:\/\/ledsolintel.com\/#website"},"primaryImageOfPage":{"@id":"https:\/\/ledsolintel.com\/product\/pulsar-35w-de-beneito-faure\/#primaryimage"},"image":{"@id":"https:\/\/ledsolintel.com\/product\/pulsar-35w-de-beneito-faure\/#primaryimage"},"thumbnailUrl":"https:\/\/ledsolintel.com\/wp-content\/uploads\/2020\/01\/9143-PULSAR-3.5W-de-Beneito-Faure.jpg","datePublished":"2020-01-15T10:56:27+00:00","description":"Beneito Faure PULSAR 3,5W encastr\u00e9. Taille mini, pour les tr\u00e8s petits espaces ou pour les points lumineux. Haute protection, convient pour l'ext\u00e9rieur.","breadcrumb":{"@id":"https:\/\/ledsolintel.com\/product\/pulsar-35w-de-beneito-faure\/#breadcrumb"},"inLanguage":"fr-FR","potentialAction":[{"@type":"ReadAction","target":["https:\/\/ledsolintel.com\/product\/pulsar-35w-de-beneito-faure\/"]}]},{"@type":"ImageObject","inLanguage":"fr-FR","@id":"https:\/\/ledsolintel.com\/product\/pulsar-35w-de-beneito-faure\/#primaryimage","url":"https:\/\/ledsolintel.com\/wp-content\/uploads\/2020\/01\/9143-PULSAR-3.5W-de-Beneito-Faure.jpg","contentUrl":"https:\/\/ledsolintel.com\/wp-content\/uploads\/2020\/01\/9143-PULSAR-3.5W-de-Beneito-Faure.jpg","caption":"PULSAR 3.5W de Beneito Faure"},{"@type":"BreadcrumbList","@id":"https:\/\/ledsolintel.com\/product\/pulsar-35w-de-beneito-faure\/#breadcrumb","itemListElement":[{"@type":"ListItem","position":1,"name":"Portada","item":"https:\/\/ledsolintel.com\/fr\/"},{"@type":"ListItem","position":2,"name":"Tienda","item":"https:\/\/ledsolintel.com\/tienda\/"},{"@type":"ListItem","position":3,"name":"Downlight LED PULSAR 3.5W de Beneito Faure"}]},{"@type":"WebSite","@id":"https:\/\/ledsolintel.com\/#website","url":"https:\/\/ledsolintel.com\/","name":"Webmenaje","description":"Magasin d'ampoules et de lampes LED pour les professionnels","publisher":{"@id":"https:\/\/ledsolintel.com\/#organization"},"potentialAction":[{"@type":"SearchAction","target":{"@type":"EntryPoint","urlTemplate":"https:\/\/ledsolintel.com\/?s={search_term_string}"},"query-input":{"@type":"PropertyValueSpecification","valueRequired":true,"valueName":"search_term_string"}}],"inLanguage":"fr-FR"},{"@type":"Organization","@id":"https:\/\/ledsolintel.com\/#organization","name":"Solintel Noroeste, S.L.","url":"https:\/\/ledsolintel.com\/","logo":{"@type":"ImageObject","inLanguage":"fr-FR","@id":"https:\/\/ledsolintel.com\/#\/schema\/logo\/image\/","url":"https:\/\/ledsolintel.com\/wp-content\/uploads\/2024\/11\/webmenaje-logo-1508269066.jpg","contentUrl":"https:\/\/ledsolintel.com\/wp-content\/uploads\/2024\/11\/webmenaje-logo-1508269066.jpg","width":370,"height":90,"caption":"Solintel Noroeste, S.L."},"image":{"@id":"https:\/\/ledsolintel.com\/#\/schema\/logo\/image\/"},"sameAs":["http:\/\/www.facebook.com\/webmenaje","https:\/\/x.com\/webmenaje","https:\/\/www.youtube.com\/channel\/UCX2KoVoeCG4LocZjUc6LmSQ","http:\/\/www.pinterest.com\/webmenaje"]}]}},"_links":{"self":[{"href":"https:\/\/ledsolintel.com\/fr\/wp-json\/wp\/v2\/product\/243131","targetHints":{"allow":["GET"]}}],"collection":[{"href":"https:\/\/ledsolintel.com\/fr\/wp-json\/wp\/v2\/product"}],"about":[{"href":"https:\/\/ledsolintel.com\/fr\/wp-json\/wp\/v2\/types\/product"}],"version-history":[{"count":0,"href":"https:\/\/ledsolintel.com\/fr\/wp-json\/wp\/v2\/product\/243131\/revisions"}],"wp:featuredmedia":[{"embeddable":true,"href":"https:\/\/ledsolintel.com\/fr\/wp-json\/wp\/v2\/media\/243126"}],"wp:attachment":[{"href":"https:\/\/ledsolintel.com\/fr\/wp-json\/wp\/v2\/media?parent=243131"}],"wp:term":[{"taxonomy":"product_brand","embeddable":true,"href":"https:\/\/ledsolintel.com\/fr\/wp-json\/wp\/v2\/product_brand?post=243131"},{"taxonomy":"product_cat","embeddable":true,"href":"https:\/\/ledsolintel.com\/fr\/wp-json\/wp\/v2\/product_cat?post=243131"},{"taxonomy":"product_tag","embeddable":true,"href":"https:\/\/ledsolintel.com\/fr\/wp-json\/wp\/v2\/product_tag?post=243131"}],"curies":[{"name":"wp","href":"https:\/\/api.w.org\/{rel}","templated":true}]}}