{"id":243071,"date":"2020-01-13T13:28:18","date_gmt":"2020-01-13T12:28:18","guid":{"rendered":"https:\/\/nueva.ledsolintel.com\/product\/picolo-switch-95w-de-beneito-faure\/"},"modified":"2020-01-13T13:28:18","modified_gmt":"2020-01-13T12:28:18","slug":"picolo-switch-95w-de-beneito-faure","status":"publish","type":"product","link":"https:\/\/ledsolintel.com\/fr\/produit-2\/picolo-switch-95w-de-beneito-faure\/","title":{"rendered":"PICOLO SWITCH 9.5W de Beneito Faure"},"content":{"rendered":"<h1>PICOLO SWITCH 9.5W de Beneito Faure<\/h1>\n<h3><\/h3>\n<h3>Caract\u00e9ristiques :<\/h3>\n<ul>\n<li>Puissance : 9,5 W<\/li>\n<li>Tension : 220-240V \/ 50-60 Hz<\/li>\n<li>Luminosit\u00e9 : 1300 lumens<\/li>\n<li>Optique r\u00e9glable :\n<ul>\n<li>15\u00ba<\/li>\n<li>38\u00ba<\/li>\n<li>60\u00ba<\/li>\n<\/ul>\n<\/li>\n<li>Temp\u00e9rature de couleur (r\u00e9glable) :\n<ul>\n<li>Blanc tr\u00e8s chaud 2700 K<\/li>\n<li>Blanc chaud 3000 K<\/li>\n<li>Blanc naturel 4000 K<\/li>\n<\/ul>\n<\/li>\n<li>Dur\u00e9e de vie (heures) : 30 000<\/li>\n<li>Protection IP20<\/li>\n<li>C.R.I. &gt; 90<\/li>\n<li>Dimensions (mm) : 185x110x52<\/li>\n<li>Facteur de puissance &gt;0,9<\/li>\n<li>Angles de rotation : 90\u00ba + 355\u00ba.<\/li>\n<\/ul>","protected":false},"excerpt":{"rendered":"<p>Spot sur rail Picolo de Beneito Faure. Design discret et \u00e9l\u00e9gant avec faisceau lumineux r\u00e9glable sur trois niveaux. Tr\u00e8s polyvalent, il convient \u00e0 l'\u00e9clairage de locaux commerciaux, de vitrines ou de galeries.<\/p>\n<p>L'interrupteur CCT permet de modifier la temp\u00e9rature de couleur.<\/p>","protected":false},"featured_media":243069,"template":"","meta":[],"product_brand":[99357],"product_cat":[99929,99573,99891,99595],"product_tag":[],"class_list":{"0":"post-243071","1":"product","2":"type-product","3":"status-publish","4":"has-post-thumbnail","6":"product_brand-beneito-faure","7":"product_cat-focos-de-carril-de-superficie-y-empotrables-focos-de-carril","8":"product_cat-iluminacion-interior","9":"product_cat-focos-de-carril","10":"product_cat-lamparas-con-color-de-luz-regulable","11":"pa_acabado-blanco","12":"pa_acabado-negro","15":"instock","16":"taxable","17":"shipping-taxable","18":"purchasable","19":"product-type-variable","20":"has-default-attributes"},"yoast_head":"<!-- This site is optimized with the Yoast SEO plugin v26.6 - https:\/\/yoast.com\/wordpress\/plugins\/seo\/ -->\n<title>PICOLO SWITCH 9.5W de Beneito Faure<\/title>\n<meta name=\"description\" content=\"Foco de carril Picolo de Beneito Faure. Discreto y elegante, para uso dom\u00e9stico y profesional. \u00d3ptica y CCT regulables.\" \/>\n<meta name=\"robots\" content=\"index, follow, max-snippet:-1, max-image-preview:large, max-video-preview:-1\" \/>\n<link rel=\"canonical\" href=\"https:\/\/ledsolintel.com\/fr\/produit-2\/picolo-switch-95w-de-beneito-faure\/\" \/>\n<meta property=\"og:locale\" content=\"fr_FR\" \/>\n<meta property=\"og:type\" content=\"article\" \/>\n<meta property=\"og:title\" content=\"PICOLO SWITCH 9.5W de Beneito Faure\" \/>\n<meta property=\"og:description\" content=\"Foco de carril Picolo de Beneito Faure. Discreto y elegante, para uso dom\u00e9stico y profesional. \u00d3ptica y CCT regulables.\" \/>\n<meta property=\"og:url\" content=\"https:\/\/ledsolintel.com\/fr\/produit-2\/picolo-switch-95w-de-beneito-faure\/\" \/>\n<meta property=\"og:site_name\" content=\"Ledsolintel\" \/>\n<meta property=\"article:publisher\" content=\"http:\/\/www.facebook.com\/webmenaje\" \/>\n<meta property=\"og:image\" content=\"https:\/\/ledsolintel.com\/wp-content\/uploads\/2020\/01\/9249-PICOLO-SWITCH-9.5W-de-Beneito-Faure.jpg\" \/>\n\t<meta property=\"og:image:width\" content=\"1\" \/>\n\t<meta property=\"og:image:height\" content=\"1\" \/>\n\t<meta property=\"og:image:type\" content=\"image\/jpeg\" \/>\n<meta name=\"twitter:card\" content=\"summary_large_image\" \/>\n<meta name=\"twitter:site\" content=\"@webmenaje\" \/>\n<script type=\"application\/ld+json\" class=\"yoast-schema-graph\">{\"@context\":\"https:\/\/schema.org\",\"@graph\":[{\"@type\":\"WebPage\",\"@id\":\"https:\/\/ledsolintel.com\/product\/picolo-switch-95w-de-beneito-faure\/\",\"url\":\"https:\/\/ledsolintel.com\/product\/picolo-switch-95w-de-beneito-faure\/\",\"name\":\"PICOLO SWITCH 9.5W de Beneito Faure\",\"isPartOf\":{\"@id\":\"https:\/\/ledsolintel.com\/#website\"},\"primaryImageOfPage\":{\"@id\":\"https:\/\/ledsolintel.com\/product\/picolo-switch-95w-de-beneito-faure\/#primaryimage\"},\"image\":{\"@id\":\"https:\/\/ledsolintel.com\/product\/picolo-switch-95w-de-beneito-faure\/#primaryimage\"},\"thumbnailUrl\":\"https:\/\/ledsolintel.com\/wp-content\/uploads\/2020\/01\/9249-PICOLO-SWITCH-9.5W-de-Beneito-Faure.jpg\",\"datePublished\":\"2020-01-13T12:28:18+00:00\",\"description\":\"Foco de carril Picolo de Beneito Faure. Discreto y elegante, para uso dom\u00e9stico y profesional. \u00d3ptica y CCT regulables.\",\"breadcrumb\":{\"@id\":\"https:\/\/ledsolintel.com\/product\/picolo-switch-95w-de-beneito-faure\/#breadcrumb\"},\"inLanguage\":\"fr-FR\",\"potentialAction\":[{\"@type\":\"ReadAction\",\"target\":[\"https:\/\/ledsolintel.com\/product\/picolo-switch-95w-de-beneito-faure\/\"]}]},{\"@type\":\"ImageObject\",\"inLanguage\":\"fr-FR\",\"@id\":\"https:\/\/ledsolintel.com\/product\/picolo-switch-95w-de-beneito-faure\/#primaryimage\",\"url\":\"https:\/\/ledsolintel.com\/wp-content\/uploads\/2020\/01\/9249-PICOLO-SWITCH-9.5W-de-Beneito-Faure.jpg\",\"contentUrl\":\"https:\/\/ledsolintel.com\/wp-content\/uploads\/2020\/01\/9249-PICOLO-SWITCH-9.5W-de-Beneito-Faure.jpg\",\"caption\":\"PICOLO SWITCH 9.5W de Beneito Faure\"},{\"@type\":\"BreadcrumbList\",\"@id\":\"https:\/\/ledsolintel.com\/product\/picolo-switch-95w-de-beneito-faure\/#breadcrumb\",\"itemListElement\":[{\"@type\":\"ListItem\",\"position\":1,\"name\":\"Portada\",\"item\":\"https:\/\/ledsolintel.com\/fr\/\"},{\"@type\":\"ListItem\",\"position\":2,\"name\":\"Tienda\",\"item\":\"https:\/\/ledsolintel.com\/tienda\/\"},{\"@type\":\"ListItem\",\"position\":3,\"name\":\"PICOLO SWITCH 9.5W de Beneito Faure\"}]},{\"@type\":\"WebSite\",\"@id\":\"https:\/\/ledsolintel.com\/#website\",\"url\":\"https:\/\/ledsolintel.com\/\",\"name\":\"Webmenaje\",\"description\":\"Tienda de bombillas y l\u00e1mparas LED para profesionales\",\"publisher\":{\"@id\":\"https:\/\/ledsolintel.com\/#organization\"},\"potentialAction\":[{\"@type\":\"SearchAction\",\"target\":{\"@type\":\"EntryPoint\",\"urlTemplate\":\"https:\/\/ledsolintel.com\/?s={search_term_string}\"},\"query-input\":{\"@type\":\"PropertyValueSpecification\",\"valueRequired\":true,\"valueName\":\"search_term_string\"}}],\"inLanguage\":\"fr-FR\"},{\"@type\":\"Organization\",\"@id\":\"https:\/\/ledsolintel.com\/#organization\",\"name\":\"Solintel Noroeste, S.L.\",\"url\":\"https:\/\/ledsolintel.com\/\",\"logo\":{\"@type\":\"ImageObject\",\"inLanguage\":\"fr-FR\",\"@id\":\"https:\/\/ledsolintel.com\/#\/schema\/logo\/image\/\",\"url\":\"https:\/\/ledsolintel.com\/wp-content\/uploads\/2024\/11\/webmenaje-logo-1508269066.jpg\",\"contentUrl\":\"https:\/\/ledsolintel.com\/wp-content\/uploads\/2024\/11\/webmenaje-logo-1508269066.jpg\",\"width\":370,\"height\":90,\"caption\":\"Solintel Noroeste, S.L.\"},\"image\":{\"@id\":\"https:\/\/ledsolintel.com\/#\/schema\/logo\/image\/\"},\"sameAs\":[\"http:\/\/www.facebook.com\/webmenaje\",\"https:\/\/x.com\/webmenaje\",\"https:\/\/www.youtube.com\/channel\/UCX2KoVoeCG4LocZjUc6LmSQ\",\"http:\/\/www.pinterest.com\/webmenaje\"]}]}<\/script>\n<!-- \/ Yoast SEO plugin. -->","yoast_head_json":{"title":"PICOLO SWITCH 9.5W de Beneito Faure","description":"Foco de carril Picolo de Beneito Faure. Discreto y elegante, para uso dom\u00e9stico y profesional. \u00d3ptica y CCT regulables.","robots":{"index":"index","follow":"follow","max-snippet":"max-snippet:-1","max-image-preview":"max-image-preview:large","max-video-preview":"max-video-preview:-1"},"canonical":"https:\/\/ledsolintel.com\/fr\/produit-2\/picolo-switch-95w-de-beneito-faure\/","og_locale":"fr_FR","og_type":"article","og_title":"PICOLO SWITCH 9.5W de Beneito Faure","og_description":"Foco de carril Picolo de Beneito Faure. Discreto y elegante, para uso dom\u00e9stico y profesional. \u00d3ptica y CCT regulables.","og_url":"https:\/\/ledsolintel.com\/fr\/produit-2\/picolo-switch-95w-de-beneito-faure\/","og_site_name":"Ledsolintel","article_publisher":"http:\/\/www.facebook.com\/webmenaje","og_image":[{"url":"https:\/\/ledsolintel.com\/wp-content\/uploads\/2020\/01\/9249-PICOLO-SWITCH-9.5W-de-Beneito-Faure.jpg","width":1,"height":1,"type":"image\/jpeg"}],"twitter_card":"summary_large_image","twitter_site":"@webmenaje","schema":{"@context":"https:\/\/schema.org","@graph":[{"@type":"WebPage","@id":"https:\/\/ledsolintel.com\/product\/picolo-switch-95w-de-beneito-faure\/","url":"https:\/\/ledsolintel.com\/product\/picolo-switch-95w-de-beneito-faure\/","name":"PICOLO SWITCH 9.5W de Beneito Faure","isPartOf":{"@id":"https:\/\/ledsolintel.com\/#website"},"primaryImageOfPage":{"@id":"https:\/\/ledsolintel.com\/product\/picolo-switch-95w-de-beneito-faure\/#primaryimage"},"image":{"@id":"https:\/\/ledsolintel.com\/product\/picolo-switch-95w-de-beneito-faure\/#primaryimage"},"thumbnailUrl":"https:\/\/ledsolintel.com\/wp-content\/uploads\/2020\/01\/9249-PICOLO-SWITCH-9.5W-de-Beneito-Faure.jpg","datePublished":"2020-01-13T12:28:18+00:00","description":"Foco de carril Picolo de Beneito Faure. Discreto y elegante, para uso dom\u00e9stico y profesional. \u00d3ptica y CCT regulables.","breadcrumb":{"@id":"https:\/\/ledsolintel.com\/product\/picolo-switch-95w-de-beneito-faure\/#breadcrumb"},"inLanguage":"fr-FR","potentialAction":[{"@type":"ReadAction","target":["https:\/\/ledsolintel.com\/product\/picolo-switch-95w-de-beneito-faure\/"]}]},{"@type":"ImageObject","inLanguage":"fr-FR","@id":"https:\/\/ledsolintel.com\/product\/picolo-switch-95w-de-beneito-faure\/#primaryimage","url":"https:\/\/ledsolintel.com\/wp-content\/uploads\/2020\/01\/9249-PICOLO-SWITCH-9.5W-de-Beneito-Faure.jpg","contentUrl":"https:\/\/ledsolintel.com\/wp-content\/uploads\/2020\/01\/9249-PICOLO-SWITCH-9.5W-de-Beneito-Faure.jpg","caption":"PICOLO SWITCH 9.5W de Beneito Faure"},{"@type":"BreadcrumbList","@id":"https:\/\/ledsolintel.com\/product\/picolo-switch-95w-de-beneito-faure\/#breadcrumb","itemListElement":[{"@type":"ListItem","position":1,"name":"Portada","item":"https:\/\/ledsolintel.com\/fr\/"},{"@type":"ListItem","position":2,"name":"Tienda","item":"https:\/\/ledsolintel.com\/tienda\/"},{"@type":"ListItem","position":3,"name":"PICOLO SWITCH 9.5W de Beneito Faure"}]},{"@type":"WebSite","@id":"https:\/\/ledsolintel.com\/#website","url":"https:\/\/ledsolintel.com\/","name":"Webmenaje","description":"Magasin d'ampoules et de lampes LED pour les professionnels","publisher":{"@id":"https:\/\/ledsolintel.com\/#organization"},"potentialAction":[{"@type":"SearchAction","target":{"@type":"EntryPoint","urlTemplate":"https:\/\/ledsolintel.com\/?s={search_term_string}"},"query-input":{"@type":"PropertyValueSpecification","valueRequired":true,"valueName":"search_term_string"}}],"inLanguage":"fr-FR"},{"@type":"Organization","@id":"https:\/\/ledsolintel.com\/#organization","name":"Solintel Noroeste, S.L.","url":"https:\/\/ledsolintel.com\/","logo":{"@type":"ImageObject","inLanguage":"fr-FR","@id":"https:\/\/ledsolintel.com\/#\/schema\/logo\/image\/","url":"https:\/\/ledsolintel.com\/wp-content\/uploads\/2024\/11\/webmenaje-logo-1508269066.jpg","contentUrl":"https:\/\/ledsolintel.com\/wp-content\/uploads\/2024\/11\/webmenaje-logo-1508269066.jpg","width":370,"height":90,"caption":"Solintel Noroeste, S.L."},"image":{"@id":"https:\/\/ledsolintel.com\/#\/schema\/logo\/image\/"},"sameAs":["http:\/\/www.facebook.com\/webmenaje","https:\/\/x.com\/webmenaje","https:\/\/www.youtube.com\/channel\/UCX2KoVoeCG4LocZjUc6LmSQ","http:\/\/www.pinterest.com\/webmenaje"]}]}},"_links":{"self":[{"href":"https:\/\/ledsolintel.com\/fr\/wp-json\/wp\/v2\/product\/243071","targetHints":{"allow":["GET"]}}],"collection":[{"href":"https:\/\/ledsolintel.com\/fr\/wp-json\/wp\/v2\/product"}],"about":[{"href":"https:\/\/ledsolintel.com\/fr\/wp-json\/wp\/v2\/types\/product"}],"version-history":[{"count":0,"href":"https:\/\/ledsolintel.com\/fr\/wp-json\/wp\/v2\/product\/243071\/revisions"}],"wp:featuredmedia":[{"embeddable":true,"href":"https:\/\/ledsolintel.com\/fr\/wp-json\/wp\/v2\/media\/243069"}],"wp:attachment":[{"href":"https:\/\/ledsolintel.com\/fr\/wp-json\/wp\/v2\/media?parent=243071"}],"wp:term":[{"taxonomy":"product_brand","embeddable":true,"href":"https:\/\/ledsolintel.com\/fr\/wp-json\/wp\/v2\/product_brand?post=243071"},{"taxonomy":"product_cat","embeddable":true,"href":"https:\/\/ledsolintel.com\/fr\/wp-json\/wp\/v2\/product_cat?post=243071"},{"taxonomy":"product_tag","embeddable":true,"href":"https:\/\/ledsolintel.com\/fr\/wp-json\/wp\/v2\/product_tag?post=243071"}],"curies":[{"name":"wp","href":"https:\/\/api.w.org\/{rel}","templated":true}]}}