{"id":243041,"date":"2019-12-02T12:40:49","date_gmt":"2019-12-02T11:40:49","guid":{"rendered":"https:\/\/nueva.ledsolintel.com\/product\/driver-para-tira-flexible-de-led-potencia15w-a-12v-ip20-de-roblan-2\/"},"modified":"2019-12-02T12:40:49","modified_gmt":"2019-12-02T11:40:49","slug":"pilote-pour-bande-flexible-de-leds-power15w-at-12v-ip20-de-roblan-2","status":"publish","type":"product","link":"https:\/\/ledsolintel.com\/fr\/produit-2\/pilote-pour-bande-flexible-de-leds-power15w-at-12v-ip20-de-roblan-2\/","title":{"rendered":"Roblan LED Strip Driver 24V IP20"},"content":{"rendered":"<h1 class=\"page-title\">Roblan LED Strip Driver 24V IP20<\/h1>\n<\/p>\n<h3>Conducteur 30 W<\/h3>\n<ul>\n<li>Tension d'entr\u00e9e : 170-250 V \/ 0,7 A \/ 50-60 Hz ou 220 V AC<\/li>\n<li>Tension de sortie : 12 V \/ 2,5 A<\/li>\n<li>Facteur de puissance &gt; 0,5<\/li>\n<\/ul>\n<h3>Conducteur 60 W<\/h3>\n<ul>\n<li>Tension d'entr\u00e9e : 110-250 V \/ 0,56 A \/ 50-60 Hz ou 220 V AC<\/li>\n<li>Tension de sortie : 12 V \/ 5 A<\/li>\n<li>Facteur de puissance &gt; 0,6<\/li>\n<\/ul>\n<h3>Conducteur 100 W<\/h3>\n<ul>\n<li>Tension d'entr\u00e9e : 170-250 V \/ 1,8 A \/ 50-60 Hz<\/li>\n<li>Tension de sortie : 24 V \/ 4,16 A<\/li>\n<li>Facteur de puissance &gt; 0,95<\/li>\n<\/ul>\n<h3>Conducteur 150 W<\/h3>\n<ul>\n<li>Tension d'entr\u00e9e : 170-250 V \/ 1,4 A \/ 50-60 Hz ou 220 V AC<\/li>\n<li>Tension de sortie : 12 V \/ 12,5 A<\/li>\n<li>Facteur de puissance &gt; 0,6<\/li>\n<\/ul>\n<h3>Conducteur 200 W<\/h3>\n<ul>\n<li>Tension d'entr\u00e9e : 110-250 V \/ 1,9 A \/ 50-60 Hz ou 220 V AC<\/li>\n<li>Tension de sortie : 24 V \/ 8,3 A<\/li>\n<li>Facteur de puissance &gt; 0,6<\/li>\n<\/ul>\n<p>\u00a0<\/p>\n<h3>Pilote 360 W<\/h3>\n<ul>\n<li>Tension d'entr\u00e9e : 110-250 V \/ 3,4 A \/ 50-60 Hz ou 220 V AC<\/li>\n<li>Tension de sortie : 24 V \/ 15 A<\/li>\n<li>Facteur de puissance &gt; 0,6<\/li>\n<\/ul>\n<ul><\/ul>\n<ul><\/ul>\n<ul><\/ul>\n<ul><\/ul>","protected":false},"excerpt":{"rendered":"<p>Pilote pour barrettes de LED flexibles de 24V DC, avec un indice de protection IP20. Il fournit un courant constant qui \u00e9vite le scintillement et la d\u00e9t\u00e9rioration des LED, m\u00eame si la tension d'entr\u00e9e n'est pas r\u00e9guli\u00e8re.<\/p>","protected":false},"featured_media":243040,"template":"","meta":[],"product_brand":[99355],"product_cat":[99655],"product_tag":[],"class_list":{"0":"post-243041","1":"product","2":"type-product","3":"status-publish","4":"has-post-thumbnail","6":"product_brand-roblan","7":"product_cat-drivers-y-accesorios-para-tiras-de-led","8":"pa_potencia-100w","9":"pa_potencia-150w","10":"pa_potencia-200w","11":"pa_potencia-30w","12":"pa_potencia-360w","13":"pa_potencia-60w","16":"instock","17":"taxable","18":"shipping-taxable","19":"purchasable","20":"product-type-variable","21":"has-default-attributes"},"yoast_head":"<!-- This site is optimized with the Yoast SEO plugin v26.6 - https:\/\/yoast.com\/wordpress\/plugins\/seo\/ -->\n<title>Driver para tira de LED. Potencia 15W a 12V.<\/title>\n<meta name=\"description\" content=\"Driver para tiras flexibles de led. potencia 15W a 12V. Grado proteccion: IP20. De Roblan\" \/>\n<meta name=\"robots\" content=\"index, follow, max-snippet:-1, max-image-preview:large, max-video-preview:-1\" \/>\n<link rel=\"canonical\" href=\"https:\/\/ledsolintel.com\/fr\/produit-2\/pilote-pour-bande-flexible-de-leds-power15w-at-12v-ip20-de-roblan-2\/\" \/>\n<meta property=\"og:locale\" content=\"fr_FR\" \/>\n<meta property=\"og:type\" content=\"article\" \/>\n<meta property=\"og:title\" content=\"Driver para tira de LED. Potencia 15W a 12V.\" \/>\n<meta property=\"og:description\" content=\"Driver para tiras flexibles de led. potencia 15W a 12V. Grado proteccion: IP20. De Roblan\" \/>\n<meta property=\"og:url\" content=\"https:\/\/ledsolintel.com\/fr\/produit-2\/pilote-pour-bande-flexible-de-leds-power15w-at-12v-ip20-de-roblan-2\/\" \/>\n<meta property=\"og:site_name\" content=\"Ledsolintel\" \/>\n<meta property=\"article:publisher\" content=\"http:\/\/www.facebook.com\/webmenaje\" \/>\n<meta property=\"og:image\" content=\"https:\/\/ledsolintel.com\/wp-content\/uploads\/2019\/12\/9116-Driver-para-tira-flexible-de-LED-24V-IP20-de-Roblan.jpg\" \/>\n\t<meta property=\"og:image:width\" content=\"1\" \/>\n\t<meta property=\"og:image:height\" content=\"1\" \/>\n\t<meta property=\"og:image:type\" content=\"image\/jpeg\" \/>\n<meta name=\"twitter:card\" content=\"summary_large_image\" \/>\n<meta name=\"twitter:site\" content=\"@webmenaje\" \/>\n<meta name=\"twitter:label1\" content=\"Dur\u00e9e de lecture estim\u00e9e\" \/>\n\t<meta name=\"twitter:data1\" content=\"1 minute\" \/>\n<script type=\"application\/ld+json\" class=\"yoast-schema-graph\">{\"@context\":\"https:\/\/schema.org\",\"@graph\":[{\"@type\":\"WebPage\",\"@id\":\"https:\/\/ledsolintel.com\/product\/driver-para-tira-flexible-de-led-potencia15w-a-12v-ip20-de-roblan-2\/\",\"url\":\"https:\/\/ledsolintel.com\/product\/driver-para-tira-flexible-de-led-potencia15w-a-12v-ip20-de-roblan-2\/\",\"name\":\"Driver para tira de LED. Potencia 15W a 12V.\",\"isPartOf\":{\"@id\":\"https:\/\/ledsolintel.com\/#website\"},\"primaryImageOfPage\":{\"@id\":\"https:\/\/ledsolintel.com\/product\/driver-para-tira-flexible-de-led-potencia15w-a-12v-ip20-de-roblan-2\/#primaryimage\"},\"image\":{\"@id\":\"https:\/\/ledsolintel.com\/product\/driver-para-tira-flexible-de-led-potencia15w-a-12v-ip20-de-roblan-2\/#primaryimage\"},\"thumbnailUrl\":\"https:\/\/ledsolintel.com\/wp-content\/uploads\/2019\/12\/9116-Driver-para-tira-flexible-de-LED-24V-IP20-de-Roblan.jpg\",\"datePublished\":\"2019-12-02T11:40:49+00:00\",\"description\":\"Driver para tiras flexibles de led. potencia 15W a 12V. Grado proteccion: IP20. De Roblan\",\"breadcrumb\":{\"@id\":\"https:\/\/ledsolintel.com\/product\/driver-para-tira-flexible-de-led-potencia15w-a-12v-ip20-de-roblan-2\/#breadcrumb\"},\"inLanguage\":\"fr-FR\",\"potentialAction\":[{\"@type\":\"ReadAction\",\"target\":[\"https:\/\/ledsolintel.com\/product\/driver-para-tira-flexible-de-led-potencia15w-a-12v-ip20-de-roblan-2\/\"]}]},{\"@type\":\"ImageObject\",\"inLanguage\":\"fr-FR\",\"@id\":\"https:\/\/ledsolintel.com\/product\/driver-para-tira-flexible-de-led-potencia15w-a-12v-ip20-de-roblan-2\/#primaryimage\",\"url\":\"https:\/\/ledsolintel.com\/wp-content\/uploads\/2019\/12\/9116-Driver-para-tira-flexible-de-LED-24V-IP20-de-Roblan.jpg\",\"contentUrl\":\"https:\/\/ledsolintel.com\/wp-content\/uploads\/2019\/12\/9116-Driver-para-tira-flexible-de-LED-24V-IP20-de-Roblan.jpg\",\"caption\":\"Driver para tira flexible de LED 24V IP20 de Roblan\"},{\"@type\":\"BreadcrumbList\",\"@id\":\"https:\/\/ledsolintel.com\/product\/driver-para-tira-flexible-de-led-potencia15w-a-12v-ip20-de-roblan-2\/#breadcrumb\",\"itemListElement\":[{\"@type\":\"ListItem\",\"position\":1,\"name\":\"Portada\",\"item\":\"https:\/\/ledsolintel.com\/fr\/\"},{\"@type\":\"ListItem\",\"position\":2,\"name\":\"Tienda\",\"item\":\"https:\/\/ledsolintel.com\/tienda\/\"},{\"@type\":\"ListItem\",\"position\":3,\"name\":\"Driver para tira flexible de LED 24V IP20 de Roblan\"}]},{\"@type\":\"WebSite\",\"@id\":\"https:\/\/ledsolintel.com\/#website\",\"url\":\"https:\/\/ledsolintel.com\/\",\"name\":\"Webmenaje\",\"description\":\"Tienda de bombillas y l\u00e1mparas LED para profesionales\",\"publisher\":{\"@id\":\"https:\/\/ledsolintel.com\/#organization\"},\"potentialAction\":[{\"@type\":\"SearchAction\",\"target\":{\"@type\":\"EntryPoint\",\"urlTemplate\":\"https:\/\/ledsolintel.com\/?s={search_term_string}\"},\"query-input\":{\"@type\":\"PropertyValueSpecification\",\"valueRequired\":true,\"valueName\":\"search_term_string\"}}],\"inLanguage\":\"fr-FR\"},{\"@type\":\"Organization\",\"@id\":\"https:\/\/ledsolintel.com\/#organization\",\"name\":\"Solintel Noroeste, S.L.\",\"url\":\"https:\/\/ledsolintel.com\/\",\"logo\":{\"@type\":\"ImageObject\",\"inLanguage\":\"fr-FR\",\"@id\":\"https:\/\/ledsolintel.com\/#\/schema\/logo\/image\/\",\"url\":\"https:\/\/ledsolintel.com\/wp-content\/uploads\/2024\/11\/webmenaje-logo-1508269066.jpg\",\"contentUrl\":\"https:\/\/ledsolintel.com\/wp-content\/uploads\/2024\/11\/webmenaje-logo-1508269066.jpg\",\"width\":370,\"height\":90,\"caption\":\"Solintel Noroeste, S.L.\"},\"image\":{\"@id\":\"https:\/\/ledsolintel.com\/#\/schema\/logo\/image\/\"},\"sameAs\":[\"http:\/\/www.facebook.com\/webmenaje\",\"https:\/\/x.com\/webmenaje\",\"https:\/\/www.youtube.com\/channel\/UCX2KoVoeCG4LocZjUc6LmSQ\",\"http:\/\/www.pinterest.com\/webmenaje\"]}]}<\/script>\n<!-- \/ Yoast SEO plugin. -->","yoast_head_json":{"title":"Pilote pour bande LED. Puissance 15W \u00e0 12V.","description":"Driver pour bandes LED flexibles. Puissance de 15W \u00e0 12V. Degr\u00e9 de protection : IP20. De Roblan","robots":{"index":"index","follow":"follow","max-snippet":"max-snippet:-1","max-image-preview":"max-image-preview:large","max-video-preview":"max-video-preview:-1"},"canonical":"https:\/\/ledsolintel.com\/fr\/produit-2\/pilote-pour-bande-flexible-de-leds-power15w-at-12v-ip20-de-roblan-2\/","og_locale":"fr_FR","og_type":"article","og_title":"Driver para tira de LED. Potencia 15W a 12V.","og_description":"Driver para tiras flexibles de led. potencia 15W a 12V. Grado proteccion: IP20. De Roblan","og_url":"https:\/\/ledsolintel.com\/fr\/produit-2\/pilote-pour-bande-flexible-de-leds-power15w-at-12v-ip20-de-roblan-2\/","og_site_name":"Ledsolintel","article_publisher":"http:\/\/www.facebook.com\/webmenaje","og_image":[{"url":"https:\/\/ledsolintel.com\/wp-content\/uploads\/2019\/12\/9116-Driver-para-tira-flexible-de-LED-24V-IP20-de-Roblan.jpg","width":1,"height":1,"type":"image\/jpeg"}],"twitter_card":"summary_large_image","twitter_site":"@webmenaje","twitter_misc":{"Dur\u00e9e de lecture estim\u00e9e":"1 minute"},"schema":{"@context":"https:\/\/schema.org","@graph":[{"@type":"WebPage","@id":"https:\/\/ledsolintel.com\/product\/driver-para-tira-flexible-de-led-potencia15w-a-12v-ip20-de-roblan-2\/","url":"https:\/\/ledsolintel.com\/product\/driver-para-tira-flexible-de-led-potencia15w-a-12v-ip20-de-roblan-2\/","name":"Pilote pour bande LED. Puissance 15W \u00e0 12V.","isPartOf":{"@id":"https:\/\/ledsolintel.com\/#website"},"primaryImageOfPage":{"@id":"https:\/\/ledsolintel.com\/product\/driver-para-tira-flexible-de-led-potencia15w-a-12v-ip20-de-roblan-2\/#primaryimage"},"image":{"@id":"https:\/\/ledsolintel.com\/product\/driver-para-tira-flexible-de-led-potencia15w-a-12v-ip20-de-roblan-2\/#primaryimage"},"thumbnailUrl":"https:\/\/ledsolintel.com\/wp-content\/uploads\/2019\/12\/9116-Driver-para-tira-flexible-de-LED-24V-IP20-de-Roblan.jpg","datePublished":"2019-12-02T11:40:49+00:00","description":"Driver pour bandes LED flexibles. Puissance de 15W \u00e0 12V. Degr\u00e9 de protection : IP20. De Roblan","breadcrumb":{"@id":"https:\/\/ledsolintel.com\/product\/driver-para-tira-flexible-de-led-potencia15w-a-12v-ip20-de-roblan-2\/#breadcrumb"},"inLanguage":"fr-FR","potentialAction":[{"@type":"ReadAction","target":["https:\/\/ledsolintel.com\/product\/driver-para-tira-flexible-de-led-potencia15w-a-12v-ip20-de-roblan-2\/"]}]},{"@type":"ImageObject","inLanguage":"fr-FR","@id":"https:\/\/ledsolintel.com\/product\/driver-para-tira-flexible-de-led-potencia15w-a-12v-ip20-de-roblan-2\/#primaryimage","url":"https:\/\/ledsolintel.com\/wp-content\/uploads\/2019\/12\/9116-Driver-para-tira-flexible-de-LED-24V-IP20-de-Roblan.jpg","contentUrl":"https:\/\/ledsolintel.com\/wp-content\/uploads\/2019\/12\/9116-Driver-para-tira-flexible-de-LED-24V-IP20-de-Roblan.jpg","caption":"Driver para tira flexible de LED 24V IP20 de Roblan"},{"@type":"BreadcrumbList","@id":"https:\/\/ledsolintel.com\/product\/driver-para-tira-flexible-de-led-potencia15w-a-12v-ip20-de-roblan-2\/#breadcrumb","itemListElement":[{"@type":"ListItem","position":1,"name":"Portada","item":"https:\/\/ledsolintel.com\/fr\/"},{"@type":"ListItem","position":2,"name":"Tienda","item":"https:\/\/ledsolintel.com\/tienda\/"},{"@type":"ListItem","position":3,"name":"Driver para tira flexible de LED 24V IP20 de Roblan"}]},{"@type":"WebSite","@id":"https:\/\/ledsolintel.com\/#website","url":"https:\/\/ledsolintel.com\/","name":"Webmenaje","description":"Magasin d'ampoules et de lampes LED pour les professionnels","publisher":{"@id":"https:\/\/ledsolintel.com\/#organization"},"potentialAction":[{"@type":"SearchAction","target":{"@type":"EntryPoint","urlTemplate":"https:\/\/ledsolintel.com\/?s={search_term_string}"},"query-input":{"@type":"PropertyValueSpecification","valueRequired":true,"valueName":"search_term_string"}}],"inLanguage":"fr-FR"},{"@type":"Organization","@id":"https:\/\/ledsolintel.com\/#organization","name":"Solintel Noroeste, S.L.","url":"https:\/\/ledsolintel.com\/","logo":{"@type":"ImageObject","inLanguage":"fr-FR","@id":"https:\/\/ledsolintel.com\/#\/schema\/logo\/image\/","url":"https:\/\/ledsolintel.com\/wp-content\/uploads\/2024\/11\/webmenaje-logo-1508269066.jpg","contentUrl":"https:\/\/ledsolintel.com\/wp-content\/uploads\/2024\/11\/webmenaje-logo-1508269066.jpg","width":370,"height":90,"caption":"Solintel Noroeste, S.L."},"image":{"@id":"https:\/\/ledsolintel.com\/#\/schema\/logo\/image\/"},"sameAs":["http:\/\/www.facebook.com\/webmenaje","https:\/\/x.com\/webmenaje","https:\/\/www.youtube.com\/channel\/UCX2KoVoeCG4LocZjUc6LmSQ","http:\/\/www.pinterest.com\/webmenaje"]}]}},"_links":{"self":[{"href":"https:\/\/ledsolintel.com\/fr\/wp-json\/wp\/v2\/product\/243041","targetHints":{"allow":["GET"]}}],"collection":[{"href":"https:\/\/ledsolintel.com\/fr\/wp-json\/wp\/v2\/product"}],"about":[{"href":"https:\/\/ledsolintel.com\/fr\/wp-json\/wp\/v2\/types\/product"}],"version-history":[{"count":0,"href":"https:\/\/ledsolintel.com\/fr\/wp-json\/wp\/v2\/product\/243041\/revisions"}],"wp:featuredmedia":[{"embeddable":true,"href":"https:\/\/ledsolintel.com\/fr\/wp-json\/wp\/v2\/media\/243040"}],"wp:attachment":[{"href":"https:\/\/ledsolintel.com\/fr\/wp-json\/wp\/v2\/media?parent=243041"}],"wp:term":[{"taxonomy":"product_brand","embeddable":true,"href":"https:\/\/ledsolintel.com\/fr\/wp-json\/wp\/v2\/product_brand?post=243041"},{"taxonomy":"product_cat","embeddable":true,"href":"https:\/\/ledsolintel.com\/fr\/wp-json\/wp\/v2\/product_cat?post=243041"},{"taxonomy":"product_tag","embeddable":true,"href":"https:\/\/ledsolintel.com\/fr\/wp-json\/wp\/v2\/product_tag?post=243041"}],"curies":[{"name":"wp","href":"https:\/\/api.w.org\/{rel}","templated":true}]}}