{"id":243035,"date":"2019-11-26T13:43:49","date_gmt":"2019-11-26T12:43:49","guid":{"rendered":"https:\/\/nueva.ledsolintel.com\/product\/strip-nano-192-wm-de-roblan\/"},"modified":"2019-11-26T13:43:49","modified_gmt":"2019-11-26T12:43:49","slug":"roblan-strip-nano-192-wm","status":"publish","type":"product","link":"https:\/\/ledsolintel.com\/fr\/produit-2\/roblan-strip-nano-192-wm\/","title":{"rendered":"Bande Roblan NANO 19,2 W\/m"},"content":{"rendered":"<h1>Bande Roblan NANO 19,2 W\/m<\/h1>\n<p>\u00a0<\/p>\n<h3>Caract\u00e9ristiques<\/h3>\n<ul>\n<li>Puissance : 19,2 W\/m<\/li>\n<li>Tension : 24 V DC<\/li>\n<li>Luminance : 982-1036 lm\/m<\/li>\n<li>120 LED\/m<\/li>\n<li>Couleur :<\/li>\n<ul>\n<li>Blanc tr\u00e8s chaud 2700 K\u00a0<\/li>\n<li>blanc froid 6500 K<\/li>\n<\/ul>\n<li>Angle d'ouverture : 120\u00ba Angle d'ouverture : 120\u00ba Angle d'ouverture : 120\u00ba Angle d'ouverture : 120\u00ba Angle d'ouverture : 120\u00ba Angle d'ouverture : 120<\/li>\n<li>Type de LED : SMD3528<\/li>\n<li>Dur\u00e9e de vie moyenne : 50 000 - 100 000 heures<\/li>\n<li>CRI\/Ra &gt; 70<\/li>\n<li><strong>Protection IP67 NANO<\/strong><\/li>\n<li>Coupe : 5 cm<\/li>\n<li>Bobine : 5 m\u00e8tres<\/li>\n<\/ul>","protected":false},"excerpt":{"rendered":"<p>Bande LED Roblan NANO. 19,2 W\/m, jusqu'\u00e0 1036 lm\/m de luminosit\u00e9. Tonalit\u00e9 de lumi\u00e8re blanche froide ou chaude. Protection nano IP67, avec une \u00e9norme r\u00e9sistance \u00e0 l'eau et \u00e0 la poussi\u00e8re.<\/p>","protected":false},"featured_media":243034,"template":"","meta":[],"product_brand":[99355],"product_cat":[99573,99581],"product_tag":[],"class_list":{"0":"post-243035","1":"product","2":"type-product","3":"status-publish","4":"has-post-thumbnail","6":"product_brand-roblan","7":"product_cat-iluminacion-interior","8":"product_cat-tiras-de-led-perfiles-drivers-y-accesorios","9":"pa_cct-frio6000k","10":"pa_cct-muycalido2700k","13":"instock","14":"taxable","15":"shipping-taxable","16":"purchasable","17":"product-type-variable","18":"has-default-attributes"},"yoast_head":"<!-- This site is optimized with the Yoast SEO plugin v26.6 - https:\/\/yoast.com\/wordpress\/plugins\/seo\/ -->\n<title>Strip NANO 19.2 W\/m de Roblan<\/title>\n<meta name=\"description\" content=\"Tira LED NANO de Roblan. 19.2 W\/m, con una luminosidad de hasta 1036 lm\/m. Protecci\u00f3n IP67 nano, con una enorme resistencia al agua y el polvo.\" \/>\n<meta name=\"robots\" content=\"index, follow, max-snippet:-1, max-image-preview:large, max-video-preview:-1\" \/>\n<link rel=\"canonical\" href=\"https:\/\/ledsolintel.com\/fr\/produit-2\/roblan-strip-nano-192-wm\/\" \/>\n<meta property=\"og:locale\" content=\"fr_FR\" \/>\n<meta property=\"og:type\" content=\"article\" \/>\n<meta property=\"og:title\" content=\"Strip NANO 19.2 W\/m de Roblan\" \/>\n<meta property=\"og:description\" content=\"Tira LED NANO de Roblan. 19.2 W\/m, con una luminosidad de hasta 1036 lm\/m. Protecci\u00f3n IP67 nano, con una enorme resistencia al agua y el polvo.\" \/>\n<meta property=\"og:url\" content=\"https:\/\/ledsolintel.com\/fr\/produit-2\/roblan-strip-nano-192-wm\/\" \/>\n<meta property=\"og:site_name\" content=\"Ledsolintel\" \/>\n<meta property=\"article:publisher\" content=\"http:\/\/www.facebook.com\/webmenaje\" \/>\n<meta property=\"og:image\" content=\"https:\/\/ledsolintel.com\/wp-content\/uploads\/2019\/11\/9107-Strip-IP20-9.6Wm-CCT-AJUSTABLE-de-Roblan.jpg\" \/>\n\t<meta property=\"og:image:width\" content=\"1\" \/>\n\t<meta property=\"og:image:height\" content=\"1\" \/>\n\t<meta property=\"og:image:type\" content=\"image\/jpeg\" \/>\n<meta name=\"twitter:card\" content=\"summary_large_image\" \/>\n<meta name=\"twitter:site\" content=\"@webmenaje\" \/>\n<script type=\"application\/ld+json\" class=\"yoast-schema-graph\">{\"@context\":\"https:\/\/schema.org\",\"@graph\":[{\"@type\":\"WebPage\",\"@id\":\"https:\/\/ledsolintel.com\/product\/strip-nano-192-wm-de-roblan\/\",\"url\":\"https:\/\/ledsolintel.com\/product\/strip-nano-192-wm-de-roblan\/\",\"name\":\"Strip NANO 19.2 W\/m de Roblan\",\"isPartOf\":{\"@id\":\"https:\/\/ledsolintel.com\/#website\"},\"primaryImageOfPage\":{\"@id\":\"https:\/\/ledsolintel.com\/product\/strip-nano-192-wm-de-roblan\/#primaryimage\"},\"image\":{\"@id\":\"https:\/\/ledsolintel.com\/product\/strip-nano-192-wm-de-roblan\/#primaryimage\"},\"thumbnailUrl\":\"https:\/\/ledsolintel.com\/wp-content\/uploads\/2019\/11\/9107-Strip-IP20-9.6Wm-CCT-AJUSTABLE-de-Roblan.jpg\",\"datePublished\":\"2019-11-26T12:43:49+00:00\",\"description\":\"Tira LED NANO de Roblan. 19.2 W\/m, con una luminosidad de hasta 1036 lm\/m. Protecci\u00f3n IP67 nano, con una enorme resistencia al agua y el polvo.\",\"breadcrumb\":{\"@id\":\"https:\/\/ledsolintel.com\/product\/strip-nano-192-wm-de-roblan\/#breadcrumb\"},\"inLanguage\":\"fr-FR\",\"potentialAction\":[{\"@type\":\"ReadAction\",\"target\":[\"https:\/\/ledsolintel.com\/product\/strip-nano-192-wm-de-roblan\/\"]}]},{\"@type\":\"ImageObject\",\"inLanguage\":\"fr-FR\",\"@id\":\"https:\/\/ledsolintel.com\/product\/strip-nano-192-wm-de-roblan\/#primaryimage\",\"url\":\"https:\/\/ledsolintel.com\/wp-content\/uploads\/2019\/11\/9107-Strip-IP20-9.6Wm-CCT-AJUSTABLE-de-Roblan.jpg\",\"contentUrl\":\"https:\/\/ledsolintel.com\/wp-content\/uploads\/2019\/11\/9107-Strip-IP20-9.6Wm-CCT-AJUSTABLE-de-Roblan.jpg\",\"caption\":\"Strip IP20 9.6W\/m CCT AJUSTABLE de Roblan\"},{\"@type\":\"BreadcrumbList\",\"@id\":\"https:\/\/ledsolintel.com\/product\/strip-nano-192-wm-de-roblan\/#breadcrumb\",\"itemListElement\":[{\"@type\":\"ListItem\",\"position\":1,\"name\":\"Portada\",\"item\":\"https:\/\/ledsolintel.com\/fr\/\"},{\"@type\":\"ListItem\",\"position\":2,\"name\":\"Tienda\",\"item\":\"https:\/\/ledsolintel.com\/tienda\/\"},{\"@type\":\"ListItem\",\"position\":3,\"name\":\"Strip NANO 19.2 W\/m de Roblan\"}]},{\"@type\":\"WebSite\",\"@id\":\"https:\/\/ledsolintel.com\/#website\",\"url\":\"https:\/\/ledsolintel.com\/\",\"name\":\"Webmenaje\",\"description\":\"Tienda de bombillas y l\u00e1mparas LED para profesionales\",\"publisher\":{\"@id\":\"https:\/\/ledsolintel.com\/#organization\"},\"potentialAction\":[{\"@type\":\"SearchAction\",\"target\":{\"@type\":\"EntryPoint\",\"urlTemplate\":\"https:\/\/ledsolintel.com\/?s={search_term_string}\"},\"query-input\":{\"@type\":\"PropertyValueSpecification\",\"valueRequired\":true,\"valueName\":\"search_term_string\"}}],\"inLanguage\":\"fr-FR\"},{\"@type\":\"Organization\",\"@id\":\"https:\/\/ledsolintel.com\/#organization\",\"name\":\"Solintel Noroeste, S.L.\",\"url\":\"https:\/\/ledsolintel.com\/\",\"logo\":{\"@type\":\"ImageObject\",\"inLanguage\":\"fr-FR\",\"@id\":\"https:\/\/ledsolintel.com\/#\/schema\/logo\/image\/\",\"url\":\"https:\/\/ledsolintel.com\/wp-content\/uploads\/2024\/11\/webmenaje-logo-1508269066.jpg\",\"contentUrl\":\"https:\/\/ledsolintel.com\/wp-content\/uploads\/2024\/11\/webmenaje-logo-1508269066.jpg\",\"width\":370,\"height\":90,\"caption\":\"Solintel Noroeste, S.L.\"},\"image\":{\"@id\":\"https:\/\/ledsolintel.com\/#\/schema\/logo\/image\/\"},\"sameAs\":[\"http:\/\/www.facebook.com\/webmenaje\",\"https:\/\/x.com\/webmenaje\",\"https:\/\/www.youtube.com\/channel\/UCX2KoVoeCG4LocZjUc6LmSQ\",\"http:\/\/www.pinterest.com\/webmenaje\"]}]}<\/script>\n<!-- \/ Yoast SEO plugin. -->","yoast_head_json":{"title":"Bande Roblan NANO 19,2 W\/m","description":"Roblan NANO LED Strip. 19,2 W\/m, avec une luminosit\u00e9 allant jusqu'\u00e0 1036 lm\/m. Protection nano IP67, avec une \u00e9norme r\u00e9sistance \u00e0 l'eau et \u00e0 la poussi\u00e8re.","robots":{"index":"index","follow":"follow","max-snippet":"max-snippet:-1","max-image-preview":"max-image-preview:large","max-video-preview":"max-video-preview:-1"},"canonical":"https:\/\/ledsolintel.com\/fr\/produit-2\/roblan-strip-nano-192-wm\/","og_locale":"fr_FR","og_type":"article","og_title":"Strip NANO 19.2 W\/m de Roblan","og_description":"Tira LED NANO de Roblan. 19.2 W\/m, con una luminosidad de hasta 1036 lm\/m. Protecci\u00f3n IP67 nano, con una enorme resistencia al agua y el polvo.","og_url":"https:\/\/ledsolintel.com\/fr\/produit-2\/roblan-strip-nano-192-wm\/","og_site_name":"Ledsolintel","article_publisher":"http:\/\/www.facebook.com\/webmenaje","og_image":[{"url":"https:\/\/ledsolintel.com\/wp-content\/uploads\/2019\/11\/9107-Strip-IP20-9.6Wm-CCT-AJUSTABLE-de-Roblan.jpg","width":1,"height":1,"type":"image\/jpeg"}],"twitter_card":"summary_large_image","twitter_site":"@webmenaje","schema":{"@context":"https:\/\/schema.org","@graph":[{"@type":"WebPage","@id":"https:\/\/ledsolintel.com\/product\/strip-nano-192-wm-de-roblan\/","url":"https:\/\/ledsolintel.com\/product\/strip-nano-192-wm-de-roblan\/","name":"Bande Roblan NANO 19,2 W\/m","isPartOf":{"@id":"https:\/\/ledsolintel.com\/#website"},"primaryImageOfPage":{"@id":"https:\/\/ledsolintel.com\/product\/strip-nano-192-wm-de-roblan\/#primaryimage"},"image":{"@id":"https:\/\/ledsolintel.com\/product\/strip-nano-192-wm-de-roblan\/#primaryimage"},"thumbnailUrl":"https:\/\/ledsolintel.com\/wp-content\/uploads\/2019\/11\/9107-Strip-IP20-9.6Wm-CCT-AJUSTABLE-de-Roblan.jpg","datePublished":"2019-11-26T12:43:49+00:00","description":"Roblan NANO LED Strip. 19,2 W\/m, avec une luminosit\u00e9 allant jusqu'\u00e0 1036 lm\/m. Protection nano IP67, avec une \u00e9norme r\u00e9sistance \u00e0 l'eau et \u00e0 la poussi\u00e8re.","breadcrumb":{"@id":"https:\/\/ledsolintel.com\/product\/strip-nano-192-wm-de-roblan\/#breadcrumb"},"inLanguage":"fr-FR","potentialAction":[{"@type":"ReadAction","target":["https:\/\/ledsolintel.com\/product\/strip-nano-192-wm-de-roblan\/"]}]},{"@type":"ImageObject","inLanguage":"fr-FR","@id":"https:\/\/ledsolintel.com\/product\/strip-nano-192-wm-de-roblan\/#primaryimage","url":"https:\/\/ledsolintel.com\/wp-content\/uploads\/2019\/11\/9107-Strip-IP20-9.6Wm-CCT-AJUSTABLE-de-Roblan.jpg","contentUrl":"https:\/\/ledsolintel.com\/wp-content\/uploads\/2019\/11\/9107-Strip-IP20-9.6Wm-CCT-AJUSTABLE-de-Roblan.jpg","caption":"Strip IP20 9.6W\/m CCT AJUSTABLE de Roblan"},{"@type":"BreadcrumbList","@id":"https:\/\/ledsolintel.com\/product\/strip-nano-192-wm-de-roblan\/#breadcrumb","itemListElement":[{"@type":"ListItem","position":1,"name":"Portada","item":"https:\/\/ledsolintel.com\/fr\/"},{"@type":"ListItem","position":2,"name":"Tienda","item":"https:\/\/ledsolintel.com\/tienda\/"},{"@type":"ListItem","position":3,"name":"Strip NANO 19.2 W\/m de Roblan"}]},{"@type":"WebSite","@id":"https:\/\/ledsolintel.com\/#website","url":"https:\/\/ledsolintel.com\/","name":"Webmenaje","description":"Magasin d'ampoules et de lampes LED pour les professionnels","publisher":{"@id":"https:\/\/ledsolintel.com\/#organization"},"potentialAction":[{"@type":"SearchAction","target":{"@type":"EntryPoint","urlTemplate":"https:\/\/ledsolintel.com\/?s={search_term_string}"},"query-input":{"@type":"PropertyValueSpecification","valueRequired":true,"valueName":"search_term_string"}}],"inLanguage":"fr-FR"},{"@type":"Organization","@id":"https:\/\/ledsolintel.com\/#organization","name":"Solintel Noroeste, S.L.","url":"https:\/\/ledsolintel.com\/","logo":{"@type":"ImageObject","inLanguage":"fr-FR","@id":"https:\/\/ledsolintel.com\/#\/schema\/logo\/image\/","url":"https:\/\/ledsolintel.com\/wp-content\/uploads\/2024\/11\/webmenaje-logo-1508269066.jpg","contentUrl":"https:\/\/ledsolintel.com\/wp-content\/uploads\/2024\/11\/webmenaje-logo-1508269066.jpg","width":370,"height":90,"caption":"Solintel Noroeste, S.L."},"image":{"@id":"https:\/\/ledsolintel.com\/#\/schema\/logo\/image\/"},"sameAs":["http:\/\/www.facebook.com\/webmenaje","https:\/\/x.com\/webmenaje","https:\/\/www.youtube.com\/channel\/UCX2KoVoeCG4LocZjUc6LmSQ","http:\/\/www.pinterest.com\/webmenaje"]}]}},"_links":{"self":[{"href":"https:\/\/ledsolintel.com\/fr\/wp-json\/wp\/v2\/product\/243035","targetHints":{"allow":["GET"]}}],"collection":[{"href":"https:\/\/ledsolintel.com\/fr\/wp-json\/wp\/v2\/product"}],"about":[{"href":"https:\/\/ledsolintel.com\/fr\/wp-json\/wp\/v2\/types\/product"}],"version-history":[{"count":0,"href":"https:\/\/ledsolintel.com\/fr\/wp-json\/wp\/v2\/product\/243035\/revisions"}],"wp:featuredmedia":[{"embeddable":true,"href":"https:\/\/ledsolintel.com\/fr\/wp-json\/wp\/v2\/media\/243034"}],"wp:attachment":[{"href":"https:\/\/ledsolintel.com\/fr\/wp-json\/wp\/v2\/media?parent=243035"}],"wp:term":[{"taxonomy":"product_brand","embeddable":true,"href":"https:\/\/ledsolintel.com\/fr\/wp-json\/wp\/v2\/product_brand?post=243035"},{"taxonomy":"product_cat","embeddable":true,"href":"https:\/\/ledsolintel.com\/fr\/wp-json\/wp\/v2\/product_cat?post=243035"},{"taxonomy":"product_tag","embeddable":true,"href":"https:\/\/ledsolintel.com\/fr\/wp-json\/wp\/v2\/product_tag?post=243035"}],"curies":[{"name":"wp","href":"https:\/\/api.w.org\/{rel}","templated":true}]}}