{"id":242897,"date":"2019-09-09T12:03:56","date_gmt":"2019-09-09T10:03:56","guid":{"rendered":"https:\/\/nueva.ledsolintel.com\/product\/sigma-17w-100-240v-30o-led-epistar-de-beneito-faure\/"},"modified":"2019-09-09T12:03:56","modified_gmt":"2019-09-09T10:03:56","slug":"sigma-17w-100-240v-30o-led-epistar-de-beneito-faure","status":"publish","type":"product","link":"https:\/\/ledsolintel.com\/fr\/produit-2\/sigma-17w-100-240v-30o-led-epistar-de-beneito-faure\/","title":{"rendered":"SIGMA 17W 100-240V 30\u00ba LED EPISTAR de Beneito Faure"},"content":{"rendered":"<h1>SIGMA 17W 100-240V 30\u00ba LED EPISTAR de Beneito Faure<\/h1>\n<p>\u00a0<\/p>\n<ul>\n<li>Puissance : 17 W<\/li>\n<li>Tension : 100 - 240 V, 50-60 Hz<\/li>\n<li>Courant : 0,1 A<\/li>\n<li>Luminosit\u00e9 :<\/li>\n<ul>\n<li>1440 lumens<\/li>\n<li>2900 cd<\/li>\n<\/ul>\n<li>Optique : 30<\/li>\n<li>Temp\u00e9rature de couleur : blanc chaud 3000K<\/li>\n<li>Mesures :\u00a0\n<ul>\n<li>Diam\u00e8tre : 210 mm<\/li>\n<li>Hauteur : 120 mm<\/li>\n<\/ul>\n<\/li>\n<li>Dur\u00e9e de vie : 20 000 heures<\/li>\n<li>Cycles marche-arr\u00eat : 10 000<\/li>\n<li>Protection IP65<\/li>\n<li>C.R.I. &gt; 70<\/li>\n<li>Facteur de puissance &gt; 0,9<\/li>\n<\/ul>","protected":false},"excerpt":{"rendered":"<p>Le spot encastr\u00e9 Sigma est install\u00e9 dans le sol et, gr\u00e2ce \u00e0 sa puissance \u00e9lev\u00e9e, il peut \u00e9clairer des hauteurs allant jusqu'\u00e0 11 m\u00e8tres. Pour l'\u00e9clairage des fa\u00e7ades, des jardins et d'autres espaces ext\u00e9rieurs.<\/p>\n<p>Fabriqu\u00e9 en acier INOX 304 de haute r\u00e9sistance.<\/p>","protected":false},"featured_media":242895,"template":"","meta":[],"product_brand":[99357],"product_cat":[99575,99657],"product_tag":[],"class_list":{"0":"post-242897","1":"product","2":"type-product","3":"status-publish","4":"has-post-thumbnail","6":"product_brand-beneito-faure","7":"product_cat-iluminacion-para-jardines-y-exteriores","8":"product_cat-empotrables-de-exterior","11":"instock","12":"taxable","13":"shipping-taxable","14":"purchasable","15":"product-type-simple"},"yoast_head":"<!-- This site is optimized with the Yoast SEO plugin v26.6 - https:\/\/yoast.com\/wordpress\/plugins\/seo\/ -->\n<title>SIGMA 17W 100-240V 30\u00ba LED EPISTAR de Beneito Faure<\/title>\n<meta name=\"description\" content=\"Proyector empotrable Sigma de Beneito Faure para suelos. Alta potencia, permite alumbrar alturas de hasta 11 metros. Para iluminaci\u00f3n de fachadas y exterior.\" \/>\n<meta name=\"robots\" content=\"index, follow, max-snippet:-1, max-image-preview:large, max-video-preview:-1\" \/>\n<link rel=\"canonical\" href=\"https:\/\/ledsolintel.com\/fr\/produit-2\/sigma-17w-100-240v-30o-led-epistar-de-beneito-faure\/\" \/>\n<meta property=\"og:locale\" content=\"fr_FR\" \/>\n<meta property=\"og:type\" content=\"article\" \/>\n<meta property=\"og:title\" content=\"SIGMA 17W 100-240V 30\u00ba LED EPISTAR de Beneito Faure\" \/>\n<meta property=\"og:description\" content=\"Proyector empotrable Sigma de Beneito Faure para suelos. Alta potencia, permite alumbrar alturas de hasta 11 metros. Para iluminaci\u00f3n de fachadas y exterior.\" \/>\n<meta property=\"og:url\" content=\"https:\/\/ledsolintel.com\/fr\/produit-2\/sigma-17w-100-240v-30o-led-epistar-de-beneito-faure\/\" \/>\n<meta property=\"og:site_name\" content=\"Ledsolintel\" \/>\n<meta property=\"article:publisher\" content=\"http:\/\/www.facebook.com\/webmenaje\" \/>\n<meta property=\"og:image\" content=\"https:\/\/ledsolintel.com\/wp-content\/uploads\/2019\/09\/8879-SIGMA-17W-100-240V-30o-LED-EPISTAR-de-Beneito-Faure.jpg\" \/>\n\t<meta property=\"og:image:width\" content=\"1\" \/>\n\t<meta property=\"og:image:height\" content=\"1\" \/>\n\t<meta property=\"og:image:type\" content=\"image\/jpeg\" \/>\n<meta name=\"twitter:card\" content=\"summary_large_image\" \/>\n<meta name=\"twitter:site\" content=\"@webmenaje\" \/>\n<script type=\"application\/ld+json\" class=\"yoast-schema-graph\">{\"@context\":\"https:\/\/schema.org\",\"@graph\":[{\"@type\":\"WebPage\",\"@id\":\"https:\/\/ledsolintel.com\/product\/sigma-17w-100-240v-30o-led-epistar-de-beneito-faure\/\",\"url\":\"https:\/\/ledsolintel.com\/product\/sigma-17w-100-240v-30o-led-epistar-de-beneito-faure\/\",\"name\":\"SIGMA 17W 100-240V 30\u00ba LED EPISTAR de Beneito Faure\",\"isPartOf\":{\"@id\":\"https:\/\/ledsolintel.com\/#website\"},\"primaryImageOfPage\":{\"@id\":\"https:\/\/ledsolintel.com\/product\/sigma-17w-100-240v-30o-led-epistar-de-beneito-faure\/#primaryimage\"},\"image\":{\"@id\":\"https:\/\/ledsolintel.com\/product\/sigma-17w-100-240v-30o-led-epistar-de-beneito-faure\/#primaryimage\"},\"thumbnailUrl\":\"https:\/\/ledsolintel.com\/wp-content\/uploads\/2019\/09\/8879-SIGMA-17W-100-240V-30o-LED-EPISTAR-de-Beneito-Faure.jpg\",\"datePublished\":\"2019-09-09T10:03:56+00:00\",\"description\":\"Proyector empotrable Sigma de Beneito Faure para suelos. Alta potencia, permite alumbrar alturas de hasta 11 metros. Para iluminaci\u00f3n de fachadas y exterior.\",\"breadcrumb\":{\"@id\":\"https:\/\/ledsolintel.com\/product\/sigma-17w-100-240v-30o-led-epistar-de-beneito-faure\/#breadcrumb\"},\"inLanguage\":\"fr-FR\",\"potentialAction\":[{\"@type\":\"ReadAction\",\"target\":[\"https:\/\/ledsolintel.com\/product\/sigma-17w-100-240v-30o-led-epistar-de-beneito-faure\/\"]}]},{\"@type\":\"ImageObject\",\"inLanguage\":\"fr-FR\",\"@id\":\"https:\/\/ledsolintel.com\/product\/sigma-17w-100-240v-30o-led-epistar-de-beneito-faure\/#primaryimage\",\"url\":\"https:\/\/ledsolintel.com\/wp-content\/uploads\/2019\/09\/8879-SIGMA-17W-100-240V-30o-LED-EPISTAR-de-Beneito-Faure.jpg\",\"contentUrl\":\"https:\/\/ledsolintel.com\/wp-content\/uploads\/2019\/09\/8879-SIGMA-17W-100-240V-30o-LED-EPISTAR-de-Beneito-Faure.jpg\",\"caption\":\"SIGMA 17W 100-240V 30\u00ba LED EPISTAR de Beneito Faure\"},{\"@type\":\"BreadcrumbList\",\"@id\":\"https:\/\/ledsolintel.com\/product\/sigma-17w-100-240v-30o-led-epistar-de-beneito-faure\/#breadcrumb\",\"itemListElement\":[{\"@type\":\"ListItem\",\"position\":1,\"name\":\"Portada\",\"item\":\"https:\/\/ledsolintel.com\/fr\/\"},{\"@type\":\"ListItem\",\"position\":2,\"name\":\"Tienda\",\"item\":\"https:\/\/ledsolintel.com\/tienda\/\"},{\"@type\":\"ListItem\",\"position\":3,\"name\":\"SIGMA 17W 100-240V 30\u00ba LED EPISTAR de Beneito Faure\"}]},{\"@type\":\"WebSite\",\"@id\":\"https:\/\/ledsolintel.com\/#website\",\"url\":\"https:\/\/ledsolintel.com\/\",\"name\":\"Webmenaje\",\"description\":\"Tienda de bombillas y l\u00e1mparas LED para profesionales\",\"publisher\":{\"@id\":\"https:\/\/ledsolintel.com\/#organization\"},\"potentialAction\":[{\"@type\":\"SearchAction\",\"target\":{\"@type\":\"EntryPoint\",\"urlTemplate\":\"https:\/\/ledsolintel.com\/?s={search_term_string}\"},\"query-input\":{\"@type\":\"PropertyValueSpecification\",\"valueRequired\":true,\"valueName\":\"search_term_string\"}}],\"inLanguage\":\"fr-FR\"},{\"@type\":\"Organization\",\"@id\":\"https:\/\/ledsolintel.com\/#organization\",\"name\":\"Solintel Noroeste, S.L.\",\"url\":\"https:\/\/ledsolintel.com\/\",\"logo\":{\"@type\":\"ImageObject\",\"inLanguage\":\"fr-FR\",\"@id\":\"https:\/\/ledsolintel.com\/#\/schema\/logo\/image\/\",\"url\":\"https:\/\/ledsolintel.com\/wp-content\/uploads\/2024\/11\/webmenaje-logo-1508269066.jpg\",\"contentUrl\":\"https:\/\/ledsolintel.com\/wp-content\/uploads\/2024\/11\/webmenaje-logo-1508269066.jpg\",\"width\":370,\"height\":90,\"caption\":\"Solintel Noroeste, S.L.\"},\"image\":{\"@id\":\"https:\/\/ledsolintel.com\/#\/schema\/logo\/image\/\"},\"sameAs\":[\"http:\/\/www.facebook.com\/webmenaje\",\"https:\/\/x.com\/webmenaje\",\"https:\/\/www.youtube.com\/channel\/UCX2KoVoeCG4LocZjUc6LmSQ\",\"http:\/\/www.pinterest.com\/webmenaje\"]}]}<\/script>\n<!-- \/ Yoast SEO plugin. -->","yoast_head_json":{"title":"SIGMA 17W 100-240V 30\u00ba LED EPISTAR de Beneito Faure","description":"Beneito Faure Sigma Spot encastr\u00e9 de sol. Haute puissance, permet d'\u00e9clairer jusqu'\u00e0 11 m\u00e8tres de hauteur. Pour l'\u00e9clairage des fa\u00e7ades et de l'ext\u00e9rieur.","robots":{"index":"index","follow":"follow","max-snippet":"max-snippet:-1","max-image-preview":"max-image-preview:large","max-video-preview":"max-video-preview:-1"},"canonical":"https:\/\/ledsolintel.com\/fr\/produit-2\/sigma-17w-100-240v-30o-led-epistar-de-beneito-faure\/","og_locale":"fr_FR","og_type":"article","og_title":"SIGMA 17W 100-240V 30\u00ba LED EPISTAR de Beneito Faure","og_description":"Proyector empotrable Sigma de Beneito Faure para suelos. Alta potencia, permite alumbrar alturas de hasta 11 metros. Para iluminaci\u00f3n de fachadas y exterior.","og_url":"https:\/\/ledsolintel.com\/fr\/produit-2\/sigma-17w-100-240v-30o-led-epistar-de-beneito-faure\/","og_site_name":"Ledsolintel","article_publisher":"http:\/\/www.facebook.com\/webmenaje","og_image":[{"url":"https:\/\/ledsolintel.com\/wp-content\/uploads\/2019\/09\/8879-SIGMA-17W-100-240V-30o-LED-EPISTAR-de-Beneito-Faure.jpg","width":1,"height":1,"type":"image\/jpeg"}],"twitter_card":"summary_large_image","twitter_site":"@webmenaje","schema":{"@context":"https:\/\/schema.org","@graph":[{"@type":"WebPage","@id":"https:\/\/ledsolintel.com\/product\/sigma-17w-100-240v-30o-led-epistar-de-beneito-faure\/","url":"https:\/\/ledsolintel.com\/product\/sigma-17w-100-240v-30o-led-epistar-de-beneito-faure\/","name":"SIGMA 17W 100-240V 30\u00ba LED EPISTAR de Beneito Faure","isPartOf":{"@id":"https:\/\/ledsolintel.com\/#website"},"primaryImageOfPage":{"@id":"https:\/\/ledsolintel.com\/product\/sigma-17w-100-240v-30o-led-epistar-de-beneito-faure\/#primaryimage"},"image":{"@id":"https:\/\/ledsolintel.com\/product\/sigma-17w-100-240v-30o-led-epistar-de-beneito-faure\/#primaryimage"},"thumbnailUrl":"https:\/\/ledsolintel.com\/wp-content\/uploads\/2019\/09\/8879-SIGMA-17W-100-240V-30o-LED-EPISTAR-de-Beneito-Faure.jpg","datePublished":"2019-09-09T10:03:56+00:00","description":"Beneito Faure Sigma Spot encastr\u00e9 de sol. Haute puissance, permet d'\u00e9clairer jusqu'\u00e0 11 m\u00e8tres de hauteur. Pour l'\u00e9clairage des fa\u00e7ades et de l'ext\u00e9rieur.","breadcrumb":{"@id":"https:\/\/ledsolintel.com\/product\/sigma-17w-100-240v-30o-led-epistar-de-beneito-faure\/#breadcrumb"},"inLanguage":"fr-FR","potentialAction":[{"@type":"ReadAction","target":["https:\/\/ledsolintel.com\/product\/sigma-17w-100-240v-30o-led-epistar-de-beneito-faure\/"]}]},{"@type":"ImageObject","inLanguage":"fr-FR","@id":"https:\/\/ledsolintel.com\/product\/sigma-17w-100-240v-30o-led-epistar-de-beneito-faure\/#primaryimage","url":"https:\/\/ledsolintel.com\/wp-content\/uploads\/2019\/09\/8879-SIGMA-17W-100-240V-30o-LED-EPISTAR-de-Beneito-Faure.jpg","contentUrl":"https:\/\/ledsolintel.com\/wp-content\/uploads\/2019\/09\/8879-SIGMA-17W-100-240V-30o-LED-EPISTAR-de-Beneito-Faure.jpg","caption":"SIGMA 17W 100-240V 30\u00ba LED EPISTAR de Beneito Faure"},{"@type":"BreadcrumbList","@id":"https:\/\/ledsolintel.com\/product\/sigma-17w-100-240v-30o-led-epistar-de-beneito-faure\/#breadcrumb","itemListElement":[{"@type":"ListItem","position":1,"name":"Portada","item":"https:\/\/ledsolintel.com\/fr\/"},{"@type":"ListItem","position":2,"name":"Tienda","item":"https:\/\/ledsolintel.com\/tienda\/"},{"@type":"ListItem","position":3,"name":"SIGMA 17W 100-240V 30\u00ba LED EPISTAR de Beneito Faure"}]},{"@type":"WebSite","@id":"https:\/\/ledsolintel.com\/#website","url":"https:\/\/ledsolintel.com\/","name":"Webmenaje","description":"Magasin d'ampoules et de lampes LED pour les professionnels","publisher":{"@id":"https:\/\/ledsolintel.com\/#organization"},"potentialAction":[{"@type":"SearchAction","target":{"@type":"EntryPoint","urlTemplate":"https:\/\/ledsolintel.com\/?s={search_term_string}"},"query-input":{"@type":"PropertyValueSpecification","valueRequired":true,"valueName":"search_term_string"}}],"inLanguage":"fr-FR"},{"@type":"Organization","@id":"https:\/\/ledsolintel.com\/#organization","name":"Solintel Noroeste, S.L.","url":"https:\/\/ledsolintel.com\/","logo":{"@type":"ImageObject","inLanguage":"fr-FR","@id":"https:\/\/ledsolintel.com\/#\/schema\/logo\/image\/","url":"https:\/\/ledsolintel.com\/wp-content\/uploads\/2024\/11\/webmenaje-logo-1508269066.jpg","contentUrl":"https:\/\/ledsolintel.com\/wp-content\/uploads\/2024\/11\/webmenaje-logo-1508269066.jpg","width":370,"height":90,"caption":"Solintel Noroeste, S.L."},"image":{"@id":"https:\/\/ledsolintel.com\/#\/schema\/logo\/image\/"},"sameAs":["http:\/\/www.facebook.com\/webmenaje","https:\/\/x.com\/webmenaje","https:\/\/www.youtube.com\/channel\/UCX2KoVoeCG4LocZjUc6LmSQ","http:\/\/www.pinterest.com\/webmenaje"]}]}},"_links":{"self":[{"href":"https:\/\/ledsolintel.com\/fr\/wp-json\/wp\/v2\/product\/242897","targetHints":{"allow":["GET"]}}],"collection":[{"href":"https:\/\/ledsolintel.com\/fr\/wp-json\/wp\/v2\/product"}],"about":[{"href":"https:\/\/ledsolintel.com\/fr\/wp-json\/wp\/v2\/types\/product"}],"version-history":[{"count":0,"href":"https:\/\/ledsolintel.com\/fr\/wp-json\/wp\/v2\/product\/242897\/revisions"}],"wp:featuredmedia":[{"embeddable":true,"href":"https:\/\/ledsolintel.com\/fr\/wp-json\/wp\/v2\/media\/242895"}],"wp:attachment":[{"href":"https:\/\/ledsolintel.com\/fr\/wp-json\/wp\/v2\/media?parent=242897"}],"wp:term":[{"taxonomy":"product_brand","embeddable":true,"href":"https:\/\/ledsolintel.com\/fr\/wp-json\/wp\/v2\/product_brand?post=242897"},{"taxonomy":"product_cat","embeddable":true,"href":"https:\/\/ledsolintel.com\/fr\/wp-json\/wp\/v2\/product_cat?post=242897"},{"taxonomy":"product_tag","embeddable":true,"href":"https:\/\/ledsolintel.com\/fr\/wp-json\/wp\/v2\/product_tag?post=242897"}],"curies":[{"name":"wp","href":"https:\/\/api.w.org\/{rel}","templated":true}]}}