{"id":242850,"date":"2019-08-06T15:18:18","date_gmt":"2019-08-06T13:18:18","guid":{"rendered":"https:\/\/nueva.ledsolintel.com\/product\/led-ice-18w-de-roblan\/"},"modified":"2019-08-06T15:18:18","modified_gmt":"2019-08-06T13:18:18","slug":"led-ice-18w-de-roblan","status":"publish","type":"product","link":"https:\/\/ledsolintel.com\/fr\/produit-2\/led-ice-18w-de-roblan\/","title":{"rendered":"Plafond LED ICE AVEC CAPTEUR par Roblan"},"content":{"rendered":"<h1>Plafonnier LED ICE avec capteur de Roblan<\/h1>\n<p>\u00a0<\/p>\n<p><span style=\"text-decoration: underline;\"><span>Roblan ICE LED plafonnier 18 W avec capteur<\/span><\/span><\/p>\n<ul>\n<li>Puissance : 18 W<\/li>\n<li>Flux lumineux : 1600 lumens<\/li>\n<li>Dimensions : 360\u00d7105 mm<\/li>\n<li>Tension : 220-240V AC<\/li>\n<li>Temp\u00e9rature de couleur : blanc naturel 4000 K<\/li>\n<li>Angle d'ouverture : 120\u00ba Angle d'ouverture : 120\u00ba Angle d'ouverture : 120\u00ba Angle d'ouverture : 120\u00ba Angle d'ouverture : 120\u00ba Angle d'ouverture : 120<\/li>\n<li>Protection IP44<\/li>\n<\/ul>\n<p>\u00a0<\/p>\n<p><span style=\"text-decoration: underline;\"><span>Roblan ICE LED plafonnier avec capteur 32W<\/span><\/span><\/p>\n<ul>\n<li>Produit : Roblan ICE LED<\/li>\n<li>Puissance : 32 W<\/li>\n<li>Flux lumineux : 3000 lumens<\/li>\n<li>Dimensions : 410\u00d7115 mm<\/li>\n<li>Tension : 220-240V AC<\/li>\n<li>Temp\u00e9rature de couleur : blanc naturel 4000 K<\/li>\n<li>Angle d'ouverture : 120\u00ba Angle d'ouverture : 120\u00ba Angle d'ouverture : 120\u00ba Angle d'ouverture : 120\u00ba Angle d'ouverture : 120\u00ba Angle d'ouverture : 120<\/li>\n<li>Protection IP44<\/li>\n<\/ul>\n<p>\u00a0<\/p>\n<h3>Sp\u00e9cifications du capteur<\/h3>\n<ul>\n<li>Technologie : micro-ondes<\/li>\n<li>Hauteur d'installation maximale : 6 m<\/li>\n<li>Angle de d\u00e9tection :\n<ul>\n<li>Mur : 150\u00ba Mur : 150\u00ba Mur : 150\u00ba Mur : 150\u00ba Mur : 150\u00ba Mur : 150\u00ba Mur : 150\u00ba Mur : 150\u00ba Mur<\/li>\n<li>Plafond : 360\u00ba Toit : 360\u00ba Plafond : 360\u00ba Toit : 360\u00ba Toit : 360\u00ba Toit : 360\u00ba Toit : 360<\/li>\n<\/ul>\n<\/li>\n<li>Capteur de lumi\u00e8re (s\u00e9lectionnable) :\n<ul>\n<li>2 lux<\/li>\n<li>10 lux<\/li>\n<li>25 lux<\/li>\n<li>50 lux<\/li>\n<li>arr\u00eat<\/li>\n<\/ul>\n<\/li>\n<li>D\u00e9tection de mouvement : 0,5-3 m\/s<\/li>\n<li>Dur\u00e9e de mise en marche (s\u00e9lectionnable) :\n<ul>\n<li>5 s<\/li>\n<li>30 s<\/li>\n<li>90 s<\/li>\n<li>3 min<\/li>\n<li>20 min<\/li>\n<li>30 minutes<\/li>\n<\/ul>\n<\/li>\n<li>Consommation \u00e9lectrique &lt;0,5 W en mode veille<\/li>\n<\/ul>","protected":false},"excerpt":{"rendered":"<p>Le plafonnier LED ICE avec capteur \u00e9met une lumi\u00e8re diffuse sur un grand angle, parfaite pour l'\u00e9clairage g\u00e9n\u00e9ral dans les environnements clairs.<\/p>\n<p>Comprend un d\u00e9tecteur de mouvement.<\/p>","protected":false},"featured_media":242849,"template":"","meta":[],"product_brand":[99355],"product_cat":[99909],"product_tag":[],"class_list":{"0":"post-242850","1":"product","2":"type-product","3":"status-publish","4":"has-post-thumbnail","6":"product_brand-roblan","7":"product_cat-plafones-de-superficie","8":"pa_potencia-18w","9":"pa_potencia-32w","12":"instock","13":"taxable","14":"shipping-taxable","15":"purchasable","16":"product-type-variable","17":"has-default-attributes"},"yoast_head":"<!-- This site is optimized with the Yoast SEO plugin v26.6 - https:\/\/yoast.com\/wordpress\/plugins\/seo\/ -->\n<title>LED ICE 18W de Roblan<\/title>\n<meta name=\"description\" content=\"El plaf\u00f3n LED ICE emite una luz difusa en un \u00e1ngulo amplio. Disponible en dos tonos de blanco y con sensor de movimiento o modo de emergencia.\" \/>\n<meta name=\"robots\" content=\"index, follow, max-snippet:-1, max-image-preview:large, max-video-preview:-1\" \/>\n<link rel=\"canonical\" href=\"https:\/\/ledsolintel.com\/fr\/produit-2\/led-ice-18w-de-roblan\/\" \/>\n<meta property=\"og:locale\" content=\"fr_FR\" \/>\n<meta property=\"og:type\" content=\"article\" \/>\n<meta property=\"og:title\" content=\"LED ICE 18W de Roblan\" \/>\n<meta property=\"og:description\" content=\"El plaf\u00f3n LED ICE emite una luz difusa en un \u00e1ngulo amplio. Disponible en dos tonos de blanco y con sensor de movimiento o modo de emergencia.\" \/>\n<meta property=\"og:url\" content=\"https:\/\/ledsolintel.com\/fr\/produit-2\/led-ice-18w-de-roblan\/\" \/>\n<meta property=\"og:site_name\" content=\"Ledsolintel\" \/>\n<meta property=\"article:publisher\" content=\"http:\/\/www.facebook.com\/webmenaje\" \/>\n<meta property=\"og:image\" content=\"https:\/\/ledsolintel.com\/wp-content\/uploads\/2019\/08\/13085-Plafon-LED-ICE-CON-SENSOR-de-Roblan.jpg\" \/>\n\t<meta property=\"og:image:width\" content=\"1\" \/>\n\t<meta property=\"og:image:height\" content=\"1\" \/>\n\t<meta property=\"og:image:type\" content=\"image\/jpeg\" \/>\n<meta name=\"twitter:card\" content=\"summary_large_image\" \/>\n<meta name=\"twitter:site\" content=\"@webmenaje\" \/>\n<meta name=\"twitter:label1\" content=\"Dur\u00e9e de lecture estim\u00e9e\" \/>\n\t<meta name=\"twitter:data1\" content=\"1 minute\" \/>\n<script type=\"application\/ld+json\" class=\"yoast-schema-graph\">{\"@context\":\"https:\/\/schema.org\",\"@graph\":[{\"@type\":\"WebPage\",\"@id\":\"https:\/\/ledsolintel.com\/product\/led-ice-18w-de-roblan\/\",\"url\":\"https:\/\/ledsolintel.com\/product\/led-ice-18w-de-roblan\/\",\"name\":\"LED ICE 18W de Roblan\",\"isPartOf\":{\"@id\":\"https:\/\/ledsolintel.com\/#website\"},\"primaryImageOfPage\":{\"@id\":\"https:\/\/ledsolintel.com\/product\/led-ice-18w-de-roblan\/#primaryimage\"},\"image\":{\"@id\":\"https:\/\/ledsolintel.com\/product\/led-ice-18w-de-roblan\/#primaryimage\"},\"thumbnailUrl\":\"https:\/\/ledsolintel.com\/wp-content\/uploads\/2019\/08\/13085-Plafon-LED-ICE-CON-SENSOR-de-Roblan.jpg\",\"datePublished\":\"2019-08-06T13:18:18+00:00\",\"description\":\"El plaf\u00f3n LED ICE emite una luz difusa en un \u00e1ngulo amplio. Disponible en dos tonos de blanco y con sensor de movimiento o modo de emergencia.\",\"breadcrumb\":{\"@id\":\"https:\/\/ledsolintel.com\/product\/led-ice-18w-de-roblan\/#breadcrumb\"},\"inLanguage\":\"fr-FR\",\"potentialAction\":[{\"@type\":\"ReadAction\",\"target\":[\"https:\/\/ledsolintel.com\/product\/led-ice-18w-de-roblan\/\"]}]},{\"@type\":\"ImageObject\",\"inLanguage\":\"fr-FR\",\"@id\":\"https:\/\/ledsolintel.com\/product\/led-ice-18w-de-roblan\/#primaryimage\",\"url\":\"https:\/\/ledsolintel.com\/wp-content\/uploads\/2019\/08\/13085-Plafon-LED-ICE-CON-SENSOR-de-Roblan.jpg\",\"contentUrl\":\"https:\/\/ledsolintel.com\/wp-content\/uploads\/2019\/08\/13085-Plafon-LED-ICE-CON-SENSOR-de-Roblan.jpg\",\"caption\":\"Plaf\u00f3n LED ICE CON SENSOR de Roblan\"},{\"@type\":\"BreadcrumbList\",\"@id\":\"https:\/\/ledsolintel.com\/product\/led-ice-18w-de-roblan\/#breadcrumb\",\"itemListElement\":[{\"@type\":\"ListItem\",\"position\":1,\"name\":\"Portada\",\"item\":\"https:\/\/ledsolintel.com\/fr\/\"},{\"@type\":\"ListItem\",\"position\":2,\"name\":\"Tienda\",\"item\":\"https:\/\/ledsolintel.com\/tienda\/\"},{\"@type\":\"ListItem\",\"position\":3,\"name\":\"Plaf\u00f3n LED ICE CON SENSOR de Roblan\"}]},{\"@type\":\"WebSite\",\"@id\":\"https:\/\/ledsolintel.com\/#website\",\"url\":\"https:\/\/ledsolintel.com\/\",\"name\":\"Webmenaje\",\"description\":\"Tienda de bombillas y l\u00e1mparas LED para profesionales\",\"publisher\":{\"@id\":\"https:\/\/ledsolintel.com\/#organization\"},\"potentialAction\":[{\"@type\":\"SearchAction\",\"target\":{\"@type\":\"EntryPoint\",\"urlTemplate\":\"https:\/\/ledsolintel.com\/?s={search_term_string}\"},\"query-input\":{\"@type\":\"PropertyValueSpecification\",\"valueRequired\":true,\"valueName\":\"search_term_string\"}}],\"inLanguage\":\"fr-FR\"},{\"@type\":\"Organization\",\"@id\":\"https:\/\/ledsolintel.com\/#organization\",\"name\":\"Solintel Noroeste, S.L.\",\"url\":\"https:\/\/ledsolintel.com\/\",\"logo\":{\"@type\":\"ImageObject\",\"inLanguage\":\"fr-FR\",\"@id\":\"https:\/\/ledsolintel.com\/#\/schema\/logo\/image\/\",\"url\":\"https:\/\/ledsolintel.com\/wp-content\/uploads\/2024\/11\/webmenaje-logo-1508269066.jpg\",\"contentUrl\":\"https:\/\/ledsolintel.com\/wp-content\/uploads\/2024\/11\/webmenaje-logo-1508269066.jpg\",\"width\":370,\"height\":90,\"caption\":\"Solintel Noroeste, S.L.\"},\"image\":{\"@id\":\"https:\/\/ledsolintel.com\/#\/schema\/logo\/image\/\"},\"sameAs\":[\"http:\/\/www.facebook.com\/webmenaje\",\"https:\/\/x.com\/webmenaje\",\"https:\/\/www.youtube.com\/channel\/UCX2KoVoeCG4LocZjUc6LmSQ\",\"http:\/\/www.pinterest.com\/webmenaje\"]}]}<\/script>\n<!-- \/ Yoast SEO plugin. -->","yoast_head_json":{"title":"LED ICE 18W de Roblan","description":"El plaf\u00f3n LED ICE emite una luz difusa en un \u00e1ngulo amplio. Disponible en dos tonos de blanco y con sensor de movimiento o modo de emergencia.","robots":{"index":"index","follow":"follow","max-snippet":"max-snippet:-1","max-image-preview":"max-image-preview:large","max-video-preview":"max-video-preview:-1"},"canonical":"https:\/\/ledsolintel.com\/fr\/produit-2\/led-ice-18w-de-roblan\/","og_locale":"fr_FR","og_type":"article","og_title":"LED ICE 18W de Roblan","og_description":"El plaf\u00f3n LED ICE emite una luz difusa en un \u00e1ngulo amplio. Disponible en dos tonos de blanco y con sensor de movimiento o modo de emergencia.","og_url":"https:\/\/ledsolintel.com\/fr\/produit-2\/led-ice-18w-de-roblan\/","og_site_name":"Ledsolintel","article_publisher":"http:\/\/www.facebook.com\/webmenaje","og_image":[{"url":"https:\/\/ledsolintel.com\/wp-content\/uploads\/2019\/08\/13085-Plafon-LED-ICE-CON-SENSOR-de-Roblan.jpg","width":1,"height":1,"type":"image\/jpeg"}],"twitter_card":"summary_large_image","twitter_site":"@webmenaje","twitter_misc":{"Dur\u00e9e de lecture estim\u00e9e":"1 minute"},"schema":{"@context":"https:\/\/schema.org","@graph":[{"@type":"WebPage","@id":"https:\/\/ledsolintel.com\/product\/led-ice-18w-de-roblan\/","url":"https:\/\/ledsolintel.com\/product\/led-ice-18w-de-roblan\/","name":"LED ICE 18W de Roblan","isPartOf":{"@id":"https:\/\/ledsolintel.com\/#website"},"primaryImageOfPage":{"@id":"https:\/\/ledsolintel.com\/product\/led-ice-18w-de-roblan\/#primaryimage"},"image":{"@id":"https:\/\/ledsolintel.com\/product\/led-ice-18w-de-roblan\/#primaryimage"},"thumbnailUrl":"https:\/\/ledsolintel.com\/wp-content\/uploads\/2019\/08\/13085-Plafon-LED-ICE-CON-SENSOR-de-Roblan.jpg","datePublished":"2019-08-06T13:18:18+00:00","description":"El plaf\u00f3n LED ICE emite una luz difusa en un \u00e1ngulo amplio. Disponible en dos tonos de blanco y con sensor de movimiento o modo de emergencia.","breadcrumb":{"@id":"https:\/\/ledsolintel.com\/product\/led-ice-18w-de-roblan\/#breadcrumb"},"inLanguage":"fr-FR","potentialAction":[{"@type":"ReadAction","target":["https:\/\/ledsolintel.com\/product\/led-ice-18w-de-roblan\/"]}]},{"@type":"ImageObject","inLanguage":"fr-FR","@id":"https:\/\/ledsolintel.com\/product\/led-ice-18w-de-roblan\/#primaryimage","url":"https:\/\/ledsolintel.com\/wp-content\/uploads\/2019\/08\/13085-Plafon-LED-ICE-CON-SENSOR-de-Roblan.jpg","contentUrl":"https:\/\/ledsolintel.com\/wp-content\/uploads\/2019\/08\/13085-Plafon-LED-ICE-CON-SENSOR-de-Roblan.jpg","caption":"Plaf\u00f3n LED ICE CON SENSOR de Roblan"},{"@type":"BreadcrumbList","@id":"https:\/\/ledsolintel.com\/product\/led-ice-18w-de-roblan\/#breadcrumb","itemListElement":[{"@type":"ListItem","position":1,"name":"Portada","item":"https:\/\/ledsolintel.com\/fr\/"},{"@type":"ListItem","position":2,"name":"Tienda","item":"https:\/\/ledsolintel.com\/tienda\/"},{"@type":"ListItem","position":3,"name":"Plaf\u00f3n LED ICE CON SENSOR de Roblan"}]},{"@type":"WebSite","@id":"https:\/\/ledsolintel.com\/#website","url":"https:\/\/ledsolintel.com\/","name":"Webmenaje","description":"Magasin d'ampoules et de lampes LED pour les professionnels","publisher":{"@id":"https:\/\/ledsolintel.com\/#organization"},"potentialAction":[{"@type":"SearchAction","target":{"@type":"EntryPoint","urlTemplate":"https:\/\/ledsolintel.com\/?s={search_term_string}"},"query-input":{"@type":"PropertyValueSpecification","valueRequired":true,"valueName":"search_term_string"}}],"inLanguage":"fr-FR"},{"@type":"Organization","@id":"https:\/\/ledsolintel.com\/#organization","name":"Solintel Noroeste, S.L.","url":"https:\/\/ledsolintel.com\/","logo":{"@type":"ImageObject","inLanguage":"fr-FR","@id":"https:\/\/ledsolintel.com\/#\/schema\/logo\/image\/","url":"https:\/\/ledsolintel.com\/wp-content\/uploads\/2024\/11\/webmenaje-logo-1508269066.jpg","contentUrl":"https:\/\/ledsolintel.com\/wp-content\/uploads\/2024\/11\/webmenaje-logo-1508269066.jpg","width":370,"height":90,"caption":"Solintel Noroeste, S.L."},"image":{"@id":"https:\/\/ledsolintel.com\/#\/schema\/logo\/image\/"},"sameAs":["http:\/\/www.facebook.com\/webmenaje","https:\/\/x.com\/webmenaje","https:\/\/www.youtube.com\/channel\/UCX2KoVoeCG4LocZjUc6LmSQ","http:\/\/www.pinterest.com\/webmenaje"]}]}},"_links":{"self":[{"href":"https:\/\/ledsolintel.com\/fr\/wp-json\/wp\/v2\/product\/242850","targetHints":{"allow":["GET"]}}],"collection":[{"href":"https:\/\/ledsolintel.com\/fr\/wp-json\/wp\/v2\/product"}],"about":[{"href":"https:\/\/ledsolintel.com\/fr\/wp-json\/wp\/v2\/types\/product"}],"version-history":[{"count":0,"href":"https:\/\/ledsolintel.com\/fr\/wp-json\/wp\/v2\/product\/242850\/revisions"}],"wp:featuredmedia":[{"embeddable":true,"href":"https:\/\/ledsolintel.com\/fr\/wp-json\/wp\/v2\/media\/242849"}],"wp:attachment":[{"href":"https:\/\/ledsolintel.com\/fr\/wp-json\/wp\/v2\/media?parent=242850"}],"wp:term":[{"taxonomy":"product_brand","embeddable":true,"href":"https:\/\/ledsolintel.com\/fr\/wp-json\/wp\/v2\/product_brand?post=242850"},{"taxonomy":"product_cat","embeddable":true,"href":"https:\/\/ledsolintel.com\/fr\/wp-json\/wp\/v2\/product_cat?post=242850"},{"taxonomy":"product_tag","embeddable":true,"href":"https:\/\/ledsolintel.com\/fr\/wp-json\/wp\/v2\/product_tag?post=242850"}],"curies":[{"name":"wp","href":"https:\/\/api.w.org\/{rel}","templated":true}]}}