{"id":242845,"date":"2019-07-15T12:47:51","date_gmt":"2019-07-15T10:47:51","guid":{"rendered":"https:\/\/nueva.ledsolintel.com\/product\/estandar-led-sky-a60-9w-conexion-e27-de-roblan\/"},"modified":"2019-07-15T12:47:51","modified_gmt":"2019-07-15T10:47:51","slug":"estandar-led-sky-a60-9w-conexion-e27-de-roblan","status":"publish","type":"product","link":"https:\/\/ledsolintel.com\/fr\/produit-2\/estandar-led-sky-a60-9w-conexion-e27-de-roblan\/","title":{"rendered":"Roblan LED SKY A60 9.5 W LED Standard"},"content":{"rendered":"<p>Bombilla est\u00e1ndar LED SKY A60 9.5 W de Roblan. Bombilla vers\u00e1til, adecuada para la iluminaci\u00f3n general de viviendas. Su alta eficiencia permite una iluminaci\u00f3n econ\u00f3mica apta para salones, salas de estar, cocinas, etc. Apta tambi\u00e9n para iluminaci\u00f3n no especializada en comercio y espacios p\u00fablicos.<\/p>\n<p>Con la posibilidad de elegir entre 3 temperaturas de color y una opci\u00f3n regulable, la bombilla LED SKY A60 de Roblan es una opci\u00f3n econ\u00f3mica y de alta calidad para la iluminaci\u00f3n b\u00e1sica de cualquier hogar.<\/p>","protected":false},"excerpt":{"rendered":"<p>Las l\u00e1mparas LED SKY A60 9.5 W de Roblan sustituyen a bombillas est\u00e1ndar y permiten un enorme ahorro energ\u00e9tico mientras la calidad de la iluminaci\u00f3n permanece inalterada.<\/p>\n<p>Disponibles en blanco fr\u00edo, natural y c\u00e1lido.<\/p>","protected":false},"featured_media":242844,"template":"","meta":[],"product_brand":[99355],"product_cat":[99571,99893],"product_tag":[],"class_list":{"0":"post-242845","1":"product","2":"type-product","3":"status-publish","4":"has-post-thumbnail","6":"product_brand-roblan","7":"product_cat-bombillas-led","8":"product_cat-bombillas-led-estandar","9":"pa_cct-3000k","10":"pa_cct-4000k","11":"pa_cct-6500k","14":"instock","15":"taxable","16":"shipping-taxable","17":"purchasable","18":"product-type-variable","19":"has-default-attributes"},"yoast_head":"<!-- This site is optimized with the Yoast SEO plugin v26.6 - https:\/\/yoast.com\/wordpress\/plugins\/seo\/ -->\n<title>Est\u00e1ndar LED SKY A60 9W conexi\u00f3n E27 de Roblan<\/title>\n<meta name=\"description\" content=\"Las l\u00e1mparas LED SKY A60 9W de Roblan sustituyen a bombillas est\u00e1ndar y permiten un enorme ahorro energ\u00e9tico manteniendo la calidad de la iluminaci\u00f3n\" \/>\n<meta name=\"robots\" content=\"index, follow, max-snippet:-1, max-image-preview:large, max-video-preview:-1\" \/>\n<link rel=\"canonical\" href=\"https:\/\/ledsolintel.com\/fr\/produit-2\/estandar-led-sky-a60-9w-conexion-e27-de-roblan\/\" \/>\n<meta property=\"og:locale\" content=\"fr_FR\" \/>\n<meta property=\"og:type\" content=\"article\" \/>\n<meta property=\"og:title\" content=\"Est\u00e1ndar LED SKY A60 9W conexi\u00f3n E27 de Roblan\" \/>\n<meta property=\"og:description\" content=\"Las l\u00e1mparas LED SKY A60 9W de Roblan sustituyen a bombillas est\u00e1ndar y permiten un enorme ahorro energ\u00e9tico manteniendo la calidad de la iluminaci\u00f3n\" \/>\n<meta property=\"og:url\" content=\"https:\/\/ledsolintel.com\/fr\/produit-2\/estandar-led-sky-a60-9w-conexion-e27-de-roblan\/\" \/>\n<meta property=\"og:site_name\" content=\"Ledsolintel\" \/>\n<meta property=\"article:publisher\" content=\"http:\/\/www.facebook.com\/webmenaje\" \/>\n<meta property=\"og:image\" content=\"https:\/\/ledsolintel.com\/wp-content\/uploads\/2019\/07\/9495-Estandar-LED-SKY-A60-9W-conexion-E27-de-Roblan.jpg\" \/>\n\t<meta property=\"og:image:width\" content=\"1\" \/>\n\t<meta property=\"og:image:height\" content=\"1\" \/>\n\t<meta property=\"og:image:type\" content=\"image\/jpeg\" \/>\n<meta name=\"twitter:card\" content=\"summary_large_image\" \/>\n<meta name=\"twitter:site\" content=\"@webmenaje\" \/>\n<script type=\"application\/ld+json\" class=\"yoast-schema-graph\">{\"@context\":\"https:\/\/schema.org\",\"@graph\":[{\"@type\":\"WebPage\",\"@id\":\"https:\/\/ledsolintel.com\/product\/estandar-led-sky-a60-9w-conexion-e27-de-roblan\/\",\"url\":\"https:\/\/ledsolintel.com\/product\/estandar-led-sky-a60-9w-conexion-e27-de-roblan\/\",\"name\":\"Est\u00e1ndar LED SKY A60 9W conexi\u00f3n E27 de Roblan\",\"isPartOf\":{\"@id\":\"https:\/\/ledsolintel.com\/#website\"},\"primaryImageOfPage\":{\"@id\":\"https:\/\/ledsolintel.com\/product\/estandar-led-sky-a60-9w-conexion-e27-de-roblan\/#primaryimage\"},\"image\":{\"@id\":\"https:\/\/ledsolintel.com\/product\/estandar-led-sky-a60-9w-conexion-e27-de-roblan\/#primaryimage\"},\"thumbnailUrl\":\"https:\/\/ledsolintel.com\/wp-content\/uploads\/2019\/07\/9495-Estandar-LED-SKY-A60-9W-conexion-E27-de-Roblan.jpg\",\"datePublished\":\"2019-07-15T10:47:51+00:00\",\"description\":\"Las l\u00e1mparas LED SKY A60 9W de Roblan sustituyen a bombillas est\u00e1ndar y permiten un enorme ahorro energ\u00e9tico manteniendo la calidad de la iluminaci\u00f3n\",\"breadcrumb\":{\"@id\":\"https:\/\/ledsolintel.com\/product\/estandar-led-sky-a60-9w-conexion-e27-de-roblan\/#breadcrumb\"},\"inLanguage\":\"fr-FR\",\"potentialAction\":[{\"@type\":\"ReadAction\",\"target\":[\"https:\/\/ledsolintel.com\/product\/estandar-led-sky-a60-9w-conexion-e27-de-roblan\/\"]}]},{\"@type\":\"ImageObject\",\"inLanguage\":\"fr-FR\",\"@id\":\"https:\/\/ledsolintel.com\/product\/estandar-led-sky-a60-9w-conexion-e27-de-roblan\/#primaryimage\",\"url\":\"https:\/\/ledsolintel.com\/wp-content\/uploads\/2019\/07\/9495-Estandar-LED-SKY-A60-9W-conexion-E27-de-Roblan.jpg\",\"contentUrl\":\"https:\/\/ledsolintel.com\/wp-content\/uploads\/2019\/07\/9495-Estandar-LED-SKY-A60-9W-conexion-E27-de-Roblan.jpg\",\"caption\":\"Est\u00e1ndar LED SKY A60 9W conexi\u00f3n E27 de Roblan\"},{\"@type\":\"BreadcrumbList\",\"@id\":\"https:\/\/ledsolintel.com\/product\/estandar-led-sky-a60-9w-conexion-e27-de-roblan\/#breadcrumb\",\"itemListElement\":[{\"@type\":\"ListItem\",\"position\":1,\"name\":\"Portada\",\"item\":\"https:\/\/ledsolintel.com\/fr\/\"},{\"@type\":\"ListItem\",\"position\":2,\"name\":\"Tienda\",\"item\":\"https:\/\/ledsolintel.com\/tienda\/\"},{\"@type\":\"ListItem\",\"position\":3,\"name\":\"Est\u00e1ndar LED SKY A60 9.5 W de Roblan\"}]},{\"@type\":\"WebSite\",\"@id\":\"https:\/\/ledsolintel.com\/#website\",\"url\":\"https:\/\/ledsolintel.com\/\",\"name\":\"Webmenaje\",\"description\":\"Tienda de bombillas y l\u00e1mparas LED para profesionales\",\"publisher\":{\"@id\":\"https:\/\/ledsolintel.com\/#organization\"},\"potentialAction\":[{\"@type\":\"SearchAction\",\"target\":{\"@type\":\"EntryPoint\",\"urlTemplate\":\"https:\/\/ledsolintel.com\/?s={search_term_string}\"},\"query-input\":{\"@type\":\"PropertyValueSpecification\",\"valueRequired\":true,\"valueName\":\"search_term_string\"}}],\"inLanguage\":\"fr-FR\"},{\"@type\":\"Organization\",\"@id\":\"https:\/\/ledsolintel.com\/#organization\",\"name\":\"Solintel Noroeste, S.L.\",\"url\":\"https:\/\/ledsolintel.com\/\",\"logo\":{\"@type\":\"ImageObject\",\"inLanguage\":\"fr-FR\",\"@id\":\"https:\/\/ledsolintel.com\/#\/schema\/logo\/image\/\",\"url\":\"https:\/\/ledsolintel.com\/wp-content\/uploads\/2024\/11\/webmenaje-logo-1508269066.jpg\",\"contentUrl\":\"https:\/\/ledsolintel.com\/wp-content\/uploads\/2024\/11\/webmenaje-logo-1508269066.jpg\",\"width\":370,\"height\":90,\"caption\":\"Solintel Noroeste, S.L.\"},\"image\":{\"@id\":\"https:\/\/ledsolintel.com\/#\/schema\/logo\/image\/\"},\"sameAs\":[\"http:\/\/www.facebook.com\/webmenaje\",\"https:\/\/x.com\/webmenaje\",\"https:\/\/www.youtube.com\/channel\/UCX2KoVoeCG4LocZjUc6LmSQ\",\"http:\/\/www.pinterest.com\/webmenaje\"]}]}<\/script>\n<!-- \/ Yoast SEO plugin. -->","yoast_head_json":{"title":"Roblan Standard LED SKY A60 9W E27 connexion LED","description":"Las l\u00e1mparas LED SKY A60 9W de Roblan sustituyen a bombillas est\u00e1ndar y permiten un enorme ahorro energ\u00e9tico manteniendo la calidad de la iluminaci\u00f3n","robots":{"index":"index","follow":"follow","max-snippet":"max-snippet:-1","max-image-preview":"max-image-preview:large","max-video-preview":"max-video-preview:-1"},"canonical":"https:\/\/ledsolintel.com\/fr\/produit-2\/estandar-led-sky-a60-9w-conexion-e27-de-roblan\/","og_locale":"fr_FR","og_type":"article","og_title":"Est\u00e1ndar LED SKY A60 9W conexi\u00f3n E27 de Roblan","og_description":"Las l\u00e1mparas LED SKY A60 9W de Roblan sustituyen a bombillas est\u00e1ndar y permiten un enorme ahorro energ\u00e9tico manteniendo la calidad de la iluminaci\u00f3n","og_url":"https:\/\/ledsolintel.com\/fr\/produit-2\/estandar-led-sky-a60-9w-conexion-e27-de-roblan\/","og_site_name":"Ledsolintel","article_publisher":"http:\/\/www.facebook.com\/webmenaje","og_image":[{"url":"https:\/\/ledsolintel.com\/wp-content\/uploads\/2019\/07\/9495-Estandar-LED-SKY-A60-9W-conexion-E27-de-Roblan.jpg","width":1,"height":1,"type":"image\/jpeg"}],"twitter_card":"summary_large_image","twitter_site":"@webmenaje","schema":{"@context":"https:\/\/schema.org","@graph":[{"@type":"WebPage","@id":"https:\/\/ledsolintel.com\/product\/estandar-led-sky-a60-9w-conexion-e27-de-roblan\/","url":"https:\/\/ledsolintel.com\/product\/estandar-led-sky-a60-9w-conexion-e27-de-roblan\/","name":"Roblan Standard LED SKY A60 9W E27 connexion LED","isPartOf":{"@id":"https:\/\/ledsolintel.com\/#website"},"primaryImageOfPage":{"@id":"https:\/\/ledsolintel.com\/product\/estandar-led-sky-a60-9w-conexion-e27-de-roblan\/#primaryimage"},"image":{"@id":"https:\/\/ledsolintel.com\/product\/estandar-led-sky-a60-9w-conexion-e27-de-roblan\/#primaryimage"},"thumbnailUrl":"https:\/\/ledsolintel.com\/wp-content\/uploads\/2019\/07\/9495-Estandar-LED-SKY-A60-9W-conexion-E27-de-Roblan.jpg","datePublished":"2019-07-15T10:47:51+00:00","description":"Las l\u00e1mparas LED SKY A60 9W de Roblan sustituyen a bombillas est\u00e1ndar y permiten un enorme ahorro energ\u00e9tico manteniendo la calidad de la iluminaci\u00f3n","breadcrumb":{"@id":"https:\/\/ledsolintel.com\/product\/estandar-led-sky-a60-9w-conexion-e27-de-roblan\/#breadcrumb"},"inLanguage":"fr-FR","potentialAction":[{"@type":"ReadAction","target":["https:\/\/ledsolintel.com\/product\/estandar-led-sky-a60-9w-conexion-e27-de-roblan\/"]}]},{"@type":"ImageObject","inLanguage":"fr-FR","@id":"https:\/\/ledsolintel.com\/product\/estandar-led-sky-a60-9w-conexion-e27-de-roblan\/#primaryimage","url":"https:\/\/ledsolintel.com\/wp-content\/uploads\/2019\/07\/9495-Estandar-LED-SKY-A60-9W-conexion-E27-de-Roblan.jpg","contentUrl":"https:\/\/ledsolintel.com\/wp-content\/uploads\/2019\/07\/9495-Estandar-LED-SKY-A60-9W-conexion-E27-de-Roblan.jpg","caption":"Est\u00e1ndar LED SKY A60 9W conexi\u00f3n E27 de Roblan"},{"@type":"BreadcrumbList","@id":"https:\/\/ledsolintel.com\/product\/estandar-led-sky-a60-9w-conexion-e27-de-roblan\/#breadcrumb","itemListElement":[{"@type":"ListItem","position":1,"name":"Portada","item":"https:\/\/ledsolintel.com\/fr\/"},{"@type":"ListItem","position":2,"name":"Tienda","item":"https:\/\/ledsolintel.com\/tienda\/"},{"@type":"ListItem","position":3,"name":"Est\u00e1ndar LED SKY A60 9.5 W de Roblan"}]},{"@type":"WebSite","@id":"https:\/\/ledsolintel.com\/#website","url":"https:\/\/ledsolintel.com\/","name":"Webmenaje","description":"Magasin d'ampoules et de lampes LED pour les professionnels","publisher":{"@id":"https:\/\/ledsolintel.com\/#organization"},"potentialAction":[{"@type":"SearchAction","target":{"@type":"EntryPoint","urlTemplate":"https:\/\/ledsolintel.com\/?s={search_term_string}"},"query-input":{"@type":"PropertyValueSpecification","valueRequired":true,"valueName":"search_term_string"}}],"inLanguage":"fr-FR"},{"@type":"Organization","@id":"https:\/\/ledsolintel.com\/#organization","name":"Solintel Noroeste, S.L.","url":"https:\/\/ledsolintel.com\/","logo":{"@type":"ImageObject","inLanguage":"fr-FR","@id":"https:\/\/ledsolintel.com\/#\/schema\/logo\/image\/","url":"https:\/\/ledsolintel.com\/wp-content\/uploads\/2024\/11\/webmenaje-logo-1508269066.jpg","contentUrl":"https:\/\/ledsolintel.com\/wp-content\/uploads\/2024\/11\/webmenaje-logo-1508269066.jpg","width":370,"height":90,"caption":"Solintel Noroeste, S.L."},"image":{"@id":"https:\/\/ledsolintel.com\/#\/schema\/logo\/image\/"},"sameAs":["http:\/\/www.facebook.com\/webmenaje","https:\/\/x.com\/webmenaje","https:\/\/www.youtube.com\/channel\/UCX2KoVoeCG4LocZjUc6LmSQ","http:\/\/www.pinterest.com\/webmenaje"]}]}},"_links":{"self":[{"href":"https:\/\/ledsolintel.com\/fr\/wp-json\/wp\/v2\/product\/242845","targetHints":{"allow":["GET"]}}],"collection":[{"href":"https:\/\/ledsolintel.com\/fr\/wp-json\/wp\/v2\/product"}],"about":[{"href":"https:\/\/ledsolintel.com\/fr\/wp-json\/wp\/v2\/types\/product"}],"version-history":[{"count":0,"href":"https:\/\/ledsolintel.com\/fr\/wp-json\/wp\/v2\/product\/242845\/revisions"}],"wp:featuredmedia":[{"embeddable":true,"href":"https:\/\/ledsolintel.com\/fr\/wp-json\/wp\/v2\/media\/242844"}],"wp:attachment":[{"href":"https:\/\/ledsolintel.com\/fr\/wp-json\/wp\/v2\/media?parent=242845"}],"wp:term":[{"taxonomy":"product_brand","embeddable":true,"href":"https:\/\/ledsolintel.com\/fr\/wp-json\/wp\/v2\/product_brand?post=242845"},{"taxonomy":"product_cat","embeddable":true,"href":"https:\/\/ledsolintel.com\/fr\/wp-json\/wp\/v2\/product_cat?post=242845"},{"taxonomy":"product_tag","embeddable":true,"href":"https:\/\/ledsolintel.com\/fr\/wp-json\/wp\/v2\/product_tag?post=242845"}],"curies":[{"name":"wp","href":"https:\/\/api.w.org\/{rel}","templated":true}]}}