{"id":242837,"date":"2019-06-27T17:57:29","date_gmt":"2019-06-27T15:57:29","guid":{"rendered":"https:\/\/nueva.ledsolintel.com\/product\/proyector-de-carril-alfa-32w-220-240v-45-de-beneito-faure\/"},"modified":"2019-06-27T17:57:29","modified_gmt":"2019-06-27T15:57:29","slug":"proyector-de-carril-alfa-32w-220-240v-45-de-beneito-faure","status":"publish","type":"product","link":"https:\/\/ledsolintel.com\/fr\/produit-2\/proyector-de-carril-alfa-32w-220-240v-45-de-beneito-faure\/","title":{"rendered":"ALFA 32W de Beneito Faure"},"content":{"rendered":"<h1>Proyector de carril LED ALFA 32W 220-240V 45\u00ba de Beneito Faure<\/h1>\n<p>\u00a0<\/p>\n<h3>Caract\u00e9ristiques<\/h3>\n<ul>\n<li>Potencia:\u00a032 W<\/li>\n<li>Tension : 100-277 V<\/li>\n<li>Intensidad: 0.14 A<\/li>\n<li>Luminosidad: 3100 &#8211; 3250 l\u00famenes<\/li>\n<li>Temp\u00e9rature de couleur :<\/li>\n<ul>\n<li>Blanc tr\u00e8s chaud 2700 K<\/li>\n<li>Blanc chaud 3000 K<\/li>\n<li>Blanc naturel 4000 K<\/li>\n<\/ul>\n<li>Optique : 45<\/li>\n<li>IRC &gt; 80<\/li>\n<li>Protection IP20<\/li>\n<li>Facteur de puissance &gt; 0,9<\/li>\n<li>Dur\u00e9e de vie : 30 000 heures<\/li>\n<\/ul>","protected":false},"excerpt":{"rendered":"<p>Proyector para carril LED ALFA 32W de Beneito Faure. Alta\u00a0luminosidad en un \u00e1ngulo cerrado para iluminaci\u00f3n de detalles y \u00e1reas concretas.\u00a0<\/p>\n<p>Dos acabados y tres tonos de luz.<\/p>","protected":false},"featured_media":242835,"template":"","meta":[],"product_brand":[99357],"product_cat":[99929,99573,99891],"product_tag":[],"class_list":{"0":"post-242837","1":"product","2":"type-product","3":"status-publish","4":"has-post-thumbnail","6":"product_brand-beneito-faure","7":"product_cat-focos-de-carril-de-superficie-y-empotrables-focos-de-carril","8":"product_cat-iluminacion-interior","9":"product_cat-focos-de-carril","10":"pa_acabado-blanco","11":"pa_acabado-negro","12":"pa_cct-natural4000k","13":"pa_cct-calido3000k","14":"pa_cct-muycalido2700k","17":"instock","18":"taxable","19":"shipping-taxable","20":"purchasable","21":"product-type-variable","22":"has-default-attributes"},"yoast_head":"<!-- This site is optimized with the Yoast SEO plugin v26.6 - https:\/\/yoast.com\/wordpress\/plugins\/seo\/ -->\n<title>ALFA ALUMINIUM 32W 220-240V 45\u00ba LED CREE de Beneito Faure<\/title>\n<meta name=\"description\" content=\"Proyector para carril ALFA 32W de Beneito Faure. Alta luminosidad en un \u00e1ngulo cerrado para iluminaci\u00f3n de detalles y \u00e1reas concretas.\" \/>\n<meta name=\"robots\" content=\"index, follow, max-snippet:-1, max-image-preview:large, max-video-preview:-1\" \/>\n<link rel=\"canonical\" href=\"https:\/\/ledsolintel.com\/fr\/produit-2\/proyector-de-carril-alfa-32w-220-240v-45-de-beneito-faure\/\" \/>\n<meta property=\"og:locale\" content=\"fr_FR\" \/>\n<meta property=\"og:type\" content=\"article\" \/>\n<meta property=\"og:title\" content=\"ALFA ALUMINIUM 32W 220-240V 45\u00ba LED CREE de Beneito Faure\" \/>\n<meta property=\"og:description\" content=\"Proyector para carril ALFA 32W de Beneito Faure. Alta luminosidad en un \u00e1ngulo cerrado para iluminaci\u00f3n de detalles y \u00e1reas concretas.\" \/>\n<meta property=\"og:url\" content=\"https:\/\/ledsolintel.com\/fr\/produit-2\/proyector-de-carril-alfa-32w-220-240v-45-de-beneito-faure\/\" \/>\n<meta property=\"og:site_name\" content=\"Ledsolintel\" \/>\n<meta property=\"article:publisher\" content=\"http:\/\/www.facebook.com\/webmenaje\" \/>\n<meta property=\"og:image\" content=\"https:\/\/ledsolintel.com\/wp-content\/uploads\/2019\/06\/8882-Proyector-de-carril-ALFA-32W-220-240V-45o-de-Beneito-Faure.jpg\" \/>\n\t<meta property=\"og:image:width\" content=\"1\" \/>\n\t<meta property=\"og:image:height\" content=\"1\" \/>\n\t<meta property=\"og:image:type\" content=\"image\/jpeg\" \/>\n<meta name=\"twitter:card\" content=\"summary_large_image\" \/>\n<meta name=\"twitter:site\" content=\"@webmenaje\" \/>\n<script type=\"application\/ld+json\" class=\"yoast-schema-graph\">{\"@context\":\"https:\/\/schema.org\",\"@graph\":[{\"@type\":\"WebPage\",\"@id\":\"https:\/\/ledsolintel.com\/product\/proyector-de-carril-alfa-32w-220-240v-45-de-beneito-faure\/\",\"url\":\"https:\/\/ledsolintel.com\/product\/proyector-de-carril-alfa-32w-220-240v-45-de-beneito-faure\/\",\"name\":\"ALFA ALUMINIUM 32W 220-240V 45\u00ba LED CREE de Beneito Faure\",\"isPartOf\":{\"@id\":\"https:\/\/ledsolintel.com\/#website\"},\"primaryImageOfPage\":{\"@id\":\"https:\/\/ledsolintel.com\/product\/proyector-de-carril-alfa-32w-220-240v-45-de-beneito-faure\/#primaryimage\"},\"image\":{\"@id\":\"https:\/\/ledsolintel.com\/product\/proyector-de-carril-alfa-32w-220-240v-45-de-beneito-faure\/#primaryimage\"},\"thumbnailUrl\":\"https:\/\/ledsolintel.com\/wp-content\/uploads\/2019\/06\/8882-Proyector-de-carril-ALFA-32W-220-240V-45o-de-Beneito-Faure.jpg\",\"datePublished\":\"2019-06-27T15:57:29+00:00\",\"description\":\"Proyector para carril ALFA 32W de Beneito Faure. Alta luminosidad en un \u00e1ngulo cerrado para iluminaci\u00f3n de detalles y \u00e1reas concretas.\",\"breadcrumb\":{\"@id\":\"https:\/\/ledsolintel.com\/product\/proyector-de-carril-alfa-32w-220-240v-45-de-beneito-faure\/#breadcrumb\"},\"inLanguage\":\"fr-FR\",\"potentialAction\":[{\"@type\":\"ReadAction\",\"target\":[\"https:\/\/ledsolintel.com\/product\/proyector-de-carril-alfa-32w-220-240v-45-de-beneito-faure\/\"]}]},{\"@type\":\"ImageObject\",\"inLanguage\":\"fr-FR\",\"@id\":\"https:\/\/ledsolintel.com\/product\/proyector-de-carril-alfa-32w-220-240v-45-de-beneito-faure\/#primaryimage\",\"url\":\"https:\/\/ledsolintel.com\/wp-content\/uploads\/2019\/06\/8882-Proyector-de-carril-ALFA-32W-220-240V-45o-de-Beneito-Faure.jpg\",\"contentUrl\":\"https:\/\/ledsolintel.com\/wp-content\/uploads\/2019\/06\/8882-Proyector-de-carril-ALFA-32W-220-240V-45o-de-Beneito-Faure.jpg\",\"caption\":\"Proyector de carril ALFA 32W 220-240V 45\u00ba de Beneito Faure\"},{\"@type\":\"BreadcrumbList\",\"@id\":\"https:\/\/ledsolintel.com\/product\/proyector-de-carril-alfa-32w-220-240v-45-de-beneito-faure\/#breadcrumb\",\"itemListElement\":[{\"@type\":\"ListItem\",\"position\":1,\"name\":\"Portada\",\"item\":\"https:\/\/ledsolintel.com\/fr\/\"},{\"@type\":\"ListItem\",\"position\":2,\"name\":\"Tienda\",\"item\":\"https:\/\/ledsolintel.com\/tienda\/\"},{\"@type\":\"ListItem\",\"position\":3,\"name\":\"ALFA 32W de Beneito Faure\"}]},{\"@type\":\"WebSite\",\"@id\":\"https:\/\/ledsolintel.com\/#website\",\"url\":\"https:\/\/ledsolintel.com\/\",\"name\":\"Webmenaje\",\"description\":\"Tienda de bombillas y l\u00e1mparas LED para profesionales\",\"publisher\":{\"@id\":\"https:\/\/ledsolintel.com\/#organization\"},\"potentialAction\":[{\"@type\":\"SearchAction\",\"target\":{\"@type\":\"EntryPoint\",\"urlTemplate\":\"https:\/\/ledsolintel.com\/?s={search_term_string}\"},\"query-input\":{\"@type\":\"PropertyValueSpecification\",\"valueRequired\":true,\"valueName\":\"search_term_string\"}}],\"inLanguage\":\"fr-FR\"},{\"@type\":\"Organization\",\"@id\":\"https:\/\/ledsolintel.com\/#organization\",\"name\":\"Solintel Noroeste, S.L.\",\"url\":\"https:\/\/ledsolintel.com\/\",\"logo\":{\"@type\":\"ImageObject\",\"inLanguage\":\"fr-FR\",\"@id\":\"https:\/\/ledsolintel.com\/#\/schema\/logo\/image\/\",\"url\":\"https:\/\/ledsolintel.com\/wp-content\/uploads\/2024\/11\/webmenaje-logo-1508269066.jpg\",\"contentUrl\":\"https:\/\/ledsolintel.com\/wp-content\/uploads\/2024\/11\/webmenaje-logo-1508269066.jpg\",\"width\":370,\"height\":90,\"caption\":\"Solintel Noroeste, S.L.\"},\"image\":{\"@id\":\"https:\/\/ledsolintel.com\/#\/schema\/logo\/image\/\"},\"sameAs\":[\"http:\/\/www.facebook.com\/webmenaje\",\"https:\/\/x.com\/webmenaje\",\"https:\/\/www.youtube.com\/channel\/UCX2KoVoeCG4LocZjUc6LmSQ\",\"http:\/\/www.pinterest.com\/webmenaje\"]}]}<\/script>\n<!-- \/ Yoast SEO plugin. -->","yoast_head_json":{"title":"ALFA ALUMINIUM 32W 220-240V 45\u00ba LED CREE de Beneito Faure","description":"Proyector para carril ALFA 32W de Beneito Faure. Alta luminosidad en un \u00e1ngulo cerrado para iluminaci\u00f3n de detalles y \u00e1reas concretas.","robots":{"index":"index","follow":"follow","max-snippet":"max-snippet:-1","max-image-preview":"max-image-preview:large","max-video-preview":"max-video-preview:-1"},"canonical":"https:\/\/ledsolintel.com\/fr\/produit-2\/proyector-de-carril-alfa-32w-220-240v-45-de-beneito-faure\/","og_locale":"fr_FR","og_type":"article","og_title":"ALFA ALUMINIUM 32W 220-240V 45\u00ba LED CREE de Beneito Faure","og_description":"Proyector para carril ALFA 32W de Beneito Faure. Alta luminosidad en un \u00e1ngulo cerrado para iluminaci\u00f3n de detalles y \u00e1reas concretas.","og_url":"https:\/\/ledsolintel.com\/fr\/produit-2\/proyector-de-carril-alfa-32w-220-240v-45-de-beneito-faure\/","og_site_name":"Ledsolintel","article_publisher":"http:\/\/www.facebook.com\/webmenaje","og_image":[{"url":"https:\/\/ledsolintel.com\/wp-content\/uploads\/2019\/06\/8882-Proyector-de-carril-ALFA-32W-220-240V-45o-de-Beneito-Faure.jpg","width":1,"height":1,"type":"image\/jpeg"}],"twitter_card":"summary_large_image","twitter_site":"@webmenaje","schema":{"@context":"https:\/\/schema.org","@graph":[{"@type":"WebPage","@id":"https:\/\/ledsolintel.com\/product\/proyector-de-carril-alfa-32w-220-240v-45-de-beneito-faure\/","url":"https:\/\/ledsolintel.com\/product\/proyector-de-carril-alfa-32w-220-240v-45-de-beneito-faure\/","name":"ALFA ALUMINIUM 32W 220-240V 45\u00ba LED CREE de Beneito Faure","isPartOf":{"@id":"https:\/\/ledsolintel.com\/#website"},"primaryImageOfPage":{"@id":"https:\/\/ledsolintel.com\/product\/proyector-de-carril-alfa-32w-220-240v-45-de-beneito-faure\/#primaryimage"},"image":{"@id":"https:\/\/ledsolintel.com\/product\/proyector-de-carril-alfa-32w-220-240v-45-de-beneito-faure\/#primaryimage"},"thumbnailUrl":"https:\/\/ledsolintel.com\/wp-content\/uploads\/2019\/06\/8882-Proyector-de-carril-ALFA-32W-220-240V-45o-de-Beneito-Faure.jpg","datePublished":"2019-06-27T15:57:29+00:00","description":"Proyector para carril ALFA 32W de Beneito Faure. Alta luminosidad en un \u00e1ngulo cerrado para iluminaci\u00f3n de detalles y \u00e1reas concretas.","breadcrumb":{"@id":"https:\/\/ledsolintel.com\/product\/proyector-de-carril-alfa-32w-220-240v-45-de-beneito-faure\/#breadcrumb"},"inLanguage":"fr-FR","potentialAction":[{"@type":"ReadAction","target":["https:\/\/ledsolintel.com\/product\/proyector-de-carril-alfa-32w-220-240v-45-de-beneito-faure\/"]}]},{"@type":"ImageObject","inLanguage":"fr-FR","@id":"https:\/\/ledsolintel.com\/product\/proyector-de-carril-alfa-32w-220-240v-45-de-beneito-faure\/#primaryimage","url":"https:\/\/ledsolintel.com\/wp-content\/uploads\/2019\/06\/8882-Proyector-de-carril-ALFA-32W-220-240V-45o-de-Beneito-Faure.jpg","contentUrl":"https:\/\/ledsolintel.com\/wp-content\/uploads\/2019\/06\/8882-Proyector-de-carril-ALFA-32W-220-240V-45o-de-Beneito-Faure.jpg","caption":"Proyector de carril ALFA 32W 220-240V 45\u00ba de Beneito Faure"},{"@type":"BreadcrumbList","@id":"https:\/\/ledsolintel.com\/product\/proyector-de-carril-alfa-32w-220-240v-45-de-beneito-faure\/#breadcrumb","itemListElement":[{"@type":"ListItem","position":1,"name":"Portada","item":"https:\/\/ledsolintel.com\/fr\/"},{"@type":"ListItem","position":2,"name":"Tienda","item":"https:\/\/ledsolintel.com\/tienda\/"},{"@type":"ListItem","position":3,"name":"ALFA 32W de Beneito Faure"}]},{"@type":"WebSite","@id":"https:\/\/ledsolintel.com\/#website","url":"https:\/\/ledsolintel.com\/","name":"Webmenaje","description":"Magasin d'ampoules et de lampes LED pour les professionnels","publisher":{"@id":"https:\/\/ledsolintel.com\/#organization"},"potentialAction":[{"@type":"SearchAction","target":{"@type":"EntryPoint","urlTemplate":"https:\/\/ledsolintel.com\/?s={search_term_string}"},"query-input":{"@type":"PropertyValueSpecification","valueRequired":true,"valueName":"search_term_string"}}],"inLanguage":"fr-FR"},{"@type":"Organization","@id":"https:\/\/ledsolintel.com\/#organization","name":"Solintel Noroeste, S.L.","url":"https:\/\/ledsolintel.com\/","logo":{"@type":"ImageObject","inLanguage":"fr-FR","@id":"https:\/\/ledsolintel.com\/#\/schema\/logo\/image\/","url":"https:\/\/ledsolintel.com\/wp-content\/uploads\/2024\/11\/webmenaje-logo-1508269066.jpg","contentUrl":"https:\/\/ledsolintel.com\/wp-content\/uploads\/2024\/11\/webmenaje-logo-1508269066.jpg","width":370,"height":90,"caption":"Solintel Noroeste, S.L."},"image":{"@id":"https:\/\/ledsolintel.com\/#\/schema\/logo\/image\/"},"sameAs":["http:\/\/www.facebook.com\/webmenaje","https:\/\/x.com\/webmenaje","https:\/\/www.youtube.com\/channel\/UCX2KoVoeCG4LocZjUc6LmSQ","http:\/\/www.pinterest.com\/webmenaje"]}]}},"_links":{"self":[{"href":"https:\/\/ledsolintel.com\/fr\/wp-json\/wp\/v2\/product\/242837","targetHints":{"allow":["GET"]}}],"collection":[{"href":"https:\/\/ledsolintel.com\/fr\/wp-json\/wp\/v2\/product"}],"about":[{"href":"https:\/\/ledsolintel.com\/fr\/wp-json\/wp\/v2\/types\/product"}],"version-history":[{"count":0,"href":"https:\/\/ledsolintel.com\/fr\/wp-json\/wp\/v2\/product\/242837\/revisions"}],"wp:featuredmedia":[{"embeddable":true,"href":"https:\/\/ledsolintel.com\/fr\/wp-json\/wp\/v2\/media\/242835"}],"wp:attachment":[{"href":"https:\/\/ledsolintel.com\/fr\/wp-json\/wp\/v2\/media?parent=242837"}],"wp:term":[{"taxonomy":"product_brand","embeddable":true,"href":"https:\/\/ledsolintel.com\/fr\/wp-json\/wp\/v2\/product_brand?post=242837"},{"taxonomy":"product_cat","embeddable":true,"href":"https:\/\/ledsolintel.com\/fr\/wp-json\/wp\/v2\/product_cat?post=242837"},{"taxonomy":"product_tag","embeddable":true,"href":"https:\/\/ledsolintel.com\/fr\/wp-json\/wp\/v2\/product_tag?post=242837"}],"curies":[{"name":"wp","href":"https:\/\/api.w.org\/{rel}","templated":true}]}}