{"id":242769,"date":"2019-06-18T13:49:58","date_gmt":"2019-06-18T11:49:58","guid":{"rendered":"https:\/\/nueva.ledsolintel.com\/product\/proyector-led-f-80w-de-roblan\/"},"modified":"2019-06-18T13:49:58","modified_gmt":"2019-06-18T11:49:58","slug":"proyector-led-f-80w-de-roblan","status":"publish","type":"product","link":"https:\/\/ledsolintel.com\/fr\/produit-2\/proyector-led-f-80w-de-roblan\/","title":{"rendered":"Projecteur \u00e0 LED Roblan F 80W"},"content":{"rendered":"<h1>Projecteur \u00e0 LED Roblan F 80W<\/h1>\n<p>\u00a0<\/p>\n<h3>Caract\u00e9ristiques<\/h3>\n<ul>\n<li>Puissance : 80 W<\/li>\n<li>Tension : 200-240 V<\/li>\n<li>Corriente:\u00a00.31 A<\/li>\n<li>Luminosidad:\u00a010400 l\u00famenes<\/li>\n<li>Temp\u00e9rature de couleur :<\/li>\n<ul>\n<li>Blanc chaud 3000 K<\/li>\n<li>Blanc naturel 4000 K<\/li>\n<li>Blanc froid 6500 K<\/li>\n<\/ul>\n<li>Optique : 120\u00ba.<\/li>\n<li>IRC &gt; 70<\/li>\n<li>Protection IP65<\/li>\n<li>Facteur de puissance &gt; 0,9<\/li>\n<li>Dur\u00e9e de vie : 50 000 heures<\/li>\n<\/ul>","protected":false},"excerpt":{"rendered":"<p>La gamme LED F de Roblan offre des projecteurs de haute qualit\u00e9 \u00e0 faible co\u00fbt. Il s'agit d'un \u00e9clairage \u00e9conomique adapt\u00e9 \u00e0 une utilisation r\u00e9guli\u00e8re et non sp\u00e9cialis\u00e9e, id\u00e9al pour l'\u00e9clairage des jardins et autres espaces ext\u00e9rieurs.<\/p>\n<p>Disponible en 3 tonos de luz. 80W.<\/p>","protected":false},"featured_media":242768,"template":"","meta":[],"product_brand":[99355],"product_cat":[99575,99691],"product_tag":[],"class_list":{"0":"post-242769","1":"product","2":"type-product","3":"status-publish","4":"has-post-thumbnail","6":"product_brand-roblan","7":"product_cat-iluminacion-para-jardines-y-exteriores","8":"product_cat-proyectores-para-exterior-y-transporte","9":"pa_cct-calido3000k","10":"pa_cct-frio6000k","11":"pa_cct-natural4000k","14":"instock","15":"taxable","16":"shipping-taxable","17":"purchasable","18":"product-type-variable","19":"has-default-attributes"},"yoast_head":"<!-- This site is optimized with the Yoast SEO plugin v26.6 - https:\/\/yoast.com\/wordpress\/plugins\/seo\/ -->\n<title>Proyector LED F 80W de Roblan<\/title>\n<meta name=\"description\" content=\"La gama LED F de Roblan ofrece proyectores de alta calidad y bajo coste. Uso habitual y no especializado, alumbrado de jardines y exteriores\" \/>\n<meta name=\"robots\" content=\"index, follow, max-snippet:-1, max-image-preview:large, max-video-preview:-1\" \/>\n<link rel=\"canonical\" href=\"https:\/\/ledsolintel.com\/fr\/produit-2\/proyector-led-f-80w-de-roblan\/\" \/>\n<meta property=\"og:locale\" content=\"fr_FR\" \/>\n<meta property=\"og:type\" content=\"article\" \/>\n<meta property=\"og:title\" content=\"Proyector LED F 80W de Roblan\" \/>\n<meta property=\"og:description\" content=\"La gama LED F de Roblan ofrece proyectores de alta calidad y bajo coste. Uso habitual y no especializado, alumbrado de jardines y exteriores\" \/>\n<meta property=\"og:url\" content=\"https:\/\/ledsolintel.com\/fr\/produit-2\/proyector-led-f-80w-de-roblan\/\" \/>\n<meta property=\"og:site_name\" content=\"Ledsolintel\" \/>\n<meta property=\"article:publisher\" content=\"http:\/\/www.facebook.com\/webmenaje\" \/>\n<meta property=\"og:image\" content=\"https:\/\/ledsolintel.com\/wp-content\/uploads\/2019\/06\/8758-Proyector-LED-F-80W-de-Roblan.jpg\" \/>\n\t<meta property=\"og:image:width\" content=\"1\" \/>\n\t<meta property=\"og:image:height\" content=\"1\" \/>\n\t<meta property=\"og:image:type\" content=\"image\/jpeg\" \/>\n<meta name=\"twitter:card\" content=\"summary_large_image\" \/>\n<meta name=\"twitter:site\" content=\"@webmenaje\" \/>\n<script type=\"application\/ld+json\" class=\"yoast-schema-graph\">{\"@context\":\"https:\/\/schema.org\",\"@graph\":[{\"@type\":\"WebPage\",\"@id\":\"https:\/\/ledsolintel.com\/product\/proyector-led-f-80w-de-roblan\/\",\"url\":\"https:\/\/ledsolintel.com\/product\/proyector-led-f-80w-de-roblan\/\",\"name\":\"Proyector LED F 80W de Roblan\",\"isPartOf\":{\"@id\":\"https:\/\/ledsolintel.com\/#website\"},\"primaryImageOfPage\":{\"@id\":\"https:\/\/ledsolintel.com\/product\/proyector-led-f-80w-de-roblan\/#primaryimage\"},\"image\":{\"@id\":\"https:\/\/ledsolintel.com\/product\/proyector-led-f-80w-de-roblan\/#primaryimage\"},\"thumbnailUrl\":\"https:\/\/ledsolintel.com\/wp-content\/uploads\/2019\/06\/8758-Proyector-LED-F-80W-de-Roblan.jpg\",\"datePublished\":\"2019-06-18T11:49:58+00:00\",\"description\":\"La gama LED F de Roblan ofrece proyectores de alta calidad y bajo coste. Uso habitual y no especializado, alumbrado de jardines y exteriores\",\"breadcrumb\":{\"@id\":\"https:\/\/ledsolintel.com\/product\/proyector-led-f-80w-de-roblan\/#breadcrumb\"},\"inLanguage\":\"fr-FR\",\"potentialAction\":[{\"@type\":\"ReadAction\",\"target\":[\"https:\/\/ledsolintel.com\/product\/proyector-led-f-80w-de-roblan\/\"]}]},{\"@type\":\"ImageObject\",\"inLanguage\":\"fr-FR\",\"@id\":\"https:\/\/ledsolintel.com\/product\/proyector-led-f-80w-de-roblan\/#primaryimage\",\"url\":\"https:\/\/ledsolintel.com\/wp-content\/uploads\/2019\/06\/8758-Proyector-LED-F-80W-de-Roblan.jpg\",\"contentUrl\":\"https:\/\/ledsolintel.com\/wp-content\/uploads\/2019\/06\/8758-Proyector-LED-F-80W-de-Roblan.jpg\",\"caption\":\"Proyector LED F 80W de Roblan\"},{\"@type\":\"BreadcrumbList\",\"@id\":\"https:\/\/ledsolintel.com\/product\/proyector-led-f-80w-de-roblan\/#breadcrumb\",\"itemListElement\":[{\"@type\":\"ListItem\",\"position\":1,\"name\":\"Portada\",\"item\":\"https:\/\/ledsolintel.com\/fr\/\"},{\"@type\":\"ListItem\",\"position\":2,\"name\":\"Tienda\",\"item\":\"https:\/\/ledsolintel.com\/tienda\/\"},{\"@type\":\"ListItem\",\"position\":3,\"name\":\"Proyector LED F 80W de Roblan\"}]},{\"@type\":\"WebSite\",\"@id\":\"https:\/\/ledsolintel.com\/#website\",\"url\":\"https:\/\/ledsolintel.com\/\",\"name\":\"Webmenaje\",\"description\":\"Tienda de bombillas y l\u00e1mparas LED para profesionales\",\"publisher\":{\"@id\":\"https:\/\/ledsolintel.com\/#organization\"},\"potentialAction\":[{\"@type\":\"SearchAction\",\"target\":{\"@type\":\"EntryPoint\",\"urlTemplate\":\"https:\/\/ledsolintel.com\/?s={search_term_string}\"},\"query-input\":{\"@type\":\"PropertyValueSpecification\",\"valueRequired\":true,\"valueName\":\"search_term_string\"}}],\"inLanguage\":\"fr-FR\"},{\"@type\":\"Organization\",\"@id\":\"https:\/\/ledsolintel.com\/#organization\",\"name\":\"Solintel Noroeste, S.L.\",\"url\":\"https:\/\/ledsolintel.com\/\",\"logo\":{\"@type\":\"ImageObject\",\"inLanguage\":\"fr-FR\",\"@id\":\"https:\/\/ledsolintel.com\/#\/schema\/logo\/image\/\",\"url\":\"https:\/\/ledsolintel.com\/wp-content\/uploads\/2024\/11\/webmenaje-logo-1508269066.jpg\",\"contentUrl\":\"https:\/\/ledsolintel.com\/wp-content\/uploads\/2024\/11\/webmenaje-logo-1508269066.jpg\",\"width\":370,\"height\":90,\"caption\":\"Solintel Noroeste, S.L.\"},\"image\":{\"@id\":\"https:\/\/ledsolintel.com\/#\/schema\/logo\/image\/\"},\"sameAs\":[\"http:\/\/www.facebook.com\/webmenaje\",\"https:\/\/x.com\/webmenaje\",\"https:\/\/www.youtube.com\/channel\/UCX2KoVoeCG4LocZjUc6LmSQ\",\"http:\/\/www.pinterest.com\/webmenaje\"]}]}<\/script>\n<!-- \/ Yoast SEO plugin. -->","yoast_head_json":{"title":"Projecteur \u00e0 LED Roblan F 80W","description":"La gamme LED F de Roblan offre des projecteurs de haute qualit\u00e9 \u00e0 faible co\u00fbt. Pour un usage r\u00e9gulier et non sp\u00e9cialis\u00e9, pour l'\u00e9clairage du jardin et de l'ext\u00e9rieur.","robots":{"index":"index","follow":"follow","max-snippet":"max-snippet:-1","max-image-preview":"max-image-preview:large","max-video-preview":"max-video-preview:-1"},"canonical":"https:\/\/ledsolintel.com\/fr\/produit-2\/proyector-led-f-80w-de-roblan\/","og_locale":"fr_FR","og_type":"article","og_title":"Proyector LED F 80W de Roblan","og_description":"La gama LED F de Roblan ofrece proyectores de alta calidad y bajo coste. Uso habitual y no especializado, alumbrado de jardines y exteriores","og_url":"https:\/\/ledsolintel.com\/fr\/produit-2\/proyector-led-f-80w-de-roblan\/","og_site_name":"Ledsolintel","article_publisher":"http:\/\/www.facebook.com\/webmenaje","og_image":[{"url":"https:\/\/ledsolintel.com\/wp-content\/uploads\/2019\/06\/8758-Proyector-LED-F-80W-de-Roblan.jpg","width":1,"height":1,"type":"image\/jpeg"}],"twitter_card":"summary_large_image","twitter_site":"@webmenaje","schema":{"@context":"https:\/\/schema.org","@graph":[{"@type":"WebPage","@id":"https:\/\/ledsolintel.com\/product\/proyector-led-f-80w-de-roblan\/","url":"https:\/\/ledsolintel.com\/product\/proyector-led-f-80w-de-roblan\/","name":"Projecteur \u00e0 LED Roblan F 80W","isPartOf":{"@id":"https:\/\/ledsolintel.com\/#website"},"primaryImageOfPage":{"@id":"https:\/\/ledsolintel.com\/product\/proyector-led-f-80w-de-roblan\/#primaryimage"},"image":{"@id":"https:\/\/ledsolintel.com\/product\/proyector-led-f-80w-de-roblan\/#primaryimage"},"thumbnailUrl":"https:\/\/ledsolintel.com\/wp-content\/uploads\/2019\/06\/8758-Proyector-LED-F-80W-de-Roblan.jpg","datePublished":"2019-06-18T11:49:58+00:00","description":"La gamme LED F de Roblan offre des projecteurs de haute qualit\u00e9 \u00e0 faible co\u00fbt. Pour un usage r\u00e9gulier et non sp\u00e9cialis\u00e9, pour l'\u00e9clairage du jardin et de l'ext\u00e9rieur.","breadcrumb":{"@id":"https:\/\/ledsolintel.com\/product\/proyector-led-f-80w-de-roblan\/#breadcrumb"},"inLanguage":"fr-FR","potentialAction":[{"@type":"ReadAction","target":["https:\/\/ledsolintel.com\/product\/proyector-led-f-80w-de-roblan\/"]}]},{"@type":"ImageObject","inLanguage":"fr-FR","@id":"https:\/\/ledsolintel.com\/product\/proyector-led-f-80w-de-roblan\/#primaryimage","url":"https:\/\/ledsolintel.com\/wp-content\/uploads\/2019\/06\/8758-Proyector-LED-F-80W-de-Roblan.jpg","contentUrl":"https:\/\/ledsolintel.com\/wp-content\/uploads\/2019\/06\/8758-Proyector-LED-F-80W-de-Roblan.jpg","caption":"Proyector LED F 80W de Roblan"},{"@type":"BreadcrumbList","@id":"https:\/\/ledsolintel.com\/product\/proyector-led-f-80w-de-roblan\/#breadcrumb","itemListElement":[{"@type":"ListItem","position":1,"name":"Portada","item":"https:\/\/ledsolintel.com\/fr\/"},{"@type":"ListItem","position":2,"name":"Tienda","item":"https:\/\/ledsolintel.com\/tienda\/"},{"@type":"ListItem","position":3,"name":"Proyector LED F 80W de Roblan"}]},{"@type":"WebSite","@id":"https:\/\/ledsolintel.com\/#website","url":"https:\/\/ledsolintel.com\/","name":"Webmenaje","description":"Magasin d'ampoules et de lampes LED pour les professionnels","publisher":{"@id":"https:\/\/ledsolintel.com\/#organization"},"potentialAction":[{"@type":"SearchAction","target":{"@type":"EntryPoint","urlTemplate":"https:\/\/ledsolintel.com\/?s={search_term_string}"},"query-input":{"@type":"PropertyValueSpecification","valueRequired":true,"valueName":"search_term_string"}}],"inLanguage":"fr-FR"},{"@type":"Organization","@id":"https:\/\/ledsolintel.com\/#organization","name":"Solintel Noroeste, S.L.","url":"https:\/\/ledsolintel.com\/","logo":{"@type":"ImageObject","inLanguage":"fr-FR","@id":"https:\/\/ledsolintel.com\/#\/schema\/logo\/image\/","url":"https:\/\/ledsolintel.com\/wp-content\/uploads\/2024\/11\/webmenaje-logo-1508269066.jpg","contentUrl":"https:\/\/ledsolintel.com\/wp-content\/uploads\/2024\/11\/webmenaje-logo-1508269066.jpg","width":370,"height":90,"caption":"Solintel Noroeste, S.L."},"image":{"@id":"https:\/\/ledsolintel.com\/#\/schema\/logo\/image\/"},"sameAs":["http:\/\/www.facebook.com\/webmenaje","https:\/\/x.com\/webmenaje","https:\/\/www.youtube.com\/channel\/UCX2KoVoeCG4LocZjUc6LmSQ","http:\/\/www.pinterest.com\/webmenaje"]}]}},"_links":{"self":[{"href":"https:\/\/ledsolintel.com\/fr\/wp-json\/wp\/v2\/product\/242769","targetHints":{"allow":["GET"]}}],"collection":[{"href":"https:\/\/ledsolintel.com\/fr\/wp-json\/wp\/v2\/product"}],"about":[{"href":"https:\/\/ledsolintel.com\/fr\/wp-json\/wp\/v2\/types\/product"}],"version-history":[{"count":0,"href":"https:\/\/ledsolintel.com\/fr\/wp-json\/wp\/v2\/product\/242769\/revisions"}],"wp:featuredmedia":[{"embeddable":true,"href":"https:\/\/ledsolintel.com\/fr\/wp-json\/wp\/v2\/media\/242768"}],"wp:attachment":[{"href":"https:\/\/ledsolintel.com\/fr\/wp-json\/wp\/v2\/media?parent=242769"}],"wp:term":[{"taxonomy":"product_brand","embeddable":true,"href":"https:\/\/ledsolintel.com\/fr\/wp-json\/wp\/v2\/product_brand?post=242769"},{"taxonomy":"product_cat","embeddable":true,"href":"https:\/\/ledsolintel.com\/fr\/wp-json\/wp\/v2\/product_cat?post=242769"},{"taxonomy":"product_tag","embeddable":true,"href":"https:\/\/ledsolintel.com\/fr\/wp-json\/wp\/v2\/product_tag?post=242769"}],"curies":[{"name":"wp","href":"https:\/\/api.w.org\/{rel}","templated":true}]}}