{"id":242709,"date":"2019-04-16T16:45:27","date_gmt":"2019-04-16T14:45:27","guid":{"rendered":"https:\/\/nueva.ledsolintel.com\/product\/downlight-cuadrado-6w12w18w30w-de-roblan\/"},"modified":"2019-04-16T16:45:27","modified_gmt":"2019-04-16T14:45:27","slug":"downlight-cuadrado-6w12w18w30w-de-roblan","status":"publish","type":"product","link":"https:\/\/ledsolintel.com\/fr\/produit-2\/downlight-cuadrado-6w12w18w30w-de-roblan\/","title":{"rendered":"Downlight LED carr\u00e9 ROBLAN"},"content":{"rendered":"<h1>Downlight carr\u00e9 6W\/12W\/18W\/30W de ROBLAN<\/h1>\n<\/p>\n<h3>Caract\u00e9ristiques :<\/h3>\n<\/p>\n<p><span style=\"text-decoration: underline;\">Downlight carr\u00e9 6W<\/span>:<\/p>\n<ul>\n<li>Puissance : 6 W<\/li>\n<li>Tension : 100-240 V<\/li>\n<li>Dimensions : 120\u00d732 mm<\/li>\n<li>Temp\u00e9rature de couleur :\n<ul>\n<li>Blanc chaud 3000K \u00a0 \u00a0<\/li>\n<li>Blanc naturel 4000K \u00a0 \u00a0<\/li>\n<li>Blanc froid 6500K<\/li>\n<\/ul>\n<\/li>\n<li>Flux lumineux : 410-420 lumens<\/li>\n<li>Angle d'ouverture : 120\u00ba Angle d'ouverture : 120\u00ba Angle d'ouverture : 120\u00ba Angle d'ouverture : 120\u00ba Angle d'ouverture : 120\u00ba Angle d'ouverture : 120<\/li>\n<li>Protection IP20<\/li>\n<li>C.R.I.&gt;80<\/li>\n<li>Facteur de puissance &gt;0,9<\/li>\n<\/ul>\n<p><span style=\"text-decoration: underline;\"><span>Downlight carr\u00e9 12W<\/span><\/span>:<\/p>\n<ul>\n<li>Puissance : 12 W<\/li>\n<li>Tension : 100-240 V<\/li>\n<li>Dimensions : 170\u00d732 mm<\/li>\n<li>Temp\u00e9rature de couleur :\n<ul>\n<li>Blanc chaud 3000K \u00a0 \u00a0<\/li>\n<li>Blanc naturel 4000K \u00a0 \u00a0<\/li>\n<li>Blanc froid 6500K<\/li>\n<\/ul>\n<\/li>\n<li>Flux lumineux : 780-820 lumens<\/li>\n<li>Angle d'ouverture : 120\u00ba Angle d'ouverture : 120\u00ba Angle d'ouverture : 120\u00ba Angle d'ouverture : 120\u00ba Angle d'ouverture : 120\u00ba Angle d'ouverture : 120<\/li>\n<li>Protection IP20<\/li>\n<li>C.R.I.&gt;80<\/li>\n<li>Facteur de puissance &gt;0,9<\/li>\n<\/ul>\n<p><span style=\"text-decoration: underline;\"><span><span>Downlight carr\u00e9 18W<\/span><\/span><\/span>:<\/p>\n<ul>\n<li>Puissance : 18 W<\/li>\n<li>Tension : 100-240 V<\/li>\n<li>Dimensions : 220\u00d732 mm<\/li>\n<li>Temp\u00e9rature de couleur :\n<ul>\n<li>Blanc chaud 3000K \u00a0 \u00a0<\/li>\n<li>Blanc naturel 4000K \u00a0 \u00a0<\/li>\n<li>Blanc froid 6500K<\/li>\n<\/ul>\n<\/li>\n<li>Flux lumineux : 1250-1350 lumens<\/li>\n<li>Angle d'ouverture : 120\u00ba Angle d'ouverture : 120\u00ba Angle d'ouverture : 120\u00ba Angle d'ouverture : 120\u00ba Angle d'ouverture : 120\u00ba Angle d'ouverture : 120<\/li>\n<li>Protection IP20<\/li>\n<li>C.R.I.&gt;80<\/li>\n<li>Facteur de puissance &gt;0,9<\/li>\n<\/ul>","protected":false},"excerpt":{"rendered":"<p>Gamme de base de downlights Roblan \u00e0 LED. Disponibles dans des puissances de 6 \u00e0 30W pour tous les besoins d'\u00e9clairage.<\/p><\/p>","protected":false},"featured_media":242708,"template":"","meta":[],"product_brand":[99355],"product_cat":[99909],"product_tag":[],"class_list":{"0":"post-242709","1":"product","2":"type-product","3":"status-publish","4":"has-post-thumbnail","6":"product_brand-roblan","7":"product_cat-plafones-de-superficie","8":"pa_cct-3000k","9":"pa_cct-4000k","10":"pa_cct-6500k","11":"pa_cct-6000k","12":"pa_potencia-6w","13":"pa_potencia-12w","14":"pa_potencia-18w","17":"instock","18":"taxable","19":"shipping-taxable","20":"purchasable","21":"product-type-variable","22":"has-default-attributes"},"yoast_head":"<!-- This site is optimized with the Yoast SEO plugin v26.6 - https:\/\/yoast.com\/wordpress\/plugins\/seo\/ -->\n<title>Downlight cuadrado 6W\/12W\/18W\/30W de ROBLAN<\/title>\n<meta name=\"description\" content=\"Gama b\u00e1sica de los downlights de superficie LED de Roblan. Disponibles en potencias entre 6 y 30W para todas las necesidades de iluminaci\u00f3n.\" \/>\n<meta name=\"robots\" content=\"index, follow, max-snippet:-1, max-image-preview:large, max-video-preview:-1\" \/>\n<link rel=\"canonical\" href=\"https:\/\/ledsolintel.com\/fr\/produit-2\/downlight-cuadrado-6w12w18w30w-de-roblan\/\" \/>\n<meta property=\"og:locale\" content=\"fr_FR\" \/>\n<meta property=\"og:type\" content=\"article\" \/>\n<meta property=\"og:title\" content=\"Downlight cuadrado 6W\/12W\/18W\/30W de ROBLAN\" \/>\n<meta property=\"og:description\" content=\"Gama b\u00e1sica de los downlights de superficie LED de Roblan. Disponibles en potencias entre 6 y 30W para todas las necesidades de iluminaci\u00f3n.\" \/>\n<meta property=\"og:url\" content=\"https:\/\/ledsolintel.com\/fr\/produit-2\/downlight-cuadrado-6w12w18w30w-de-roblan\/\" \/>\n<meta property=\"og:site_name\" content=\"Ledsolintel\" \/>\n<meta property=\"article:publisher\" content=\"http:\/\/www.facebook.com\/webmenaje\" \/>\n<meta property=\"og:image\" content=\"https:\/\/ledsolintel.com\/wp-content\/uploads\/2019\/04\/8571-Downlight-cuadrado-6W12W18W30W-de-ROBLAN.jpg\" \/>\n\t<meta property=\"og:image:width\" content=\"1\" \/>\n\t<meta property=\"og:image:height\" content=\"1\" \/>\n\t<meta property=\"og:image:type\" content=\"image\/jpeg\" \/>\n<meta name=\"twitter:card\" content=\"summary_large_image\" \/>\n<meta name=\"twitter:site\" content=\"@webmenaje\" \/>\n<meta name=\"twitter:label1\" content=\"Dur\u00e9e de lecture estim\u00e9e\" \/>\n\t<meta name=\"twitter:data1\" content=\"1 minute\" \/>\n<script type=\"application\/ld+json\" class=\"yoast-schema-graph\">{\"@context\":\"https:\/\/schema.org\",\"@graph\":[{\"@type\":\"WebPage\",\"@id\":\"https:\/\/ledsolintel.com\/fr\/product\/downlight-cuadrado-6w12w18w30w-de-roblan\/\",\"url\":\"https:\/\/ledsolintel.com\/fr\/product\/downlight-cuadrado-6w12w18w30w-de-roblan\/\",\"name\":\"Downlight cuadrado 6W\/12W\/18W\/30W de ROBLAN\",\"isPartOf\":{\"@id\":\"https:\/\/ledsolintel.com\/#website\"},\"primaryImageOfPage\":{\"@id\":\"https:\/\/ledsolintel.com\/fr\/product\/downlight-cuadrado-6w12w18w30w-de-roblan\/#primaryimage\"},\"image\":{\"@id\":\"https:\/\/ledsolintel.com\/fr\/product\/downlight-cuadrado-6w12w18w30w-de-roblan\/#primaryimage\"},\"thumbnailUrl\":\"https:\/\/ledsolintel.com\/wp-content\/uploads\/2019\/04\/8571-Downlight-cuadrado-6W12W18W30W-de-ROBLAN.jpg\",\"datePublished\":\"2019-04-16T14:45:27+00:00\",\"description\":\"Gama b\u00e1sica de los downlights de superficie LED de Roblan. Disponibles en potencias entre 6 y 30W para todas las necesidades de iluminaci\u00f3n.\",\"breadcrumb\":{\"@id\":\"https:\/\/ledsolintel.com\/fr\/product\/downlight-cuadrado-6w12w18w30w-de-roblan\/#breadcrumb\"},\"inLanguage\":\"fr-FR\",\"potentialAction\":[{\"@type\":\"ReadAction\",\"target\":[\"https:\/\/ledsolintel.com\/fr\/product\/downlight-cuadrado-6w12w18w30w-de-roblan\/\"]}]},{\"@type\":\"ImageObject\",\"inLanguage\":\"fr-FR\",\"@id\":\"https:\/\/ledsolintel.com\/fr\/product\/downlight-cuadrado-6w12w18w30w-de-roblan\/#primaryimage\",\"url\":\"https:\/\/ledsolintel.com\/wp-content\/uploads\/2019\/04\/8571-Downlight-cuadrado-6W12W18W30W-de-ROBLAN.jpg\",\"contentUrl\":\"https:\/\/ledsolintel.com\/wp-content\/uploads\/2019\/04\/8571-Downlight-cuadrado-6W12W18W30W-de-ROBLAN.jpg\",\"caption\":\"Downlight cuadrado 6W\/12W\/18W\/30W de ROBLAN\"},{\"@type\":\"BreadcrumbList\",\"@id\":\"https:\/\/ledsolintel.com\/fr\/product\/downlight-cuadrado-6w12w18w30w-de-roblan\/#breadcrumb\",\"itemListElement\":[{\"@type\":\"ListItem\",\"position\":1,\"name\":\"Portada\",\"item\":\"https:\/\/ledsolintel.com\/fr\/\"},{\"@type\":\"ListItem\",\"position\":2,\"name\":\"Tienda\",\"item\":\"https:\/\/ledsolintel.com\/tienda\/\"},{\"@type\":\"ListItem\",\"position\":3,\"name\":\"Downlight LED cuadrado de ROBLAN\"}]},{\"@type\":\"WebSite\",\"@id\":\"https:\/\/ledsolintel.com\/#website\",\"url\":\"https:\/\/ledsolintel.com\/\",\"name\":\"Webmenaje\",\"description\":\"Tienda de bombillas y l\u00e1mparas LED para profesionales\",\"publisher\":{\"@id\":\"https:\/\/ledsolintel.com\/#organization\"},\"potentialAction\":[{\"@type\":\"SearchAction\",\"target\":{\"@type\":\"EntryPoint\",\"urlTemplate\":\"https:\/\/ledsolintel.com\/?s={search_term_string}\"},\"query-input\":{\"@type\":\"PropertyValueSpecification\",\"valueRequired\":true,\"valueName\":\"search_term_string\"}}],\"inLanguage\":\"fr-FR\"},{\"@type\":\"Organization\",\"@id\":\"https:\/\/ledsolintel.com\/#organization\",\"name\":\"Solintel Noroeste, S.L.\",\"url\":\"https:\/\/ledsolintel.com\/\",\"logo\":{\"@type\":\"ImageObject\",\"inLanguage\":\"fr-FR\",\"@id\":\"https:\/\/ledsolintel.com\/#\/schema\/logo\/image\/\",\"url\":\"https:\/\/ledsolintel.com\/wp-content\/uploads\/2024\/11\/webmenaje-logo-1508269066.jpg\",\"contentUrl\":\"https:\/\/ledsolintel.com\/wp-content\/uploads\/2024\/11\/webmenaje-logo-1508269066.jpg\",\"width\":370,\"height\":90,\"caption\":\"Solintel Noroeste, S.L.\"},\"image\":{\"@id\":\"https:\/\/ledsolintel.com\/#\/schema\/logo\/image\/\"},\"sameAs\":[\"http:\/\/www.facebook.com\/webmenaje\",\"https:\/\/x.com\/webmenaje\",\"https:\/\/www.youtube.com\/channel\/UCX2KoVoeCG4LocZjUc6LmSQ\",\"http:\/\/www.pinterest.com\/webmenaje\"]}]}<\/script>\n<!-- \/ Yoast SEO plugin. -->","yoast_head_json":{"title":"Downlight carr\u00e9 6W\/12W\/18W\/30W de ROBLAN","description":"Gama b\u00e1sica de los downlights de superficie LED de Roblan. Disponibles en potencias entre 6 y 30W para todas las necesidades de iluminaci\u00f3n.","robots":{"index":"index","follow":"follow","max-snippet":"max-snippet:-1","max-image-preview":"max-image-preview:large","max-video-preview":"max-video-preview:-1"},"canonical":"https:\/\/ledsolintel.com\/fr\/produit-2\/downlight-cuadrado-6w12w18w30w-de-roblan\/","og_locale":"fr_FR","og_type":"article","og_title":"Downlight cuadrado 6W\/12W\/18W\/30W de ROBLAN","og_description":"Gama b\u00e1sica de los downlights de superficie LED de Roblan. Disponibles en potencias entre 6 y 30W para todas las necesidades de iluminaci\u00f3n.","og_url":"https:\/\/ledsolintel.com\/fr\/produit-2\/downlight-cuadrado-6w12w18w30w-de-roblan\/","og_site_name":"Ledsolintel","article_publisher":"http:\/\/www.facebook.com\/webmenaje","og_image":[{"url":"https:\/\/ledsolintel.com\/wp-content\/uploads\/2019\/04\/8571-Downlight-cuadrado-6W12W18W30W-de-ROBLAN.jpg","width":1,"height":1,"type":"image\/jpeg"}],"twitter_card":"summary_large_image","twitter_site":"@webmenaje","twitter_misc":{"Dur\u00e9e de lecture estim\u00e9e":"1 minute"},"schema":{"@context":"https:\/\/schema.org","@graph":[{"@type":"WebPage","@id":"https:\/\/ledsolintel.com\/fr\/product\/downlight-cuadrado-6w12w18w30w-de-roblan\/","url":"https:\/\/ledsolintel.com\/fr\/product\/downlight-cuadrado-6w12w18w30w-de-roblan\/","name":"Downlight carr\u00e9 6W\/12W\/18W\/30W de ROBLAN","isPartOf":{"@id":"https:\/\/ledsolintel.com\/#website"},"primaryImageOfPage":{"@id":"https:\/\/ledsolintel.com\/fr\/product\/downlight-cuadrado-6w12w18w30w-de-roblan\/#primaryimage"},"image":{"@id":"https:\/\/ledsolintel.com\/fr\/product\/downlight-cuadrado-6w12w18w30w-de-roblan\/#primaryimage"},"thumbnailUrl":"https:\/\/ledsolintel.com\/wp-content\/uploads\/2019\/04\/8571-Downlight-cuadrado-6W12W18W30W-de-ROBLAN.jpg","datePublished":"2019-04-16T14:45:27+00:00","description":"Gama b\u00e1sica de los downlights de superficie LED de Roblan. Disponibles en potencias entre 6 y 30W para todas las necesidades de iluminaci\u00f3n.","breadcrumb":{"@id":"https:\/\/ledsolintel.com\/fr\/product\/downlight-cuadrado-6w12w18w30w-de-roblan\/#breadcrumb"},"inLanguage":"fr-FR","potentialAction":[{"@type":"ReadAction","target":["https:\/\/ledsolintel.com\/fr\/product\/downlight-cuadrado-6w12w18w30w-de-roblan\/"]}]},{"@type":"ImageObject","inLanguage":"fr-FR","@id":"https:\/\/ledsolintel.com\/fr\/product\/downlight-cuadrado-6w12w18w30w-de-roblan\/#primaryimage","url":"https:\/\/ledsolintel.com\/wp-content\/uploads\/2019\/04\/8571-Downlight-cuadrado-6W12W18W30W-de-ROBLAN.jpg","contentUrl":"https:\/\/ledsolintel.com\/wp-content\/uploads\/2019\/04\/8571-Downlight-cuadrado-6W12W18W30W-de-ROBLAN.jpg","caption":"Downlight cuadrado 6W\/12W\/18W\/30W de ROBLAN"},{"@type":"BreadcrumbList","@id":"https:\/\/ledsolintel.com\/fr\/product\/downlight-cuadrado-6w12w18w30w-de-roblan\/#breadcrumb","itemListElement":[{"@type":"ListItem","position":1,"name":"Portada","item":"https:\/\/ledsolintel.com\/fr\/"},{"@type":"ListItem","position":2,"name":"Tienda","item":"https:\/\/ledsolintel.com\/tienda\/"},{"@type":"ListItem","position":3,"name":"Downlight LED cuadrado de ROBLAN"}]},{"@type":"WebSite","@id":"https:\/\/ledsolintel.com\/#website","url":"https:\/\/ledsolintel.com\/","name":"Webmenaje","description":"Magasin d'ampoules et de lampes LED pour les professionnels","publisher":{"@id":"https:\/\/ledsolintel.com\/#organization"},"potentialAction":[{"@type":"SearchAction","target":{"@type":"EntryPoint","urlTemplate":"https:\/\/ledsolintel.com\/?s={search_term_string}"},"query-input":{"@type":"PropertyValueSpecification","valueRequired":true,"valueName":"search_term_string"}}],"inLanguage":"fr-FR"},{"@type":"Organization","@id":"https:\/\/ledsolintel.com\/#organization","name":"Solintel Noroeste, S.L.","url":"https:\/\/ledsolintel.com\/","logo":{"@type":"ImageObject","inLanguage":"fr-FR","@id":"https:\/\/ledsolintel.com\/#\/schema\/logo\/image\/","url":"https:\/\/ledsolintel.com\/wp-content\/uploads\/2024\/11\/webmenaje-logo-1508269066.jpg","contentUrl":"https:\/\/ledsolintel.com\/wp-content\/uploads\/2024\/11\/webmenaje-logo-1508269066.jpg","width":370,"height":90,"caption":"Solintel Noroeste, S.L."},"image":{"@id":"https:\/\/ledsolintel.com\/#\/schema\/logo\/image\/"},"sameAs":["http:\/\/www.facebook.com\/webmenaje","https:\/\/x.com\/webmenaje","https:\/\/www.youtube.com\/channel\/UCX2KoVoeCG4LocZjUc6LmSQ","http:\/\/www.pinterest.com\/webmenaje"]}]}},"_links":{"self":[{"href":"https:\/\/ledsolintel.com\/fr\/wp-json\/wp\/v2\/product\/242709","targetHints":{"allow":["GET"]}}],"collection":[{"href":"https:\/\/ledsolintel.com\/fr\/wp-json\/wp\/v2\/product"}],"about":[{"href":"https:\/\/ledsolintel.com\/fr\/wp-json\/wp\/v2\/types\/product"}],"version-history":[{"count":0,"href":"https:\/\/ledsolintel.com\/fr\/wp-json\/wp\/v2\/product\/242709\/revisions"}],"wp:featuredmedia":[{"embeddable":true,"href":"https:\/\/ledsolintel.com\/fr\/wp-json\/wp\/v2\/media\/242708"}],"wp:attachment":[{"href":"https:\/\/ledsolintel.com\/fr\/wp-json\/wp\/v2\/media?parent=242709"}],"wp:term":[{"taxonomy":"product_brand","embeddable":true,"href":"https:\/\/ledsolintel.com\/fr\/wp-json\/wp\/v2\/product_brand?post=242709"},{"taxonomy":"product_cat","embeddable":true,"href":"https:\/\/ledsolintel.com\/fr\/wp-json\/wp\/v2\/product_cat?post=242709"},{"taxonomy":"product_tag","embeddable":true,"href":"https:\/\/ledsolintel.com\/fr\/wp-json\/wp\/v2\/product_tag?post=242709"}],"curies":[{"name":"wp","href":"https:\/\/api.w.org\/{rel}","templated":true}]}}