{"id":242704,"date":"2019-04-16T14:21:24","date_gmt":"2019-04-16T12:21:24","guid":{"rendered":"https:\/\/nueva.ledsolintel.com\/product\/downlight-sin-marco-36w-de-roblan\/"},"modified":"2019-04-16T14:21:24","modified_gmt":"2019-04-16T12:21:24","slug":"roblan-downlight-sans-cadre-36w","status":"publish","type":"product","link":"https:\/\/ledsolintel.com\/fr\/produit-2\/roblan-downlight-sans-cadre-36w\/","title":{"rendered":"Roblan downlight LED sans cadre 36W"},"content":{"rendered":"<h1>Downlight rond sans cadre 36W de Roblan<\/h1>\n<h1><\/h1>\n<h3>Caract\u00e9ristiques :<\/h3>\n<ul>\n<li>Puissance : 36 W<\/li>\n<li>Tension : 100-240 V<\/li>\n<li>Luminosit\u00e9 : 3200 lumens<\/li>\n<li>Optique : 120\u00ba.<\/li>\n<li>Temp\u00e9rature Couleur :<\/li>\n<ul>\n<li>Blanc chaud 3000K<\/li>\n<li>Blanc naturel 4000K<\/li>\n<li>Blanc chaud 6500K<\/li>\n<\/ul>\n<li>Mesures :\u00a0\n<ul>\n<li>Diam\u00e8tre : 220 mm<\/li>\n<li>Hauteur : 31 mm<\/li>\n<li>Dimension de coupe : 200 mm<\/li>\n<\/ul>\n<\/li>\n<li>Dur\u00e9e de vie : 25 000 heures<\/li>\n<li>Protection IP20<\/li>\n<li>C.R.I. &gt; 80<\/li>\n<li>Facteur de puissance &gt; 0,9<\/li>\n<li>UGR &lt; 19<\/li>\n<\/ul>","protected":false},"excerpt":{"rendered":"<p>Roblan downlight rond sans cadre. 36W. Haute efficacit\u00e9 \u00e9nerg\u00e9tique pour l'\u00e9clairage g\u00e9n\u00e9ral d'int\u00e9rieur.\u00a0<\/p>\n<p>Disponible en trois teintes de blanc.<\/p>","protected":false},"featured_media":242703,"template":"","meta":[],"product_brand":[99355],"product_cat":[99697,99573],"product_tag":[],"class_list":{"0":"post-242704","1":"product","2":"type-product","3":"status-publish","4":"has-post-thumbnail","6":"product_brand-roblan","7":"product_cat-downlights-de-empotrar","8":"product_cat-iluminacion-interior","9":"pa_cct-3000k","10":"pa_cct-4000k","11":"pa_cct-6500k","14":"instock","15":"taxable","16":"shipping-taxable","17":"purchasable","18":"product-type-variable","19":"has-default-attributes"},"yoast_head":"<!-- This site is optimized with the Yoast SEO plugin v26.6 - https:\/\/yoast.com\/wordpress\/plugins\/seo\/ -->\n<title>Downlight SIN MARCO 36W de Roblan<\/title>\n<meta name=\"description\" content=\"Downlight redondo sin marco de Roblan. 36W. Alta eficiencia energ\u00e9tica para una iluminaci\u00f3n general en interiores. Disponible en tres tonos de blanco.\" \/>\n<meta name=\"robots\" content=\"index, follow, max-snippet:-1, max-image-preview:large, max-video-preview:-1\" \/>\n<link rel=\"canonical\" href=\"https:\/\/ledsolintel.com\/fr\/produit-2\/roblan-downlight-sans-cadre-36w\/\" \/>\n<meta property=\"og:locale\" content=\"fr_FR\" \/>\n<meta property=\"og:type\" content=\"article\" \/>\n<meta property=\"og:title\" content=\"Downlight SIN MARCO 36W de Roblan\" \/>\n<meta property=\"og:description\" content=\"Downlight redondo sin marco de Roblan. 36W. Alta eficiencia energ\u00e9tica para una iluminaci\u00f3n general en interiores. Disponible en tres tonos de blanco.\" \/>\n<meta property=\"og:url\" content=\"https:\/\/ledsolintel.com\/fr\/produit-2\/roblan-downlight-sans-cadre-36w\/\" \/>\n<meta property=\"og:site_name\" content=\"Ledsolintel\" \/>\n<meta property=\"article:publisher\" content=\"http:\/\/www.facebook.com\/webmenaje\" \/>\n<meta property=\"og:image\" content=\"https:\/\/ledsolintel.com\/wp-content\/uploads\/2019\/04\/8570-Downlight-SIN-MARCO-36W-de-Roblan.jpg\" \/>\n\t<meta property=\"og:image:width\" content=\"1\" \/>\n\t<meta property=\"og:image:height\" content=\"1\" \/>\n\t<meta property=\"og:image:type\" content=\"image\/jpeg\" \/>\n<meta name=\"twitter:card\" content=\"summary_large_image\" \/>\n<meta name=\"twitter:site\" content=\"@webmenaje\" \/>\n<script type=\"application\/ld+json\" class=\"yoast-schema-graph\">{\"@context\":\"https:\/\/schema.org\",\"@graph\":[{\"@type\":\"WebPage\",\"@id\":\"https:\/\/ledsolintel.com\/product\/downlight-sin-marco-36w-de-roblan\/\",\"url\":\"https:\/\/ledsolintel.com\/product\/downlight-sin-marco-36w-de-roblan\/\",\"name\":\"Downlight SIN MARCO 36W de Roblan\",\"isPartOf\":{\"@id\":\"https:\/\/ledsolintel.com\/#website\"},\"primaryImageOfPage\":{\"@id\":\"https:\/\/ledsolintel.com\/product\/downlight-sin-marco-36w-de-roblan\/#primaryimage\"},\"image\":{\"@id\":\"https:\/\/ledsolintel.com\/product\/downlight-sin-marco-36w-de-roblan\/#primaryimage\"},\"thumbnailUrl\":\"https:\/\/ledsolintel.com\/wp-content\/uploads\/2019\/04\/8570-Downlight-SIN-MARCO-36W-de-Roblan.jpg\",\"datePublished\":\"2019-04-16T12:21:24+00:00\",\"description\":\"Downlight redondo sin marco de Roblan. 36W. Alta eficiencia energ\u00e9tica para una iluminaci\u00f3n general en interiores. Disponible en tres tonos de blanco.\",\"breadcrumb\":{\"@id\":\"https:\/\/ledsolintel.com\/product\/downlight-sin-marco-36w-de-roblan\/#breadcrumb\"},\"inLanguage\":\"fr-FR\",\"potentialAction\":[{\"@type\":\"ReadAction\",\"target\":[\"https:\/\/ledsolintel.com\/product\/downlight-sin-marco-36w-de-roblan\/\"]}]},{\"@type\":\"ImageObject\",\"inLanguage\":\"fr-FR\",\"@id\":\"https:\/\/ledsolintel.com\/product\/downlight-sin-marco-36w-de-roblan\/#primaryimage\",\"url\":\"https:\/\/ledsolintel.com\/wp-content\/uploads\/2019\/04\/8570-Downlight-SIN-MARCO-36W-de-Roblan.jpg\",\"contentUrl\":\"https:\/\/ledsolintel.com\/wp-content\/uploads\/2019\/04\/8570-Downlight-SIN-MARCO-36W-de-Roblan.jpg\",\"caption\":\"Downlight SIN MARCO 36W de Roblan\"},{\"@type\":\"BreadcrumbList\",\"@id\":\"https:\/\/ledsolintel.com\/product\/downlight-sin-marco-36w-de-roblan\/#breadcrumb\",\"itemListElement\":[{\"@type\":\"ListItem\",\"position\":1,\"name\":\"Portada\",\"item\":\"https:\/\/ledsolintel.com\/fr\/\"},{\"@type\":\"ListItem\",\"position\":2,\"name\":\"Tienda\",\"item\":\"https:\/\/ledsolintel.com\/tienda\/\"},{\"@type\":\"ListItem\",\"position\":3,\"name\":\"Downlight LED SIN MARCO 36W de Roblan\"}]},{\"@type\":\"WebSite\",\"@id\":\"https:\/\/ledsolintel.com\/#website\",\"url\":\"https:\/\/ledsolintel.com\/\",\"name\":\"Webmenaje\",\"description\":\"Tienda de bombillas y l\u00e1mparas LED para profesionales\",\"publisher\":{\"@id\":\"https:\/\/ledsolintel.com\/#organization\"},\"potentialAction\":[{\"@type\":\"SearchAction\",\"target\":{\"@type\":\"EntryPoint\",\"urlTemplate\":\"https:\/\/ledsolintel.com\/?s={search_term_string}\"},\"query-input\":{\"@type\":\"PropertyValueSpecification\",\"valueRequired\":true,\"valueName\":\"search_term_string\"}}],\"inLanguage\":\"fr-FR\"},{\"@type\":\"Organization\",\"@id\":\"https:\/\/ledsolintel.com\/#organization\",\"name\":\"Solintel Noroeste, S.L.\",\"url\":\"https:\/\/ledsolintel.com\/\",\"logo\":{\"@type\":\"ImageObject\",\"inLanguage\":\"fr-FR\",\"@id\":\"https:\/\/ledsolintel.com\/#\/schema\/logo\/image\/\",\"url\":\"https:\/\/ledsolintel.com\/wp-content\/uploads\/2024\/11\/webmenaje-logo-1508269066.jpg\",\"contentUrl\":\"https:\/\/ledsolintel.com\/wp-content\/uploads\/2024\/11\/webmenaje-logo-1508269066.jpg\",\"width\":370,\"height\":90,\"caption\":\"Solintel Noroeste, S.L.\"},\"image\":{\"@id\":\"https:\/\/ledsolintel.com\/#\/schema\/logo\/image\/\"},\"sameAs\":[\"http:\/\/www.facebook.com\/webmenaje\",\"https:\/\/x.com\/webmenaje\",\"https:\/\/www.youtube.com\/channel\/UCX2KoVoeCG4LocZjUc6LmSQ\",\"http:\/\/www.pinterest.com\/webmenaje\"]}]}<\/script>\n<!-- \/ Yoast SEO plugin. -->","yoast_head_json":{"title":"Roblan Downlight sans cadre 36W","description":"Roblan downlight rond sans cadre. 36W. Haute efficacit\u00e9 \u00e9nerg\u00e9tique pour l'\u00e9clairage g\u00e9n\u00e9ral d'int\u00e9rieur. Disponible en trois teintes de blanc.","robots":{"index":"index","follow":"follow","max-snippet":"max-snippet:-1","max-image-preview":"max-image-preview:large","max-video-preview":"max-video-preview:-1"},"canonical":"https:\/\/ledsolintel.com\/fr\/produit-2\/roblan-downlight-sans-cadre-36w\/","og_locale":"fr_FR","og_type":"article","og_title":"Downlight SIN MARCO 36W de Roblan","og_description":"Downlight redondo sin marco de Roblan. 36W. Alta eficiencia energ\u00e9tica para una iluminaci\u00f3n general en interiores. Disponible en tres tonos de blanco.","og_url":"https:\/\/ledsolintel.com\/fr\/produit-2\/roblan-downlight-sans-cadre-36w\/","og_site_name":"Ledsolintel","article_publisher":"http:\/\/www.facebook.com\/webmenaje","og_image":[{"url":"https:\/\/ledsolintel.com\/wp-content\/uploads\/2019\/04\/8570-Downlight-SIN-MARCO-36W-de-Roblan.jpg","width":1,"height":1,"type":"image\/jpeg"}],"twitter_card":"summary_large_image","twitter_site":"@webmenaje","schema":{"@context":"https:\/\/schema.org","@graph":[{"@type":"WebPage","@id":"https:\/\/ledsolintel.com\/product\/downlight-sin-marco-36w-de-roblan\/","url":"https:\/\/ledsolintel.com\/product\/downlight-sin-marco-36w-de-roblan\/","name":"Roblan Downlight sans cadre 36W","isPartOf":{"@id":"https:\/\/ledsolintel.com\/#website"},"primaryImageOfPage":{"@id":"https:\/\/ledsolintel.com\/product\/downlight-sin-marco-36w-de-roblan\/#primaryimage"},"image":{"@id":"https:\/\/ledsolintel.com\/product\/downlight-sin-marco-36w-de-roblan\/#primaryimage"},"thumbnailUrl":"https:\/\/ledsolintel.com\/wp-content\/uploads\/2019\/04\/8570-Downlight-SIN-MARCO-36W-de-Roblan.jpg","datePublished":"2019-04-16T12:21:24+00:00","description":"Roblan downlight rond sans cadre. 36W. Haute efficacit\u00e9 \u00e9nerg\u00e9tique pour l'\u00e9clairage g\u00e9n\u00e9ral d'int\u00e9rieur. Disponible en trois teintes de blanc.","breadcrumb":{"@id":"https:\/\/ledsolintel.com\/product\/downlight-sin-marco-36w-de-roblan\/#breadcrumb"},"inLanguage":"fr-FR","potentialAction":[{"@type":"ReadAction","target":["https:\/\/ledsolintel.com\/product\/downlight-sin-marco-36w-de-roblan\/"]}]},{"@type":"ImageObject","inLanguage":"fr-FR","@id":"https:\/\/ledsolintel.com\/product\/downlight-sin-marco-36w-de-roblan\/#primaryimage","url":"https:\/\/ledsolintel.com\/wp-content\/uploads\/2019\/04\/8570-Downlight-SIN-MARCO-36W-de-Roblan.jpg","contentUrl":"https:\/\/ledsolintel.com\/wp-content\/uploads\/2019\/04\/8570-Downlight-SIN-MARCO-36W-de-Roblan.jpg","caption":"Downlight SIN MARCO 36W de Roblan"},{"@type":"BreadcrumbList","@id":"https:\/\/ledsolintel.com\/product\/downlight-sin-marco-36w-de-roblan\/#breadcrumb","itemListElement":[{"@type":"ListItem","position":1,"name":"Portada","item":"https:\/\/ledsolintel.com\/fr\/"},{"@type":"ListItem","position":2,"name":"Tienda","item":"https:\/\/ledsolintel.com\/tienda\/"},{"@type":"ListItem","position":3,"name":"Downlight LED SIN MARCO 36W de Roblan"}]},{"@type":"WebSite","@id":"https:\/\/ledsolintel.com\/#website","url":"https:\/\/ledsolintel.com\/","name":"Webmenaje","description":"Magasin d'ampoules et de lampes LED pour les professionnels","publisher":{"@id":"https:\/\/ledsolintel.com\/#organization"},"potentialAction":[{"@type":"SearchAction","target":{"@type":"EntryPoint","urlTemplate":"https:\/\/ledsolintel.com\/?s={search_term_string}"},"query-input":{"@type":"PropertyValueSpecification","valueRequired":true,"valueName":"search_term_string"}}],"inLanguage":"fr-FR"},{"@type":"Organization","@id":"https:\/\/ledsolintel.com\/#organization","name":"Solintel Noroeste, S.L.","url":"https:\/\/ledsolintel.com\/","logo":{"@type":"ImageObject","inLanguage":"fr-FR","@id":"https:\/\/ledsolintel.com\/#\/schema\/logo\/image\/","url":"https:\/\/ledsolintel.com\/wp-content\/uploads\/2024\/11\/webmenaje-logo-1508269066.jpg","contentUrl":"https:\/\/ledsolintel.com\/wp-content\/uploads\/2024\/11\/webmenaje-logo-1508269066.jpg","width":370,"height":90,"caption":"Solintel Noroeste, S.L."},"image":{"@id":"https:\/\/ledsolintel.com\/#\/schema\/logo\/image\/"},"sameAs":["http:\/\/www.facebook.com\/webmenaje","https:\/\/x.com\/webmenaje","https:\/\/www.youtube.com\/channel\/UCX2KoVoeCG4LocZjUc6LmSQ","http:\/\/www.pinterest.com\/webmenaje"]}]}},"_links":{"self":[{"href":"https:\/\/ledsolintel.com\/fr\/wp-json\/wp\/v2\/product\/242704","targetHints":{"allow":["GET"]}}],"collection":[{"href":"https:\/\/ledsolintel.com\/fr\/wp-json\/wp\/v2\/product"}],"about":[{"href":"https:\/\/ledsolintel.com\/fr\/wp-json\/wp\/v2\/types\/product"}],"version-history":[{"count":0,"href":"https:\/\/ledsolintel.com\/fr\/wp-json\/wp\/v2\/product\/242704\/revisions"}],"wp:featuredmedia":[{"embeddable":true,"href":"https:\/\/ledsolintel.com\/fr\/wp-json\/wp\/v2\/media\/242703"}],"wp:attachment":[{"href":"https:\/\/ledsolintel.com\/fr\/wp-json\/wp\/v2\/media?parent=242704"}],"wp:term":[{"taxonomy":"product_brand","embeddable":true,"href":"https:\/\/ledsolintel.com\/fr\/wp-json\/wp\/v2\/product_brand?post=242704"},{"taxonomy":"product_cat","embeddable":true,"href":"https:\/\/ledsolintel.com\/fr\/wp-json\/wp\/v2\/product_cat?post=242704"},{"taxonomy":"product_tag","embeddable":true,"href":"https:\/\/ledsolintel.com\/fr\/wp-json\/wp\/v2\/product_tag?post=242704"}],"curies":[{"name":"wp","href":"https:\/\/api.w.org\/{rel}","templated":true}]}}