{"id":242677,"date":"2019-04-16T02:44:01","date_gmt":"2019-04-16T00:44:01","guid":{"rendered":"https:\/\/nueva.ledsolintel.com\/product\/pantalla-triproof-20w-60-cm-de-roblan\/"},"modified":"2019-04-16T02:44:01","modified_gmt":"2019-04-16T00:44:01","slug":"pantalla-triproof-20w-60-cm-de-roblan","status":"publish","type":"product","link":"https:\/\/ledsolintel.com\/fr\/produit-2\/pantalla-triproof-20w-60-cm-de-roblan\/","title":{"rendered":"Ecran LED TRIPROOF 20W 60 cm Roblan TRIPROOF"},"content":{"rendered":"<h1>Ecran TRIPROOF 20W 60cm Roblan TRIPROOF<\/h1>\n<p>\u00a0<\/p>\n<h3>Caract\u00e9ristiques<\/h3>\n<ul>\n<li>Puissance : 20 W<\/li>\n<li>Tension : 220-240 V, 50-60 Hz<\/li>\n<li>Luminance : 22 500 lm<\/li>\n<li>Couleur claire :<\/li>\n<ul>\n<li>Blanc naturel 4000 K<\/li>\n<li>Blanc froid 6500 K<\/li>\n<\/ul>\n<li>Optique : 120\u00ba.<\/li>\n<li>Protection IP65<\/li>\n<li>Protection IK08<\/li>\n<li>Dur\u00e9e de vie moyenne : 50 000 heures<\/li>\n<li>IRC &gt; 80<\/li>\n<li>Facteur de puissance &gt; 0,9<\/li>\n<li>Dimensions : 63x600x63 mm<\/li>\n<li>Puces Bridgelux<\/li>\n<li>Connexion rapide<\/li>\n<\/ul>","protected":false},"excerpt":{"rendered":"<p>Ecran Roblan TRIPROOF 20W 60 cm. Prot\u00e9g\u00e9 contre les chocs, l'eau et la poussi\u00e8re et recommand\u00e9 pour une utilisation en ext\u00e9rieur. Haute efficacit\u00e9 \u00e9nerg\u00e9tique et longue dur\u00e9e de vie.<\/p>\n<p>Disponible en blanc naturel ou blanc froid.<\/p>","protected":false},"featured_media":242676,"template":"","meta":[],"product_brand":[99355],"product_cat":[99575,99573,99689,99877],"product_tag":[],"class_list":{"0":"post-242677","1":"product","2":"type-product","3":"status-publish","4":"has-post-thumbnail","6":"product_brand-roblan","7":"product_cat-iluminacion-para-jardines-y-exteriores","8":"product_cat-iluminacion-interior","9":"product_cat-lamparas-de-techo-para-exterior","10":"product_cat-pantallas-estancas","11":"pa_cct-4000k","12":"pa_cct-6500k","15":"instock","16":"taxable","17":"shipping-taxable","18":"purchasable","19":"product-type-variable","20":"has-default-attributes"},"yoast_head":"<!-- This site is optimized with the Yoast SEO plugin v26.6 - https:\/\/yoast.com\/wordpress\/plugins\/seo\/ -->\n<title>Pantalla TRIPROOF 20W 60 cm de Roblan<\/title>\n<meta name=\"description\" content=\"Pantalla TRIPROOF 20W 60 cm de Roblan. Protegida contra golpes, agua y polvo y recomendado para uso en exteriores. Alta eficiencia energ\u00e9tica y larga vida \u00fatil\" \/>\n<meta name=\"robots\" content=\"index, follow, max-snippet:-1, max-image-preview:large, max-video-preview:-1\" \/>\n<link rel=\"canonical\" href=\"https:\/\/ledsolintel.com\/fr\/produit-2\/pantalla-triproof-20w-60-cm-de-roblan\/\" \/>\n<meta property=\"og:locale\" content=\"fr_FR\" \/>\n<meta property=\"og:type\" content=\"article\" \/>\n<meta property=\"og:title\" content=\"Pantalla TRIPROOF 20W 60 cm de Roblan\" \/>\n<meta property=\"og:description\" content=\"Pantalla TRIPROOF 20W 60 cm de Roblan. Protegida contra golpes, agua y polvo y recomendado para uso en exteriores. Alta eficiencia energ\u00e9tica y larga vida \u00fatil\" \/>\n<meta property=\"og:url\" content=\"https:\/\/ledsolintel.com\/fr\/produit-2\/pantalla-triproof-20w-60-cm-de-roblan\/\" \/>\n<meta property=\"og:site_name\" content=\"Ledsolintel\" \/>\n<meta property=\"article:publisher\" content=\"http:\/\/www.facebook.com\/webmenaje\" \/>\n<meta property=\"og:image\" content=\"https:\/\/ledsolintel.com\/wp-content\/uploads\/2019\/04\/8564-Pantalla-TRIPROOF-20W-60-cm-de-Roblan.jpg\" \/>\n\t<meta property=\"og:image:width\" content=\"1\" \/>\n\t<meta property=\"og:image:height\" content=\"1\" \/>\n\t<meta property=\"og:image:type\" content=\"image\/jpeg\" \/>\n<meta name=\"twitter:card\" content=\"summary_large_image\" \/>\n<meta name=\"twitter:site\" content=\"@webmenaje\" \/>\n<script type=\"application\/ld+json\" class=\"yoast-schema-graph\">{\"@context\":\"https:\/\/schema.org\",\"@graph\":[{\"@type\":\"WebPage\",\"@id\":\"https:\/\/ledsolintel.com\/product\/pantalla-triproof-20w-60-cm-de-roblan\/\",\"url\":\"https:\/\/ledsolintel.com\/product\/pantalla-triproof-20w-60-cm-de-roblan\/\",\"name\":\"Pantalla TRIPROOF 20W 60 cm de Roblan\",\"isPartOf\":{\"@id\":\"https:\/\/ledsolintel.com\/#website\"},\"primaryImageOfPage\":{\"@id\":\"https:\/\/ledsolintel.com\/product\/pantalla-triproof-20w-60-cm-de-roblan\/#primaryimage\"},\"image\":{\"@id\":\"https:\/\/ledsolintel.com\/product\/pantalla-triproof-20w-60-cm-de-roblan\/#primaryimage\"},\"thumbnailUrl\":\"https:\/\/ledsolintel.com\/wp-content\/uploads\/2019\/04\/8564-Pantalla-TRIPROOF-20W-60-cm-de-Roblan.jpg\",\"datePublished\":\"2019-04-16T00:44:01+00:00\",\"description\":\"Pantalla TRIPROOF 20W 60 cm de Roblan. Protegida contra golpes, agua y polvo y recomendado para uso en exteriores. Alta eficiencia energ\u00e9tica y larga vida \u00fatil\",\"breadcrumb\":{\"@id\":\"https:\/\/ledsolintel.com\/product\/pantalla-triproof-20w-60-cm-de-roblan\/#breadcrumb\"},\"inLanguage\":\"fr-FR\",\"potentialAction\":[{\"@type\":\"ReadAction\",\"target\":[\"https:\/\/ledsolintel.com\/product\/pantalla-triproof-20w-60-cm-de-roblan\/\"]}]},{\"@type\":\"ImageObject\",\"inLanguage\":\"fr-FR\",\"@id\":\"https:\/\/ledsolintel.com\/product\/pantalla-triproof-20w-60-cm-de-roblan\/#primaryimage\",\"url\":\"https:\/\/ledsolintel.com\/wp-content\/uploads\/2019\/04\/8564-Pantalla-TRIPROOF-20W-60-cm-de-Roblan.jpg\",\"contentUrl\":\"https:\/\/ledsolintel.com\/wp-content\/uploads\/2019\/04\/8564-Pantalla-TRIPROOF-20W-60-cm-de-Roblan.jpg\",\"caption\":\"Pantalla TRIPROOF 20W 60 cm de Roblan\"},{\"@type\":\"BreadcrumbList\",\"@id\":\"https:\/\/ledsolintel.com\/product\/pantalla-triproof-20w-60-cm-de-roblan\/#breadcrumb\",\"itemListElement\":[{\"@type\":\"ListItem\",\"position\":1,\"name\":\"Portada\",\"item\":\"https:\/\/ledsolintel.com\/fr\/\"},{\"@type\":\"ListItem\",\"position\":2,\"name\":\"Tienda\",\"item\":\"https:\/\/ledsolintel.com\/tienda\/\"},{\"@type\":\"ListItem\",\"position\":3,\"name\":\"Pantalla LED TRIPROOF 20W 60 cm de Roblan\"}]},{\"@type\":\"WebSite\",\"@id\":\"https:\/\/ledsolintel.com\/#website\",\"url\":\"https:\/\/ledsolintel.com\/\",\"name\":\"Webmenaje\",\"description\":\"Tienda de bombillas y l\u00e1mparas LED para profesionales\",\"publisher\":{\"@id\":\"https:\/\/ledsolintel.com\/#organization\"},\"potentialAction\":[{\"@type\":\"SearchAction\",\"target\":{\"@type\":\"EntryPoint\",\"urlTemplate\":\"https:\/\/ledsolintel.com\/?s={search_term_string}\"},\"query-input\":{\"@type\":\"PropertyValueSpecification\",\"valueRequired\":true,\"valueName\":\"search_term_string\"}}],\"inLanguage\":\"fr-FR\"},{\"@type\":\"Organization\",\"@id\":\"https:\/\/ledsolintel.com\/#organization\",\"name\":\"Solintel Noroeste, S.L.\",\"url\":\"https:\/\/ledsolintel.com\/\",\"logo\":{\"@type\":\"ImageObject\",\"inLanguage\":\"fr-FR\",\"@id\":\"https:\/\/ledsolintel.com\/#\/schema\/logo\/image\/\",\"url\":\"https:\/\/ledsolintel.com\/wp-content\/uploads\/2024\/11\/webmenaje-logo-1508269066.jpg\",\"contentUrl\":\"https:\/\/ledsolintel.com\/wp-content\/uploads\/2024\/11\/webmenaje-logo-1508269066.jpg\",\"width\":370,\"height\":90,\"caption\":\"Solintel Noroeste, S.L.\"},\"image\":{\"@id\":\"https:\/\/ledsolintel.com\/#\/schema\/logo\/image\/\"},\"sameAs\":[\"http:\/\/www.facebook.com\/webmenaje\",\"https:\/\/x.com\/webmenaje\",\"https:\/\/www.youtube.com\/channel\/UCX2KoVoeCG4LocZjUc6LmSQ\",\"http:\/\/www.pinterest.com\/webmenaje\"]}]}<\/script>\n<!-- \/ Yoast SEO plugin. -->","yoast_head_json":{"title":"Pantalla TRIPROOF 20W 60 cm de Roblan","description":"Pantalla TRIPROOF 20W 60 cm de Roblan. Protegida contra golpes, agua y polvo y recomendado para uso en exteriores. Alta eficiencia energ\u00e9tica y larga vida \u00fatil","robots":{"index":"index","follow":"follow","max-snippet":"max-snippet:-1","max-image-preview":"max-image-preview:large","max-video-preview":"max-video-preview:-1"},"canonical":"https:\/\/ledsolintel.com\/fr\/produit-2\/pantalla-triproof-20w-60-cm-de-roblan\/","og_locale":"fr_FR","og_type":"article","og_title":"Pantalla TRIPROOF 20W 60 cm de Roblan","og_description":"Pantalla TRIPROOF 20W 60 cm de Roblan. Protegida contra golpes, agua y polvo y recomendado para uso en exteriores. Alta eficiencia energ\u00e9tica y larga vida \u00fatil","og_url":"https:\/\/ledsolintel.com\/fr\/produit-2\/pantalla-triproof-20w-60-cm-de-roblan\/","og_site_name":"Ledsolintel","article_publisher":"http:\/\/www.facebook.com\/webmenaje","og_image":[{"url":"https:\/\/ledsolintel.com\/wp-content\/uploads\/2019\/04\/8564-Pantalla-TRIPROOF-20W-60-cm-de-Roblan.jpg","width":1,"height":1,"type":"image\/jpeg"}],"twitter_card":"summary_large_image","twitter_site":"@webmenaje","schema":{"@context":"https:\/\/schema.org","@graph":[{"@type":"WebPage","@id":"https:\/\/ledsolintel.com\/product\/pantalla-triproof-20w-60-cm-de-roblan\/","url":"https:\/\/ledsolintel.com\/product\/pantalla-triproof-20w-60-cm-de-roblan\/","name":"Pantalla TRIPROOF 20W 60 cm de Roblan","isPartOf":{"@id":"https:\/\/ledsolintel.com\/#website"},"primaryImageOfPage":{"@id":"https:\/\/ledsolintel.com\/product\/pantalla-triproof-20w-60-cm-de-roblan\/#primaryimage"},"image":{"@id":"https:\/\/ledsolintel.com\/product\/pantalla-triproof-20w-60-cm-de-roblan\/#primaryimage"},"thumbnailUrl":"https:\/\/ledsolintel.com\/wp-content\/uploads\/2019\/04\/8564-Pantalla-TRIPROOF-20W-60-cm-de-Roblan.jpg","datePublished":"2019-04-16T00:44:01+00:00","description":"Pantalla TRIPROOF 20W 60 cm de Roblan. Protegida contra golpes, agua y polvo y recomendado para uso en exteriores. Alta eficiencia energ\u00e9tica y larga vida \u00fatil","breadcrumb":{"@id":"https:\/\/ledsolintel.com\/product\/pantalla-triproof-20w-60-cm-de-roblan\/#breadcrumb"},"inLanguage":"fr-FR","potentialAction":[{"@type":"ReadAction","target":["https:\/\/ledsolintel.com\/product\/pantalla-triproof-20w-60-cm-de-roblan\/"]}]},{"@type":"ImageObject","inLanguage":"fr-FR","@id":"https:\/\/ledsolintel.com\/product\/pantalla-triproof-20w-60-cm-de-roblan\/#primaryimage","url":"https:\/\/ledsolintel.com\/wp-content\/uploads\/2019\/04\/8564-Pantalla-TRIPROOF-20W-60-cm-de-Roblan.jpg","contentUrl":"https:\/\/ledsolintel.com\/wp-content\/uploads\/2019\/04\/8564-Pantalla-TRIPROOF-20W-60-cm-de-Roblan.jpg","caption":"Pantalla TRIPROOF 20W 60 cm de Roblan"},{"@type":"BreadcrumbList","@id":"https:\/\/ledsolintel.com\/product\/pantalla-triproof-20w-60-cm-de-roblan\/#breadcrumb","itemListElement":[{"@type":"ListItem","position":1,"name":"Portada","item":"https:\/\/ledsolintel.com\/fr\/"},{"@type":"ListItem","position":2,"name":"Tienda","item":"https:\/\/ledsolintel.com\/tienda\/"},{"@type":"ListItem","position":3,"name":"Pantalla LED TRIPROOF 20W 60 cm de Roblan"}]},{"@type":"WebSite","@id":"https:\/\/ledsolintel.com\/#website","url":"https:\/\/ledsolintel.com\/","name":"Webmenaje","description":"Magasin d'ampoules et de lampes LED pour les professionnels","publisher":{"@id":"https:\/\/ledsolintel.com\/#organization"},"potentialAction":[{"@type":"SearchAction","target":{"@type":"EntryPoint","urlTemplate":"https:\/\/ledsolintel.com\/?s={search_term_string}"},"query-input":{"@type":"PropertyValueSpecification","valueRequired":true,"valueName":"search_term_string"}}],"inLanguage":"fr-FR"},{"@type":"Organization","@id":"https:\/\/ledsolintel.com\/#organization","name":"Solintel Noroeste, S.L.","url":"https:\/\/ledsolintel.com\/","logo":{"@type":"ImageObject","inLanguage":"fr-FR","@id":"https:\/\/ledsolintel.com\/#\/schema\/logo\/image\/","url":"https:\/\/ledsolintel.com\/wp-content\/uploads\/2024\/11\/webmenaje-logo-1508269066.jpg","contentUrl":"https:\/\/ledsolintel.com\/wp-content\/uploads\/2024\/11\/webmenaje-logo-1508269066.jpg","width":370,"height":90,"caption":"Solintel Noroeste, S.L."},"image":{"@id":"https:\/\/ledsolintel.com\/#\/schema\/logo\/image\/"},"sameAs":["http:\/\/www.facebook.com\/webmenaje","https:\/\/x.com\/webmenaje","https:\/\/www.youtube.com\/channel\/UCX2KoVoeCG4LocZjUc6LmSQ","http:\/\/www.pinterest.com\/webmenaje"]}]}},"_links":{"self":[{"href":"https:\/\/ledsolintel.com\/fr\/wp-json\/wp\/v2\/product\/242677","targetHints":{"allow":["GET"]}}],"collection":[{"href":"https:\/\/ledsolintel.com\/fr\/wp-json\/wp\/v2\/product"}],"about":[{"href":"https:\/\/ledsolintel.com\/fr\/wp-json\/wp\/v2\/types\/product"}],"version-history":[{"count":0,"href":"https:\/\/ledsolintel.com\/fr\/wp-json\/wp\/v2\/product\/242677\/revisions"}],"wp:featuredmedia":[{"embeddable":true,"href":"https:\/\/ledsolintel.com\/fr\/wp-json\/wp\/v2\/media\/242676"}],"wp:attachment":[{"href":"https:\/\/ledsolintel.com\/fr\/wp-json\/wp\/v2\/media?parent=242677"}],"wp:term":[{"taxonomy":"product_brand","embeddable":true,"href":"https:\/\/ledsolintel.com\/fr\/wp-json\/wp\/v2\/product_brand?post=242677"},{"taxonomy":"product_cat","embeddable":true,"href":"https:\/\/ledsolintel.com\/fr\/wp-json\/wp\/v2\/product_cat?post=242677"},{"taxonomy":"product_tag","embeddable":true,"href":"https:\/\/ledsolintel.com\/fr\/wp-json\/wp\/v2\/product_tag?post=242677"}],"curies":[{"name":"wp","href":"https:\/\/api.w.org\/{rel}","templated":true}]}}