{"id":242641,"date":"2019-03-29T02:27:09","date_gmt":"2019-03-29T01:27:09","guid":{"rendered":"https:\/\/nueva.ledsolintel.com\/product\/luminaria-comercial-lineal-lcr-50w-de-roblan\/"},"modified":"2019-03-29T02:27:09","modified_gmt":"2019-03-29T01:27:09","slug":"luminaria-comercial-lineal-lcr-50w-de-roblan","status":"publish","type":"product","link":"https:\/\/ledsolintel.com\/fr\/produit-2\/luminaria-comercial-lineal-lcr-50w-de-roblan\/","title":{"rendered":"Roblan LED lin\u00e9aire LCR 50W"},"content":{"rendered":"<h1>Roblan LCR 50W Luminaire commercial lin\u00e9aire LCR 50W<\/h1>\n<\/p>\n<h3>Caract\u00e9ristiques<\/h3>\n<ul>\n<li>Puissance : 50 W<\/li>\n<li>Tension : 220-240 V<\/li>\n<li>Luminosidad:\u00a08000 l\u00famenes<\/li>\n<li>Optique : 90<\/li>\n<li>Temp\u00e9rature de couleur : blanc naturel 4000 K<\/li>\n<li>IRC &gt; 80<\/li>\n<li>Facteur de puissance &gt; 0,95<\/li>\n<li>Dur\u00e9e de vie : 50 000 heures<\/li>\n<li>Balasto:\u00a0CORESHINE\/CSD1S-40<\/li>\n<li>Protection IP20<\/li>\n<li>Longueur : 120 cm<\/li>\n<\/ul>","protected":false},"excerpt":{"rendered":"<p>Luminaria comercial lineal LCR 50W de Roblan. Sistema de iluminaci\u00f3n continua y sin sombras, con alta eficiencia lum\u00ednica. La instalaci\u00f3n y los cambios de partes son sencillas y r\u00e1pidas, y no es necesario el mantenimiento.<\/p>","protected":false},"featured_media":242640,"template":"","meta":[],"product_brand":[99355],"product_cat":[99577,99663],"product_tag":[],"class_list":{"0":"post-242641","1":"product","2":"type-product","3":"status-publish","4":"has-post-thumbnail","6":"product_brand-roblan","7":"product_cat-iluminacion-industrial-y-comercial","8":"product_cat-sistemas-lineales-led","11":"instock","12":"taxable","13":"shipping-taxable","14":"purchasable","15":"product-type-simple"},"yoast_head":"<!-- This site is optimized with the Yoast SEO plugin v26.6 - https:\/\/yoast.com\/wordpress\/plugins\/seo\/ -->\n<title>Luminaria comercial lineal LCR 50W de Roblan<\/title>\n<meta name=\"description\" content=\"Sistema de iluminaci\u00f3n continua y sin sombras, con alta eficiencia lum\u00ednica. La instalaci\u00f3n y los cambios de partes son sencillas y r\u00e1pidas, sin mantenimiento\" \/>\n<meta name=\"robots\" content=\"index, follow, max-snippet:-1, max-image-preview:large, max-video-preview:-1\" \/>\n<link rel=\"canonical\" href=\"https:\/\/ledsolintel.com\/fr\/produit-2\/luminaria-comercial-lineal-lcr-50w-de-roblan\/\" \/>\n<meta property=\"og:locale\" content=\"fr_FR\" \/>\n<meta property=\"og:type\" content=\"article\" \/>\n<meta property=\"og:title\" content=\"Luminaria comercial lineal LCR 50W de Roblan\" \/>\n<meta property=\"og:description\" content=\"Sistema de iluminaci\u00f3n continua y sin sombras, con alta eficiencia lum\u00ednica. La instalaci\u00f3n y los cambios de partes son sencillas y r\u00e1pidas, sin mantenimiento\" \/>\n<meta property=\"og:url\" content=\"https:\/\/ledsolintel.com\/fr\/produit-2\/luminaria-comercial-lineal-lcr-50w-de-roblan\/\" \/>\n<meta property=\"og:site_name\" content=\"Ledsolintel\" \/>\n<meta property=\"article:publisher\" content=\"http:\/\/www.facebook.com\/webmenaje\" \/>\n<meta property=\"og:image\" content=\"https:\/\/ledsolintel.com\/wp-content\/uploads\/2019\/03\/8512-Luminaria-comercial-lineal-LCR-50W-de-Roblan.jpg\" \/>\n\t<meta property=\"og:image:width\" content=\"1\" \/>\n\t<meta property=\"og:image:height\" content=\"1\" \/>\n\t<meta property=\"og:image:type\" content=\"image\/jpeg\" \/>\n<meta name=\"twitter:card\" content=\"summary_large_image\" \/>\n<meta name=\"twitter:site\" content=\"@webmenaje\" \/>\n<script type=\"application\/ld+json\" class=\"yoast-schema-graph\">{\"@context\":\"https:\/\/schema.org\",\"@graph\":[{\"@type\":\"WebPage\",\"@id\":\"https:\/\/ledsolintel.com\/product\/luminaria-comercial-lineal-lcr-50w-de-roblan\/\",\"url\":\"https:\/\/ledsolintel.com\/product\/luminaria-comercial-lineal-lcr-50w-de-roblan\/\",\"name\":\"Luminaria comercial lineal LCR 50W de Roblan\",\"isPartOf\":{\"@id\":\"https:\/\/ledsolintel.com\/#website\"},\"primaryImageOfPage\":{\"@id\":\"https:\/\/ledsolintel.com\/product\/luminaria-comercial-lineal-lcr-50w-de-roblan\/#primaryimage\"},\"image\":{\"@id\":\"https:\/\/ledsolintel.com\/product\/luminaria-comercial-lineal-lcr-50w-de-roblan\/#primaryimage\"},\"thumbnailUrl\":\"https:\/\/ledsolintel.com\/wp-content\/uploads\/2019\/03\/8512-Luminaria-comercial-lineal-LCR-50W-de-Roblan.jpg\",\"datePublished\":\"2019-03-29T01:27:09+00:00\",\"description\":\"Sistema de iluminaci\u00f3n continua y sin sombras, con alta eficiencia lum\u00ednica. La instalaci\u00f3n y los cambios de partes son sencillas y r\u00e1pidas, sin mantenimiento\",\"breadcrumb\":{\"@id\":\"https:\/\/ledsolintel.com\/product\/luminaria-comercial-lineal-lcr-50w-de-roblan\/#breadcrumb\"},\"inLanguage\":\"fr-FR\",\"potentialAction\":[{\"@type\":\"ReadAction\",\"target\":[\"https:\/\/ledsolintel.com\/product\/luminaria-comercial-lineal-lcr-50w-de-roblan\/\"]}]},{\"@type\":\"ImageObject\",\"inLanguage\":\"fr-FR\",\"@id\":\"https:\/\/ledsolintel.com\/product\/luminaria-comercial-lineal-lcr-50w-de-roblan\/#primaryimage\",\"url\":\"https:\/\/ledsolintel.com\/wp-content\/uploads\/2019\/03\/8512-Luminaria-comercial-lineal-LCR-50W-de-Roblan.jpg\",\"contentUrl\":\"https:\/\/ledsolintel.com\/wp-content\/uploads\/2019\/03\/8512-Luminaria-comercial-lineal-LCR-50W-de-Roblan.jpg\",\"caption\":\"Luminaria comercial lineal LCR 50W de Roblan\"},{\"@type\":\"BreadcrumbList\",\"@id\":\"https:\/\/ledsolintel.com\/product\/luminaria-comercial-lineal-lcr-50w-de-roblan\/#breadcrumb\",\"itemListElement\":[{\"@type\":\"ListItem\",\"position\":1,\"name\":\"Portada\",\"item\":\"https:\/\/ledsolintel.com\/fr\/\"},{\"@type\":\"ListItem\",\"position\":2,\"name\":\"Tienda\",\"item\":\"https:\/\/ledsolintel.com\/tienda\/\"},{\"@type\":\"ListItem\",\"position\":3,\"name\":\"Lineal LED LCR 50W de Roblan\"}]},{\"@type\":\"WebSite\",\"@id\":\"https:\/\/ledsolintel.com\/#website\",\"url\":\"https:\/\/ledsolintel.com\/\",\"name\":\"Webmenaje\",\"description\":\"Tienda de bombillas y l\u00e1mparas LED para profesionales\",\"publisher\":{\"@id\":\"https:\/\/ledsolintel.com\/#organization\"},\"potentialAction\":[{\"@type\":\"SearchAction\",\"target\":{\"@type\":\"EntryPoint\",\"urlTemplate\":\"https:\/\/ledsolintel.com\/?s={search_term_string}\"},\"query-input\":{\"@type\":\"PropertyValueSpecification\",\"valueRequired\":true,\"valueName\":\"search_term_string\"}}],\"inLanguage\":\"fr-FR\"},{\"@type\":\"Organization\",\"@id\":\"https:\/\/ledsolintel.com\/#organization\",\"name\":\"Solintel Noroeste, S.L.\",\"url\":\"https:\/\/ledsolintel.com\/\",\"logo\":{\"@type\":\"ImageObject\",\"inLanguage\":\"fr-FR\",\"@id\":\"https:\/\/ledsolintel.com\/#\/schema\/logo\/image\/\",\"url\":\"https:\/\/ledsolintel.com\/wp-content\/uploads\/2024\/11\/webmenaje-logo-1508269066.jpg\",\"contentUrl\":\"https:\/\/ledsolintel.com\/wp-content\/uploads\/2024\/11\/webmenaje-logo-1508269066.jpg\",\"width\":370,\"height\":90,\"caption\":\"Solintel Noroeste, S.L.\"},\"image\":{\"@id\":\"https:\/\/ledsolintel.com\/#\/schema\/logo\/image\/\"},\"sameAs\":[\"http:\/\/www.facebook.com\/webmenaje\",\"https:\/\/x.com\/webmenaje\",\"https:\/\/www.youtube.com\/channel\/UCX2KoVoeCG4LocZjUc6LmSQ\",\"http:\/\/www.pinterest.com\/webmenaje\"]}]}<\/script>\n<!-- \/ Yoast SEO plugin. -->","yoast_head_json":{"title":"Roblan LCR 50W Luminaire commercial lin\u00e9aire LCR 50W","description":"Sistema de iluminaci\u00f3n continua y sin sombras, con alta eficiencia lum\u00ednica. La instalaci\u00f3n y los cambios de partes son sencillas y r\u00e1pidas, sin mantenimiento","robots":{"index":"index","follow":"follow","max-snippet":"max-snippet:-1","max-image-preview":"max-image-preview:large","max-video-preview":"max-video-preview:-1"},"canonical":"https:\/\/ledsolintel.com\/fr\/produit-2\/luminaria-comercial-lineal-lcr-50w-de-roblan\/","og_locale":"fr_FR","og_type":"article","og_title":"Luminaria comercial lineal LCR 50W de Roblan","og_description":"Sistema de iluminaci\u00f3n continua y sin sombras, con alta eficiencia lum\u00ednica. La instalaci\u00f3n y los cambios de partes son sencillas y r\u00e1pidas, sin mantenimiento","og_url":"https:\/\/ledsolintel.com\/fr\/produit-2\/luminaria-comercial-lineal-lcr-50w-de-roblan\/","og_site_name":"Ledsolintel","article_publisher":"http:\/\/www.facebook.com\/webmenaje","og_image":[{"url":"https:\/\/ledsolintel.com\/wp-content\/uploads\/2019\/03\/8512-Luminaria-comercial-lineal-LCR-50W-de-Roblan.jpg","width":1,"height":1,"type":"image\/jpeg"}],"twitter_card":"summary_large_image","twitter_site":"@webmenaje","schema":{"@context":"https:\/\/schema.org","@graph":[{"@type":"WebPage","@id":"https:\/\/ledsolintel.com\/product\/luminaria-comercial-lineal-lcr-50w-de-roblan\/","url":"https:\/\/ledsolintel.com\/product\/luminaria-comercial-lineal-lcr-50w-de-roblan\/","name":"Roblan LCR 50W Luminaire commercial lin\u00e9aire LCR 50W","isPartOf":{"@id":"https:\/\/ledsolintel.com\/#website"},"primaryImageOfPage":{"@id":"https:\/\/ledsolintel.com\/product\/luminaria-comercial-lineal-lcr-50w-de-roblan\/#primaryimage"},"image":{"@id":"https:\/\/ledsolintel.com\/product\/luminaria-comercial-lineal-lcr-50w-de-roblan\/#primaryimage"},"thumbnailUrl":"https:\/\/ledsolintel.com\/wp-content\/uploads\/2019\/03\/8512-Luminaria-comercial-lineal-LCR-50W-de-Roblan.jpg","datePublished":"2019-03-29T01:27:09+00:00","description":"Sistema de iluminaci\u00f3n continua y sin sombras, con alta eficiencia lum\u00ednica. La instalaci\u00f3n y los cambios de partes son sencillas y r\u00e1pidas, sin mantenimiento","breadcrumb":{"@id":"https:\/\/ledsolintel.com\/product\/luminaria-comercial-lineal-lcr-50w-de-roblan\/#breadcrumb"},"inLanguage":"fr-FR","potentialAction":[{"@type":"ReadAction","target":["https:\/\/ledsolintel.com\/product\/luminaria-comercial-lineal-lcr-50w-de-roblan\/"]}]},{"@type":"ImageObject","inLanguage":"fr-FR","@id":"https:\/\/ledsolintel.com\/product\/luminaria-comercial-lineal-lcr-50w-de-roblan\/#primaryimage","url":"https:\/\/ledsolintel.com\/wp-content\/uploads\/2019\/03\/8512-Luminaria-comercial-lineal-LCR-50W-de-Roblan.jpg","contentUrl":"https:\/\/ledsolintel.com\/wp-content\/uploads\/2019\/03\/8512-Luminaria-comercial-lineal-LCR-50W-de-Roblan.jpg","caption":"Luminaria comercial lineal LCR 50W de Roblan"},{"@type":"BreadcrumbList","@id":"https:\/\/ledsolintel.com\/product\/luminaria-comercial-lineal-lcr-50w-de-roblan\/#breadcrumb","itemListElement":[{"@type":"ListItem","position":1,"name":"Portada","item":"https:\/\/ledsolintel.com\/fr\/"},{"@type":"ListItem","position":2,"name":"Tienda","item":"https:\/\/ledsolintel.com\/tienda\/"},{"@type":"ListItem","position":3,"name":"Lineal LED LCR 50W de Roblan"}]},{"@type":"WebSite","@id":"https:\/\/ledsolintel.com\/#website","url":"https:\/\/ledsolintel.com\/","name":"Webmenaje","description":"Magasin d'ampoules et de lampes LED pour les professionnels","publisher":{"@id":"https:\/\/ledsolintel.com\/#organization"},"potentialAction":[{"@type":"SearchAction","target":{"@type":"EntryPoint","urlTemplate":"https:\/\/ledsolintel.com\/?s={search_term_string}"},"query-input":{"@type":"PropertyValueSpecification","valueRequired":true,"valueName":"search_term_string"}}],"inLanguage":"fr-FR"},{"@type":"Organization","@id":"https:\/\/ledsolintel.com\/#organization","name":"Solintel Noroeste, S.L.","url":"https:\/\/ledsolintel.com\/","logo":{"@type":"ImageObject","inLanguage":"fr-FR","@id":"https:\/\/ledsolintel.com\/#\/schema\/logo\/image\/","url":"https:\/\/ledsolintel.com\/wp-content\/uploads\/2024\/11\/webmenaje-logo-1508269066.jpg","contentUrl":"https:\/\/ledsolintel.com\/wp-content\/uploads\/2024\/11\/webmenaje-logo-1508269066.jpg","width":370,"height":90,"caption":"Solintel Noroeste, S.L."},"image":{"@id":"https:\/\/ledsolintel.com\/#\/schema\/logo\/image\/"},"sameAs":["http:\/\/www.facebook.com\/webmenaje","https:\/\/x.com\/webmenaje","https:\/\/www.youtube.com\/channel\/UCX2KoVoeCG4LocZjUc6LmSQ","http:\/\/www.pinterest.com\/webmenaje"]}]}},"_links":{"self":[{"href":"https:\/\/ledsolintel.com\/fr\/wp-json\/wp\/v2\/product\/242641","targetHints":{"allow":["GET"]}}],"collection":[{"href":"https:\/\/ledsolintel.com\/fr\/wp-json\/wp\/v2\/product"}],"about":[{"href":"https:\/\/ledsolintel.com\/fr\/wp-json\/wp\/v2\/types\/product"}],"version-history":[{"count":0,"href":"https:\/\/ledsolintel.com\/fr\/wp-json\/wp\/v2\/product\/242641\/revisions"}],"wp:featuredmedia":[{"embeddable":true,"href":"https:\/\/ledsolintel.com\/fr\/wp-json\/wp\/v2\/media\/242640"}],"wp:attachment":[{"href":"https:\/\/ledsolintel.com\/fr\/wp-json\/wp\/v2\/media?parent=242641"}],"wp:term":[{"taxonomy":"product_brand","embeddable":true,"href":"https:\/\/ledsolintel.com\/fr\/wp-json\/wp\/v2\/product_brand?post=242641"},{"taxonomy":"product_cat","embeddable":true,"href":"https:\/\/ledsolintel.com\/fr\/wp-json\/wp\/v2\/product_cat?post=242641"},{"taxonomy":"product_tag","embeddable":true,"href":"https:\/\/ledsolintel.com\/fr\/wp-json\/wp\/v2\/product_tag?post=242641"}],"curies":[{"name":"wp","href":"https:\/\/api.w.org\/{rel}","templated":true}]}}