{"id":242600,"date":"2019-03-25T12:54:56","date_gmt":"2019-03-25T11:54:56","guid":{"rendered":"https:\/\/nueva.ledsolintel.com\/product\/aplique-moy-4w-de-faro-barcelona\/"},"modified":"2019-03-25T12:54:56","modified_gmt":"2019-03-25T11:54:56","slug":"lampe-murale-moy-4w-de-faro-barcelona","status":"publish","type":"product","link":"https:\/\/ledsolintel.com\/fr\/produit-2\/lampe-murale-moy-4w-de-faro-barcelona\/","title":{"rendered":"Faro Barcelona Applique MOY 4W"},"content":{"rendered":"<h1>Applique MOY de Faro Barcelona<\/h1>\n<\/p>\n<h3>Caract\u00e9ristiques<\/h3>\n<ul>\n<li>Mat\u00e9riau : m\u00e9tal et verre<\/li>\n<li>Puissance : 4 W<\/li>\n<li>Tension : 100-240 V \/ 50-60 Hz<\/li>\n<li>Luminosit\u00e9 : 200 lumens<\/li>\n<li>Temp\u00e9rature de couleur : blanc chaud 3000 K<\/li>\n<li>Finition :\u00a0<\/li>\n<ul>\n<li>Dorado<\/li>\n<li>Chrome<\/li>\n<li>Bronze<\/li>\n<\/ul>\n<li>Protection IP44<\/li>\n<li>Poids : 0,57 kg<\/li>\n<li>Dimensions (mm) :\u00a0<\/li>\n<ul>\n<li>Hauteur : 128<\/li>\n<li>Diam\u00e8tre : 130<\/li>\n<\/ul>\n<\/ul>","protected":false},"excerpt":{"rendered":"<p>Applique MOY de Faro Barcelona. Design de Nathrang, au look moderne et aux finitions m\u00e9talliques, pour un \u00e9clairage d\u00e9coratif dans les salons et les couloirs aux tons clairs. Lumi\u00e8re int\u00e9gr\u00e9e de 4W.<\/p>\n<p>Peut \u00eatre install\u00e9 comme plafonnier.<\/p>","protected":false},"featured_media":242594,"template":"","meta":[],"product_brand":[99359],"product_cat":[99903,99573,99637],"product_tag":[],"class_list":{"0":"post-242600","1":"product","2":"type-product","3":"status-publish","4":"has-post-thumbnail","6":"product_brand-faro-barcelona","7":"product_cat-apliques-y-lamparas-de-techo-lamparas-de-pared","8":"product_cat-iluminacion-interior","9":"product_cat-lamparas-de-bano","10":"pa_acabado-bronce","11":"pa_acabado-cromo","12":"pa_acabado-oro","15":"instock","16":"taxable","17":"shipping-taxable","18":"purchasable","19":"product-type-variable","20":"has-default-attributes"},"yoast_head":"<!-- This site is optimized with the Yoast SEO plugin v26.6 - https:\/\/yoast.com\/wordpress\/plugins\/seo\/ -->\n<title>Aplique MOY 4W de Faro Barcelona<\/title>\n<meta name=\"description\" content=\"Aplique MOY de Faro Barcelona. Dise\u00f1o de Nathrang, aspecto actual, acabados metalizados. Iluminaci\u00f3n decorativa en salones y pasillos de tonos claros.\" \/>\n<meta name=\"robots\" content=\"index, follow, max-snippet:-1, max-image-preview:large, max-video-preview:-1\" \/>\n<link rel=\"canonical\" href=\"https:\/\/ledsolintel.com\/fr\/produit-2\/lampe-murale-moy-4w-de-faro-barcelona\/\" \/>\n<meta property=\"og:locale\" content=\"fr_FR\" \/>\n<meta property=\"og:type\" content=\"article\" \/>\n<meta property=\"og:title\" content=\"Aplique MOY 4W de Faro Barcelona\" \/>\n<meta property=\"og:description\" content=\"Aplique MOY de Faro Barcelona. Dise\u00f1o de Nathrang, aspecto actual, acabados metalizados. Iluminaci\u00f3n decorativa en salones y pasillos de tonos claros.\" \/>\n<meta property=\"og:url\" content=\"https:\/\/ledsolintel.com\/fr\/produit-2\/lampe-murale-moy-4w-de-faro-barcelona\/\" \/>\n<meta property=\"og:site_name\" content=\"Ledsolintel\" \/>\n<meta property=\"article:publisher\" content=\"http:\/\/www.facebook.com\/webmenaje\" \/>\n<meta property=\"og:image\" content=\"https:\/\/ledsolintel.com\/wp-content\/uploads\/2019\/03\/8483-Aplique-MOY-4W-de-Faro-Barcelona.jpg\" \/>\n\t<meta property=\"og:image:width\" content=\"1\" \/>\n\t<meta property=\"og:image:height\" content=\"1\" \/>\n\t<meta property=\"og:image:type\" content=\"image\/jpeg\" \/>\n<meta name=\"twitter:card\" content=\"summary_large_image\" \/>\n<meta name=\"twitter:site\" content=\"@webmenaje\" \/>\n<script type=\"application\/ld+json\" class=\"yoast-schema-graph\">{\"@context\":\"https:\/\/schema.org\",\"@graph\":[{\"@type\":\"WebPage\",\"@id\":\"https:\/\/ledsolintel.com\/product\/aplique-moy-4w-de-faro-barcelona\/\",\"url\":\"https:\/\/ledsolintel.com\/product\/aplique-moy-4w-de-faro-barcelona\/\",\"name\":\"Aplique MOY 4W de Faro Barcelona\",\"isPartOf\":{\"@id\":\"https:\/\/ledsolintel.com\/#website\"},\"primaryImageOfPage\":{\"@id\":\"https:\/\/ledsolintel.com\/product\/aplique-moy-4w-de-faro-barcelona\/#primaryimage\"},\"image\":{\"@id\":\"https:\/\/ledsolintel.com\/product\/aplique-moy-4w-de-faro-barcelona\/#primaryimage\"},\"thumbnailUrl\":\"https:\/\/ledsolintel.com\/wp-content\/uploads\/2019\/03\/8483-Aplique-MOY-4W-de-Faro-Barcelona.jpg\",\"datePublished\":\"2019-03-25T11:54:56+00:00\",\"description\":\"Aplique MOY de Faro Barcelona. Dise\u00f1o de Nathrang, aspecto actual, acabados metalizados. Iluminaci\u00f3n decorativa en salones y pasillos de tonos claros.\",\"breadcrumb\":{\"@id\":\"https:\/\/ledsolintel.com\/product\/aplique-moy-4w-de-faro-barcelona\/#breadcrumb\"},\"inLanguage\":\"fr-FR\",\"potentialAction\":[{\"@type\":\"ReadAction\",\"target\":[\"https:\/\/ledsolintel.com\/product\/aplique-moy-4w-de-faro-barcelona\/\"]}]},{\"@type\":\"ImageObject\",\"inLanguage\":\"fr-FR\",\"@id\":\"https:\/\/ledsolintel.com\/product\/aplique-moy-4w-de-faro-barcelona\/#primaryimage\",\"url\":\"https:\/\/ledsolintel.com\/wp-content\/uploads\/2019\/03\/8483-Aplique-MOY-4W-de-Faro-Barcelona.jpg\",\"contentUrl\":\"https:\/\/ledsolintel.com\/wp-content\/uploads\/2019\/03\/8483-Aplique-MOY-4W-de-Faro-Barcelona.jpg\",\"caption\":\"Aplique MOY 4W de Faro Barcelona\"},{\"@type\":\"BreadcrumbList\",\"@id\":\"https:\/\/ledsolintel.com\/product\/aplique-moy-4w-de-faro-barcelona\/#breadcrumb\",\"itemListElement\":[{\"@type\":\"ListItem\",\"position\":1,\"name\":\"Portada\",\"item\":\"https:\/\/ledsolintel.com\/fr\/\"},{\"@type\":\"ListItem\",\"position\":2,\"name\":\"Tienda\",\"item\":\"https:\/\/ledsolintel.com\/tienda\/\"},{\"@type\":\"ListItem\",\"position\":3,\"name\":\"Aplique MOY 4W de Faro Barcelona\"}]},{\"@type\":\"WebSite\",\"@id\":\"https:\/\/ledsolintel.com\/#website\",\"url\":\"https:\/\/ledsolintel.com\/\",\"name\":\"Webmenaje\",\"description\":\"Tienda de bombillas y l\u00e1mparas LED para profesionales\",\"publisher\":{\"@id\":\"https:\/\/ledsolintel.com\/#organization\"},\"potentialAction\":[{\"@type\":\"SearchAction\",\"target\":{\"@type\":\"EntryPoint\",\"urlTemplate\":\"https:\/\/ledsolintel.com\/?s={search_term_string}\"},\"query-input\":{\"@type\":\"PropertyValueSpecification\",\"valueRequired\":true,\"valueName\":\"search_term_string\"}}],\"inLanguage\":\"fr-FR\"},{\"@type\":\"Organization\",\"@id\":\"https:\/\/ledsolintel.com\/#organization\",\"name\":\"Solintel Noroeste, S.L.\",\"url\":\"https:\/\/ledsolintel.com\/\",\"logo\":{\"@type\":\"ImageObject\",\"inLanguage\":\"fr-FR\",\"@id\":\"https:\/\/ledsolintel.com\/#\/schema\/logo\/image\/\",\"url\":\"https:\/\/ledsolintel.com\/wp-content\/uploads\/2024\/11\/webmenaje-logo-1508269066.jpg\",\"contentUrl\":\"https:\/\/ledsolintel.com\/wp-content\/uploads\/2024\/11\/webmenaje-logo-1508269066.jpg\",\"width\":370,\"height\":90,\"caption\":\"Solintel Noroeste, S.L.\"},\"image\":{\"@id\":\"https:\/\/ledsolintel.com\/#\/schema\/logo\/image\/\"},\"sameAs\":[\"http:\/\/www.facebook.com\/webmenaje\",\"https:\/\/x.com\/webmenaje\",\"https:\/\/www.youtube.com\/channel\/UCX2KoVoeCG4LocZjUc6LmSQ\",\"http:\/\/www.pinterest.com\/webmenaje\"]}]}<\/script>\n<!-- \/ Yoast SEO plugin. -->","yoast_head_json":{"title":"Faro Barcelona Applique MOY 4W","description":"Applique MOY de Faro Barcelona. Design by Nathrang, look moderne, finitions m\u00e9talliques. \u00c9clairage d\u00e9coratif dans les salons et les couloirs dans des tons clairs.","robots":{"index":"index","follow":"follow","max-snippet":"max-snippet:-1","max-image-preview":"max-image-preview:large","max-video-preview":"max-video-preview:-1"},"canonical":"https:\/\/ledsolintel.com\/fr\/produit-2\/lampe-murale-moy-4w-de-faro-barcelona\/","og_locale":"fr_FR","og_type":"article","og_title":"Aplique MOY 4W de Faro Barcelona","og_description":"Aplique MOY de Faro Barcelona. Dise\u00f1o de Nathrang, aspecto actual, acabados metalizados. Iluminaci\u00f3n decorativa en salones y pasillos de tonos claros.","og_url":"https:\/\/ledsolintel.com\/fr\/produit-2\/lampe-murale-moy-4w-de-faro-barcelona\/","og_site_name":"Ledsolintel","article_publisher":"http:\/\/www.facebook.com\/webmenaje","og_image":[{"url":"https:\/\/ledsolintel.com\/wp-content\/uploads\/2019\/03\/8483-Aplique-MOY-4W-de-Faro-Barcelona.jpg","width":1,"height":1,"type":"image\/jpeg"}],"twitter_card":"summary_large_image","twitter_site":"@webmenaje","schema":{"@context":"https:\/\/schema.org","@graph":[{"@type":"WebPage","@id":"https:\/\/ledsolintel.com\/product\/aplique-moy-4w-de-faro-barcelona\/","url":"https:\/\/ledsolintel.com\/product\/aplique-moy-4w-de-faro-barcelona\/","name":"Faro Barcelona Applique MOY 4W","isPartOf":{"@id":"https:\/\/ledsolintel.com\/#website"},"primaryImageOfPage":{"@id":"https:\/\/ledsolintel.com\/product\/aplique-moy-4w-de-faro-barcelona\/#primaryimage"},"image":{"@id":"https:\/\/ledsolintel.com\/product\/aplique-moy-4w-de-faro-barcelona\/#primaryimage"},"thumbnailUrl":"https:\/\/ledsolintel.com\/wp-content\/uploads\/2019\/03\/8483-Aplique-MOY-4W-de-Faro-Barcelona.jpg","datePublished":"2019-03-25T11:54:56+00:00","description":"Applique MOY de Faro Barcelona. Design by Nathrang, look moderne, finitions m\u00e9talliques. \u00c9clairage d\u00e9coratif dans les salons et les couloirs dans des tons clairs.","breadcrumb":{"@id":"https:\/\/ledsolintel.com\/product\/aplique-moy-4w-de-faro-barcelona\/#breadcrumb"},"inLanguage":"fr-FR","potentialAction":[{"@type":"ReadAction","target":["https:\/\/ledsolintel.com\/product\/aplique-moy-4w-de-faro-barcelona\/"]}]},{"@type":"ImageObject","inLanguage":"fr-FR","@id":"https:\/\/ledsolintel.com\/product\/aplique-moy-4w-de-faro-barcelona\/#primaryimage","url":"https:\/\/ledsolintel.com\/wp-content\/uploads\/2019\/03\/8483-Aplique-MOY-4W-de-Faro-Barcelona.jpg","contentUrl":"https:\/\/ledsolintel.com\/wp-content\/uploads\/2019\/03\/8483-Aplique-MOY-4W-de-Faro-Barcelona.jpg","caption":"Aplique MOY 4W de Faro Barcelona"},{"@type":"BreadcrumbList","@id":"https:\/\/ledsolintel.com\/product\/aplique-moy-4w-de-faro-barcelona\/#breadcrumb","itemListElement":[{"@type":"ListItem","position":1,"name":"Portada","item":"https:\/\/ledsolintel.com\/fr\/"},{"@type":"ListItem","position":2,"name":"Tienda","item":"https:\/\/ledsolintel.com\/tienda\/"},{"@type":"ListItem","position":3,"name":"Aplique MOY 4W de Faro Barcelona"}]},{"@type":"WebSite","@id":"https:\/\/ledsolintel.com\/#website","url":"https:\/\/ledsolintel.com\/","name":"Webmenaje","description":"Magasin d'ampoules et de lampes LED pour les professionnels","publisher":{"@id":"https:\/\/ledsolintel.com\/#organization"},"potentialAction":[{"@type":"SearchAction","target":{"@type":"EntryPoint","urlTemplate":"https:\/\/ledsolintel.com\/?s={search_term_string}"},"query-input":{"@type":"PropertyValueSpecification","valueRequired":true,"valueName":"search_term_string"}}],"inLanguage":"fr-FR"},{"@type":"Organization","@id":"https:\/\/ledsolintel.com\/#organization","name":"Solintel Noroeste, S.L.","url":"https:\/\/ledsolintel.com\/","logo":{"@type":"ImageObject","inLanguage":"fr-FR","@id":"https:\/\/ledsolintel.com\/#\/schema\/logo\/image\/","url":"https:\/\/ledsolintel.com\/wp-content\/uploads\/2024\/11\/webmenaje-logo-1508269066.jpg","contentUrl":"https:\/\/ledsolintel.com\/wp-content\/uploads\/2024\/11\/webmenaje-logo-1508269066.jpg","width":370,"height":90,"caption":"Solintel Noroeste, S.L."},"image":{"@id":"https:\/\/ledsolintel.com\/#\/schema\/logo\/image\/"},"sameAs":["http:\/\/www.facebook.com\/webmenaje","https:\/\/x.com\/webmenaje","https:\/\/www.youtube.com\/channel\/UCX2KoVoeCG4LocZjUc6LmSQ","http:\/\/www.pinterest.com\/webmenaje"]}]}},"_links":{"self":[{"href":"https:\/\/ledsolintel.com\/fr\/wp-json\/wp\/v2\/product\/242600","targetHints":{"allow":["GET"]}}],"collection":[{"href":"https:\/\/ledsolintel.com\/fr\/wp-json\/wp\/v2\/product"}],"about":[{"href":"https:\/\/ledsolintel.com\/fr\/wp-json\/wp\/v2\/types\/product"}],"version-history":[{"count":0,"href":"https:\/\/ledsolintel.com\/fr\/wp-json\/wp\/v2\/product\/242600\/revisions"}],"wp:featuredmedia":[{"embeddable":true,"href":"https:\/\/ledsolintel.com\/fr\/wp-json\/wp\/v2\/media\/242594"}],"wp:attachment":[{"href":"https:\/\/ledsolintel.com\/fr\/wp-json\/wp\/v2\/media?parent=242600"}],"wp:term":[{"taxonomy":"product_brand","embeddable":true,"href":"https:\/\/ledsolintel.com\/fr\/wp-json\/wp\/v2\/product_brand?post=242600"},{"taxonomy":"product_cat","embeddable":true,"href":"https:\/\/ledsolintel.com\/fr\/wp-json\/wp\/v2\/product_cat?post=242600"},{"taxonomy":"product_tag","embeddable":true,"href":"https:\/\/ledsolintel.com\/fr\/wp-json\/wp\/v2\/product_tag?post=242600"}],"curies":[{"name":"wp","href":"https:\/\/api.w.org\/{rel}","templated":true}]}}