{"id":242590,"date":"2019-03-20T16:57:32","date_gmt":"2019-03-20T15:57:32","guid":{"rendered":"https:\/\/nueva.ledsolintel.com\/product\/aplique-mood-con-lector-2x3w-de-faro-barcelona\/"},"modified":"2019-03-20T16:57:32","modified_gmt":"2019-03-20T15:57:32","slug":"aplique-mood-con-lector-2x3w-de-faro-barcelona","status":"publish","type":"product","link":"https:\/\/ledsolintel.com\/fr\/produit-2\/aplique-mood-con-lector-2x3w-de-faro-barcelona\/","title":{"rendered":"Applique MOOD avec lecteur 2x3W par Faro Barcelona"},"content":{"rendered":"<h1>Applique MOOD avec lecteur par Faro Barcelona<\/h1>\n<\/p>\n<h3>Caract\u00e9ristiques<\/h3>\n<ul>\n<li>Mat\u00e9riau : m\u00e9tal et bois<\/li>\n<li>Puissance : 2\u00d73 W<\/li>\n<ul>\n<li>Lecteur : 1,5 W<\/li>\n<\/ul>\n<li>Tension : 100-240 V \/ 50-60 Hz<\/li>\n<li>Luminosit\u00e9 : 2\u00d767 lumens<\/li>\n<ul>\n<li>Lecteur : 105 lumens<\/li>\n<\/ul>\n<li>Protection IP20<\/li>\n<li>Poids : 2,07 kg<\/li>\n<li>Dimensions (mm) :\u00a0<\/li>\n<ul>\n<li>Longueur : 370 mm<\/li>\n<li>Largeur : 330 mm<\/li>\n<li>Hauteur : 130 mm<\/li>\n<\/ul>\n<\/ul>","protected":false},"excerpt":{"rendered":"<p>Applique MOOD de Faro Barcelona. Design sophistiqu\u00e9 de Nahtrang dans un style nordique combinant le m\u00e9tal et le bois. Pour les chambres et les salons \u00e0 la maison ou dans les h\u00f4tels et les espaces \u00e0 la d\u00e9coration contemporaine.<\/p>\n<p>Inclut une lampe de lecture.<\/p>","protected":false},"featured_media":242587,"template":"","meta":[],"product_brand":[99359],"product_cat":[99573,99887,99903],"product_tag":[],"class_list":{"0":"post-242590","1":"product","2":"type-product","3":"status-publish","4":"has-post-thumbnail","6":"product_brand-faro-barcelona","7":"product_cat-iluminacion-interior","8":"product_cat-lamparas-de-lectura","9":"product_cat-apliques-y-lamparas-de-techo-lamparas-de-pared","12":"instock","13":"taxable","14":"shipping-taxable","15":"purchasable","16":"product-type-simple"},"yoast_head":"<!-- This site is optimized with the Yoast SEO plugin v26.6 - https:\/\/yoast.com\/wordpress\/plugins\/seo\/ -->\n<title>Aplique MOOD con lector 2x3W de Faro Barcelona<\/title>\n<meta name=\"description\" content=\"Aplique MOON de Faro Barcelona. Sofisticado dise\u00f1o de Nahtrang en estilo n\u00f3rdico que combina el metal y la madera. Salones, dormitorios y hoteles.\" \/>\n<meta name=\"robots\" content=\"index, follow, max-snippet:-1, max-image-preview:large, max-video-preview:-1\" \/>\n<link rel=\"canonical\" href=\"https:\/\/ledsolintel.com\/fr\/produit-2\/aplique-mood-con-lector-2x3w-de-faro-barcelona\/\" \/>\n<meta property=\"og:locale\" content=\"fr_FR\" \/>\n<meta property=\"og:type\" content=\"article\" \/>\n<meta property=\"og:title\" content=\"Aplique MOOD con lector 2x3W de Faro Barcelona\" \/>\n<meta property=\"og:description\" content=\"Aplique MOON de Faro Barcelona. Sofisticado dise\u00f1o de Nahtrang en estilo n\u00f3rdico que combina el metal y la madera. Salones, dormitorios y hoteles.\" \/>\n<meta property=\"og:url\" content=\"https:\/\/ledsolintel.com\/fr\/produit-2\/aplique-mood-con-lector-2x3w-de-faro-barcelona\/\" \/>\n<meta property=\"og:site_name\" content=\"Ledsolintel\" \/>\n<meta property=\"article:publisher\" content=\"http:\/\/www.facebook.com\/webmenaje\" \/>\n<meta property=\"og:image\" content=\"https:\/\/ledsolintel.com\/wp-content\/uploads\/2019\/03\/8478-Aplique-MOOD-con-lector-2x3W-de-Faro-Barcelona.jpg\" \/>\n\t<meta property=\"og:image:width\" content=\"1\" \/>\n\t<meta property=\"og:image:height\" content=\"1\" \/>\n\t<meta property=\"og:image:type\" content=\"image\/jpeg\" \/>\n<meta name=\"twitter:card\" content=\"summary_large_image\" \/>\n<meta name=\"twitter:site\" content=\"@webmenaje\" \/>\n<script type=\"application\/ld+json\" class=\"yoast-schema-graph\">{\"@context\":\"https:\/\/schema.org\",\"@graph\":[{\"@type\":\"WebPage\",\"@id\":\"https:\/\/ledsolintel.com\/product\/aplique-mood-con-lector-2x3w-de-faro-barcelona\/\",\"url\":\"https:\/\/ledsolintel.com\/product\/aplique-mood-con-lector-2x3w-de-faro-barcelona\/\",\"name\":\"Aplique MOOD con lector 2x3W de Faro Barcelona\",\"isPartOf\":{\"@id\":\"https:\/\/ledsolintel.com\/#website\"},\"primaryImageOfPage\":{\"@id\":\"https:\/\/ledsolintel.com\/product\/aplique-mood-con-lector-2x3w-de-faro-barcelona\/#primaryimage\"},\"image\":{\"@id\":\"https:\/\/ledsolintel.com\/product\/aplique-mood-con-lector-2x3w-de-faro-barcelona\/#primaryimage\"},\"thumbnailUrl\":\"https:\/\/ledsolintel.com\/wp-content\/uploads\/2019\/03\/8478-Aplique-MOOD-con-lector-2x3W-de-Faro-Barcelona.jpg\",\"datePublished\":\"2019-03-20T15:57:32+00:00\",\"description\":\"Aplique MOON de Faro Barcelona. Sofisticado dise\u00f1o de Nahtrang en estilo n\u00f3rdico que combina el metal y la madera. Salones, dormitorios y hoteles.\",\"breadcrumb\":{\"@id\":\"https:\/\/ledsolintel.com\/product\/aplique-mood-con-lector-2x3w-de-faro-barcelona\/#breadcrumb\"},\"inLanguage\":\"fr-FR\",\"potentialAction\":[{\"@type\":\"ReadAction\",\"target\":[\"https:\/\/ledsolintel.com\/product\/aplique-mood-con-lector-2x3w-de-faro-barcelona\/\"]}]},{\"@type\":\"ImageObject\",\"inLanguage\":\"fr-FR\",\"@id\":\"https:\/\/ledsolintel.com\/product\/aplique-mood-con-lector-2x3w-de-faro-barcelona\/#primaryimage\",\"url\":\"https:\/\/ledsolintel.com\/wp-content\/uploads\/2019\/03\/8478-Aplique-MOOD-con-lector-2x3W-de-Faro-Barcelona.jpg\",\"contentUrl\":\"https:\/\/ledsolintel.com\/wp-content\/uploads\/2019\/03\/8478-Aplique-MOOD-con-lector-2x3W-de-Faro-Barcelona.jpg\",\"caption\":\"Aplique MOOD con lector 2x3W de Faro Barcelona\"},{\"@type\":\"BreadcrumbList\",\"@id\":\"https:\/\/ledsolintel.com\/product\/aplique-mood-con-lector-2x3w-de-faro-barcelona\/#breadcrumb\",\"itemListElement\":[{\"@type\":\"ListItem\",\"position\":1,\"name\":\"Portada\",\"item\":\"https:\/\/ledsolintel.com\/fr\/\"},{\"@type\":\"ListItem\",\"position\":2,\"name\":\"Tienda\",\"item\":\"https:\/\/ledsolintel.com\/tienda\/\"},{\"@type\":\"ListItem\",\"position\":3,\"name\":\"Aplique MOOD con lector 2x3W de Faro Barcelona\"}]},{\"@type\":\"WebSite\",\"@id\":\"https:\/\/ledsolintel.com\/#website\",\"url\":\"https:\/\/ledsolintel.com\/\",\"name\":\"Webmenaje\",\"description\":\"Tienda de bombillas y l\u00e1mparas LED para profesionales\",\"publisher\":{\"@id\":\"https:\/\/ledsolintel.com\/#organization\"},\"potentialAction\":[{\"@type\":\"SearchAction\",\"target\":{\"@type\":\"EntryPoint\",\"urlTemplate\":\"https:\/\/ledsolintel.com\/?s={search_term_string}\"},\"query-input\":{\"@type\":\"PropertyValueSpecification\",\"valueRequired\":true,\"valueName\":\"search_term_string\"}}],\"inLanguage\":\"fr-FR\"},{\"@type\":\"Organization\",\"@id\":\"https:\/\/ledsolintel.com\/#organization\",\"name\":\"Solintel Noroeste, S.L.\",\"url\":\"https:\/\/ledsolintel.com\/\",\"logo\":{\"@type\":\"ImageObject\",\"inLanguage\":\"fr-FR\",\"@id\":\"https:\/\/ledsolintel.com\/#\/schema\/logo\/image\/\",\"url\":\"https:\/\/ledsolintel.com\/wp-content\/uploads\/2024\/11\/webmenaje-logo-1508269066.jpg\",\"contentUrl\":\"https:\/\/ledsolintel.com\/wp-content\/uploads\/2024\/11\/webmenaje-logo-1508269066.jpg\",\"width\":370,\"height\":90,\"caption\":\"Solintel Noroeste, S.L.\"},\"image\":{\"@id\":\"https:\/\/ledsolintel.com\/#\/schema\/logo\/image\/\"},\"sameAs\":[\"http:\/\/www.facebook.com\/webmenaje\",\"https:\/\/x.com\/webmenaje\",\"https:\/\/www.youtube.com\/channel\/UCX2KoVoeCG4LocZjUc6LmSQ\",\"http:\/\/www.pinterest.com\/webmenaje\"]}]}<\/script>\n<!-- \/ Yoast SEO plugin. -->","yoast_head_json":{"title":"Applique MOOD avec lecteur 2x3W par Faro Barcelona","description":"Lampe murale MOON par Faro Barcelona. Design sophistiqu\u00e9 de Nahtrang dans un style nordique combinant le m\u00e9tal et le bois. Salons, chambres \u00e0 coucher et h\u00f4tels.","robots":{"index":"index","follow":"follow","max-snippet":"max-snippet:-1","max-image-preview":"max-image-preview:large","max-video-preview":"max-video-preview:-1"},"canonical":"https:\/\/ledsolintel.com\/fr\/produit-2\/aplique-mood-con-lector-2x3w-de-faro-barcelona\/","og_locale":"fr_FR","og_type":"article","og_title":"Aplique MOOD con lector 2x3W de Faro Barcelona","og_description":"Aplique MOON de Faro Barcelona. Sofisticado dise\u00f1o de Nahtrang en estilo n\u00f3rdico que combina el metal y la madera. Salones, dormitorios y hoteles.","og_url":"https:\/\/ledsolintel.com\/fr\/produit-2\/aplique-mood-con-lector-2x3w-de-faro-barcelona\/","og_site_name":"Ledsolintel","article_publisher":"http:\/\/www.facebook.com\/webmenaje","og_image":[{"url":"https:\/\/ledsolintel.com\/wp-content\/uploads\/2019\/03\/8478-Aplique-MOOD-con-lector-2x3W-de-Faro-Barcelona.jpg","width":1,"height":1,"type":"image\/jpeg"}],"twitter_card":"summary_large_image","twitter_site":"@webmenaje","schema":{"@context":"https:\/\/schema.org","@graph":[{"@type":"WebPage","@id":"https:\/\/ledsolintel.com\/product\/aplique-mood-con-lector-2x3w-de-faro-barcelona\/","url":"https:\/\/ledsolintel.com\/product\/aplique-mood-con-lector-2x3w-de-faro-barcelona\/","name":"Applique MOOD avec lecteur 2x3W par Faro Barcelona","isPartOf":{"@id":"https:\/\/ledsolintel.com\/#website"},"primaryImageOfPage":{"@id":"https:\/\/ledsolintel.com\/product\/aplique-mood-con-lector-2x3w-de-faro-barcelona\/#primaryimage"},"image":{"@id":"https:\/\/ledsolintel.com\/product\/aplique-mood-con-lector-2x3w-de-faro-barcelona\/#primaryimage"},"thumbnailUrl":"https:\/\/ledsolintel.com\/wp-content\/uploads\/2019\/03\/8478-Aplique-MOOD-con-lector-2x3W-de-Faro-Barcelona.jpg","datePublished":"2019-03-20T15:57:32+00:00","description":"Lampe murale MOON par Faro Barcelona. Design sophistiqu\u00e9 de Nahtrang dans un style nordique combinant le m\u00e9tal et le bois. Salons, chambres \u00e0 coucher et h\u00f4tels.","breadcrumb":{"@id":"https:\/\/ledsolintel.com\/product\/aplique-mood-con-lector-2x3w-de-faro-barcelona\/#breadcrumb"},"inLanguage":"fr-FR","potentialAction":[{"@type":"ReadAction","target":["https:\/\/ledsolintel.com\/product\/aplique-mood-con-lector-2x3w-de-faro-barcelona\/"]}]},{"@type":"ImageObject","inLanguage":"fr-FR","@id":"https:\/\/ledsolintel.com\/product\/aplique-mood-con-lector-2x3w-de-faro-barcelona\/#primaryimage","url":"https:\/\/ledsolintel.com\/wp-content\/uploads\/2019\/03\/8478-Aplique-MOOD-con-lector-2x3W-de-Faro-Barcelona.jpg","contentUrl":"https:\/\/ledsolintel.com\/wp-content\/uploads\/2019\/03\/8478-Aplique-MOOD-con-lector-2x3W-de-Faro-Barcelona.jpg","caption":"Aplique MOOD con lector 2x3W de Faro Barcelona"},{"@type":"BreadcrumbList","@id":"https:\/\/ledsolintel.com\/product\/aplique-mood-con-lector-2x3w-de-faro-barcelona\/#breadcrumb","itemListElement":[{"@type":"ListItem","position":1,"name":"Portada","item":"https:\/\/ledsolintel.com\/fr\/"},{"@type":"ListItem","position":2,"name":"Tienda","item":"https:\/\/ledsolintel.com\/tienda\/"},{"@type":"ListItem","position":3,"name":"Aplique MOOD con lector 2x3W de Faro Barcelona"}]},{"@type":"WebSite","@id":"https:\/\/ledsolintel.com\/#website","url":"https:\/\/ledsolintel.com\/","name":"Webmenaje","description":"Magasin d'ampoules et de lampes LED pour les professionnels","publisher":{"@id":"https:\/\/ledsolintel.com\/#organization"},"potentialAction":[{"@type":"SearchAction","target":{"@type":"EntryPoint","urlTemplate":"https:\/\/ledsolintel.com\/?s={search_term_string}"},"query-input":{"@type":"PropertyValueSpecification","valueRequired":true,"valueName":"search_term_string"}}],"inLanguage":"fr-FR"},{"@type":"Organization","@id":"https:\/\/ledsolintel.com\/#organization","name":"Solintel Noroeste, S.L.","url":"https:\/\/ledsolintel.com\/","logo":{"@type":"ImageObject","inLanguage":"fr-FR","@id":"https:\/\/ledsolintel.com\/#\/schema\/logo\/image\/","url":"https:\/\/ledsolintel.com\/wp-content\/uploads\/2024\/11\/webmenaje-logo-1508269066.jpg","contentUrl":"https:\/\/ledsolintel.com\/wp-content\/uploads\/2024\/11\/webmenaje-logo-1508269066.jpg","width":370,"height":90,"caption":"Solintel Noroeste, S.L."},"image":{"@id":"https:\/\/ledsolintel.com\/#\/schema\/logo\/image\/"},"sameAs":["http:\/\/www.facebook.com\/webmenaje","https:\/\/x.com\/webmenaje","https:\/\/www.youtube.com\/channel\/UCX2KoVoeCG4LocZjUc6LmSQ","http:\/\/www.pinterest.com\/webmenaje"]}]}},"_links":{"self":[{"href":"https:\/\/ledsolintel.com\/fr\/wp-json\/wp\/v2\/product\/242590","targetHints":{"allow":["GET"]}}],"collection":[{"href":"https:\/\/ledsolintel.com\/fr\/wp-json\/wp\/v2\/product"}],"about":[{"href":"https:\/\/ledsolintel.com\/fr\/wp-json\/wp\/v2\/types\/product"}],"version-history":[{"count":0,"href":"https:\/\/ledsolintel.com\/fr\/wp-json\/wp\/v2\/product\/242590\/revisions"}],"wp:featuredmedia":[{"embeddable":true,"href":"https:\/\/ledsolintel.com\/fr\/wp-json\/wp\/v2\/media\/242587"}],"wp:attachment":[{"href":"https:\/\/ledsolintel.com\/fr\/wp-json\/wp\/v2\/media?parent=242590"}],"wp:term":[{"taxonomy":"product_brand","embeddable":true,"href":"https:\/\/ledsolintel.com\/fr\/wp-json\/wp\/v2\/product_brand?post=242590"},{"taxonomy":"product_cat","embeddable":true,"href":"https:\/\/ledsolintel.com\/fr\/wp-json\/wp\/v2\/product_cat?post=242590"},{"taxonomy":"product_tag","embeddable":true,"href":"https:\/\/ledsolintel.com\/fr\/wp-json\/wp\/v2\/product_tag?post=242590"}],"curies":[{"name":"wp","href":"https:\/\/api.w.org\/{rel}","templated":true}]}}