{"id":242561,"date":"2019-03-19T15:42:40","date_gmt":"2019-03-19T14:42:40","guid":{"rendered":"https:\/\/nueva.ledsolintel.com\/product\/lampara-portatil-toc-2w-de-faro-barcelona\/"},"modified":"2019-03-19T15:42:40","modified_gmt":"2019-03-19T14:42:40","slug":"lampara-portatil-toc-2w-de-faro-barcelona","status":"publish","type":"product","link":"https:\/\/ledsolintel.com\/fr\/produit-2\/lampara-portatil-toc-2w-de-faro-barcelona\/","title":{"rendered":"Lampe portable TOC 2W par Faro Barcelona"},"content":{"rendered":"<h1>Lampe portable TOC par Faro Barcelona<\/h1>\n<p>\u00a0<\/p>\n<h3>Caract\u00e9ristiques<\/h3>\n<ul>\n<li>Mat\u00e9riau : Aluminium et diffuseur en polycarbonate<\/li>\n<li>Puissance : 2,2 W<\/li>\n<li>Tension : 100-240 V \/ 50-60 Hz<\/li>\n<li>Luminosit\u00e9 : 150 lumens<\/li>\n<li>Temp\u00e9rature de couleur : blanc tr\u00e8s chaud 3000 K<\/li>\n<li>Protection IP54<\/li>\n<li>Poids : 1,4 kg<\/li>\n<li>Dimensions (mm) :<\/li>\n<ul>\n<li>Longueur : 100<\/li>\n<li>Largeur : 110\u00a0<\/li>\n<li>Hauteur : 390<\/li>\n<\/ul>\n<\/ul>","protected":false},"excerpt":{"rendered":"<p>Lampe portable TOC de Faro Barcelona. Avec un style qui joue avec la lampe classique et une protection contre la pluie, elle peut \u00eatre transport\u00e9e pour \u00eatre utilis\u00e9e aussi bien \u00e0 l'ext\u00e9rieur qu'\u00e0 l'int\u00e9rieur. Jusqu'\u00e0 9 heures de lumi\u00e8re.<\/p>\n<p>Disponible en 4 couleurs.<\/p>","protected":false},"featured_media":242555,"template":"","meta":[],"product_brand":[99359],"product_cat":[99583],"product_tag":[],"class_list":{"0":"post-242561","1":"product","2":"type-product","3":"status-publish","4":"has-post-thumbnail","6":"product_brand-faro-barcelona","7":"product_cat-lamparas-portatiles","8":"pa_acabado-blanco","9":"pa_acabado-gris","10":"pa_acabado-negro","13":"instock","14":"taxable","15":"shipping-taxable","16":"purchasable","17":"product-type-variable","18":"has-default-attributes"},"yoast_head":"<!-- This site is optimized with the Yoast SEO plugin v26.6 - https:\/\/yoast.com\/wordpress\/plugins\/seo\/ -->\n<title>L\u00e1mpara port\u00e1til TOC 2W de Faro Barcelona<\/title>\n<meta name=\"description\" content=\"L\u00e1mpara port\u00e1til TOC de Faro Barcelona. Con un estilo que juega con la l\u00e1mpara cl\u00e1sica y protecci\u00f3n contra el agua, puede usarse en interior y en exterior\" \/>\n<meta name=\"robots\" content=\"index, follow, max-snippet:-1, max-image-preview:large, max-video-preview:-1\" \/>\n<link rel=\"canonical\" href=\"https:\/\/ledsolintel.com\/fr\/produit-2\/lampara-portatil-toc-2w-de-faro-barcelona\/\" \/>\n<meta property=\"og:locale\" content=\"fr_FR\" \/>\n<meta property=\"og:type\" content=\"article\" \/>\n<meta property=\"og:title\" content=\"L\u00e1mpara port\u00e1til TOC 2W de Faro Barcelona\" \/>\n<meta property=\"og:description\" content=\"L\u00e1mpara port\u00e1til TOC de Faro Barcelona. Con un estilo que juega con la l\u00e1mpara cl\u00e1sica y protecci\u00f3n contra el agua, puede usarse en interior y en exterior\" \/>\n<meta property=\"og:url\" content=\"https:\/\/ledsolintel.com\/fr\/produit-2\/lampara-portatil-toc-2w-de-faro-barcelona\/\" \/>\n<meta property=\"og:site_name\" content=\"Ledsolintel\" \/>\n<meta property=\"article:publisher\" content=\"http:\/\/www.facebook.com\/webmenaje\" \/>\n<meta property=\"og:image\" content=\"https:\/\/ledsolintel.com\/wp-content\/uploads\/2019\/03\/8458-Lampara-portatil-TOC-2W-de-Faro-Barcelona.jpg\" \/>\n\t<meta property=\"og:image:width\" content=\"1\" \/>\n\t<meta property=\"og:image:height\" content=\"1\" \/>\n\t<meta property=\"og:image:type\" content=\"image\/jpeg\" \/>\n<meta name=\"twitter:card\" content=\"summary_large_image\" \/>\n<meta name=\"twitter:site\" content=\"@webmenaje\" \/>\n<script type=\"application\/ld+json\" class=\"yoast-schema-graph\">{\"@context\":\"https:\/\/schema.org\",\"@graph\":[{\"@type\":\"WebPage\",\"@id\":\"https:\/\/ledsolintel.com\/product\/lampara-portatil-toc-2w-de-faro-barcelona\/\",\"url\":\"https:\/\/ledsolintel.com\/product\/lampara-portatil-toc-2w-de-faro-barcelona\/\",\"name\":\"L\u00e1mpara port\u00e1til TOC 2W de Faro Barcelona\",\"isPartOf\":{\"@id\":\"https:\/\/ledsolintel.com\/#website\"},\"primaryImageOfPage\":{\"@id\":\"https:\/\/ledsolintel.com\/product\/lampara-portatil-toc-2w-de-faro-barcelona\/#primaryimage\"},\"image\":{\"@id\":\"https:\/\/ledsolintel.com\/product\/lampara-portatil-toc-2w-de-faro-barcelona\/#primaryimage\"},\"thumbnailUrl\":\"https:\/\/ledsolintel.com\/wp-content\/uploads\/2019\/03\/8458-Lampara-portatil-TOC-2W-de-Faro-Barcelona.jpg\",\"datePublished\":\"2019-03-19T14:42:40+00:00\",\"description\":\"L\u00e1mpara port\u00e1til TOC de Faro Barcelona. Con un estilo que juega con la l\u00e1mpara cl\u00e1sica y protecci\u00f3n contra el agua, puede usarse en interior y en exterior\",\"breadcrumb\":{\"@id\":\"https:\/\/ledsolintel.com\/product\/lampara-portatil-toc-2w-de-faro-barcelona\/#breadcrumb\"},\"inLanguage\":\"fr-FR\",\"potentialAction\":[{\"@type\":\"ReadAction\",\"target\":[\"https:\/\/ledsolintel.com\/product\/lampara-portatil-toc-2w-de-faro-barcelona\/\"]}]},{\"@type\":\"ImageObject\",\"inLanguage\":\"fr-FR\",\"@id\":\"https:\/\/ledsolintel.com\/product\/lampara-portatil-toc-2w-de-faro-barcelona\/#primaryimage\",\"url\":\"https:\/\/ledsolintel.com\/wp-content\/uploads\/2019\/03\/8458-Lampara-portatil-TOC-2W-de-Faro-Barcelona.jpg\",\"contentUrl\":\"https:\/\/ledsolintel.com\/wp-content\/uploads\/2019\/03\/8458-Lampara-portatil-TOC-2W-de-Faro-Barcelona.jpg\",\"caption\":\"L\u00e1mpara port\u00e1til TOC 2W de Faro Barcelona\"},{\"@type\":\"BreadcrumbList\",\"@id\":\"https:\/\/ledsolintel.com\/product\/lampara-portatil-toc-2w-de-faro-barcelona\/#breadcrumb\",\"itemListElement\":[{\"@type\":\"ListItem\",\"position\":1,\"name\":\"Portada\",\"item\":\"https:\/\/ledsolintel.com\/fr\/\"},{\"@type\":\"ListItem\",\"position\":2,\"name\":\"Tienda\",\"item\":\"https:\/\/ledsolintel.com\/tienda\/\"},{\"@type\":\"ListItem\",\"position\":3,\"name\":\"L\u00e1mpara port\u00e1til TOC 2W de Faro Barcelona\"}]},{\"@type\":\"WebSite\",\"@id\":\"https:\/\/ledsolintel.com\/#website\",\"url\":\"https:\/\/ledsolintel.com\/\",\"name\":\"Webmenaje\",\"description\":\"Tienda de bombillas y l\u00e1mparas LED para profesionales\",\"publisher\":{\"@id\":\"https:\/\/ledsolintel.com\/#organization\"},\"potentialAction\":[{\"@type\":\"SearchAction\",\"target\":{\"@type\":\"EntryPoint\",\"urlTemplate\":\"https:\/\/ledsolintel.com\/?s={search_term_string}\"},\"query-input\":{\"@type\":\"PropertyValueSpecification\",\"valueRequired\":true,\"valueName\":\"search_term_string\"}}],\"inLanguage\":\"fr-FR\"},{\"@type\":\"Organization\",\"@id\":\"https:\/\/ledsolintel.com\/#organization\",\"name\":\"Solintel Noroeste, S.L.\",\"url\":\"https:\/\/ledsolintel.com\/\",\"logo\":{\"@type\":\"ImageObject\",\"inLanguage\":\"fr-FR\",\"@id\":\"https:\/\/ledsolintel.com\/#\/schema\/logo\/image\/\",\"url\":\"https:\/\/ledsolintel.com\/wp-content\/uploads\/2024\/11\/webmenaje-logo-1508269066.jpg\",\"contentUrl\":\"https:\/\/ledsolintel.com\/wp-content\/uploads\/2024\/11\/webmenaje-logo-1508269066.jpg\",\"width\":370,\"height\":90,\"caption\":\"Solintel Noroeste, S.L.\"},\"image\":{\"@id\":\"https:\/\/ledsolintel.com\/#\/schema\/logo\/image\/\"},\"sameAs\":[\"http:\/\/www.facebook.com\/webmenaje\",\"https:\/\/x.com\/webmenaje\",\"https:\/\/www.youtube.com\/channel\/UCX2KoVoeCG4LocZjUc6LmSQ\",\"http:\/\/www.pinterest.com\/webmenaje\"]}]}<\/script>\n<!-- \/ Yoast SEO plugin. -->","yoast_head_json":{"title":"Lampe portable TOC 2W par Faro Barcelona","description":"L\u00e1mpara port\u00e1til TOC de Faro Barcelona. Con un estilo que juega con la l\u00e1mpara cl\u00e1sica y protecci\u00f3n contra el agua, puede usarse en interior y en exterior","robots":{"index":"index","follow":"follow","max-snippet":"max-snippet:-1","max-image-preview":"max-image-preview:large","max-video-preview":"max-video-preview:-1"},"canonical":"https:\/\/ledsolintel.com\/fr\/produit-2\/lampara-portatil-toc-2w-de-faro-barcelona\/","og_locale":"fr_FR","og_type":"article","og_title":"L\u00e1mpara port\u00e1til TOC 2W de Faro Barcelona","og_description":"L\u00e1mpara port\u00e1til TOC de Faro Barcelona. Con un estilo que juega con la l\u00e1mpara cl\u00e1sica y protecci\u00f3n contra el agua, puede usarse en interior y en exterior","og_url":"https:\/\/ledsolintel.com\/fr\/produit-2\/lampara-portatil-toc-2w-de-faro-barcelona\/","og_site_name":"Ledsolintel","article_publisher":"http:\/\/www.facebook.com\/webmenaje","og_image":[{"url":"https:\/\/ledsolintel.com\/wp-content\/uploads\/2019\/03\/8458-Lampara-portatil-TOC-2W-de-Faro-Barcelona.jpg","width":1,"height":1,"type":"image\/jpeg"}],"twitter_card":"summary_large_image","twitter_site":"@webmenaje","schema":{"@context":"https:\/\/schema.org","@graph":[{"@type":"WebPage","@id":"https:\/\/ledsolintel.com\/product\/lampara-portatil-toc-2w-de-faro-barcelona\/","url":"https:\/\/ledsolintel.com\/product\/lampara-portatil-toc-2w-de-faro-barcelona\/","name":"Lampe portable TOC 2W par Faro Barcelona","isPartOf":{"@id":"https:\/\/ledsolintel.com\/#website"},"primaryImageOfPage":{"@id":"https:\/\/ledsolintel.com\/product\/lampara-portatil-toc-2w-de-faro-barcelona\/#primaryimage"},"image":{"@id":"https:\/\/ledsolintel.com\/product\/lampara-portatil-toc-2w-de-faro-barcelona\/#primaryimage"},"thumbnailUrl":"https:\/\/ledsolintel.com\/wp-content\/uploads\/2019\/03\/8458-Lampara-portatil-TOC-2W-de-Faro-Barcelona.jpg","datePublished":"2019-03-19T14:42:40+00:00","description":"L\u00e1mpara port\u00e1til TOC de Faro Barcelona. Con un estilo que juega con la l\u00e1mpara cl\u00e1sica y protecci\u00f3n contra el agua, puede usarse en interior y en exterior","breadcrumb":{"@id":"https:\/\/ledsolintel.com\/product\/lampara-portatil-toc-2w-de-faro-barcelona\/#breadcrumb"},"inLanguage":"fr-FR","potentialAction":[{"@type":"ReadAction","target":["https:\/\/ledsolintel.com\/product\/lampara-portatil-toc-2w-de-faro-barcelona\/"]}]},{"@type":"ImageObject","inLanguage":"fr-FR","@id":"https:\/\/ledsolintel.com\/product\/lampara-portatil-toc-2w-de-faro-barcelona\/#primaryimage","url":"https:\/\/ledsolintel.com\/wp-content\/uploads\/2019\/03\/8458-Lampara-portatil-TOC-2W-de-Faro-Barcelona.jpg","contentUrl":"https:\/\/ledsolintel.com\/wp-content\/uploads\/2019\/03\/8458-Lampara-portatil-TOC-2W-de-Faro-Barcelona.jpg","caption":"L\u00e1mpara port\u00e1til TOC 2W de Faro Barcelona"},{"@type":"BreadcrumbList","@id":"https:\/\/ledsolintel.com\/product\/lampara-portatil-toc-2w-de-faro-barcelona\/#breadcrumb","itemListElement":[{"@type":"ListItem","position":1,"name":"Portada","item":"https:\/\/ledsolintel.com\/fr\/"},{"@type":"ListItem","position":2,"name":"Tienda","item":"https:\/\/ledsolintel.com\/tienda\/"},{"@type":"ListItem","position":3,"name":"L\u00e1mpara port\u00e1til TOC 2W de Faro Barcelona"}]},{"@type":"WebSite","@id":"https:\/\/ledsolintel.com\/#website","url":"https:\/\/ledsolintel.com\/","name":"Webmenaje","description":"Magasin d'ampoules et de lampes LED pour les professionnels","publisher":{"@id":"https:\/\/ledsolintel.com\/#organization"},"potentialAction":[{"@type":"SearchAction","target":{"@type":"EntryPoint","urlTemplate":"https:\/\/ledsolintel.com\/?s={search_term_string}"},"query-input":{"@type":"PropertyValueSpecification","valueRequired":true,"valueName":"search_term_string"}}],"inLanguage":"fr-FR"},{"@type":"Organization","@id":"https:\/\/ledsolintel.com\/#organization","name":"Solintel Noroeste, S.L.","url":"https:\/\/ledsolintel.com\/","logo":{"@type":"ImageObject","inLanguage":"fr-FR","@id":"https:\/\/ledsolintel.com\/#\/schema\/logo\/image\/","url":"https:\/\/ledsolintel.com\/wp-content\/uploads\/2024\/11\/webmenaje-logo-1508269066.jpg","contentUrl":"https:\/\/ledsolintel.com\/wp-content\/uploads\/2024\/11\/webmenaje-logo-1508269066.jpg","width":370,"height":90,"caption":"Solintel Noroeste, S.L."},"image":{"@id":"https:\/\/ledsolintel.com\/#\/schema\/logo\/image\/"},"sameAs":["http:\/\/www.facebook.com\/webmenaje","https:\/\/x.com\/webmenaje","https:\/\/www.youtube.com\/channel\/UCX2KoVoeCG4LocZjUc6LmSQ","http:\/\/www.pinterest.com\/webmenaje"]}]}},"_links":{"self":[{"href":"https:\/\/ledsolintel.com\/fr\/wp-json\/wp\/v2\/product\/242561","targetHints":{"allow":["GET"]}}],"collection":[{"href":"https:\/\/ledsolintel.com\/fr\/wp-json\/wp\/v2\/product"}],"about":[{"href":"https:\/\/ledsolintel.com\/fr\/wp-json\/wp\/v2\/types\/product"}],"version-history":[{"count":0,"href":"https:\/\/ledsolintel.com\/fr\/wp-json\/wp\/v2\/product\/242561\/revisions"}],"wp:featuredmedia":[{"embeddable":true,"href":"https:\/\/ledsolintel.com\/fr\/wp-json\/wp\/v2\/media\/242555"}],"wp:attachment":[{"href":"https:\/\/ledsolintel.com\/fr\/wp-json\/wp\/v2\/media?parent=242561"}],"wp:term":[{"taxonomy":"product_brand","embeddable":true,"href":"https:\/\/ledsolintel.com\/fr\/wp-json\/wp\/v2\/product_brand?post=242561"},{"taxonomy":"product_cat","embeddable":true,"href":"https:\/\/ledsolintel.com\/fr\/wp-json\/wp\/v2\/product_cat?post=242561"},{"taxonomy":"product_tag","embeddable":true,"href":"https:\/\/ledsolintel.com\/fr\/wp-json\/wp\/v2\/product_tag?post=242561"}],"curies":[{"name":"wp","href":"https:\/\/api.w.org\/{rel}","templated":true}]}}