{"id":242551,"date":"2019-03-19T12:40:46","date_gmt":"2019-03-19T11:40:46","guid":{"rendered":"https:\/\/nueva.ledsolintel.com\/product\/aplique-nahir-60w-de-faro-barcelona\/"},"modified":"2019-03-19T12:40:46","modified_gmt":"2019-03-19T11:40:46","slug":"lampe-murale-nahir-60w-by-faro-barcelona","status":"publish","type":"product","link":"https:\/\/ledsolintel.com\/fr\/produit-2\/lampe-murale-nahir-60w-by-faro-barcelona\/","title":{"rendered":"Applique NAHIR 60W de Faro Barcelona"},"content":{"rendered":"<h1>Applique NAHIR by Faro Barcelona<\/h1>\n<p>\u00a0<\/p>\n<h3>Caract\u00e9ristiques<\/h3>\n<ul>\n<li>Mat\u00e9riau : laiton et diffuseur en verre<\/li>\n<li>Puissance maximale : 60 W<\/li>\n<li>Tension : 100-240 V \/ 50-60 Hz<\/li>\n<li>Protection IP44<\/li>\n<li>Poids : 2,06 kg<\/li>\n<li>Dimensions :<\/li>\n<ul>\n<li>Hauteur : 210 mm<\/li>\n<li>Diam\u00e8tre : 120 mm<\/li>\n<\/ul>\n<\/ul>\n<p>\u00a0<\/p>\n<p><strong>Remarque : les ampoules ne sont pas incluses. Toutes les ampoules \u00e0 connexion E27 jusqu'\u00e0 60 W sont valables. Nous vous recommandons de vous tourner vers des fabricants tels que Roblan ou Beneito Faure, dont vous trouverez les produits sur ce site.<\/strong><\/p>","protected":false},"excerpt":{"rendered":"<p>L'applique NAHIR de Faro Barcelona est fabriqu\u00e9e en laiton et en verre, avec une esth\u00e9tique marine et une haute protection contre l'humidit\u00e9 et les corps solides. Pour jardins et autres ext\u00e9rieurs.<\/p>\n<p>Ampoule (jusqu'\u00e0 60W) non incluse.<\/p>","protected":false},"featured_media":242548,"template":"","meta":[],"product_brand":[99359],"product_cat":[99603,99575],"product_tag":[],"class_list":{"0":"post-242551","1":"product","2":"type-product","3":"status-publish","4":"has-post-thumbnail","6":"product_brand-faro-barcelona","7":"product_cat-apliques-para-exterior","8":"product_cat-iluminacion-para-jardines-y-exteriores","11":"instock","12":"taxable","13":"shipping-taxable","14":"purchasable","15":"product-type-simple"},"yoast_head":"<!-- This site is optimized with the Yoast SEO plugin v27.4 - https:\/\/yoast.com\/product\/yoast-seo-wordpress\/ -->\n<title>Aplique NAHIR 60W de Faro Barcelona<\/title>\n<meta name=\"description\" content=\"El aplique NAHIR de Faro Barcelona est\u00e1 fabricado en lat\u00f3n y cristal, con una est\u00e9tica marina y una alta protecci\u00f3n contra la humedad y los cuerpos s\u00f3lidos.\" \/>\n<meta name=\"robots\" content=\"index, follow, max-snippet:-1, max-image-preview:large, max-video-preview:-1\" \/>\n<link rel=\"canonical\" href=\"https:\/\/ledsolintel.com\/fr\/produit-2\/lampe-murale-nahir-60w-by-faro-barcelona\/\" \/>\n<meta property=\"og:locale\" content=\"fr_FR\" \/>\n<meta property=\"og:type\" content=\"article\" \/>\n<meta property=\"og:title\" content=\"Aplique NAHIR 60W de Faro Barcelona\" \/>\n<meta property=\"og:description\" content=\"El aplique NAHIR de Faro Barcelona est\u00e1 fabricado en lat\u00f3n y cristal, con una est\u00e9tica marina y una alta protecci\u00f3n contra la humedad y los cuerpos s\u00f3lidos.\" \/>\n<meta property=\"og:url\" content=\"https:\/\/ledsolintel.com\/fr\/produit-2\/lampe-murale-nahir-60w-by-faro-barcelona\/\" \/>\n<meta property=\"og:site_name\" content=\"Ledsolintel\" \/>\n<meta property=\"article:publisher\" content=\"http:\/\/www.facebook.com\/webmenaje\" \/>\n<meta property=\"og:image\" content=\"https:\/\/ledsolintel.com\/wp-content\/uploads\/2019\/03\/8449-Aplique-NAHIR-60W-de-Faro-Barcelona.jpg\" \/>\n\t<meta property=\"og:image:width\" content=\"1\" \/>\n\t<meta property=\"og:image:height\" content=\"1\" \/>\n\t<meta property=\"og:image:type\" content=\"image\/jpeg\" \/>\n<meta name=\"twitter:card\" content=\"summary_large_image\" \/>\n<meta name=\"twitter:site\" content=\"@webmenaje\" \/>\n<script type=\"application\/ld+json\" class=\"yoast-schema-graph\">{\"@context\":\"https:\\\/\\\/schema.org\",\"@graph\":[{\"@type\":\"WebPage\",\"@id\":\"https:\\\/\\\/ledsolintel.com\\\/product\\\/aplique-nahir-60w-de-faro-barcelona\\\/\",\"url\":\"https:\\\/\\\/ledsolintel.com\\\/product\\\/aplique-nahir-60w-de-faro-barcelona\\\/\",\"name\":\"Aplique NAHIR 60W de Faro Barcelona\",\"isPartOf\":{\"@id\":\"https:\\\/\\\/ledsolintel.com\\\/#website\"},\"primaryImageOfPage\":{\"@id\":\"https:\\\/\\\/ledsolintel.com\\\/product\\\/aplique-nahir-60w-de-faro-barcelona\\\/#primaryimage\"},\"image\":{\"@id\":\"https:\\\/\\\/ledsolintel.com\\\/product\\\/aplique-nahir-60w-de-faro-barcelona\\\/#primaryimage\"},\"thumbnailUrl\":\"https:\\\/\\\/ledsolintel.com\\\/wp-content\\\/uploads\\\/2019\\\/03\\\/8449-Aplique-NAHIR-60W-de-Faro-Barcelona.jpg\",\"datePublished\":\"2019-03-19T11:40:46+00:00\",\"description\":\"El aplique NAHIR de Faro Barcelona est\u00e1 fabricado en lat\u00f3n y cristal, con una est\u00e9tica marina y una alta protecci\u00f3n contra la humedad y los cuerpos s\u00f3lidos.\",\"breadcrumb\":{\"@id\":\"https:\\\/\\\/ledsolintel.com\\\/product\\\/aplique-nahir-60w-de-faro-barcelona\\\/#breadcrumb\"},\"inLanguage\":\"fr-FR\",\"potentialAction\":[{\"@type\":\"ReadAction\",\"target\":[\"https:\\\/\\\/ledsolintel.com\\\/product\\\/aplique-nahir-60w-de-faro-barcelona\\\/\"]}]},{\"@type\":\"ImageObject\",\"inLanguage\":\"fr-FR\",\"@id\":\"https:\\\/\\\/ledsolintel.com\\\/product\\\/aplique-nahir-60w-de-faro-barcelona\\\/#primaryimage\",\"url\":\"https:\\\/\\\/ledsolintel.com\\\/wp-content\\\/uploads\\\/2019\\\/03\\\/8449-Aplique-NAHIR-60W-de-Faro-Barcelona.jpg\",\"contentUrl\":\"https:\\\/\\\/ledsolintel.com\\\/wp-content\\\/uploads\\\/2019\\\/03\\\/8449-Aplique-NAHIR-60W-de-Faro-Barcelona.jpg\",\"caption\":\"Aplique NAHIR 60W de Faro Barcelona\"},{\"@type\":\"BreadcrumbList\",\"@id\":\"https:\\\/\\\/ledsolintel.com\\\/product\\\/aplique-nahir-60w-de-faro-barcelona\\\/#breadcrumb\",\"itemListElement\":[{\"@type\":\"ListItem\",\"position\":1,\"name\":\"Portada\",\"item\":\"https:\\\/\\\/ledsolintel.com\\\/fr\\\/\"},{\"@type\":\"ListItem\",\"position\":2,\"name\":\"Tienda\",\"item\":\"https:\\\/\\\/ledsolintel.com\\\/tienda\\\/\"},{\"@type\":\"ListItem\",\"position\":3,\"name\":\"Aplique NAHIR 60W de Faro Barcelona\"}]},{\"@type\":\"WebSite\",\"@id\":\"https:\\\/\\\/ledsolintel.com\\\/#website\",\"url\":\"https:\\\/\\\/ledsolintel.com\\\/\",\"name\":\"Webmenaje\",\"description\":\"Tienda de bombillas y l\u00e1mparas LED para profesionales\",\"publisher\":{\"@id\":\"https:\\\/\\\/ledsolintel.com\\\/#organization\"},\"potentialAction\":[{\"@type\":\"SearchAction\",\"target\":{\"@type\":\"EntryPoint\",\"urlTemplate\":\"https:\\\/\\\/ledsolintel.com\\\/?s={search_term_string}\"},\"query-input\":{\"@type\":\"PropertyValueSpecification\",\"valueRequired\":true,\"valueName\":\"search_term_string\"}}],\"inLanguage\":\"fr-FR\"},{\"@type\":\"Organization\",\"@id\":\"https:\\\/\\\/ledsolintel.com\\\/#organization\",\"name\":\"Solintel Noroeste, S.L.\",\"url\":\"https:\\\/\\\/ledsolintel.com\\\/\",\"logo\":{\"@type\":\"ImageObject\",\"inLanguage\":\"fr-FR\",\"@id\":\"https:\\\/\\\/ledsolintel.com\\\/#\\\/schema\\\/logo\\\/image\\\/\",\"url\":\"https:\\\/\\\/ledsolintel.com\\\/wp-content\\\/uploads\\\/2024\\\/11\\\/webmenaje-logo-1508269066.jpg\",\"contentUrl\":\"https:\\\/\\\/ledsolintel.com\\\/wp-content\\\/uploads\\\/2024\\\/11\\\/webmenaje-logo-1508269066.jpg\",\"width\":370,\"height\":90,\"caption\":\"Solintel Noroeste, S.L.\"},\"image\":{\"@id\":\"https:\\\/\\\/ledsolintel.com\\\/#\\\/schema\\\/logo\\\/image\\\/\"},\"sameAs\":[\"http:\\\/\\\/www.facebook.com\\\/webmenaje\",\"https:\\\/\\\/x.com\\\/webmenaje\",\"https:\\\/\\\/www.youtube.com\\\/channel\\\/UCX2KoVoeCG4LocZjUc6LmSQ\",\"http:\\\/\\\/www.pinterest.com\\\/webmenaje\"]}]}<\/script>\n<!-- \/ Yoast SEO plugin. -->","yoast_head_json":{"title":"Applique NAHIR 60W de Faro Barcelona","description":"L'applique NAHIR de Faro Barcelona est fabriqu\u00e9e en laiton et en verre, avec une esth\u00e9tique marine et une haute protection contre l'humidit\u00e9 et les corps solides.","robots":{"index":"index","follow":"follow","max-snippet":"max-snippet:-1","max-image-preview":"max-image-preview:large","max-video-preview":"max-video-preview:-1"},"canonical":"https:\/\/ledsolintel.com\/fr\/produit-2\/lampe-murale-nahir-60w-by-faro-barcelona\/","og_locale":"fr_FR","og_type":"article","og_title":"Aplique NAHIR 60W de Faro Barcelona","og_description":"El aplique NAHIR de Faro Barcelona est\u00e1 fabricado en lat\u00f3n y cristal, con una est\u00e9tica marina y una alta protecci\u00f3n contra la humedad y los cuerpos s\u00f3lidos.","og_url":"https:\/\/ledsolintel.com\/fr\/produit-2\/lampe-murale-nahir-60w-by-faro-barcelona\/","og_site_name":"Ledsolintel","article_publisher":"http:\/\/www.facebook.com\/webmenaje","og_image":[{"url":"https:\/\/ledsolintel.com\/wp-content\/uploads\/2019\/03\/8449-Aplique-NAHIR-60W-de-Faro-Barcelona.jpg","width":1,"height":1,"type":"image\/jpeg"}],"twitter_card":"summary_large_image","twitter_site":"@webmenaje","schema":{"@context":"https:\/\/schema.org","@graph":[{"@type":"WebPage","@id":"https:\/\/ledsolintel.com\/product\/aplique-nahir-60w-de-faro-barcelona\/","url":"https:\/\/ledsolintel.com\/product\/aplique-nahir-60w-de-faro-barcelona\/","name":"Applique NAHIR 60W de Faro Barcelona","isPartOf":{"@id":"https:\/\/ledsolintel.com\/#website"},"primaryImageOfPage":{"@id":"https:\/\/ledsolintel.com\/product\/aplique-nahir-60w-de-faro-barcelona\/#primaryimage"},"image":{"@id":"https:\/\/ledsolintel.com\/product\/aplique-nahir-60w-de-faro-barcelona\/#primaryimage"},"thumbnailUrl":"https:\/\/ledsolintel.com\/wp-content\/uploads\/2019\/03\/8449-Aplique-NAHIR-60W-de-Faro-Barcelona.jpg","datePublished":"2019-03-19T11:40:46+00:00","description":"L'applique NAHIR de Faro Barcelona est fabriqu\u00e9e en laiton et en verre, avec une esth\u00e9tique marine et une haute protection contre l'humidit\u00e9 et les corps solides.","breadcrumb":{"@id":"https:\/\/ledsolintel.com\/product\/aplique-nahir-60w-de-faro-barcelona\/#breadcrumb"},"inLanguage":"fr-FR","potentialAction":[{"@type":"ReadAction","target":["https:\/\/ledsolintel.com\/product\/aplique-nahir-60w-de-faro-barcelona\/"]}]},{"@type":"ImageObject","inLanguage":"fr-FR","@id":"https:\/\/ledsolintel.com\/product\/aplique-nahir-60w-de-faro-barcelona\/#primaryimage","url":"https:\/\/ledsolintel.com\/wp-content\/uploads\/2019\/03\/8449-Aplique-NAHIR-60W-de-Faro-Barcelona.jpg","contentUrl":"https:\/\/ledsolintel.com\/wp-content\/uploads\/2019\/03\/8449-Aplique-NAHIR-60W-de-Faro-Barcelona.jpg","caption":"Aplique NAHIR 60W de Faro Barcelona"},{"@type":"BreadcrumbList","@id":"https:\/\/ledsolintel.com\/product\/aplique-nahir-60w-de-faro-barcelona\/#breadcrumb","itemListElement":[{"@type":"ListItem","position":1,"name":"Portada","item":"https:\/\/ledsolintel.com\/fr\/"},{"@type":"ListItem","position":2,"name":"Tienda","item":"https:\/\/ledsolintel.com\/tienda\/"},{"@type":"ListItem","position":3,"name":"Aplique NAHIR 60W de Faro Barcelona"}]},{"@type":"WebSite","@id":"https:\/\/ledsolintel.com\/#website","url":"https:\/\/ledsolintel.com\/","name":"Webmenaje","description":"Magasin d'ampoules et de lampes LED pour les professionnels","publisher":{"@id":"https:\/\/ledsolintel.com\/#organization"},"potentialAction":[{"@type":"SearchAction","target":{"@type":"EntryPoint","urlTemplate":"https:\/\/ledsolintel.com\/?s={search_term_string}"},"query-input":{"@type":"PropertyValueSpecification","valueRequired":true,"valueName":"search_term_string"}}],"inLanguage":"fr-FR"},{"@type":"Organization","@id":"https:\/\/ledsolintel.com\/#organization","name":"Solintel Noroeste, S.L.","url":"https:\/\/ledsolintel.com\/","logo":{"@type":"ImageObject","inLanguage":"fr-FR","@id":"https:\/\/ledsolintel.com\/#\/schema\/logo\/image\/","url":"https:\/\/ledsolintel.com\/wp-content\/uploads\/2024\/11\/webmenaje-logo-1508269066.jpg","contentUrl":"https:\/\/ledsolintel.com\/wp-content\/uploads\/2024\/11\/webmenaje-logo-1508269066.jpg","width":370,"height":90,"caption":"Solintel Noroeste, S.L."},"image":{"@id":"https:\/\/ledsolintel.com\/#\/schema\/logo\/image\/"},"sameAs":["http:\/\/www.facebook.com\/webmenaje","https:\/\/x.com\/webmenaje","https:\/\/www.youtube.com\/channel\/UCX2KoVoeCG4LocZjUc6LmSQ","http:\/\/www.pinterest.com\/webmenaje"]}]}},"_links":{"self":[{"href":"https:\/\/ledsolintel.com\/fr\/wp-json\/wp\/v2\/product\/242551","targetHints":{"allow":["GET"]}}],"collection":[{"href":"https:\/\/ledsolintel.com\/fr\/wp-json\/wp\/v2\/product"}],"about":[{"href":"https:\/\/ledsolintel.com\/fr\/wp-json\/wp\/v2\/types\/product"}],"version-history":[{"count":0,"href":"https:\/\/ledsolintel.com\/fr\/wp-json\/wp\/v2\/product\/242551\/revisions"}],"wp:featuredmedia":[{"embeddable":true,"href":"https:\/\/ledsolintel.com\/fr\/wp-json\/wp\/v2\/media\/242548"}],"wp:attachment":[{"href":"https:\/\/ledsolintel.com\/fr\/wp-json\/wp\/v2\/media?parent=242551"}],"wp:term":[{"taxonomy":"product_brand","embeddable":true,"href":"https:\/\/ledsolintel.com\/fr\/wp-json\/wp\/v2\/product_brand?post=242551"},{"taxonomy":"product_cat","embeddable":true,"href":"https:\/\/ledsolintel.com\/fr\/wp-json\/wp\/v2\/product_cat?post=242551"},{"taxonomy":"product_tag","embeddable":true,"href":"https:\/\/ledsolintel.com\/fr\/wp-json\/wp\/v2\/product_tag?post=242551"}],"curies":[{"name":"wp","href":"https:\/\/api.w.org\/{rel}","templated":true}]}}