{"id":242547,"date":"2019-03-19T12:26:51","date_gmt":"2019-03-19T11:26:51","guid":{"rendered":"https:\/\/nueva.ledsolintel.com\/product\/plafon-sobremuro-mauren-de-faro-barcelona\/"},"modified":"2019-03-19T12:26:51","modified_gmt":"2019-03-19T11:26:51","slug":"plafon-sobremuro-mauren-de-faro-barcelona","status":"publish","type":"product","link":"https:\/\/ledsolintel.com\/fr\/produit-2\/plafon-sobremuro-mauren-de-faro-barcelona\/","title":{"rendered":"Faro Barcelona MAUREN 60W Plafonnier\/applique MAUREN 60W"},"content":{"rendered":"<h1>Plafonnier \/ applique MAUREN de Faro Barcelona<\/h1>\n<p>\u00a0<\/p>\n<h3>Caract\u00e9ristiques<\/h3>\n<ul>\n<li>Mat\u00e9riau : laiton et diffuseur en verre<\/li>\n<li>Puissance maximale : 60 W<\/li>\n<li>Tension : 100-240 V \/ 50-60 Hz<\/li>\n<li>Protection IP44<\/li>\n<li>Poids : 1,68 kg<\/li>\n<li>Dimensions :<\/li>\n<ul>\n<li>Hauteur : 230 mm<\/li>\n<li>Diam\u00e8tre : 120 mm<\/li>\n<\/ul>\n<\/ul>\n<p>\u00a0<\/p>\n<p><strong>Remarque : les ampoules ne sont pas incluses. Toutes les ampoules \u00e0 connexion E27 jusqu'\u00e0 60 W sont valables. Nous vous recommandons de vous tourner vers des fabricants tels que Roblan ou Beneito Faure, dont vous trouverez les produits sur ce site.<\/strong><\/p>","protected":false},"excerpt":{"rendered":"<p>La lampe MAUREN de Faro Barcelona peut \u00eatre utilis\u00e9e comme plafonnier si elle est viss\u00e9e au plafond ou comme applique murale. Parfaite pour donner un style marin aux terrasses et aux jardins.<\/p>\n<p>Ampoule non incluse.<\/p>","protected":false},"featured_media":242544,"template":"","meta":[],"product_brand":[99359],"product_cat":[99575,99689,99693],"product_tag":[],"class_list":{"0":"post-242547","1":"product","2":"type-product","3":"status-publish","4":"has-post-thumbnail","6":"product_brand-faro-barcelona","7":"product_cat-iluminacion-para-jardines-y-exteriores","8":"product_cat-lamparas-de-techo-para-exterior","9":"product_cat-sobremuros","12":"instock","13":"taxable","14":"shipping-taxable","15":"purchasable","16":"product-type-simple"},"yoast_head":"<!-- This site is optimized with the Yoast SEO plugin v27.4 - https:\/\/yoast.com\/product\/yoast-seo-wordpress\/ -->\n<title>Plaf\u00f3n\/Sobremuro MAUREN de Faro Barcelona<\/title>\n<meta name=\"description\" content=\"La l\u00e1mpara MAUREN de Faro Barcelona puede funcionar como plaf\u00f3n si se atornilla al techo o como sobremuro. Estilo marinero en terrazas y jardines.\" \/>\n<meta name=\"robots\" content=\"index, follow, max-snippet:-1, max-image-preview:large, max-video-preview:-1\" \/>\n<link rel=\"canonical\" href=\"https:\/\/ledsolintel.com\/fr\/produit-2\/plafon-sobremuro-mauren-de-faro-barcelona\/\" \/>\n<meta property=\"og:locale\" content=\"fr_FR\" \/>\n<meta property=\"og:type\" content=\"article\" \/>\n<meta property=\"og:title\" content=\"Plaf\u00f3n\/Sobremuro MAUREN de Faro Barcelona\" \/>\n<meta property=\"og:description\" content=\"La l\u00e1mpara MAUREN de Faro Barcelona puede funcionar como plaf\u00f3n si se atornilla al techo o como sobremuro. Estilo marinero en terrazas y jardines.\" \/>\n<meta property=\"og:url\" content=\"https:\/\/ledsolintel.com\/fr\/produit-2\/plafon-sobremuro-mauren-de-faro-barcelona\/\" \/>\n<meta property=\"og:site_name\" content=\"Ledsolintel\" \/>\n<meta property=\"article:publisher\" content=\"http:\/\/www.facebook.com\/webmenaje\" \/>\n<meta property=\"og:image\" content=\"https:\/\/ledsolintel.com\/wp-content\/uploads\/2019\/03\/8443-PlafonSobremuro-MAUREN-de-Faro-Barcelona.jpg\" \/>\n\t<meta property=\"og:image:width\" content=\"1\" \/>\n\t<meta property=\"og:image:height\" content=\"1\" \/>\n\t<meta property=\"og:image:type\" content=\"image\/jpeg\" \/>\n<meta name=\"twitter:card\" content=\"summary_large_image\" \/>\n<meta name=\"twitter:site\" content=\"@webmenaje\" \/>\n<script type=\"application\/ld+json\" class=\"yoast-schema-graph\">{\"@context\":\"https:\\\/\\\/schema.org\",\"@graph\":[{\"@type\":\"WebPage\",\"@id\":\"https:\\\/\\\/ledsolintel.com\\\/product\\\/plafon-sobremuro-mauren-de-faro-barcelona\\\/\",\"url\":\"https:\\\/\\\/ledsolintel.com\\\/product\\\/plafon-sobremuro-mauren-de-faro-barcelona\\\/\",\"name\":\"Plaf\u00f3n\\\/Sobremuro MAUREN de Faro Barcelona\",\"isPartOf\":{\"@id\":\"https:\\\/\\\/ledsolintel.com\\\/#website\"},\"primaryImageOfPage\":{\"@id\":\"https:\\\/\\\/ledsolintel.com\\\/product\\\/plafon-sobremuro-mauren-de-faro-barcelona\\\/#primaryimage\"},\"image\":{\"@id\":\"https:\\\/\\\/ledsolintel.com\\\/product\\\/plafon-sobremuro-mauren-de-faro-barcelona\\\/#primaryimage\"},\"thumbnailUrl\":\"https:\\\/\\\/ledsolintel.com\\\/wp-content\\\/uploads\\\/2019\\\/03\\\/8443-PlafonSobremuro-MAUREN-de-Faro-Barcelona.jpg\",\"datePublished\":\"2019-03-19T11:26:51+00:00\",\"description\":\"La l\u00e1mpara MAUREN de Faro Barcelona puede funcionar como plaf\u00f3n si se atornilla al techo o como sobremuro. Estilo marinero en terrazas y jardines.\",\"breadcrumb\":{\"@id\":\"https:\\\/\\\/ledsolintel.com\\\/product\\\/plafon-sobremuro-mauren-de-faro-barcelona\\\/#breadcrumb\"},\"inLanguage\":\"fr-FR\",\"potentialAction\":[{\"@type\":\"ReadAction\",\"target\":[\"https:\\\/\\\/ledsolintel.com\\\/product\\\/plafon-sobremuro-mauren-de-faro-barcelona\\\/\"]}]},{\"@type\":\"ImageObject\",\"inLanguage\":\"fr-FR\",\"@id\":\"https:\\\/\\\/ledsolintel.com\\\/product\\\/plafon-sobremuro-mauren-de-faro-barcelona\\\/#primaryimage\",\"url\":\"https:\\\/\\\/ledsolintel.com\\\/wp-content\\\/uploads\\\/2019\\\/03\\\/8443-PlafonSobremuro-MAUREN-de-Faro-Barcelona.jpg\",\"contentUrl\":\"https:\\\/\\\/ledsolintel.com\\\/wp-content\\\/uploads\\\/2019\\\/03\\\/8443-PlafonSobremuro-MAUREN-de-Faro-Barcelona.jpg\",\"caption\":\"Plaf\u00f3n\\\/Sobremuro MAUREN de Faro Barcelona\"},{\"@type\":\"BreadcrumbList\",\"@id\":\"https:\\\/\\\/ledsolintel.com\\\/product\\\/plafon-sobremuro-mauren-de-faro-barcelona\\\/#breadcrumb\",\"itemListElement\":[{\"@type\":\"ListItem\",\"position\":1,\"name\":\"Portada\",\"item\":\"https:\\\/\\\/ledsolintel.com\\\/fr\\\/\"},{\"@type\":\"ListItem\",\"position\":2,\"name\":\"Tienda\",\"item\":\"https:\\\/\\\/ledsolintel.com\\\/tienda\\\/\"},{\"@type\":\"ListItem\",\"position\":3,\"name\":\"Plaf\u00f3n\\\/Sobremuro MAUREN 60W de Faro Barcelona\"}]},{\"@type\":\"WebSite\",\"@id\":\"https:\\\/\\\/ledsolintel.com\\\/#website\",\"url\":\"https:\\\/\\\/ledsolintel.com\\\/\",\"name\":\"Webmenaje\",\"description\":\"Tienda de bombillas y l\u00e1mparas LED para profesionales\",\"publisher\":{\"@id\":\"https:\\\/\\\/ledsolintel.com\\\/#organization\"},\"potentialAction\":[{\"@type\":\"SearchAction\",\"target\":{\"@type\":\"EntryPoint\",\"urlTemplate\":\"https:\\\/\\\/ledsolintel.com\\\/?s={search_term_string}\"},\"query-input\":{\"@type\":\"PropertyValueSpecification\",\"valueRequired\":true,\"valueName\":\"search_term_string\"}}],\"inLanguage\":\"fr-FR\"},{\"@type\":\"Organization\",\"@id\":\"https:\\\/\\\/ledsolintel.com\\\/#organization\",\"name\":\"Solintel Noroeste, S.L.\",\"url\":\"https:\\\/\\\/ledsolintel.com\\\/\",\"logo\":{\"@type\":\"ImageObject\",\"inLanguage\":\"fr-FR\",\"@id\":\"https:\\\/\\\/ledsolintel.com\\\/#\\\/schema\\\/logo\\\/image\\\/\",\"url\":\"https:\\\/\\\/ledsolintel.com\\\/wp-content\\\/uploads\\\/2024\\\/11\\\/webmenaje-logo-1508269066.jpg\",\"contentUrl\":\"https:\\\/\\\/ledsolintel.com\\\/wp-content\\\/uploads\\\/2024\\\/11\\\/webmenaje-logo-1508269066.jpg\",\"width\":370,\"height\":90,\"caption\":\"Solintel Noroeste, S.L.\"},\"image\":{\"@id\":\"https:\\\/\\\/ledsolintel.com\\\/#\\\/schema\\\/logo\\\/image\\\/\"},\"sameAs\":[\"http:\\\/\\\/www.facebook.com\\\/webmenaje\",\"https:\\\/\\\/x.com\\\/webmenaje\",\"https:\\\/\\\/www.youtube.com\\\/channel\\\/UCX2KoVoeCG4LocZjUc6LmSQ\",\"http:\\\/\\\/www.pinterest.com\\\/webmenaje\"]}]}<\/script>\n<!-- \/ Yoast SEO plugin. -->","yoast_head_json":{"title":"Faro Barcelona MAUREN Plafonnier\/applique MAUREN","description":"La l\u00e1mpara MAUREN de Faro Barcelona puede funcionar como plaf\u00f3n si se atornilla al techo o como sobremuro. Estilo marinero en terrazas y jardines.","robots":{"index":"index","follow":"follow","max-snippet":"max-snippet:-1","max-image-preview":"max-image-preview:large","max-video-preview":"max-video-preview:-1"},"canonical":"https:\/\/ledsolintel.com\/fr\/produit-2\/plafon-sobremuro-mauren-de-faro-barcelona\/","og_locale":"fr_FR","og_type":"article","og_title":"Plaf\u00f3n\/Sobremuro MAUREN de Faro Barcelona","og_description":"La l\u00e1mpara MAUREN de Faro Barcelona puede funcionar como plaf\u00f3n si se atornilla al techo o como sobremuro. Estilo marinero en terrazas y jardines.","og_url":"https:\/\/ledsolintel.com\/fr\/produit-2\/plafon-sobremuro-mauren-de-faro-barcelona\/","og_site_name":"Ledsolintel","article_publisher":"http:\/\/www.facebook.com\/webmenaje","og_image":[{"url":"https:\/\/ledsolintel.com\/wp-content\/uploads\/2019\/03\/8443-PlafonSobremuro-MAUREN-de-Faro-Barcelona.jpg","width":1,"height":1,"type":"image\/jpeg"}],"twitter_card":"summary_large_image","twitter_site":"@webmenaje","schema":{"@context":"https:\/\/schema.org","@graph":[{"@type":"WebPage","@id":"https:\/\/ledsolintel.com\/product\/plafon-sobremuro-mauren-de-faro-barcelona\/","url":"https:\/\/ledsolintel.com\/product\/plafon-sobremuro-mauren-de-faro-barcelona\/","name":"Faro Barcelona MAUREN Plafonnier\/applique MAUREN","isPartOf":{"@id":"https:\/\/ledsolintel.com\/#website"},"primaryImageOfPage":{"@id":"https:\/\/ledsolintel.com\/product\/plafon-sobremuro-mauren-de-faro-barcelona\/#primaryimage"},"image":{"@id":"https:\/\/ledsolintel.com\/product\/plafon-sobremuro-mauren-de-faro-barcelona\/#primaryimage"},"thumbnailUrl":"https:\/\/ledsolintel.com\/wp-content\/uploads\/2019\/03\/8443-PlafonSobremuro-MAUREN-de-Faro-Barcelona.jpg","datePublished":"2019-03-19T11:26:51+00:00","description":"La l\u00e1mpara MAUREN de Faro Barcelona puede funcionar como plaf\u00f3n si se atornilla al techo o como sobremuro. Estilo marinero en terrazas y jardines.","breadcrumb":{"@id":"https:\/\/ledsolintel.com\/product\/plafon-sobremuro-mauren-de-faro-barcelona\/#breadcrumb"},"inLanguage":"fr-FR","potentialAction":[{"@type":"ReadAction","target":["https:\/\/ledsolintel.com\/product\/plafon-sobremuro-mauren-de-faro-barcelona\/"]}]},{"@type":"ImageObject","inLanguage":"fr-FR","@id":"https:\/\/ledsolintel.com\/product\/plafon-sobremuro-mauren-de-faro-barcelona\/#primaryimage","url":"https:\/\/ledsolintel.com\/wp-content\/uploads\/2019\/03\/8443-PlafonSobremuro-MAUREN-de-Faro-Barcelona.jpg","contentUrl":"https:\/\/ledsolintel.com\/wp-content\/uploads\/2019\/03\/8443-PlafonSobremuro-MAUREN-de-Faro-Barcelona.jpg","caption":"Plaf\u00f3n\/Sobremuro MAUREN de Faro Barcelona"},{"@type":"BreadcrumbList","@id":"https:\/\/ledsolintel.com\/product\/plafon-sobremuro-mauren-de-faro-barcelona\/#breadcrumb","itemListElement":[{"@type":"ListItem","position":1,"name":"Portada","item":"https:\/\/ledsolintel.com\/fr\/"},{"@type":"ListItem","position":2,"name":"Tienda","item":"https:\/\/ledsolintel.com\/tienda\/"},{"@type":"ListItem","position":3,"name":"Plaf\u00f3n\/Sobremuro MAUREN 60W de Faro Barcelona"}]},{"@type":"WebSite","@id":"https:\/\/ledsolintel.com\/#website","url":"https:\/\/ledsolintel.com\/","name":"Webmenaje","description":"Magasin d'ampoules et de lampes LED pour les professionnels","publisher":{"@id":"https:\/\/ledsolintel.com\/#organization"},"potentialAction":[{"@type":"SearchAction","target":{"@type":"EntryPoint","urlTemplate":"https:\/\/ledsolintel.com\/?s={search_term_string}"},"query-input":{"@type":"PropertyValueSpecification","valueRequired":true,"valueName":"search_term_string"}}],"inLanguage":"fr-FR"},{"@type":"Organization","@id":"https:\/\/ledsolintel.com\/#organization","name":"Solintel Noroeste, S.L.","url":"https:\/\/ledsolintel.com\/","logo":{"@type":"ImageObject","inLanguage":"fr-FR","@id":"https:\/\/ledsolintel.com\/#\/schema\/logo\/image\/","url":"https:\/\/ledsolintel.com\/wp-content\/uploads\/2024\/11\/webmenaje-logo-1508269066.jpg","contentUrl":"https:\/\/ledsolintel.com\/wp-content\/uploads\/2024\/11\/webmenaje-logo-1508269066.jpg","width":370,"height":90,"caption":"Solintel Noroeste, S.L."},"image":{"@id":"https:\/\/ledsolintel.com\/#\/schema\/logo\/image\/"},"sameAs":["http:\/\/www.facebook.com\/webmenaje","https:\/\/x.com\/webmenaje","https:\/\/www.youtube.com\/channel\/UCX2KoVoeCG4LocZjUc6LmSQ","http:\/\/www.pinterest.com\/webmenaje"]}]}},"_links":{"self":[{"href":"https:\/\/ledsolintel.com\/fr\/wp-json\/wp\/v2\/product\/242547","targetHints":{"allow":["GET"]}}],"collection":[{"href":"https:\/\/ledsolintel.com\/fr\/wp-json\/wp\/v2\/product"}],"about":[{"href":"https:\/\/ledsolintel.com\/fr\/wp-json\/wp\/v2\/types\/product"}],"version-history":[{"count":0,"href":"https:\/\/ledsolintel.com\/fr\/wp-json\/wp\/v2\/product\/242547\/revisions"}],"wp:featuredmedia":[{"embeddable":true,"href":"https:\/\/ledsolintel.com\/fr\/wp-json\/wp\/v2\/media\/242544"}],"wp:attachment":[{"href":"https:\/\/ledsolintel.com\/fr\/wp-json\/wp\/v2\/media?parent=242547"}],"wp:term":[{"taxonomy":"product_brand","embeddable":true,"href":"https:\/\/ledsolintel.com\/fr\/wp-json\/wp\/v2\/product_brand?post=242547"},{"taxonomy":"product_cat","embeddable":true,"href":"https:\/\/ledsolintel.com\/fr\/wp-json\/wp\/v2\/product_cat?post=242547"},{"taxonomy":"product_tag","embeddable":true,"href":"https:\/\/ledsolintel.com\/fr\/wp-json\/wp\/v2\/product_tag?post=242547"}],"curies":[{"name":"wp","href":"https:\/\/api.w.org\/{rel}","templated":true}]}}