{"id":242502,"date":"2019-02-21T18:09:48","date_gmt":"2019-02-21T17:09:48","guid":{"rendered":"https:\/\/nueva.ledsolintel.com\/product\/aplique-lotus-18w-de-faro-barcelona\/"},"modified":"2019-02-21T18:09:48","modified_gmt":"2019-02-21T17:09:48","slug":"lotus-18w-applique-murale-pour-lighthouse-barcelona","status":"publish","type":"product","link":"https:\/\/ledsolintel.com\/fr\/produit-2\/lotus-18w-applique-murale-pour-lighthouse-barcelona\/","title":{"rendered":"LOTUS 18W applique murale par Faro Barcelona"},"content":{"rendered":"<h1>Applique d'ext\u00e9rieur LOTUS par Faro Barcelona<\/h1>\n<p>\u00a0<\/p>\n<h3>Caract\u00e9ristiques<\/h3>\n<ul>\n<li>Conception : Estudi Ribaud\u00ed<\/li>\n<li>Mat\u00e9riau : Aluminium et diffuseur en verre opale<\/li>\n<li>Puissance : 18 W<\/li>\n<li>Tension : 100-240 V \/ 50-60 Hz<\/li>\n<li>Temp\u00e9rature de couleur : blanc chaud 3000 K<\/li>\n<li>Luminosit\u00e9 : 1120 lumens<\/li>\n<li>Protection IP65<\/li>\n<li>Poids : 1,2 kg<\/li>\n<li>Dimensions :<\/li>\n<ul>\n<li>Hauteur : 110 mm<\/li>\n<li>Diam\u00e8tre : 225 mm<\/li>\n<\/ul>\n<\/ul>\n<p>\u00a0<\/p><\/p>","protected":false},"excerpt":{"rendered":"<p>Lampe murale LOTUS 18W de Faro Barcelona, con\u00e7ue par Estudi Ribaud\u00ed. Avec un design inspir\u00e9 des feuilles de lotus, il s'agit d'une applique polyvalente adapt\u00e9e \u00e0 l'\u00e9clairage int\u00e9rieur et ext\u00e9rieur, avec une lumi\u00e8re indirecte tr\u00e8s d\u00e9corative.<\/p>","protected":false},"featured_media":242497,"template":"","meta":[],"product_brand":[99359],"product_cat":[99603,99575],"product_tag":[],"class_list":{"0":"post-242502","1":"product","2":"type-product","3":"status-publish","4":"has-post-thumbnail","6":"product_brand-faro-barcelona","7":"product_cat-apliques-para-exterior","8":"product_cat-iluminacion-para-jardines-y-exteriores","9":"pa_acabado-blanco","10":"pa_acabado-negro","13":"instock","14":"taxable","15":"shipping-taxable","16":"purchasable","17":"product-type-variable","18":"has-default-attributes"},"yoast_head":"<!-- This site is optimized with the Yoast SEO plugin v27.4 - https:\/\/yoast.com\/product\/yoast-seo-wordpress\/ -->\n<title>Aplique LOTUS 18W de Faro Barcelona<\/title>\n<meta name=\"description\" content=\"Aplique LOTUS 18W de Faro Barcelona, con dise\u00f1o del Estudi Ribaud\u00ed. Con dise\u00f1o inspirado en las hojas del loto. Vers\u00e1til, para iluminaci\u00f3n interior y exterior\" \/>\n<meta name=\"robots\" content=\"index, follow, max-snippet:-1, max-image-preview:large, max-video-preview:-1\" \/>\n<link rel=\"canonical\" href=\"https:\/\/ledsolintel.com\/fr\/produit\/lotus-18w-applique-murale-pour-lighthouse-barcelona\/\" \/>\n<meta property=\"og:locale\" content=\"fr_FR\" \/>\n<meta property=\"og:type\" content=\"article\" \/>\n<meta property=\"og:title\" content=\"Aplique LOTUS 18W de Faro Barcelona\" \/>\n<meta property=\"og:description\" content=\"Aplique LOTUS 18W de Faro Barcelona, con dise\u00f1o del Estudi Ribaud\u00ed. Con dise\u00f1o inspirado en las hojas del loto. Vers\u00e1til, para iluminaci\u00f3n interior y exterior\" \/>\n<meta property=\"og:url\" content=\"https:\/\/ledsolintel.com\/fr\/produit\/lotus-18w-applique-murale-pour-lighthouse-barcelona\/\" \/>\n<meta property=\"og:site_name\" content=\"Ledsolintel\" \/>\n<meta property=\"article:publisher\" content=\"http:\/\/www.facebook.com\/webmenaje\" \/>\n<meta property=\"og:image\" content=\"https:\/\/ledsolintel.com\/wp-content\/uploads\/2019\/02\/8403-Aplique-LOTUS-18W-de-Faro-Barcelona.jpg\" \/>\n\t<meta property=\"og:image:width\" content=\"1\" \/>\n\t<meta property=\"og:image:height\" content=\"1\" \/>\n\t<meta property=\"og:image:type\" content=\"image\/jpeg\" \/>\n<meta name=\"twitter:card\" content=\"summary_large_image\" \/>\n<meta name=\"twitter:site\" content=\"@webmenaje\" \/>\n<script type=\"application\/ld+json\" class=\"yoast-schema-graph\">{\"@context\":\"https:\\\/\\\/schema.org\",\"@graph\":[{\"@type\":\"WebPage\",\"@id\":\"https:\\\/\\\/ledsolintel.com\\\/en\\\/product\\\/aplique-lotus-18w-de-faro-barcelona\\\/\",\"url\":\"https:\\\/\\\/ledsolintel.com\\\/en\\\/product\\\/aplique-lotus-18w-de-faro-barcelona\\\/\",\"name\":\"Aplique LOTUS 18W de Faro Barcelona\",\"isPartOf\":{\"@id\":\"https:\\\/\\\/ledsolintel.com\\\/#website\"},\"primaryImageOfPage\":{\"@id\":\"https:\\\/\\\/ledsolintel.com\\\/en\\\/product\\\/aplique-lotus-18w-de-faro-barcelona\\\/#primaryimage\"},\"image\":{\"@id\":\"https:\\\/\\\/ledsolintel.com\\\/en\\\/product\\\/aplique-lotus-18w-de-faro-barcelona\\\/#primaryimage\"},\"thumbnailUrl\":\"https:\\\/\\\/ledsolintel.com\\\/wp-content\\\/uploads\\\/2019\\\/02\\\/8403-Aplique-LOTUS-18W-de-Faro-Barcelona.jpg\",\"datePublished\":\"2019-02-21T17:09:48+00:00\",\"description\":\"Aplique LOTUS 18W de Faro Barcelona, con dise\u00f1o del Estudi Ribaud\u00ed. Con dise\u00f1o inspirado en las hojas del loto. Vers\u00e1til, para iluminaci\u00f3n interior y exterior\",\"breadcrumb\":{\"@id\":\"https:\\\/\\\/ledsolintel.com\\\/en\\\/product\\\/aplique-lotus-18w-de-faro-barcelona\\\/#breadcrumb\"},\"inLanguage\":\"fr-FR\",\"potentialAction\":[{\"@type\":\"ReadAction\",\"target\":[\"https:\\\/\\\/ledsolintel.com\\\/en\\\/product\\\/aplique-lotus-18w-de-faro-barcelona\\\/\"]}]},{\"@type\":\"ImageObject\",\"inLanguage\":\"fr-FR\",\"@id\":\"https:\\\/\\\/ledsolintel.com\\\/en\\\/product\\\/aplique-lotus-18w-de-faro-barcelona\\\/#primaryimage\",\"url\":\"https:\\\/\\\/ledsolintel.com\\\/wp-content\\\/uploads\\\/2019\\\/02\\\/8403-Aplique-LOTUS-18W-de-Faro-Barcelona.jpg\",\"contentUrl\":\"https:\\\/\\\/ledsolintel.com\\\/wp-content\\\/uploads\\\/2019\\\/02\\\/8403-Aplique-LOTUS-18W-de-Faro-Barcelona.jpg\",\"caption\":\"Aplique LOTUS 18W de Faro Barcelona\"},{\"@type\":\"BreadcrumbList\",\"@id\":\"https:\\\/\\\/ledsolintel.com\\\/en\\\/product\\\/aplique-lotus-18w-de-faro-barcelona\\\/#breadcrumb\",\"itemListElement\":[{\"@type\":\"ListItem\",\"position\":1,\"name\":\"Portada\",\"item\":\"https:\\\/\\\/ledsolintel.com\\\/fr\\\/\"},{\"@type\":\"ListItem\",\"position\":2,\"name\":\"Tienda\",\"item\":\"https:\\\/\\\/ledsolintel.com\\\/tienda\\\/\"},{\"@type\":\"ListItem\",\"position\":3,\"name\":\"Aplique LOTUS 18W de Faro Barcelona\"}]},{\"@type\":\"WebSite\",\"@id\":\"https:\\\/\\\/ledsolintel.com\\\/#website\",\"url\":\"https:\\\/\\\/ledsolintel.com\\\/\",\"name\":\"Webmenaje\",\"description\":\"Tienda de bombillas y l\u00e1mparas LED para profesionales\",\"publisher\":{\"@id\":\"https:\\\/\\\/ledsolintel.com\\\/#organization\"},\"potentialAction\":[{\"@type\":\"SearchAction\",\"target\":{\"@type\":\"EntryPoint\",\"urlTemplate\":\"https:\\\/\\\/ledsolintel.com\\\/?s={search_term_string}\"},\"query-input\":{\"@type\":\"PropertyValueSpecification\",\"valueRequired\":true,\"valueName\":\"search_term_string\"}}],\"inLanguage\":\"fr-FR\"},{\"@type\":\"Organization\",\"@id\":\"https:\\\/\\\/ledsolintel.com\\\/#organization\",\"name\":\"Solintel Noroeste, S.L.\",\"url\":\"https:\\\/\\\/ledsolintel.com\\\/\",\"logo\":{\"@type\":\"ImageObject\",\"inLanguage\":\"fr-FR\",\"@id\":\"https:\\\/\\\/ledsolintel.com\\\/#\\\/schema\\\/logo\\\/image\\\/\",\"url\":\"https:\\\/\\\/ledsolintel.com\\\/wp-content\\\/uploads\\\/2024\\\/11\\\/webmenaje-logo-1508269066.jpg\",\"contentUrl\":\"https:\\\/\\\/ledsolintel.com\\\/wp-content\\\/uploads\\\/2024\\\/11\\\/webmenaje-logo-1508269066.jpg\",\"width\":370,\"height\":90,\"caption\":\"Solintel Noroeste, S.L.\"},\"image\":{\"@id\":\"https:\\\/\\\/ledsolintel.com\\\/#\\\/schema\\\/logo\\\/image\\\/\"},\"sameAs\":[\"http:\\\/\\\/www.facebook.com\\\/webmenaje\",\"https:\\\/\\\/x.com\\\/webmenaje\",\"https:\\\/\\\/www.youtube.com\\\/channel\\\/UCX2KoVoeCG4LocZjUc6LmSQ\",\"http:\\\/\\\/www.pinterest.com\\\/webmenaje\"]}]}<\/script>\n<!-- \/ Yoast SEO plugin. -->","yoast_head_json":{"title":"LOTUS 18W applique murale par Faro Barcelona","description":"Lampe murale LOTUS 18W de Faro Barcelona, con\u00e7ue par Estudi Ribaud\u00ed. Avec un design inspir\u00e9 des feuilles de lotus. Polyvalente, pour l'\u00e9clairage int\u00e9rieur et ext\u00e9rieur","robots":{"index":"index","follow":"follow","max-snippet":"max-snippet:-1","max-image-preview":"max-image-preview:large","max-video-preview":"max-video-preview:-1"},"canonical":"https:\/\/ledsolintel.com\/fr\/produit\/lotus-18w-applique-murale-pour-lighthouse-barcelona\/","og_locale":"fr_FR","og_type":"article","og_title":"Aplique LOTUS 18W de Faro Barcelona","og_description":"Aplique LOTUS 18W de Faro Barcelona, con dise\u00f1o del Estudi Ribaud\u00ed. Con dise\u00f1o inspirado en las hojas del loto. Vers\u00e1til, para iluminaci\u00f3n interior y exterior","og_url":"https:\/\/ledsolintel.com\/fr\/produit\/lotus-18w-applique-murale-pour-lighthouse-barcelona\/","og_site_name":"Ledsolintel","article_publisher":"http:\/\/www.facebook.com\/webmenaje","og_image":[{"url":"https:\/\/ledsolintel.com\/wp-content\/uploads\/2019\/02\/8403-Aplique-LOTUS-18W-de-Faro-Barcelona.jpg","width":1,"height":1,"type":"image\/jpeg"}],"twitter_card":"summary_large_image","twitter_site":"@webmenaje","schema":{"@context":"https:\/\/schema.org","@graph":[{"@type":"WebPage","@id":"https:\/\/ledsolintel.com\/en\/product\/aplique-lotus-18w-de-faro-barcelona\/","url":"https:\/\/ledsolintel.com\/en\/product\/aplique-lotus-18w-de-faro-barcelona\/","name":"LOTUS 18W applique murale par Faro Barcelona","isPartOf":{"@id":"https:\/\/ledsolintel.com\/#website"},"primaryImageOfPage":{"@id":"https:\/\/ledsolintel.com\/en\/product\/aplique-lotus-18w-de-faro-barcelona\/#primaryimage"},"image":{"@id":"https:\/\/ledsolintel.com\/en\/product\/aplique-lotus-18w-de-faro-barcelona\/#primaryimage"},"thumbnailUrl":"https:\/\/ledsolintel.com\/wp-content\/uploads\/2019\/02\/8403-Aplique-LOTUS-18W-de-Faro-Barcelona.jpg","datePublished":"2019-02-21T17:09:48+00:00","description":"Lampe murale LOTUS 18W de Faro Barcelona, con\u00e7ue par Estudi Ribaud\u00ed. Avec un design inspir\u00e9 des feuilles de lotus. Polyvalente, pour l'\u00e9clairage int\u00e9rieur et ext\u00e9rieur","breadcrumb":{"@id":"https:\/\/ledsolintel.com\/en\/product\/aplique-lotus-18w-de-faro-barcelona\/#breadcrumb"},"inLanguage":"fr-FR","potentialAction":[{"@type":"ReadAction","target":["https:\/\/ledsolintel.com\/en\/product\/aplique-lotus-18w-de-faro-barcelona\/"]}]},{"@type":"ImageObject","inLanguage":"fr-FR","@id":"https:\/\/ledsolintel.com\/en\/product\/aplique-lotus-18w-de-faro-barcelona\/#primaryimage","url":"https:\/\/ledsolintel.com\/wp-content\/uploads\/2019\/02\/8403-Aplique-LOTUS-18W-de-Faro-Barcelona.jpg","contentUrl":"https:\/\/ledsolintel.com\/wp-content\/uploads\/2019\/02\/8403-Aplique-LOTUS-18W-de-Faro-Barcelona.jpg","caption":"Aplique LOTUS 18W de Faro Barcelona"},{"@type":"BreadcrumbList","@id":"https:\/\/ledsolintel.com\/en\/product\/aplique-lotus-18w-de-faro-barcelona\/#breadcrumb","itemListElement":[{"@type":"ListItem","position":1,"name":"Portada","item":"https:\/\/ledsolintel.com\/fr\/"},{"@type":"ListItem","position":2,"name":"Tienda","item":"https:\/\/ledsolintel.com\/tienda\/"},{"@type":"ListItem","position":3,"name":"Aplique LOTUS 18W de Faro Barcelona"}]},{"@type":"WebSite","@id":"https:\/\/ledsolintel.com\/#website","url":"https:\/\/ledsolintel.com\/","name":"Webmenaje","description":"Magasin d'ampoules et de lampes LED pour les professionnels","publisher":{"@id":"https:\/\/ledsolintel.com\/#organization"},"potentialAction":[{"@type":"SearchAction","target":{"@type":"EntryPoint","urlTemplate":"https:\/\/ledsolintel.com\/?s={search_term_string}"},"query-input":{"@type":"PropertyValueSpecification","valueRequired":true,"valueName":"search_term_string"}}],"inLanguage":"fr-FR"},{"@type":"Organization","@id":"https:\/\/ledsolintel.com\/#organization","name":"Solintel Noroeste, S.L.","url":"https:\/\/ledsolintel.com\/","logo":{"@type":"ImageObject","inLanguage":"fr-FR","@id":"https:\/\/ledsolintel.com\/#\/schema\/logo\/image\/","url":"https:\/\/ledsolintel.com\/wp-content\/uploads\/2024\/11\/webmenaje-logo-1508269066.jpg","contentUrl":"https:\/\/ledsolintel.com\/wp-content\/uploads\/2024\/11\/webmenaje-logo-1508269066.jpg","width":370,"height":90,"caption":"Solintel Noroeste, S.L."},"image":{"@id":"https:\/\/ledsolintel.com\/#\/schema\/logo\/image\/"},"sameAs":["http:\/\/www.facebook.com\/webmenaje","https:\/\/x.com\/webmenaje","https:\/\/www.youtube.com\/channel\/UCX2KoVoeCG4LocZjUc6LmSQ","http:\/\/www.pinterest.com\/webmenaje"]}]}},"_links":{"self":[{"href":"https:\/\/ledsolintel.com\/fr\/wp-json\/wp\/v2\/product\/242502","targetHints":{"allow":["GET"]}}],"collection":[{"href":"https:\/\/ledsolintel.com\/fr\/wp-json\/wp\/v2\/product"}],"about":[{"href":"https:\/\/ledsolintel.com\/fr\/wp-json\/wp\/v2\/types\/product"}],"version-history":[{"count":0,"href":"https:\/\/ledsolintel.com\/fr\/wp-json\/wp\/v2\/product\/242502\/revisions"}],"wp:featuredmedia":[{"embeddable":true,"href":"https:\/\/ledsolintel.com\/fr\/wp-json\/wp\/v2\/media\/242497"}],"wp:attachment":[{"href":"https:\/\/ledsolintel.com\/fr\/wp-json\/wp\/v2\/media?parent=242502"}],"wp:term":[{"taxonomy":"product_brand","embeddable":true,"href":"https:\/\/ledsolintel.com\/fr\/wp-json\/wp\/v2\/product_brand?post=242502"},{"taxonomy":"product_cat","embeddable":true,"href":"https:\/\/ledsolintel.com\/fr\/wp-json\/wp\/v2\/product_cat?post=242502"},{"taxonomy":"product_tag","embeddable":true,"href":"https:\/\/ledsolintel.com\/fr\/wp-json\/wp\/v2\/product_tag?post=242502"}],"curies":[{"name":"wp","href":"https:\/\/api.w.org\/{rel}","templated":true}]}}