{"id":242426,"date":"2019-02-19T12:30:25","date_gmt":"2019-02-19T11:30:25","guid":{"rendered":"https:\/\/nueva.ledsolintel.com\/product\/tubo-led-pro-t8-pc-de-lacor\/"},"modified":"2019-02-19T12:30:25","modified_gmt":"2019-02-19T11:30:25","slug":"tubo-led-pro-t8-pc-de-lacor","status":"publish","type":"product","link":"https:\/\/ledsolintel.com\/fr\/produit-2\/tubo-led-pro-t8-pc-de-lacor\/","title":{"rendered":"Tube LED PRO T8 PC de Lacor"},"content":{"rendered":"<h1>Roblan LED PRO T8 PC Tube LED<\/h1>\n<p>\u00a0\u00a0<\/p>\n<h3>LED PRO T8 600 mm<\/h3>\n<ul>\n<li>Puissance : 10 W<\/li>\n<li>Tension : 100-240 V<\/li>\n<li>Optique : 300\u00ba.<\/li>\n<li>Base : G13<\/li>\n<li>Luminosit\u00e9 : 1400 lumens<\/li>\n<li>Temp\u00e9rature de la lumi\u00e8re :<\/li>\n<ul>\n<li>Blanc naturel 4000 K<\/li>\n<li>Blanc froid 6500 K<\/li>\n<\/ul>\n<li>Dimensions : 26\u00d7598 mm<\/li>\n<li>Dur\u00e9e de vie : &gt; 40 000 heures<\/li>\n<li>Protection IP20<\/li>\n<li>Facteur de puissance &gt;0,9<\/li>\n<li>IRC &gt; 80<\/li>\n<\/ul>\n<p>\u00a0<\/p>\n<h3>LED PRO T8 1200 mm<\/h3>\n<ul>\n<li>Puissance : 18 W<\/li>\n<li>Tension : 100-240 V<\/li>\n<li>Optique : 300\u00ba.<\/li>\n<li>Base : G13<\/li>\n<li>Luminosit\u00e9 : 2500 lumens<\/li>\n<li>Temp\u00e9rature de la lumi\u00e8re :<\/li>\n<ul>\n<li>Blanc naturel 4000 K<\/li>\n<li>Blanc froid 6500 K<\/li>\n<\/ul>\n<li>Dimensions : 26\u00d71198 mm<\/li>\n<li>Dur\u00e9e de vie : &gt; 40 000 heures<\/li>\n<li>Protection IP20<\/li>\n<li>Facteur de puissance &gt;0,9<\/li>\n<li>IRC &gt; 80<\/li>\n<\/ul>\n<p>\u00a0<\/p>\n<h3>LED PRO T8 1500 mm<\/h3>\n<ul>\n<li>Puissance : 22 W<\/li>\n<li>Tension : 100-240 V<\/li>\n<li>Optique : 300\u00ba.<\/li>\n<li>Base : G13<\/li>\n<li>Luminosit\u00e9 : 3100 lumens<\/li>\n<li>Temp\u00e9rature de la lumi\u00e8re :<\/li>\n<ul>\n<li>Blanc naturel 4000 K<\/li>\n<li>Blanc froid 6500 K<\/li>\n<\/ul>\n<li>Dimensions : 26\u00d71500 mm<\/li>\n<li>Dur\u00e9e de vie : &gt; 40 000 heures<\/li>\n<li>Protection IP20<\/li>\n<li>Facteur de puissance &gt;0,9<\/li>\n<li>IRC &gt; 80<\/li>\n<\/ul>","protected":false},"excerpt":{"rendered":"<p>Tube PC Roblan LED PRO T8. Fabriqu\u00e9 en polycarbonate. Lumi\u00e8re froide ou naturelle pour un \u00e9clairage int\u00e9rieur professionnel. Raccordement d'un c\u00f4t\u00e9. Longue dur\u00e9e de vie.<\/p>\n<p>600, 1200 ou 1500 mm<\/p>\n<\/p>\n<p><span style=\"background-color: #f5a623; color: #000000;\">En raison de leur fragilit\u00e9, et pour assurer une meilleure protection, les tubes LED doivent \u00eatre command\u00e9s \u00c0 PARTIR DE 5 UNIT\u00c9S.<\/span><\/p>","protected":false},"featured_media":242425,"template":"","meta":[],"product_brand":[99355],"product_cat":[99573,99699],"product_tag":[],"class_list":{"0":"post-242426","1":"product","2":"type-product","3":"status-publish","4":"has-post-thumbnail","6":"product_brand-roblan","7":"product_cat-iluminacion-interior","8":"product_cat-tubos-led","9":"pa_cct-frio6000k","10":"pa_cct-natural4000k","11":"pa_tamano-120cm","12":"pa_tamano-150cm","13":"pa_tamano-60cm","16":"instock","17":"taxable","18":"shipping-taxable","19":"purchasable","20":"product-type-variable","21":"has-default-attributes"},"yoast_head":"<!-- This site is optimized with the Yoast SEO plugin v27.4 - https:\/\/yoast.com\/product\/yoast-seo-wordpress\/ -->\n<title>Tubo LED PRO T8 PC de Lacor<\/title>\n<meta name=\"description\" content=\"Tubo LED PRO T8 PC de Roblan. Fabricado en policarbonato. Luz fr\u00eda o natural para iluminaci\u00f3n profesional de interiores. Conexi\u00f3n por un lado. Larga vida \u00fatil.\" \/>\n<meta name=\"robots\" content=\"index, follow, max-snippet:-1, max-image-preview:large, max-video-preview:-1\" \/>\n<link rel=\"canonical\" href=\"https:\/\/ledsolintel.com\/fr\/produit-2\/tubo-led-pro-t8-pc-de-lacor\/\" \/>\n<meta property=\"og:locale\" content=\"fr_FR\" \/>\n<meta property=\"og:type\" content=\"article\" \/>\n<meta property=\"og:title\" content=\"Tubo LED PRO T8 PC de Lacor\" \/>\n<meta property=\"og:description\" content=\"Tubo LED PRO T8 PC de Roblan. Fabricado en policarbonato. Luz fr\u00eda o natural para iluminaci\u00f3n profesional de interiores. Conexi\u00f3n por un lado. Larga vida \u00fatil.\" \/>\n<meta property=\"og:url\" content=\"https:\/\/ledsolintel.com\/fr\/produit-2\/tubo-led-pro-t8-pc-de-lacor\/\" \/>\n<meta property=\"og:site_name\" content=\"Ledsolintel\" \/>\n<meta property=\"article:publisher\" content=\"http:\/\/www.facebook.com\/webmenaje\" \/>\n<meta property=\"og:image\" content=\"https:\/\/ledsolintel.com\/wp-content\/uploads\/2019\/02\/8337-Tubo-LED-PRO-T8-PC-de-Lacor.jpg\" \/>\n\t<meta property=\"og:image:width\" content=\"1\" \/>\n\t<meta property=\"og:image:height\" content=\"1\" \/>\n\t<meta property=\"og:image:type\" content=\"image\/jpeg\" \/>\n<meta name=\"twitter:card\" content=\"summary_large_image\" \/>\n<meta name=\"twitter:site\" content=\"@webmenaje\" \/>\n<meta name=\"twitter:label1\" content=\"Dur\u00e9e de lecture estim\u00e9e\" \/>\n\t<meta name=\"twitter:data1\" content=\"1 minute\" \/>\n<script type=\"application\/ld+json\" class=\"yoast-schema-graph\">{\"@context\":\"https:\\\/\\\/schema.org\",\"@graph\":[{\"@type\":\"WebPage\",\"@id\":\"https:\\\/\\\/ledsolintel.com\\\/product\\\/tubo-led-pro-t8-pc-de-lacor\\\/\",\"url\":\"https:\\\/\\\/ledsolintel.com\\\/product\\\/tubo-led-pro-t8-pc-de-lacor\\\/\",\"name\":\"Tubo LED PRO T8 PC de Lacor\",\"isPartOf\":{\"@id\":\"https:\\\/\\\/ledsolintel.com\\\/#website\"},\"primaryImageOfPage\":{\"@id\":\"https:\\\/\\\/ledsolintel.com\\\/product\\\/tubo-led-pro-t8-pc-de-lacor\\\/#primaryimage\"},\"image\":{\"@id\":\"https:\\\/\\\/ledsolintel.com\\\/product\\\/tubo-led-pro-t8-pc-de-lacor\\\/#primaryimage\"},\"thumbnailUrl\":\"https:\\\/\\\/ledsolintel.com\\\/wp-content\\\/uploads\\\/2019\\\/02\\\/8337-Tubo-LED-PRO-T8-PC-de-Lacor.jpg\",\"datePublished\":\"2019-02-19T11:30:25+00:00\",\"description\":\"Tubo LED PRO T8 PC de Roblan. Fabricado en policarbonato. Luz fr\u00eda o natural para iluminaci\u00f3n profesional de interiores. Conexi\u00f3n por un lado. Larga vida \u00fatil.\",\"breadcrumb\":{\"@id\":\"https:\\\/\\\/ledsolintel.com\\\/product\\\/tubo-led-pro-t8-pc-de-lacor\\\/#breadcrumb\"},\"inLanguage\":\"fr-FR\",\"potentialAction\":[{\"@type\":\"ReadAction\",\"target\":[\"https:\\\/\\\/ledsolintel.com\\\/product\\\/tubo-led-pro-t8-pc-de-lacor\\\/\"]}]},{\"@type\":\"ImageObject\",\"inLanguage\":\"fr-FR\",\"@id\":\"https:\\\/\\\/ledsolintel.com\\\/product\\\/tubo-led-pro-t8-pc-de-lacor\\\/#primaryimage\",\"url\":\"https:\\\/\\\/ledsolintel.com\\\/wp-content\\\/uploads\\\/2019\\\/02\\\/8337-Tubo-LED-PRO-T8-PC-de-Lacor.jpg\",\"contentUrl\":\"https:\\\/\\\/ledsolintel.com\\\/wp-content\\\/uploads\\\/2019\\\/02\\\/8337-Tubo-LED-PRO-T8-PC-de-Lacor.jpg\",\"caption\":\"Tubo LED PRO T8 PC de Lacor\"},{\"@type\":\"BreadcrumbList\",\"@id\":\"https:\\\/\\\/ledsolintel.com\\\/product\\\/tubo-led-pro-t8-pc-de-lacor\\\/#breadcrumb\",\"itemListElement\":[{\"@type\":\"ListItem\",\"position\":1,\"name\":\"Portada\",\"item\":\"https:\\\/\\\/ledsolintel.com\\\/fr\\\/\"},{\"@type\":\"ListItem\",\"position\":2,\"name\":\"Tienda\",\"item\":\"https:\\\/\\\/ledsolintel.com\\\/tienda\\\/\"},{\"@type\":\"ListItem\",\"position\":3,\"name\":\"Tubo LED PRO T8 PC de Lacor\"}]},{\"@type\":\"WebSite\",\"@id\":\"https:\\\/\\\/ledsolintel.com\\\/#website\",\"url\":\"https:\\\/\\\/ledsolintel.com\\\/\",\"name\":\"Webmenaje\",\"description\":\"Tienda de bombillas y l\u00e1mparas LED para profesionales\",\"publisher\":{\"@id\":\"https:\\\/\\\/ledsolintel.com\\\/#organization\"},\"potentialAction\":[{\"@type\":\"SearchAction\",\"target\":{\"@type\":\"EntryPoint\",\"urlTemplate\":\"https:\\\/\\\/ledsolintel.com\\\/?s={search_term_string}\"},\"query-input\":{\"@type\":\"PropertyValueSpecification\",\"valueRequired\":true,\"valueName\":\"search_term_string\"}}],\"inLanguage\":\"fr-FR\"},{\"@type\":\"Organization\",\"@id\":\"https:\\\/\\\/ledsolintel.com\\\/#organization\",\"name\":\"Solintel Noroeste, S.L.\",\"url\":\"https:\\\/\\\/ledsolintel.com\\\/\",\"logo\":{\"@type\":\"ImageObject\",\"inLanguage\":\"fr-FR\",\"@id\":\"https:\\\/\\\/ledsolintel.com\\\/#\\\/schema\\\/logo\\\/image\\\/\",\"url\":\"https:\\\/\\\/ledsolintel.com\\\/wp-content\\\/uploads\\\/2024\\\/11\\\/webmenaje-logo-1508269066.jpg\",\"contentUrl\":\"https:\\\/\\\/ledsolintel.com\\\/wp-content\\\/uploads\\\/2024\\\/11\\\/webmenaje-logo-1508269066.jpg\",\"width\":370,\"height\":90,\"caption\":\"Solintel Noroeste, S.L.\"},\"image\":{\"@id\":\"https:\\\/\\\/ledsolintel.com\\\/#\\\/schema\\\/logo\\\/image\\\/\"},\"sameAs\":[\"http:\\\/\\\/www.facebook.com\\\/webmenaje\",\"https:\\\/\\\/x.com\\\/webmenaje\",\"https:\\\/\\\/www.youtube.com\\\/channel\\\/UCX2KoVoeCG4LocZjUc6LmSQ\",\"http:\\\/\\\/www.pinterest.com\\\/webmenaje\"]}]}<\/script>\n<!-- \/ Yoast SEO plugin. -->","yoast_head_json":{"title":"Tube LED PRO T8 PC de Lacor","description":"Tube PC Roblan LED PRO T8. Fabriqu\u00e9 en polycarbonate. Lumi\u00e8re froide ou naturelle pour un \u00e9clairage int\u00e9rieur professionnel. Raccordement d'un c\u00f4t\u00e9. Longue dur\u00e9e de vie.","robots":{"index":"index","follow":"follow","max-snippet":"max-snippet:-1","max-image-preview":"max-image-preview:large","max-video-preview":"max-video-preview:-1"},"canonical":"https:\/\/ledsolintel.com\/fr\/produit-2\/tubo-led-pro-t8-pc-de-lacor\/","og_locale":"fr_FR","og_type":"article","og_title":"Tubo LED PRO T8 PC de Lacor","og_description":"Tubo LED PRO T8 PC de Roblan. Fabricado en policarbonato. Luz fr\u00eda o natural para iluminaci\u00f3n profesional de interiores. Conexi\u00f3n por un lado. Larga vida \u00fatil.","og_url":"https:\/\/ledsolintel.com\/fr\/produit-2\/tubo-led-pro-t8-pc-de-lacor\/","og_site_name":"Ledsolintel","article_publisher":"http:\/\/www.facebook.com\/webmenaje","og_image":[{"url":"https:\/\/ledsolintel.com\/wp-content\/uploads\/2019\/02\/8337-Tubo-LED-PRO-T8-PC-de-Lacor.jpg","width":1,"height":1,"type":"image\/jpeg"}],"twitter_card":"summary_large_image","twitter_site":"@webmenaje","twitter_misc":{"Dur\u00e9e de lecture estim\u00e9e":"1 minute"},"schema":{"@context":"https:\/\/schema.org","@graph":[{"@type":"WebPage","@id":"https:\/\/ledsolintel.com\/product\/tubo-led-pro-t8-pc-de-lacor\/","url":"https:\/\/ledsolintel.com\/product\/tubo-led-pro-t8-pc-de-lacor\/","name":"Tube LED PRO T8 PC de Lacor","isPartOf":{"@id":"https:\/\/ledsolintel.com\/#website"},"primaryImageOfPage":{"@id":"https:\/\/ledsolintel.com\/product\/tubo-led-pro-t8-pc-de-lacor\/#primaryimage"},"image":{"@id":"https:\/\/ledsolintel.com\/product\/tubo-led-pro-t8-pc-de-lacor\/#primaryimage"},"thumbnailUrl":"https:\/\/ledsolintel.com\/wp-content\/uploads\/2019\/02\/8337-Tubo-LED-PRO-T8-PC-de-Lacor.jpg","datePublished":"2019-02-19T11:30:25+00:00","description":"Tube PC Roblan LED PRO T8. Fabriqu\u00e9 en polycarbonate. Lumi\u00e8re froide ou naturelle pour un \u00e9clairage int\u00e9rieur professionnel. Raccordement d'un c\u00f4t\u00e9. Longue dur\u00e9e de vie.","breadcrumb":{"@id":"https:\/\/ledsolintel.com\/product\/tubo-led-pro-t8-pc-de-lacor\/#breadcrumb"},"inLanguage":"fr-FR","potentialAction":[{"@type":"ReadAction","target":["https:\/\/ledsolintel.com\/product\/tubo-led-pro-t8-pc-de-lacor\/"]}]},{"@type":"ImageObject","inLanguage":"fr-FR","@id":"https:\/\/ledsolintel.com\/product\/tubo-led-pro-t8-pc-de-lacor\/#primaryimage","url":"https:\/\/ledsolintel.com\/wp-content\/uploads\/2019\/02\/8337-Tubo-LED-PRO-T8-PC-de-Lacor.jpg","contentUrl":"https:\/\/ledsolintel.com\/wp-content\/uploads\/2019\/02\/8337-Tubo-LED-PRO-T8-PC-de-Lacor.jpg","caption":"Tubo LED PRO T8 PC de Lacor"},{"@type":"BreadcrumbList","@id":"https:\/\/ledsolintel.com\/product\/tubo-led-pro-t8-pc-de-lacor\/#breadcrumb","itemListElement":[{"@type":"ListItem","position":1,"name":"Portada","item":"https:\/\/ledsolintel.com\/fr\/"},{"@type":"ListItem","position":2,"name":"Tienda","item":"https:\/\/ledsolintel.com\/tienda\/"},{"@type":"ListItem","position":3,"name":"Tubo LED PRO T8 PC de Lacor"}]},{"@type":"WebSite","@id":"https:\/\/ledsolintel.com\/#website","url":"https:\/\/ledsolintel.com\/","name":"Webmenaje","description":"Magasin d'ampoules et de lampes LED pour les professionnels","publisher":{"@id":"https:\/\/ledsolintel.com\/#organization"},"potentialAction":[{"@type":"SearchAction","target":{"@type":"EntryPoint","urlTemplate":"https:\/\/ledsolintel.com\/?s={search_term_string}"},"query-input":{"@type":"PropertyValueSpecification","valueRequired":true,"valueName":"search_term_string"}}],"inLanguage":"fr-FR"},{"@type":"Organization","@id":"https:\/\/ledsolintel.com\/#organization","name":"Solintel Noroeste, S.L.","url":"https:\/\/ledsolintel.com\/","logo":{"@type":"ImageObject","inLanguage":"fr-FR","@id":"https:\/\/ledsolintel.com\/#\/schema\/logo\/image\/","url":"https:\/\/ledsolintel.com\/wp-content\/uploads\/2024\/11\/webmenaje-logo-1508269066.jpg","contentUrl":"https:\/\/ledsolintel.com\/wp-content\/uploads\/2024\/11\/webmenaje-logo-1508269066.jpg","width":370,"height":90,"caption":"Solintel Noroeste, S.L."},"image":{"@id":"https:\/\/ledsolintel.com\/#\/schema\/logo\/image\/"},"sameAs":["http:\/\/www.facebook.com\/webmenaje","https:\/\/x.com\/webmenaje","https:\/\/www.youtube.com\/channel\/UCX2KoVoeCG4LocZjUc6LmSQ","http:\/\/www.pinterest.com\/webmenaje"]}]}},"_links":{"self":[{"href":"https:\/\/ledsolintel.com\/fr\/wp-json\/wp\/v2\/product\/242426","targetHints":{"allow":["GET"]}}],"collection":[{"href":"https:\/\/ledsolintel.com\/fr\/wp-json\/wp\/v2\/product"}],"about":[{"href":"https:\/\/ledsolintel.com\/fr\/wp-json\/wp\/v2\/types\/product"}],"version-history":[{"count":0,"href":"https:\/\/ledsolintel.com\/fr\/wp-json\/wp\/v2\/product\/242426\/revisions"}],"wp:featuredmedia":[{"embeddable":true,"href":"https:\/\/ledsolintel.com\/fr\/wp-json\/wp\/v2\/media\/242425"}],"wp:attachment":[{"href":"https:\/\/ledsolintel.com\/fr\/wp-json\/wp\/v2\/media?parent=242426"}],"wp:term":[{"taxonomy":"product_brand","embeddable":true,"href":"https:\/\/ledsolintel.com\/fr\/wp-json\/wp\/v2\/product_brand?post=242426"},{"taxonomy":"product_cat","embeddable":true,"href":"https:\/\/ledsolintel.com\/fr\/wp-json\/wp\/v2\/product_cat?post=242426"},{"taxonomy":"product_tag","embeddable":true,"href":"https:\/\/ledsolintel.com\/fr\/wp-json\/wp\/v2\/product_tag?post=242426"}],"curies":[{"name":"wp","href":"https:\/\/api.w.org\/{rel}","templated":true}]}}