{"id":242380,"date":"2019-01-16T22:02:15","date_gmt":"2019-01-16T21:02:15","guid":{"rendered":"https:\/\/nueva.ledsolintel.com\/product\/steps-4w-220-240v-120-led-epistar\/"},"modified":"2019-01-16T22:02:15","modified_gmt":"2019-01-16T21:02:15","slug":"etapes-4w-220-240v-120-led-epistar","status":"publish","type":"product","link":"https:\/\/ledsolintel.com\/fr\/produit-2\/etapes-4w-220-240v-120-led-epistar\/","title":{"rendered":"STEPS Downlight LED 4W pour murs et escaliers"},"content":{"rendered":"<ul>\n<li>Puissance : 4 W<\/li>\n<li>Tension : 220-240 V \/ 50-60 Hz<\/li>\n<li>Luminosit\u00e9 : 60 lumens<\/li>\n<li>Temp\u00e9rature de couleur : blanc chaud 3000 K<\/li>\n<li>Dur\u00e9e de vie : 25 000 heures<\/li>\n<li>IRC &gt; 80<\/li>\n<li>Protection IP20<\/li>\n<li>Protection IK07<\/li>\n<li>Dimensions : 50\u00d735 mm<\/li>\n<li>Facteur de puissance &gt; 0,5<\/li>\n<\/ul>","protected":false},"excerpt":{"rendered":"<p>STEPS 4W lumi\u00e8re encastr\u00e9e par Beneito Faure. Pour les surfaces verticales telles que les murs et les marches. Pour une utilisation int\u00e9rieure ou ext\u00e9rieure \u00e0 l'abri de l'eau.<\/p>","protected":false},"featured_media":242378,"template":"","meta":[],"product_brand":[99357],"product_cat":[99711,99573],"product_tag":[],"class_list":{"0":"post-242380","1":"product","2":"type-product","3":"status-publish","4":"has-post-thumbnail","6":"product_brand-beneito-faure","7":"product_cat-empotrables-de-interior","8":"product_cat-iluminacion-interior","9":"pa_acabado-blanco","10":"pa_acabado-negro","13":"instock","14":"taxable","15":"shipping-taxable","16":"purchasable","17":"product-type-variable","18":"has-default-attributes"},"yoast_head":"<!-- This site is optimized with the Yoast SEO plugin v27.4 - https:\/\/yoast.com\/product\/yoast-seo-wordpress\/ -->\n<title>L\u00e1mpara empotrable LED STEPS 4W para paredes y escalones<\/title>\n<meta name=\"description\" content=\"L\u00e1mpara empotrable STEPS 4W de Beneito Faure. Para superficies verticales como paredes y escalones. Para uso en interior o en exteriores guarecidos del agua.\" \/>\n<meta name=\"robots\" content=\"index, follow, max-snippet:-1, max-image-preview:large, max-video-preview:-1\" \/>\n<link rel=\"canonical\" href=\"https:\/\/ledsolintel.com\/fr\/produit-2\/etapes-4w-220-240v-120-led-epistar\/\" \/>\n<meta property=\"og:locale\" content=\"fr_FR\" \/>\n<meta property=\"og:type\" content=\"article\" \/>\n<meta property=\"og:title\" content=\"L\u00e1mpara empotrable LED STEPS 4W para paredes y escalones\" \/>\n<meta property=\"og:description\" content=\"L\u00e1mpara empotrable STEPS 4W de Beneito Faure. Para superficies verticales como paredes y escalones. Para uso en interior o en exteriores guarecidos del agua.\" \/>\n<meta property=\"og:url\" content=\"https:\/\/ledsolintel.com\/fr\/produit-2\/etapes-4w-220-240v-120-led-epistar\/\" \/>\n<meta property=\"og:site_name\" content=\"Ledsolintel\" \/>\n<meta property=\"article:publisher\" content=\"http:\/\/www.facebook.com\/webmenaje\" \/>\n<meta property=\"og:image\" content=\"https:\/\/ledsolintel.com\/wp-content\/uploads\/2019\/01\/8302-STEPS-4W-220-240V-120o-LED-EPISTAR.jpg\" \/>\n\t<meta property=\"og:image:width\" content=\"1\" \/>\n\t<meta property=\"og:image:height\" content=\"1\" \/>\n\t<meta property=\"og:image:type\" content=\"image\/jpeg\" \/>\n<meta name=\"twitter:card\" content=\"summary_large_image\" \/>\n<meta name=\"twitter:site\" content=\"@webmenaje\" \/>\n<script type=\"application\/ld+json\" class=\"yoast-schema-graph\">{\"@context\":\"https:\\\/\\\/schema.org\",\"@graph\":[{\"@type\":\"WebPage\",\"@id\":\"https:\\\/\\\/ledsolintel.com\\\/product\\\/steps-4w-220-240v-120-led-epistar\\\/\",\"url\":\"https:\\\/\\\/ledsolintel.com\\\/product\\\/steps-4w-220-240v-120-led-epistar\\\/\",\"name\":\"L\u00e1mpara empotrable LED STEPS 4W para paredes y escalones\",\"isPartOf\":{\"@id\":\"https:\\\/\\\/ledsolintel.com\\\/#website\"},\"primaryImageOfPage\":{\"@id\":\"https:\\\/\\\/ledsolintel.com\\\/product\\\/steps-4w-220-240v-120-led-epistar\\\/#primaryimage\"},\"image\":{\"@id\":\"https:\\\/\\\/ledsolintel.com\\\/product\\\/steps-4w-220-240v-120-led-epistar\\\/#primaryimage\"},\"thumbnailUrl\":\"https:\\\/\\\/ledsolintel.com\\\/wp-content\\\/uploads\\\/2019\\\/01\\\/8302-STEPS-4W-220-240V-120o-LED-EPISTAR.jpg\",\"datePublished\":\"2019-01-16T21:02:15+00:00\",\"description\":\"L\u00e1mpara empotrable STEPS 4W de Beneito Faure. Para superficies verticales como paredes y escalones. Para uso en interior o en exteriores guarecidos del agua.\",\"breadcrumb\":{\"@id\":\"https:\\\/\\\/ledsolintel.com\\\/product\\\/steps-4w-220-240v-120-led-epistar\\\/#breadcrumb\"},\"inLanguage\":\"fr-FR\",\"potentialAction\":[{\"@type\":\"ReadAction\",\"target\":[\"https:\\\/\\\/ledsolintel.com\\\/product\\\/steps-4w-220-240v-120-led-epistar\\\/\"]}]},{\"@type\":\"ImageObject\",\"inLanguage\":\"fr-FR\",\"@id\":\"https:\\\/\\\/ledsolintel.com\\\/product\\\/steps-4w-220-240v-120-led-epistar\\\/#primaryimage\",\"url\":\"https:\\\/\\\/ledsolintel.com\\\/wp-content\\\/uploads\\\/2019\\\/01\\\/8302-STEPS-4W-220-240V-120o-LED-EPISTAR.jpg\",\"contentUrl\":\"https:\\\/\\\/ledsolintel.com\\\/wp-content\\\/uploads\\\/2019\\\/01\\\/8302-STEPS-4W-220-240V-120o-LED-EPISTAR.jpg\",\"caption\":\"STEPS 4W 220-240V 120\u00ba LED EPISTAR\"},{\"@type\":\"BreadcrumbList\",\"@id\":\"https:\\\/\\\/ledsolintel.com\\\/product\\\/steps-4w-220-240v-120-led-epistar\\\/#breadcrumb\",\"itemListElement\":[{\"@type\":\"ListItem\",\"position\":1,\"name\":\"Portada\",\"item\":\"https:\\\/\\\/ledsolintel.com\\\/fr\\\/\"},{\"@type\":\"ListItem\",\"position\":2,\"name\":\"Tienda\",\"item\":\"https:\\\/\\\/ledsolintel.com\\\/tienda\\\/\"},{\"@type\":\"ListItem\",\"position\":3,\"name\":\"L\u00e1mpara empotrable LED STEPS 4W para paredes y escalones\"}]},{\"@type\":\"WebSite\",\"@id\":\"https:\\\/\\\/ledsolintel.com\\\/#website\",\"url\":\"https:\\\/\\\/ledsolintel.com\\\/\",\"name\":\"Webmenaje\",\"description\":\"Tienda de bombillas y l\u00e1mparas LED para profesionales\",\"publisher\":{\"@id\":\"https:\\\/\\\/ledsolintel.com\\\/#organization\"},\"potentialAction\":[{\"@type\":\"SearchAction\",\"target\":{\"@type\":\"EntryPoint\",\"urlTemplate\":\"https:\\\/\\\/ledsolintel.com\\\/?s={search_term_string}\"},\"query-input\":{\"@type\":\"PropertyValueSpecification\",\"valueRequired\":true,\"valueName\":\"search_term_string\"}}],\"inLanguage\":\"fr-FR\"},{\"@type\":\"Organization\",\"@id\":\"https:\\\/\\\/ledsolintel.com\\\/#organization\",\"name\":\"Solintel Noroeste, S.L.\",\"url\":\"https:\\\/\\\/ledsolintel.com\\\/\",\"logo\":{\"@type\":\"ImageObject\",\"inLanguage\":\"fr-FR\",\"@id\":\"https:\\\/\\\/ledsolintel.com\\\/#\\\/schema\\\/logo\\\/image\\\/\",\"url\":\"https:\\\/\\\/ledsolintel.com\\\/wp-content\\\/uploads\\\/2024\\\/11\\\/webmenaje-logo-1508269066.jpg\",\"contentUrl\":\"https:\\\/\\\/ledsolintel.com\\\/wp-content\\\/uploads\\\/2024\\\/11\\\/webmenaje-logo-1508269066.jpg\",\"width\":370,\"height\":90,\"caption\":\"Solintel Noroeste, S.L.\"},\"image\":{\"@id\":\"https:\\\/\\\/ledsolintel.com\\\/#\\\/schema\\\/logo\\\/image\\\/\"},\"sameAs\":[\"http:\\\/\\\/www.facebook.com\\\/webmenaje\",\"https:\\\/\\\/x.com\\\/webmenaje\",\"https:\\\/\\\/www.youtube.com\\\/channel\\\/UCX2KoVoeCG4LocZjUc6LmSQ\",\"http:\\\/\\\/www.pinterest.com\\\/webmenaje\"]}]}<\/script>\n<!-- \/ Yoast SEO plugin. -->","yoast_head_json":{"title":"STEPS Downlight LED 4W pour murs et escaliers","description":"STEPS 4W lumi\u00e8re encastr\u00e9e par Beneito Faure. Pour les surfaces verticales telles que les murs et les marches. Pour une utilisation int\u00e9rieure ou ext\u00e9rieure \u00e0 l'abri de l'eau.","robots":{"index":"index","follow":"follow","max-snippet":"max-snippet:-1","max-image-preview":"max-image-preview:large","max-video-preview":"max-video-preview:-1"},"canonical":"https:\/\/ledsolintel.com\/fr\/produit-2\/etapes-4w-220-240v-120-led-epistar\/","og_locale":"fr_FR","og_type":"article","og_title":"L\u00e1mpara empotrable LED STEPS 4W para paredes y escalones","og_description":"L\u00e1mpara empotrable STEPS 4W de Beneito Faure. Para superficies verticales como paredes y escalones. Para uso en interior o en exteriores guarecidos del agua.","og_url":"https:\/\/ledsolintel.com\/fr\/produit-2\/etapes-4w-220-240v-120-led-epistar\/","og_site_name":"Ledsolintel","article_publisher":"http:\/\/www.facebook.com\/webmenaje","og_image":[{"url":"https:\/\/ledsolintel.com\/wp-content\/uploads\/2019\/01\/8302-STEPS-4W-220-240V-120o-LED-EPISTAR.jpg","width":1,"height":1,"type":"image\/jpeg"}],"twitter_card":"summary_large_image","twitter_site":"@webmenaje","schema":{"@context":"https:\/\/schema.org","@graph":[{"@type":"WebPage","@id":"https:\/\/ledsolintel.com\/product\/steps-4w-220-240v-120-led-epistar\/","url":"https:\/\/ledsolintel.com\/product\/steps-4w-220-240v-120-led-epistar\/","name":"STEPS Downlight LED 4W pour murs et escaliers","isPartOf":{"@id":"https:\/\/ledsolintel.com\/#website"},"primaryImageOfPage":{"@id":"https:\/\/ledsolintel.com\/product\/steps-4w-220-240v-120-led-epistar\/#primaryimage"},"image":{"@id":"https:\/\/ledsolintel.com\/product\/steps-4w-220-240v-120-led-epistar\/#primaryimage"},"thumbnailUrl":"https:\/\/ledsolintel.com\/wp-content\/uploads\/2019\/01\/8302-STEPS-4W-220-240V-120o-LED-EPISTAR.jpg","datePublished":"2019-01-16T21:02:15+00:00","description":"STEPS 4W lumi\u00e8re encastr\u00e9e par Beneito Faure. Pour les surfaces verticales telles que les murs et les marches. Pour une utilisation int\u00e9rieure ou ext\u00e9rieure \u00e0 l'abri de l'eau.","breadcrumb":{"@id":"https:\/\/ledsolintel.com\/product\/steps-4w-220-240v-120-led-epistar\/#breadcrumb"},"inLanguage":"fr-FR","potentialAction":[{"@type":"ReadAction","target":["https:\/\/ledsolintel.com\/product\/steps-4w-220-240v-120-led-epistar\/"]}]},{"@type":"ImageObject","inLanguage":"fr-FR","@id":"https:\/\/ledsolintel.com\/product\/steps-4w-220-240v-120-led-epistar\/#primaryimage","url":"https:\/\/ledsolintel.com\/wp-content\/uploads\/2019\/01\/8302-STEPS-4W-220-240V-120o-LED-EPISTAR.jpg","contentUrl":"https:\/\/ledsolintel.com\/wp-content\/uploads\/2019\/01\/8302-STEPS-4W-220-240V-120o-LED-EPISTAR.jpg","caption":"STEPS 4W 220-240V 120\u00ba LED EPISTAR"},{"@type":"BreadcrumbList","@id":"https:\/\/ledsolintel.com\/product\/steps-4w-220-240v-120-led-epistar\/#breadcrumb","itemListElement":[{"@type":"ListItem","position":1,"name":"Portada","item":"https:\/\/ledsolintel.com\/fr\/"},{"@type":"ListItem","position":2,"name":"Tienda","item":"https:\/\/ledsolintel.com\/tienda\/"},{"@type":"ListItem","position":3,"name":"L\u00e1mpara empotrable LED STEPS 4W para paredes y escalones"}]},{"@type":"WebSite","@id":"https:\/\/ledsolintel.com\/#website","url":"https:\/\/ledsolintel.com\/","name":"Webmenaje","description":"Magasin d'ampoules et de lampes LED pour les professionnels","publisher":{"@id":"https:\/\/ledsolintel.com\/#organization"},"potentialAction":[{"@type":"SearchAction","target":{"@type":"EntryPoint","urlTemplate":"https:\/\/ledsolintel.com\/?s={search_term_string}"},"query-input":{"@type":"PropertyValueSpecification","valueRequired":true,"valueName":"search_term_string"}}],"inLanguage":"fr-FR"},{"@type":"Organization","@id":"https:\/\/ledsolintel.com\/#organization","name":"Solintel Noroeste, S.L.","url":"https:\/\/ledsolintel.com\/","logo":{"@type":"ImageObject","inLanguage":"fr-FR","@id":"https:\/\/ledsolintel.com\/#\/schema\/logo\/image\/","url":"https:\/\/ledsolintel.com\/wp-content\/uploads\/2024\/11\/webmenaje-logo-1508269066.jpg","contentUrl":"https:\/\/ledsolintel.com\/wp-content\/uploads\/2024\/11\/webmenaje-logo-1508269066.jpg","width":370,"height":90,"caption":"Solintel Noroeste, S.L."},"image":{"@id":"https:\/\/ledsolintel.com\/#\/schema\/logo\/image\/"},"sameAs":["http:\/\/www.facebook.com\/webmenaje","https:\/\/x.com\/webmenaje","https:\/\/www.youtube.com\/channel\/UCX2KoVoeCG4LocZjUc6LmSQ","http:\/\/www.pinterest.com\/webmenaje"]}]}},"_links":{"self":[{"href":"https:\/\/ledsolintel.com\/fr\/wp-json\/wp\/v2\/product\/242380","targetHints":{"allow":["GET"]}}],"collection":[{"href":"https:\/\/ledsolintel.com\/fr\/wp-json\/wp\/v2\/product"}],"about":[{"href":"https:\/\/ledsolintel.com\/fr\/wp-json\/wp\/v2\/types\/product"}],"version-history":[{"count":0,"href":"https:\/\/ledsolintel.com\/fr\/wp-json\/wp\/v2\/product\/242380\/revisions"}],"wp:featuredmedia":[{"embeddable":true,"href":"https:\/\/ledsolintel.com\/fr\/wp-json\/wp\/v2\/media\/242378"}],"wp:attachment":[{"href":"https:\/\/ledsolintel.com\/fr\/wp-json\/wp\/v2\/media?parent=242380"}],"wp:term":[{"taxonomy":"product_brand","embeddable":true,"href":"https:\/\/ledsolintel.com\/fr\/wp-json\/wp\/v2\/product_brand?post=242380"},{"taxonomy":"product_cat","embeddable":true,"href":"https:\/\/ledsolintel.com\/fr\/wp-json\/wp\/v2\/product_cat?post=242380"},{"taxonomy":"product_tag","embeddable":true,"href":"https:\/\/ledsolintel.com\/fr\/wp-json\/wp\/v2\/product_tag?post=242380"}],"curies":[{"name":"wp","href":"https:\/\/api.w.org\/{rel}","templated":true}]}}