{"id":242344,"date":"2019-01-16T01:02:03","date_gmt":"2019-01-16T00:02:03","guid":{"rendered":"https:\/\/nueva.ledsolintel.com\/product\/luky-2w-220-240v-65-led-cree-de-beneito-faure\/"},"modified":"2019-01-16T01:02:03","modified_gmt":"2019-01-16T00:02:03","slug":"luky-2w-220-240v-65-led-cree-de-beneito-faure","status":"publish","type":"product","link":"https:\/\/ledsolintel.com\/fr\/produit-2\/luky-2w-220-240v-65-led-cree-de-beneito-faure\/","title":{"rendered":"LUKY 2W 220-240V 65\u00ba LED CREE par Beneito Faure"},"content":{"rendered":"<h3>Caract\u00e9ristiques<\/h3>\n<ul>\n<li>Puissance : 2 W<\/li>\n<li>Tension : 100-240 V \/ 50-60 Hz<\/li>\n<li>Luminosit\u00e9 :\n<ul>\n<li>96 lumens<\/li>\n<li>110 bougies<\/li>\n<\/ul>\n<\/li>\n<li>Temp\u00e9rature de couleur :\n<ul>\n<li>blanc chaud 3200 K<\/li>\n<li>blanc naturel 4000 K<\/li>\n<\/ul>\n<\/li>\n<li>Dur\u00e9e de vie : 50 000 heures<\/li>\n<li>IRC &gt; 80<\/li>\n<li>Protection IP54<\/li>\n<li>Dimensions : 43\u00d730 mm<\/li>\n<li>Facteur de puissance &gt; 0,5<\/li>\n<\/ul>","protected":false},"excerpt":{"rendered":"<p>Beneito Faure LUKY 2W lumi\u00e8re encastr\u00e9e. R\u00e9sistant aux chocs et aux intemp\u00e9ries. Convient aux murs, marches et autres surfaces verticales.<\/p>\n<p>Optique asym\u00e9trique. Disponible en deux finitions, avec peinture marine anticorrosion.<\/p>","protected":false},"featured_media":242341,"template":"","meta":[],"product_brand":[99357],"product_cat":[99575,99657],"product_tag":[],"class_list":{"0":"post-242344","1":"product","2":"type-product","3":"status-publish","4":"has-post-thumbnail","6":"product_brand-beneito-faure","7":"product_cat-iluminacion-para-jardines-y-exteriores","8":"product_cat-empotrables-de-exterior","9":"pa_acabado-blanco","10":"pa_acabado-negro","11":"pa_cct-natural4000k","12":"pa_cct-calido3000k","15":"instock","16":"taxable","17":"shipping-taxable","18":"purchasable","19":"product-type-variable","20":"has-default-attributes"},"yoast_head":"<!-- This site is optimized with the Yoast SEO plugin v26.6 - https:\/\/yoast.com\/wordpress\/plugins\/seo\/ -->\n<title>LUKY 2W 220-240V 65\u00ba LED CREE de Beneito Faure<\/title>\n<meta name=\"description\" content=\"L\u00e1mpara empotrable LUKY 2W de Beneito Faure. Resistente a los golpes y a los elementos atmosf\u00e9ricos. Adecuada para paredes, escalones y superficies verticales.\" \/>\n<meta name=\"robots\" content=\"index, follow, max-snippet:-1, max-image-preview:large, max-video-preview:-1\" \/>\n<link rel=\"canonical\" href=\"https:\/\/ledsolintel.com\/fr\/produit-2\/luky-2w-220-240v-65-led-cree-de-beneito-faure\/\" \/>\n<meta property=\"og:locale\" content=\"fr_FR\" \/>\n<meta property=\"og:type\" content=\"article\" \/>\n<meta property=\"og:title\" content=\"LUKY 2W 220-240V 65\u00ba LED CREE de Beneito Faure\" \/>\n<meta property=\"og:description\" content=\"L\u00e1mpara empotrable LUKY 2W de Beneito Faure. Resistente a los golpes y a los elementos atmosf\u00e9ricos. Adecuada para paredes, escalones y superficies verticales.\" \/>\n<meta property=\"og:url\" content=\"https:\/\/ledsolintel.com\/fr\/produit-2\/luky-2w-220-240v-65-led-cree-de-beneito-faure\/\" \/>\n<meta property=\"og:site_name\" content=\"Ledsolintel\" \/>\n<meta property=\"article:publisher\" content=\"http:\/\/www.facebook.com\/webmenaje\" \/>\n<meta property=\"og:image\" content=\"https:\/\/ledsolintel.com\/wp-content\/uploads\/2019\/01\/8897-LUKY-2W-220-240V-65o-LED-CREE-de-Beneito-Faure.jpg\" \/>\n\t<meta property=\"og:image:width\" content=\"1\" \/>\n\t<meta property=\"og:image:height\" content=\"1\" \/>\n\t<meta property=\"og:image:type\" content=\"image\/jpeg\" \/>\n<meta name=\"twitter:card\" content=\"summary_large_image\" \/>\n<meta name=\"twitter:site\" content=\"@webmenaje\" \/>\n<script type=\"application\/ld+json\" class=\"yoast-schema-graph\">{\"@context\":\"https:\/\/schema.org\",\"@graph\":[{\"@type\":\"WebPage\",\"@id\":\"https:\/\/ledsolintel.com\/product\/luky-2w-220-240v-65-led-cree-de-beneito-faure\/\",\"url\":\"https:\/\/ledsolintel.com\/product\/luky-2w-220-240v-65-led-cree-de-beneito-faure\/\",\"name\":\"LUKY 2W 220-240V 65\u00ba LED CREE de Beneito Faure\",\"isPartOf\":{\"@id\":\"https:\/\/ledsolintel.com\/#website\"},\"primaryImageOfPage\":{\"@id\":\"https:\/\/ledsolintel.com\/product\/luky-2w-220-240v-65-led-cree-de-beneito-faure\/#primaryimage\"},\"image\":{\"@id\":\"https:\/\/ledsolintel.com\/product\/luky-2w-220-240v-65-led-cree-de-beneito-faure\/#primaryimage\"},\"thumbnailUrl\":\"https:\/\/ledsolintel.com\/wp-content\/uploads\/2019\/01\/8897-LUKY-2W-220-240V-65o-LED-CREE-de-Beneito-Faure.jpg\",\"datePublished\":\"2019-01-16T00:02:03+00:00\",\"description\":\"L\u00e1mpara empotrable LUKY 2W de Beneito Faure. Resistente a los golpes y a los elementos atmosf\u00e9ricos. Adecuada para paredes, escalones y superficies verticales.\",\"breadcrumb\":{\"@id\":\"https:\/\/ledsolintel.com\/product\/luky-2w-220-240v-65-led-cree-de-beneito-faure\/#breadcrumb\"},\"inLanguage\":\"fr-FR\",\"potentialAction\":[{\"@type\":\"ReadAction\",\"target\":[\"https:\/\/ledsolintel.com\/product\/luky-2w-220-240v-65-led-cree-de-beneito-faure\/\"]}]},{\"@type\":\"ImageObject\",\"inLanguage\":\"fr-FR\",\"@id\":\"https:\/\/ledsolintel.com\/product\/luky-2w-220-240v-65-led-cree-de-beneito-faure\/#primaryimage\",\"url\":\"https:\/\/ledsolintel.com\/wp-content\/uploads\/2019\/01\/8897-LUKY-2W-220-240V-65o-LED-CREE-de-Beneito-Faure.jpg\",\"contentUrl\":\"https:\/\/ledsolintel.com\/wp-content\/uploads\/2019\/01\/8897-LUKY-2W-220-240V-65o-LED-CREE-de-Beneito-Faure.jpg\",\"caption\":\"LUKY 2W 220-240V 65\u00ba LED CREE de Beneito Faure\"},{\"@type\":\"BreadcrumbList\",\"@id\":\"https:\/\/ledsolintel.com\/product\/luky-2w-220-240v-65-led-cree-de-beneito-faure\/#breadcrumb\",\"itemListElement\":[{\"@type\":\"ListItem\",\"position\":1,\"name\":\"Portada\",\"item\":\"https:\/\/ledsolintel.com\/fr\/\"},{\"@type\":\"ListItem\",\"position\":2,\"name\":\"Tienda\",\"item\":\"https:\/\/ledsolintel.com\/tienda\/\"},{\"@type\":\"ListItem\",\"position\":3,\"name\":\"LUKY 2W 220-240V 65\u00ba LED CREE de Beneito Faure\"}]},{\"@type\":\"WebSite\",\"@id\":\"https:\/\/ledsolintel.com\/#website\",\"url\":\"https:\/\/ledsolintel.com\/\",\"name\":\"Webmenaje\",\"description\":\"Tienda de bombillas y l\u00e1mparas LED para profesionales\",\"publisher\":{\"@id\":\"https:\/\/ledsolintel.com\/#organization\"},\"potentialAction\":[{\"@type\":\"SearchAction\",\"target\":{\"@type\":\"EntryPoint\",\"urlTemplate\":\"https:\/\/ledsolintel.com\/?s={search_term_string}\"},\"query-input\":{\"@type\":\"PropertyValueSpecification\",\"valueRequired\":true,\"valueName\":\"search_term_string\"}}],\"inLanguage\":\"fr-FR\"},{\"@type\":\"Organization\",\"@id\":\"https:\/\/ledsolintel.com\/#organization\",\"name\":\"Solintel Noroeste, S.L.\",\"url\":\"https:\/\/ledsolintel.com\/\",\"logo\":{\"@type\":\"ImageObject\",\"inLanguage\":\"fr-FR\",\"@id\":\"https:\/\/ledsolintel.com\/#\/schema\/logo\/image\/\",\"url\":\"https:\/\/ledsolintel.com\/wp-content\/uploads\/2024\/11\/webmenaje-logo-1508269066.jpg\",\"contentUrl\":\"https:\/\/ledsolintel.com\/wp-content\/uploads\/2024\/11\/webmenaje-logo-1508269066.jpg\",\"width\":370,\"height\":90,\"caption\":\"Solintel Noroeste, S.L.\"},\"image\":{\"@id\":\"https:\/\/ledsolintel.com\/#\/schema\/logo\/image\/\"},\"sameAs\":[\"http:\/\/www.facebook.com\/webmenaje\",\"https:\/\/x.com\/webmenaje\",\"https:\/\/www.youtube.com\/channel\/UCX2KoVoeCG4LocZjUc6LmSQ\",\"http:\/\/www.pinterest.com\/webmenaje\"]}]}<\/script>\n<!-- \/ Yoast SEO plugin. -->","yoast_head_json":{"title":"LUKY 2W 220-240V 65\u00ba LED CREE par Beneito Faure","description":"L\u00e1mpara empotrable LUKY 2W de Beneito Faure. Resistente a los golpes y a los elementos atmosf\u00e9ricos. Adecuada para paredes, escalones y superficies verticales.","robots":{"index":"index","follow":"follow","max-snippet":"max-snippet:-1","max-image-preview":"max-image-preview:large","max-video-preview":"max-video-preview:-1"},"canonical":"https:\/\/ledsolintel.com\/fr\/produit-2\/luky-2w-220-240v-65-led-cree-de-beneito-faure\/","og_locale":"fr_FR","og_type":"article","og_title":"LUKY 2W 220-240V 65\u00ba LED CREE de Beneito Faure","og_description":"L\u00e1mpara empotrable LUKY 2W de Beneito Faure. Resistente a los golpes y a los elementos atmosf\u00e9ricos. Adecuada para paredes, escalones y superficies verticales.","og_url":"https:\/\/ledsolintel.com\/fr\/produit-2\/luky-2w-220-240v-65-led-cree-de-beneito-faure\/","og_site_name":"Ledsolintel","article_publisher":"http:\/\/www.facebook.com\/webmenaje","og_image":[{"url":"https:\/\/ledsolintel.com\/wp-content\/uploads\/2019\/01\/8897-LUKY-2W-220-240V-65o-LED-CREE-de-Beneito-Faure.jpg","width":1,"height":1,"type":"image\/jpeg"}],"twitter_card":"summary_large_image","twitter_site":"@webmenaje","schema":{"@context":"https:\/\/schema.org","@graph":[{"@type":"WebPage","@id":"https:\/\/ledsolintel.com\/product\/luky-2w-220-240v-65-led-cree-de-beneito-faure\/","url":"https:\/\/ledsolintel.com\/product\/luky-2w-220-240v-65-led-cree-de-beneito-faure\/","name":"LUKY 2W 220-240V 65\u00ba LED CREE par Beneito Faure","isPartOf":{"@id":"https:\/\/ledsolintel.com\/#website"},"primaryImageOfPage":{"@id":"https:\/\/ledsolintel.com\/product\/luky-2w-220-240v-65-led-cree-de-beneito-faure\/#primaryimage"},"image":{"@id":"https:\/\/ledsolintel.com\/product\/luky-2w-220-240v-65-led-cree-de-beneito-faure\/#primaryimage"},"thumbnailUrl":"https:\/\/ledsolintel.com\/wp-content\/uploads\/2019\/01\/8897-LUKY-2W-220-240V-65o-LED-CREE-de-Beneito-Faure.jpg","datePublished":"2019-01-16T00:02:03+00:00","description":"L\u00e1mpara empotrable LUKY 2W de Beneito Faure. Resistente a los golpes y a los elementos atmosf\u00e9ricos. Adecuada para paredes, escalones y superficies verticales.","breadcrumb":{"@id":"https:\/\/ledsolintel.com\/product\/luky-2w-220-240v-65-led-cree-de-beneito-faure\/#breadcrumb"},"inLanguage":"fr-FR","potentialAction":[{"@type":"ReadAction","target":["https:\/\/ledsolintel.com\/product\/luky-2w-220-240v-65-led-cree-de-beneito-faure\/"]}]},{"@type":"ImageObject","inLanguage":"fr-FR","@id":"https:\/\/ledsolintel.com\/product\/luky-2w-220-240v-65-led-cree-de-beneito-faure\/#primaryimage","url":"https:\/\/ledsolintel.com\/wp-content\/uploads\/2019\/01\/8897-LUKY-2W-220-240V-65o-LED-CREE-de-Beneito-Faure.jpg","contentUrl":"https:\/\/ledsolintel.com\/wp-content\/uploads\/2019\/01\/8897-LUKY-2W-220-240V-65o-LED-CREE-de-Beneito-Faure.jpg","caption":"LUKY 2W 220-240V 65\u00ba LED CREE de Beneito Faure"},{"@type":"BreadcrumbList","@id":"https:\/\/ledsolintel.com\/product\/luky-2w-220-240v-65-led-cree-de-beneito-faure\/#breadcrumb","itemListElement":[{"@type":"ListItem","position":1,"name":"Portada","item":"https:\/\/ledsolintel.com\/fr\/"},{"@type":"ListItem","position":2,"name":"Tienda","item":"https:\/\/ledsolintel.com\/tienda\/"},{"@type":"ListItem","position":3,"name":"LUKY 2W 220-240V 65\u00ba LED CREE de Beneito Faure"}]},{"@type":"WebSite","@id":"https:\/\/ledsolintel.com\/#website","url":"https:\/\/ledsolintel.com\/","name":"Webmenaje","description":"Magasin d'ampoules et de lampes LED pour les professionnels","publisher":{"@id":"https:\/\/ledsolintel.com\/#organization"},"potentialAction":[{"@type":"SearchAction","target":{"@type":"EntryPoint","urlTemplate":"https:\/\/ledsolintel.com\/?s={search_term_string}"},"query-input":{"@type":"PropertyValueSpecification","valueRequired":true,"valueName":"search_term_string"}}],"inLanguage":"fr-FR"},{"@type":"Organization","@id":"https:\/\/ledsolintel.com\/#organization","name":"Solintel Noroeste, S.L.","url":"https:\/\/ledsolintel.com\/","logo":{"@type":"ImageObject","inLanguage":"fr-FR","@id":"https:\/\/ledsolintel.com\/#\/schema\/logo\/image\/","url":"https:\/\/ledsolintel.com\/wp-content\/uploads\/2024\/11\/webmenaje-logo-1508269066.jpg","contentUrl":"https:\/\/ledsolintel.com\/wp-content\/uploads\/2024\/11\/webmenaje-logo-1508269066.jpg","width":370,"height":90,"caption":"Solintel Noroeste, S.L."},"image":{"@id":"https:\/\/ledsolintel.com\/#\/schema\/logo\/image\/"},"sameAs":["http:\/\/www.facebook.com\/webmenaje","https:\/\/x.com\/webmenaje","https:\/\/www.youtube.com\/channel\/UCX2KoVoeCG4LocZjUc6LmSQ","http:\/\/www.pinterest.com\/webmenaje"]}]}},"_links":{"self":[{"href":"https:\/\/ledsolintel.com\/fr\/wp-json\/wp\/v2\/product\/242344","targetHints":{"allow":["GET"]}}],"collection":[{"href":"https:\/\/ledsolintel.com\/fr\/wp-json\/wp\/v2\/product"}],"about":[{"href":"https:\/\/ledsolintel.com\/fr\/wp-json\/wp\/v2\/types\/product"}],"version-history":[{"count":0,"href":"https:\/\/ledsolintel.com\/fr\/wp-json\/wp\/v2\/product\/242344\/revisions"}],"wp:featuredmedia":[{"embeddable":true,"href":"https:\/\/ledsolintel.com\/fr\/wp-json\/wp\/v2\/media\/242341"}],"wp:attachment":[{"href":"https:\/\/ledsolintel.com\/fr\/wp-json\/wp\/v2\/media?parent=242344"}],"wp:term":[{"taxonomy":"product_brand","embeddable":true,"href":"https:\/\/ledsolintel.com\/fr\/wp-json\/wp\/v2\/product_brand?post=242344"},{"taxonomy":"product_cat","embeddable":true,"href":"https:\/\/ledsolintel.com\/fr\/wp-json\/wp\/v2\/product_cat?post=242344"},{"taxonomy":"product_tag","embeddable":true,"href":"https:\/\/ledsolintel.com\/fr\/wp-json\/wp\/v2\/product_tag?post=242344"}],"curies":[{"name":"wp","href":"https:\/\/api.w.org\/{rel}","templated":true}]}}