{"id":242313,"date":"2019-01-15T23:06:31","date_gmt":"2019-01-15T22:06:31","guid":{"rendered":"https:\/\/nueva.ledsolintel.com\/product\/baliza-cam-110cm-9w-220-240v-120-led\/"},"modified":"2019-01-15T23:06:31","modified_gmt":"2019-01-15T22:06:31","slug":"beacon-cam-110cm-9w-220-240v-120-led","status":"publish","type":"product","link":"https:\/\/ledsolintel.com\/fr\/produit-2\/beacon-cam-110cm-9w-220-240v-120-led\/","title":{"rendered":"CAM 110CM ALUMINIUM BLANC 9W 220-240V 120\u00ba LED par Beneito Faure"},"content":{"rendered":"<h3>Caract\u00e9ristiques :<\/h3>\n<ul>\n<li>Puissance : 9W<\/li>\n<li>Tension : 220-240 V AC<\/li>\n<li>Luminosit\u00e9 :\n<ul>\n<li>700 lumens<\/li>\n<li>262 bougies<\/li>\n<\/ul>\n<\/li>\n<li>Optique : 120\u00ba.<\/li>\n<li>Temp\u00e9rature de couleur :\u00a0\n<ul>\n<li>blanc chaud 3000 K<\/li>\n<li>blanc naturel 4000 K<\/li>\n<\/ul>\n<\/li>\n<li>Facteur de puissance &gt;0,7<\/li>\n<li>Protection IP54<\/li>\n<li>Dur\u00e9e de vie : 25 000 heures<\/li>\n<li>Hauteur : 110 cm<\/li>\n<\/ul>","protected":false},"excerpt":{"rendered":"<p>La balise Beneito Faure CAM 110 cm offre un \u00e9clairage ornemental pour les jardins, les all\u00e9es et les terrasses. Son design en rectangles et lignes droites et ses finitions sobres en noir ou blanc cr\u00e9ent un look minimaliste, intemporel et \u00e9l\u00e9gant.<\/p>","protected":false},"featured_media":242311,"template":"","meta":[],"product_brand":[99357],"product_cat":[99633,99575],"product_tag":[],"class_list":{"0":"post-242313","1":"product","2":"type-product","3":"status-publish","4":"has-post-thumbnail","6":"product_brand-beneito-faure","7":"product_cat-balizas-sobremuros-y-farolas","8":"product_cat-iluminacion-para-jardines-y-exteriores","9":"pa_acabado-blanco","10":"pa_acabado-negro","11":"pa_cct-natural4000k","12":"pa_cct-calido3000k","15":"instock","16":"taxable","17":"shipping-taxable","18":"purchasable","19":"product-type-variable","20":"has-default-attributes"},"yoast_head":"<!-- This site is optimized with the Yoast SEO plugin v26.6 - https:\/\/yoast.com\/wordpress\/plugins\/seo\/ -->\n<title>CAM 110CM BLANCO ALUMINIUM 9W 220-240V 120\u00ba LED de Beneito Faure<\/title>\n<meta name=\"description\" content=\"La baliza CAM 110 cm de Beneito Faure ofrece una iluminaci\u00f3n ornamental para jardines, caminos de acceso a viviendas y terrazas. L\u00edneas rectas y acabado minimal\" \/>\n<meta name=\"robots\" content=\"index, follow, max-snippet:-1, max-image-preview:large, max-video-preview:-1\" \/>\n<link rel=\"canonical\" href=\"https:\/\/ledsolintel.com\/fr\/produit-2\/beacon-cam-110cm-9w-220-240v-120-led\/\" \/>\n<meta property=\"og:locale\" content=\"fr_FR\" \/>\n<meta property=\"og:type\" content=\"article\" \/>\n<meta property=\"og:title\" content=\"CAM 110CM BLANCO ALUMINIUM 9W 220-240V 120\u00ba LED de Beneito Faure\" \/>\n<meta property=\"og:description\" content=\"La baliza CAM 110 cm de Beneito Faure ofrece una iluminaci\u00f3n ornamental para jardines, caminos de acceso a viviendas y terrazas. L\u00edneas rectas y acabado minimal\" \/>\n<meta property=\"og:url\" content=\"https:\/\/ledsolintel.com\/fr\/produit-2\/beacon-cam-110cm-9w-220-240v-120-led\/\" \/>\n<meta property=\"og:site_name\" content=\"Ledsolintel\" \/>\n<meta property=\"article:publisher\" content=\"http:\/\/www.facebook.com\/webmenaje\" \/>\n<meta property=\"og:image\" content=\"https:\/\/ledsolintel.com\/wp-content\/uploads\/2019\/01\/8901-Baliza-CAM-110CM-9W-220-240V-120o-LED-de-Beneito-Faure.jpg\" \/>\n\t<meta property=\"og:image:width\" content=\"1\" \/>\n\t<meta property=\"og:image:height\" content=\"1\" \/>\n\t<meta property=\"og:image:type\" content=\"image\/jpeg\" \/>\n<meta name=\"twitter:card\" content=\"summary_large_image\" \/>\n<meta name=\"twitter:site\" content=\"@webmenaje\" \/>\n<script type=\"application\/ld+json\" class=\"yoast-schema-graph\">{\"@context\":\"https:\/\/schema.org\",\"@graph\":[{\"@type\":\"WebPage\",\"@id\":\"https:\/\/ledsolintel.com\/product\/baliza-cam-110cm-9w-220-240v-120-led\/\",\"url\":\"https:\/\/ledsolintel.com\/product\/baliza-cam-110cm-9w-220-240v-120-led\/\",\"name\":\"CAM 110CM BLANCO ALUMINIUM 9W 220-240V 120\u00ba LED de Beneito Faure\",\"isPartOf\":{\"@id\":\"https:\/\/ledsolintel.com\/#website\"},\"primaryImageOfPage\":{\"@id\":\"https:\/\/ledsolintel.com\/product\/baliza-cam-110cm-9w-220-240v-120-led\/#primaryimage\"},\"image\":{\"@id\":\"https:\/\/ledsolintel.com\/product\/baliza-cam-110cm-9w-220-240v-120-led\/#primaryimage\"},\"thumbnailUrl\":\"https:\/\/ledsolintel.com\/wp-content\/uploads\/2019\/01\/8901-Baliza-CAM-110CM-9W-220-240V-120o-LED-de-Beneito-Faure.jpg\",\"datePublished\":\"2019-01-15T22:06:31+00:00\",\"description\":\"La baliza CAM 110 cm de Beneito Faure ofrece una iluminaci\u00f3n ornamental para jardines, caminos de acceso a viviendas y terrazas. L\u00edneas rectas y acabado minimal\",\"breadcrumb\":{\"@id\":\"https:\/\/ledsolintel.com\/product\/baliza-cam-110cm-9w-220-240v-120-led\/#breadcrumb\"},\"inLanguage\":\"fr-FR\",\"potentialAction\":[{\"@type\":\"ReadAction\",\"target\":[\"https:\/\/ledsolintel.com\/product\/baliza-cam-110cm-9w-220-240v-120-led\/\"]}]},{\"@type\":\"ImageObject\",\"inLanguage\":\"fr-FR\",\"@id\":\"https:\/\/ledsolintel.com\/product\/baliza-cam-110cm-9w-220-240v-120-led\/#primaryimage\",\"url\":\"https:\/\/ledsolintel.com\/wp-content\/uploads\/2019\/01\/8901-Baliza-CAM-110CM-9W-220-240V-120o-LED-de-Beneito-Faure.jpg\",\"contentUrl\":\"https:\/\/ledsolintel.com\/wp-content\/uploads\/2019\/01\/8901-Baliza-CAM-110CM-9W-220-240V-120o-LED-de-Beneito-Faure.jpg\",\"caption\":\"Baliza CAM 110CM 9W 220-240V 120\u00ba LED de Beneito Faure\"},{\"@type\":\"BreadcrumbList\",\"@id\":\"https:\/\/ledsolintel.com\/product\/baliza-cam-110cm-9w-220-240v-120-led\/#breadcrumb\",\"itemListElement\":[{\"@type\":\"ListItem\",\"position\":1,\"name\":\"Portada\",\"item\":\"https:\/\/ledsolintel.com\/fr\/\"},{\"@type\":\"ListItem\",\"position\":2,\"name\":\"Tienda\",\"item\":\"https:\/\/ledsolintel.com\/tienda\/\"},{\"@type\":\"ListItem\",\"position\":3,\"name\":\"CAM 110CM BLANCO ALUMINIUM 9W 220-240V 120\u00ba LED de Beneito Faure\"}]},{\"@type\":\"WebSite\",\"@id\":\"https:\/\/ledsolintel.com\/#website\",\"url\":\"https:\/\/ledsolintel.com\/\",\"name\":\"Webmenaje\",\"description\":\"Tienda de bombillas y l\u00e1mparas LED para profesionales\",\"publisher\":{\"@id\":\"https:\/\/ledsolintel.com\/#organization\"},\"potentialAction\":[{\"@type\":\"SearchAction\",\"target\":{\"@type\":\"EntryPoint\",\"urlTemplate\":\"https:\/\/ledsolintel.com\/?s={search_term_string}\"},\"query-input\":{\"@type\":\"PropertyValueSpecification\",\"valueRequired\":true,\"valueName\":\"search_term_string\"}}],\"inLanguage\":\"fr-FR\"},{\"@type\":\"Organization\",\"@id\":\"https:\/\/ledsolintel.com\/#organization\",\"name\":\"Solintel Noroeste, S.L.\",\"url\":\"https:\/\/ledsolintel.com\/\",\"logo\":{\"@type\":\"ImageObject\",\"inLanguage\":\"fr-FR\",\"@id\":\"https:\/\/ledsolintel.com\/#\/schema\/logo\/image\/\",\"url\":\"https:\/\/ledsolintel.com\/wp-content\/uploads\/2024\/11\/webmenaje-logo-1508269066.jpg\",\"contentUrl\":\"https:\/\/ledsolintel.com\/wp-content\/uploads\/2024\/11\/webmenaje-logo-1508269066.jpg\",\"width\":370,\"height\":90,\"caption\":\"Solintel Noroeste, S.L.\"},\"image\":{\"@id\":\"https:\/\/ledsolintel.com\/#\/schema\/logo\/image\/\"},\"sameAs\":[\"http:\/\/www.facebook.com\/webmenaje\",\"https:\/\/x.com\/webmenaje\",\"https:\/\/www.youtube.com\/channel\/UCX2KoVoeCG4LocZjUc6LmSQ\",\"http:\/\/www.pinterest.com\/webmenaje\"]}]}<\/script>\n<!-- \/ Yoast SEO plugin. -->","yoast_head_json":{"title":"CAM 110CM ALUMINIUM BLANC 9W 220-240V 120\u00ba LED par Beneito Faure","description":"La balise Beneito Faure CAM 110 cm offre un \u00e9clairage ornemental pour les jardins, les all\u00e9es et les terrasses. Lignes droites et finition minimaliste","robots":{"index":"index","follow":"follow","max-snippet":"max-snippet:-1","max-image-preview":"max-image-preview:large","max-video-preview":"max-video-preview:-1"},"canonical":"https:\/\/ledsolintel.com\/fr\/produit-2\/beacon-cam-110cm-9w-220-240v-120-led\/","og_locale":"fr_FR","og_type":"article","og_title":"CAM 110CM BLANCO ALUMINIUM 9W 220-240V 120\u00ba LED de Beneito Faure","og_description":"La baliza CAM 110 cm de Beneito Faure ofrece una iluminaci\u00f3n ornamental para jardines, caminos de acceso a viviendas y terrazas. L\u00edneas rectas y acabado minimal","og_url":"https:\/\/ledsolintel.com\/fr\/produit-2\/beacon-cam-110cm-9w-220-240v-120-led\/","og_site_name":"Ledsolintel","article_publisher":"http:\/\/www.facebook.com\/webmenaje","og_image":[{"url":"https:\/\/ledsolintel.com\/wp-content\/uploads\/2019\/01\/8901-Baliza-CAM-110CM-9W-220-240V-120o-LED-de-Beneito-Faure.jpg","width":1,"height":1,"type":"image\/jpeg"}],"twitter_card":"summary_large_image","twitter_site":"@webmenaje","schema":{"@context":"https:\/\/schema.org","@graph":[{"@type":"WebPage","@id":"https:\/\/ledsolintel.com\/product\/baliza-cam-110cm-9w-220-240v-120-led\/","url":"https:\/\/ledsolintel.com\/product\/baliza-cam-110cm-9w-220-240v-120-led\/","name":"CAM 110CM ALUMINIUM BLANC 9W 220-240V 120\u00ba LED par Beneito Faure","isPartOf":{"@id":"https:\/\/ledsolintel.com\/#website"},"primaryImageOfPage":{"@id":"https:\/\/ledsolintel.com\/product\/baliza-cam-110cm-9w-220-240v-120-led\/#primaryimage"},"image":{"@id":"https:\/\/ledsolintel.com\/product\/baliza-cam-110cm-9w-220-240v-120-led\/#primaryimage"},"thumbnailUrl":"https:\/\/ledsolintel.com\/wp-content\/uploads\/2019\/01\/8901-Baliza-CAM-110CM-9W-220-240V-120o-LED-de-Beneito-Faure.jpg","datePublished":"2019-01-15T22:06:31+00:00","description":"La balise Beneito Faure CAM 110 cm offre un \u00e9clairage ornemental pour les jardins, les all\u00e9es et les terrasses. Lignes droites et finition minimaliste","breadcrumb":{"@id":"https:\/\/ledsolintel.com\/product\/baliza-cam-110cm-9w-220-240v-120-led\/#breadcrumb"},"inLanguage":"fr-FR","potentialAction":[{"@type":"ReadAction","target":["https:\/\/ledsolintel.com\/product\/baliza-cam-110cm-9w-220-240v-120-led\/"]}]},{"@type":"ImageObject","inLanguage":"fr-FR","@id":"https:\/\/ledsolintel.com\/product\/baliza-cam-110cm-9w-220-240v-120-led\/#primaryimage","url":"https:\/\/ledsolintel.com\/wp-content\/uploads\/2019\/01\/8901-Baliza-CAM-110CM-9W-220-240V-120o-LED-de-Beneito-Faure.jpg","contentUrl":"https:\/\/ledsolintel.com\/wp-content\/uploads\/2019\/01\/8901-Baliza-CAM-110CM-9W-220-240V-120o-LED-de-Beneito-Faure.jpg","caption":"Baliza CAM 110CM 9W 220-240V 120\u00ba LED de Beneito Faure"},{"@type":"BreadcrumbList","@id":"https:\/\/ledsolintel.com\/product\/baliza-cam-110cm-9w-220-240v-120-led\/#breadcrumb","itemListElement":[{"@type":"ListItem","position":1,"name":"Portada","item":"https:\/\/ledsolintel.com\/fr\/"},{"@type":"ListItem","position":2,"name":"Tienda","item":"https:\/\/ledsolintel.com\/tienda\/"},{"@type":"ListItem","position":3,"name":"CAM 110CM BLANCO ALUMINIUM 9W 220-240V 120\u00ba LED de Beneito Faure"}]},{"@type":"WebSite","@id":"https:\/\/ledsolintel.com\/#website","url":"https:\/\/ledsolintel.com\/","name":"Webmenaje","description":"Magasin d'ampoules et de lampes LED pour les professionnels","publisher":{"@id":"https:\/\/ledsolintel.com\/#organization"},"potentialAction":[{"@type":"SearchAction","target":{"@type":"EntryPoint","urlTemplate":"https:\/\/ledsolintel.com\/?s={search_term_string}"},"query-input":{"@type":"PropertyValueSpecification","valueRequired":true,"valueName":"search_term_string"}}],"inLanguage":"fr-FR"},{"@type":"Organization","@id":"https:\/\/ledsolintel.com\/#organization","name":"Solintel Noroeste, S.L.","url":"https:\/\/ledsolintel.com\/","logo":{"@type":"ImageObject","inLanguage":"fr-FR","@id":"https:\/\/ledsolintel.com\/#\/schema\/logo\/image\/","url":"https:\/\/ledsolintel.com\/wp-content\/uploads\/2024\/11\/webmenaje-logo-1508269066.jpg","contentUrl":"https:\/\/ledsolintel.com\/wp-content\/uploads\/2024\/11\/webmenaje-logo-1508269066.jpg","width":370,"height":90,"caption":"Solintel Noroeste, S.L."},"image":{"@id":"https:\/\/ledsolintel.com\/#\/schema\/logo\/image\/"},"sameAs":["http:\/\/www.facebook.com\/webmenaje","https:\/\/x.com\/webmenaje","https:\/\/www.youtube.com\/channel\/UCX2KoVoeCG4LocZjUc6LmSQ","http:\/\/www.pinterest.com\/webmenaje"]}]}},"_links":{"self":[{"href":"https:\/\/ledsolintel.com\/fr\/wp-json\/wp\/v2\/product\/242313","targetHints":{"allow":["GET"]}}],"collection":[{"href":"https:\/\/ledsolintel.com\/fr\/wp-json\/wp\/v2\/product"}],"about":[{"href":"https:\/\/ledsolintel.com\/fr\/wp-json\/wp\/v2\/types\/product"}],"version-history":[{"count":0,"href":"https:\/\/ledsolintel.com\/fr\/wp-json\/wp\/v2\/product\/242313\/revisions"}],"wp:featuredmedia":[{"embeddable":true,"href":"https:\/\/ledsolintel.com\/fr\/wp-json\/wp\/v2\/media\/242311"}],"wp:attachment":[{"href":"https:\/\/ledsolintel.com\/fr\/wp-json\/wp\/v2\/media?parent=242313"}],"wp:term":[{"taxonomy":"product_brand","embeddable":true,"href":"https:\/\/ledsolintel.com\/fr\/wp-json\/wp\/v2\/product_brand?post=242313"},{"taxonomy":"product_cat","embeddable":true,"href":"https:\/\/ledsolintel.com\/fr\/wp-json\/wp\/v2\/product_cat?post=242313"},{"taxonomy":"product_tag","embeddable":true,"href":"https:\/\/ledsolintel.com\/fr\/wp-json\/wp\/v2\/product_tag?post=242313"}],"curies":[{"name":"wp","href":"https:\/\/api.w.org\/{rel}","templated":true}]}}