{"id":242303,"date":"2019-01-14T14:01:49","date_gmt":"2019-01-14T13:01:49","guid":{"rendered":"https:\/\/nueva.ledsolintel.com\/product\/dis-inox-2w-100-240v-led-bridgelux-de-beneito-faure\/"},"modified":"2019-01-14T14:01:49","modified_gmt":"2019-01-14T13:01:49","slug":"dis-inox-2w-100-240v-led-bridgelux-de-beneito-faure","status":"publish","type":"product","link":"https:\/\/ledsolintel.com\/fr\/produit-2\/dis-inox-2w-100-240v-led-bridgelux-de-beneito-faure\/","title":{"rendered":"DIS 2W de Beneito Faure"},"content":{"rendered":"<h1>Beneito Faure DIS 2W downlight encastr\u00e9<\/h1>\n<h3><\/h3>\n<ul>\n<li>Puissance : 2 W<\/li>\n<li>Tension : 100-240 V \/ 50-60 Hz<\/li>\n<li>Luminosit\u00e9 : 55 - 60 lm<\/li>\n<li>CCT :<\/li>\n<ul>\n<li>3000 K<\/li>\n<li>5000 K<\/li>\n<\/ul>\n<li>Angle d'\u00e9clairage : 35\u00ba.<\/li>\n<li>Dur\u00e9e de vie : 50 000 heures<\/li>\n<li>IRC &gt; 80<\/li>\n<li>Protection IP67<\/li>\n<li>Protection IK09<\/li>\n<li>Diam\u00e8tre : 52 mm<\/li>\n<\/ul>","protected":false},"excerpt":{"rendered":"<p>Luminaire encastr\u00e9 DIS de Beneito Faure. R\u00e9alis\u00e9 en acier inoxydable 304, r\u00e9sistant aux chocs et aux \u00e9l\u00e9ments atmosph\u00e9riques. Adapt\u00e9 \u00e0 la d\u00e9limitation de chemins et \u00e0 l'\u00e9clairage de fa\u00e7ades et de passages.<\/p>\n<p>Deux sorties de lumi\u00e8re, une en haut et une en bas. Supporte jusqu'\u00e0 1000 kilos de poids.<\/p>","protected":false},"featured_media":242302,"template":"","meta":[],"product_brand":[99357],"product_cat":[99575,99657],"product_tag":[],"class_list":{"0":"post-242303","1":"product","2":"type-product","3":"status-publish","4":"has-post-thumbnail","6":"product_brand-beneito-faure","7":"product_cat-iluminacion-para-jardines-y-exteriores","8":"product_cat-empotrables-de-exterior","9":"pa_cct-calido3000k","12":"instock","13":"taxable","14":"shipping-taxable","15":"purchasable","16":"product-type-variable","17":"has-default-attributes"},"yoast_head":"<!-- This site is optimized with the Yoast SEO plugin v26.6 - https:\/\/yoast.com\/wordpress\/plugins\/seo\/ -->\n<title>DIS INOX 2W 100-240V LED BRIDGELUX de Beneito Faure<\/title>\n<meta name=\"description\" content=\"Lampara empotrable DIS de Beneito Faure. Acero inox 304 Para delimitar caminos, fachadas y zonas de paso. Dos salidas de luz, una superior y otra inferior\" \/>\n<meta name=\"robots\" content=\"index, follow, max-snippet:-1, max-image-preview:large, max-video-preview:-1\" \/>\n<link rel=\"canonical\" href=\"https:\/\/ledsolintel.com\/fr\/produit-2\/dis-inox-2w-100-240v-led-bridgelux-de-beneito-faure\/\" \/>\n<meta property=\"og:locale\" content=\"fr_FR\" \/>\n<meta property=\"og:type\" content=\"article\" \/>\n<meta property=\"og:title\" content=\"DIS INOX 2W 100-240V LED BRIDGELUX de Beneito Faure\" \/>\n<meta property=\"og:description\" content=\"Lampara empotrable DIS de Beneito Faure. Acero inox 304 Para delimitar caminos, fachadas y zonas de paso. Dos salidas de luz, una superior y otra inferior\" \/>\n<meta property=\"og:url\" content=\"https:\/\/ledsolintel.com\/fr\/produit-2\/dis-inox-2w-100-240v-led-bridgelux-de-beneito-faure\/\" \/>\n<meta property=\"og:site_name\" content=\"Ledsolintel\" \/>\n<meta property=\"article:publisher\" content=\"http:\/\/www.facebook.com\/webmenaje\" \/>\n<meta property=\"og:image\" content=\"https:\/\/ledsolintel.com\/wp-content\/uploads\/2019\/01\/8904-DIS-INOX-2W-100-240V-35o-LED-de-Beneito-Faure.jpg\" \/>\n\t<meta property=\"og:image:width\" content=\"1\" \/>\n\t<meta property=\"og:image:height\" content=\"1\" \/>\n\t<meta property=\"og:image:type\" content=\"image\/jpeg\" \/>\n<meta name=\"twitter:card\" content=\"summary_large_image\" \/>\n<meta name=\"twitter:site\" content=\"@webmenaje\" \/>\n<script type=\"application\/ld+json\" class=\"yoast-schema-graph\">{\"@context\":\"https:\/\/schema.org\",\"@graph\":[{\"@type\":\"WebPage\",\"@id\":\"https:\/\/ledsolintel.com\/product\/dis-inox-2w-100-240v-led-bridgelux-de-beneito-faure\/\",\"url\":\"https:\/\/ledsolintel.com\/product\/dis-inox-2w-100-240v-led-bridgelux-de-beneito-faure\/\",\"name\":\"DIS INOX 2W 100-240V LED BRIDGELUX de Beneito Faure\",\"isPartOf\":{\"@id\":\"https:\/\/ledsolintel.com\/#website\"},\"primaryImageOfPage\":{\"@id\":\"https:\/\/ledsolintel.com\/product\/dis-inox-2w-100-240v-led-bridgelux-de-beneito-faure\/#primaryimage\"},\"image\":{\"@id\":\"https:\/\/ledsolintel.com\/product\/dis-inox-2w-100-240v-led-bridgelux-de-beneito-faure\/#primaryimage\"},\"thumbnailUrl\":\"https:\/\/ledsolintel.com\/wp-content\/uploads\/2019\/01\/8904-DIS-INOX-2W-100-240V-35o-LED-de-Beneito-Faure.jpg\",\"datePublished\":\"2019-01-14T13:01:49+00:00\",\"description\":\"Lampara empotrable DIS de Beneito Faure. Acero inox 304 Para delimitar caminos, fachadas y zonas de paso. Dos salidas de luz, una superior y otra inferior\",\"breadcrumb\":{\"@id\":\"https:\/\/ledsolintel.com\/product\/dis-inox-2w-100-240v-led-bridgelux-de-beneito-faure\/#breadcrumb\"},\"inLanguage\":\"fr-FR\",\"potentialAction\":[{\"@type\":\"ReadAction\",\"target\":[\"https:\/\/ledsolintel.com\/product\/dis-inox-2w-100-240v-led-bridgelux-de-beneito-faure\/\"]}]},{\"@type\":\"ImageObject\",\"inLanguage\":\"fr-FR\",\"@id\":\"https:\/\/ledsolintel.com\/product\/dis-inox-2w-100-240v-led-bridgelux-de-beneito-faure\/#primaryimage\",\"url\":\"https:\/\/ledsolintel.com\/wp-content\/uploads\/2019\/01\/8904-DIS-INOX-2W-100-240V-35o-LED-de-Beneito-Faure.jpg\",\"contentUrl\":\"https:\/\/ledsolintel.com\/wp-content\/uploads\/2019\/01\/8904-DIS-INOX-2W-100-240V-35o-LED-de-Beneito-Faure.jpg\",\"caption\":\"DIS INOX 2W 100-240V 35\u00ba LED de Beneito Faure\"},{\"@type\":\"BreadcrumbList\",\"@id\":\"https:\/\/ledsolintel.com\/product\/dis-inox-2w-100-240v-led-bridgelux-de-beneito-faure\/#breadcrumb\",\"itemListElement\":[{\"@type\":\"ListItem\",\"position\":1,\"name\":\"Portada\",\"item\":\"https:\/\/ledsolintel.com\/fr\/\"},{\"@type\":\"ListItem\",\"position\":2,\"name\":\"Tienda\",\"item\":\"https:\/\/ledsolintel.com\/tienda\/\"},{\"@type\":\"ListItem\",\"position\":3,\"name\":\"DIS 2W de Beneito Faure\"}]},{\"@type\":\"WebSite\",\"@id\":\"https:\/\/ledsolintel.com\/#website\",\"url\":\"https:\/\/ledsolintel.com\/\",\"name\":\"Webmenaje\",\"description\":\"Tienda de bombillas y l\u00e1mparas LED para profesionales\",\"publisher\":{\"@id\":\"https:\/\/ledsolintel.com\/#organization\"},\"potentialAction\":[{\"@type\":\"SearchAction\",\"target\":{\"@type\":\"EntryPoint\",\"urlTemplate\":\"https:\/\/ledsolintel.com\/?s={search_term_string}\"},\"query-input\":{\"@type\":\"PropertyValueSpecification\",\"valueRequired\":true,\"valueName\":\"search_term_string\"}}],\"inLanguage\":\"fr-FR\"},{\"@type\":\"Organization\",\"@id\":\"https:\/\/ledsolintel.com\/#organization\",\"name\":\"Solintel Noroeste, S.L.\",\"url\":\"https:\/\/ledsolintel.com\/\",\"logo\":{\"@type\":\"ImageObject\",\"inLanguage\":\"fr-FR\",\"@id\":\"https:\/\/ledsolintel.com\/#\/schema\/logo\/image\/\",\"url\":\"https:\/\/ledsolintel.com\/wp-content\/uploads\/2024\/11\/webmenaje-logo-1508269066.jpg\",\"contentUrl\":\"https:\/\/ledsolintel.com\/wp-content\/uploads\/2024\/11\/webmenaje-logo-1508269066.jpg\",\"width\":370,\"height\":90,\"caption\":\"Solintel Noroeste, S.L.\"},\"image\":{\"@id\":\"https:\/\/ledsolintel.com\/#\/schema\/logo\/image\/\"},\"sameAs\":[\"http:\/\/www.facebook.com\/webmenaje\",\"https:\/\/x.com\/webmenaje\",\"https:\/\/www.youtube.com\/channel\/UCX2KoVoeCG4LocZjUc6LmSQ\",\"http:\/\/www.pinterest.com\/webmenaje\"]}]}<\/script>\n<!-- \/ Yoast SEO plugin. -->","yoast_head_json":{"title":"DIS INOX 2W 100-240V LED BRIDGELUX de Beneito Faure","description":"Lampara empotrable DIS de Beneito Faure. Acero inox 304 Para delimitar caminos, fachadas y zonas de paso. Dos salidas de luz, una superior y otra inferior","robots":{"index":"index","follow":"follow","max-snippet":"max-snippet:-1","max-image-preview":"max-image-preview:large","max-video-preview":"max-video-preview:-1"},"canonical":"https:\/\/ledsolintel.com\/fr\/produit-2\/dis-inox-2w-100-240v-led-bridgelux-de-beneito-faure\/","og_locale":"fr_FR","og_type":"article","og_title":"DIS INOX 2W 100-240V LED BRIDGELUX de Beneito Faure","og_description":"Lampara empotrable DIS de Beneito Faure. Acero inox 304 Para delimitar caminos, fachadas y zonas de paso. Dos salidas de luz, una superior y otra inferior","og_url":"https:\/\/ledsolintel.com\/fr\/produit-2\/dis-inox-2w-100-240v-led-bridgelux-de-beneito-faure\/","og_site_name":"Ledsolintel","article_publisher":"http:\/\/www.facebook.com\/webmenaje","og_image":[{"url":"https:\/\/ledsolintel.com\/wp-content\/uploads\/2019\/01\/8904-DIS-INOX-2W-100-240V-35o-LED-de-Beneito-Faure.jpg","width":1,"height":1,"type":"image\/jpeg"}],"twitter_card":"summary_large_image","twitter_site":"@webmenaje","schema":{"@context":"https:\/\/schema.org","@graph":[{"@type":"WebPage","@id":"https:\/\/ledsolintel.com\/product\/dis-inox-2w-100-240v-led-bridgelux-de-beneito-faure\/","url":"https:\/\/ledsolintel.com\/product\/dis-inox-2w-100-240v-led-bridgelux-de-beneito-faure\/","name":"DIS INOX 2W 100-240V LED BRIDGELUX de Beneito Faure","isPartOf":{"@id":"https:\/\/ledsolintel.com\/#website"},"primaryImageOfPage":{"@id":"https:\/\/ledsolintel.com\/product\/dis-inox-2w-100-240v-led-bridgelux-de-beneito-faure\/#primaryimage"},"image":{"@id":"https:\/\/ledsolintel.com\/product\/dis-inox-2w-100-240v-led-bridgelux-de-beneito-faure\/#primaryimage"},"thumbnailUrl":"https:\/\/ledsolintel.com\/wp-content\/uploads\/2019\/01\/8904-DIS-INOX-2W-100-240V-35o-LED-de-Beneito-Faure.jpg","datePublished":"2019-01-14T13:01:49+00:00","description":"Lampara empotrable DIS de Beneito Faure. Acero inox 304 Para delimitar caminos, fachadas y zonas de paso. Dos salidas de luz, una superior y otra inferior","breadcrumb":{"@id":"https:\/\/ledsolintel.com\/product\/dis-inox-2w-100-240v-led-bridgelux-de-beneito-faure\/#breadcrumb"},"inLanguage":"fr-FR","potentialAction":[{"@type":"ReadAction","target":["https:\/\/ledsolintel.com\/product\/dis-inox-2w-100-240v-led-bridgelux-de-beneito-faure\/"]}]},{"@type":"ImageObject","inLanguage":"fr-FR","@id":"https:\/\/ledsolintel.com\/product\/dis-inox-2w-100-240v-led-bridgelux-de-beneito-faure\/#primaryimage","url":"https:\/\/ledsolintel.com\/wp-content\/uploads\/2019\/01\/8904-DIS-INOX-2W-100-240V-35o-LED-de-Beneito-Faure.jpg","contentUrl":"https:\/\/ledsolintel.com\/wp-content\/uploads\/2019\/01\/8904-DIS-INOX-2W-100-240V-35o-LED-de-Beneito-Faure.jpg","caption":"DIS INOX 2W 100-240V 35\u00ba LED de Beneito Faure"},{"@type":"BreadcrumbList","@id":"https:\/\/ledsolintel.com\/product\/dis-inox-2w-100-240v-led-bridgelux-de-beneito-faure\/#breadcrumb","itemListElement":[{"@type":"ListItem","position":1,"name":"Portada","item":"https:\/\/ledsolintel.com\/fr\/"},{"@type":"ListItem","position":2,"name":"Tienda","item":"https:\/\/ledsolintel.com\/tienda\/"},{"@type":"ListItem","position":3,"name":"DIS 2W de Beneito Faure"}]},{"@type":"WebSite","@id":"https:\/\/ledsolintel.com\/#website","url":"https:\/\/ledsolintel.com\/","name":"Webmenaje","description":"Magasin d'ampoules et de lampes LED pour les professionnels","publisher":{"@id":"https:\/\/ledsolintel.com\/#organization"},"potentialAction":[{"@type":"SearchAction","target":{"@type":"EntryPoint","urlTemplate":"https:\/\/ledsolintel.com\/?s={search_term_string}"},"query-input":{"@type":"PropertyValueSpecification","valueRequired":true,"valueName":"search_term_string"}}],"inLanguage":"fr-FR"},{"@type":"Organization","@id":"https:\/\/ledsolintel.com\/#organization","name":"Solintel Noroeste, S.L.","url":"https:\/\/ledsolintel.com\/","logo":{"@type":"ImageObject","inLanguage":"fr-FR","@id":"https:\/\/ledsolintel.com\/#\/schema\/logo\/image\/","url":"https:\/\/ledsolintel.com\/wp-content\/uploads\/2024\/11\/webmenaje-logo-1508269066.jpg","contentUrl":"https:\/\/ledsolintel.com\/wp-content\/uploads\/2024\/11\/webmenaje-logo-1508269066.jpg","width":370,"height":90,"caption":"Solintel Noroeste, S.L."},"image":{"@id":"https:\/\/ledsolintel.com\/#\/schema\/logo\/image\/"},"sameAs":["http:\/\/www.facebook.com\/webmenaje","https:\/\/x.com\/webmenaje","https:\/\/www.youtube.com\/channel\/UCX2KoVoeCG4LocZjUc6LmSQ","http:\/\/www.pinterest.com\/webmenaje"]}]}},"_links":{"self":[{"href":"https:\/\/ledsolintel.com\/fr\/wp-json\/wp\/v2\/product\/242303","targetHints":{"allow":["GET"]}}],"collection":[{"href":"https:\/\/ledsolintel.com\/fr\/wp-json\/wp\/v2\/product"}],"about":[{"href":"https:\/\/ledsolintel.com\/fr\/wp-json\/wp\/v2\/types\/product"}],"version-history":[{"count":0,"href":"https:\/\/ledsolintel.com\/fr\/wp-json\/wp\/v2\/product\/242303\/revisions"}],"wp:featuredmedia":[{"embeddable":true,"href":"https:\/\/ledsolintel.com\/fr\/wp-json\/wp\/v2\/media\/242302"}],"wp:attachment":[{"href":"https:\/\/ledsolintel.com\/fr\/wp-json\/wp\/v2\/media?parent=242303"}],"wp:term":[{"taxonomy":"product_brand","embeddable":true,"href":"https:\/\/ledsolintel.com\/fr\/wp-json\/wp\/v2\/product_brand?post=242303"},{"taxonomy":"product_cat","embeddable":true,"href":"https:\/\/ledsolintel.com\/fr\/wp-json\/wp\/v2\/product_cat?post=242303"},{"taxonomy":"product_tag","embeddable":true,"href":"https:\/\/ledsolintel.com\/fr\/wp-json\/wp\/v2\/product_tag?post=242303"}],"curies":[{"name":"wp","href":"https:\/\/api.w.org\/{rel}","templated":true}]}}