{"id":242273,"date":"2018-11-29T18:36:35","date_gmt":"2018-11-29T17:36:35","guid":{"rendered":"https:\/\/nueva.ledsolintel.com\/product\/campana-led-gas-station-para-estaciones-de-servicio-150w-de-roblan\/"},"modified":"2018-11-29T18:36:35","modified_gmt":"2018-11-29T17:36:35","slug":"campana-led-gas-station-para-estaciones-de-servicio-150w-de-roblan","status":"publish","type":"product","link":"https:\/\/ledsolintel.com\/fr\/produit-2\/campana-led-gas-station-para-estaciones-de-servicio-150w-de-roblan\/","title":{"rendered":"Roblan 150W ATEX LED hotte de station-service 150W"},"content":{"rendered":"<h3>Caract\u00e9ristiques<\/h3>\n<ul>\n<li>Puissance : 150 W<\/li>\n<li>Tension : 100 - 277 V<\/li>\n<li>Luminance : 22 500 lm<\/li>\n<li>CCT : 5700 K<\/li>\n<li>Optique : 120\u00ba.<\/li>\n<li>Protection IP65<\/li>\n<li>Protection IK10<\/li>\n<li>Dur\u00e9e de vie moyenne : 54 000 heures<\/li>\n<li>IRC &gt; 80<\/li>\n<li>Facteur de puissance &gt; 0,95<\/li>\n<li>Dimensions : 111,5x430x430 mm<\/li>\n<li>Protection contre les surtensions jusqu'\u00e0 6 kV<\/li>\n<li>Certification ATEX II 2 G Ex IIC T4 Gb<\/li>\n<li>Chauffeur Meanwell<\/li>\n<li>Puces Lumileds<\/li>\n<\/ul>","protected":false},"excerpt":{"rendered":"<p>La hotte LED GAS STATION est destin\u00e9e aux lieux pr\u00e9sentant des atmosph\u00e8res explosives, tels que les stations-service ou les usines utilisant des produits inflammables. Gr\u00e2ce \u00e0 sa grande efficacit\u00e9 \u00e9nerg\u00e9tique, elle est \u00e9galement parfaite pour les grands espaces tels que les parkings, les entrep\u00f4ts ou les supermarch\u00e9s.<\/p>\n<p>Prot\u00e9g\u00e9 contre les surtensions. Certifi\u00e9 ATEX.<\/p>","protected":false},"featured_media":242272,"template":"","meta":[],"product_brand":[99355],"product_cat":[99611,99639,99577],"product_tag":[],"class_list":{"0":"post-242273","1":"product","2":"type-product","3":"status-publish","4":"has-post-thumbnail","6":"product_brand-roblan","7":"product_cat-campanas-industriales-led","8":"product_cat-luminarias-led-atex","9":"product_cat-iluminacion-industrial-y-comercial","12":"instock","13":"taxable","14":"shipping-taxable","15":"purchasable","16":"product-type-simple"},"yoast_head":"<!-- This site is optimized with the Yoast SEO plugin v26.6 - https:\/\/yoast.com\/wordpress\/plugins\/seo\/ -->\n<title>Campana LED GAS STATION para estaciones de servicio 150W de Roblan<\/title>\n<meta name=\"description\" content=\"Campana industrial LED GAS STATION para uso en lugares con atm\u00f3sferas explosivas, como estaciones de servicio o f\u00e1bricas con productos inflamables.\" \/>\n<meta name=\"robots\" content=\"index, follow, max-snippet:-1, max-image-preview:large, max-video-preview:-1\" \/>\n<link rel=\"canonical\" href=\"https:\/\/ledsolintel.com\/fr\/produit-2\/campana-led-gas-station-para-estaciones-de-servicio-150w-de-roblan\/\" \/>\n<meta property=\"og:locale\" content=\"fr_FR\" \/>\n<meta property=\"og:type\" content=\"article\" \/>\n<meta property=\"og:title\" content=\"Campana LED GAS STATION para estaciones de servicio 150W de Roblan\" \/>\n<meta property=\"og:description\" content=\"Campana industrial LED GAS STATION para uso en lugares con atm\u00f3sferas explosivas, como estaciones de servicio o f\u00e1bricas con productos inflamables.\" \/>\n<meta property=\"og:url\" content=\"https:\/\/ledsolintel.com\/fr\/produit-2\/campana-led-gas-station-para-estaciones-de-servicio-150w-de-roblan\/\" \/>\n<meta property=\"og:site_name\" content=\"Ledsolintel\" \/>\n<meta property=\"article:publisher\" content=\"http:\/\/www.facebook.com\/webmenaje\" \/>\n<meta property=\"og:image\" content=\"https:\/\/ledsolintel.com\/wp-content\/uploads\/2018\/11\/9033-Campana-LED-GAS-STATION-para-estaciones-de-servicio-150W-de-Roblan.jpg\" \/>\n\t<meta property=\"og:image:width\" content=\"1\" \/>\n\t<meta property=\"og:image:height\" content=\"1\" \/>\n\t<meta property=\"og:image:type\" content=\"image\/jpeg\" \/>\n<meta name=\"twitter:card\" content=\"summary_large_image\" \/>\n<meta name=\"twitter:site\" content=\"@webmenaje\" \/>\n<script type=\"application\/ld+json\" class=\"yoast-schema-graph\">{\"@context\":\"https:\/\/schema.org\",\"@graph\":[{\"@type\":\"WebPage\",\"@id\":\"https:\/\/ledsolintel.com\/product\/campana-led-gas-station-para-estaciones-de-servicio-150w-de-roblan\/\",\"url\":\"https:\/\/ledsolintel.com\/product\/campana-led-gas-station-para-estaciones-de-servicio-150w-de-roblan\/\",\"name\":\"Campana LED GAS STATION para estaciones de servicio 150W de Roblan\",\"isPartOf\":{\"@id\":\"https:\/\/ledsolintel.com\/#website\"},\"primaryImageOfPage\":{\"@id\":\"https:\/\/ledsolintel.com\/product\/campana-led-gas-station-para-estaciones-de-servicio-150w-de-roblan\/#primaryimage\"},\"image\":{\"@id\":\"https:\/\/ledsolintel.com\/product\/campana-led-gas-station-para-estaciones-de-servicio-150w-de-roblan\/#primaryimage\"},\"thumbnailUrl\":\"https:\/\/ledsolintel.com\/wp-content\/uploads\/2018\/11\/9033-Campana-LED-GAS-STATION-para-estaciones-de-servicio-150W-de-Roblan.jpg\",\"datePublished\":\"2018-11-29T17:36:35+00:00\",\"description\":\"Campana industrial LED GAS STATION para uso en lugares con atm\u00f3sferas explosivas, como estaciones de servicio o f\u00e1bricas con productos inflamables.\",\"breadcrumb\":{\"@id\":\"https:\/\/ledsolintel.com\/product\/campana-led-gas-station-para-estaciones-de-servicio-150w-de-roblan\/#breadcrumb\"},\"inLanguage\":\"fr-FR\",\"potentialAction\":[{\"@type\":\"ReadAction\",\"target\":[\"https:\/\/ledsolintel.com\/product\/campana-led-gas-station-para-estaciones-de-servicio-150w-de-roblan\/\"]}]},{\"@type\":\"ImageObject\",\"inLanguage\":\"fr-FR\",\"@id\":\"https:\/\/ledsolintel.com\/product\/campana-led-gas-station-para-estaciones-de-servicio-150w-de-roblan\/#primaryimage\",\"url\":\"https:\/\/ledsolintel.com\/wp-content\/uploads\/2018\/11\/9033-Campana-LED-GAS-STATION-para-estaciones-de-servicio-150W-de-Roblan.jpg\",\"contentUrl\":\"https:\/\/ledsolintel.com\/wp-content\/uploads\/2018\/11\/9033-Campana-LED-GAS-STATION-para-estaciones-de-servicio-150W-de-Roblan.jpg\",\"caption\":\"Campana LED GAS STATION para estaciones de servicio 150W de Roblan\"},{\"@type\":\"BreadcrumbList\",\"@id\":\"https:\/\/ledsolintel.com\/product\/campana-led-gas-station-para-estaciones-de-servicio-150w-de-roblan\/#breadcrumb\",\"itemListElement\":[{\"@type\":\"ListItem\",\"position\":1,\"name\":\"Portada\",\"item\":\"https:\/\/ledsolintel.com\/fr\/\"},{\"@type\":\"ListItem\",\"position\":2,\"name\":\"Tienda\",\"item\":\"https:\/\/ledsolintel.com\/tienda\/\"},{\"@type\":\"ListItem\",\"position\":3,\"name\":\"Campana LED ATEX para estaciones de servicio 150W de Roblan\"}]},{\"@type\":\"WebSite\",\"@id\":\"https:\/\/ledsolintel.com\/#website\",\"url\":\"https:\/\/ledsolintel.com\/\",\"name\":\"Webmenaje\",\"description\":\"Tienda de bombillas y l\u00e1mparas LED para profesionales\",\"publisher\":{\"@id\":\"https:\/\/ledsolintel.com\/#organization\"},\"potentialAction\":[{\"@type\":\"SearchAction\",\"target\":{\"@type\":\"EntryPoint\",\"urlTemplate\":\"https:\/\/ledsolintel.com\/?s={search_term_string}\"},\"query-input\":{\"@type\":\"PropertyValueSpecification\",\"valueRequired\":true,\"valueName\":\"search_term_string\"}}],\"inLanguage\":\"fr-FR\"},{\"@type\":\"Organization\",\"@id\":\"https:\/\/ledsolintel.com\/#organization\",\"name\":\"Solintel Noroeste, S.L.\",\"url\":\"https:\/\/ledsolintel.com\/\",\"logo\":{\"@type\":\"ImageObject\",\"inLanguage\":\"fr-FR\",\"@id\":\"https:\/\/ledsolintel.com\/#\/schema\/logo\/image\/\",\"url\":\"https:\/\/ledsolintel.com\/wp-content\/uploads\/2024\/11\/webmenaje-logo-1508269066.jpg\",\"contentUrl\":\"https:\/\/ledsolintel.com\/wp-content\/uploads\/2024\/11\/webmenaje-logo-1508269066.jpg\",\"width\":370,\"height\":90,\"caption\":\"Solintel Noroeste, S.L.\"},\"image\":{\"@id\":\"https:\/\/ledsolintel.com\/#\/schema\/logo\/image\/\"},\"sameAs\":[\"http:\/\/www.facebook.com\/webmenaje\",\"https:\/\/x.com\/webmenaje\",\"https:\/\/www.youtube.com\/channel\/UCX2KoVoeCG4LocZjUc6LmSQ\",\"http:\/\/www.pinterest.com\/webmenaje\"]}]}<\/script>\n<!-- \/ Yoast SEO plugin. -->","yoast_head_json":{"title":"Roblan's GAS STATION Hotte LED pour stations-service 150W","description":"LED GAS STATION hotte industrielle pour utilisation dans des lieux \u00e0 atmosph\u00e8re explosive, comme les stations-service ou les usines avec des produits inflammables.","robots":{"index":"index","follow":"follow","max-snippet":"max-snippet:-1","max-image-preview":"max-image-preview:large","max-video-preview":"max-video-preview:-1"},"canonical":"https:\/\/ledsolintel.com\/fr\/produit-2\/campana-led-gas-station-para-estaciones-de-servicio-150w-de-roblan\/","og_locale":"fr_FR","og_type":"article","og_title":"Campana LED GAS STATION para estaciones de servicio 150W de Roblan","og_description":"Campana industrial LED GAS STATION para uso en lugares con atm\u00f3sferas explosivas, como estaciones de servicio o f\u00e1bricas con productos inflamables.","og_url":"https:\/\/ledsolintel.com\/fr\/produit-2\/campana-led-gas-station-para-estaciones-de-servicio-150w-de-roblan\/","og_site_name":"Ledsolintel","article_publisher":"http:\/\/www.facebook.com\/webmenaje","og_image":[{"url":"https:\/\/ledsolintel.com\/wp-content\/uploads\/2018\/11\/9033-Campana-LED-GAS-STATION-para-estaciones-de-servicio-150W-de-Roblan.jpg","width":1,"height":1,"type":"image\/jpeg"}],"twitter_card":"summary_large_image","twitter_site":"@webmenaje","schema":{"@context":"https:\/\/schema.org","@graph":[{"@type":"WebPage","@id":"https:\/\/ledsolintel.com\/product\/campana-led-gas-station-para-estaciones-de-servicio-150w-de-roblan\/","url":"https:\/\/ledsolintel.com\/product\/campana-led-gas-station-para-estaciones-de-servicio-150w-de-roblan\/","name":"Roblan's GAS STATION Hotte LED pour stations-service 150W","isPartOf":{"@id":"https:\/\/ledsolintel.com\/#website"},"primaryImageOfPage":{"@id":"https:\/\/ledsolintel.com\/product\/campana-led-gas-station-para-estaciones-de-servicio-150w-de-roblan\/#primaryimage"},"image":{"@id":"https:\/\/ledsolintel.com\/product\/campana-led-gas-station-para-estaciones-de-servicio-150w-de-roblan\/#primaryimage"},"thumbnailUrl":"https:\/\/ledsolintel.com\/wp-content\/uploads\/2018\/11\/9033-Campana-LED-GAS-STATION-para-estaciones-de-servicio-150W-de-Roblan.jpg","datePublished":"2018-11-29T17:36:35+00:00","description":"LED GAS STATION hotte industrielle pour utilisation dans des lieux \u00e0 atmosph\u00e8re explosive, comme les stations-service ou les usines avec des produits inflammables.","breadcrumb":{"@id":"https:\/\/ledsolintel.com\/product\/campana-led-gas-station-para-estaciones-de-servicio-150w-de-roblan\/#breadcrumb"},"inLanguage":"fr-FR","potentialAction":[{"@type":"ReadAction","target":["https:\/\/ledsolintel.com\/product\/campana-led-gas-station-para-estaciones-de-servicio-150w-de-roblan\/"]}]},{"@type":"ImageObject","inLanguage":"fr-FR","@id":"https:\/\/ledsolintel.com\/product\/campana-led-gas-station-para-estaciones-de-servicio-150w-de-roblan\/#primaryimage","url":"https:\/\/ledsolintel.com\/wp-content\/uploads\/2018\/11\/9033-Campana-LED-GAS-STATION-para-estaciones-de-servicio-150W-de-Roblan.jpg","contentUrl":"https:\/\/ledsolintel.com\/wp-content\/uploads\/2018\/11\/9033-Campana-LED-GAS-STATION-para-estaciones-de-servicio-150W-de-Roblan.jpg","caption":"Campana LED GAS STATION para estaciones de servicio 150W de Roblan"},{"@type":"BreadcrumbList","@id":"https:\/\/ledsolintel.com\/product\/campana-led-gas-station-para-estaciones-de-servicio-150w-de-roblan\/#breadcrumb","itemListElement":[{"@type":"ListItem","position":1,"name":"Portada","item":"https:\/\/ledsolintel.com\/fr\/"},{"@type":"ListItem","position":2,"name":"Tienda","item":"https:\/\/ledsolintel.com\/tienda\/"},{"@type":"ListItem","position":3,"name":"Campana LED ATEX para estaciones de servicio 150W de Roblan"}]},{"@type":"WebSite","@id":"https:\/\/ledsolintel.com\/#website","url":"https:\/\/ledsolintel.com\/","name":"Webmenaje","description":"Magasin d'ampoules et de lampes LED pour les professionnels","publisher":{"@id":"https:\/\/ledsolintel.com\/#organization"},"potentialAction":[{"@type":"SearchAction","target":{"@type":"EntryPoint","urlTemplate":"https:\/\/ledsolintel.com\/?s={search_term_string}"},"query-input":{"@type":"PropertyValueSpecification","valueRequired":true,"valueName":"search_term_string"}}],"inLanguage":"fr-FR"},{"@type":"Organization","@id":"https:\/\/ledsolintel.com\/#organization","name":"Solintel Noroeste, S.L.","url":"https:\/\/ledsolintel.com\/","logo":{"@type":"ImageObject","inLanguage":"fr-FR","@id":"https:\/\/ledsolintel.com\/#\/schema\/logo\/image\/","url":"https:\/\/ledsolintel.com\/wp-content\/uploads\/2024\/11\/webmenaje-logo-1508269066.jpg","contentUrl":"https:\/\/ledsolintel.com\/wp-content\/uploads\/2024\/11\/webmenaje-logo-1508269066.jpg","width":370,"height":90,"caption":"Solintel Noroeste, S.L."},"image":{"@id":"https:\/\/ledsolintel.com\/#\/schema\/logo\/image\/"},"sameAs":["http:\/\/www.facebook.com\/webmenaje","https:\/\/x.com\/webmenaje","https:\/\/www.youtube.com\/channel\/UCX2KoVoeCG4LocZjUc6LmSQ","http:\/\/www.pinterest.com\/webmenaje"]}]}},"_links":{"self":[{"href":"https:\/\/ledsolintel.com\/fr\/wp-json\/wp\/v2\/product\/242273","targetHints":{"allow":["GET"]}}],"collection":[{"href":"https:\/\/ledsolintel.com\/fr\/wp-json\/wp\/v2\/product"}],"about":[{"href":"https:\/\/ledsolintel.com\/fr\/wp-json\/wp\/v2\/types\/product"}],"version-history":[{"count":0,"href":"https:\/\/ledsolintel.com\/fr\/wp-json\/wp\/v2\/product\/242273\/revisions"}],"wp:featuredmedia":[{"embeddable":true,"href":"https:\/\/ledsolintel.com\/fr\/wp-json\/wp\/v2\/media\/242272"}],"wp:attachment":[{"href":"https:\/\/ledsolintel.com\/fr\/wp-json\/wp\/v2\/media?parent=242273"}],"wp:term":[{"taxonomy":"product_brand","embeddable":true,"href":"https:\/\/ledsolintel.com\/fr\/wp-json\/wp\/v2\/product_brand?post=242273"},{"taxonomy":"product_cat","embeddable":true,"href":"https:\/\/ledsolintel.com\/fr\/wp-json\/wp\/v2\/product_cat?post=242273"},{"taxonomy":"product_tag","embeddable":true,"href":"https:\/\/ledsolintel.com\/fr\/wp-json\/wp\/v2\/product_tag?post=242273"}],"curies":[{"name":"wp","href":"https:\/\/api.w.org\/{rel}","templated":true}]}}