{"id":242252,"date":"2018-11-27T03:03:45","date_gmt":"2018-11-27T02:03:45","guid":{"rendered":"https:\/\/nueva.ledsolintel.com\/product\/lampara-vial-strela-100w-programable-de-roblan\/"},"modified":"2018-11-27T03:03:45","modified_gmt":"2018-11-27T02:03:45","slug":"lampara-vial-strela-100w-programable-de-roblan","status":"publish","type":"product","link":"https:\/\/ledsolintel.com\/fr\/produit-2\/lampara-vial-strela-100w-programable-de-roblan\/","title":{"rendered":"Roblan STRELA 100W Lampe de rue LED PROGRAMMABLE LED STRELA 100W"},"content":{"rendered":"<h1>Roblan STRELA 100W Lampe de rue LED PROGRAMMABLE LED STRELA 100W<\/h1>\n<p>\u00a0<\/p>\n<p>INCLUANT<\/p>\n<ul>\n<li>Optique asym\u00e9trique 60\u00bax145\u00ba.<\/li>\n<li>Pilote EBD d'Inventronics<\/li>\n<li>Traitement anti-corrosion marin<\/li>\n<li>Protection contre les surtensions jusqu'\u00e0 10 kV<\/li>\n<\/ul>\n<p>OPTIONNEL<\/p>\n<ul>\n<li>Grille asym\u00e9trique 45\u00bax155\u00ba.<\/li>\n<li>Optique asym\u00e9trique 60\u00bax155\u00ba.<\/li>\n<li>Pilote \u00e0 double niveau d'Inventronics<\/li>\n<li>Pilote Inventronics programmable<\/li>\n<li>Pilote inventronique \u00e0 gradation 1-10 V<\/li>\n<li>Pilote Inventronics Dali<\/li>\n<\/ul>\n<h3>Caract\u00e9ristiques<\/h3>\n<ul>\n<li>Puissance : 100 W<\/li>\n<li>Flujo luminoso:\u00a011000 l\u00famenes<\/li>\n<li>Tension : 90-305 V<\/li>\n<li>Temp\u00e9rature de couleur : blanc naturel 4100K<\/li>\n<li>Protection IP66<\/li>\n<li>Protection IK09<\/li>\n<li>Dur\u00e9e de vie : 50 000 heures<\/li>\n<li>C.R.I. &gt;70<\/li>\n<li>Facteur de puissance &gt;0,9<\/li>\n<li>Mesures :\n<ul>\n<li>Horizontal: 144x252x286 mm<\/li>\n<li>Vertical: 705x598x60-76 mm<\/li>\n<\/ul>\n<\/li>\n<\/ul>\n<p>\u00a0<\/p>\n<p><span style=\"background-color: #f5a623;\">Si vous souhaitez personnaliser votre lampadaire STRELA avec l'un des \u00e9l\u00e9ments suivants <strong>caract\u00e9ristiques optionnelles<\/strong>, si vous voulez le choisir <strong>HORIZONTAL ou VERTICAL<\/strong> ou si vous souhaitez obtenir de plus amples informations sur le produit, veuillez nous contacter par courrier \u00e9lectronique \u00e0 l'adresse suivante <strong>info@ledsolintel.com<\/strong> ou par t\u00e9l\u00e9phone <strong>698 15 55 66<\/strong><\/span><\/p><\/p>","protected":false},"excerpt":{"rendered":"<p>Luminaire Roblan STRELA pour l'\u00e9clairage des rues sur les trottoirs ou les chemins, mais aussi dans les jardins, les quartiers et les lotissements.<\/p>\n<p>Il s'agit d'une lampe \u00e0 tr\u00e8s haute luminosit\u00e9, r\u00e9sistante aux chocs et \u00e0 l'eau, prot\u00e9g\u00e9e contre les surtensions, avec un traitement anticorrosion et une dur\u00e9e de vie de 50 000 heures.<\/p>\n<p>Disponible avec un poteau horizontal ou vertical.<\/p>","protected":false},"featured_media":242250,"template":"","meta":[],"product_brand":[99355],"product_cat":[99579],"product_tag":[],"class_list":{"0":"post-242252","1":"product","2":"type-product","3":"status-publish","4":"has-post-thumbnail","6":"product_brand-roblan","7":"product_cat-iluminacion-vial","10":"instock","11":"taxable","12":"shipping-taxable","13":"purchasable","14":"product-type-simple"},"yoast_head":"<!-- This site is optimized with the Yoast SEO plugin v27.4 - https:\/\/yoast.com\/product\/yoast-seo-wordpress\/ -->\n<title>L\u00e1mpara vial LED STRELA 100W PROGRAMABLE de Roblan<\/title>\n<meta name=\"description\" content=\"Luminaria LED STRELA de Roblan para alumbrado vial en aceras o caminos, si bien puede ser utilizada tambi\u00e9n en jardines, vecindarios y urbanizaciones.\" \/>\n<meta name=\"robots\" content=\"index, follow, max-snippet:-1, max-image-preview:large, max-video-preview:-1\" \/>\n<link rel=\"canonical\" href=\"https:\/\/ledsolintel.com\/fr\/produit-2\/lampara-vial-strela-100w-programable-de-roblan\/\" \/>\n<meta property=\"og:locale\" content=\"fr_FR\" \/>\n<meta property=\"og:type\" content=\"article\" \/>\n<meta property=\"og:title\" content=\"L\u00e1mpara vial LED STRELA 100W PROGRAMABLE de Roblan\" \/>\n<meta property=\"og:description\" content=\"Luminaria LED STRELA de Roblan para alumbrado vial en aceras o caminos, si bien puede ser utilizada tambi\u00e9n en jardines, vecindarios y urbanizaciones.\" \/>\n<meta property=\"og:url\" content=\"https:\/\/ledsolintel.com\/fr\/produit-2\/lampara-vial-strela-100w-programable-de-roblan\/\" \/>\n<meta property=\"og:site_name\" content=\"Ledsolintel\" \/>\n<meta property=\"article:publisher\" content=\"http:\/\/www.facebook.com\/webmenaje\" \/>\n<meta property=\"og:image\" content=\"https:\/\/ledsolintel.com\/wp-content\/uploads\/2018\/11\/9034-Lampara-vial-LED-STRELA-100W-PROGRAMABLE-de-Roblan.jpg\" \/>\n\t<meta property=\"og:image:width\" content=\"1\" \/>\n\t<meta property=\"og:image:height\" content=\"1\" \/>\n\t<meta property=\"og:image:type\" content=\"image\/jpeg\" \/>\n<meta name=\"twitter:card\" content=\"summary_large_image\" \/>\n<meta name=\"twitter:site\" content=\"@webmenaje\" \/>\n<meta name=\"twitter:label1\" content=\"Dur\u00e9e de lecture estim\u00e9e\" \/>\n\t<meta name=\"twitter:data1\" content=\"1 minute\" \/>\n<script type=\"application\/ld+json\" class=\"yoast-schema-graph\">{\"@context\":\"https:\\\/\\\/schema.org\",\"@graph\":[{\"@type\":\"WebPage\",\"@id\":\"https:\\\/\\\/ledsolintel.com\\\/product\\\/lampara-vial-strela-100w-programable-de-roblan\\\/\",\"url\":\"https:\\\/\\\/ledsolintel.com\\\/product\\\/lampara-vial-strela-100w-programable-de-roblan\\\/\",\"name\":\"L\u00e1mpara vial LED STRELA 100W PROGRAMABLE de Roblan\",\"isPartOf\":{\"@id\":\"https:\\\/\\\/ledsolintel.com\\\/#website\"},\"primaryImageOfPage\":{\"@id\":\"https:\\\/\\\/ledsolintel.com\\\/product\\\/lampara-vial-strela-100w-programable-de-roblan\\\/#primaryimage\"},\"image\":{\"@id\":\"https:\\\/\\\/ledsolintel.com\\\/product\\\/lampara-vial-strela-100w-programable-de-roblan\\\/#primaryimage\"},\"thumbnailUrl\":\"https:\\\/\\\/ledsolintel.com\\\/wp-content\\\/uploads\\\/2018\\\/11\\\/9034-Lampara-vial-LED-STRELA-100W-PROGRAMABLE-de-Roblan.jpg\",\"datePublished\":\"2018-11-27T02:03:45+00:00\",\"description\":\"Luminaria LED STRELA de Roblan para alumbrado vial en aceras o caminos, si bien puede ser utilizada tambi\u00e9n en jardines, vecindarios y urbanizaciones.\",\"breadcrumb\":{\"@id\":\"https:\\\/\\\/ledsolintel.com\\\/product\\\/lampara-vial-strela-100w-programable-de-roblan\\\/#breadcrumb\"},\"inLanguage\":\"fr-FR\",\"potentialAction\":[{\"@type\":\"ReadAction\",\"target\":[\"https:\\\/\\\/ledsolintel.com\\\/product\\\/lampara-vial-strela-100w-programable-de-roblan\\\/\"]}]},{\"@type\":\"ImageObject\",\"inLanguage\":\"fr-FR\",\"@id\":\"https:\\\/\\\/ledsolintel.com\\\/product\\\/lampara-vial-strela-100w-programable-de-roblan\\\/#primaryimage\",\"url\":\"https:\\\/\\\/ledsolintel.com\\\/wp-content\\\/uploads\\\/2018\\\/11\\\/9034-Lampara-vial-LED-STRELA-100W-PROGRAMABLE-de-Roblan.jpg\",\"contentUrl\":\"https:\\\/\\\/ledsolintel.com\\\/wp-content\\\/uploads\\\/2018\\\/11\\\/9034-Lampara-vial-LED-STRELA-100W-PROGRAMABLE-de-Roblan.jpg\",\"caption\":\"L\u00e1mpara vial LED STRELA 100W PROGRAMABLE de Roblan\"},{\"@type\":\"BreadcrumbList\",\"@id\":\"https:\\\/\\\/ledsolintel.com\\\/product\\\/lampara-vial-strela-100w-programable-de-roblan\\\/#breadcrumb\",\"itemListElement\":[{\"@type\":\"ListItem\",\"position\":1,\"name\":\"Portada\",\"item\":\"https:\\\/\\\/ledsolintel.com\\\/fr\\\/\"},{\"@type\":\"ListItem\",\"position\":2,\"name\":\"Tienda\",\"item\":\"https:\\\/\\\/ledsolintel.com\\\/tienda\\\/\"},{\"@type\":\"ListItem\",\"position\":3,\"name\":\"L\u00e1mpara vial LED STRELA 100W PROGRAMABLE de Roblan\"}]},{\"@type\":\"WebSite\",\"@id\":\"https:\\\/\\\/ledsolintel.com\\\/#website\",\"url\":\"https:\\\/\\\/ledsolintel.com\\\/\",\"name\":\"Webmenaje\",\"description\":\"Tienda de bombillas y l\u00e1mparas LED para profesionales\",\"publisher\":{\"@id\":\"https:\\\/\\\/ledsolintel.com\\\/#organization\"},\"potentialAction\":[{\"@type\":\"SearchAction\",\"target\":{\"@type\":\"EntryPoint\",\"urlTemplate\":\"https:\\\/\\\/ledsolintel.com\\\/?s={search_term_string}\"},\"query-input\":{\"@type\":\"PropertyValueSpecification\",\"valueRequired\":true,\"valueName\":\"search_term_string\"}}],\"inLanguage\":\"fr-FR\"},{\"@type\":\"Organization\",\"@id\":\"https:\\\/\\\/ledsolintel.com\\\/#organization\",\"name\":\"Solintel Noroeste, S.L.\",\"url\":\"https:\\\/\\\/ledsolintel.com\\\/\",\"logo\":{\"@type\":\"ImageObject\",\"inLanguage\":\"fr-FR\",\"@id\":\"https:\\\/\\\/ledsolintel.com\\\/#\\\/schema\\\/logo\\\/image\\\/\",\"url\":\"https:\\\/\\\/ledsolintel.com\\\/wp-content\\\/uploads\\\/2024\\\/11\\\/webmenaje-logo-1508269066.jpg\",\"contentUrl\":\"https:\\\/\\\/ledsolintel.com\\\/wp-content\\\/uploads\\\/2024\\\/11\\\/webmenaje-logo-1508269066.jpg\",\"width\":370,\"height\":90,\"caption\":\"Solintel Noroeste, S.L.\"},\"image\":{\"@id\":\"https:\\\/\\\/ledsolintel.com\\\/#\\\/schema\\\/logo\\\/image\\\/\"},\"sameAs\":[\"http:\\\/\\\/www.facebook.com\\\/webmenaje\",\"https:\\\/\\\/x.com\\\/webmenaje\",\"https:\\\/\\\/www.youtube.com\\\/channel\\\/UCX2KoVoeCG4LocZjUc6LmSQ\",\"http:\\\/\\\/www.pinterest.com\\\/webmenaje\"]}]}<\/script>\n<!-- \/ Yoast SEO plugin. -->","yoast_head_json":{"title":"Roblan STRELA 100W Lampe de rue LED PROGRAMMABLE LED STRELA 100W","description":"Le luminaire STRELA LED de Roblan est destin\u00e9 \u00e0 l'\u00e9clairage des trottoirs et des all\u00e9es, mais il peut \u00e9galement \u00eatre utilis\u00e9 dans les jardins, les quartiers et les lotissements.","robots":{"index":"index","follow":"follow","max-snippet":"max-snippet:-1","max-image-preview":"max-image-preview:large","max-video-preview":"max-video-preview:-1"},"canonical":"https:\/\/ledsolintel.com\/fr\/produit-2\/lampara-vial-strela-100w-programable-de-roblan\/","og_locale":"fr_FR","og_type":"article","og_title":"L\u00e1mpara vial LED STRELA 100W PROGRAMABLE de Roblan","og_description":"Luminaria LED STRELA de Roblan para alumbrado vial en aceras o caminos, si bien puede ser utilizada tambi\u00e9n en jardines, vecindarios y urbanizaciones.","og_url":"https:\/\/ledsolintel.com\/fr\/produit-2\/lampara-vial-strela-100w-programable-de-roblan\/","og_site_name":"Ledsolintel","article_publisher":"http:\/\/www.facebook.com\/webmenaje","og_image":[{"url":"https:\/\/ledsolintel.com\/wp-content\/uploads\/2018\/11\/9034-Lampara-vial-LED-STRELA-100W-PROGRAMABLE-de-Roblan.jpg","width":1,"height":1,"type":"image\/jpeg"}],"twitter_card":"summary_large_image","twitter_site":"@webmenaje","twitter_misc":{"Dur\u00e9e de lecture estim\u00e9e":"1 minute"},"schema":{"@context":"https:\/\/schema.org","@graph":[{"@type":"WebPage","@id":"https:\/\/ledsolintel.com\/product\/lampara-vial-strela-100w-programable-de-roblan\/","url":"https:\/\/ledsolintel.com\/product\/lampara-vial-strela-100w-programable-de-roblan\/","name":"Roblan STRELA 100W Lampe de rue LED PROGRAMMABLE LED STRELA 100W","isPartOf":{"@id":"https:\/\/ledsolintel.com\/#website"},"primaryImageOfPage":{"@id":"https:\/\/ledsolintel.com\/product\/lampara-vial-strela-100w-programable-de-roblan\/#primaryimage"},"image":{"@id":"https:\/\/ledsolintel.com\/product\/lampara-vial-strela-100w-programable-de-roblan\/#primaryimage"},"thumbnailUrl":"https:\/\/ledsolintel.com\/wp-content\/uploads\/2018\/11\/9034-Lampara-vial-LED-STRELA-100W-PROGRAMABLE-de-Roblan.jpg","datePublished":"2018-11-27T02:03:45+00:00","description":"Le luminaire STRELA LED de Roblan est destin\u00e9 \u00e0 l'\u00e9clairage des trottoirs et des all\u00e9es, mais il peut \u00e9galement \u00eatre utilis\u00e9 dans les jardins, les quartiers et les lotissements.","breadcrumb":{"@id":"https:\/\/ledsolintel.com\/product\/lampara-vial-strela-100w-programable-de-roblan\/#breadcrumb"},"inLanguage":"fr-FR","potentialAction":[{"@type":"ReadAction","target":["https:\/\/ledsolintel.com\/product\/lampara-vial-strela-100w-programable-de-roblan\/"]}]},{"@type":"ImageObject","inLanguage":"fr-FR","@id":"https:\/\/ledsolintel.com\/product\/lampara-vial-strela-100w-programable-de-roblan\/#primaryimage","url":"https:\/\/ledsolintel.com\/wp-content\/uploads\/2018\/11\/9034-Lampara-vial-LED-STRELA-100W-PROGRAMABLE-de-Roblan.jpg","contentUrl":"https:\/\/ledsolintel.com\/wp-content\/uploads\/2018\/11\/9034-Lampara-vial-LED-STRELA-100W-PROGRAMABLE-de-Roblan.jpg","caption":"L\u00e1mpara vial LED STRELA 100W PROGRAMABLE de Roblan"},{"@type":"BreadcrumbList","@id":"https:\/\/ledsolintel.com\/product\/lampara-vial-strela-100w-programable-de-roblan\/#breadcrumb","itemListElement":[{"@type":"ListItem","position":1,"name":"Portada","item":"https:\/\/ledsolintel.com\/fr\/"},{"@type":"ListItem","position":2,"name":"Tienda","item":"https:\/\/ledsolintel.com\/tienda\/"},{"@type":"ListItem","position":3,"name":"L\u00e1mpara vial LED STRELA 100W PROGRAMABLE de Roblan"}]},{"@type":"WebSite","@id":"https:\/\/ledsolintel.com\/#website","url":"https:\/\/ledsolintel.com\/","name":"Webmenaje","description":"Magasin d'ampoules et de lampes LED pour les professionnels","publisher":{"@id":"https:\/\/ledsolintel.com\/#organization"},"potentialAction":[{"@type":"SearchAction","target":{"@type":"EntryPoint","urlTemplate":"https:\/\/ledsolintel.com\/?s={search_term_string}"},"query-input":{"@type":"PropertyValueSpecification","valueRequired":true,"valueName":"search_term_string"}}],"inLanguage":"fr-FR"},{"@type":"Organization","@id":"https:\/\/ledsolintel.com\/#organization","name":"Solintel Noroeste, S.L.","url":"https:\/\/ledsolintel.com\/","logo":{"@type":"ImageObject","inLanguage":"fr-FR","@id":"https:\/\/ledsolintel.com\/#\/schema\/logo\/image\/","url":"https:\/\/ledsolintel.com\/wp-content\/uploads\/2024\/11\/webmenaje-logo-1508269066.jpg","contentUrl":"https:\/\/ledsolintel.com\/wp-content\/uploads\/2024\/11\/webmenaje-logo-1508269066.jpg","width":370,"height":90,"caption":"Solintel Noroeste, S.L."},"image":{"@id":"https:\/\/ledsolintel.com\/#\/schema\/logo\/image\/"},"sameAs":["http:\/\/www.facebook.com\/webmenaje","https:\/\/x.com\/webmenaje","https:\/\/www.youtube.com\/channel\/UCX2KoVoeCG4LocZjUc6LmSQ","http:\/\/www.pinterest.com\/webmenaje"]}]}},"_links":{"self":[{"href":"https:\/\/ledsolintel.com\/fr\/wp-json\/wp\/v2\/product\/242252","targetHints":{"allow":["GET"]}}],"collection":[{"href":"https:\/\/ledsolintel.com\/fr\/wp-json\/wp\/v2\/product"}],"about":[{"href":"https:\/\/ledsolintel.com\/fr\/wp-json\/wp\/v2\/types\/product"}],"version-history":[{"count":0,"href":"https:\/\/ledsolintel.com\/fr\/wp-json\/wp\/v2\/product\/242252\/revisions"}],"wp:featuredmedia":[{"embeddable":true,"href":"https:\/\/ledsolintel.com\/fr\/wp-json\/wp\/v2\/media\/242250"}],"wp:attachment":[{"href":"https:\/\/ledsolintel.com\/fr\/wp-json\/wp\/v2\/media?parent=242252"}],"wp:term":[{"taxonomy":"product_brand","embeddable":true,"href":"https:\/\/ledsolintel.com\/fr\/wp-json\/wp\/v2\/product_brand?post=242252"},{"taxonomy":"product_cat","embeddable":true,"href":"https:\/\/ledsolintel.com\/fr\/wp-json\/wp\/v2\/product_cat?post=242252"},{"taxonomy":"product_tag","embeddable":true,"href":"https:\/\/ledsolintel.com\/fr\/wp-json\/wp\/v2\/product_tag?post=242252"}],"curies":[{"name":"wp","href":"https:\/\/api.w.org\/{rel}","templated":true}]}}