{"id":242231,"date":"2018-11-08T17:08:24","date_gmt":"2018-11-08T16:08:24","guid":{"rendered":"https:\/\/nueva.ledsolintel.com\/product\/vela-led-iot-tonalidad-regulable-de-roblan\/"},"modified":"2018-11-08T17:08:24","modified_gmt":"2018-11-08T16:08:24","slug":"vela-led-iot-tonalidad-regulable-de-roblan","status":"publish","type":"product","link":"https:\/\/ledsolintel.com\/fr\/produit-2\/vela-led-iot-tonalidad-regulable-de-roblan\/","title":{"rendered":"Bougie LED Roblan IOT avec abat-jour graduable"},"content":{"rendered":"<h3>Caract\u00e9ristiques :<\/h3>\n<ul>\n<li>Puissance : 6W<\/li>\n<li>Tension : 220-240V<\/li>\n<li>Luminosit\u00e9 (lumens) : 470<\/li>\n<li>\u00d3ptica:\u00a0300\u00ba<\/li>\n<li>Temp\u00e9rature de couleur :\u00a0<span>2700K<\/span>&#8211;<span>6500K\u00a0<span>ADJUSTABLE<\/span><\/span><\/li>\n<li>Vida \u00fatil (horas): 40000<\/li>\n<li>Ciclos de encendido-apagado: 25000<\/li>\n<li>Protection IP20<\/li>\n<li>C.R.I. &gt; 80<\/li>\n<li>Dimensions ext\u00e9rieures (mm) : 110\u00d738<\/li>\n<li>Factor de potencia &gt;\u00a00.7<\/li>\n<\/ul>","protected":false},"excerpt":{"rendered":"<p>La bombilla LED IOT de Roblan puede ser controlada por un mando a distancia que permite cambiar tanto la intensidad de luz como su tonalidad: puede pasar de blanco muy c\u00e1lido a blanco muy fr\u00edo y modificar por completo el ambiente de la habitaci\u00f3n sin necesidad de cambiar de bombillas.<\/p>","protected":false},"featured_media":242230,"template":"","meta":[],"product_brand":[99355],"product_cat":[99571,99925,99595],"product_tag":[],"class_list":{"0":"post-242231","1":"product","2":"type-product","3":"status-publish","4":"has-post-thumbnail","6":"product_brand-roblan","7":"product_cat-bombillas-led","8":"product_cat-bombillas-e14-y-e27-vela-esfericas-y-pequeno-formato","9":"product_cat-lamparas-con-color-de-luz-regulable","12":"instock","13":"taxable","14":"shipping-taxable","15":"purchasable","16":"product-type-simple"},"yoast_head":"<!-- This site is optimized with the Yoast SEO plugin v27.4 - https:\/\/yoast.com\/product\/yoast-seo-wordpress\/ -->\n<title>Vela LED IOT tonalidad regulable de Roblan<\/title>\n<meta name=\"description\" content=\"Vela LED IOT de Roblan. Controlada por un mando a distancia que permite cambiar la tonalidad de la luz: de blanco muy c\u00e1lido 2700K a blanco muy fr\u00edo 6500K\" \/>\n<meta name=\"robots\" content=\"index, follow, max-snippet:-1, max-image-preview:large, max-video-preview:-1\" \/>\n<link rel=\"canonical\" href=\"https:\/\/ledsolintel.com\/fr\/produit-2\/vela-led-iot-tonalidad-regulable-de-roblan\/\" \/>\n<meta property=\"og:locale\" content=\"fr_FR\" \/>\n<meta property=\"og:type\" content=\"article\" \/>\n<meta property=\"og:title\" content=\"Vela LED IOT tonalidad regulable de Roblan\" \/>\n<meta property=\"og:description\" content=\"Vela LED IOT de Roblan. Controlada por un mando a distancia que permite cambiar la tonalidad de la luz: de blanco muy c\u00e1lido 2700K a blanco muy fr\u00edo 6500K\" \/>\n<meta property=\"og:url\" content=\"https:\/\/ledsolintel.com\/fr\/produit-2\/vela-led-iot-tonalidad-regulable-de-roblan\/\" \/>\n<meta property=\"og:site_name\" content=\"Ledsolintel\" \/>\n<meta property=\"article:publisher\" content=\"http:\/\/www.facebook.com\/webmenaje\" \/>\n<meta property=\"og:image\" content=\"https:\/\/ledsolintel.com\/wp-content\/uploads\/2018\/11\/12257-Vela-LED-IOT-tonalidad-regulable-de-Roblan.jpg\" \/>\n\t<meta property=\"og:image:width\" content=\"1\" \/>\n\t<meta property=\"og:image:height\" content=\"1\" \/>\n\t<meta property=\"og:image:type\" content=\"image\/jpeg\" \/>\n<meta name=\"twitter:card\" content=\"summary_large_image\" \/>\n<meta name=\"twitter:site\" content=\"@webmenaje\" \/>\n<script type=\"application\/ld+json\" class=\"yoast-schema-graph\">{\"@context\":\"https:\\\/\\\/schema.org\",\"@graph\":[{\"@type\":\"WebPage\",\"@id\":\"https:\\\/\\\/ledsolintel.com\\\/product\\\/vela-led-iot-tonalidad-regulable-de-roblan\\\/\",\"url\":\"https:\\\/\\\/ledsolintel.com\\\/product\\\/vela-led-iot-tonalidad-regulable-de-roblan\\\/\",\"name\":\"Vela LED IOT tonalidad regulable de Roblan\",\"isPartOf\":{\"@id\":\"https:\\\/\\\/ledsolintel.com\\\/#website\"},\"primaryImageOfPage\":{\"@id\":\"https:\\\/\\\/ledsolintel.com\\\/product\\\/vela-led-iot-tonalidad-regulable-de-roblan\\\/#primaryimage\"},\"image\":{\"@id\":\"https:\\\/\\\/ledsolintel.com\\\/product\\\/vela-led-iot-tonalidad-regulable-de-roblan\\\/#primaryimage\"},\"thumbnailUrl\":\"https:\\\/\\\/ledsolintel.com\\\/wp-content\\\/uploads\\\/2018\\\/11\\\/12257-Vela-LED-IOT-tonalidad-regulable-de-Roblan.jpg\",\"datePublished\":\"2018-11-08T16:08:24+00:00\",\"description\":\"Vela LED IOT de Roblan. Controlada por un mando a distancia que permite cambiar la tonalidad de la luz: de blanco muy c\u00e1lido 2700K a blanco muy fr\u00edo 6500K\",\"breadcrumb\":{\"@id\":\"https:\\\/\\\/ledsolintel.com\\\/product\\\/vela-led-iot-tonalidad-regulable-de-roblan\\\/#breadcrumb\"},\"inLanguage\":\"fr-FR\",\"potentialAction\":[{\"@type\":\"ReadAction\",\"target\":[\"https:\\\/\\\/ledsolintel.com\\\/product\\\/vela-led-iot-tonalidad-regulable-de-roblan\\\/\"]}]},{\"@type\":\"ImageObject\",\"inLanguage\":\"fr-FR\",\"@id\":\"https:\\\/\\\/ledsolintel.com\\\/product\\\/vela-led-iot-tonalidad-regulable-de-roblan\\\/#primaryimage\",\"url\":\"https:\\\/\\\/ledsolintel.com\\\/wp-content\\\/uploads\\\/2018\\\/11\\\/12257-Vela-LED-IOT-tonalidad-regulable-de-Roblan.jpg\",\"contentUrl\":\"https:\\\/\\\/ledsolintel.com\\\/wp-content\\\/uploads\\\/2018\\\/11\\\/12257-Vela-LED-IOT-tonalidad-regulable-de-Roblan.jpg\",\"caption\":\"Vela LED IOT tonalidad regulable de Roblan\"},{\"@type\":\"BreadcrumbList\",\"@id\":\"https:\\\/\\\/ledsolintel.com\\\/product\\\/vela-led-iot-tonalidad-regulable-de-roblan\\\/#breadcrumb\",\"itemListElement\":[{\"@type\":\"ListItem\",\"position\":1,\"name\":\"Portada\",\"item\":\"https:\\\/\\\/ledsolintel.com\\\/fr\\\/\"},{\"@type\":\"ListItem\",\"position\":2,\"name\":\"Tienda\",\"item\":\"https:\\\/\\\/ledsolintel.com\\\/tienda\\\/\"},{\"@type\":\"ListItem\",\"position\":3,\"name\":\"Vela LED IOT tonalidad regulable de Roblan\"}]},{\"@type\":\"WebSite\",\"@id\":\"https:\\\/\\\/ledsolintel.com\\\/#website\",\"url\":\"https:\\\/\\\/ledsolintel.com\\\/\",\"name\":\"Webmenaje\",\"description\":\"Tienda de bombillas y l\u00e1mparas LED para profesionales\",\"publisher\":{\"@id\":\"https:\\\/\\\/ledsolintel.com\\\/#organization\"},\"potentialAction\":[{\"@type\":\"SearchAction\",\"target\":{\"@type\":\"EntryPoint\",\"urlTemplate\":\"https:\\\/\\\/ledsolintel.com\\\/?s={search_term_string}\"},\"query-input\":{\"@type\":\"PropertyValueSpecification\",\"valueRequired\":true,\"valueName\":\"search_term_string\"}}],\"inLanguage\":\"fr-FR\"},{\"@type\":\"Organization\",\"@id\":\"https:\\\/\\\/ledsolintel.com\\\/#organization\",\"name\":\"Solintel Noroeste, S.L.\",\"url\":\"https:\\\/\\\/ledsolintel.com\\\/\",\"logo\":{\"@type\":\"ImageObject\",\"inLanguage\":\"fr-FR\",\"@id\":\"https:\\\/\\\/ledsolintel.com\\\/#\\\/schema\\\/logo\\\/image\\\/\",\"url\":\"https:\\\/\\\/ledsolintel.com\\\/wp-content\\\/uploads\\\/2024\\\/11\\\/webmenaje-logo-1508269066.jpg\",\"contentUrl\":\"https:\\\/\\\/ledsolintel.com\\\/wp-content\\\/uploads\\\/2024\\\/11\\\/webmenaje-logo-1508269066.jpg\",\"width\":370,\"height\":90,\"caption\":\"Solintel Noroeste, S.L.\"},\"image\":{\"@id\":\"https:\\\/\\\/ledsolintel.com\\\/#\\\/schema\\\/logo\\\/image\\\/\"},\"sameAs\":[\"http:\\\/\\\/www.facebook.com\\\/webmenaje\",\"https:\\\/\\\/x.com\\\/webmenaje\",\"https:\\\/\\\/www.youtube.com\\\/channel\\\/UCX2KoVoeCG4LocZjUc6LmSQ\",\"http:\\\/\\\/www.pinterest.com\\\/webmenaje\"]}]}<\/script>\n<!-- \/ Yoast SEO plugin. -->","yoast_head_json":{"title":"Bougie LED Roblan IOT avec abat-jour graduable","description":"Vela LED IOT de Roblan. Controlada por un mando a distancia que permite cambiar la tonalidad de la luz: de blanco muy c\u00e1lido 2700K a blanco muy fr\u00edo 6500K","robots":{"index":"index","follow":"follow","max-snippet":"max-snippet:-1","max-image-preview":"max-image-preview:large","max-video-preview":"max-video-preview:-1"},"canonical":"https:\/\/ledsolintel.com\/fr\/produit-2\/vela-led-iot-tonalidad-regulable-de-roblan\/","og_locale":"fr_FR","og_type":"article","og_title":"Vela LED IOT tonalidad regulable de Roblan","og_description":"Vela LED IOT de Roblan. Controlada por un mando a distancia que permite cambiar la tonalidad de la luz: de blanco muy c\u00e1lido 2700K a blanco muy fr\u00edo 6500K","og_url":"https:\/\/ledsolintel.com\/fr\/produit-2\/vela-led-iot-tonalidad-regulable-de-roblan\/","og_site_name":"Ledsolintel","article_publisher":"http:\/\/www.facebook.com\/webmenaje","og_image":[{"url":"https:\/\/ledsolintel.com\/wp-content\/uploads\/2018\/11\/12257-Vela-LED-IOT-tonalidad-regulable-de-Roblan.jpg","width":1,"height":1,"type":"image\/jpeg"}],"twitter_card":"summary_large_image","twitter_site":"@webmenaje","schema":{"@context":"https:\/\/schema.org","@graph":[{"@type":"WebPage","@id":"https:\/\/ledsolintel.com\/product\/vela-led-iot-tonalidad-regulable-de-roblan\/","url":"https:\/\/ledsolintel.com\/product\/vela-led-iot-tonalidad-regulable-de-roblan\/","name":"Bougie LED Roblan IOT avec abat-jour graduable","isPartOf":{"@id":"https:\/\/ledsolintel.com\/#website"},"primaryImageOfPage":{"@id":"https:\/\/ledsolintel.com\/product\/vela-led-iot-tonalidad-regulable-de-roblan\/#primaryimage"},"image":{"@id":"https:\/\/ledsolintel.com\/product\/vela-led-iot-tonalidad-regulable-de-roblan\/#primaryimage"},"thumbnailUrl":"https:\/\/ledsolintel.com\/wp-content\/uploads\/2018\/11\/12257-Vela-LED-IOT-tonalidad-regulable-de-Roblan.jpg","datePublished":"2018-11-08T16:08:24+00:00","description":"Vela LED IOT de Roblan. Controlada por un mando a distancia que permite cambiar la tonalidad de la luz: de blanco muy c\u00e1lido 2700K a blanco muy fr\u00edo 6500K","breadcrumb":{"@id":"https:\/\/ledsolintel.com\/product\/vela-led-iot-tonalidad-regulable-de-roblan\/#breadcrumb"},"inLanguage":"fr-FR","potentialAction":[{"@type":"ReadAction","target":["https:\/\/ledsolintel.com\/product\/vela-led-iot-tonalidad-regulable-de-roblan\/"]}]},{"@type":"ImageObject","inLanguage":"fr-FR","@id":"https:\/\/ledsolintel.com\/product\/vela-led-iot-tonalidad-regulable-de-roblan\/#primaryimage","url":"https:\/\/ledsolintel.com\/wp-content\/uploads\/2018\/11\/12257-Vela-LED-IOT-tonalidad-regulable-de-Roblan.jpg","contentUrl":"https:\/\/ledsolintel.com\/wp-content\/uploads\/2018\/11\/12257-Vela-LED-IOT-tonalidad-regulable-de-Roblan.jpg","caption":"Vela LED IOT tonalidad regulable de Roblan"},{"@type":"BreadcrumbList","@id":"https:\/\/ledsolintel.com\/product\/vela-led-iot-tonalidad-regulable-de-roblan\/#breadcrumb","itemListElement":[{"@type":"ListItem","position":1,"name":"Portada","item":"https:\/\/ledsolintel.com\/fr\/"},{"@type":"ListItem","position":2,"name":"Tienda","item":"https:\/\/ledsolintel.com\/tienda\/"},{"@type":"ListItem","position":3,"name":"Vela LED IOT tonalidad regulable de Roblan"}]},{"@type":"WebSite","@id":"https:\/\/ledsolintel.com\/#website","url":"https:\/\/ledsolintel.com\/","name":"Webmenaje","description":"Magasin d'ampoules et de lampes LED pour les professionnels","publisher":{"@id":"https:\/\/ledsolintel.com\/#organization"},"potentialAction":[{"@type":"SearchAction","target":{"@type":"EntryPoint","urlTemplate":"https:\/\/ledsolintel.com\/?s={search_term_string}"},"query-input":{"@type":"PropertyValueSpecification","valueRequired":true,"valueName":"search_term_string"}}],"inLanguage":"fr-FR"},{"@type":"Organization","@id":"https:\/\/ledsolintel.com\/#organization","name":"Solintel Noroeste, S.L.","url":"https:\/\/ledsolintel.com\/","logo":{"@type":"ImageObject","inLanguage":"fr-FR","@id":"https:\/\/ledsolintel.com\/#\/schema\/logo\/image\/","url":"https:\/\/ledsolintel.com\/wp-content\/uploads\/2024\/11\/webmenaje-logo-1508269066.jpg","contentUrl":"https:\/\/ledsolintel.com\/wp-content\/uploads\/2024\/11\/webmenaje-logo-1508269066.jpg","width":370,"height":90,"caption":"Solintel Noroeste, S.L."},"image":{"@id":"https:\/\/ledsolintel.com\/#\/schema\/logo\/image\/"},"sameAs":["http:\/\/www.facebook.com\/webmenaje","https:\/\/x.com\/webmenaje","https:\/\/www.youtube.com\/channel\/UCX2KoVoeCG4LocZjUc6LmSQ","http:\/\/www.pinterest.com\/webmenaje"]}]}},"_links":{"self":[{"href":"https:\/\/ledsolintel.com\/fr\/wp-json\/wp\/v2\/product\/242231","targetHints":{"allow":["GET"]}}],"collection":[{"href":"https:\/\/ledsolintel.com\/fr\/wp-json\/wp\/v2\/product"}],"about":[{"href":"https:\/\/ledsolintel.com\/fr\/wp-json\/wp\/v2\/types\/product"}],"version-history":[{"count":0,"href":"https:\/\/ledsolintel.com\/fr\/wp-json\/wp\/v2\/product\/242231\/revisions"}],"wp:featuredmedia":[{"embeddable":true,"href":"https:\/\/ledsolintel.com\/fr\/wp-json\/wp\/v2\/media\/242230"}],"wp:attachment":[{"href":"https:\/\/ledsolintel.com\/fr\/wp-json\/wp\/v2\/media?parent=242231"}],"wp:term":[{"taxonomy":"product_brand","embeddable":true,"href":"https:\/\/ledsolintel.com\/fr\/wp-json\/wp\/v2\/product_brand?post=242231"},{"taxonomy":"product_cat","embeddable":true,"href":"https:\/\/ledsolintel.com\/fr\/wp-json\/wp\/v2\/product_cat?post=242231"},{"taxonomy":"product_tag","embeddable":true,"href":"https:\/\/ledsolintel.com\/fr\/wp-json\/wp\/v2\/product_tag?post=242231"}],"curies":[{"name":"wp","href":"https:\/\/api.w.org\/{rel}","templated":true}]}}