{"id":242207,"date":"2018-10-26T12:27:15","date_gmt":"2018-10-26T10:27:15","guid":{"rendered":"https:\/\/nueva.ledsolintel.com\/product\/cerco-led-40w-de-roblan\/"},"modified":"2018-10-26T12:27:15","modified_gmt":"2018-10-26T10:27:15","slug":"roblan-led-fence-40w","status":"publish","type":"product","link":"https:\/\/ledsolintel.com\/fr\/produit-2\/roblan-led-fence-40w\/","title":{"rendered":"Goulotte \u00e0 LED Roblan 40W"},"content":{"rendered":"<h3>Caract\u00e9ristiques<\/h3>\n<ul>\n<li>Puissance : 40 W<\/li>\n<li>Tension : 200-240 V<\/li>\n<li>Luminosit\u00e9 : 3800 lumens<\/li>\n<li>Angle d'ouverture : 120\u00ba Angle d'ouverture : 120\u00ba Angle d'ouverture : 120\u00ba Angle d'ouverture : 120\u00ba Angle d'ouverture : 120\u00ba Angle d'ouverture : 120<\/li>\n<li>Temp\u00e9rature de couleur :\n<ul>\n<li>Blanc naturel 4000 K<\/li>\n<li>Blanc froid 6000 K<\/li>\n<\/ul>\n<\/li>\n<li>Facteur de puissance &gt; 0,9<\/li>\n<li>Dimensions : 591x591x11 mm<\/li>\n<\/ul>","protected":false},"excerpt":{"rendered":"<p>La cl\u00f4ture LED de Roblan offre une alternative \u00e9l\u00e9gante, tr\u00e8s lumineuse et facile \u00e0 installer aux panneaux LED. Elle peut \u00eatre utilis\u00e9e dans toutes sortes d'espaces, des magasins aux bureaux, et offre un design diff\u00e9rent qui permet des jeux de lumi\u00e8re et de profondeur.<\/p>\n<p>Disponible en deux teintes de lumi\u00e8re.<\/p>","protected":false},"featured_media":242206,"template":"","meta":[],"product_brand":[99355],"product_cat":[99895],"product_tag":[],"class_list":{"0":"post-242207","1":"product","2":"type-product","3":"status-publish","4":"has-post-thumbnail","6":"product_brand-roblan","7":"product_cat-paneles-cuadrados-y-rectangulares","8":"pa_cct-4000k","9":"pa_cct-6000k","12":"instock","13":"taxable","14":"shipping-taxable","15":"purchasable","16":"product-type-variable","17":"has-default-attributes"},"yoast_head":"<!-- This site is optimized with the Yoast SEO plugin v27.4 - https:\/\/yoast.com\/product\/yoast-seo-wordpress\/ -->\n<title>Cerco LED 40W de Roblan<\/title>\n<meta name=\"description\" content=\"El cerco LED de Roblan propone una alternativa a los paneles LED elegante, de alta luminosidad y f\u00e1cil de instalar, para comercios u oficinas\" \/>\n<meta name=\"robots\" content=\"index, follow, max-snippet:-1, max-image-preview:large, max-video-preview:-1\" \/>\n<link rel=\"canonical\" href=\"https:\/\/ledsolintel.com\/fr\/produit-2\/roblan-led-fence-40w\/\" \/>\n<meta property=\"og:locale\" content=\"fr_FR\" \/>\n<meta property=\"og:type\" content=\"article\" \/>\n<meta property=\"og:title\" content=\"Cerco LED 40W de Roblan\" \/>\n<meta property=\"og:description\" content=\"El cerco LED de Roblan propone una alternativa a los paneles LED elegante, de alta luminosidad y f\u00e1cil de instalar, para comercios u oficinas\" \/>\n<meta property=\"og:url\" content=\"https:\/\/ledsolintel.com\/fr\/produit-2\/roblan-led-fence-40w\/\" \/>\n<meta property=\"og:site_name\" content=\"Ledsolintel\" \/>\n<meta property=\"article:publisher\" content=\"http:\/\/www.facebook.com\/webmenaje\" \/>\n<meta property=\"og:image\" content=\"https:\/\/ledsolintel.com\/wp-content\/uploads\/2018\/10\/8118-Cerco-LED-40W-de-Roblan.jpg\" \/>\n\t<meta property=\"og:image:width\" content=\"1\" \/>\n\t<meta property=\"og:image:height\" content=\"1\" \/>\n\t<meta property=\"og:image:type\" content=\"image\/jpeg\" \/>\n<meta name=\"twitter:card\" content=\"summary_large_image\" \/>\n<meta name=\"twitter:site\" content=\"@webmenaje\" \/>\n<script type=\"application\/ld+json\" class=\"yoast-schema-graph\">{\"@context\":\"https:\\\/\\\/schema.org\",\"@graph\":[{\"@type\":\"WebPage\",\"@id\":\"https:\\\/\\\/ledsolintel.com\\\/product\\\/cerco-led-40w-de-roblan\\\/\",\"url\":\"https:\\\/\\\/ledsolintel.com\\\/product\\\/cerco-led-40w-de-roblan\\\/\",\"name\":\"Cerco LED 40W de Roblan\",\"isPartOf\":{\"@id\":\"https:\\\/\\\/ledsolintel.com\\\/#website\"},\"primaryImageOfPage\":{\"@id\":\"https:\\\/\\\/ledsolintel.com\\\/product\\\/cerco-led-40w-de-roblan\\\/#primaryimage\"},\"image\":{\"@id\":\"https:\\\/\\\/ledsolintel.com\\\/product\\\/cerco-led-40w-de-roblan\\\/#primaryimage\"},\"thumbnailUrl\":\"https:\\\/\\\/ledsolintel.com\\\/wp-content\\\/uploads\\\/2018\\\/10\\\/8118-Cerco-LED-40W-de-Roblan.jpg\",\"datePublished\":\"2018-10-26T10:27:15+00:00\",\"description\":\"El cerco LED de Roblan propone una alternativa a los paneles LED elegante, de alta luminosidad y f\u00e1cil de instalar, para comercios u oficinas\",\"breadcrumb\":{\"@id\":\"https:\\\/\\\/ledsolintel.com\\\/product\\\/cerco-led-40w-de-roblan\\\/#breadcrumb\"},\"inLanguage\":\"fr-FR\",\"potentialAction\":[{\"@type\":\"ReadAction\",\"target\":[\"https:\\\/\\\/ledsolintel.com\\\/product\\\/cerco-led-40w-de-roblan\\\/\"]}]},{\"@type\":\"ImageObject\",\"inLanguage\":\"fr-FR\",\"@id\":\"https:\\\/\\\/ledsolintel.com\\\/product\\\/cerco-led-40w-de-roblan\\\/#primaryimage\",\"url\":\"https:\\\/\\\/ledsolintel.com\\\/wp-content\\\/uploads\\\/2018\\\/10\\\/8118-Cerco-LED-40W-de-Roblan.jpg\",\"contentUrl\":\"https:\\\/\\\/ledsolintel.com\\\/wp-content\\\/uploads\\\/2018\\\/10\\\/8118-Cerco-LED-40W-de-Roblan.jpg\",\"caption\":\"Cerco LED 40W de Roblan\"},{\"@type\":\"BreadcrumbList\",\"@id\":\"https:\\\/\\\/ledsolintel.com\\\/product\\\/cerco-led-40w-de-roblan\\\/#breadcrumb\",\"itemListElement\":[{\"@type\":\"ListItem\",\"position\":1,\"name\":\"Portada\",\"item\":\"https:\\\/\\\/ledsolintel.com\\\/fr\\\/\"},{\"@type\":\"ListItem\",\"position\":2,\"name\":\"Tienda\",\"item\":\"https:\\\/\\\/ledsolintel.com\\\/tienda\\\/\"},{\"@type\":\"ListItem\",\"position\":3,\"name\":\"Cerco LED 40W de Roblan\"}]},{\"@type\":\"WebSite\",\"@id\":\"https:\\\/\\\/ledsolintel.com\\\/#website\",\"url\":\"https:\\\/\\\/ledsolintel.com\\\/\",\"name\":\"Webmenaje\",\"description\":\"Tienda de bombillas y l\u00e1mparas LED para profesionales\",\"publisher\":{\"@id\":\"https:\\\/\\\/ledsolintel.com\\\/#organization\"},\"potentialAction\":[{\"@type\":\"SearchAction\",\"target\":{\"@type\":\"EntryPoint\",\"urlTemplate\":\"https:\\\/\\\/ledsolintel.com\\\/?s={search_term_string}\"},\"query-input\":{\"@type\":\"PropertyValueSpecification\",\"valueRequired\":true,\"valueName\":\"search_term_string\"}}],\"inLanguage\":\"fr-FR\"},{\"@type\":\"Organization\",\"@id\":\"https:\\\/\\\/ledsolintel.com\\\/#organization\",\"name\":\"Solintel Noroeste, S.L.\",\"url\":\"https:\\\/\\\/ledsolintel.com\\\/\",\"logo\":{\"@type\":\"ImageObject\",\"inLanguage\":\"fr-FR\",\"@id\":\"https:\\\/\\\/ledsolintel.com\\\/#\\\/schema\\\/logo\\\/image\\\/\",\"url\":\"https:\\\/\\\/ledsolintel.com\\\/wp-content\\\/uploads\\\/2024\\\/11\\\/webmenaje-logo-1508269066.jpg\",\"contentUrl\":\"https:\\\/\\\/ledsolintel.com\\\/wp-content\\\/uploads\\\/2024\\\/11\\\/webmenaje-logo-1508269066.jpg\",\"width\":370,\"height\":90,\"caption\":\"Solintel Noroeste, S.L.\"},\"image\":{\"@id\":\"https:\\\/\\\/ledsolintel.com\\\/#\\\/schema\\\/logo\\\/image\\\/\"},\"sameAs\":[\"http:\\\/\\\/www.facebook.com\\\/webmenaje\",\"https:\\\/\\\/x.com\\\/webmenaje\",\"https:\\\/\\\/www.youtube.com\\\/channel\\\/UCX2KoVoeCG4LocZjUc6LmSQ\",\"http:\\\/\\\/www.pinterest.com\\\/webmenaje\"]}]}<\/script>\n<!-- \/ Yoast SEO plugin. -->","yoast_head_json":{"title":"Goulotte \u00e0 LED Roblan 40W","description":"La cl\u00f4ture LED de Roblan offre une alternative \u00e9l\u00e9gante, tr\u00e8s lumineuse et facile \u00e0 installer aux panneaux LED pour les magasins ou les bureaux.","robots":{"index":"index","follow":"follow","max-snippet":"max-snippet:-1","max-image-preview":"max-image-preview:large","max-video-preview":"max-video-preview:-1"},"canonical":"https:\/\/ledsolintel.com\/fr\/produit-2\/roblan-led-fence-40w\/","og_locale":"fr_FR","og_type":"article","og_title":"Cerco LED 40W de Roblan","og_description":"El cerco LED de Roblan propone una alternativa a los paneles LED elegante, de alta luminosidad y f\u00e1cil de instalar, para comercios u oficinas","og_url":"https:\/\/ledsolintel.com\/fr\/produit-2\/roblan-led-fence-40w\/","og_site_name":"Ledsolintel","article_publisher":"http:\/\/www.facebook.com\/webmenaje","og_image":[{"url":"https:\/\/ledsolintel.com\/wp-content\/uploads\/2018\/10\/8118-Cerco-LED-40W-de-Roblan.jpg","width":1,"height":1,"type":"image\/jpeg"}],"twitter_card":"summary_large_image","twitter_site":"@webmenaje","schema":{"@context":"https:\/\/schema.org","@graph":[{"@type":"WebPage","@id":"https:\/\/ledsolintel.com\/product\/cerco-led-40w-de-roblan\/","url":"https:\/\/ledsolintel.com\/product\/cerco-led-40w-de-roblan\/","name":"Goulotte \u00e0 LED Roblan 40W","isPartOf":{"@id":"https:\/\/ledsolintel.com\/#website"},"primaryImageOfPage":{"@id":"https:\/\/ledsolintel.com\/product\/cerco-led-40w-de-roblan\/#primaryimage"},"image":{"@id":"https:\/\/ledsolintel.com\/product\/cerco-led-40w-de-roblan\/#primaryimage"},"thumbnailUrl":"https:\/\/ledsolintel.com\/wp-content\/uploads\/2018\/10\/8118-Cerco-LED-40W-de-Roblan.jpg","datePublished":"2018-10-26T10:27:15+00:00","description":"La cl\u00f4ture LED de Roblan offre une alternative \u00e9l\u00e9gante, tr\u00e8s lumineuse et facile \u00e0 installer aux panneaux LED pour les magasins ou les bureaux.","breadcrumb":{"@id":"https:\/\/ledsolintel.com\/product\/cerco-led-40w-de-roblan\/#breadcrumb"},"inLanguage":"fr-FR","potentialAction":[{"@type":"ReadAction","target":["https:\/\/ledsolintel.com\/product\/cerco-led-40w-de-roblan\/"]}]},{"@type":"ImageObject","inLanguage":"fr-FR","@id":"https:\/\/ledsolintel.com\/product\/cerco-led-40w-de-roblan\/#primaryimage","url":"https:\/\/ledsolintel.com\/wp-content\/uploads\/2018\/10\/8118-Cerco-LED-40W-de-Roblan.jpg","contentUrl":"https:\/\/ledsolintel.com\/wp-content\/uploads\/2018\/10\/8118-Cerco-LED-40W-de-Roblan.jpg","caption":"Cerco LED 40W de Roblan"},{"@type":"BreadcrumbList","@id":"https:\/\/ledsolintel.com\/product\/cerco-led-40w-de-roblan\/#breadcrumb","itemListElement":[{"@type":"ListItem","position":1,"name":"Portada","item":"https:\/\/ledsolintel.com\/fr\/"},{"@type":"ListItem","position":2,"name":"Tienda","item":"https:\/\/ledsolintel.com\/tienda\/"},{"@type":"ListItem","position":3,"name":"Cerco LED 40W de Roblan"}]},{"@type":"WebSite","@id":"https:\/\/ledsolintel.com\/#website","url":"https:\/\/ledsolintel.com\/","name":"Webmenaje","description":"Magasin d'ampoules et de lampes LED pour les professionnels","publisher":{"@id":"https:\/\/ledsolintel.com\/#organization"},"potentialAction":[{"@type":"SearchAction","target":{"@type":"EntryPoint","urlTemplate":"https:\/\/ledsolintel.com\/?s={search_term_string}"},"query-input":{"@type":"PropertyValueSpecification","valueRequired":true,"valueName":"search_term_string"}}],"inLanguage":"fr-FR"},{"@type":"Organization","@id":"https:\/\/ledsolintel.com\/#organization","name":"Solintel Noroeste, S.L.","url":"https:\/\/ledsolintel.com\/","logo":{"@type":"ImageObject","inLanguage":"fr-FR","@id":"https:\/\/ledsolintel.com\/#\/schema\/logo\/image\/","url":"https:\/\/ledsolintel.com\/wp-content\/uploads\/2024\/11\/webmenaje-logo-1508269066.jpg","contentUrl":"https:\/\/ledsolintel.com\/wp-content\/uploads\/2024\/11\/webmenaje-logo-1508269066.jpg","width":370,"height":90,"caption":"Solintel Noroeste, S.L."},"image":{"@id":"https:\/\/ledsolintel.com\/#\/schema\/logo\/image\/"},"sameAs":["http:\/\/www.facebook.com\/webmenaje","https:\/\/x.com\/webmenaje","https:\/\/www.youtube.com\/channel\/UCX2KoVoeCG4LocZjUc6LmSQ","http:\/\/www.pinterest.com\/webmenaje"]}]}},"_links":{"self":[{"href":"https:\/\/ledsolintel.com\/fr\/wp-json\/wp\/v2\/product\/242207","targetHints":{"allow":["GET"]}}],"collection":[{"href":"https:\/\/ledsolintel.com\/fr\/wp-json\/wp\/v2\/product"}],"about":[{"href":"https:\/\/ledsolintel.com\/fr\/wp-json\/wp\/v2\/types\/product"}],"version-history":[{"count":0,"href":"https:\/\/ledsolintel.com\/fr\/wp-json\/wp\/v2\/product\/242207\/revisions"}],"wp:featuredmedia":[{"embeddable":true,"href":"https:\/\/ledsolintel.com\/fr\/wp-json\/wp\/v2\/media\/242206"}],"wp:attachment":[{"href":"https:\/\/ledsolintel.com\/fr\/wp-json\/wp\/v2\/media?parent=242207"}],"wp:term":[{"taxonomy":"product_brand","embeddable":true,"href":"https:\/\/ledsolintel.com\/fr\/wp-json\/wp\/v2\/product_brand?post=242207"},{"taxonomy":"product_cat","embeddable":true,"href":"https:\/\/ledsolintel.com\/fr\/wp-json\/wp\/v2\/product_cat?post=242207"},{"taxonomy":"product_tag","embeddable":true,"href":"https:\/\/ledsolintel.com\/fr\/wp-json\/wp\/v2\/product_tag?post=242207"}],"curies":[{"name":"wp","href":"https:\/\/api.w.org\/{rel}","templated":true}]}}