{"id":242143,"date":"2018-10-19T16:11:45","date_gmt":"2018-10-19T14:11:45","guid":{"rendered":"https:\/\/nueva.ledsolintel.com\/product\/bombilla-led-con-filamento-bt180-ambar-8w-de-faro\/"},"modified":"2018-10-19T16:11:45","modified_gmt":"2018-10-19T14:11:45","slug":"ampoule-led-avec-filament-bt180-amber-8w-headlamp-bulb","status":"publish","type":"product","link":"https:\/\/ledsolintel.com\/fr\/produit-2\/ampoule-led-avec-filament-bt180-amber-8w-headlamp-bulb\/","title":{"rendered":"Ampoule LED \u00e0 filament ambr\u00e9 BT180 8W dimmable de Faro Barcelona"},"content":{"rendered":"<h3>Caract\u00e9ristiques<\/h3>\n<ul>\n<li>Puissance : 8 W (r\u00e9glable)<\/li>\n<li>Tension : 220-240 V<\/li>\n<li>Fr\u00e9quence : 50\/60 Hz<\/li>\n<li>Connexion E27<\/li>\n<li>Temp\u00e9rature de couleur : blanc tr\u00e8s chaud 2000 K<\/li>\n<li>Luminosit\u00e9 : 400 lumens<\/li>\n<li>Angle d'ouverture : 360\u00ba Angle d'ouverture : 360\u00ba Angle d'ouverture : 360\u00ba Angle d'ouverture : 360<\/li>\n<li>IRC &gt; 80<\/li>\n<li>Diam\u00e8tre : 160 mm<\/li>\n<li>Hauteur : 390 mm<\/li>\n<li>Mat\u00e9riau : verre<\/li>\n<\/ul>","protected":false},"excerpt":{"rendered":"<p>Ampoule LED BT180 avec filament et ampoule ambr\u00e9e. Forme large et d\u00e9corative, pour apporter un air vintage aux maisons ou aux espaces commerciaux \u00e0 la recherche d'un design soign\u00e9.<\/p>","protected":false},"featured_media":242141,"template":"","meta":[],"product_brand":[99359],"product_cat":[99571,99927],"product_tag":[],"class_list":{"0":"post-242143","1":"product","2":"type-product","3":"status-publish","4":"has-post-thumbnail","6":"product_brand-faro-barcelona","7":"product_cat-bombillas-led","8":"product_cat-bombillas-e14-y-e27-vintage","11":"instock","12":"taxable","13":"shipping-taxable","14":"purchasable","15":"product-type-simple"},"yoast_head":"<!-- This site is optimized with the Yoast SEO plugin v27.4 - https:\/\/yoast.com\/product\/yoast-seo-wordpress\/ -->\n<title>Bombilla LED con filamento BT180 \u00e1mbar 8W de Faro Barcelona<\/title>\n<meta name=\"description\" content=\"Bombilla LED BT180 con filamento y ampolla \u00e1mbar. Grande y con forma decorativa, para aportar un aire vintage a espacios que busquen un dise\u00f1o cuidado.\" \/>\n<meta name=\"robots\" content=\"index, follow, max-snippet:-1, max-image-preview:large, max-video-preview:-1\" \/>\n<link rel=\"canonical\" href=\"https:\/\/ledsolintel.com\/fr\/produit-2\/ampoule-led-avec-filament-bt180-amber-8w-headlamp-bulb\/\" \/>\n<meta property=\"og:locale\" content=\"fr_FR\" \/>\n<meta property=\"og:type\" content=\"article\" \/>\n<meta property=\"og:title\" content=\"Bombilla LED con filamento BT180 \u00e1mbar 8W de Faro Barcelona\" \/>\n<meta property=\"og:description\" content=\"Bombilla LED BT180 con filamento y ampolla \u00e1mbar. Grande y con forma decorativa, para aportar un aire vintage a espacios que busquen un dise\u00f1o cuidado.\" \/>\n<meta property=\"og:url\" content=\"https:\/\/ledsolintel.com\/fr\/produit-2\/ampoule-led-avec-filament-bt180-amber-8w-headlamp-bulb\/\" \/>\n<meta property=\"og:site_name\" content=\"Ledsolintel\" \/>\n<meta property=\"article:publisher\" content=\"http:\/\/www.facebook.com\/webmenaje\" \/>\n<meta property=\"og:image\" content=\"https:\/\/ledsolintel.com\/wp-content\/uploads\/2018\/10\/12662-Bombilla-LED-con-filamento-BT180-ambar-8W-regulable-de-Faro-Barcelona.jpg\" \/>\n\t<meta property=\"og:image:width\" content=\"1\" \/>\n\t<meta property=\"og:image:height\" content=\"1\" \/>\n\t<meta property=\"og:image:type\" content=\"image\/jpeg\" \/>\n<meta name=\"twitter:card\" content=\"summary_large_image\" \/>\n<meta name=\"twitter:site\" content=\"@webmenaje\" \/>\n<script type=\"application\/ld+json\" class=\"yoast-schema-graph\">{\"@context\":\"https:\\\/\\\/schema.org\",\"@graph\":[{\"@type\":\"WebPage\",\"@id\":\"https:\\\/\\\/ledsolintel.com\\\/product\\\/bombilla-led-con-filamento-bt180-ambar-8w-de-faro\\\/\",\"url\":\"https:\\\/\\\/ledsolintel.com\\\/product\\\/bombilla-led-con-filamento-bt180-ambar-8w-de-faro\\\/\",\"name\":\"Bombilla LED con filamento BT180 \u00e1mbar 8W de Faro Barcelona\",\"isPartOf\":{\"@id\":\"https:\\\/\\\/ledsolintel.com\\\/#website\"},\"primaryImageOfPage\":{\"@id\":\"https:\\\/\\\/ledsolintel.com\\\/product\\\/bombilla-led-con-filamento-bt180-ambar-8w-de-faro\\\/#primaryimage\"},\"image\":{\"@id\":\"https:\\\/\\\/ledsolintel.com\\\/product\\\/bombilla-led-con-filamento-bt180-ambar-8w-de-faro\\\/#primaryimage\"},\"thumbnailUrl\":\"https:\\\/\\\/ledsolintel.com\\\/wp-content\\\/uploads\\\/2018\\\/10\\\/12662-Bombilla-LED-con-filamento-BT180-ambar-8W-regulable-de-Faro-Barcelona.jpg\",\"datePublished\":\"2018-10-19T14:11:45+00:00\",\"description\":\"Bombilla LED BT180 con filamento y ampolla \u00e1mbar. Grande y con forma decorativa, para aportar un aire vintage a espacios que busquen un dise\u00f1o cuidado.\",\"breadcrumb\":{\"@id\":\"https:\\\/\\\/ledsolintel.com\\\/product\\\/bombilla-led-con-filamento-bt180-ambar-8w-de-faro\\\/#breadcrumb\"},\"inLanguage\":\"fr-FR\",\"potentialAction\":[{\"@type\":\"ReadAction\",\"target\":[\"https:\\\/\\\/ledsolintel.com\\\/product\\\/bombilla-led-con-filamento-bt180-ambar-8w-de-faro\\\/\"]}]},{\"@type\":\"ImageObject\",\"inLanguage\":\"fr-FR\",\"@id\":\"https:\\\/\\\/ledsolintel.com\\\/product\\\/bombilla-led-con-filamento-bt180-ambar-8w-de-faro\\\/#primaryimage\",\"url\":\"https:\\\/\\\/ledsolintel.com\\\/wp-content\\\/uploads\\\/2018\\\/10\\\/12662-Bombilla-LED-con-filamento-BT180-ambar-8W-regulable-de-Faro-Barcelona.jpg\",\"contentUrl\":\"https:\\\/\\\/ledsolintel.com\\\/wp-content\\\/uploads\\\/2018\\\/10\\\/12662-Bombilla-LED-con-filamento-BT180-ambar-8W-regulable-de-Faro-Barcelona.jpg\",\"caption\":\"Bombilla LED con filamento BT180 \u00e1mbar 8W regulable de Faro Barcelona\"},{\"@type\":\"BreadcrumbList\",\"@id\":\"https:\\\/\\\/ledsolintel.com\\\/product\\\/bombilla-led-con-filamento-bt180-ambar-8w-de-faro\\\/#breadcrumb\",\"itemListElement\":[{\"@type\":\"ListItem\",\"position\":1,\"name\":\"Portada\",\"item\":\"https:\\\/\\\/ledsolintel.com\\\/fr\\\/\"},{\"@type\":\"ListItem\",\"position\":2,\"name\":\"Tienda\",\"item\":\"https:\\\/\\\/ledsolintel.com\\\/tienda\\\/\"},{\"@type\":\"ListItem\",\"position\":3,\"name\":\"Bombilla LED con filamento BT180 \u00e1mbar 8W regulable de Faro Barcelona\"}]},{\"@type\":\"WebSite\",\"@id\":\"https:\\\/\\\/ledsolintel.com\\\/#website\",\"url\":\"https:\\\/\\\/ledsolintel.com\\\/\",\"name\":\"Webmenaje\",\"description\":\"Tienda de bombillas y l\u00e1mparas LED para profesionales\",\"publisher\":{\"@id\":\"https:\\\/\\\/ledsolintel.com\\\/#organization\"},\"potentialAction\":[{\"@type\":\"SearchAction\",\"target\":{\"@type\":\"EntryPoint\",\"urlTemplate\":\"https:\\\/\\\/ledsolintel.com\\\/?s={search_term_string}\"},\"query-input\":{\"@type\":\"PropertyValueSpecification\",\"valueRequired\":true,\"valueName\":\"search_term_string\"}}],\"inLanguage\":\"fr-FR\"},{\"@type\":\"Organization\",\"@id\":\"https:\\\/\\\/ledsolintel.com\\\/#organization\",\"name\":\"Solintel Noroeste, S.L.\",\"url\":\"https:\\\/\\\/ledsolintel.com\\\/\",\"logo\":{\"@type\":\"ImageObject\",\"inLanguage\":\"fr-FR\",\"@id\":\"https:\\\/\\\/ledsolintel.com\\\/#\\\/schema\\\/logo\\\/image\\\/\",\"url\":\"https:\\\/\\\/ledsolintel.com\\\/wp-content\\\/uploads\\\/2024\\\/11\\\/webmenaje-logo-1508269066.jpg\",\"contentUrl\":\"https:\\\/\\\/ledsolintel.com\\\/wp-content\\\/uploads\\\/2024\\\/11\\\/webmenaje-logo-1508269066.jpg\",\"width\":370,\"height\":90,\"caption\":\"Solintel Noroeste, S.L.\"},\"image\":{\"@id\":\"https:\\\/\\\/ledsolintel.com\\\/#\\\/schema\\\/logo\\\/image\\\/\"},\"sameAs\":[\"http:\\\/\\\/www.facebook.com\\\/webmenaje\",\"https:\\\/\\\/x.com\\\/webmenaje\",\"https:\\\/\\\/www.youtube.com\\\/channel\\\/UCX2KoVoeCG4LocZjUc6LmSQ\",\"http:\\\/\\\/www.pinterest.com\\\/webmenaje\"]}]}<\/script>\n<!-- \/ Yoast SEO plugin. -->","yoast_head_json":{"title":"Faro Barcelona BT180 ampoule LED ambr\u00e9e avec filament 8W","description":"Ampoule LED BT180 avec filament et ampoule ambr\u00e9e. Forme large et d\u00e9corative, pour apporter un air vintage aux espaces qui recherchent un design soign\u00e9.","robots":{"index":"index","follow":"follow","max-snippet":"max-snippet:-1","max-image-preview":"max-image-preview:large","max-video-preview":"max-video-preview:-1"},"canonical":"https:\/\/ledsolintel.com\/fr\/produit-2\/ampoule-led-avec-filament-bt180-amber-8w-headlamp-bulb\/","og_locale":"fr_FR","og_type":"article","og_title":"Bombilla LED con filamento BT180 \u00e1mbar 8W de Faro Barcelona","og_description":"Bombilla LED BT180 con filamento y ampolla \u00e1mbar. Grande y con forma decorativa, para aportar un aire vintage a espacios que busquen un dise\u00f1o cuidado.","og_url":"https:\/\/ledsolintel.com\/fr\/produit-2\/ampoule-led-avec-filament-bt180-amber-8w-headlamp-bulb\/","og_site_name":"Ledsolintel","article_publisher":"http:\/\/www.facebook.com\/webmenaje","og_image":[{"url":"https:\/\/ledsolintel.com\/wp-content\/uploads\/2018\/10\/12662-Bombilla-LED-con-filamento-BT180-ambar-8W-regulable-de-Faro-Barcelona.jpg","width":1,"height":1,"type":"image\/jpeg"}],"twitter_card":"summary_large_image","twitter_site":"@webmenaje","schema":{"@context":"https:\/\/schema.org","@graph":[{"@type":"WebPage","@id":"https:\/\/ledsolintel.com\/product\/bombilla-led-con-filamento-bt180-ambar-8w-de-faro\/","url":"https:\/\/ledsolintel.com\/product\/bombilla-led-con-filamento-bt180-ambar-8w-de-faro\/","name":"Faro Barcelona BT180 ampoule LED ambr\u00e9e avec filament 8W","isPartOf":{"@id":"https:\/\/ledsolintel.com\/#website"},"primaryImageOfPage":{"@id":"https:\/\/ledsolintel.com\/product\/bombilla-led-con-filamento-bt180-ambar-8w-de-faro\/#primaryimage"},"image":{"@id":"https:\/\/ledsolintel.com\/product\/bombilla-led-con-filamento-bt180-ambar-8w-de-faro\/#primaryimage"},"thumbnailUrl":"https:\/\/ledsolintel.com\/wp-content\/uploads\/2018\/10\/12662-Bombilla-LED-con-filamento-BT180-ambar-8W-regulable-de-Faro-Barcelona.jpg","datePublished":"2018-10-19T14:11:45+00:00","description":"Ampoule LED BT180 avec filament et ampoule ambr\u00e9e. Forme large et d\u00e9corative, pour apporter un air vintage aux espaces qui recherchent un design soign\u00e9.","breadcrumb":{"@id":"https:\/\/ledsolintel.com\/product\/bombilla-led-con-filamento-bt180-ambar-8w-de-faro\/#breadcrumb"},"inLanguage":"fr-FR","potentialAction":[{"@type":"ReadAction","target":["https:\/\/ledsolintel.com\/product\/bombilla-led-con-filamento-bt180-ambar-8w-de-faro\/"]}]},{"@type":"ImageObject","inLanguage":"fr-FR","@id":"https:\/\/ledsolintel.com\/product\/bombilla-led-con-filamento-bt180-ambar-8w-de-faro\/#primaryimage","url":"https:\/\/ledsolintel.com\/wp-content\/uploads\/2018\/10\/12662-Bombilla-LED-con-filamento-BT180-ambar-8W-regulable-de-Faro-Barcelona.jpg","contentUrl":"https:\/\/ledsolintel.com\/wp-content\/uploads\/2018\/10\/12662-Bombilla-LED-con-filamento-BT180-ambar-8W-regulable-de-Faro-Barcelona.jpg","caption":"Bombilla LED con filamento BT180 \u00e1mbar 8W regulable de Faro Barcelona"},{"@type":"BreadcrumbList","@id":"https:\/\/ledsolintel.com\/product\/bombilla-led-con-filamento-bt180-ambar-8w-de-faro\/#breadcrumb","itemListElement":[{"@type":"ListItem","position":1,"name":"Portada","item":"https:\/\/ledsolintel.com\/fr\/"},{"@type":"ListItem","position":2,"name":"Tienda","item":"https:\/\/ledsolintel.com\/tienda\/"},{"@type":"ListItem","position":3,"name":"Bombilla LED con filamento BT180 \u00e1mbar 8W regulable de Faro Barcelona"}]},{"@type":"WebSite","@id":"https:\/\/ledsolintel.com\/#website","url":"https:\/\/ledsolintel.com\/","name":"Webmenaje","description":"Magasin d'ampoules et de lampes LED pour les professionnels","publisher":{"@id":"https:\/\/ledsolintel.com\/#organization"},"potentialAction":[{"@type":"SearchAction","target":{"@type":"EntryPoint","urlTemplate":"https:\/\/ledsolintel.com\/?s={search_term_string}"},"query-input":{"@type":"PropertyValueSpecification","valueRequired":true,"valueName":"search_term_string"}}],"inLanguage":"fr-FR"},{"@type":"Organization","@id":"https:\/\/ledsolintel.com\/#organization","name":"Solintel Noroeste, S.L.","url":"https:\/\/ledsolintel.com\/","logo":{"@type":"ImageObject","inLanguage":"fr-FR","@id":"https:\/\/ledsolintel.com\/#\/schema\/logo\/image\/","url":"https:\/\/ledsolintel.com\/wp-content\/uploads\/2024\/11\/webmenaje-logo-1508269066.jpg","contentUrl":"https:\/\/ledsolintel.com\/wp-content\/uploads\/2024\/11\/webmenaje-logo-1508269066.jpg","width":370,"height":90,"caption":"Solintel Noroeste, S.L."},"image":{"@id":"https:\/\/ledsolintel.com\/#\/schema\/logo\/image\/"},"sameAs":["http:\/\/www.facebook.com\/webmenaje","https:\/\/x.com\/webmenaje","https:\/\/www.youtube.com\/channel\/UCX2KoVoeCG4LocZjUc6LmSQ","http:\/\/www.pinterest.com\/webmenaje"]}]}},"_links":{"self":[{"href":"https:\/\/ledsolintel.com\/fr\/wp-json\/wp\/v2\/product\/242143","targetHints":{"allow":["GET"]}}],"collection":[{"href":"https:\/\/ledsolintel.com\/fr\/wp-json\/wp\/v2\/product"}],"about":[{"href":"https:\/\/ledsolintel.com\/fr\/wp-json\/wp\/v2\/types\/product"}],"version-history":[{"count":0,"href":"https:\/\/ledsolintel.com\/fr\/wp-json\/wp\/v2\/product\/242143\/revisions"}],"wp:featuredmedia":[{"embeddable":true,"href":"https:\/\/ledsolintel.com\/fr\/wp-json\/wp\/v2\/media\/242141"}],"wp:attachment":[{"href":"https:\/\/ledsolintel.com\/fr\/wp-json\/wp\/v2\/media?parent=242143"}],"wp:term":[{"taxonomy":"product_brand","embeddable":true,"href":"https:\/\/ledsolintel.com\/fr\/wp-json\/wp\/v2\/product_brand?post=242143"},{"taxonomy":"product_cat","embeddable":true,"href":"https:\/\/ledsolintel.com\/fr\/wp-json\/wp\/v2\/product_cat?post=242143"},{"taxonomy":"product_tag","embeddable":true,"href":"https:\/\/ledsolintel.com\/fr\/wp-json\/wp\/v2\/product_tag?post=242143"}],"curies":[{"name":"wp","href":"https:\/\/api.w.org\/{rel}","templated":true}]}}