{"id":242140,"date":"2018-10-19T13:55:04","date_gmt":"2018-10-19T11:55:04","guid":{"rendered":"https:\/\/nueva.ledsolintel.com\/product\/bombilla-led-con-filamento-a160-ambar-5w-de-faro\/"},"modified":"2018-10-19T13:55:04","modified_gmt":"2018-10-19T11:55:04","slug":"bombilla-led-con-filamento-a160-ambar-5w-de-faro","status":"publish","type":"product","link":"https:\/\/ledsolintel.com\/fr\/produit-2\/bombilla-led-con-filamento-a160-ambar-5w-de-faro\/","title":{"rendered":"Ampoule LED avec filament A160 ambre 5W dimmable de Faro Barcelona"},"content":{"rendered":"<h3>Caract\u00e9ristiques<\/h3>\n<ul>\n<li>Potencia: 5 W (regulable)<\/li>\n<li>Tension : 220-240 V<\/li>\n<li>Fr\u00e9quence : 50\/60 Hz<\/li>\n<li>Connexion E27<\/li>\n<li>Temp\u00e9rature de couleur : blanc tr\u00e8s chaud 2000 K<\/li>\n<li>Luminosit\u00e9 : 280 lumens<\/li>\n<li>Angle d'ouverture : 360\u00ba Angle d'ouverture : 360\u00ba Angle d'ouverture : 360\u00ba Angle d'ouverture : 360<\/li>\n<li>IRC &gt; 80<\/li>\n<li>Diam\u00e8tre : 160 mm<\/li>\n<li>Altura: 300 mm<\/li>\n<li>Material: aluminio y\u00a0vidrio<\/li>\n<\/ul>","protected":false},"excerpt":{"rendered":"<p>Bombilla LED A160 con filamento y ampolla \u00e1mbar. Grande y con forma decorativa, para aportar un aire vintage a hogares o\u00a0espacios comerciales que busquen un dise\u00f1o cuidado.<\/p>","protected":false},"featured_media":242138,"template":"","meta":[],"product_brand":[99359],"product_cat":[99571,99927],"product_tag":[],"class_list":{"0":"post-242140","1":"product","2":"type-product","3":"status-publish","4":"has-post-thumbnail","6":"product_brand-faro-barcelona","7":"product_cat-bombillas-led","8":"product_cat-bombillas-e14-y-e27-vintage","11":"instock","12":"taxable","13":"shipping-taxable","14":"purchasable","15":"product-type-simple"},"yoast_head":"<!-- This site is optimized with the Yoast SEO plugin v26.6 - https:\/\/yoast.com\/wordpress\/plugins\/seo\/ -->\n<title>Bombilla LED con filamento A160 \u00e1mbar 5W de Faro Barcelona<\/title>\n<meta name=\"description\" content=\"Bombilla LED A160 con filamento y ampolla \u00e1mbar. Grande y con forma decorativa, para aportar un aire vintage a hogares o comercios que cuiden el dise\u00f1o\" \/>\n<meta name=\"robots\" content=\"index, follow, max-snippet:-1, max-image-preview:large, max-video-preview:-1\" \/>\n<link rel=\"canonical\" href=\"https:\/\/ledsolintel.com\/fr\/produit-2\/bombilla-led-con-filamento-a160-ambar-5w-de-faro\/\" \/>\n<meta property=\"og:locale\" content=\"fr_FR\" \/>\n<meta property=\"og:type\" content=\"article\" \/>\n<meta property=\"og:title\" content=\"Bombilla LED con filamento A160 \u00e1mbar 5W de Faro Barcelona\" \/>\n<meta property=\"og:description\" content=\"Bombilla LED A160 con filamento y ampolla \u00e1mbar. Grande y con forma decorativa, para aportar un aire vintage a hogares o comercios que cuiden el dise\u00f1o\" \/>\n<meta property=\"og:url\" content=\"https:\/\/ledsolintel.com\/fr\/produit-2\/bombilla-led-con-filamento-a160-ambar-5w-de-faro\/\" \/>\n<meta property=\"og:site_name\" content=\"Ledsolintel\" \/>\n<meta property=\"article:publisher\" content=\"http:\/\/www.facebook.com\/webmenaje\" \/>\n<meta property=\"og:image\" content=\"https:\/\/ledsolintel.com\/wp-content\/uploads\/2018\/10\/12660-Bombilla-LED-con-filamento-A160-ambar-5W-regulable-de-Faro-Barcelona.jpg\" \/>\n\t<meta property=\"og:image:width\" content=\"1\" \/>\n\t<meta property=\"og:image:height\" content=\"1\" \/>\n\t<meta property=\"og:image:type\" content=\"image\/jpeg\" \/>\n<meta name=\"twitter:card\" content=\"summary_large_image\" \/>\n<meta name=\"twitter:site\" content=\"@webmenaje\" \/>\n<script type=\"application\/ld+json\" class=\"yoast-schema-graph\">{\"@context\":\"https:\/\/schema.org\",\"@graph\":[{\"@type\":\"WebPage\",\"@id\":\"https:\/\/ledsolintel.com\/product\/bombilla-led-con-filamento-a160-ambar-5w-de-faro\/\",\"url\":\"https:\/\/ledsolintel.com\/product\/bombilla-led-con-filamento-a160-ambar-5w-de-faro\/\",\"name\":\"Bombilla LED con filamento A160 \u00e1mbar 5W de Faro Barcelona\",\"isPartOf\":{\"@id\":\"https:\/\/ledsolintel.com\/#website\"},\"primaryImageOfPage\":{\"@id\":\"https:\/\/ledsolintel.com\/product\/bombilla-led-con-filamento-a160-ambar-5w-de-faro\/#primaryimage\"},\"image\":{\"@id\":\"https:\/\/ledsolintel.com\/product\/bombilla-led-con-filamento-a160-ambar-5w-de-faro\/#primaryimage\"},\"thumbnailUrl\":\"https:\/\/ledsolintel.com\/wp-content\/uploads\/2018\/10\/12660-Bombilla-LED-con-filamento-A160-ambar-5W-regulable-de-Faro-Barcelona.jpg\",\"datePublished\":\"2018-10-19T11:55:04+00:00\",\"description\":\"Bombilla LED A160 con filamento y ampolla \u00e1mbar. Grande y con forma decorativa, para aportar un aire vintage a hogares o comercios que cuiden el dise\u00f1o\",\"breadcrumb\":{\"@id\":\"https:\/\/ledsolintel.com\/product\/bombilla-led-con-filamento-a160-ambar-5w-de-faro\/#breadcrumb\"},\"inLanguage\":\"fr-FR\",\"potentialAction\":[{\"@type\":\"ReadAction\",\"target\":[\"https:\/\/ledsolintel.com\/product\/bombilla-led-con-filamento-a160-ambar-5w-de-faro\/\"]}]},{\"@type\":\"ImageObject\",\"inLanguage\":\"fr-FR\",\"@id\":\"https:\/\/ledsolintel.com\/product\/bombilla-led-con-filamento-a160-ambar-5w-de-faro\/#primaryimage\",\"url\":\"https:\/\/ledsolintel.com\/wp-content\/uploads\/2018\/10\/12660-Bombilla-LED-con-filamento-A160-ambar-5W-regulable-de-Faro-Barcelona.jpg\",\"contentUrl\":\"https:\/\/ledsolintel.com\/wp-content\/uploads\/2018\/10\/12660-Bombilla-LED-con-filamento-A160-ambar-5W-regulable-de-Faro-Barcelona.jpg\",\"caption\":\"Bombilla LED con filamento A160 \u00e1mbar 5W regulable de Faro Barcelona\"},{\"@type\":\"BreadcrumbList\",\"@id\":\"https:\/\/ledsolintel.com\/product\/bombilla-led-con-filamento-a160-ambar-5w-de-faro\/#breadcrumb\",\"itemListElement\":[{\"@type\":\"ListItem\",\"position\":1,\"name\":\"Portada\",\"item\":\"https:\/\/ledsolintel.com\/fr\/\"},{\"@type\":\"ListItem\",\"position\":2,\"name\":\"Tienda\",\"item\":\"https:\/\/ledsolintel.com\/tienda\/\"},{\"@type\":\"ListItem\",\"position\":3,\"name\":\"Bombilla LED con filamento A160 \u00e1mbar 5W regulable de Faro Barcelona\"}]},{\"@type\":\"WebSite\",\"@id\":\"https:\/\/ledsolintel.com\/#website\",\"url\":\"https:\/\/ledsolintel.com\/\",\"name\":\"Webmenaje\",\"description\":\"Tienda de bombillas y l\u00e1mparas LED para profesionales\",\"publisher\":{\"@id\":\"https:\/\/ledsolintel.com\/#organization\"},\"potentialAction\":[{\"@type\":\"SearchAction\",\"target\":{\"@type\":\"EntryPoint\",\"urlTemplate\":\"https:\/\/ledsolintel.com\/?s={search_term_string}\"},\"query-input\":{\"@type\":\"PropertyValueSpecification\",\"valueRequired\":true,\"valueName\":\"search_term_string\"}}],\"inLanguage\":\"fr-FR\"},{\"@type\":\"Organization\",\"@id\":\"https:\/\/ledsolintel.com\/#organization\",\"name\":\"Solintel Noroeste, S.L.\",\"url\":\"https:\/\/ledsolintel.com\/\",\"logo\":{\"@type\":\"ImageObject\",\"inLanguage\":\"fr-FR\",\"@id\":\"https:\/\/ledsolintel.com\/#\/schema\/logo\/image\/\",\"url\":\"https:\/\/ledsolintel.com\/wp-content\/uploads\/2024\/11\/webmenaje-logo-1508269066.jpg\",\"contentUrl\":\"https:\/\/ledsolintel.com\/wp-content\/uploads\/2024\/11\/webmenaje-logo-1508269066.jpg\",\"width\":370,\"height\":90,\"caption\":\"Solintel Noroeste, S.L.\"},\"image\":{\"@id\":\"https:\/\/ledsolintel.com\/#\/schema\/logo\/image\/\"},\"sameAs\":[\"http:\/\/www.facebook.com\/webmenaje\",\"https:\/\/x.com\/webmenaje\",\"https:\/\/www.youtube.com\/channel\/UCX2KoVoeCG4LocZjUc6LmSQ\",\"http:\/\/www.pinterest.com\/webmenaje\"]}]}<\/script>\n<!-- \/ Yoast SEO plugin. -->","yoast_head_json":{"title":"Bombilla LED con filamento A160 \u00e1mbar 5W de Faro Barcelona","description":"Bombilla LED A160 con filamento y ampolla \u00e1mbar. Grande y con forma decorativa, para aportar un aire vintage a hogares o comercios que cuiden el dise\u00f1o","robots":{"index":"index","follow":"follow","max-snippet":"max-snippet:-1","max-image-preview":"max-image-preview:large","max-video-preview":"max-video-preview:-1"},"canonical":"https:\/\/ledsolintel.com\/fr\/produit-2\/bombilla-led-con-filamento-a160-ambar-5w-de-faro\/","og_locale":"fr_FR","og_type":"article","og_title":"Bombilla LED con filamento A160 \u00e1mbar 5W de Faro Barcelona","og_description":"Bombilla LED A160 con filamento y ampolla \u00e1mbar. Grande y con forma decorativa, para aportar un aire vintage a hogares o comercios que cuiden el dise\u00f1o","og_url":"https:\/\/ledsolintel.com\/fr\/produit-2\/bombilla-led-con-filamento-a160-ambar-5w-de-faro\/","og_site_name":"Ledsolintel","article_publisher":"http:\/\/www.facebook.com\/webmenaje","og_image":[{"url":"https:\/\/ledsolintel.com\/wp-content\/uploads\/2018\/10\/12660-Bombilla-LED-con-filamento-A160-ambar-5W-regulable-de-Faro-Barcelona.jpg","width":1,"height":1,"type":"image\/jpeg"}],"twitter_card":"summary_large_image","twitter_site":"@webmenaje","schema":{"@context":"https:\/\/schema.org","@graph":[{"@type":"WebPage","@id":"https:\/\/ledsolintel.com\/product\/bombilla-led-con-filamento-a160-ambar-5w-de-faro\/","url":"https:\/\/ledsolintel.com\/product\/bombilla-led-con-filamento-a160-ambar-5w-de-faro\/","name":"Bombilla LED con filamento A160 \u00e1mbar 5W de Faro Barcelona","isPartOf":{"@id":"https:\/\/ledsolintel.com\/#website"},"primaryImageOfPage":{"@id":"https:\/\/ledsolintel.com\/product\/bombilla-led-con-filamento-a160-ambar-5w-de-faro\/#primaryimage"},"image":{"@id":"https:\/\/ledsolintel.com\/product\/bombilla-led-con-filamento-a160-ambar-5w-de-faro\/#primaryimage"},"thumbnailUrl":"https:\/\/ledsolintel.com\/wp-content\/uploads\/2018\/10\/12660-Bombilla-LED-con-filamento-A160-ambar-5W-regulable-de-Faro-Barcelona.jpg","datePublished":"2018-10-19T11:55:04+00:00","description":"Bombilla LED A160 con filamento y ampolla \u00e1mbar. Grande y con forma decorativa, para aportar un aire vintage a hogares o comercios que cuiden el dise\u00f1o","breadcrumb":{"@id":"https:\/\/ledsolintel.com\/product\/bombilla-led-con-filamento-a160-ambar-5w-de-faro\/#breadcrumb"},"inLanguage":"fr-FR","potentialAction":[{"@type":"ReadAction","target":["https:\/\/ledsolintel.com\/product\/bombilla-led-con-filamento-a160-ambar-5w-de-faro\/"]}]},{"@type":"ImageObject","inLanguage":"fr-FR","@id":"https:\/\/ledsolintel.com\/product\/bombilla-led-con-filamento-a160-ambar-5w-de-faro\/#primaryimage","url":"https:\/\/ledsolintel.com\/wp-content\/uploads\/2018\/10\/12660-Bombilla-LED-con-filamento-A160-ambar-5W-regulable-de-Faro-Barcelona.jpg","contentUrl":"https:\/\/ledsolintel.com\/wp-content\/uploads\/2018\/10\/12660-Bombilla-LED-con-filamento-A160-ambar-5W-regulable-de-Faro-Barcelona.jpg","caption":"Bombilla LED con filamento A160 \u00e1mbar 5W regulable de Faro Barcelona"},{"@type":"BreadcrumbList","@id":"https:\/\/ledsolintel.com\/product\/bombilla-led-con-filamento-a160-ambar-5w-de-faro\/#breadcrumb","itemListElement":[{"@type":"ListItem","position":1,"name":"Portada","item":"https:\/\/ledsolintel.com\/fr\/"},{"@type":"ListItem","position":2,"name":"Tienda","item":"https:\/\/ledsolintel.com\/tienda\/"},{"@type":"ListItem","position":3,"name":"Bombilla LED con filamento A160 \u00e1mbar 5W regulable de Faro Barcelona"}]},{"@type":"WebSite","@id":"https:\/\/ledsolintel.com\/#website","url":"https:\/\/ledsolintel.com\/","name":"Webmenaje","description":"Magasin d'ampoules et de lampes LED pour les professionnels","publisher":{"@id":"https:\/\/ledsolintel.com\/#organization"},"potentialAction":[{"@type":"SearchAction","target":{"@type":"EntryPoint","urlTemplate":"https:\/\/ledsolintel.com\/?s={search_term_string}"},"query-input":{"@type":"PropertyValueSpecification","valueRequired":true,"valueName":"search_term_string"}}],"inLanguage":"fr-FR"},{"@type":"Organization","@id":"https:\/\/ledsolintel.com\/#organization","name":"Solintel Noroeste, S.L.","url":"https:\/\/ledsolintel.com\/","logo":{"@type":"ImageObject","inLanguage":"fr-FR","@id":"https:\/\/ledsolintel.com\/#\/schema\/logo\/image\/","url":"https:\/\/ledsolintel.com\/wp-content\/uploads\/2024\/11\/webmenaje-logo-1508269066.jpg","contentUrl":"https:\/\/ledsolintel.com\/wp-content\/uploads\/2024\/11\/webmenaje-logo-1508269066.jpg","width":370,"height":90,"caption":"Solintel Noroeste, S.L."},"image":{"@id":"https:\/\/ledsolintel.com\/#\/schema\/logo\/image\/"},"sameAs":["http:\/\/www.facebook.com\/webmenaje","https:\/\/x.com\/webmenaje","https:\/\/www.youtube.com\/channel\/UCX2KoVoeCG4LocZjUc6LmSQ","http:\/\/www.pinterest.com\/webmenaje"]}]}},"_links":{"self":[{"href":"https:\/\/ledsolintel.com\/fr\/wp-json\/wp\/v2\/product\/242140","targetHints":{"allow":["GET"]}}],"collection":[{"href":"https:\/\/ledsolintel.com\/fr\/wp-json\/wp\/v2\/product"}],"about":[{"href":"https:\/\/ledsolintel.com\/fr\/wp-json\/wp\/v2\/types\/product"}],"version-history":[{"count":0,"href":"https:\/\/ledsolintel.com\/fr\/wp-json\/wp\/v2\/product\/242140\/revisions"}],"wp:featuredmedia":[{"embeddable":true,"href":"https:\/\/ledsolintel.com\/fr\/wp-json\/wp\/v2\/media\/242138"}],"wp:attachment":[{"href":"https:\/\/ledsolintel.com\/fr\/wp-json\/wp\/v2\/media?parent=242140"}],"wp:term":[{"taxonomy":"product_brand","embeddable":true,"href":"https:\/\/ledsolintel.com\/fr\/wp-json\/wp\/v2\/product_brand?post=242140"},{"taxonomy":"product_cat","embeddable":true,"href":"https:\/\/ledsolintel.com\/fr\/wp-json\/wp\/v2\/product_cat?post=242140"},{"taxonomy":"product_tag","embeddable":true,"href":"https:\/\/ledsolintel.com\/fr\/wp-json\/wp\/v2\/product_tag?post=242140"}],"curies":[{"name":"wp","href":"https:\/\/api.w.org\/{rel}","templated":true}]}}