{"id":242121,"date":"2018-09-25T20:53:53","date_gmt":"2018-09-25T18:53:53","guid":{"rendered":"https:\/\/nueva.ledsolintel.com\/product\/plafon-redondo-silvy-tonalidad-regulable-72w-de-cristal-record\/"},"modified":"2018-09-25T20:53:53","modified_gmt":"2018-09-25T18:53:53","slug":"plafon-redondo-silvy-tonalidad-regulable-72w-de-cristal-record","status":"publish","type":"product","link":"https:\/\/ledsolintel.com\/fr\/produit-2\/plafon-redondo-silvy-tonalidad-regulable-72w-de-cristal-record\/","title":{"rendered":"SILVY Plafonnier rond dimmable CCT 72W par Record Glass"},"content":{"rendered":"<h1>SILVY Plafonnier rond dimmable CCT 72W par Record Glass<\/h1>\n<p>\u00a0<\/p>\n<ul>\n<li>Mat\u00e9riau : aluminium avec diffuseur acrylique mat<\/li>\n<li>Puissance : 72W<\/li>\n<li>Luminosit\u00e9 (r\u00e9glable) : 4500 lm<\/li>\n<li>Temp\u00e9rature de couleur (r\u00e9glable) : 2700-6500 K<\/li>\n<li>Tension : 180-264 V, 50-60 Hz<\/li>\n<li>Protection IP20<\/li>\n<li>Dur\u00e9e de vie : 30 000 h\u00a0<\/li>\n<li>Dimensions : 470\u00d7100 mm<\/li>\n<li>Poids : 1,6 kg<\/li>\n<\/ul>","protected":false},"excerpt":{"rendered":"<p>Plafonnier SILVY rond 72W Record Crystal avec effet \u00e9toil\u00e9. Temp\u00e9rature de couleur et puissance r\u00e9glables, parfait pour cr\u00e9er des ambiances fantaisistes dans les chambres d'enfants. M\u00e9morisation des r\u00e9glages pr\u00e9f\u00e9r\u00e9s et mode nuit.<\/p>","protected":false},"featured_media":242116,"template":"","meta":[],"product_brand":[99361],"product_cat":[99697,99595],"product_tag":[],"class_list":{"0":"post-242121","1":"product","2":"type-product","3":"status-publish","4":"has-post-thumbnail","6":"product_brand-cristalrecord","7":"product_cat-downlights-de-empotrar","8":"product_cat-lamparas-con-color-de-luz-regulable","11":"instock","12":"taxable","13":"shipping-taxable","14":"purchasable","15":"product-type-simple"},"yoast_head":"<!-- This site is optimized with the Yoast SEO plugin v27.4 - https:\/\/yoast.com\/product\/yoast-seo-wordpress\/ -->\n<title>Plaf\u00f3n redondo SILVY CCT regulable 72W de Cristal Record<\/title>\n<meta name=\"description\" content=\"Plaf\u00f3n SILVY redondo 72W de Cristal Record con efecto de estrellas. Temperatura de color y potencia regulables, perfecto para habitaciones infantiles\" \/>\n<meta name=\"robots\" content=\"index, follow, max-snippet:-1, max-image-preview:large, max-video-preview:-1\" \/>\n<link rel=\"canonical\" href=\"https:\/\/ledsolintel.com\/fr\/produit-2\/plafon-redondo-silvy-tonalidad-regulable-72w-de-cristal-record\/\" \/>\n<meta property=\"og:locale\" content=\"fr_FR\" \/>\n<meta property=\"og:type\" content=\"article\" \/>\n<meta property=\"og:title\" content=\"Plaf\u00f3n redondo SILVY CCT regulable 72W de Cristal Record\" \/>\n<meta property=\"og:description\" content=\"Plaf\u00f3n SILVY redondo 72W de Cristal Record con efecto de estrellas. Temperatura de color y potencia regulables, perfecto para habitaciones infantiles\" \/>\n<meta property=\"og:url\" content=\"https:\/\/ledsolintel.com\/fr\/produit-2\/plafon-redondo-silvy-tonalidad-regulable-72w-de-cristal-record\/\" \/>\n<meta property=\"og:site_name\" content=\"Ledsolintel\" \/>\n<meta property=\"article:publisher\" content=\"http:\/\/www.facebook.com\/webmenaje\" \/>\n<meta property=\"og:image\" content=\"https:\/\/ledsolintel.com\/wp-content\/uploads\/2018\/09\/12657-Plafon-redondo-SILVY-tonalidad-regulable-72W-de-Cristal-Record.jpg\" \/>\n\t<meta property=\"og:image:width\" content=\"1\" \/>\n\t<meta property=\"og:image:height\" content=\"1\" \/>\n\t<meta property=\"og:image:type\" content=\"image\/jpeg\" \/>\n<meta name=\"twitter:card\" content=\"summary_large_image\" \/>\n<meta name=\"twitter:site\" content=\"@webmenaje\" \/>\n<script type=\"application\/ld+json\" class=\"yoast-schema-graph\">{\"@context\":\"https:\\\/\\\/schema.org\",\"@graph\":[{\"@type\":\"WebPage\",\"@id\":\"https:\\\/\\\/ledsolintel.com\\\/product\\\/plafon-redondo-silvy-tonalidad-regulable-72w-de-cristal-record\\\/\",\"url\":\"https:\\\/\\\/ledsolintel.com\\\/product\\\/plafon-redondo-silvy-tonalidad-regulable-72w-de-cristal-record\\\/\",\"name\":\"Plaf\u00f3n redondo SILVY CCT regulable 72W de Cristal Record\",\"isPartOf\":{\"@id\":\"https:\\\/\\\/ledsolintel.com\\\/#website\"},\"primaryImageOfPage\":{\"@id\":\"https:\\\/\\\/ledsolintel.com\\\/product\\\/plafon-redondo-silvy-tonalidad-regulable-72w-de-cristal-record\\\/#primaryimage\"},\"image\":{\"@id\":\"https:\\\/\\\/ledsolintel.com\\\/product\\\/plafon-redondo-silvy-tonalidad-regulable-72w-de-cristal-record\\\/#primaryimage\"},\"thumbnailUrl\":\"https:\\\/\\\/ledsolintel.com\\\/wp-content\\\/uploads\\\/2018\\\/09\\\/12657-Plafon-redondo-SILVY-tonalidad-regulable-72W-de-Cristal-Record.jpg\",\"datePublished\":\"2018-09-25T18:53:53+00:00\",\"description\":\"Plaf\u00f3n SILVY redondo 72W de Cristal Record con efecto de estrellas. Temperatura de color y potencia regulables, perfecto para habitaciones infantiles\",\"breadcrumb\":{\"@id\":\"https:\\\/\\\/ledsolintel.com\\\/product\\\/plafon-redondo-silvy-tonalidad-regulable-72w-de-cristal-record\\\/#breadcrumb\"},\"inLanguage\":\"fr-FR\",\"potentialAction\":[{\"@type\":\"ReadAction\",\"target\":[\"https:\\\/\\\/ledsolintel.com\\\/product\\\/plafon-redondo-silvy-tonalidad-regulable-72w-de-cristal-record\\\/\"]}]},{\"@type\":\"ImageObject\",\"inLanguage\":\"fr-FR\",\"@id\":\"https:\\\/\\\/ledsolintel.com\\\/product\\\/plafon-redondo-silvy-tonalidad-regulable-72w-de-cristal-record\\\/#primaryimage\",\"url\":\"https:\\\/\\\/ledsolintel.com\\\/wp-content\\\/uploads\\\/2018\\\/09\\\/12657-Plafon-redondo-SILVY-tonalidad-regulable-72W-de-Cristal-Record.jpg\",\"contentUrl\":\"https:\\\/\\\/ledsolintel.com\\\/wp-content\\\/uploads\\\/2018\\\/09\\\/12657-Plafon-redondo-SILVY-tonalidad-regulable-72W-de-Cristal-Record.jpg\",\"caption\":\"Plaf\u00f3n redondo SILVY tonalidad regulable 72W de Cristal Record\"},{\"@type\":\"BreadcrumbList\",\"@id\":\"https:\\\/\\\/ledsolintel.com\\\/product\\\/plafon-redondo-silvy-tonalidad-regulable-72w-de-cristal-record\\\/#breadcrumb\",\"itemListElement\":[{\"@type\":\"ListItem\",\"position\":1,\"name\":\"Portada\",\"item\":\"https:\\\/\\\/ledsolintel.com\\\/fr\\\/\"},{\"@type\":\"ListItem\",\"position\":2,\"name\":\"Tienda\",\"item\":\"https:\\\/\\\/ledsolintel.com\\\/tienda\\\/\"},{\"@type\":\"ListItem\",\"position\":3,\"name\":\"Plaf\u00f3n redondo SILVY CCT regulable 72W de Cristal Record\"}]},{\"@type\":\"WebSite\",\"@id\":\"https:\\\/\\\/ledsolintel.com\\\/#website\",\"url\":\"https:\\\/\\\/ledsolintel.com\\\/\",\"name\":\"Webmenaje\",\"description\":\"Tienda de bombillas y l\u00e1mparas LED para profesionales\",\"publisher\":{\"@id\":\"https:\\\/\\\/ledsolintel.com\\\/#organization\"},\"potentialAction\":[{\"@type\":\"SearchAction\",\"target\":{\"@type\":\"EntryPoint\",\"urlTemplate\":\"https:\\\/\\\/ledsolintel.com\\\/?s={search_term_string}\"},\"query-input\":{\"@type\":\"PropertyValueSpecification\",\"valueRequired\":true,\"valueName\":\"search_term_string\"}}],\"inLanguage\":\"fr-FR\"},{\"@type\":\"Organization\",\"@id\":\"https:\\\/\\\/ledsolintel.com\\\/#organization\",\"name\":\"Solintel Noroeste, S.L.\",\"url\":\"https:\\\/\\\/ledsolintel.com\\\/\",\"logo\":{\"@type\":\"ImageObject\",\"inLanguage\":\"fr-FR\",\"@id\":\"https:\\\/\\\/ledsolintel.com\\\/#\\\/schema\\\/logo\\\/image\\\/\",\"url\":\"https:\\\/\\\/ledsolintel.com\\\/wp-content\\\/uploads\\\/2024\\\/11\\\/webmenaje-logo-1508269066.jpg\",\"contentUrl\":\"https:\\\/\\\/ledsolintel.com\\\/wp-content\\\/uploads\\\/2024\\\/11\\\/webmenaje-logo-1508269066.jpg\",\"width\":370,\"height\":90,\"caption\":\"Solintel Noroeste, S.L.\"},\"image\":{\"@id\":\"https:\\\/\\\/ledsolintel.com\\\/#\\\/schema\\\/logo\\\/image\\\/\"},\"sameAs\":[\"http:\\\/\\\/www.facebook.com\\\/webmenaje\",\"https:\\\/\\\/x.com\\\/webmenaje\",\"https:\\\/\\\/www.youtube.com\\\/channel\\\/UCX2KoVoeCG4LocZjUc6LmSQ\",\"http:\\\/\\\/www.pinterest.com\\\/webmenaje\"]}]}<\/script>\n<!-- \/ Yoast SEO plugin. -->","yoast_head_json":{"title":"SILVY Plafonnier rond dimmable CCT 72W par Record Glass","description":"Plaf\u00f3n SILVY redondo 72W de Cristal Record con efecto de estrellas. Temperatura de color y potencia regulables, perfecto para habitaciones infantiles","robots":{"index":"index","follow":"follow","max-snippet":"max-snippet:-1","max-image-preview":"max-image-preview:large","max-video-preview":"max-video-preview:-1"},"canonical":"https:\/\/ledsolintel.com\/fr\/produit-2\/plafon-redondo-silvy-tonalidad-regulable-72w-de-cristal-record\/","og_locale":"fr_FR","og_type":"article","og_title":"Plaf\u00f3n redondo SILVY CCT regulable 72W de Cristal Record","og_description":"Plaf\u00f3n SILVY redondo 72W de Cristal Record con efecto de estrellas. Temperatura de color y potencia regulables, perfecto para habitaciones infantiles","og_url":"https:\/\/ledsolintel.com\/fr\/produit-2\/plafon-redondo-silvy-tonalidad-regulable-72w-de-cristal-record\/","og_site_name":"Ledsolintel","article_publisher":"http:\/\/www.facebook.com\/webmenaje","og_image":[{"url":"https:\/\/ledsolintel.com\/wp-content\/uploads\/2018\/09\/12657-Plafon-redondo-SILVY-tonalidad-regulable-72W-de-Cristal-Record.jpg","width":1,"height":1,"type":"image\/jpeg"}],"twitter_card":"summary_large_image","twitter_site":"@webmenaje","schema":{"@context":"https:\/\/schema.org","@graph":[{"@type":"WebPage","@id":"https:\/\/ledsolintel.com\/product\/plafon-redondo-silvy-tonalidad-regulable-72w-de-cristal-record\/","url":"https:\/\/ledsolintel.com\/product\/plafon-redondo-silvy-tonalidad-regulable-72w-de-cristal-record\/","name":"SILVY Plafonnier rond dimmable CCT 72W par Record Glass","isPartOf":{"@id":"https:\/\/ledsolintel.com\/#website"},"primaryImageOfPage":{"@id":"https:\/\/ledsolintel.com\/product\/plafon-redondo-silvy-tonalidad-regulable-72w-de-cristal-record\/#primaryimage"},"image":{"@id":"https:\/\/ledsolintel.com\/product\/plafon-redondo-silvy-tonalidad-regulable-72w-de-cristal-record\/#primaryimage"},"thumbnailUrl":"https:\/\/ledsolintel.com\/wp-content\/uploads\/2018\/09\/12657-Plafon-redondo-SILVY-tonalidad-regulable-72W-de-Cristal-Record.jpg","datePublished":"2018-09-25T18:53:53+00:00","description":"Plaf\u00f3n SILVY redondo 72W de Cristal Record con efecto de estrellas. Temperatura de color y potencia regulables, perfecto para habitaciones infantiles","breadcrumb":{"@id":"https:\/\/ledsolintel.com\/product\/plafon-redondo-silvy-tonalidad-regulable-72w-de-cristal-record\/#breadcrumb"},"inLanguage":"fr-FR","potentialAction":[{"@type":"ReadAction","target":["https:\/\/ledsolintel.com\/product\/plafon-redondo-silvy-tonalidad-regulable-72w-de-cristal-record\/"]}]},{"@type":"ImageObject","inLanguage":"fr-FR","@id":"https:\/\/ledsolintel.com\/product\/plafon-redondo-silvy-tonalidad-regulable-72w-de-cristal-record\/#primaryimage","url":"https:\/\/ledsolintel.com\/wp-content\/uploads\/2018\/09\/12657-Plafon-redondo-SILVY-tonalidad-regulable-72W-de-Cristal-Record.jpg","contentUrl":"https:\/\/ledsolintel.com\/wp-content\/uploads\/2018\/09\/12657-Plafon-redondo-SILVY-tonalidad-regulable-72W-de-Cristal-Record.jpg","caption":"Plaf\u00f3n redondo SILVY tonalidad regulable 72W de Cristal Record"},{"@type":"BreadcrumbList","@id":"https:\/\/ledsolintel.com\/product\/plafon-redondo-silvy-tonalidad-regulable-72w-de-cristal-record\/#breadcrumb","itemListElement":[{"@type":"ListItem","position":1,"name":"Portada","item":"https:\/\/ledsolintel.com\/fr\/"},{"@type":"ListItem","position":2,"name":"Tienda","item":"https:\/\/ledsolintel.com\/tienda\/"},{"@type":"ListItem","position":3,"name":"Plaf\u00f3n redondo SILVY CCT regulable 72W de Cristal Record"}]},{"@type":"WebSite","@id":"https:\/\/ledsolintel.com\/#website","url":"https:\/\/ledsolintel.com\/","name":"Webmenaje","description":"Magasin d'ampoules et de lampes LED pour les professionnels","publisher":{"@id":"https:\/\/ledsolintel.com\/#organization"},"potentialAction":[{"@type":"SearchAction","target":{"@type":"EntryPoint","urlTemplate":"https:\/\/ledsolintel.com\/?s={search_term_string}"},"query-input":{"@type":"PropertyValueSpecification","valueRequired":true,"valueName":"search_term_string"}}],"inLanguage":"fr-FR"},{"@type":"Organization","@id":"https:\/\/ledsolintel.com\/#organization","name":"Solintel Noroeste, S.L.","url":"https:\/\/ledsolintel.com\/","logo":{"@type":"ImageObject","inLanguage":"fr-FR","@id":"https:\/\/ledsolintel.com\/#\/schema\/logo\/image\/","url":"https:\/\/ledsolintel.com\/wp-content\/uploads\/2024\/11\/webmenaje-logo-1508269066.jpg","contentUrl":"https:\/\/ledsolintel.com\/wp-content\/uploads\/2024\/11\/webmenaje-logo-1508269066.jpg","width":370,"height":90,"caption":"Solintel Noroeste, S.L."},"image":{"@id":"https:\/\/ledsolintel.com\/#\/schema\/logo\/image\/"},"sameAs":["http:\/\/www.facebook.com\/webmenaje","https:\/\/x.com\/webmenaje","https:\/\/www.youtube.com\/channel\/UCX2KoVoeCG4LocZjUc6LmSQ","http:\/\/www.pinterest.com\/webmenaje"]}]}},"_links":{"self":[{"href":"https:\/\/ledsolintel.com\/fr\/wp-json\/wp\/v2\/product\/242121","targetHints":{"allow":["GET"]}}],"collection":[{"href":"https:\/\/ledsolintel.com\/fr\/wp-json\/wp\/v2\/product"}],"about":[{"href":"https:\/\/ledsolintel.com\/fr\/wp-json\/wp\/v2\/types\/product"}],"version-history":[{"count":0,"href":"https:\/\/ledsolintel.com\/fr\/wp-json\/wp\/v2\/product\/242121\/revisions"}],"wp:featuredmedia":[{"embeddable":true,"href":"https:\/\/ledsolintel.com\/fr\/wp-json\/wp\/v2\/media\/242116"}],"wp:attachment":[{"href":"https:\/\/ledsolintel.com\/fr\/wp-json\/wp\/v2\/media?parent=242121"}],"wp:term":[{"taxonomy":"product_brand","embeddable":true,"href":"https:\/\/ledsolintel.com\/fr\/wp-json\/wp\/v2\/product_brand?post=242121"},{"taxonomy":"product_cat","embeddable":true,"href":"https:\/\/ledsolintel.com\/fr\/wp-json\/wp\/v2\/product_cat?post=242121"},{"taxonomy":"product_tag","embeddable":true,"href":"https:\/\/ledsolintel.com\/fr\/wp-json\/wp\/v2\/product_tag?post=242121"}],"curies":[{"name":"wp","href":"https:\/\/api.w.org\/{rel}","templated":true}]}}