{"id":242067,"date":"2018-07-02T16:21:54","date_gmt":"2018-07-02T14:21:54","guid":{"rendered":"https:\/\/nueva.ledsolintel.com\/product\/lampara-portatil-visor-aluminium-5w-120-led-de-beneito-faure\/"},"modified":"2018-07-02T16:21:54","modified_gmt":"2018-07-02T14:21:54","slug":"lampara-portatil-visor-aluminium-5w-120-led-de-beneito-faure","status":"publish","type":"product","link":"https:\/\/ledsolintel.com\/fr\/produit-2\/lampara-portatil-visor-aluminium-5w-120-led-de-beneito-faure\/","title":{"rendered":"Lampe portable VISOR ALUMINIUM 5W 120\u00ba LED de Beneito Faure"},"content":{"rendered":"<h3>Caract\u00e9ristiques :<\/h3>\n<ul>\n<li>Puissance : 5W (r\u00e9glable)<\/li>\n<li>Luminosit\u00e9 : 400\/200\/50 lumens\u00a0<\/li>\n<li>Finitions :\n<ul>\n<li>Blanc<\/li>\n<li>Couper<\/li>\n<\/ul>\n<\/li>\n<li>Optique : 120\u00ba.<\/li>\n<li>Temp\u00e9rature de couleur : blanc chaud 3000K<\/li>\n<li>Dur\u00e9e de vie : 30 000 heures<\/li>\n<li>Autonomie : 6\/11\/38 heures<\/li>\n<li>Temps de charge : 7 heures<\/li>\n<li>Protection IP54<\/li>\n<li>C.R.I &gt; 80<\/li>\n<\/ul>","protected":false},"excerpt":{"rendered":"<p>Lampe portative Visor de Beneito Faure. Avec deux finitions possibles, c'est une pi\u00e8ce d\u00e9corative id\u00e9ale pour les jardins et les int\u00e9rieurs o\u00f9 le design est important. R\u00e9glable en trois puissances, elle offre une autonomie de 38 heures et se recharge via microUSB.<\/p>\n<p>Fonction de banque d'\u00e9nergie pour recharger d'autres appareils.<\/p>","protected":false},"featured_media":242062,"template":"","meta":[],"product_brand":[99357],"product_cat":[99575,99591,99583],"product_tag":[],"class_list":{"0":"post-242067","1":"product","2":"type-product","3":"status-publish","4":"has-post-thumbnail","6":"product_brand-beneito-faure","7":"product_cat-iluminacion-para-jardines-y-exteriores","8":"product_cat-lamparas-con-cargador","9":"product_cat-lamparas-portatiles","10":"pa_acabado-blanco","11":"pa_acabado-corten","14":"instock","15":"taxable","16":"shipping-taxable","17":"purchasable","18":"product-type-variable","19":"has-default-attributes"},"yoast_head":"<!-- This site is optimized with the Yoast SEO plugin v27.4 - https:\/\/yoast.com\/product\/yoast-seo-wordpress\/ -->\n<title>L\u00e1mpara port\u00e1til VISOR ALUMINIUM 5W 120\u00ba LED de Beneito Faure<\/title>\n<meta name=\"description\" content=\"L\u00e1mpara port\u00e1til Visor de Beneito Faure. Regulable, autonom\u00eda de hasta 38 horas. Carga mediante microUSB. Funci\u00f3n power bank para recargar otros dispositivos.\" \/>\n<meta name=\"robots\" content=\"index, follow, max-snippet:-1, max-image-preview:large, max-video-preview:-1\" \/>\n<link rel=\"canonical\" href=\"https:\/\/ledsolintel.com\/fr\/produit-2\/lampara-portatil-visor-aluminium-5w-120-led-de-beneito-faure\/\" \/>\n<meta property=\"og:locale\" content=\"fr_FR\" \/>\n<meta property=\"og:type\" content=\"article\" \/>\n<meta property=\"og:title\" content=\"L\u00e1mpara port\u00e1til VISOR ALUMINIUM 5W 120\u00ba LED de Beneito Faure\" \/>\n<meta property=\"og:description\" content=\"L\u00e1mpara port\u00e1til Visor de Beneito Faure. Regulable, autonom\u00eda de hasta 38 horas. Carga mediante microUSB. Funci\u00f3n power bank para recargar otros dispositivos.\" \/>\n<meta property=\"og:url\" content=\"https:\/\/ledsolintel.com\/fr\/produit-2\/lampara-portatil-visor-aluminium-5w-120-led-de-beneito-faure\/\" \/>\n<meta property=\"og:site_name\" content=\"Ledsolintel\" \/>\n<meta property=\"article:publisher\" content=\"http:\/\/www.facebook.com\/webmenaje\" \/>\n<meta property=\"og:image\" content=\"https:\/\/ledsolintel.com\/wp-content\/uploads\/2018\/07\/8912-Lampara-portatil-VISOR-ALUMINIUM-5W-120o-LED-de-Beneito-Faure.jpg\" \/>\n\t<meta property=\"og:image:width\" content=\"1\" \/>\n\t<meta property=\"og:image:height\" content=\"1\" \/>\n\t<meta property=\"og:image:type\" content=\"image\/jpeg\" \/>\n<meta name=\"twitter:card\" content=\"summary_large_image\" \/>\n<meta name=\"twitter:site\" content=\"@webmenaje\" \/>\n<script type=\"application\/ld+json\" class=\"yoast-schema-graph\">{\"@context\":\"https:\\\/\\\/schema.org\",\"@graph\":[{\"@type\":\"WebPage\",\"@id\":\"https:\\\/\\\/ledsolintel.com\\\/product\\\/lampara-portatil-visor-aluminium-5w-120-led-de-beneito-faure\\\/\",\"url\":\"https:\\\/\\\/ledsolintel.com\\\/product\\\/lampara-portatil-visor-aluminium-5w-120-led-de-beneito-faure\\\/\",\"name\":\"L\u00e1mpara port\u00e1til VISOR ALUMINIUM 5W 120\u00ba LED de Beneito Faure\",\"isPartOf\":{\"@id\":\"https:\\\/\\\/ledsolintel.com\\\/#website\"},\"primaryImageOfPage\":{\"@id\":\"https:\\\/\\\/ledsolintel.com\\\/product\\\/lampara-portatil-visor-aluminium-5w-120-led-de-beneito-faure\\\/#primaryimage\"},\"image\":{\"@id\":\"https:\\\/\\\/ledsolintel.com\\\/product\\\/lampara-portatil-visor-aluminium-5w-120-led-de-beneito-faure\\\/#primaryimage\"},\"thumbnailUrl\":\"https:\\\/\\\/ledsolintel.com\\\/wp-content\\\/uploads\\\/2018\\\/07\\\/8912-Lampara-portatil-VISOR-ALUMINIUM-5W-120o-LED-de-Beneito-Faure.jpg\",\"datePublished\":\"2018-07-02T14:21:54+00:00\",\"description\":\"L\u00e1mpara port\u00e1til Visor de Beneito Faure. Regulable, autonom\u00eda de hasta 38 horas. Carga mediante microUSB. Funci\u00f3n power bank para recargar otros dispositivos.\",\"breadcrumb\":{\"@id\":\"https:\\\/\\\/ledsolintel.com\\\/product\\\/lampara-portatil-visor-aluminium-5w-120-led-de-beneito-faure\\\/#breadcrumb\"},\"inLanguage\":\"fr-FR\",\"potentialAction\":[{\"@type\":\"ReadAction\",\"target\":[\"https:\\\/\\\/ledsolintel.com\\\/product\\\/lampara-portatil-visor-aluminium-5w-120-led-de-beneito-faure\\\/\"]}]},{\"@type\":\"ImageObject\",\"inLanguage\":\"fr-FR\",\"@id\":\"https:\\\/\\\/ledsolintel.com\\\/product\\\/lampara-portatil-visor-aluminium-5w-120-led-de-beneito-faure\\\/#primaryimage\",\"url\":\"https:\\\/\\\/ledsolintel.com\\\/wp-content\\\/uploads\\\/2018\\\/07\\\/8912-Lampara-portatil-VISOR-ALUMINIUM-5W-120o-LED-de-Beneito-Faure.jpg\",\"contentUrl\":\"https:\\\/\\\/ledsolintel.com\\\/wp-content\\\/uploads\\\/2018\\\/07\\\/8912-Lampara-portatil-VISOR-ALUMINIUM-5W-120o-LED-de-Beneito-Faure.jpg\",\"caption\":\"L\u00e1mpara port\u00e1til VISOR ALUMINIUM 5W 120\u00ba LED de Beneito Faure\"},{\"@type\":\"BreadcrumbList\",\"@id\":\"https:\\\/\\\/ledsolintel.com\\\/product\\\/lampara-portatil-visor-aluminium-5w-120-led-de-beneito-faure\\\/#breadcrumb\",\"itemListElement\":[{\"@type\":\"ListItem\",\"position\":1,\"name\":\"Portada\",\"item\":\"https:\\\/\\\/ledsolintel.com\\\/fr\\\/\"},{\"@type\":\"ListItem\",\"position\":2,\"name\":\"Tienda\",\"item\":\"https:\\\/\\\/ledsolintel.com\\\/tienda\\\/\"},{\"@type\":\"ListItem\",\"position\":3,\"name\":\"L\u00e1mpara port\u00e1til VISOR ALUMINIUM 5W 120\u00ba LED de Beneito Faure\"}]},{\"@type\":\"WebSite\",\"@id\":\"https:\\\/\\\/ledsolintel.com\\\/#website\",\"url\":\"https:\\\/\\\/ledsolintel.com\\\/\",\"name\":\"Webmenaje\",\"description\":\"Tienda de bombillas y l\u00e1mparas LED para profesionales\",\"publisher\":{\"@id\":\"https:\\\/\\\/ledsolintel.com\\\/#organization\"},\"potentialAction\":[{\"@type\":\"SearchAction\",\"target\":{\"@type\":\"EntryPoint\",\"urlTemplate\":\"https:\\\/\\\/ledsolintel.com\\\/?s={search_term_string}\"},\"query-input\":{\"@type\":\"PropertyValueSpecification\",\"valueRequired\":true,\"valueName\":\"search_term_string\"}}],\"inLanguage\":\"fr-FR\"},{\"@type\":\"Organization\",\"@id\":\"https:\\\/\\\/ledsolintel.com\\\/#organization\",\"name\":\"Solintel Noroeste, S.L.\",\"url\":\"https:\\\/\\\/ledsolintel.com\\\/\",\"logo\":{\"@type\":\"ImageObject\",\"inLanguage\":\"fr-FR\",\"@id\":\"https:\\\/\\\/ledsolintel.com\\\/#\\\/schema\\\/logo\\\/image\\\/\",\"url\":\"https:\\\/\\\/ledsolintel.com\\\/wp-content\\\/uploads\\\/2024\\\/11\\\/webmenaje-logo-1508269066.jpg\",\"contentUrl\":\"https:\\\/\\\/ledsolintel.com\\\/wp-content\\\/uploads\\\/2024\\\/11\\\/webmenaje-logo-1508269066.jpg\",\"width\":370,\"height\":90,\"caption\":\"Solintel Noroeste, S.L.\"},\"image\":{\"@id\":\"https:\\\/\\\/ledsolintel.com\\\/#\\\/schema\\\/logo\\\/image\\\/\"},\"sameAs\":[\"http:\\\/\\\/www.facebook.com\\\/webmenaje\",\"https:\\\/\\\/x.com\\\/webmenaje\",\"https:\\\/\\\/www.youtube.com\\\/channel\\\/UCX2KoVoeCG4LocZjUc6LmSQ\",\"http:\\\/\\\/www.pinterest.com\\\/webmenaje\"]}]}<\/script>\n<!-- \/ Yoast SEO plugin. -->","yoast_head_json":{"title":"Lampe portable VISOR ALUMINIUM 5W 120\u00ba LED de Beneito Faure","description":"L\u00e1mpara port\u00e1til Visor de Beneito Faure. Regulable, autonom\u00eda de hasta 38 horas. Carga mediante microUSB. Funci\u00f3n power bank para recargar otros dispositivos.","robots":{"index":"index","follow":"follow","max-snippet":"max-snippet:-1","max-image-preview":"max-image-preview:large","max-video-preview":"max-video-preview:-1"},"canonical":"https:\/\/ledsolintel.com\/fr\/produit-2\/lampara-portatil-visor-aluminium-5w-120-led-de-beneito-faure\/","og_locale":"fr_FR","og_type":"article","og_title":"L\u00e1mpara port\u00e1til VISOR ALUMINIUM 5W 120\u00ba LED de Beneito Faure","og_description":"L\u00e1mpara port\u00e1til Visor de Beneito Faure. Regulable, autonom\u00eda de hasta 38 horas. Carga mediante microUSB. Funci\u00f3n power bank para recargar otros dispositivos.","og_url":"https:\/\/ledsolintel.com\/fr\/produit-2\/lampara-portatil-visor-aluminium-5w-120-led-de-beneito-faure\/","og_site_name":"Ledsolintel","article_publisher":"http:\/\/www.facebook.com\/webmenaje","og_image":[{"url":"https:\/\/ledsolintel.com\/wp-content\/uploads\/2018\/07\/8912-Lampara-portatil-VISOR-ALUMINIUM-5W-120o-LED-de-Beneito-Faure.jpg","width":1,"height":1,"type":"image\/jpeg"}],"twitter_card":"summary_large_image","twitter_site":"@webmenaje","schema":{"@context":"https:\/\/schema.org","@graph":[{"@type":"WebPage","@id":"https:\/\/ledsolintel.com\/product\/lampara-portatil-visor-aluminium-5w-120-led-de-beneito-faure\/","url":"https:\/\/ledsolintel.com\/product\/lampara-portatil-visor-aluminium-5w-120-led-de-beneito-faure\/","name":"Lampe portable VISOR ALUMINIUM 5W 120\u00ba LED de Beneito Faure","isPartOf":{"@id":"https:\/\/ledsolintel.com\/#website"},"primaryImageOfPage":{"@id":"https:\/\/ledsolintel.com\/product\/lampara-portatil-visor-aluminium-5w-120-led-de-beneito-faure\/#primaryimage"},"image":{"@id":"https:\/\/ledsolintel.com\/product\/lampara-portatil-visor-aluminium-5w-120-led-de-beneito-faure\/#primaryimage"},"thumbnailUrl":"https:\/\/ledsolintel.com\/wp-content\/uploads\/2018\/07\/8912-Lampara-portatil-VISOR-ALUMINIUM-5W-120o-LED-de-Beneito-Faure.jpg","datePublished":"2018-07-02T14:21:54+00:00","description":"L\u00e1mpara port\u00e1til Visor de Beneito Faure. Regulable, autonom\u00eda de hasta 38 horas. Carga mediante microUSB. Funci\u00f3n power bank para recargar otros dispositivos.","breadcrumb":{"@id":"https:\/\/ledsolintel.com\/product\/lampara-portatil-visor-aluminium-5w-120-led-de-beneito-faure\/#breadcrumb"},"inLanguage":"fr-FR","potentialAction":[{"@type":"ReadAction","target":["https:\/\/ledsolintel.com\/product\/lampara-portatil-visor-aluminium-5w-120-led-de-beneito-faure\/"]}]},{"@type":"ImageObject","inLanguage":"fr-FR","@id":"https:\/\/ledsolintel.com\/product\/lampara-portatil-visor-aluminium-5w-120-led-de-beneito-faure\/#primaryimage","url":"https:\/\/ledsolintel.com\/wp-content\/uploads\/2018\/07\/8912-Lampara-portatil-VISOR-ALUMINIUM-5W-120o-LED-de-Beneito-Faure.jpg","contentUrl":"https:\/\/ledsolintel.com\/wp-content\/uploads\/2018\/07\/8912-Lampara-portatil-VISOR-ALUMINIUM-5W-120o-LED-de-Beneito-Faure.jpg","caption":"L\u00e1mpara port\u00e1til VISOR ALUMINIUM 5W 120\u00ba LED de Beneito Faure"},{"@type":"BreadcrumbList","@id":"https:\/\/ledsolintel.com\/product\/lampara-portatil-visor-aluminium-5w-120-led-de-beneito-faure\/#breadcrumb","itemListElement":[{"@type":"ListItem","position":1,"name":"Portada","item":"https:\/\/ledsolintel.com\/fr\/"},{"@type":"ListItem","position":2,"name":"Tienda","item":"https:\/\/ledsolintel.com\/tienda\/"},{"@type":"ListItem","position":3,"name":"L\u00e1mpara port\u00e1til VISOR ALUMINIUM 5W 120\u00ba LED de Beneito Faure"}]},{"@type":"WebSite","@id":"https:\/\/ledsolintel.com\/#website","url":"https:\/\/ledsolintel.com\/","name":"Webmenaje","description":"Magasin d'ampoules et de lampes LED pour les professionnels","publisher":{"@id":"https:\/\/ledsolintel.com\/#organization"},"potentialAction":[{"@type":"SearchAction","target":{"@type":"EntryPoint","urlTemplate":"https:\/\/ledsolintel.com\/?s={search_term_string}"},"query-input":{"@type":"PropertyValueSpecification","valueRequired":true,"valueName":"search_term_string"}}],"inLanguage":"fr-FR"},{"@type":"Organization","@id":"https:\/\/ledsolintel.com\/#organization","name":"Solintel Noroeste, S.L.","url":"https:\/\/ledsolintel.com\/","logo":{"@type":"ImageObject","inLanguage":"fr-FR","@id":"https:\/\/ledsolintel.com\/#\/schema\/logo\/image\/","url":"https:\/\/ledsolintel.com\/wp-content\/uploads\/2024\/11\/webmenaje-logo-1508269066.jpg","contentUrl":"https:\/\/ledsolintel.com\/wp-content\/uploads\/2024\/11\/webmenaje-logo-1508269066.jpg","width":370,"height":90,"caption":"Solintel Noroeste, S.L."},"image":{"@id":"https:\/\/ledsolintel.com\/#\/schema\/logo\/image\/"},"sameAs":["http:\/\/www.facebook.com\/webmenaje","https:\/\/x.com\/webmenaje","https:\/\/www.youtube.com\/channel\/UCX2KoVoeCG4LocZjUc6LmSQ","http:\/\/www.pinterest.com\/webmenaje"]}]}},"_links":{"self":[{"href":"https:\/\/ledsolintel.com\/fr\/wp-json\/wp\/v2\/product\/242067","targetHints":{"allow":["GET"]}}],"collection":[{"href":"https:\/\/ledsolintel.com\/fr\/wp-json\/wp\/v2\/product"}],"about":[{"href":"https:\/\/ledsolintel.com\/fr\/wp-json\/wp\/v2\/types\/product"}],"version-history":[{"count":0,"href":"https:\/\/ledsolintel.com\/fr\/wp-json\/wp\/v2\/product\/242067\/revisions"}],"wp:featuredmedia":[{"embeddable":true,"href":"https:\/\/ledsolintel.com\/fr\/wp-json\/wp\/v2\/media\/242062"}],"wp:attachment":[{"href":"https:\/\/ledsolintel.com\/fr\/wp-json\/wp\/v2\/media?parent=242067"}],"wp:term":[{"taxonomy":"product_brand","embeddable":true,"href":"https:\/\/ledsolintel.com\/fr\/wp-json\/wp\/v2\/product_brand?post=242067"},{"taxonomy":"product_cat","embeddable":true,"href":"https:\/\/ledsolintel.com\/fr\/wp-json\/wp\/v2\/product_cat?post=242067"},{"taxonomy":"product_tag","embeddable":true,"href":"https:\/\/ledsolintel.com\/fr\/wp-json\/wp\/v2\/product_tag?post=242067"}],"curies":[{"name":"wp","href":"https:\/\/api.w.org\/{rel}","templated":true}]}}