{"id":242047,"date":"2018-05-29T12:56:14","date_gmt":"2018-05-29T10:56:14","guid":{"rendered":"https:\/\/nueva.ledsolintel.com\/product\/lampara-portatil-hook-de-faro\/"},"modified":"2018-05-29T12:56:14","modified_gmt":"2018-05-29T10:56:14","slug":"lampara-portatil-hook-de-faro","status":"publish","type":"product","link":"https:\/\/ledsolintel.com\/fr\/produit-2\/lampara-portatil-hook-de-faro\/","title":{"rendered":"Lampe portative Hook par Faro Barcelona"},"content":{"rendered":"<h3>Caract\u00e9ristiques :<\/h3>\n<ul>\n<li>Mat\u00e9riaux :\n<ul>\n<li>ABS (100% recycl\u00e9)<\/li>\n<li>Polypropyl\u00e8ne 0,05 kg<\/li>\n<li>PET (20GF) 0,016 kg<\/li>\n<li>PBT(20GF) 0,014 kg<\/li>\n<li>PA66 0,02 kg<\/li>\n<li>Silicone 0,17 kg<\/li>\n<li>Acier 0,002 kg<\/li>\n<li>Laiton 0,003 kg<\/li>\n<li>Cuivre 0,043 kg<\/li>\n<\/ul>\n<\/li>\n<li>Puissance : 5W<\/li>\n<li>Tension : 100-240V<\/li>\n<li>Fr\u00e9quence : 50\/60 Hz<\/li>\n<li>Finition :\u00a0\n<ul>\n<li>Marron<\/li>\n<li>Noir<\/li>\n<\/ul>\n<\/li>\n<li>Dimensions (mm) :\n<ul>\n<li>Hauteur : 280<\/li>\n<li>Diam\u00e8tre : 115<\/li>\n<\/ul>\n<\/li>\n<li>Poids : 0,54 kg<\/li>\n<\/ul>\n<p>\u00a0<\/p>\n<h4>Attention : les ampoules ne sont pas incluses. Toute ampoule avec connexion E27 jusqu'\u00e0 5W est valable. Ledsolintel vous recommande de vous adresser \u00e0 des fabricants tels que Roblan ou Beneito Faure, dont vous trouverez les produits sur ce site.<\/h4>","protected":false},"excerpt":{"rendered":"<p>Avec la lampe Hook, Faro se lance dans la fabrication responsable. Fabriqu\u00e9e \u00e0 partir de mat\u00e9riaux recycl\u00e9s et sans PVC, elle est assembl\u00e9e \u00e0 la main \u00e0 la Fundaci\u00f3 El Maresme pour les personnes souffrant de d\u00e9ficiences intellectuelles. Chaque unit\u00e9 vendue garantit un an de nourriture \u00e0 un enfant par l'interm\u00e9diaire de l'ONG Mary's Meals.<\/p>\n<p>Laur\u00e9at du prix du design\u00a0<span style=\"color: #d0121a;\">POINT ROUGE<\/span>\u00a0et le prix \u00e9cologique\u00a0<span><span style=\"color: #218e53;\">Prix du concept vert<\/span>.<\/span><\/p><\/p>","protected":false},"featured_media":242043,"template":"","meta":[],"product_brand":[99387],"product_cat":[99583],"product_tag":[],"class_list":{"0":"post-242047","1":"product","2":"type-product","3":"status-publish","4":"has-post-thumbnail","6":"product_brand-faro-online","7":"product_cat-lamparas-portatiles","8":"pa_acabado-marron","9":"pa_acabado-negro","12":"instock","13":"taxable","14":"shipping-taxable","15":"purchasable","16":"product-type-variable","17":"has-default-attributes"},"yoast_head":"<!-- This site is optimized with the Yoast SEO plugin v26.6 - https:\/\/yoast.com\/wordpress\/plugins\/seo\/ -->\n<title>L\u00e1mpara port\u00e1til Hook de Faro Barcelona<\/title>\n<meta name=\"description\" content=\"L\u00e1mpara Hook de Faro Barcelona. Fabricada en materiales reciclados y libre de PVC, est\u00e1 ensamblada a mano en la Fundaci\u00f3 El Maresme. Colabora con la ONG Mary&#039;s Meals.\" \/>\n<meta name=\"robots\" content=\"index, follow, max-snippet:-1, max-image-preview:large, max-video-preview:-1\" \/>\n<link rel=\"canonical\" href=\"https:\/\/ledsolintel.com\/fr\/produit-2\/lampara-portatil-hook-de-faro\/\" \/>\n<meta property=\"og:locale\" content=\"fr_FR\" \/>\n<meta property=\"og:type\" content=\"article\" \/>\n<meta property=\"og:title\" content=\"L\u00e1mpara port\u00e1til Hook de Faro Barcelona\" \/>\n<meta property=\"og:description\" content=\"L\u00e1mpara Hook de Faro Barcelona. Fabricada en materiales reciclados y libre de PVC, est\u00e1 ensamblada a mano en la Fundaci\u00f3 El Maresme. Colabora con la ONG Mary&#039;s Meals.\" \/>\n<meta property=\"og:url\" content=\"https:\/\/ledsolintel.com\/fr\/produit-2\/lampara-portatil-hook-de-faro\/\" \/>\n<meta property=\"og:site_name\" content=\"Ledsolintel\" \/>\n<meta property=\"article:publisher\" content=\"http:\/\/www.facebook.com\/webmenaje\" \/>\n<meta property=\"og:image\" content=\"https:\/\/ledsolintel.com\/wp-content\/uploads\/2018\/05\/7875-Lampara-portatil-Hook-de-Faro.jpg\" \/>\n\t<meta property=\"og:image:width\" content=\"1\" \/>\n\t<meta property=\"og:image:height\" content=\"1\" \/>\n\t<meta property=\"og:image:type\" content=\"image\/jpeg\" \/>\n<meta name=\"twitter:card\" content=\"summary_large_image\" \/>\n<meta name=\"twitter:site\" content=\"@webmenaje\" \/>\n<script type=\"application\/ld+json\" class=\"yoast-schema-graph\">{\"@context\":\"https:\/\/schema.org\",\"@graph\":[{\"@type\":\"WebPage\",\"@id\":\"https:\/\/ledsolintel.com\/product\/lampara-portatil-hook-de-faro\/\",\"url\":\"https:\/\/ledsolintel.com\/product\/lampara-portatil-hook-de-faro\/\",\"name\":\"L\u00e1mpara port\u00e1til Hook de Faro Barcelona\",\"isPartOf\":{\"@id\":\"https:\/\/ledsolintel.com\/#website\"},\"primaryImageOfPage\":{\"@id\":\"https:\/\/ledsolintel.com\/product\/lampara-portatil-hook-de-faro\/#primaryimage\"},\"image\":{\"@id\":\"https:\/\/ledsolintel.com\/product\/lampara-portatil-hook-de-faro\/#primaryimage\"},\"thumbnailUrl\":\"https:\/\/ledsolintel.com\/wp-content\/uploads\/2018\/05\/7875-Lampara-portatil-Hook-de-Faro.jpg\",\"datePublished\":\"2018-05-29T10:56:14+00:00\",\"description\":\"L\u00e1mpara Hook de Faro Barcelona. Fabricada en materiales reciclados y libre de PVC, est\u00e1 ensamblada a mano en la Fundaci\u00f3 El Maresme. Colabora con la ONG Mary's Meals.\",\"breadcrumb\":{\"@id\":\"https:\/\/ledsolintel.com\/product\/lampara-portatil-hook-de-faro\/#breadcrumb\"},\"inLanguage\":\"fr-FR\",\"potentialAction\":[{\"@type\":\"ReadAction\",\"target\":[\"https:\/\/ledsolintel.com\/product\/lampara-portatil-hook-de-faro\/\"]}]},{\"@type\":\"ImageObject\",\"inLanguage\":\"fr-FR\",\"@id\":\"https:\/\/ledsolintel.com\/product\/lampara-portatil-hook-de-faro\/#primaryimage\",\"url\":\"https:\/\/ledsolintel.com\/wp-content\/uploads\/2018\/05\/7875-Lampara-portatil-Hook-de-Faro.jpg\",\"contentUrl\":\"https:\/\/ledsolintel.com\/wp-content\/uploads\/2018\/05\/7875-Lampara-portatil-Hook-de-Faro.jpg\",\"caption\":\"L\u00e1mpara port\u00e1til Hook de Faro\"},{\"@type\":\"BreadcrumbList\",\"@id\":\"https:\/\/ledsolintel.com\/product\/lampara-portatil-hook-de-faro\/#breadcrumb\",\"itemListElement\":[{\"@type\":\"ListItem\",\"position\":1,\"name\":\"Portada\",\"item\":\"https:\/\/ledsolintel.com\/fr\/\"},{\"@type\":\"ListItem\",\"position\":2,\"name\":\"Tienda\",\"item\":\"https:\/\/ledsolintel.com\/tienda\/\"},{\"@type\":\"ListItem\",\"position\":3,\"name\":\"L\u00e1mpara port\u00e1til Hook de Faro Barcelona\"}]},{\"@type\":\"WebSite\",\"@id\":\"https:\/\/ledsolintel.com\/#website\",\"url\":\"https:\/\/ledsolintel.com\/\",\"name\":\"Webmenaje\",\"description\":\"Tienda de bombillas y l\u00e1mparas LED para profesionales\",\"publisher\":{\"@id\":\"https:\/\/ledsolintel.com\/#organization\"},\"potentialAction\":[{\"@type\":\"SearchAction\",\"target\":{\"@type\":\"EntryPoint\",\"urlTemplate\":\"https:\/\/ledsolintel.com\/?s={search_term_string}\"},\"query-input\":{\"@type\":\"PropertyValueSpecification\",\"valueRequired\":true,\"valueName\":\"search_term_string\"}}],\"inLanguage\":\"fr-FR\"},{\"@type\":\"Organization\",\"@id\":\"https:\/\/ledsolintel.com\/#organization\",\"name\":\"Solintel Noroeste, S.L.\",\"url\":\"https:\/\/ledsolintel.com\/\",\"logo\":{\"@type\":\"ImageObject\",\"inLanguage\":\"fr-FR\",\"@id\":\"https:\/\/ledsolintel.com\/#\/schema\/logo\/image\/\",\"url\":\"https:\/\/ledsolintel.com\/wp-content\/uploads\/2024\/11\/webmenaje-logo-1508269066.jpg\",\"contentUrl\":\"https:\/\/ledsolintel.com\/wp-content\/uploads\/2024\/11\/webmenaje-logo-1508269066.jpg\",\"width\":370,\"height\":90,\"caption\":\"Solintel Noroeste, S.L.\"},\"image\":{\"@id\":\"https:\/\/ledsolintel.com\/#\/schema\/logo\/image\/\"},\"sameAs\":[\"http:\/\/www.facebook.com\/webmenaje\",\"https:\/\/x.com\/webmenaje\",\"https:\/\/www.youtube.com\/channel\/UCX2KoVoeCG4LocZjUc6LmSQ\",\"http:\/\/www.pinterest.com\/webmenaje\"]}]}<\/script>\n<!-- \/ Yoast SEO plugin. -->","yoast_head_json":{"title":"Lampe portative Hook par Faro Barcelona","description":"L\u00e1mpara Hook de Faro Barcelona. Fabricada en materiales reciclados y libre de PVC, est\u00e1 ensamblada a mano en la Fundaci\u00f3 El Maresme. Colabora con la ONG Mary's Meals.","robots":{"index":"index","follow":"follow","max-snippet":"max-snippet:-1","max-image-preview":"max-image-preview:large","max-video-preview":"max-video-preview:-1"},"canonical":"https:\/\/ledsolintel.com\/fr\/produit-2\/lampara-portatil-hook-de-faro\/","og_locale":"fr_FR","og_type":"article","og_title":"L\u00e1mpara port\u00e1til Hook de Faro Barcelona","og_description":"L\u00e1mpara Hook de Faro Barcelona. Fabricada en materiales reciclados y libre de PVC, est\u00e1 ensamblada a mano en la Fundaci\u00f3 El Maresme. Colabora con la ONG Mary's Meals.","og_url":"https:\/\/ledsolintel.com\/fr\/produit-2\/lampara-portatil-hook-de-faro\/","og_site_name":"Ledsolintel","article_publisher":"http:\/\/www.facebook.com\/webmenaje","og_image":[{"url":"https:\/\/ledsolintel.com\/wp-content\/uploads\/2018\/05\/7875-Lampara-portatil-Hook-de-Faro.jpg","width":1,"height":1,"type":"image\/jpeg"}],"twitter_card":"summary_large_image","twitter_site":"@webmenaje","schema":{"@context":"https:\/\/schema.org","@graph":[{"@type":"WebPage","@id":"https:\/\/ledsolintel.com\/product\/lampara-portatil-hook-de-faro\/","url":"https:\/\/ledsolintel.com\/product\/lampara-portatil-hook-de-faro\/","name":"Lampe portative Hook par Faro Barcelona","isPartOf":{"@id":"https:\/\/ledsolintel.com\/#website"},"primaryImageOfPage":{"@id":"https:\/\/ledsolintel.com\/product\/lampara-portatil-hook-de-faro\/#primaryimage"},"image":{"@id":"https:\/\/ledsolintel.com\/product\/lampara-portatil-hook-de-faro\/#primaryimage"},"thumbnailUrl":"https:\/\/ledsolintel.com\/wp-content\/uploads\/2018\/05\/7875-Lampara-portatil-Hook-de-Faro.jpg","datePublished":"2018-05-29T10:56:14+00:00","description":"L\u00e1mpara Hook de Faro Barcelona. Fabricada en materiales reciclados y libre de PVC, est\u00e1 ensamblada a mano en la Fundaci\u00f3 El Maresme. Colabora con la ONG Mary's Meals.","breadcrumb":{"@id":"https:\/\/ledsolintel.com\/product\/lampara-portatil-hook-de-faro\/#breadcrumb"},"inLanguage":"fr-FR","potentialAction":[{"@type":"ReadAction","target":["https:\/\/ledsolintel.com\/product\/lampara-portatil-hook-de-faro\/"]}]},{"@type":"ImageObject","inLanguage":"fr-FR","@id":"https:\/\/ledsolintel.com\/product\/lampara-portatil-hook-de-faro\/#primaryimage","url":"https:\/\/ledsolintel.com\/wp-content\/uploads\/2018\/05\/7875-Lampara-portatil-Hook-de-Faro.jpg","contentUrl":"https:\/\/ledsolintel.com\/wp-content\/uploads\/2018\/05\/7875-Lampara-portatil-Hook-de-Faro.jpg","caption":"L\u00e1mpara port\u00e1til Hook de Faro"},{"@type":"BreadcrumbList","@id":"https:\/\/ledsolintel.com\/product\/lampara-portatil-hook-de-faro\/#breadcrumb","itemListElement":[{"@type":"ListItem","position":1,"name":"Portada","item":"https:\/\/ledsolintel.com\/fr\/"},{"@type":"ListItem","position":2,"name":"Tienda","item":"https:\/\/ledsolintel.com\/tienda\/"},{"@type":"ListItem","position":3,"name":"L\u00e1mpara port\u00e1til Hook de Faro Barcelona"}]},{"@type":"WebSite","@id":"https:\/\/ledsolintel.com\/#website","url":"https:\/\/ledsolintel.com\/","name":"Webmenaje","description":"Magasin d'ampoules et de lampes LED pour les professionnels","publisher":{"@id":"https:\/\/ledsolintel.com\/#organization"},"potentialAction":[{"@type":"SearchAction","target":{"@type":"EntryPoint","urlTemplate":"https:\/\/ledsolintel.com\/?s={search_term_string}"},"query-input":{"@type":"PropertyValueSpecification","valueRequired":true,"valueName":"search_term_string"}}],"inLanguage":"fr-FR"},{"@type":"Organization","@id":"https:\/\/ledsolintel.com\/#organization","name":"Solintel Noroeste, S.L.","url":"https:\/\/ledsolintel.com\/","logo":{"@type":"ImageObject","inLanguage":"fr-FR","@id":"https:\/\/ledsolintel.com\/#\/schema\/logo\/image\/","url":"https:\/\/ledsolintel.com\/wp-content\/uploads\/2024\/11\/webmenaje-logo-1508269066.jpg","contentUrl":"https:\/\/ledsolintel.com\/wp-content\/uploads\/2024\/11\/webmenaje-logo-1508269066.jpg","width":370,"height":90,"caption":"Solintel Noroeste, S.L."},"image":{"@id":"https:\/\/ledsolintel.com\/#\/schema\/logo\/image\/"},"sameAs":["http:\/\/www.facebook.com\/webmenaje","https:\/\/x.com\/webmenaje","https:\/\/www.youtube.com\/channel\/UCX2KoVoeCG4LocZjUc6LmSQ","http:\/\/www.pinterest.com\/webmenaje"]}]}},"_links":{"self":[{"href":"https:\/\/ledsolintel.com\/fr\/wp-json\/wp\/v2\/product\/242047","targetHints":{"allow":["GET"]}}],"collection":[{"href":"https:\/\/ledsolintel.com\/fr\/wp-json\/wp\/v2\/product"}],"about":[{"href":"https:\/\/ledsolintel.com\/fr\/wp-json\/wp\/v2\/types\/product"}],"version-history":[{"count":0,"href":"https:\/\/ledsolintel.com\/fr\/wp-json\/wp\/v2\/product\/242047\/revisions"}],"wp:featuredmedia":[{"embeddable":true,"href":"https:\/\/ledsolintel.com\/fr\/wp-json\/wp\/v2\/media\/242043"}],"wp:attachment":[{"href":"https:\/\/ledsolintel.com\/fr\/wp-json\/wp\/v2\/media?parent=242047"}],"wp:term":[{"taxonomy":"product_brand","embeddable":true,"href":"https:\/\/ledsolintel.com\/fr\/wp-json\/wp\/v2\/product_brand?post=242047"},{"taxonomy":"product_cat","embeddable":true,"href":"https:\/\/ledsolintel.com\/fr\/wp-json\/wp\/v2\/product_cat?post=242047"},{"taxonomy":"product_tag","embeddable":true,"href":"https:\/\/ledsolintel.com\/fr\/wp-json\/wp\/v2\/product_tag?post=242047"}],"curies":[{"name":"wp","href":"https:\/\/api.w.org\/{rel}","templated":true}]}}