{"id":242033,"date":"2018-05-18T12:43:29","date_gmt":"2018-05-18T10:43:29","guid":{"rendered":"https:\/\/nueva.ledsolintel.com\/product\/obo-aluminium-19w-e27-100-240v-170-led-de-beneito-faure\/"},"modified":"2018-05-18T12:43:29","modified_gmt":"2018-05-18T10:43:29","slug":"obo-aluminium-19w-e27-100-240v-170-led-de-beneito-faure","status":"publish","type":"product","link":"https:\/\/ledsolintel.com\/fr\/produit-2\/obo-aluminium-19w-e27-100-240v-170-led-de-beneito-faure\/","title":{"rendered":"OBO ALUMINIUM 19W E27 100-240V 170\u00ba LED par Beneito Faure"},"content":{"rendered":"<h3>Caract\u00e9ristiques :<\/h3>\n<ul>\n<li>Puissance : 19 W<\/li>\n<li>Tension : 100-240 V<\/li>\n<li>Base : E27 \/ E40<\/li>\n<li>Temp\u00e9rature de couleur :\n<ul>\n<li>Blanc tr\u00e8s chaud 2200 K<\/li>\n<li>Blanc froid 5000K<\/li>\n<\/ul>\n<\/li>\n<li>Luminosit\u00e9 : 1425-1900 lumens<\/li>\n<li>Optique : 170\u00ba.<\/li>\n<li>Protection IP64<\/li>\n<li>IRC &gt; 80<\/li>\n<li>Dur\u00e9e de vie moyenne : 50 000 heures<\/li>\n<\/ul>","protected":false},"excerpt":{"rendered":"<p>Ampoule haute puissance Obo de Beneito Faure. Multi-tension et haute protection contre les surtensions. Conforme aux normes contre la pollution lumineuse. Utilisation sans ballast.<\/p>\n<p>Facteur de puissance optimis\u00e9 pour maximiser la dur\u00e9e de vie et l'efficacit\u00e9 \u00e9nerg\u00e9tique.<\/p>","protected":false},"featured_media":242031,"template":"","meta":[],"product_brand":[99357],"product_cat":[99571,99709],"product_tag":[],"class_list":{"0":"post-242033","1":"product","2":"type-product","3":"status-publish","4":"has-post-thumbnail","6":"product_brand-beneito-faure","7":"product_cat-bombillas-led","8":"product_cat-bombillas-e27-y-e40-de-alta-potencia","9":"pa_cct-frio6000k","10":"pa_cct-muycalido2700k","13":"instock","14":"taxable","15":"shipping-taxable","16":"purchasable","17":"product-type-variable","18":"has-default-attributes"},"yoast_head":"<!-- This site is optimized with the Yoast SEO plugin v26.6 - https:\/\/yoast.com\/wordpress\/plugins\/seo\/ -->\n<title>OBO ALUMINIUM 19W E27 100-240V 170\u00ba LED de Beneito Faure<\/title>\n<meta name=\"description\" content=\"Bombilla de alta potencia Obo de Beneito Faure. Multi-tensi\u00f3n y alta protecci\u00f3n contra sobretensiones. Cumple los est\u00e1ndares contra contaminaci\u00f3n lum\u00ednica.\" \/>\n<meta name=\"robots\" content=\"index, follow, max-snippet:-1, max-image-preview:large, max-video-preview:-1\" \/>\n<link rel=\"canonical\" href=\"https:\/\/ledsolintel.com\/fr\/produit-2\/obo-aluminium-19w-e27-100-240v-170-led-de-beneito-faure\/\" \/>\n<meta property=\"og:locale\" content=\"fr_FR\" \/>\n<meta property=\"og:type\" content=\"article\" \/>\n<meta property=\"og:title\" content=\"OBO ALUMINIUM 19W E27 100-240V 170\u00ba LED de Beneito Faure\" \/>\n<meta property=\"og:description\" content=\"Bombilla de alta potencia Obo de Beneito Faure. Multi-tensi\u00f3n y alta protecci\u00f3n contra sobretensiones. Cumple los est\u00e1ndares contra contaminaci\u00f3n lum\u00ednica.\" \/>\n<meta property=\"og:url\" content=\"https:\/\/ledsolintel.com\/fr\/produit-2\/obo-aluminium-19w-e27-100-240v-170-led-de-beneito-faure\/\" \/>\n<meta property=\"og:site_name\" content=\"Ledsolintel\" \/>\n<meta property=\"article:publisher\" content=\"http:\/\/www.facebook.com\/webmenaje\" \/>\n<meta property=\"og:image\" content=\"https:\/\/ledsolintel.com\/wp-content\/uploads\/2018\/05\/8918-OBO-ALUMINIUM-19W-E27-100-240V-170o-LED-de-Beneito-Faure.jpg\" \/>\n\t<meta property=\"og:image:width\" content=\"1\" \/>\n\t<meta property=\"og:image:height\" content=\"1\" \/>\n\t<meta property=\"og:image:type\" content=\"image\/jpeg\" \/>\n<meta name=\"twitter:card\" content=\"summary_large_image\" \/>\n<meta name=\"twitter:site\" content=\"@webmenaje\" \/>\n<script type=\"application\/ld+json\" class=\"yoast-schema-graph\">{\"@context\":\"https:\/\/schema.org\",\"@graph\":[{\"@type\":\"WebPage\",\"@id\":\"https:\/\/ledsolintel.com\/product\/obo-aluminium-19w-e27-100-240v-170-led-de-beneito-faure\/\",\"url\":\"https:\/\/ledsolintel.com\/product\/obo-aluminium-19w-e27-100-240v-170-led-de-beneito-faure\/\",\"name\":\"OBO ALUMINIUM 19W E27 100-240V 170\u00ba LED de Beneito Faure\",\"isPartOf\":{\"@id\":\"https:\/\/ledsolintel.com\/#website\"},\"primaryImageOfPage\":{\"@id\":\"https:\/\/ledsolintel.com\/product\/obo-aluminium-19w-e27-100-240v-170-led-de-beneito-faure\/#primaryimage\"},\"image\":{\"@id\":\"https:\/\/ledsolintel.com\/product\/obo-aluminium-19w-e27-100-240v-170-led-de-beneito-faure\/#primaryimage\"},\"thumbnailUrl\":\"https:\/\/ledsolintel.com\/wp-content\/uploads\/2018\/05\/8918-OBO-ALUMINIUM-19W-E27-100-240V-170o-LED-de-Beneito-Faure.jpg\",\"datePublished\":\"2018-05-18T10:43:29+00:00\",\"description\":\"Bombilla de alta potencia Obo de Beneito Faure. Multi-tensi\u00f3n y alta protecci\u00f3n contra sobretensiones. Cumple los est\u00e1ndares contra contaminaci\u00f3n lum\u00ednica.\",\"breadcrumb\":{\"@id\":\"https:\/\/ledsolintel.com\/product\/obo-aluminium-19w-e27-100-240v-170-led-de-beneito-faure\/#breadcrumb\"},\"inLanguage\":\"fr-FR\",\"potentialAction\":[{\"@type\":\"ReadAction\",\"target\":[\"https:\/\/ledsolintel.com\/product\/obo-aluminium-19w-e27-100-240v-170-led-de-beneito-faure\/\"]}]},{\"@type\":\"ImageObject\",\"inLanguage\":\"fr-FR\",\"@id\":\"https:\/\/ledsolintel.com\/product\/obo-aluminium-19w-e27-100-240v-170-led-de-beneito-faure\/#primaryimage\",\"url\":\"https:\/\/ledsolintel.com\/wp-content\/uploads\/2018\/05\/8918-OBO-ALUMINIUM-19W-E27-100-240V-170o-LED-de-Beneito-Faure.jpg\",\"contentUrl\":\"https:\/\/ledsolintel.com\/wp-content\/uploads\/2018\/05\/8918-OBO-ALUMINIUM-19W-E27-100-240V-170o-LED-de-Beneito-Faure.jpg\",\"caption\":\"OBO ALUMINIUM 19W E27 100-240V 170\u00ba LED de Beneito Faure\"},{\"@type\":\"BreadcrumbList\",\"@id\":\"https:\/\/ledsolintel.com\/product\/obo-aluminium-19w-e27-100-240v-170-led-de-beneito-faure\/#breadcrumb\",\"itemListElement\":[{\"@type\":\"ListItem\",\"position\":1,\"name\":\"Portada\",\"item\":\"https:\/\/ledsolintel.com\/fr\/\"},{\"@type\":\"ListItem\",\"position\":2,\"name\":\"Tienda\",\"item\":\"https:\/\/ledsolintel.com\/tienda\/\"},{\"@type\":\"ListItem\",\"position\":3,\"name\":\"OBO ALUMINIUM 19W E27 100-240V 170\u00ba LED de Beneito Faure\"}]},{\"@type\":\"WebSite\",\"@id\":\"https:\/\/ledsolintel.com\/#website\",\"url\":\"https:\/\/ledsolintel.com\/\",\"name\":\"Webmenaje\",\"description\":\"Tienda de bombillas y l\u00e1mparas LED para profesionales\",\"publisher\":{\"@id\":\"https:\/\/ledsolintel.com\/#organization\"},\"potentialAction\":[{\"@type\":\"SearchAction\",\"target\":{\"@type\":\"EntryPoint\",\"urlTemplate\":\"https:\/\/ledsolintel.com\/?s={search_term_string}\"},\"query-input\":{\"@type\":\"PropertyValueSpecification\",\"valueRequired\":true,\"valueName\":\"search_term_string\"}}],\"inLanguage\":\"fr-FR\"},{\"@type\":\"Organization\",\"@id\":\"https:\/\/ledsolintel.com\/#organization\",\"name\":\"Solintel Noroeste, S.L.\",\"url\":\"https:\/\/ledsolintel.com\/\",\"logo\":{\"@type\":\"ImageObject\",\"inLanguage\":\"fr-FR\",\"@id\":\"https:\/\/ledsolintel.com\/#\/schema\/logo\/image\/\",\"url\":\"https:\/\/ledsolintel.com\/wp-content\/uploads\/2024\/11\/webmenaje-logo-1508269066.jpg\",\"contentUrl\":\"https:\/\/ledsolintel.com\/wp-content\/uploads\/2024\/11\/webmenaje-logo-1508269066.jpg\",\"width\":370,\"height\":90,\"caption\":\"Solintel Noroeste, S.L.\"},\"image\":{\"@id\":\"https:\/\/ledsolintel.com\/#\/schema\/logo\/image\/\"},\"sameAs\":[\"http:\/\/www.facebook.com\/webmenaje\",\"https:\/\/x.com\/webmenaje\",\"https:\/\/www.youtube.com\/channel\/UCX2KoVoeCG4LocZjUc6LmSQ\",\"http:\/\/www.pinterest.com\/webmenaje\"]}]}<\/script>\n<!-- \/ Yoast SEO plugin. -->","yoast_head_json":{"title":"OBO ALUMINIUM 19W E27 100-240V 170\u00ba LED par Beneito Faure","description":"Ampoule haute puissance Obo de Beneito Faure. Multi-tension et haute protection contre les surtensions. Conforme aux normes contre la pollution lumineuse.","robots":{"index":"index","follow":"follow","max-snippet":"max-snippet:-1","max-image-preview":"max-image-preview:large","max-video-preview":"max-video-preview:-1"},"canonical":"https:\/\/ledsolintel.com\/fr\/produit-2\/obo-aluminium-19w-e27-100-240v-170-led-de-beneito-faure\/","og_locale":"fr_FR","og_type":"article","og_title":"OBO ALUMINIUM 19W E27 100-240V 170\u00ba LED de Beneito Faure","og_description":"Bombilla de alta potencia Obo de Beneito Faure. Multi-tensi\u00f3n y alta protecci\u00f3n contra sobretensiones. Cumple los est\u00e1ndares contra contaminaci\u00f3n lum\u00ednica.","og_url":"https:\/\/ledsolintel.com\/fr\/produit-2\/obo-aluminium-19w-e27-100-240v-170-led-de-beneito-faure\/","og_site_name":"Ledsolintel","article_publisher":"http:\/\/www.facebook.com\/webmenaje","og_image":[{"url":"https:\/\/ledsolintel.com\/wp-content\/uploads\/2018\/05\/8918-OBO-ALUMINIUM-19W-E27-100-240V-170o-LED-de-Beneito-Faure.jpg","width":1,"height":1,"type":"image\/jpeg"}],"twitter_card":"summary_large_image","twitter_site":"@webmenaje","schema":{"@context":"https:\/\/schema.org","@graph":[{"@type":"WebPage","@id":"https:\/\/ledsolintel.com\/product\/obo-aluminium-19w-e27-100-240v-170-led-de-beneito-faure\/","url":"https:\/\/ledsolintel.com\/product\/obo-aluminium-19w-e27-100-240v-170-led-de-beneito-faure\/","name":"OBO ALUMINIUM 19W E27 100-240V 170\u00ba LED par Beneito Faure","isPartOf":{"@id":"https:\/\/ledsolintel.com\/#website"},"primaryImageOfPage":{"@id":"https:\/\/ledsolintel.com\/product\/obo-aluminium-19w-e27-100-240v-170-led-de-beneito-faure\/#primaryimage"},"image":{"@id":"https:\/\/ledsolintel.com\/product\/obo-aluminium-19w-e27-100-240v-170-led-de-beneito-faure\/#primaryimage"},"thumbnailUrl":"https:\/\/ledsolintel.com\/wp-content\/uploads\/2018\/05\/8918-OBO-ALUMINIUM-19W-E27-100-240V-170o-LED-de-Beneito-Faure.jpg","datePublished":"2018-05-18T10:43:29+00:00","description":"Ampoule haute puissance Obo de Beneito Faure. Multi-tension et haute protection contre les surtensions. Conforme aux normes contre la pollution lumineuse.","breadcrumb":{"@id":"https:\/\/ledsolintel.com\/product\/obo-aluminium-19w-e27-100-240v-170-led-de-beneito-faure\/#breadcrumb"},"inLanguage":"fr-FR","potentialAction":[{"@type":"ReadAction","target":["https:\/\/ledsolintel.com\/product\/obo-aluminium-19w-e27-100-240v-170-led-de-beneito-faure\/"]}]},{"@type":"ImageObject","inLanguage":"fr-FR","@id":"https:\/\/ledsolintel.com\/product\/obo-aluminium-19w-e27-100-240v-170-led-de-beneito-faure\/#primaryimage","url":"https:\/\/ledsolintel.com\/wp-content\/uploads\/2018\/05\/8918-OBO-ALUMINIUM-19W-E27-100-240V-170o-LED-de-Beneito-Faure.jpg","contentUrl":"https:\/\/ledsolintel.com\/wp-content\/uploads\/2018\/05\/8918-OBO-ALUMINIUM-19W-E27-100-240V-170o-LED-de-Beneito-Faure.jpg","caption":"OBO ALUMINIUM 19W E27 100-240V 170\u00ba LED de Beneito Faure"},{"@type":"BreadcrumbList","@id":"https:\/\/ledsolintel.com\/product\/obo-aluminium-19w-e27-100-240v-170-led-de-beneito-faure\/#breadcrumb","itemListElement":[{"@type":"ListItem","position":1,"name":"Portada","item":"https:\/\/ledsolintel.com\/fr\/"},{"@type":"ListItem","position":2,"name":"Tienda","item":"https:\/\/ledsolintel.com\/tienda\/"},{"@type":"ListItem","position":3,"name":"OBO ALUMINIUM 19W E27 100-240V 170\u00ba LED de Beneito Faure"}]},{"@type":"WebSite","@id":"https:\/\/ledsolintel.com\/#website","url":"https:\/\/ledsolintel.com\/","name":"Webmenaje","description":"Magasin d'ampoules et de lampes LED pour les professionnels","publisher":{"@id":"https:\/\/ledsolintel.com\/#organization"},"potentialAction":[{"@type":"SearchAction","target":{"@type":"EntryPoint","urlTemplate":"https:\/\/ledsolintel.com\/?s={search_term_string}"},"query-input":{"@type":"PropertyValueSpecification","valueRequired":true,"valueName":"search_term_string"}}],"inLanguage":"fr-FR"},{"@type":"Organization","@id":"https:\/\/ledsolintel.com\/#organization","name":"Solintel Noroeste, S.L.","url":"https:\/\/ledsolintel.com\/","logo":{"@type":"ImageObject","inLanguage":"fr-FR","@id":"https:\/\/ledsolintel.com\/#\/schema\/logo\/image\/","url":"https:\/\/ledsolintel.com\/wp-content\/uploads\/2024\/11\/webmenaje-logo-1508269066.jpg","contentUrl":"https:\/\/ledsolintel.com\/wp-content\/uploads\/2024\/11\/webmenaje-logo-1508269066.jpg","width":370,"height":90,"caption":"Solintel Noroeste, S.L."},"image":{"@id":"https:\/\/ledsolintel.com\/#\/schema\/logo\/image\/"},"sameAs":["http:\/\/www.facebook.com\/webmenaje","https:\/\/x.com\/webmenaje","https:\/\/www.youtube.com\/channel\/UCX2KoVoeCG4LocZjUc6LmSQ","http:\/\/www.pinterest.com\/webmenaje"]}]}},"_links":{"self":[{"href":"https:\/\/ledsolintel.com\/fr\/wp-json\/wp\/v2\/product\/242033","targetHints":{"allow":["GET"]}}],"collection":[{"href":"https:\/\/ledsolintel.com\/fr\/wp-json\/wp\/v2\/product"}],"about":[{"href":"https:\/\/ledsolintel.com\/fr\/wp-json\/wp\/v2\/types\/product"}],"version-history":[{"count":0,"href":"https:\/\/ledsolintel.com\/fr\/wp-json\/wp\/v2\/product\/242033\/revisions"}],"wp:featuredmedia":[{"embeddable":true,"href":"https:\/\/ledsolintel.com\/fr\/wp-json\/wp\/v2\/media\/242031"}],"wp:attachment":[{"href":"https:\/\/ledsolintel.com\/fr\/wp-json\/wp\/v2\/media?parent=242033"}],"wp:term":[{"taxonomy":"product_brand","embeddable":true,"href":"https:\/\/ledsolintel.com\/fr\/wp-json\/wp\/v2\/product_brand?post=242033"},{"taxonomy":"product_cat","embeddable":true,"href":"https:\/\/ledsolintel.com\/fr\/wp-json\/wp\/v2\/product_cat?post=242033"},{"taxonomy":"product_tag","embeddable":true,"href":"https:\/\/ledsolintel.com\/fr\/wp-json\/wp\/v2\/product_tag?post=242033"}],"curies":[{"name":"wp","href":"https:\/\/api.w.org\/{rel}","templated":true}]}}