{"id":241979,"date":"2018-05-15T12:40:45","date_gmt":"2018-05-15T10:40:45","guid":{"rendered":"https:\/\/nueva.ledsolintel.com\/product\/baliza-popa-aluminium-panel-solar-16w-60cm-120-led-de-beneito-faure\/"},"modified":"2018-05-15T12:40:45","modified_gmt":"2018-05-15T10:40:45","slug":"baliza-popa-aluminium-panel-solar-16w-60cm-120-led-de-beneito-faure","status":"publish","type":"product","link":"https:\/\/ledsolintel.com\/fr\/produit-2\/baliza-popa-aluminium-panel-solar-16w-60cm-120-led-de-beneito-faure\/","title":{"rendered":"POPA Balise LED avec panneau solaire 1,6W 60 cm par Beneito Faure"},"content":{"rendered":"<h3>Caract\u00e9ristiques :<\/h3>\n<ul>\n<li>Puissance : 1,6 W<\/li>\n<li>Tension : 3,7 V<\/li>\n<li>Hauteur : 60 cm<\/li>\n<li>Temp\u00e9rature de couleur : blanc naturel 4000K<\/li>\n<li>Luminosit\u00e9 :\u00a0\n<ul>\n<li>Lumens : 150<\/li>\n<li>Candelas : 52<\/li>\n<\/ul>\n<\/li>\n<li>Optique : 120\u00ba.<\/li>\n<li>Protection IP54<\/li>\n<li>Protection IK08<\/li>\n<li>IRC &gt; 80<\/li>\n<li>Dur\u00e9e de vie moyenne : 20 000 heures<\/li>\n<li>Temps de charge : 5-6 heures<\/li>\n<li>L'autonomie :\u00a0\n<ul>\n<li>2-3 heures \u00e0 une puissance de 100%<\/li>\n<li>10 heures \u00e0 une puissance de 15%<\/li>\n<\/ul>\n<\/li>\n<\/ul>","protected":false},"excerpt":{"rendered":"<p>La balise Popa de Beneito Faure offre un \u00e9clairage ext\u00e9rieur doux et se recharge gr\u00e2ce \u00e0 un panneau solaire, ce qui la rend id\u00e9ale pour les terrasses et les jardins, o\u00f9 elle peut \u00e9clairer sans consommation et sans n\u00e9cessiter d'installation \u00e9lectrique.<\/p>\n<p>Disponible en finition blanche ou noire et en deux hauteurs : 60 et 100 cm.<\/p>","protected":false},"featured_media":241976,"template":"","meta":[],"product_brand":[99357],"product_cat":[99575,99589],"product_tag":[],"class_list":{"0":"post-241979","1":"product","2":"type-product","3":"status-publish","4":"has-post-thumbnail","6":"product_brand-beneito-faure","7":"product_cat-iluminacion-para-jardines-y-exteriores","8":"product_cat-lamparas-solares","9":"pa_acabado-blanco","10":"pa_acabado-negro","13":"instock","14":"taxable","15":"shipping-taxable","16":"purchasable","17":"product-type-variable","18":"has-default-attributes"},"yoast_head":"<!-- This site is optimized with the Yoast SEO plugin v26.6 - https:\/\/yoast.com\/wordpress\/plugins\/seo\/ -->\n<title>Baliza POPA ALUMINIUM PANEL SOLAR 1.6W 60CM 120\u00ba LED de Beneito Faure<\/title>\n<meta name=\"description\" content=\"La baliza Popa de Beneito Faure ofrece una iluminaci\u00f3n suave para exteriores y se carga mediante un panel solar. Perfecta para terrazas y jardines\" \/>\n<meta name=\"robots\" content=\"index, follow, max-snippet:-1, max-image-preview:large, max-video-preview:-1\" \/>\n<link rel=\"canonical\" href=\"https:\/\/ledsolintel.com\/fr\/produit\/baliza-popa-aluminium-panel-solar-16w-60cm-120-led-de-beneito-faure\/\" \/>\n<meta property=\"og:locale\" content=\"fr_FR\" \/>\n<meta property=\"og:type\" content=\"article\" \/>\n<meta property=\"og:title\" content=\"Baliza POPA ALUMINIUM PANEL SOLAR 1.6W 60CM 120\u00ba LED de Beneito Faure\" \/>\n<meta property=\"og:description\" content=\"La baliza Popa de Beneito Faure ofrece una iluminaci\u00f3n suave para exteriores y se carga mediante un panel solar. Perfecta para terrazas y jardines\" \/>\n<meta property=\"og:url\" content=\"https:\/\/ledsolintel.com\/fr\/produit\/baliza-popa-aluminium-panel-solar-16w-60cm-120-led-de-beneito-faure\/\" \/>\n<meta property=\"og:site_name\" content=\"Ledsolintel\" \/>\n<meta property=\"article:publisher\" content=\"http:\/\/www.facebook.com\/webmenaje\" \/>\n<meta property=\"og:image\" content=\"https:\/\/ledsolintel.com\/wp-content\/uploads\/2018\/05\/8926-Baliza-POPA-ALUMINIUM-PANEL-SOLAR-1.6W-60CM-120o-LED-de-Beneito-Faure.jpg\" \/>\n\t<meta property=\"og:image:width\" content=\"1\" \/>\n\t<meta property=\"og:image:height\" content=\"1\" \/>\n\t<meta property=\"og:image:type\" content=\"image\/jpeg\" \/>\n<meta name=\"twitter:card\" content=\"summary_large_image\" \/>\n<meta name=\"twitter:site\" content=\"@webmenaje\" \/>\n<script type=\"application\/ld+json\" class=\"yoast-schema-graph\">{\"@context\":\"https:\/\/schema.org\",\"@graph\":[{\"@type\":\"WebPage\",\"@id\":\"https:\/\/ledsolintel.com\/en\/product\/baliza-popa-aluminium-panel-solar-16w-60cm-120-led-de-beneito-faure\/\",\"url\":\"https:\/\/ledsolintel.com\/en\/product\/baliza-popa-aluminium-panel-solar-16w-60cm-120-led-de-beneito-faure\/\",\"name\":\"Baliza POPA ALUMINIUM PANEL SOLAR 1.6W 60CM 120\u00ba LED de Beneito Faure\",\"isPartOf\":{\"@id\":\"https:\/\/ledsolintel.com\/#website\"},\"primaryImageOfPage\":{\"@id\":\"https:\/\/ledsolintel.com\/en\/product\/baliza-popa-aluminium-panel-solar-16w-60cm-120-led-de-beneito-faure\/#primaryimage\"},\"image\":{\"@id\":\"https:\/\/ledsolintel.com\/en\/product\/baliza-popa-aluminium-panel-solar-16w-60cm-120-led-de-beneito-faure\/#primaryimage\"},\"thumbnailUrl\":\"https:\/\/ledsolintel.com\/wp-content\/uploads\/2018\/05\/8926-Baliza-POPA-ALUMINIUM-PANEL-SOLAR-1.6W-60CM-120o-LED-de-Beneito-Faure.jpg\",\"datePublished\":\"2018-05-15T10:40:45+00:00\",\"description\":\"La baliza Popa de Beneito Faure ofrece una iluminaci\u00f3n suave para exteriores y se carga mediante un panel solar. Perfecta para terrazas y jardines\",\"breadcrumb\":{\"@id\":\"https:\/\/ledsolintel.com\/en\/product\/baliza-popa-aluminium-panel-solar-16w-60cm-120-led-de-beneito-faure\/#breadcrumb\"},\"inLanguage\":\"fr-FR\",\"potentialAction\":[{\"@type\":\"ReadAction\",\"target\":[\"https:\/\/ledsolintel.com\/en\/product\/baliza-popa-aluminium-panel-solar-16w-60cm-120-led-de-beneito-faure\/\"]}]},{\"@type\":\"ImageObject\",\"inLanguage\":\"fr-FR\",\"@id\":\"https:\/\/ledsolintel.com\/en\/product\/baliza-popa-aluminium-panel-solar-16w-60cm-120-led-de-beneito-faure\/#primaryimage\",\"url\":\"https:\/\/ledsolintel.com\/wp-content\/uploads\/2018\/05\/8926-Baliza-POPA-ALUMINIUM-PANEL-SOLAR-1.6W-60CM-120o-LED-de-Beneito-Faure.jpg\",\"contentUrl\":\"https:\/\/ledsolintel.com\/wp-content\/uploads\/2018\/05\/8926-Baliza-POPA-ALUMINIUM-PANEL-SOLAR-1.6W-60CM-120o-LED-de-Beneito-Faure.jpg\",\"caption\":\"Baliza POPA ALUMINIUM PANEL SOLAR 1.6W 60CM 120\u00ba LED de Beneito Faure\"},{\"@type\":\"BreadcrumbList\",\"@id\":\"https:\/\/ledsolintel.com\/en\/product\/baliza-popa-aluminium-panel-solar-16w-60cm-120-led-de-beneito-faure\/#breadcrumb\",\"itemListElement\":[{\"@type\":\"ListItem\",\"position\":1,\"name\":\"Portada\",\"item\":\"https:\/\/ledsolintel.com\/fr\/\"},{\"@type\":\"ListItem\",\"position\":2,\"name\":\"Tienda\",\"item\":\"https:\/\/ledsolintel.com\/tienda\/\"},{\"@type\":\"ListItem\",\"position\":3,\"name\":\"Baliza LED POPA con panel solar 1.6W 60 cm de Beneito Faure\"}]},{\"@type\":\"WebSite\",\"@id\":\"https:\/\/ledsolintel.com\/#website\",\"url\":\"https:\/\/ledsolintel.com\/\",\"name\":\"Webmenaje\",\"description\":\"Tienda de bombillas y l\u00e1mparas LED para profesionales\",\"publisher\":{\"@id\":\"https:\/\/ledsolintel.com\/#organization\"},\"potentialAction\":[{\"@type\":\"SearchAction\",\"target\":{\"@type\":\"EntryPoint\",\"urlTemplate\":\"https:\/\/ledsolintel.com\/?s={search_term_string}\"},\"query-input\":{\"@type\":\"PropertyValueSpecification\",\"valueRequired\":true,\"valueName\":\"search_term_string\"}}],\"inLanguage\":\"fr-FR\"},{\"@type\":\"Organization\",\"@id\":\"https:\/\/ledsolintel.com\/#organization\",\"name\":\"Solintel Noroeste, S.L.\",\"url\":\"https:\/\/ledsolintel.com\/\",\"logo\":{\"@type\":\"ImageObject\",\"inLanguage\":\"fr-FR\",\"@id\":\"https:\/\/ledsolintel.com\/#\/schema\/logo\/image\/\",\"url\":\"https:\/\/ledsolintel.com\/wp-content\/uploads\/2024\/11\/webmenaje-logo-1508269066.jpg\",\"contentUrl\":\"https:\/\/ledsolintel.com\/wp-content\/uploads\/2024\/11\/webmenaje-logo-1508269066.jpg\",\"width\":370,\"height\":90,\"caption\":\"Solintel Noroeste, S.L.\"},\"image\":{\"@id\":\"https:\/\/ledsolintel.com\/#\/schema\/logo\/image\/\"},\"sameAs\":[\"http:\/\/www.facebook.com\/webmenaje\",\"https:\/\/x.com\/webmenaje\",\"https:\/\/www.youtube.com\/channel\/UCX2KoVoeCG4LocZjUc6LmSQ\",\"http:\/\/www.pinterest.com\/webmenaje\"]}]}<\/script>\n<!-- \/ Yoast SEO plugin. -->","yoast_head_json":{"title":"Baliza POPA ALUMINIUM PANEL SOLAR 1.6W 60CM 120\u00ba LED de Beneito Faure","description":"La baliza Popa de Beneito Faure ofrece una iluminaci\u00f3n suave para exteriores y se carga mediante un panel solar. Perfecta para terrazas y jardines","robots":{"index":"index","follow":"follow","max-snippet":"max-snippet:-1","max-image-preview":"max-image-preview:large","max-video-preview":"max-video-preview:-1"},"canonical":"https:\/\/ledsolintel.com\/fr\/produit\/baliza-popa-aluminium-panel-solar-16w-60cm-120-led-de-beneito-faure\/","og_locale":"fr_FR","og_type":"article","og_title":"Baliza POPA ALUMINIUM PANEL SOLAR 1.6W 60CM 120\u00ba LED de Beneito Faure","og_description":"La baliza Popa de Beneito Faure ofrece una iluminaci\u00f3n suave para exteriores y se carga mediante un panel solar. Perfecta para terrazas y jardines","og_url":"https:\/\/ledsolintel.com\/fr\/produit\/baliza-popa-aluminium-panel-solar-16w-60cm-120-led-de-beneito-faure\/","og_site_name":"Ledsolintel","article_publisher":"http:\/\/www.facebook.com\/webmenaje","og_image":[{"url":"https:\/\/ledsolintel.com\/wp-content\/uploads\/2018\/05\/8926-Baliza-POPA-ALUMINIUM-PANEL-SOLAR-1.6W-60CM-120o-LED-de-Beneito-Faure.jpg","width":1,"height":1,"type":"image\/jpeg"}],"twitter_card":"summary_large_image","twitter_site":"@webmenaje","schema":{"@context":"https:\/\/schema.org","@graph":[{"@type":"WebPage","@id":"https:\/\/ledsolintel.com\/en\/product\/baliza-popa-aluminium-panel-solar-16w-60cm-120-led-de-beneito-faure\/","url":"https:\/\/ledsolintel.com\/en\/product\/baliza-popa-aluminium-panel-solar-16w-60cm-120-led-de-beneito-faure\/","name":"Baliza POPA ALUMINIUM PANEL SOLAR 1.6W 60CM 120\u00ba LED de Beneito Faure","isPartOf":{"@id":"https:\/\/ledsolintel.com\/#website"},"primaryImageOfPage":{"@id":"https:\/\/ledsolintel.com\/en\/product\/baliza-popa-aluminium-panel-solar-16w-60cm-120-led-de-beneito-faure\/#primaryimage"},"image":{"@id":"https:\/\/ledsolintel.com\/en\/product\/baliza-popa-aluminium-panel-solar-16w-60cm-120-led-de-beneito-faure\/#primaryimage"},"thumbnailUrl":"https:\/\/ledsolintel.com\/wp-content\/uploads\/2018\/05\/8926-Baliza-POPA-ALUMINIUM-PANEL-SOLAR-1.6W-60CM-120o-LED-de-Beneito-Faure.jpg","datePublished":"2018-05-15T10:40:45+00:00","description":"La baliza Popa de Beneito Faure ofrece una iluminaci\u00f3n suave para exteriores y se carga mediante un panel solar. Perfecta para terrazas y jardines","breadcrumb":{"@id":"https:\/\/ledsolintel.com\/en\/product\/baliza-popa-aluminium-panel-solar-16w-60cm-120-led-de-beneito-faure\/#breadcrumb"},"inLanguage":"fr-FR","potentialAction":[{"@type":"ReadAction","target":["https:\/\/ledsolintel.com\/en\/product\/baliza-popa-aluminium-panel-solar-16w-60cm-120-led-de-beneito-faure\/"]}]},{"@type":"ImageObject","inLanguage":"fr-FR","@id":"https:\/\/ledsolintel.com\/en\/product\/baliza-popa-aluminium-panel-solar-16w-60cm-120-led-de-beneito-faure\/#primaryimage","url":"https:\/\/ledsolintel.com\/wp-content\/uploads\/2018\/05\/8926-Baliza-POPA-ALUMINIUM-PANEL-SOLAR-1.6W-60CM-120o-LED-de-Beneito-Faure.jpg","contentUrl":"https:\/\/ledsolintel.com\/wp-content\/uploads\/2018\/05\/8926-Baliza-POPA-ALUMINIUM-PANEL-SOLAR-1.6W-60CM-120o-LED-de-Beneito-Faure.jpg","caption":"Baliza POPA ALUMINIUM PANEL SOLAR 1.6W 60CM 120\u00ba LED de Beneito Faure"},{"@type":"BreadcrumbList","@id":"https:\/\/ledsolintel.com\/en\/product\/baliza-popa-aluminium-panel-solar-16w-60cm-120-led-de-beneito-faure\/#breadcrumb","itemListElement":[{"@type":"ListItem","position":1,"name":"Portada","item":"https:\/\/ledsolintel.com\/fr\/"},{"@type":"ListItem","position":2,"name":"Tienda","item":"https:\/\/ledsolintel.com\/tienda\/"},{"@type":"ListItem","position":3,"name":"Baliza LED POPA con panel solar 1.6W 60 cm de Beneito Faure"}]},{"@type":"WebSite","@id":"https:\/\/ledsolintel.com\/#website","url":"https:\/\/ledsolintel.com\/","name":"Webmenaje","description":"Magasin d'ampoules et de lampes LED pour les professionnels","publisher":{"@id":"https:\/\/ledsolintel.com\/#organization"},"potentialAction":[{"@type":"SearchAction","target":{"@type":"EntryPoint","urlTemplate":"https:\/\/ledsolintel.com\/?s={search_term_string}"},"query-input":{"@type":"PropertyValueSpecification","valueRequired":true,"valueName":"search_term_string"}}],"inLanguage":"fr-FR"},{"@type":"Organization","@id":"https:\/\/ledsolintel.com\/#organization","name":"Solintel Noroeste, S.L.","url":"https:\/\/ledsolintel.com\/","logo":{"@type":"ImageObject","inLanguage":"fr-FR","@id":"https:\/\/ledsolintel.com\/#\/schema\/logo\/image\/","url":"https:\/\/ledsolintel.com\/wp-content\/uploads\/2024\/11\/webmenaje-logo-1508269066.jpg","contentUrl":"https:\/\/ledsolintel.com\/wp-content\/uploads\/2024\/11\/webmenaje-logo-1508269066.jpg","width":370,"height":90,"caption":"Solintel Noroeste, S.L."},"image":{"@id":"https:\/\/ledsolintel.com\/#\/schema\/logo\/image\/"},"sameAs":["http:\/\/www.facebook.com\/webmenaje","https:\/\/x.com\/webmenaje","https:\/\/www.youtube.com\/channel\/UCX2KoVoeCG4LocZjUc6LmSQ","http:\/\/www.pinterest.com\/webmenaje"]}]}},"_links":{"self":[{"href":"https:\/\/ledsolintel.com\/fr\/wp-json\/wp\/v2\/product\/241979","targetHints":{"allow":["GET"]}}],"collection":[{"href":"https:\/\/ledsolintel.com\/fr\/wp-json\/wp\/v2\/product"}],"about":[{"href":"https:\/\/ledsolintel.com\/fr\/wp-json\/wp\/v2\/types\/product"}],"version-history":[{"count":0,"href":"https:\/\/ledsolintel.com\/fr\/wp-json\/wp\/v2\/product\/241979\/revisions"}],"wp:featuredmedia":[{"embeddable":true,"href":"https:\/\/ledsolintel.com\/fr\/wp-json\/wp\/v2\/media\/241976"}],"wp:attachment":[{"href":"https:\/\/ledsolintel.com\/fr\/wp-json\/wp\/v2\/media?parent=241979"}],"wp:term":[{"taxonomy":"product_brand","embeddable":true,"href":"https:\/\/ledsolintel.com\/fr\/wp-json\/wp\/v2\/product_brand?post=241979"},{"taxonomy":"product_cat","embeddable":true,"href":"https:\/\/ledsolintel.com\/fr\/wp-json\/wp\/v2\/product_cat?post=241979"},{"taxonomy":"product_tag","embeddable":true,"href":"https:\/\/ledsolintel.com\/fr\/wp-json\/wp\/v2\/product_tag?post=241979"}],"curies":[{"name":"wp","href":"https:\/\/api.w.org\/{rel}","templated":true}]}}