{"id":241972,"date":"2018-05-15T12:23:23","date_gmt":"2018-05-15T10:23:23","guid":{"rendered":"https:\/\/nueva.ledsolintel.com\/product\/lineal-13w-r7s-118mm-220v-160-led-de-beneito-faure\/"},"modified":"2018-05-15T12:23:23","modified_gmt":"2018-05-15T10:23:23","slug":"lineal-13w-r7s-118mm-220v-160-led-de-beneito-faure","status":"publish","type":"product","link":"https:\/\/ledsolintel.com\/fr\/produit-2\/lineal-13w-r7s-118mm-220v-160-led-de-beneito-faure\/","title":{"rendered":"LINEAR 13W R7S 118MM 220V 160\u00ba LED by Beneito Faure"},"content":{"rendered":"<h3>Caract\u00e9ristiques :<\/h3>\n<ul>\n<li>Puissance : 13 W<\/li>\n<li>Tension : 220 \u00e0 240V AC<\/li>\n<li>Medidas: 118&#215;28 mm<\/li>\n<li>Temp\u00e9rature de couleur :\n<ul>\n<li>Blanc chaud 3000K \u00a0<\/li>\n<li>Blanc naturel 4000K<\/li>\n<li>Blanc froid 5000K<\/li>\n<\/ul>\n<\/li>\n<li>Luminosit\u00e9 :\u00a0\n<ul>\n<li>L\u00famenes: 1700-1800\u00a0<\/li>\n<li>Candelas: 310-330<\/li>\n<\/ul>\n<\/li>\n<li>\u00c1ngulo de apertura: 160\u00ba<\/li>\n<li>Protection IP40<\/li>\n<li>IRC &gt; 80<\/li>\n<li>Facteur de puissance &gt; 0,9<\/li>\n<\/ul>","protected":false},"excerpt":{"rendered":"<p>La l\u00e1mpara LED lineal tubular 13W Beneito Faure ofrece luz potente y de calidad para conexiones R7S. Construcci\u00f3n optimizada para una larga vida \u00fatil y una m\u00e1xima eficiencia.<\/p>\n<p>Disponible en tres tonos de\u00a0luz.<\/p>","protected":false},"featured_media":241970,"template":"","meta":[],"product_brand":[99357],"product_cat":[99571,99675],"product_tag":[],"class_list":{"0":"post-241972","1":"product","2":"type-product","3":"status-publish","4":"has-post-thumbnail","6":"product_brand-beneito-faure","7":"product_cat-bombillas-led","8":"product_cat-bombillas-r7s","9":"pa_cct-frio6000k","10":"pa_cct-natural4000k","11":"pa_cct-calido3000k","14":"instock","15":"taxable","16":"shipping-taxable","17":"purchasable","18":"product-type-variable","19":"has-default-attributes"},"yoast_head":"<!-- This site is optimized with the Yoast SEO plugin v26.6 - https:\/\/yoast.com\/wordpress\/plugins\/seo\/ -->\n<title>LINEAL 13W R7S 118MM 220V 160\u00ba LED de Beneito Faure<\/title>\n<meta name=\"description\" content=\"La l\u00e1mpara LED lineal tubular 13W Beneito Faure ofrece luz potente y de calidad para conexiones R7S. Construcci\u00f3n optimizada para m\u00e1xima eficiencia.\" \/>\n<meta name=\"robots\" content=\"index, follow, max-snippet:-1, max-image-preview:large, max-video-preview:-1\" \/>\n<link rel=\"canonical\" href=\"https:\/\/ledsolintel.com\/fr\/produit-2\/lineal-13w-r7s-118mm-220v-160-led-de-beneito-faure\/\" \/>\n<meta property=\"og:locale\" content=\"fr_FR\" \/>\n<meta property=\"og:type\" content=\"article\" \/>\n<meta property=\"og:title\" content=\"LINEAL 13W R7S 118MM 220V 160\u00ba LED de Beneito Faure\" \/>\n<meta property=\"og:description\" content=\"La l\u00e1mpara LED lineal tubular 13W Beneito Faure ofrece luz potente y de calidad para conexiones R7S. Construcci\u00f3n optimizada para m\u00e1xima eficiencia.\" \/>\n<meta property=\"og:url\" content=\"https:\/\/ledsolintel.com\/fr\/produit-2\/lineal-13w-r7s-118mm-220v-160-led-de-beneito-faure\/\" \/>\n<meta property=\"og:site_name\" content=\"Ledsolintel\" \/>\n<meta property=\"article:publisher\" content=\"http:\/\/www.facebook.com\/webmenaje\" \/>\n<meta property=\"og:image\" content=\"https:\/\/ledsolintel.com\/wp-content\/uploads\/2018\/05\/8927-LINEAL-13W-R7S-118MM-220V-160o-LED-de-Beneito-Faure.jpg\" \/>\n\t<meta property=\"og:image:width\" content=\"1\" \/>\n\t<meta property=\"og:image:height\" content=\"1\" \/>\n\t<meta property=\"og:image:type\" content=\"image\/jpeg\" \/>\n<meta name=\"twitter:card\" content=\"summary_large_image\" \/>\n<meta name=\"twitter:site\" content=\"@webmenaje\" \/>\n<script type=\"application\/ld+json\" class=\"yoast-schema-graph\">{\"@context\":\"https:\/\/schema.org\",\"@graph\":[{\"@type\":\"WebPage\",\"@id\":\"https:\/\/ledsolintel.com\/product\/lineal-13w-r7s-118mm-220v-160-led-de-beneito-faure\/\",\"url\":\"https:\/\/ledsolintel.com\/product\/lineal-13w-r7s-118mm-220v-160-led-de-beneito-faure\/\",\"name\":\"LINEAL 13W R7S 118MM 220V 160\u00ba LED de Beneito Faure\",\"isPartOf\":{\"@id\":\"https:\/\/ledsolintel.com\/#website\"},\"primaryImageOfPage\":{\"@id\":\"https:\/\/ledsolintel.com\/product\/lineal-13w-r7s-118mm-220v-160-led-de-beneito-faure\/#primaryimage\"},\"image\":{\"@id\":\"https:\/\/ledsolintel.com\/product\/lineal-13w-r7s-118mm-220v-160-led-de-beneito-faure\/#primaryimage\"},\"thumbnailUrl\":\"https:\/\/ledsolintel.com\/wp-content\/uploads\/2018\/05\/8927-LINEAL-13W-R7S-118MM-220V-160o-LED-de-Beneito-Faure.jpg\",\"datePublished\":\"2018-05-15T10:23:23+00:00\",\"description\":\"La l\u00e1mpara LED lineal tubular 13W Beneito Faure ofrece luz potente y de calidad para conexiones R7S. Construcci\u00f3n optimizada para m\u00e1xima eficiencia.\",\"breadcrumb\":{\"@id\":\"https:\/\/ledsolintel.com\/product\/lineal-13w-r7s-118mm-220v-160-led-de-beneito-faure\/#breadcrumb\"},\"inLanguage\":\"fr-FR\",\"potentialAction\":[{\"@type\":\"ReadAction\",\"target\":[\"https:\/\/ledsolintel.com\/product\/lineal-13w-r7s-118mm-220v-160-led-de-beneito-faure\/\"]}]},{\"@type\":\"ImageObject\",\"inLanguage\":\"fr-FR\",\"@id\":\"https:\/\/ledsolintel.com\/product\/lineal-13w-r7s-118mm-220v-160-led-de-beneito-faure\/#primaryimage\",\"url\":\"https:\/\/ledsolintel.com\/wp-content\/uploads\/2018\/05\/8927-LINEAL-13W-R7S-118MM-220V-160o-LED-de-Beneito-Faure.jpg\",\"contentUrl\":\"https:\/\/ledsolintel.com\/wp-content\/uploads\/2018\/05\/8927-LINEAL-13W-R7S-118MM-220V-160o-LED-de-Beneito-Faure.jpg\",\"caption\":\"LINEAL 13W R7S 118MM 220V 160\u00ba LED de Beneito Faure\"},{\"@type\":\"BreadcrumbList\",\"@id\":\"https:\/\/ledsolintel.com\/product\/lineal-13w-r7s-118mm-220v-160-led-de-beneito-faure\/#breadcrumb\",\"itemListElement\":[{\"@type\":\"ListItem\",\"position\":1,\"name\":\"Portada\",\"item\":\"https:\/\/ledsolintel.com\/fr\/\"},{\"@type\":\"ListItem\",\"position\":2,\"name\":\"Tienda\",\"item\":\"https:\/\/ledsolintel.com\/tienda\/\"},{\"@type\":\"ListItem\",\"position\":3,\"name\":\"LINEAL 13W R7S 118MM 220V 160\u00ba LED de Beneito Faure\"}]},{\"@type\":\"WebSite\",\"@id\":\"https:\/\/ledsolintel.com\/#website\",\"url\":\"https:\/\/ledsolintel.com\/\",\"name\":\"Webmenaje\",\"description\":\"Tienda de bombillas y l\u00e1mparas LED para profesionales\",\"publisher\":{\"@id\":\"https:\/\/ledsolintel.com\/#organization\"},\"potentialAction\":[{\"@type\":\"SearchAction\",\"target\":{\"@type\":\"EntryPoint\",\"urlTemplate\":\"https:\/\/ledsolintel.com\/?s={search_term_string}\"},\"query-input\":{\"@type\":\"PropertyValueSpecification\",\"valueRequired\":true,\"valueName\":\"search_term_string\"}}],\"inLanguage\":\"fr-FR\"},{\"@type\":\"Organization\",\"@id\":\"https:\/\/ledsolintel.com\/#organization\",\"name\":\"Solintel Noroeste, S.L.\",\"url\":\"https:\/\/ledsolintel.com\/\",\"logo\":{\"@type\":\"ImageObject\",\"inLanguage\":\"fr-FR\",\"@id\":\"https:\/\/ledsolintel.com\/#\/schema\/logo\/image\/\",\"url\":\"https:\/\/ledsolintel.com\/wp-content\/uploads\/2024\/11\/webmenaje-logo-1508269066.jpg\",\"contentUrl\":\"https:\/\/ledsolintel.com\/wp-content\/uploads\/2024\/11\/webmenaje-logo-1508269066.jpg\",\"width\":370,\"height\":90,\"caption\":\"Solintel Noroeste, S.L.\"},\"image\":{\"@id\":\"https:\/\/ledsolintel.com\/#\/schema\/logo\/image\/\"},\"sameAs\":[\"http:\/\/www.facebook.com\/webmenaje\",\"https:\/\/x.com\/webmenaje\",\"https:\/\/www.youtube.com\/channel\/UCX2KoVoeCG4LocZjUc6LmSQ\",\"http:\/\/www.pinterest.com\/webmenaje\"]}]}<\/script>\n<!-- \/ Yoast SEO plugin. -->","yoast_head_json":{"title":"LINEAR 13W R7S 118MM 220V 160\u00ba LED by Beneito Faure","description":"La l\u00e1mpara LED lineal tubular 13W Beneito Faure ofrece luz potente y de calidad para conexiones R7S. Construcci\u00f3n optimizada para m\u00e1xima eficiencia.","robots":{"index":"index","follow":"follow","max-snippet":"max-snippet:-1","max-image-preview":"max-image-preview:large","max-video-preview":"max-video-preview:-1"},"canonical":"https:\/\/ledsolintel.com\/fr\/produit-2\/lineal-13w-r7s-118mm-220v-160-led-de-beneito-faure\/","og_locale":"fr_FR","og_type":"article","og_title":"LINEAL 13W R7S 118MM 220V 160\u00ba LED de Beneito Faure","og_description":"La l\u00e1mpara LED lineal tubular 13W Beneito Faure ofrece luz potente y de calidad para conexiones R7S. Construcci\u00f3n optimizada para m\u00e1xima eficiencia.","og_url":"https:\/\/ledsolintel.com\/fr\/produit-2\/lineal-13w-r7s-118mm-220v-160-led-de-beneito-faure\/","og_site_name":"Ledsolintel","article_publisher":"http:\/\/www.facebook.com\/webmenaje","og_image":[{"url":"https:\/\/ledsolintel.com\/wp-content\/uploads\/2018\/05\/8927-LINEAL-13W-R7S-118MM-220V-160o-LED-de-Beneito-Faure.jpg","width":1,"height":1,"type":"image\/jpeg"}],"twitter_card":"summary_large_image","twitter_site":"@webmenaje","schema":{"@context":"https:\/\/schema.org","@graph":[{"@type":"WebPage","@id":"https:\/\/ledsolintel.com\/product\/lineal-13w-r7s-118mm-220v-160-led-de-beneito-faure\/","url":"https:\/\/ledsolintel.com\/product\/lineal-13w-r7s-118mm-220v-160-led-de-beneito-faure\/","name":"LINEAR 13W R7S 118MM 220V 160\u00ba LED by Beneito Faure","isPartOf":{"@id":"https:\/\/ledsolintel.com\/#website"},"primaryImageOfPage":{"@id":"https:\/\/ledsolintel.com\/product\/lineal-13w-r7s-118mm-220v-160-led-de-beneito-faure\/#primaryimage"},"image":{"@id":"https:\/\/ledsolintel.com\/product\/lineal-13w-r7s-118mm-220v-160-led-de-beneito-faure\/#primaryimage"},"thumbnailUrl":"https:\/\/ledsolintel.com\/wp-content\/uploads\/2018\/05\/8927-LINEAL-13W-R7S-118MM-220V-160o-LED-de-Beneito-Faure.jpg","datePublished":"2018-05-15T10:23:23+00:00","description":"La l\u00e1mpara LED lineal tubular 13W Beneito Faure ofrece luz potente y de calidad para conexiones R7S. Construcci\u00f3n optimizada para m\u00e1xima eficiencia.","breadcrumb":{"@id":"https:\/\/ledsolintel.com\/product\/lineal-13w-r7s-118mm-220v-160-led-de-beneito-faure\/#breadcrumb"},"inLanguage":"fr-FR","potentialAction":[{"@type":"ReadAction","target":["https:\/\/ledsolintel.com\/product\/lineal-13w-r7s-118mm-220v-160-led-de-beneito-faure\/"]}]},{"@type":"ImageObject","inLanguage":"fr-FR","@id":"https:\/\/ledsolintel.com\/product\/lineal-13w-r7s-118mm-220v-160-led-de-beneito-faure\/#primaryimage","url":"https:\/\/ledsolintel.com\/wp-content\/uploads\/2018\/05\/8927-LINEAL-13W-R7S-118MM-220V-160o-LED-de-Beneito-Faure.jpg","contentUrl":"https:\/\/ledsolintel.com\/wp-content\/uploads\/2018\/05\/8927-LINEAL-13W-R7S-118MM-220V-160o-LED-de-Beneito-Faure.jpg","caption":"LINEAL 13W R7S 118MM 220V 160\u00ba LED de Beneito Faure"},{"@type":"BreadcrumbList","@id":"https:\/\/ledsolintel.com\/product\/lineal-13w-r7s-118mm-220v-160-led-de-beneito-faure\/#breadcrumb","itemListElement":[{"@type":"ListItem","position":1,"name":"Portada","item":"https:\/\/ledsolintel.com\/fr\/"},{"@type":"ListItem","position":2,"name":"Tienda","item":"https:\/\/ledsolintel.com\/tienda\/"},{"@type":"ListItem","position":3,"name":"LINEAL 13W R7S 118MM 220V 160\u00ba LED de Beneito Faure"}]},{"@type":"WebSite","@id":"https:\/\/ledsolintel.com\/#website","url":"https:\/\/ledsolintel.com\/","name":"Webmenaje","description":"Magasin d'ampoules et de lampes LED pour les professionnels","publisher":{"@id":"https:\/\/ledsolintel.com\/#organization"},"potentialAction":[{"@type":"SearchAction","target":{"@type":"EntryPoint","urlTemplate":"https:\/\/ledsolintel.com\/?s={search_term_string}"},"query-input":{"@type":"PropertyValueSpecification","valueRequired":true,"valueName":"search_term_string"}}],"inLanguage":"fr-FR"},{"@type":"Organization","@id":"https:\/\/ledsolintel.com\/#organization","name":"Solintel Noroeste, S.L.","url":"https:\/\/ledsolintel.com\/","logo":{"@type":"ImageObject","inLanguage":"fr-FR","@id":"https:\/\/ledsolintel.com\/#\/schema\/logo\/image\/","url":"https:\/\/ledsolintel.com\/wp-content\/uploads\/2024\/11\/webmenaje-logo-1508269066.jpg","contentUrl":"https:\/\/ledsolintel.com\/wp-content\/uploads\/2024\/11\/webmenaje-logo-1508269066.jpg","width":370,"height":90,"caption":"Solintel Noroeste, S.L."},"image":{"@id":"https:\/\/ledsolintel.com\/#\/schema\/logo\/image\/"},"sameAs":["http:\/\/www.facebook.com\/webmenaje","https:\/\/x.com\/webmenaje","https:\/\/www.youtube.com\/channel\/UCX2KoVoeCG4LocZjUc6LmSQ","http:\/\/www.pinterest.com\/webmenaje"]}]}},"_links":{"self":[{"href":"https:\/\/ledsolintel.com\/fr\/wp-json\/wp\/v2\/product\/241972","targetHints":{"allow":["GET"]}}],"collection":[{"href":"https:\/\/ledsolintel.com\/fr\/wp-json\/wp\/v2\/product"}],"about":[{"href":"https:\/\/ledsolintel.com\/fr\/wp-json\/wp\/v2\/types\/product"}],"version-history":[{"count":0,"href":"https:\/\/ledsolintel.com\/fr\/wp-json\/wp\/v2\/product\/241972\/revisions"}],"wp:featuredmedia":[{"embeddable":true,"href":"https:\/\/ledsolintel.com\/fr\/wp-json\/wp\/v2\/media\/241970"}],"wp:attachment":[{"href":"https:\/\/ledsolintel.com\/fr\/wp-json\/wp\/v2\/media?parent=241972"}],"wp:term":[{"taxonomy":"product_brand","embeddable":true,"href":"https:\/\/ledsolintel.com\/fr\/wp-json\/wp\/v2\/product_brand?post=241972"},{"taxonomy":"product_cat","embeddable":true,"href":"https:\/\/ledsolintel.com\/fr\/wp-json\/wp\/v2\/product_cat?post=241972"},{"taxonomy":"product_tag","embeddable":true,"href":"https:\/\/ledsolintel.com\/fr\/wp-json\/wp\/v2\/product_tag?post=241972"}],"curies":[{"name":"wp","href":"https:\/\/api.w.org\/{rel}","templated":true}]}}