{"id":241863,"date":"2018-03-22T14:08:17","date_gmt":"2018-03-22T13:08:17","guid":{"rendered":"https:\/\/nueva.ledsolintel.com\/product\/ventilador-con-luz-cocos-de-faro\/"},"modified":"2018-03-22T14:08:17","modified_gmt":"2018-03-22T13:08:17","slug":"eventail-avec-phare-lumiere-de-noix-de-coco","status":"publish","type":"product","link":"https:\/\/ledsolintel.com\/fr\/produit-2\/eventail-avec-phare-lumiere-de-noix-de-coco\/","title":{"rendered":"Ventilateur avec lumi\u00e8re COCOS by Faro Barcelona"},"content":{"rendered":"<h1>Ventilateur avec lumi\u00e8re COCOS by Faro Barcelona<\/h1>\n<p>\u00a0<\/p>\n<h3>Caract\u00e9ristiques :<\/h3>\n<p>Ventilateur :<\/p>\n<ul>\n<li>Fabriqu\u00e9 en acier et en ABS.<\/li>\n<li>5 lames<\/li>\n<li>Diam\u00e8tre : 1,37 m<\/li>\n<li>Couleur de la carrosserie : blanc<\/li>\n<li>Couleur des lames : blanc<\/li>\n<li>RPM : 66 \u00e0 146 (6 vitesses)<\/li>\n<li>Puissance : 7 \u00e0 29 W<\/li>\n<li>Tension : 230 V \/ 50 Hz<\/li>\n<li>Poids : 7,93 kg<\/li>\n<li>D\u00e9bit d'air : 234 m<sup>3<\/sup> \/ 8266 CFM<\/li>\n<\/ul>\n<p>\u00a0<\/p>\n<p>Lampe :<\/p>\n<ul>\n<li>Diffuseur en polycarbonate opale<\/li>\n<li>Puissance : 20W<\/li>\n<li>Luminosit\u00e9 : 1800 lumens<\/li>\n<li>Temp\u00e9rature de couleur : blanc chaud 3000K<\/li>\n<li>IRC &gt; 80<\/li>\n<\/ul>","protected":false},"excerpt":{"rendered":"<p>Le ventilateur Cocos de Faro pr\u00e9sente un design \u00e9pur\u00e9 et moderne avec une finition blanche et des courbes douces. Avec sa grande taille, il est parfait pour les salons clairs, et sa lampe LED de 20W en fait une source de lumi\u00e8re tr\u00e8s puissante et \u00e9conomique.<\/p>\n<p>6 vitesses t\u00e9l\u00e9command\u00e9es et fonction \u00e9t\u00e9\/hiver.<\/p>","protected":false},"featured_media":241859,"template":"","meta":[],"product_brand":[99359],"product_cat":[99641,99899],"product_tag":[],"class_list":{"0":"post-241863","1":"product","2":"type-product","3":"status-publish","4":"has-post-thumbnail","6":"product_brand-faro-barcelona","7":"product_cat-ventiladores-grandes","8":"product_cat-ventiladores-con-luz-grandes","11":"instock","12":"taxable","13":"shipping-taxable","14":"purchasable","15":"product-type-simple"},"yoast_head":"<!-- This site is optimized with the Yoast SEO plugin v26.6 - https:\/\/yoast.com\/wordpress\/plugins\/seo\/ -->\n<title>Ventilador con luz COCOS de Faro Barcelona<\/title>\n<meta name=\"description\" content=\"El ventilador Cocos de Faro Barcelona presenta un dise\u00f1o limpio y moderno, con acabado blanco y curvas suaves. Luz muy potente, perfecto para salones claros\" \/>\n<meta name=\"robots\" content=\"index, follow, max-snippet:-1, max-image-preview:large, max-video-preview:-1\" \/>\n<link rel=\"canonical\" href=\"https:\/\/ledsolintel.com\/fr\/produit-2\/eventail-avec-phare-lumiere-de-noix-de-coco\/\" \/>\n<meta property=\"og:locale\" content=\"fr_FR\" \/>\n<meta property=\"og:type\" content=\"article\" \/>\n<meta property=\"og:title\" content=\"Ventilador con luz COCOS de Faro Barcelona\" \/>\n<meta property=\"og:description\" content=\"El ventilador Cocos de Faro Barcelona presenta un dise\u00f1o limpio y moderno, con acabado blanco y curvas suaves. Luz muy potente, perfecto para salones claros\" \/>\n<meta property=\"og:url\" content=\"https:\/\/ledsolintel.com\/fr\/produit-2\/eventail-avec-phare-lumiere-de-noix-de-coco\/\" \/>\n<meta property=\"og:site_name\" content=\"Ledsolintel\" \/>\n<meta property=\"article:publisher\" content=\"http:\/\/www.facebook.com\/webmenaje\" \/>\n<meta property=\"og:image\" content=\"https:\/\/ledsolintel.com\/wp-content\/uploads\/2018\/03\/7733-Ventilador-con-luz-COCOS-de-Faro.jpg\" \/>\n\t<meta property=\"og:image:width\" content=\"1\" \/>\n\t<meta property=\"og:image:height\" content=\"1\" \/>\n\t<meta property=\"og:image:type\" content=\"image\/jpeg\" \/>\n<meta name=\"twitter:card\" content=\"summary_large_image\" \/>\n<meta name=\"twitter:site\" content=\"@webmenaje\" \/>\n<script type=\"application\/ld+json\" class=\"yoast-schema-graph\">{\"@context\":\"https:\/\/schema.org\",\"@graph\":[{\"@type\":\"WebPage\",\"@id\":\"https:\/\/ledsolintel.com\/product\/ventilador-con-luz-cocos-de-faro\/\",\"url\":\"https:\/\/ledsolintel.com\/product\/ventilador-con-luz-cocos-de-faro\/\",\"name\":\"Ventilador con luz COCOS de Faro Barcelona\",\"isPartOf\":{\"@id\":\"https:\/\/ledsolintel.com\/#website\"},\"primaryImageOfPage\":{\"@id\":\"https:\/\/ledsolintel.com\/product\/ventilador-con-luz-cocos-de-faro\/#primaryimage\"},\"image\":{\"@id\":\"https:\/\/ledsolintel.com\/product\/ventilador-con-luz-cocos-de-faro\/#primaryimage\"},\"thumbnailUrl\":\"https:\/\/ledsolintel.com\/wp-content\/uploads\/2018\/03\/7733-Ventilador-con-luz-COCOS-de-Faro.jpg\",\"datePublished\":\"2018-03-22T13:08:17+00:00\",\"description\":\"El ventilador Cocos de Faro Barcelona presenta un dise\u00f1o limpio y moderno, con acabado blanco y curvas suaves. Luz muy potente, perfecto para salones claros\",\"breadcrumb\":{\"@id\":\"https:\/\/ledsolintel.com\/product\/ventilador-con-luz-cocos-de-faro\/#breadcrumb\"},\"inLanguage\":\"fr-FR\",\"potentialAction\":[{\"@type\":\"ReadAction\",\"target\":[\"https:\/\/ledsolintel.com\/product\/ventilador-con-luz-cocos-de-faro\/\"]}]},{\"@type\":\"ImageObject\",\"inLanguage\":\"fr-FR\",\"@id\":\"https:\/\/ledsolintel.com\/product\/ventilador-con-luz-cocos-de-faro\/#primaryimage\",\"url\":\"https:\/\/ledsolintel.com\/wp-content\/uploads\/2018\/03\/7733-Ventilador-con-luz-COCOS-de-Faro.jpg\",\"contentUrl\":\"https:\/\/ledsolintel.com\/wp-content\/uploads\/2018\/03\/7733-Ventilador-con-luz-COCOS-de-Faro.jpg\",\"caption\":\"Ventilador con luz COCOS de Faro\"},{\"@type\":\"BreadcrumbList\",\"@id\":\"https:\/\/ledsolintel.com\/product\/ventilador-con-luz-cocos-de-faro\/#breadcrumb\",\"itemListElement\":[{\"@type\":\"ListItem\",\"position\":1,\"name\":\"Portada\",\"item\":\"https:\/\/ledsolintel.com\/fr\/\"},{\"@type\":\"ListItem\",\"position\":2,\"name\":\"Tienda\",\"item\":\"https:\/\/ledsolintel.com\/tienda\/\"},{\"@type\":\"ListItem\",\"position\":3,\"name\":\"Ventilador con luz COCOS de Faro Barcelona\"}]},{\"@type\":\"WebSite\",\"@id\":\"https:\/\/ledsolintel.com\/#website\",\"url\":\"https:\/\/ledsolintel.com\/\",\"name\":\"Webmenaje\",\"description\":\"Tienda de bombillas y l\u00e1mparas LED para profesionales\",\"publisher\":{\"@id\":\"https:\/\/ledsolintel.com\/#organization\"},\"potentialAction\":[{\"@type\":\"SearchAction\",\"target\":{\"@type\":\"EntryPoint\",\"urlTemplate\":\"https:\/\/ledsolintel.com\/?s={search_term_string}\"},\"query-input\":{\"@type\":\"PropertyValueSpecification\",\"valueRequired\":true,\"valueName\":\"search_term_string\"}}],\"inLanguage\":\"fr-FR\"},{\"@type\":\"Organization\",\"@id\":\"https:\/\/ledsolintel.com\/#organization\",\"name\":\"Solintel Noroeste, S.L.\",\"url\":\"https:\/\/ledsolintel.com\/\",\"logo\":{\"@type\":\"ImageObject\",\"inLanguage\":\"fr-FR\",\"@id\":\"https:\/\/ledsolintel.com\/#\/schema\/logo\/image\/\",\"url\":\"https:\/\/ledsolintel.com\/wp-content\/uploads\/2024\/11\/webmenaje-logo-1508269066.jpg\",\"contentUrl\":\"https:\/\/ledsolintel.com\/wp-content\/uploads\/2024\/11\/webmenaje-logo-1508269066.jpg\",\"width\":370,\"height\":90,\"caption\":\"Solintel Noroeste, S.L.\"},\"image\":{\"@id\":\"https:\/\/ledsolintel.com\/#\/schema\/logo\/image\/\"},\"sameAs\":[\"http:\/\/www.facebook.com\/webmenaje\",\"https:\/\/x.com\/webmenaje\",\"https:\/\/www.youtube.com\/channel\/UCX2KoVoeCG4LocZjUc6LmSQ\",\"http:\/\/www.pinterest.com\/webmenaje\"]}]}<\/script>\n<!-- \/ Yoast SEO plugin. -->","yoast_head_json":{"title":"Ventilateur avec lumi\u00e8re COCOS by Faro Barcelona","description":"Le ventilateur Cocos de Faro Barcelona pr\u00e9sente un design \u00e9pur\u00e9 et moderne, avec une finition blanche et des courbes douces. La lumi\u00e8re est tr\u00e8s puissante, parfaite pour les salons lumineux.","robots":{"index":"index","follow":"follow","max-snippet":"max-snippet:-1","max-image-preview":"max-image-preview:large","max-video-preview":"max-video-preview:-1"},"canonical":"https:\/\/ledsolintel.com\/fr\/produit-2\/eventail-avec-phare-lumiere-de-noix-de-coco\/","og_locale":"fr_FR","og_type":"article","og_title":"Ventilador con luz COCOS de Faro Barcelona","og_description":"El ventilador Cocos de Faro Barcelona presenta un dise\u00f1o limpio y moderno, con acabado blanco y curvas suaves. Luz muy potente, perfecto para salones claros","og_url":"https:\/\/ledsolintel.com\/fr\/produit-2\/eventail-avec-phare-lumiere-de-noix-de-coco\/","og_site_name":"Ledsolintel","article_publisher":"http:\/\/www.facebook.com\/webmenaje","og_image":[{"url":"https:\/\/ledsolintel.com\/wp-content\/uploads\/2018\/03\/7733-Ventilador-con-luz-COCOS-de-Faro.jpg","width":1,"height":1,"type":"image\/jpeg"}],"twitter_card":"summary_large_image","twitter_site":"@webmenaje","schema":{"@context":"https:\/\/schema.org","@graph":[{"@type":"WebPage","@id":"https:\/\/ledsolintel.com\/product\/ventilador-con-luz-cocos-de-faro\/","url":"https:\/\/ledsolintel.com\/product\/ventilador-con-luz-cocos-de-faro\/","name":"Ventilateur avec lumi\u00e8re COCOS by Faro Barcelona","isPartOf":{"@id":"https:\/\/ledsolintel.com\/#website"},"primaryImageOfPage":{"@id":"https:\/\/ledsolintel.com\/product\/ventilador-con-luz-cocos-de-faro\/#primaryimage"},"image":{"@id":"https:\/\/ledsolintel.com\/product\/ventilador-con-luz-cocos-de-faro\/#primaryimage"},"thumbnailUrl":"https:\/\/ledsolintel.com\/wp-content\/uploads\/2018\/03\/7733-Ventilador-con-luz-COCOS-de-Faro.jpg","datePublished":"2018-03-22T13:08:17+00:00","description":"Le ventilateur Cocos de Faro Barcelona pr\u00e9sente un design \u00e9pur\u00e9 et moderne, avec une finition blanche et des courbes douces. La lumi\u00e8re est tr\u00e8s puissante, parfaite pour les salons lumineux.","breadcrumb":{"@id":"https:\/\/ledsolintel.com\/product\/ventilador-con-luz-cocos-de-faro\/#breadcrumb"},"inLanguage":"fr-FR","potentialAction":[{"@type":"ReadAction","target":["https:\/\/ledsolintel.com\/product\/ventilador-con-luz-cocos-de-faro\/"]}]},{"@type":"ImageObject","inLanguage":"fr-FR","@id":"https:\/\/ledsolintel.com\/product\/ventilador-con-luz-cocos-de-faro\/#primaryimage","url":"https:\/\/ledsolintel.com\/wp-content\/uploads\/2018\/03\/7733-Ventilador-con-luz-COCOS-de-Faro.jpg","contentUrl":"https:\/\/ledsolintel.com\/wp-content\/uploads\/2018\/03\/7733-Ventilador-con-luz-COCOS-de-Faro.jpg","caption":"Ventilador con luz COCOS de Faro"},{"@type":"BreadcrumbList","@id":"https:\/\/ledsolintel.com\/product\/ventilador-con-luz-cocos-de-faro\/#breadcrumb","itemListElement":[{"@type":"ListItem","position":1,"name":"Portada","item":"https:\/\/ledsolintel.com\/fr\/"},{"@type":"ListItem","position":2,"name":"Tienda","item":"https:\/\/ledsolintel.com\/tienda\/"},{"@type":"ListItem","position":3,"name":"Ventilador con luz COCOS de Faro Barcelona"}]},{"@type":"WebSite","@id":"https:\/\/ledsolintel.com\/#website","url":"https:\/\/ledsolintel.com\/","name":"Webmenaje","description":"Magasin d'ampoules et de lampes LED pour les professionnels","publisher":{"@id":"https:\/\/ledsolintel.com\/#organization"},"potentialAction":[{"@type":"SearchAction","target":{"@type":"EntryPoint","urlTemplate":"https:\/\/ledsolintel.com\/?s={search_term_string}"},"query-input":{"@type":"PropertyValueSpecification","valueRequired":true,"valueName":"search_term_string"}}],"inLanguage":"fr-FR"},{"@type":"Organization","@id":"https:\/\/ledsolintel.com\/#organization","name":"Solintel Noroeste, S.L.","url":"https:\/\/ledsolintel.com\/","logo":{"@type":"ImageObject","inLanguage":"fr-FR","@id":"https:\/\/ledsolintel.com\/#\/schema\/logo\/image\/","url":"https:\/\/ledsolintel.com\/wp-content\/uploads\/2024\/11\/webmenaje-logo-1508269066.jpg","contentUrl":"https:\/\/ledsolintel.com\/wp-content\/uploads\/2024\/11\/webmenaje-logo-1508269066.jpg","width":370,"height":90,"caption":"Solintel Noroeste, S.L."},"image":{"@id":"https:\/\/ledsolintel.com\/#\/schema\/logo\/image\/"},"sameAs":["http:\/\/www.facebook.com\/webmenaje","https:\/\/x.com\/webmenaje","https:\/\/www.youtube.com\/channel\/UCX2KoVoeCG4LocZjUc6LmSQ","http:\/\/www.pinterest.com\/webmenaje"]}]}},"_links":{"self":[{"href":"https:\/\/ledsolintel.com\/fr\/wp-json\/wp\/v2\/product\/241863","targetHints":{"allow":["GET"]}}],"collection":[{"href":"https:\/\/ledsolintel.com\/fr\/wp-json\/wp\/v2\/product"}],"about":[{"href":"https:\/\/ledsolintel.com\/fr\/wp-json\/wp\/v2\/types\/product"}],"version-history":[{"count":0,"href":"https:\/\/ledsolintel.com\/fr\/wp-json\/wp\/v2\/product\/241863\/revisions"}],"wp:featuredmedia":[{"embeddable":true,"href":"https:\/\/ledsolintel.com\/fr\/wp-json\/wp\/v2\/media\/241859"}],"wp:attachment":[{"href":"https:\/\/ledsolintel.com\/fr\/wp-json\/wp\/v2\/media?parent=241863"}],"wp:term":[{"taxonomy":"product_brand","embeddable":true,"href":"https:\/\/ledsolintel.com\/fr\/wp-json\/wp\/v2\/product_brand?post=241863"},{"taxonomy":"product_cat","embeddable":true,"href":"https:\/\/ledsolintel.com\/fr\/wp-json\/wp\/v2\/product_cat?post=241863"},{"taxonomy":"product_tag","embeddable":true,"href":"https:\/\/ledsolintel.com\/fr\/wp-json\/wp\/v2\/product_tag?post=241863"}],"curies":[{"name":"wp","href":"https:\/\/api.w.org\/{rel}","templated":true}]}}