{"id":241845,"date":"2018-03-15T22:49:43","date_gmt":"2018-03-15T21:49:43","guid":{"rendered":"https:\/\/nueva.ledsolintel.com\/product\/foco-de-carril-04-profesional-35w-de-roblan\/"},"modified":"2018-03-15T22:49:43","modified_gmt":"2018-03-15T21:49:43","slug":"roblan-track-spotlight-04-professional-35w","status":"publish","type":"product","link":"https:\/\/ledsolintel.com\/fr\/produit-2\/roblan-track-spotlight-04-professional-35w\/","title":{"rendered":"Projecteur sur rail Roblan 04 professional 35W"},"content":{"rendered":"<h3>Caract\u00e9ristiques :<\/h3>\n<ul>\n<li>Puissance : 35W<\/li>\n<li>Tension : 220-240V \/ 50-60 Hz<\/li>\n<li>Luminosit\u00e9 : 4200 lumens<\/li>\n<li>Optique : 36<\/li>\n<li>Temp\u00e9rature de couleur :\u00a0\n<ul>\n<li>Blanc chaud 3000K<\/li>\n<li>Blanc naturel 4000K<\/li>\n<\/ul>\n<\/li>\n<li>Dur\u00e9e de vie (heures) : 30000<\/li>\n<li>Protection IP20<\/li>\n<li>Protection IK02<\/li>\n<li>C.R.I. &gt; 80<\/li>\n<li>Dimensions (mm) : 199x178x93<\/li>\n<li>Facteur de puissance &gt;0,9<\/li>\n<\/ul>","protected":false},"excerpt":{"rendered":"<p>Projecteur sur rail Roblan professional 04 35W. Haute luminosit\u00e9 dans un angle \u00e9troit, parfait pour \u00e9clairer des zones sp\u00e9cifiques telles que les couloirs, les meubles ou les vitrines. Rendement \u00e9lev\u00e9 et facteur de puissance optimis\u00e9.<\/p>\n<p>Disponible en deux teintes de lumi\u00e8re et deux finitions.<\/p>","protected":false},"featured_media":241843,"template":"","meta":[],"product_brand":[99355],"product_cat":[99891,99929],"product_tag":[],"class_list":{"0":"post-241845","1":"product","2":"type-product","3":"status-publish","4":"has-post-thumbnail","6":"product_brand-roblan","7":"product_cat-focos-de-carril","8":"product_cat-focos-de-carril-de-superficie-y-empotrables-focos-de-carril","9":"pa_acabado-blanco","10":"pa_acabado-negro","11":"pa_cct-3000k","12":"pa_cct-4000k","15":"instock","16":"taxable","17":"shipping-taxable","18":"purchasable","19":"product-type-variable","20":"has-default-attributes"},"yoast_head":"<!-- This site is optimized with the Yoast SEO plugin v27.4 - https:\/\/yoast.com\/product\/yoast-seo-wordpress\/ -->\n<title>Foco de carril 04 profesional 35W de Roblan<\/title>\n<meta name=\"description\" content=\"Foco de carril 04 profesional 35W de Roblan. Alta luminosidad en un \u00e1ngulo cerrado, perfecto para la iluminaci\u00f3n de zonas concretas como pasillos o vitrinas\" \/>\n<meta name=\"robots\" content=\"index, follow, max-snippet:-1, max-image-preview:large, max-video-preview:-1\" \/>\n<link rel=\"canonical\" href=\"https:\/\/ledsolintel.com\/fr\/produit-2\/roblan-track-spotlight-04-professional-35w\/\" \/>\n<meta property=\"og:locale\" content=\"fr_FR\" \/>\n<meta property=\"og:type\" content=\"article\" \/>\n<meta property=\"og:title\" content=\"Foco de carril 04 profesional 35W de Roblan\" \/>\n<meta property=\"og:description\" content=\"Foco de carril 04 profesional 35W de Roblan. Alta luminosidad en un \u00e1ngulo cerrado, perfecto para la iluminaci\u00f3n de zonas concretas como pasillos o vitrinas\" \/>\n<meta property=\"og:url\" content=\"https:\/\/ledsolintel.com\/fr\/produit-2\/roblan-track-spotlight-04-professional-35w\/\" \/>\n<meta property=\"og:site_name\" content=\"Ledsolintel\" \/>\n<meta property=\"article:publisher\" content=\"http:\/\/www.facebook.com\/webmenaje\" \/>\n<meta property=\"og:image\" content=\"https:\/\/ledsolintel.com\/wp-content\/uploads\/2018\/03\/7806-Foco-de-carril-04-profesional-35W-de-Roblan.jpg\" \/>\n\t<meta property=\"og:image:width\" content=\"1\" \/>\n\t<meta property=\"og:image:height\" content=\"1\" \/>\n\t<meta property=\"og:image:type\" content=\"image\/jpeg\" \/>\n<meta name=\"twitter:card\" content=\"summary_large_image\" \/>\n<meta name=\"twitter:site\" content=\"@webmenaje\" \/>\n<script type=\"application\/ld+json\" class=\"yoast-schema-graph\">{\"@context\":\"https:\\\/\\\/schema.org\",\"@graph\":[{\"@type\":\"WebPage\",\"@id\":\"https:\\\/\\\/ledsolintel.com\\\/product\\\/foco-de-carril-04-profesional-35w-de-roblan\\\/\",\"url\":\"https:\\\/\\\/ledsolintel.com\\\/product\\\/foco-de-carril-04-profesional-35w-de-roblan\\\/\",\"name\":\"Foco de carril 04 profesional 35W de Roblan\",\"isPartOf\":{\"@id\":\"https:\\\/\\\/ledsolintel.com\\\/#website\"},\"primaryImageOfPage\":{\"@id\":\"https:\\\/\\\/ledsolintel.com\\\/product\\\/foco-de-carril-04-profesional-35w-de-roblan\\\/#primaryimage\"},\"image\":{\"@id\":\"https:\\\/\\\/ledsolintel.com\\\/product\\\/foco-de-carril-04-profesional-35w-de-roblan\\\/#primaryimage\"},\"thumbnailUrl\":\"https:\\\/\\\/ledsolintel.com\\\/wp-content\\\/uploads\\\/2018\\\/03\\\/7806-Foco-de-carril-04-profesional-35W-de-Roblan.jpg\",\"datePublished\":\"2018-03-15T21:49:43+00:00\",\"description\":\"Foco de carril 04 profesional 35W de Roblan. Alta luminosidad en un \u00e1ngulo cerrado, perfecto para la iluminaci\u00f3n de zonas concretas como pasillos o vitrinas\",\"breadcrumb\":{\"@id\":\"https:\\\/\\\/ledsolintel.com\\\/product\\\/foco-de-carril-04-profesional-35w-de-roblan\\\/#breadcrumb\"},\"inLanguage\":\"fr-FR\",\"potentialAction\":[{\"@type\":\"ReadAction\",\"target\":[\"https:\\\/\\\/ledsolintel.com\\\/product\\\/foco-de-carril-04-profesional-35w-de-roblan\\\/\"]}]},{\"@type\":\"ImageObject\",\"inLanguage\":\"fr-FR\",\"@id\":\"https:\\\/\\\/ledsolintel.com\\\/product\\\/foco-de-carril-04-profesional-35w-de-roblan\\\/#primaryimage\",\"url\":\"https:\\\/\\\/ledsolintel.com\\\/wp-content\\\/uploads\\\/2018\\\/03\\\/7806-Foco-de-carril-04-profesional-35W-de-Roblan.jpg\",\"contentUrl\":\"https:\\\/\\\/ledsolintel.com\\\/wp-content\\\/uploads\\\/2018\\\/03\\\/7806-Foco-de-carril-04-profesional-35W-de-Roblan.jpg\",\"caption\":\"Foco de carril 04 profesional 35W de Roblan\"},{\"@type\":\"BreadcrumbList\",\"@id\":\"https:\\\/\\\/ledsolintel.com\\\/product\\\/foco-de-carril-04-profesional-35w-de-roblan\\\/#breadcrumb\",\"itemListElement\":[{\"@type\":\"ListItem\",\"position\":1,\"name\":\"Portada\",\"item\":\"https:\\\/\\\/ledsolintel.com\\\/fr\\\/\"},{\"@type\":\"ListItem\",\"position\":2,\"name\":\"Tienda\",\"item\":\"https:\\\/\\\/ledsolintel.com\\\/tienda\\\/\"},{\"@type\":\"ListItem\",\"position\":3,\"name\":\"Foco de carril 04 profesional 35W de Roblan\"}]},{\"@type\":\"WebSite\",\"@id\":\"https:\\\/\\\/ledsolintel.com\\\/#website\",\"url\":\"https:\\\/\\\/ledsolintel.com\\\/\",\"name\":\"Webmenaje\",\"description\":\"Tienda de bombillas y l\u00e1mparas LED para profesionales\",\"publisher\":{\"@id\":\"https:\\\/\\\/ledsolintel.com\\\/#organization\"},\"potentialAction\":[{\"@type\":\"SearchAction\",\"target\":{\"@type\":\"EntryPoint\",\"urlTemplate\":\"https:\\\/\\\/ledsolintel.com\\\/?s={search_term_string}\"},\"query-input\":{\"@type\":\"PropertyValueSpecification\",\"valueRequired\":true,\"valueName\":\"search_term_string\"}}],\"inLanguage\":\"fr-FR\"},{\"@type\":\"Organization\",\"@id\":\"https:\\\/\\\/ledsolintel.com\\\/#organization\",\"name\":\"Solintel Noroeste, S.L.\",\"url\":\"https:\\\/\\\/ledsolintel.com\\\/\",\"logo\":{\"@type\":\"ImageObject\",\"inLanguage\":\"fr-FR\",\"@id\":\"https:\\\/\\\/ledsolintel.com\\\/#\\\/schema\\\/logo\\\/image\\\/\",\"url\":\"https:\\\/\\\/ledsolintel.com\\\/wp-content\\\/uploads\\\/2024\\\/11\\\/webmenaje-logo-1508269066.jpg\",\"contentUrl\":\"https:\\\/\\\/ledsolintel.com\\\/wp-content\\\/uploads\\\/2024\\\/11\\\/webmenaje-logo-1508269066.jpg\",\"width\":370,\"height\":90,\"caption\":\"Solintel Noroeste, S.L.\"},\"image\":{\"@id\":\"https:\\\/\\\/ledsolintel.com\\\/#\\\/schema\\\/logo\\\/image\\\/\"},\"sameAs\":[\"http:\\\/\\\/www.facebook.com\\\/webmenaje\",\"https:\\\/\\\/x.com\\\/webmenaje\",\"https:\\\/\\\/www.youtube.com\\\/channel\\\/UCX2KoVoeCG4LocZjUc6LmSQ\",\"http:\\\/\\\/www.pinterest.com\\\/webmenaje\"]}]}<\/script>\n<!-- \/ Yoast SEO plugin. -->","yoast_head_json":{"title":"Projecteur sur rail Roblan 04 professional 35W","description":"Projecteur sur rail Roblan professional 04 35W. Haute luminosit\u00e9 dans un angle \u00e9troit, parfait pour l'\u00e9clairage de zones sp\u00e9cifiques telles que les couloirs ou les vitrines.","robots":{"index":"index","follow":"follow","max-snippet":"max-snippet:-1","max-image-preview":"max-image-preview:large","max-video-preview":"max-video-preview:-1"},"canonical":"https:\/\/ledsolintel.com\/fr\/produit-2\/roblan-track-spotlight-04-professional-35w\/","og_locale":"fr_FR","og_type":"article","og_title":"Foco de carril 04 profesional 35W de Roblan","og_description":"Foco de carril 04 profesional 35W de Roblan. Alta luminosidad en un \u00e1ngulo cerrado, perfecto para la iluminaci\u00f3n de zonas concretas como pasillos o vitrinas","og_url":"https:\/\/ledsolintel.com\/fr\/produit-2\/roblan-track-spotlight-04-professional-35w\/","og_site_name":"Ledsolintel","article_publisher":"http:\/\/www.facebook.com\/webmenaje","og_image":[{"url":"https:\/\/ledsolintel.com\/wp-content\/uploads\/2018\/03\/7806-Foco-de-carril-04-profesional-35W-de-Roblan.jpg","width":1,"height":1,"type":"image\/jpeg"}],"twitter_card":"summary_large_image","twitter_site":"@webmenaje","schema":{"@context":"https:\/\/schema.org","@graph":[{"@type":"WebPage","@id":"https:\/\/ledsolintel.com\/product\/foco-de-carril-04-profesional-35w-de-roblan\/","url":"https:\/\/ledsolintel.com\/product\/foco-de-carril-04-profesional-35w-de-roblan\/","name":"Projecteur sur rail Roblan 04 professional 35W","isPartOf":{"@id":"https:\/\/ledsolintel.com\/#website"},"primaryImageOfPage":{"@id":"https:\/\/ledsolintel.com\/product\/foco-de-carril-04-profesional-35w-de-roblan\/#primaryimage"},"image":{"@id":"https:\/\/ledsolintel.com\/product\/foco-de-carril-04-profesional-35w-de-roblan\/#primaryimage"},"thumbnailUrl":"https:\/\/ledsolintel.com\/wp-content\/uploads\/2018\/03\/7806-Foco-de-carril-04-profesional-35W-de-Roblan.jpg","datePublished":"2018-03-15T21:49:43+00:00","description":"Projecteur sur rail Roblan professional 04 35W. Haute luminosit\u00e9 dans un angle \u00e9troit, parfait pour l'\u00e9clairage de zones sp\u00e9cifiques telles que les couloirs ou les vitrines.","breadcrumb":{"@id":"https:\/\/ledsolintel.com\/product\/foco-de-carril-04-profesional-35w-de-roblan\/#breadcrumb"},"inLanguage":"fr-FR","potentialAction":[{"@type":"ReadAction","target":["https:\/\/ledsolintel.com\/product\/foco-de-carril-04-profesional-35w-de-roblan\/"]}]},{"@type":"ImageObject","inLanguage":"fr-FR","@id":"https:\/\/ledsolintel.com\/product\/foco-de-carril-04-profesional-35w-de-roblan\/#primaryimage","url":"https:\/\/ledsolintel.com\/wp-content\/uploads\/2018\/03\/7806-Foco-de-carril-04-profesional-35W-de-Roblan.jpg","contentUrl":"https:\/\/ledsolintel.com\/wp-content\/uploads\/2018\/03\/7806-Foco-de-carril-04-profesional-35W-de-Roblan.jpg","caption":"Foco de carril 04 profesional 35W de Roblan"},{"@type":"BreadcrumbList","@id":"https:\/\/ledsolintel.com\/product\/foco-de-carril-04-profesional-35w-de-roblan\/#breadcrumb","itemListElement":[{"@type":"ListItem","position":1,"name":"Portada","item":"https:\/\/ledsolintel.com\/fr\/"},{"@type":"ListItem","position":2,"name":"Tienda","item":"https:\/\/ledsolintel.com\/tienda\/"},{"@type":"ListItem","position":3,"name":"Foco de carril 04 profesional 35W de Roblan"}]},{"@type":"WebSite","@id":"https:\/\/ledsolintel.com\/#website","url":"https:\/\/ledsolintel.com\/","name":"Webmenaje","description":"Magasin d'ampoules et de lampes LED pour les professionnels","publisher":{"@id":"https:\/\/ledsolintel.com\/#organization"},"potentialAction":[{"@type":"SearchAction","target":{"@type":"EntryPoint","urlTemplate":"https:\/\/ledsolintel.com\/?s={search_term_string}"},"query-input":{"@type":"PropertyValueSpecification","valueRequired":true,"valueName":"search_term_string"}}],"inLanguage":"fr-FR"},{"@type":"Organization","@id":"https:\/\/ledsolintel.com\/#organization","name":"Solintel Noroeste, S.L.","url":"https:\/\/ledsolintel.com\/","logo":{"@type":"ImageObject","inLanguage":"fr-FR","@id":"https:\/\/ledsolintel.com\/#\/schema\/logo\/image\/","url":"https:\/\/ledsolintel.com\/wp-content\/uploads\/2024\/11\/webmenaje-logo-1508269066.jpg","contentUrl":"https:\/\/ledsolintel.com\/wp-content\/uploads\/2024\/11\/webmenaje-logo-1508269066.jpg","width":370,"height":90,"caption":"Solintel Noroeste, S.L."},"image":{"@id":"https:\/\/ledsolintel.com\/#\/schema\/logo\/image\/"},"sameAs":["http:\/\/www.facebook.com\/webmenaje","https:\/\/x.com\/webmenaje","https:\/\/www.youtube.com\/channel\/UCX2KoVoeCG4LocZjUc6LmSQ","http:\/\/www.pinterest.com\/webmenaje"]}]}},"_links":{"self":[{"href":"https:\/\/ledsolintel.com\/fr\/wp-json\/wp\/v2\/product\/241845","targetHints":{"allow":["GET"]}}],"collection":[{"href":"https:\/\/ledsolintel.com\/fr\/wp-json\/wp\/v2\/product"}],"about":[{"href":"https:\/\/ledsolintel.com\/fr\/wp-json\/wp\/v2\/types\/product"}],"version-history":[{"count":0,"href":"https:\/\/ledsolintel.com\/fr\/wp-json\/wp\/v2\/product\/241845\/revisions"}],"wp:featuredmedia":[{"embeddable":true,"href":"https:\/\/ledsolintel.com\/fr\/wp-json\/wp\/v2\/media\/241843"}],"wp:attachment":[{"href":"https:\/\/ledsolintel.com\/fr\/wp-json\/wp\/v2\/media?parent=241845"}],"wp:term":[{"taxonomy":"product_brand","embeddable":true,"href":"https:\/\/ledsolintel.com\/fr\/wp-json\/wp\/v2\/product_brand?post=241845"},{"taxonomy":"product_cat","embeddable":true,"href":"https:\/\/ledsolintel.com\/fr\/wp-json\/wp\/v2\/product_cat?post=241845"},{"taxonomy":"product_tag","embeddable":true,"href":"https:\/\/ledsolintel.com\/fr\/wp-json\/wp\/v2\/product_tag?post=241845"}],"curies":[{"name":"wp","href":"https:\/\/api.w.org\/{rel}","templated":true}]}}